{"id":4700,"date":"2022-10-07T07:48:54","date_gmt":"2022-10-07T07:48:54","guid":{"rendered":"http:\/\/test.itson.ee\/sulin\/?post_type=product&#038;p=4700"},"modified":"2026-03-06T08:08:02","modified_gmt":"2026-03-06T08:08:02","slug":"bambino-mio-potitreeningupuksid","status":"publish","type":"product","link":"https:\/\/sulin.ee\/en\/toode\/bambino-mio-potitreeningupuksid\/","title":{"rendered":"Bambino Mio potitreeningup\u00fcksid"},"content":{"rendered":"<p><strong>Bambino Mio potitreeningup\u00fcksid aitavad lapsel teadlikuks saada oma kehafunktsioonidest ning hoiavad kuivana p\u00f5randa, diivani ja riided. P\u00fckse on lihtne \u00fcles-alla t\u00f5mmata, t\u00e4nu millele saab laps ise toimetada ning muutuda seel\u00e4bi iseseisvamaks.<\/strong><\/p>\n<p>Bambino Mio potitreeningup\u00fckste sisse on peidetud veekindel kiht ning imav sisu, mis ei lase p\u00fckstel lekkida. Lapse naha vastas olev pind on kaetud pehme puuvilla kihiga, mis laseb lapsel tunda niiskustunnet, t\u00e4nu millele \u00f5pib laps oma keha tunnetama.<\/p>\n<p>P\u00fcksid on masinas pestavad ning neid v\u00f5ib kuivatada kuivatis madalal temperatuuril.<\/p>\n<p><strong>N\u00f5uanded edukaks potitreeninguks:<\/strong><\/p>\n<p>Kui laps on \u00f5ppinud oma keha tunnetama saad talle selgitada, et ta annaks teada, kui piss tuleb. Nii on v\u00f5imalik pissimise aegu potile ajastada. Oluline on last pidevalt potile suunata ning k\u00fcsida, kas ta tahab pissile. \u00c4ra sunni last potile istuma!<\/p>\n<p>\u00d6\u00f6sel sobivad kasutamiseks\u00a0<strong><a href=\"https:\/\/sulin.ee\/toode\/pop-in-potitreeningupuksid-oised\/\" target=\"_blank\" rel=\"noreferrer noopener\">\u00f6iseid potitreeningup\u00fcksid<\/a><\/strong>, millesse saab vajadusel lisada sisu, et p\u00fcksid imaks rohkem vedelikku. Igaksjuhuks v\u00f5ib madratsi katta <strong><span style=\"color: #0000ff;\"><a style=\"color: #0000ff;\" href=\"https:\/\/sulin.ee\/toode\/jollein-veekindel-lina-erinevad-suurused\/\" target=\"_blank\" rel=\"noopener\">veekindla linaga<\/a><\/span>,<\/strong> et \u00f5nnetuse korral j\u00e4\u00e4ks madrats kuivaks ja voodipesu vahetus oleks lihtsam.<\/p>\n<p>M\u00e4rgade potitreenignup\u00fckste hoiustamiseks pesukordade vahel kasuta korduvkasutatavat\u00a0<strong><a href=\"https:\/\/sulin.ee\/tootekategooria\/beebid\/potitreening-beebid\/lisatarvikud-beebid\/\" target=\"_blank\" rel=\"noreferrer noopener\">niiskuskindlat kotti<\/a>,<\/strong> mis isoleerib l\u00f5hnad ja liigse niiskuse.<\/p>\n<p><strong>NB!<\/strong> Soovitame p\u00fcksid valida pigem m\u00f5\u00f5tude kui kaalu j\u00e4rgi.<\/p>\n<table border=\"1\">\n<tbody>\n<tr>\n<td style=\"text-align: center;\"><strong>Suurus<\/strong><\/td>\n<td style=\"text-align: center;\"><strong>Vanus<\/strong><\/td>\n<td style=\"text-align: center;\"><strong>Kaal<\/strong><\/td>\n<td style=\"text-align: center;\"><strong>K\u00f5hu\u00a0\u00d8<\/strong><\/td>\n<td style=\"text-align: center;\"><strong>Reie\u00a0\u00d8<\/strong><\/td>\n<\/tr>\n<tr>\n<td style=\"text-align: center;\"><strong>1<\/strong><\/td>\n<td>18 &#8211; 24 k<\/td>\n<td>11 &#8211; 13 kg<\/td>\n<td>34 &#8211; 40 cm<\/td>\n<td>26 &#8211; 32 cm<\/td>\n<\/tr>\n<tr>\n<td style=\"text-align: center;\"><strong>2<\/strong><\/td>\n<td>2 &#8211; 3 a<\/td>\n<td>13 &#8211; 15 kg<\/td>\n<td>38 &#8211; 46 cm<\/td>\n<td>28 &#8211; 34 cm<\/td>\n<\/tr>\n<tr>\n<td style=\"text-align: center;\"><strong>3<\/strong><\/td>\n<td>3+ a<\/td>\n<td>15+ kg<\/td>\n<td>39 &#8211; 48 cm<\/td>\n<td>32 &#8211; 40 cm<\/td>\n<\/tr>\n<\/tbody>\n<\/table>\n<p><b>NB!<\/b>\u00a0Potitreeningup\u00fcksid ei asenda m\u00e4hkmeid. Potitreeninguperioodil suuna last regulaarselt potile.<\/p>\n","protected":false},"excerpt":{"rendered":"<p>Bambino Mio potitreeningup\u00fcksid aitavad lapsel teadlikuks saada oma kehafunktsioonidest ning hoiavad kuivana p\u00f5randa, diivani ja riided. P\u00fckse on lihtne \u00fcles-alla t\u00f5mmata, t\u00e4nu millele saab laps ise toimetada ning muutuda seel\u00e4bi iseseisvamaks. Bambino Mio potitreeningup\u00fckste sisse on peidetud veekindel kiht ning imav sisu, mis ei lase p\u00fckstel lekkida. Lapse naha vastas olev pind on kaetud pehme [&hellip;]<\/p>\n","protected":false},"featured_media":12820,"comment_status":"open","ping_status":"closed","template":"","meta":[],"product_brand":[],"product_cat":[190,187,328],"product_tag":[329],"class_list":{"0":"post-4700","1":"product","2":"type-product","3":"status-publish","4":"has-post-thumbnail","6":"product_cat-potitreeningupuksid-beebid","7":"product_cat-potitreeningupuksid","8":"product_cat-bambino-mio","9":"product_tag-bambino-mio","10":"has-post-title","11":"has-post-date","12":"has-post-category","13":"has-post-tag","14":"has-post-comment","15":"has-post-author","16":"","18":"first","19":"instock","20":"sale","21":"taxable","22":"shipping-taxable","23":"purchasable","24":"product-type-variable"},"yoast_head":"<!-- This site is optimized with the Yoast SEO plugin v26.8 - https:\/\/yoast.com\/product\/yoast-seo-wordpress\/ -->\n<title>Bambino Mio potitreeningup\u00fcksid - sulin.ee<\/title>\n<meta name=\"description\" content=\"Bambino Mio potitreeningup\u00fcksid aitavad lapsel teadlikuks saada oma kehafunktsioonidest ning hoiavad kuivana p\u00f5randa, diivani ja riided.\" \/>\n<meta name=\"robots\" content=\"index, follow, max-snippet:-1, max-image-preview:large, max-video-preview:-1\" \/>\n<link rel=\"canonical\" href=\"https:\/\/sulin.ee\/en\/toode\/bambino-mio-potitreeningupuksid\/\" \/>\n<meta property=\"og:locale\" content=\"en_US\" \/>\n<meta property=\"og:type\" content=\"article\" \/>\n<meta property=\"og:title\" content=\"Bambino Mio potitreeningup\u00fcksid - sulin.ee\" \/>\n<meta property=\"og:description\" content=\"Bambino Mio potitreeningup\u00fcksid aitavad lapsel teadlikuks saada oma kehafunktsioonidest ning hoiavad kuivana p\u00f5randa, diivani ja riided.\" \/>\n<meta property=\"og:url\" content=\"https:\/\/sulin.ee\/en\/toode\/bambino-mio-potitreeningupuksid\/\" \/>\n<meta property=\"og:site_name\" content=\"sulin.ee\" \/>\n<meta property=\"article:publisher\" content=\"https:\/\/www.facebook.com\/www.sulin.ee\/\" \/>\n<meta property=\"article:modified_time\" content=\"2026-03-06T08:08:02+00:00\" \/>\n<meta property=\"og:image\" content=\"https:\/\/sulin.ee\/wp-content\/uploads\/2022\/10\/Postitused-8.jpg\" \/>\n\t<meta property=\"og:image:width\" content=\"1080\" \/>\n\t<meta property=\"og:image:height\" content=\"1080\" \/>\n\t<meta property=\"og:image:type\" content=\"image\/jpeg\" \/>\n<meta name=\"twitter:card\" content=\"summary_large_image\" \/>\n<meta name=\"twitter:label1\" content=\"Est. reading time\" \/>\n\t<meta name=\"twitter:data1\" content=\"2 minutes\" \/>\n<script type=\"application\/ld+json\" class=\"yoast-schema-graph\">{\"@context\":\"https:\/\/schema.org\",\"@graph\":[{\"@type\":\"WebPage\",\"@id\":\"https:\/\/sulin.ee\/en\/toode\/bambino-mio-potitreeningupuksid\/\",\"url\":\"https:\/\/sulin.ee\/en\/toode\/bambino-mio-potitreeningupuksid\/\",\"name\":\"Bambino Mio potitreeningup\u00fcksid - sulin.ee\",\"isPartOf\":{\"@id\":\"https:\/\/sulin.ee\/en\/#website\"},\"primaryImageOfPage\":{\"@id\":\"https:\/\/sulin.ee\/en\/toode\/bambino-mio-potitreeningupuksid\/#primaryimage\"},\"image\":{\"@id\":\"https:\/\/sulin.ee\/en\/toode\/bambino-mio-potitreeningupuksid\/#primaryimage\"},\"thumbnailUrl\":\"https:\/\/sulin.ee\/wp-content\/uploads\/2022\/10\/Postitused-8.jpg\",\"datePublished\":\"2022-10-07T07:48:54+00:00\",\"dateModified\":\"2026-03-06T08:08:02+00:00\",\"description\":\"Bambino Mio potitreeningup\u00fcksid aitavad lapsel teadlikuks saada oma kehafunktsioonidest ning hoiavad kuivana p\u00f5randa, diivani ja riided.\",\"breadcrumb\":{\"@id\":\"https:\/\/sulin.ee\/en\/toode\/bambino-mio-potitreeningupuksid\/#breadcrumb\"},\"inLanguage\":\"en-US\",\"potentialAction\":[{\"@type\":\"ReadAction\",\"target\":[\"https:\/\/sulin.ee\/en\/toode\/bambino-mio-potitreeningupuksid\/\"]}]},{\"@type\":\"ImageObject\",\"inLanguage\":\"en-US\",\"@id\":\"https:\/\/sulin.ee\/en\/toode\/bambino-mio-potitreeningupuksid\/#primaryimage\",\"url\":\"https:\/\/sulin.ee\/wp-content\/uploads\/2022\/10\/Postitused-8.jpg\",\"contentUrl\":\"https:\/\/sulin.ee\/wp-content\/uploads\/2022\/10\/Postitused-8.jpg\",\"width\":1080,\"height\":1080,\"caption\":\"Bambino Mio potitreeningup\u00fcksid\"},{\"@type\":\"BreadcrumbList\",\"@id\":\"https:\/\/sulin.ee\/en\/toode\/bambino-mio-potitreeningupuksid\/#breadcrumb\",\"itemListElement\":[{\"@type\":\"ListItem\",\"position\":1,\"name\":\"Home\",\"item\":\"https:\/\/sulin.ee\/en\/\"},{\"@type\":\"ListItem\",\"position\":2,\"name\":\"Sulin.ee e-pood\",\"item\":\"https:\/\/sulin.ee\/shop\/\"},{\"@type\":\"ListItem\",\"position\":3,\"name\":\"Bambino Mio potitreeningup\u00fcksid\"}]},{\"@type\":\"WebSite\",\"@id\":\"https:\/\/sulin.ee\/en\/#website\",\"url\":\"https:\/\/sulin.ee\/en\/\",\"name\":\"sulin.ee\",\"description\":\"\",\"publisher\":{\"@id\":\"https:\/\/sulin.ee\/en\/#organization\"},\"potentialAction\":[{\"@type\":\"SearchAction\",\"target\":{\"@type\":\"EntryPoint\",\"urlTemplate\":\"https:\/\/sulin.ee\/en\/?s={search_term_string}\"},\"query-input\":{\"@type\":\"PropertyValueSpecification\",\"valueRequired\":true,\"valueName\":\"search_term_string\"}}],\"inLanguage\":\"en-US\"},{\"@type\":\"Organization\",\"@id\":\"https:\/\/sulin.ee\/en\/#organization\",\"name\":\"SULIN TRADE O\u00dc\",\"url\":\"https:\/\/sulin.ee\/en\/\",\"logo\":{\"@type\":\"ImageObject\",\"inLanguage\":\"en-US\",\"@id\":\"https:\/\/sulin.ee\/en\/#\/schema\/logo\/image\/\",\"url\":\"https:\/\/sulin.ee\/wp-content\/uploads\/2022\/11\/sulin-logo.png\",\"contentUrl\":\"https:\/\/sulin.ee\/wp-content\/uploads\/2022\/11\/sulin-logo.png\",\"width\":871,\"height\":321,\"caption\":\"SULIN TRADE O\u00dc\"},\"image\":{\"@id\":\"https:\/\/sulin.ee\/en\/#\/schema\/logo\/image\/\"},\"sameAs\":[\"https:\/\/www.facebook.com\/www.sulin.ee\/\",\"https:\/\/www.instagram.com\/sulintrade\/\"]}]}<\/script>\n<!-- \/ Yoast SEO plugin. -->","yoast_head_json":{"title":"Bambino Mio potitreeningup\u00fcksid - sulin.ee","description":"Bambino Mio potitreeningup\u00fcksid aitavad lapsel teadlikuks saada oma kehafunktsioonidest ning hoiavad kuivana p\u00f5randa, diivani ja riided.","robots":{"index":"index","follow":"follow","max-snippet":"max-snippet:-1","max-image-preview":"max-image-preview:large","max-video-preview":"max-video-preview:-1"},"canonical":"https:\/\/sulin.ee\/en\/toode\/bambino-mio-potitreeningupuksid\/","og_locale":"en_US","og_type":"article","og_title":"Bambino Mio potitreeningup\u00fcksid - sulin.ee","og_description":"Bambino Mio potitreeningup\u00fcksid aitavad lapsel teadlikuks saada oma kehafunktsioonidest ning hoiavad kuivana p\u00f5randa, diivani ja riided.","og_url":"https:\/\/sulin.ee\/en\/toode\/bambino-mio-potitreeningupuksid\/","og_site_name":"sulin.ee","article_publisher":"https:\/\/www.facebook.com\/www.sulin.ee\/","article_modified_time":"2026-03-06T08:08:02+00:00","og_image":[{"width":1080,"height":1080,"url":"https:\/\/sulin.ee\/wp-content\/uploads\/2022\/10\/Postitused-8.jpg","type":"image\/jpeg"}],"twitter_card":"summary_large_image","twitter_misc":{"Est. reading time":"2 minutes"},"schema":{"@context":"https:\/\/schema.org","@graph":[{"@type":"WebPage","@id":"https:\/\/sulin.ee\/en\/toode\/bambino-mio-potitreeningupuksid\/","url":"https:\/\/sulin.ee\/en\/toode\/bambino-mio-potitreeningupuksid\/","name":"Bambino Mio potitreeningup\u00fcksid - sulin.ee","isPartOf":{"@id":"https:\/\/sulin.ee\/en\/#website"},"primaryImageOfPage":{"@id":"https:\/\/sulin.ee\/en\/toode\/bambino-mio-potitreeningupuksid\/#primaryimage"},"image":{"@id":"https:\/\/sulin.ee\/en\/toode\/bambino-mio-potitreeningupuksid\/#primaryimage"},"thumbnailUrl":"https:\/\/sulin.ee\/wp-content\/uploads\/2022\/10\/Postitused-8.jpg","datePublished":"2022-10-07T07:48:54+00:00","dateModified":"2026-03-06T08:08:02+00:00","description":"Bambino Mio potitreeningup\u00fcksid aitavad lapsel teadlikuks saada oma kehafunktsioonidest ning hoiavad kuivana p\u00f5randa, diivani ja riided.","breadcrumb":{"@id":"https:\/\/sulin.ee\/en\/toode\/bambino-mio-potitreeningupuksid\/#breadcrumb"},"inLanguage":"en-US","potentialAction":[{"@type":"ReadAction","target":["https:\/\/sulin.ee\/en\/toode\/bambino-mio-potitreeningupuksid\/"]}]},{"@type":"ImageObject","inLanguage":"en-US","@id":"https:\/\/sulin.ee\/en\/toode\/bambino-mio-potitreeningupuksid\/#primaryimage","url":"https:\/\/sulin.ee\/wp-content\/uploads\/2022\/10\/Postitused-8.jpg","contentUrl":"https:\/\/sulin.ee\/wp-content\/uploads\/2022\/10\/Postitused-8.jpg","width":1080,"height":1080,"caption":"Bambino Mio potitreeningup\u00fcksid"},{"@type":"BreadcrumbList","@id":"https:\/\/sulin.ee\/en\/toode\/bambino-mio-potitreeningupuksid\/#breadcrumb","itemListElement":[{"@type":"ListItem","position":1,"name":"Home","item":"https:\/\/sulin.ee\/en\/"},{"@type":"ListItem","position":2,"name":"Sulin.ee e-pood","item":"https:\/\/sulin.ee\/shop\/"},{"@type":"ListItem","position":3,"name":"Bambino Mio potitreeningup\u00fcksid"}]},{"@type":"WebSite","@id":"https:\/\/sulin.ee\/en\/#website","url":"https:\/\/sulin.ee\/en\/","name":"sulin.ee","description":"","publisher":{"@id":"https:\/\/sulin.ee\/en\/#organization"},"potentialAction":[{"@type":"SearchAction","target":{"@type":"EntryPoint","urlTemplate":"https:\/\/sulin.ee\/en\/?s={search_term_string}"},"query-input":{"@type":"PropertyValueSpecification","valueRequired":true,"valueName":"search_term_string"}}],"inLanguage":"en-US"},{"@type":"Organization","@id":"https:\/\/sulin.ee\/en\/#organization","name":"SULIN TRADE O\u00dc","url":"https:\/\/sulin.ee\/en\/","logo":{"@type":"ImageObject","inLanguage":"en-US","@id":"https:\/\/sulin.ee\/en\/#\/schema\/logo\/image\/","url":"https:\/\/sulin.ee\/wp-content\/uploads\/2022\/11\/sulin-logo.png","contentUrl":"https:\/\/sulin.ee\/wp-content\/uploads\/2022\/11\/sulin-logo.png","width":871,"height":321,"caption":"SULIN TRADE O\u00dc"},"image":{"@id":"https:\/\/sulin.ee\/en\/#\/schema\/logo\/image\/"},"sameAs":["https:\/\/www.facebook.com\/www.sulin.ee\/","https:\/\/www.instagram.com\/sulintrade\/"]}]}},"builder_content":"","_links":{"self":[{"href":"https:\/\/sulin.ee\/en\/wp-json\/wp\/v2\/product\/4700","targetHints":{"allow":["GET"]}}],"collection":[{"href":"https:\/\/sulin.ee\/en\/wp-json\/wp\/v2\/product"}],"about":[{"href":"https:\/\/sulin.ee\/en\/wp-json\/wp\/v2\/types\/product"}],"replies":[{"embeddable":true,"href":"https:\/\/sulin.ee\/en\/wp-json\/wp\/v2\/comments?post=4700"}],"wp:featuredmedia":[{"embeddable":true,"href":"https:\/\/sulin.ee\/en\/wp-json\/wp\/v2\/media\/12820"}],"wp:attachment":[{"href":"https:\/\/sulin.ee\/en\/wp-json\/wp\/v2\/media?parent=4700"}],"wp:term":[{"taxonomy":"product_brand","embeddable":true,"href":"https:\/\/sulin.ee\/en\/wp-json\/wp\/v2\/product_brand?post=4700"},{"taxonomy":"product_cat","embeddable":true,"href":"https:\/\/sulin.ee\/en\/wp-json\/wp\/v2\/product_cat?post=4700"},{"taxonomy":"product_tag","embeddable":true,"href":"https:\/\/sulin.ee\/en\/wp-json\/wp\/v2\/product_tag?post=4700"}],"curies":[{"name":"wp","href":"https:\/\/api.w.org\/{rel}","templated":true}]}}