{"id":469,"date":"2022-09-13T14:01:12","date_gmt":"2022-09-13T14:01:12","guid":{"rendered":"http:\/\/test.itson.ee\/sulin\/product\/mushie-narimisrongas-bear\/"},"modified":"2025-01-01T12:55:15","modified_gmt":"2025-01-01T12:55:15","slug":"mushie-silikoonist-narimisrongas-bear","status":"publish","type":"product","link":"https:\/\/sulin.ee\/en\/toode\/mushie-silikoonist-narimisrongas-bear\/","title":{"rendered":"Mushie silikoonist n\u00e4rimisr\u00f5ngas Bear"},"content":{"rendered":"<p style=\"text-align: justify;\"><span style=\"font-family: arial, helvetica, sans-serif; font-size: medium;\"><strong><a href=\"https:\/\/mushie.com\/collections\/play\/products\/ball-teether?variant=42530713698546\" target=\"_blank\" rel=\"noopener\">Mushie<\/a> silikoonist n\u00e4rimisr\u00f5ngas aitab rahustada beebi s\u00fcgelevaid igemeid.<\/strong>\u00a0<\/span><strong><span style=\"font-family: arial, helvetica, sans-serif; font-size: medium;\">Disanitud nii, et beebi piskiestel s\u00f5rmedel oleks seda kerge haarata. Valmistatud food grade silikoonist, mis on beebile ohutu. Lisaks on p<\/span><span style=\"font-family: arial, helvetica, sans-serif; font-size: medium;\">alli m\u00e4nguline disain ja pastelsed toonid kodule stiilseks t\u00e4ienduseks.<\/span><\/strong><\/p>\n<p>R\u00f5nga puhastamiseks, pese seda sooja vee all seebiga. Lase \u00f5hu k\u00e4es kuivada.<\/p>\n<ul>\n<li style=\"text-align: justify;\"><span style=\"font-family: arial, helvetica, sans-serif; font-size: medium;\">Valmistatud 100% mittetoksilisest food grade silikoonist<\/span><\/li>\n<li><span style=\"font-family: arial, helvetica, sans-serif; font-size: medium;\">BPA, BPS, PVC ja ftalaadivaba<\/span><\/li>\n<li>Sobib kasutamiseks alates 3+ elukuud<\/li>\n<li>Aitab arendada peenmotoorikat<\/li>\n<\/ul>\n<p>Suuhooldus on oluline juba alates esimesest elukuudest. Vaata beebile m\u00f5eldud <span style=\"color: #0000ff;\"><a style=\"color: #0000ff;\" href=\"https:\/\/sulin.ee\/tootekategooria\/beebid\/hambaharjad-beebidele\/\" target=\"_blank\" rel=\"noopener\">hambaharju siit<\/a><\/span>.<\/p>\n","protected":false},"excerpt":{"rendered":"<p>Mushie<\/p>\n","protected":false},"featured_media":5244,"comment_status":"open","ping_status":"closed","template":"","meta":[],"product_brand":[],"product_cat":[31,1162,1163,447],"product_tag":[448],"class_list":{"0":"post-469","1":"product","2":"type-product","3":"status-publish","4":"has-post-thumbnail","6":"product_cat-narimislelud","7":"product_cat-kingituseks","8":"product_cat-0-1-aasta","9":"product_cat-mushie","10":"product_tag-mushie","11":"has-post-title","12":"has-post-date","13":"has-post-category","14":"has-post-tag","15":"has-post-comment","16":"has-post-author","17":"","19":"first","20":"instock","21":"sale","22":"taxable","23":"shipping-taxable","24":"purchasable","25":"product-type-variable"},"yoast_head":"<!-- This site is optimized with the Yoast SEO plugin v26.8 - https:\/\/yoast.com\/product\/yoast-seo-wordpress\/ -->\n<title>Mushie silikoonist n\u00e4rimisr\u00f5ngas Bear - sulin.ee<\/title>\n<meta name=\"description\" content=\"Mushie silikoonist n\u00e4rimisr\u00f5ngas aitab rahustada beebi s\u00fcgelevaid igemeid.\u00a0Disanitud nii, et beebi piskiestel s\u00f5rmedel oleks seda kerge haarata.\" \/>\n<meta name=\"robots\" content=\"index, follow, max-snippet:-1, max-image-preview:large, max-video-preview:-1\" \/>\n<link rel=\"canonical\" href=\"https:\/\/sulin.ee\/en\/toode\/mushie-silikoonist-narimisrongas-bear\/\" \/>\n<meta property=\"og:locale\" content=\"en_US\" \/>\n<meta property=\"og:type\" content=\"article\" \/>\n<meta property=\"og:title\" content=\"Mushie silikoonist n\u00e4rimisr\u00f5ngas Bear - sulin.ee\" \/>\n<meta property=\"og:description\" content=\"Mushie silikoonist n\u00e4rimisr\u00f5ngas aitab rahustada beebi s\u00fcgelevaid igemeid.\u00a0Disanitud nii, et beebi piskiestel s\u00f5rmedel oleks seda kerge haarata.\" \/>\n<meta property=\"og:url\" content=\"https:\/\/sulin.ee\/en\/toode\/mushie-silikoonist-narimisrongas-bear\/\" \/>\n<meta property=\"og:site_name\" content=\"sulin.ee\" \/>\n<meta property=\"article:publisher\" content=\"https:\/\/www.facebook.com\/www.sulin.ee\/\" \/>\n<meta property=\"article:modified_time\" content=\"2025-01-01T12:55:15+00:00\" \/>\n<meta property=\"og:image\" content=\"https:\/\/sulin.ee\/wp-content\/uploads\/2022\/10\/Natural.jpg\" \/>\n\t<meta property=\"og:image:width\" content=\"800\" \/>\n\t<meta property=\"og:image:height\" content=\"800\" \/>\n\t<meta property=\"og:image:type\" content=\"image\/jpeg\" \/>\n<meta name=\"twitter:card\" content=\"summary_large_image\" \/>\n<meta name=\"twitter:label1\" content=\"Est. reading time\" \/>\n\t<meta name=\"twitter:data1\" content=\"1 minute\" \/>\n<script type=\"application\/ld+json\" class=\"yoast-schema-graph\">{\"@context\":\"https:\/\/schema.org\",\"@graph\":[{\"@type\":\"WebPage\",\"@id\":\"https:\/\/sulin.ee\/en\/toode\/mushie-silikoonist-narimisrongas-bear\/\",\"url\":\"https:\/\/sulin.ee\/en\/toode\/mushie-silikoonist-narimisrongas-bear\/\",\"name\":\"Mushie silikoonist n\u00e4rimisr\u00f5ngas Bear - sulin.ee\",\"isPartOf\":{\"@id\":\"https:\/\/sulin.ee\/en\/#website\"},\"primaryImageOfPage\":{\"@id\":\"https:\/\/sulin.ee\/en\/toode\/mushie-silikoonist-narimisrongas-bear\/#primaryimage\"},\"image\":{\"@id\":\"https:\/\/sulin.ee\/en\/toode\/mushie-silikoonist-narimisrongas-bear\/#primaryimage\"},\"thumbnailUrl\":\"https:\/\/sulin.ee\/wp-content\/uploads\/2022\/10\/Natural.jpg\",\"datePublished\":\"2022-09-13T14:01:12+00:00\",\"dateModified\":\"2025-01-01T12:55:15+00:00\",\"description\":\"Mushie silikoonist n\u00e4rimisr\u00f5ngas aitab rahustada beebi s\u00fcgelevaid igemeid.\u00a0Disanitud nii, et beebi piskiestel s\u00f5rmedel oleks seda kerge haarata.\",\"breadcrumb\":{\"@id\":\"https:\/\/sulin.ee\/en\/toode\/mushie-silikoonist-narimisrongas-bear\/#breadcrumb\"},\"inLanguage\":\"en-US\",\"potentialAction\":[{\"@type\":\"ReadAction\",\"target\":[\"https:\/\/sulin.ee\/en\/toode\/mushie-silikoonist-narimisrongas-bear\/\"]}]},{\"@type\":\"ImageObject\",\"inLanguage\":\"en-US\",\"@id\":\"https:\/\/sulin.ee\/en\/toode\/mushie-silikoonist-narimisrongas-bear\/#primaryimage\",\"url\":\"https:\/\/sulin.ee\/wp-content\/uploads\/2022\/10\/Natural.jpg\",\"contentUrl\":\"https:\/\/sulin.ee\/wp-content\/uploads\/2022\/10\/Natural.jpg\",\"width\":800,\"height\":800,\"caption\":\"Mushie silikoonist n\u00e4rimisr\u00f5ngas\"},{\"@type\":\"BreadcrumbList\",\"@id\":\"https:\/\/sulin.ee\/en\/toode\/mushie-silikoonist-narimisrongas-bear\/#breadcrumb\",\"itemListElement\":[{\"@type\":\"ListItem\",\"position\":1,\"name\":\"Home\",\"item\":\"https:\/\/sulin.ee\/en\/\"},{\"@type\":\"ListItem\",\"position\":2,\"name\":\"Sulin.ee e-pood\",\"item\":\"https:\/\/sulin.ee\/shop\/\"},{\"@type\":\"ListItem\",\"position\":3,\"name\":\"Mushie silikoonist n\u00e4rimisr\u00f5ngas Bear\"}]},{\"@type\":\"WebSite\",\"@id\":\"https:\/\/sulin.ee\/en\/#website\",\"url\":\"https:\/\/sulin.ee\/en\/\",\"name\":\"sulin.ee\",\"description\":\"\",\"publisher\":{\"@id\":\"https:\/\/sulin.ee\/en\/#organization\"},\"potentialAction\":[{\"@type\":\"SearchAction\",\"target\":{\"@type\":\"EntryPoint\",\"urlTemplate\":\"https:\/\/sulin.ee\/en\/?s={search_term_string}\"},\"query-input\":{\"@type\":\"PropertyValueSpecification\",\"valueRequired\":true,\"valueName\":\"search_term_string\"}}],\"inLanguage\":\"en-US\"},{\"@type\":\"Organization\",\"@id\":\"https:\/\/sulin.ee\/en\/#organization\",\"name\":\"SULIN TRADE O\u00dc\",\"url\":\"https:\/\/sulin.ee\/en\/\",\"logo\":{\"@type\":\"ImageObject\",\"inLanguage\":\"en-US\",\"@id\":\"https:\/\/sulin.ee\/en\/#\/schema\/logo\/image\/\",\"url\":\"https:\/\/sulin.ee\/wp-content\/uploads\/2022\/11\/sulin-logo.png\",\"contentUrl\":\"https:\/\/sulin.ee\/wp-content\/uploads\/2022\/11\/sulin-logo.png\",\"width\":871,\"height\":321,\"caption\":\"SULIN TRADE O\u00dc\"},\"image\":{\"@id\":\"https:\/\/sulin.ee\/en\/#\/schema\/logo\/image\/\"},\"sameAs\":[\"https:\/\/www.facebook.com\/www.sulin.ee\/\",\"https:\/\/www.instagram.com\/sulintrade\/\"]}]}<\/script>\n<!-- \/ Yoast SEO plugin. -->","yoast_head_json":{"title":"Mushie silikoonist n\u00e4rimisr\u00f5ngas Bear - sulin.ee","description":"Mushie silikoonist n\u00e4rimisr\u00f5ngas aitab rahustada beebi s\u00fcgelevaid igemeid.\u00a0Disanitud nii, et beebi piskiestel s\u00f5rmedel oleks seda kerge haarata.","robots":{"index":"index","follow":"follow","max-snippet":"max-snippet:-1","max-image-preview":"max-image-preview:large","max-video-preview":"max-video-preview:-1"},"canonical":"https:\/\/sulin.ee\/en\/toode\/mushie-silikoonist-narimisrongas-bear\/","og_locale":"en_US","og_type":"article","og_title":"Mushie silikoonist n\u00e4rimisr\u00f5ngas Bear - sulin.ee","og_description":"Mushie silikoonist n\u00e4rimisr\u00f5ngas aitab rahustada beebi s\u00fcgelevaid igemeid.\u00a0Disanitud nii, et beebi piskiestel s\u00f5rmedel oleks seda kerge haarata.","og_url":"https:\/\/sulin.ee\/en\/toode\/mushie-silikoonist-narimisrongas-bear\/","og_site_name":"sulin.ee","article_publisher":"https:\/\/www.facebook.com\/www.sulin.ee\/","article_modified_time":"2025-01-01T12:55:15+00:00","og_image":[{"width":800,"height":800,"url":"https:\/\/sulin.ee\/wp-content\/uploads\/2022\/10\/Natural.jpg","type":"image\/jpeg"}],"twitter_card":"summary_large_image","twitter_misc":{"Est. reading time":"1 minute"},"schema":{"@context":"https:\/\/schema.org","@graph":[{"@type":"WebPage","@id":"https:\/\/sulin.ee\/en\/toode\/mushie-silikoonist-narimisrongas-bear\/","url":"https:\/\/sulin.ee\/en\/toode\/mushie-silikoonist-narimisrongas-bear\/","name":"Mushie silikoonist n\u00e4rimisr\u00f5ngas Bear - sulin.ee","isPartOf":{"@id":"https:\/\/sulin.ee\/en\/#website"},"primaryImageOfPage":{"@id":"https:\/\/sulin.ee\/en\/toode\/mushie-silikoonist-narimisrongas-bear\/#primaryimage"},"image":{"@id":"https:\/\/sulin.ee\/en\/toode\/mushie-silikoonist-narimisrongas-bear\/#primaryimage"},"thumbnailUrl":"https:\/\/sulin.ee\/wp-content\/uploads\/2022\/10\/Natural.jpg","datePublished":"2022-09-13T14:01:12+00:00","dateModified":"2025-01-01T12:55:15+00:00","description":"Mushie silikoonist n\u00e4rimisr\u00f5ngas aitab rahustada beebi s\u00fcgelevaid igemeid.\u00a0Disanitud nii, et beebi piskiestel s\u00f5rmedel oleks seda kerge haarata.","breadcrumb":{"@id":"https:\/\/sulin.ee\/en\/toode\/mushie-silikoonist-narimisrongas-bear\/#breadcrumb"},"inLanguage":"en-US","potentialAction":[{"@type":"ReadAction","target":["https:\/\/sulin.ee\/en\/toode\/mushie-silikoonist-narimisrongas-bear\/"]}]},{"@type":"ImageObject","inLanguage":"en-US","@id":"https:\/\/sulin.ee\/en\/toode\/mushie-silikoonist-narimisrongas-bear\/#primaryimage","url":"https:\/\/sulin.ee\/wp-content\/uploads\/2022\/10\/Natural.jpg","contentUrl":"https:\/\/sulin.ee\/wp-content\/uploads\/2022\/10\/Natural.jpg","width":800,"height":800,"caption":"Mushie silikoonist n\u00e4rimisr\u00f5ngas"},{"@type":"BreadcrumbList","@id":"https:\/\/sulin.ee\/en\/toode\/mushie-silikoonist-narimisrongas-bear\/#breadcrumb","itemListElement":[{"@type":"ListItem","position":1,"name":"Home","item":"https:\/\/sulin.ee\/en\/"},{"@type":"ListItem","position":2,"name":"Sulin.ee e-pood","item":"https:\/\/sulin.ee\/shop\/"},{"@type":"ListItem","position":3,"name":"Mushie silikoonist n\u00e4rimisr\u00f5ngas Bear"}]},{"@type":"WebSite","@id":"https:\/\/sulin.ee\/en\/#website","url":"https:\/\/sulin.ee\/en\/","name":"sulin.ee","description":"","publisher":{"@id":"https:\/\/sulin.ee\/en\/#organization"},"potentialAction":[{"@type":"SearchAction","target":{"@type":"EntryPoint","urlTemplate":"https:\/\/sulin.ee\/en\/?s={search_term_string}"},"query-input":{"@type":"PropertyValueSpecification","valueRequired":true,"valueName":"search_term_string"}}],"inLanguage":"en-US"},{"@type":"Organization","@id":"https:\/\/sulin.ee\/en\/#organization","name":"SULIN TRADE O\u00dc","url":"https:\/\/sulin.ee\/en\/","logo":{"@type":"ImageObject","inLanguage":"en-US","@id":"https:\/\/sulin.ee\/en\/#\/schema\/logo\/image\/","url":"https:\/\/sulin.ee\/wp-content\/uploads\/2022\/11\/sulin-logo.png","contentUrl":"https:\/\/sulin.ee\/wp-content\/uploads\/2022\/11\/sulin-logo.png","width":871,"height":321,"caption":"SULIN TRADE O\u00dc"},"image":{"@id":"https:\/\/sulin.ee\/en\/#\/schema\/logo\/image\/"},"sameAs":["https:\/\/www.facebook.com\/www.sulin.ee\/","https:\/\/www.instagram.com\/sulintrade\/"]}]}},"builder_content":"","_links":{"self":[{"href":"https:\/\/sulin.ee\/en\/wp-json\/wp\/v2\/product\/469","targetHints":{"allow":["GET"]}}],"collection":[{"href":"https:\/\/sulin.ee\/en\/wp-json\/wp\/v2\/product"}],"about":[{"href":"https:\/\/sulin.ee\/en\/wp-json\/wp\/v2\/types\/product"}],"replies":[{"embeddable":true,"href":"https:\/\/sulin.ee\/en\/wp-json\/wp\/v2\/comments?post=469"}],"wp:featuredmedia":[{"embeddable":true,"href":"https:\/\/sulin.ee\/en\/wp-json\/wp\/v2\/media\/5244"}],"wp:attachment":[{"href":"https:\/\/sulin.ee\/en\/wp-json\/wp\/v2\/media?parent=469"}],"wp:term":[{"taxonomy":"product_brand","embeddable":true,"href":"https:\/\/sulin.ee\/en\/wp-json\/wp\/v2\/product_brand?post=469"},{"taxonomy":"product_cat","embeddable":true,"href":"https:\/\/sulin.ee\/en\/wp-json\/wp\/v2\/product_cat?post=469"},{"taxonomy":"product_tag","embeddable":true,"href":"https:\/\/sulin.ee\/en\/wp-json\/wp\/v2\/product_tag?post=469"}],"curies":[{"name":"wp","href":"https:\/\/api.w.org\/{rel}","templated":true}]}}