{"id":46804,"date":"2025-04-11T06:38:31","date_gmt":"2025-04-11T06:38:31","guid":{"rendered":"https:\/\/sulin.ee\/?post_type=product&#038;p=46804"},"modified":"2025-09-07T21:28:03","modified_gmt":"2025-09-07T21:28:03","slug":"jollein-kahekordne-magamiskott-beebile-60cm-ajour-biscuit","status":"publish","type":"product","link":"https:\/\/sulin.ee\/en\/toode\/jollein-kahekordne-magamiskott-beebile-60cm-ajour-biscuit\/","title":{"rendered":"Jollein kahekordne magamiskott beebile 60cm &#8211; Ajour Biscuit"},"content":{"rendered":"<p><strong>Jollein kahekordne magamiskott beebile on m\u00f5eldud pisikestele beebidele kohe peale s\u00fcndi. Magamiskott tagab beebile parema ja rahulikuma une. Magamiskott (TOG 3,5) on valmistatud 100% puuvillast, laseb \u00f5hku l\u00e4bi ning ei aja beebit higistama.<\/strong><\/p>\n<p>Jollein vasts\u00fcndinu kahekordne magamiskott on ideaalne valik teie lapsele, kuna pakub mugavust ja kaitset igal aastaajal. T\u00e4nu eemaldatavale sisemisele magamiskotile on v\u00f5imalik magamiskotti vastavalt vajadusele kohandada, muutes selle talvisest soojast magamiskotist suviseks jahedamaks variandiks.<\/p>\n<p>Magamiskotis magamine loob beebile turvatunde (nagu ema k\u00f5hus olles) ning piirab lapse k\u00e4te liikumist, t\u00e4nu millele ei ehmata laps ennast l\u00e4bi une \u00e4rkvele. Lisaks sellele ei pea te muretsema, et laps teki kogemata \u00fcle n\u00e4o t\u00f5mbab v\u00f5i jalgadega sahmides hoopis pealt \u00e4ra l\u00fckkab. T\u00e4nu magamiskotile saab ka vanem meelerahu ning ei pea pidevalt k\u00e4ima last kontrollimas.<\/p>\n<p>Magamiskott sobib kasutamiseks alates s\u00fcnnist kuni beebi kolme kuu vanuseks saamiseni. Vaata magamiskotte ka suuremale lapsele <span style=\"color: #0000ff;\"><a style=\"color: #0000ff;\" href=\"https:\/\/sulin.ee\/?post_type=product&amp;p=10558&amp;preview=true\" target=\"_blank\" rel=\"noopener\">siit<\/a><\/span>.<\/p>\n<p>Magamiskoti lukk avaneb alt, t\u00e4nu millele ei pea last kotist v\u00e4lja v\u00f5tma ning m\u00e4hkmevahetus on lihtsam. Vaata <a href=\"https:\/\/www.youtube.com\/watch?v=B8IwvfW_Y80\" target=\"_blank\" rel=\"noopener\"><span style=\"color: #0000ff;\">videost <\/span><\/a>kuidas magamiskotti kasutada.<\/p>\n<p><strong>Materjal:<\/strong> Magamiskott on valmistatud 100% pehmest puuvillast.<\/p>\n<p><strong>Mis on TOG v\u00e4\u00e4rtus?<\/strong><\/p>\n<p>TOG (Thermal Overall Grade) v\u00e4\u00e4rtus annab lihtsad juhtun\u00f6\u00f6rid, millist magamiskotti vastavalt hooajale ja temperatuurile valida. Mida suurem TOG v\u00e4\u00e4rtus seda soojem on toode.<\/p>\n","protected":false},"excerpt":{"rendered":"<div class=\"flex max-w-full flex-col grow\">\n<div class=\"min-h-8 text-message relative flex w-full flex-col items-end gap-2 text-start break-words whitespace-normal [.text-message+&amp;]:mt-5\" dir=\"auto\" data-message-author-role=\"assistant\" data-message-id=\"cd153a8a-fc69-4544-b42d-63188c9c75b4\" data-message-model-slug=\"gpt-4o\">\n<div class=\"flex w-full flex-col gap-1 empty:hidden first:pt-[3px]\">\n<div class=\"markdown prose dark:prose-invert w-full break-words light\">\n<p class=\"\" data-start=\"0\" data-end=\"328\"><strong>Jollein kahekordne magamiskott vasts\u00fcndinule (TOG 3.5) tagab turvalise ja rahuliku une alates s\u00fcnnist. 100% puuvillast magamiskott on hingav, eemaldatava sisuga ning sobib kasutamiseks aastaringselt \u2013 nii jahedaks talveks kui ka soojemaks suveks. Alt avanev lukk teeb m\u00e4hkmevahetuse lihtsaks.<\/strong><\/p>\n<\/div>\n<\/div>\n<\/div>\n<\/div>\n<div class=\"flex justify-start\">\n<div class=\"touch:-me-2 touch:-ms-3.5 -ms-2.5 -me-1 flex items-center p-1 select-none -mt-1 duration-[1.5s] focus-within:transition-none hover:transition-none pointer-events-none [mask-image:linear-gradient(to_right,black_33%,transparent_66%)] [mask-position:100%_0%] [mask-size:300%_100%] motion-safe:transition-[mask-position] group-hover\/turn-messages:pointer-events-auto group-hover\/turn-messages:[mask-position:0_0] group-focus-within\/turn-messages:pointer-events-auto group-focus-within\/turn-messages:[mask-position:0_0] has-data-[state=open]:pointer-events-auto has-data-[state=open]:[mask-position:0_0]\"><\/div>\n<\/div>\n<div class=\"mt-3 w-full empty:hidden\">\n<div class=\"text-center\"><\/div>\n<\/div>\n<div class=\"flex w-full flex-col\" dir=\"ltr\" data-orientation=\"horizontal\">\n<div class=\"border-token-border-light relative flex w-full flex-row gap-6 border-b\" tabindex=\"0\" role=\"tablist\" aria-orientation=\"horizontal\" data-orientation=\"horizontal\">\n<div class=\"truncate\"><\/div>\n<\/div>\n<\/div>\n","protected":false},"featured_media":19393,"comment_status":"open","ping_status":"closed","template":"","meta":[],"product_brand":[],"product_cat":[179,777,809,776],"product_tag":[],"class_list":{"0":"post-46804","1":"product","2":"type-product","3":"status-publish","4":"has-post-thumbnail","6":"product_cat-beebile","7":"product_cat-beebi-uni-ja-magamine","8":"product_cat-magamiskotid","9":"product_cat-jollein-2","10":"has-post-title","11":"has-post-date","12":"has-post-category","13":"has-post-tag","14":"has-post-comment","15":"has-post-author","16":"","18":"first","19":"instock","20":"sale","21":"taxable","22":"shipping-taxable","23":"purchasable","24":"product-type-simple"},"yoast_head":"<!-- This site is optimized with the Yoast SEO plugin v26.8 - https:\/\/yoast.com\/product\/yoast-seo-wordpress\/ -->\n<title>Jollein kahekordne magamiskott beebile 60cm - Ajour Biscuit - sulin.ee<\/title>\n<meta name=\"description\" content=\"Jollein kahekordne magamiskott beebile on m\u00f5eldud pisikestele beebidele kohe peale s\u00fcndi. Magamiskott tagab beebile parema ja rahulikuma une.\" \/>\n<meta name=\"robots\" content=\"index, follow, max-snippet:-1, max-image-preview:large, max-video-preview:-1\" \/>\n<link rel=\"canonical\" href=\"https:\/\/sulin.ee\/en\/toode\/jollein-kahekordne-magamiskott-beebile-60cm-ajour-biscuit\/\" \/>\n<meta property=\"og:locale\" content=\"en_US\" \/>\n<meta property=\"og:type\" content=\"article\" \/>\n<meta property=\"og:title\" content=\"Jollein kahekordne magamiskott beebile 60cm - Ajour Biscuit - sulin.ee\" \/>\n<meta property=\"og:description\" content=\"Jollein kahekordne magamiskott beebile on m\u00f5eldud pisikestele beebidele kohe peale s\u00fcndi. Magamiskott tagab beebile parema ja rahulikuma une.\" \/>\n<meta property=\"og:url\" content=\"https:\/\/sulin.ee\/en\/toode\/jollein-kahekordne-magamiskott-beebile-60cm-ajour-biscuit\/\" \/>\n<meta property=\"og:site_name\" content=\"sulin.ee\" \/>\n<meta property=\"article:publisher\" content=\"https:\/\/www.facebook.com\/www.sulin.ee\/\" \/>\n<meta property=\"article:modified_time\" content=\"2025-09-07T21:28:03+00:00\" \/>\n<meta property=\"og:image\" content=\"https:\/\/sulin.ee\/wp-content\/uploads\/2024\/04\/Ajour-Biscuit.png\" \/>\n\t<meta property=\"og:image:width\" content=\"1080\" \/>\n\t<meta property=\"og:image:height\" content=\"1080\" \/>\n\t<meta property=\"og:image:type\" content=\"image\/png\" \/>\n<meta name=\"twitter:card\" content=\"summary_large_image\" \/>\n<meta name=\"twitter:label1\" content=\"Est. reading time\" \/>\n\t<meta name=\"twitter:data1\" content=\"2 minutes\" \/>\n<script type=\"application\/ld+json\" class=\"yoast-schema-graph\">{\"@context\":\"https:\/\/schema.org\",\"@graph\":[{\"@type\":\"WebPage\",\"@id\":\"https:\/\/sulin.ee\/en\/toode\/jollein-kahekordne-magamiskott-beebile-60cm-ajour-biscuit\/\",\"url\":\"https:\/\/sulin.ee\/en\/toode\/jollein-kahekordne-magamiskott-beebile-60cm-ajour-biscuit\/\",\"name\":\"Jollein kahekordne magamiskott beebile 60cm - Ajour Biscuit - sulin.ee\",\"isPartOf\":{\"@id\":\"https:\/\/sulin.ee\/en\/#website\"},\"primaryImageOfPage\":{\"@id\":\"https:\/\/sulin.ee\/en\/toode\/jollein-kahekordne-magamiskott-beebile-60cm-ajour-biscuit\/#primaryimage\"},\"image\":{\"@id\":\"https:\/\/sulin.ee\/en\/toode\/jollein-kahekordne-magamiskott-beebile-60cm-ajour-biscuit\/#primaryimage\"},\"thumbnailUrl\":\"https:\/\/sulin.ee\/wp-content\/uploads\/2024\/04\/Ajour-Biscuit.png\",\"datePublished\":\"2025-04-11T06:38:31+00:00\",\"dateModified\":\"2025-09-07T21:28:03+00:00\",\"description\":\"Jollein kahekordne magamiskott beebile on m\u00f5eldud pisikestele beebidele kohe peale s\u00fcndi. Magamiskott tagab beebile parema ja rahulikuma une.\",\"breadcrumb\":{\"@id\":\"https:\/\/sulin.ee\/en\/toode\/jollein-kahekordne-magamiskott-beebile-60cm-ajour-biscuit\/#breadcrumb\"},\"inLanguage\":\"en-US\",\"potentialAction\":[{\"@type\":\"ReadAction\",\"target\":[\"https:\/\/sulin.ee\/en\/toode\/jollein-kahekordne-magamiskott-beebile-60cm-ajour-biscuit\/\"]}]},{\"@type\":\"ImageObject\",\"inLanguage\":\"en-US\",\"@id\":\"https:\/\/sulin.ee\/en\/toode\/jollein-kahekordne-magamiskott-beebile-60cm-ajour-biscuit\/#primaryimage\",\"url\":\"https:\/\/sulin.ee\/wp-content\/uploads\/2024\/04\/Ajour-Biscuit.png\",\"contentUrl\":\"https:\/\/sulin.ee\/wp-content\/uploads\/2024\/04\/Ajour-Biscuit.png\",\"width\":1080,\"height\":1080,\"caption\":\"Jollein kahekordne magamiskott beebile\"},{\"@type\":\"BreadcrumbList\",\"@id\":\"https:\/\/sulin.ee\/en\/toode\/jollein-kahekordne-magamiskott-beebile-60cm-ajour-biscuit\/#breadcrumb\",\"itemListElement\":[{\"@type\":\"ListItem\",\"position\":1,\"name\":\"Home\",\"item\":\"https:\/\/sulin.ee\/en\/\"},{\"@type\":\"ListItem\",\"position\":2,\"name\":\"Sulin.ee e-pood\",\"item\":\"https:\/\/sulin.ee\/shop\/\"},{\"@type\":\"ListItem\",\"position\":3,\"name\":\"Jollein kahekordne magamiskott beebile 60cm &#8211; Ajour Biscuit\"}]},{\"@type\":\"WebSite\",\"@id\":\"https:\/\/sulin.ee\/en\/#website\",\"url\":\"https:\/\/sulin.ee\/en\/\",\"name\":\"sulin.ee\",\"description\":\"\",\"publisher\":{\"@id\":\"https:\/\/sulin.ee\/en\/#organization\"},\"potentialAction\":[{\"@type\":\"SearchAction\",\"target\":{\"@type\":\"EntryPoint\",\"urlTemplate\":\"https:\/\/sulin.ee\/en\/?s={search_term_string}\"},\"query-input\":{\"@type\":\"PropertyValueSpecification\",\"valueRequired\":true,\"valueName\":\"search_term_string\"}}],\"inLanguage\":\"en-US\"},{\"@type\":\"Organization\",\"@id\":\"https:\/\/sulin.ee\/en\/#organization\",\"name\":\"SULIN TRADE O\u00dc\",\"url\":\"https:\/\/sulin.ee\/en\/\",\"logo\":{\"@type\":\"ImageObject\",\"inLanguage\":\"en-US\",\"@id\":\"https:\/\/sulin.ee\/en\/#\/schema\/logo\/image\/\",\"url\":\"https:\/\/sulin.ee\/wp-content\/uploads\/2022\/11\/sulin-logo.png\",\"contentUrl\":\"https:\/\/sulin.ee\/wp-content\/uploads\/2022\/11\/sulin-logo.png\",\"width\":871,\"height\":321,\"caption\":\"SULIN TRADE O\u00dc\"},\"image\":{\"@id\":\"https:\/\/sulin.ee\/en\/#\/schema\/logo\/image\/\"},\"sameAs\":[\"https:\/\/www.facebook.com\/www.sulin.ee\/\",\"https:\/\/www.instagram.com\/sulintrade\/\"]}]}<\/script>\n<!-- \/ Yoast SEO plugin. -->","yoast_head_json":{"title":"Jollein kahekordne magamiskott beebile 60cm - Ajour Biscuit - sulin.ee","description":"Jollein kahekordne magamiskott beebile on m\u00f5eldud pisikestele beebidele kohe peale s\u00fcndi. Magamiskott tagab beebile parema ja rahulikuma une.","robots":{"index":"index","follow":"follow","max-snippet":"max-snippet:-1","max-image-preview":"max-image-preview:large","max-video-preview":"max-video-preview:-1"},"canonical":"https:\/\/sulin.ee\/en\/toode\/jollein-kahekordne-magamiskott-beebile-60cm-ajour-biscuit\/","og_locale":"en_US","og_type":"article","og_title":"Jollein kahekordne magamiskott beebile 60cm - Ajour Biscuit - sulin.ee","og_description":"Jollein kahekordne magamiskott beebile on m\u00f5eldud pisikestele beebidele kohe peale s\u00fcndi. Magamiskott tagab beebile parema ja rahulikuma une.","og_url":"https:\/\/sulin.ee\/en\/toode\/jollein-kahekordne-magamiskott-beebile-60cm-ajour-biscuit\/","og_site_name":"sulin.ee","article_publisher":"https:\/\/www.facebook.com\/www.sulin.ee\/","article_modified_time":"2025-09-07T21:28:03+00:00","og_image":[{"width":1080,"height":1080,"url":"https:\/\/sulin.ee\/wp-content\/uploads\/2024\/04\/Ajour-Biscuit.png","type":"image\/png"}],"twitter_card":"summary_large_image","twitter_misc":{"Est. reading time":"2 minutes"},"schema":{"@context":"https:\/\/schema.org","@graph":[{"@type":"WebPage","@id":"https:\/\/sulin.ee\/en\/toode\/jollein-kahekordne-magamiskott-beebile-60cm-ajour-biscuit\/","url":"https:\/\/sulin.ee\/en\/toode\/jollein-kahekordne-magamiskott-beebile-60cm-ajour-biscuit\/","name":"Jollein kahekordne magamiskott beebile 60cm - Ajour Biscuit - sulin.ee","isPartOf":{"@id":"https:\/\/sulin.ee\/en\/#website"},"primaryImageOfPage":{"@id":"https:\/\/sulin.ee\/en\/toode\/jollein-kahekordne-magamiskott-beebile-60cm-ajour-biscuit\/#primaryimage"},"image":{"@id":"https:\/\/sulin.ee\/en\/toode\/jollein-kahekordne-magamiskott-beebile-60cm-ajour-biscuit\/#primaryimage"},"thumbnailUrl":"https:\/\/sulin.ee\/wp-content\/uploads\/2024\/04\/Ajour-Biscuit.png","datePublished":"2025-04-11T06:38:31+00:00","dateModified":"2025-09-07T21:28:03+00:00","description":"Jollein kahekordne magamiskott beebile on m\u00f5eldud pisikestele beebidele kohe peale s\u00fcndi. Magamiskott tagab beebile parema ja rahulikuma une.","breadcrumb":{"@id":"https:\/\/sulin.ee\/en\/toode\/jollein-kahekordne-magamiskott-beebile-60cm-ajour-biscuit\/#breadcrumb"},"inLanguage":"en-US","potentialAction":[{"@type":"ReadAction","target":["https:\/\/sulin.ee\/en\/toode\/jollein-kahekordne-magamiskott-beebile-60cm-ajour-biscuit\/"]}]},{"@type":"ImageObject","inLanguage":"en-US","@id":"https:\/\/sulin.ee\/en\/toode\/jollein-kahekordne-magamiskott-beebile-60cm-ajour-biscuit\/#primaryimage","url":"https:\/\/sulin.ee\/wp-content\/uploads\/2024\/04\/Ajour-Biscuit.png","contentUrl":"https:\/\/sulin.ee\/wp-content\/uploads\/2024\/04\/Ajour-Biscuit.png","width":1080,"height":1080,"caption":"Jollein kahekordne magamiskott beebile"},{"@type":"BreadcrumbList","@id":"https:\/\/sulin.ee\/en\/toode\/jollein-kahekordne-magamiskott-beebile-60cm-ajour-biscuit\/#breadcrumb","itemListElement":[{"@type":"ListItem","position":1,"name":"Home","item":"https:\/\/sulin.ee\/en\/"},{"@type":"ListItem","position":2,"name":"Sulin.ee e-pood","item":"https:\/\/sulin.ee\/shop\/"},{"@type":"ListItem","position":3,"name":"Jollein kahekordne magamiskott beebile 60cm &#8211; Ajour Biscuit"}]},{"@type":"WebSite","@id":"https:\/\/sulin.ee\/en\/#website","url":"https:\/\/sulin.ee\/en\/","name":"sulin.ee","description":"","publisher":{"@id":"https:\/\/sulin.ee\/en\/#organization"},"potentialAction":[{"@type":"SearchAction","target":{"@type":"EntryPoint","urlTemplate":"https:\/\/sulin.ee\/en\/?s={search_term_string}"},"query-input":{"@type":"PropertyValueSpecification","valueRequired":true,"valueName":"search_term_string"}}],"inLanguage":"en-US"},{"@type":"Organization","@id":"https:\/\/sulin.ee\/en\/#organization","name":"SULIN TRADE O\u00dc","url":"https:\/\/sulin.ee\/en\/","logo":{"@type":"ImageObject","inLanguage":"en-US","@id":"https:\/\/sulin.ee\/en\/#\/schema\/logo\/image\/","url":"https:\/\/sulin.ee\/wp-content\/uploads\/2022\/11\/sulin-logo.png","contentUrl":"https:\/\/sulin.ee\/wp-content\/uploads\/2022\/11\/sulin-logo.png","width":871,"height":321,"caption":"SULIN TRADE O\u00dc"},"image":{"@id":"https:\/\/sulin.ee\/en\/#\/schema\/logo\/image\/"},"sameAs":["https:\/\/www.facebook.com\/www.sulin.ee\/","https:\/\/www.instagram.com\/sulintrade\/"]}]}},"builder_content":"","_links":{"self":[{"href":"https:\/\/sulin.ee\/en\/wp-json\/wp\/v2\/product\/46804","targetHints":{"allow":["GET"]}}],"collection":[{"href":"https:\/\/sulin.ee\/en\/wp-json\/wp\/v2\/product"}],"about":[{"href":"https:\/\/sulin.ee\/en\/wp-json\/wp\/v2\/types\/product"}],"replies":[{"embeddable":true,"href":"https:\/\/sulin.ee\/en\/wp-json\/wp\/v2\/comments?post=46804"}],"wp:featuredmedia":[{"embeddable":true,"href":"https:\/\/sulin.ee\/en\/wp-json\/wp\/v2\/media\/19393"}],"wp:attachment":[{"href":"https:\/\/sulin.ee\/en\/wp-json\/wp\/v2\/media?parent=46804"}],"wp:term":[{"taxonomy":"product_brand","embeddable":true,"href":"https:\/\/sulin.ee\/en\/wp-json\/wp\/v2\/product_brand?post=46804"},{"taxonomy":"product_cat","embeddable":true,"href":"https:\/\/sulin.ee\/en\/wp-json\/wp\/v2\/product_cat?post=46804"},{"taxonomy":"product_tag","embeddable":true,"href":"https:\/\/sulin.ee\/en\/wp-json\/wp\/v2\/product_tag?post=46804"}],"curies":[{"name":"wp","href":"https:\/\/api.w.org\/{rel}","templated":true}]}}