{"id":466,"date":"2022-09-13T14:01:12","date_gmt":"2022-09-13T14:01:12","guid":{"rendered":"http:\/\/test.itson.ee\/sulin\/product\/mushie-lutikett-halo-5\/"},"modified":"2025-09-08T19:34:41","modified_gmt":"2025-09-08T19:34:41","slug":"mushie-lutikett-halo-5","status":"publish","type":"product","link":"https:\/\/sulin.ee\/en\/toode\/mushie-lutikett-halo-5\/","title":{"rendered":"Mushie lutikett Halo"},"content":{"rendered":"<p style=\"text-align: justify;\"><strong><span style=\"font-family: arial, helvetica, sans-serif; font-size: medium;\">Mushie lutikett Halo on USA emade poolt k\u00e4sitsi valmistatud retroh\u00f5ngulistes toonides lutikett, mis v\u00f5lub oma lihtsuses.<\/span><\/strong><\/p>\n<p style=\"text-align: justify;\"><span style=\"font-family: arial, helvetica, sans-serif; font-size: medium;\">Lutiketi silikoonist helmed on valmistatud premium kvaliteediga food grade silikoonist. Mushie lutikett on 100% mittetoksiline, l\u00f5hnatu, BPA ja plii vaba. Keti kinnitus on pliivaba ja nailonist n\u00f6\u00f6r hallituse suhtes vastupidav.<\/span><\/p>\n<p>Naturaalsest kummist ja beebile ohutud lutid leiad <a href=\"https:\/\/sulin.ee\/tootekategooria\/beebid\/lutid\/\" target=\"_blank\" rel=\"noopener\"><span style=\"color: #333399;\">siit.<\/span><\/a><\/p>\n<p style=\"text-align: justify;\"><span style=\"font-family: arial, helvetica, sans-serif; font-size: medium;\"><strong>T\u00e4helepanu!<\/strong> Enne igat lutiketi kasutust tuleks veenduda, et kett on terve. Kui lutikett on saanud kahjustada tuleks see koheselt v\u00e4lja vahetada.\u00a0<\/span><\/p>\n","protected":false},"excerpt":{"rendered":"<p>Mushie<\/p>\n","protected":false},"featured_media":12981,"comment_status":"open","ping_status":"closed","template":"","meta":[],"product_brand":[],"product_cat":[99,447],"product_tag":[448],"class_list":{"0":"post-466","1":"product","2":"type-product","3":"status-publish","4":"has-post-thumbnail","6":"product_cat-lutiketid","7":"product_cat-mushie","8":"product_tag-mushie","9":"has-post-title","10":"has-post-date","11":"has-post-category","12":"has-post-tag","13":"has-post-comment","14":"has-post-author","15":"","17":"first","18":"instock","19":"sale","20":"taxable","21":"shipping-taxable","22":"purchasable","23":"product-type-variable"},"yoast_head":"<!-- This site is optimized with the Yoast SEO plugin v26.8 - https:\/\/yoast.com\/product\/yoast-seo-wordpress\/ -->\n<title>Mushie lutikett Halo - sulin.ee<\/title>\n<meta name=\"description\" content=\"Mushie lutikett Halo on valmistatud premium kvaliteediga food grade silikoonist. Mushie lutikett on 100% mittetoksiline, l\u00f5hnatu, BPA ja plii vaba.\" \/>\n<meta name=\"robots\" content=\"index, follow, max-snippet:-1, max-image-preview:large, max-video-preview:-1\" \/>\n<link rel=\"canonical\" href=\"https:\/\/sulin.ee\/en\/toode\/mushie-lutikett-halo-5\/\" \/>\n<meta property=\"og:locale\" content=\"en_US\" \/>\n<meta property=\"og:type\" content=\"article\" \/>\n<meta property=\"og:title\" content=\"Mushie lutikett Halo - sulin.ee\" \/>\n<meta property=\"og:description\" content=\"Mushie lutikett Halo on valmistatud premium kvaliteediga food grade silikoonist. Mushie lutikett on 100% mittetoksiline, l\u00f5hnatu, BPA ja plii vaba.\" \/>\n<meta property=\"og:url\" content=\"https:\/\/sulin.ee\/en\/toode\/mushie-lutikett-halo-5\/\" \/>\n<meta property=\"og:site_name\" content=\"sulin.ee\" \/>\n<meta property=\"article:publisher\" content=\"https:\/\/www.facebook.com\/www.sulin.ee\/\" \/>\n<meta property=\"article:modified_time\" content=\"2025-09-08T19:34:41+00:00\" \/>\n<meta property=\"og:image\" content=\"https:\/\/sulin.ee\/wp-content\/uploads\/2022\/09\/FLAT_LAYS-79_8436d0ad-df3f-4bae-82ba-c3b09112e42c_1200x.webp\" \/>\n\t<meta property=\"og:image:width\" content=\"1200\" \/>\n\t<meta property=\"og:image:height\" content=\"1200\" \/>\n\t<meta property=\"og:image:type\" content=\"image\/webp\" \/>\n<meta name=\"twitter:card\" content=\"summary_large_image\" \/>\n<meta name=\"twitter:label1\" content=\"Est. reading time\" \/>\n\t<meta name=\"twitter:data1\" content=\"1 minute\" \/>\n<script type=\"application\/ld+json\" class=\"yoast-schema-graph\">{\"@context\":\"https:\/\/schema.org\",\"@graph\":[{\"@type\":\"WebPage\",\"@id\":\"https:\/\/sulin.ee\/en\/toode\/mushie-lutikett-halo-5\/\",\"url\":\"https:\/\/sulin.ee\/en\/toode\/mushie-lutikett-halo-5\/\",\"name\":\"Mushie lutikett Halo - sulin.ee\",\"isPartOf\":{\"@id\":\"https:\/\/sulin.ee\/en\/#website\"},\"primaryImageOfPage\":{\"@id\":\"https:\/\/sulin.ee\/en\/toode\/mushie-lutikett-halo-5\/#primaryimage\"},\"image\":{\"@id\":\"https:\/\/sulin.ee\/en\/toode\/mushie-lutikett-halo-5\/#primaryimage\"},\"thumbnailUrl\":\"https:\/\/sulin.ee\/wp-content\/uploads\/2022\/09\/FLAT_LAYS-79_8436d0ad-df3f-4bae-82ba-c3b09112e42c_1200x.webp\",\"datePublished\":\"2022-09-13T14:01:12+00:00\",\"dateModified\":\"2025-09-08T19:34:41+00:00\",\"description\":\"Mushie lutikett Halo on valmistatud premium kvaliteediga food grade silikoonist. Mushie lutikett on 100% mittetoksiline, l\u00f5hnatu, BPA ja plii vaba.\",\"breadcrumb\":{\"@id\":\"https:\/\/sulin.ee\/en\/toode\/mushie-lutikett-halo-5\/#breadcrumb\"},\"inLanguage\":\"en-US\",\"potentialAction\":[{\"@type\":\"ReadAction\",\"target\":[\"https:\/\/sulin.ee\/en\/toode\/mushie-lutikett-halo-5\/\"]}]},{\"@type\":\"ImageObject\",\"inLanguage\":\"en-US\",\"@id\":\"https:\/\/sulin.ee\/en\/toode\/mushie-lutikett-halo-5\/#primaryimage\",\"url\":\"https:\/\/sulin.ee\/wp-content\/uploads\/2022\/09\/FLAT_LAYS-79_8436d0ad-df3f-4bae-82ba-c3b09112e42c_1200x.webp\",\"contentUrl\":\"https:\/\/sulin.ee\/wp-content\/uploads\/2022\/09\/FLAT_LAYS-79_8436d0ad-df3f-4bae-82ba-c3b09112e42c_1200x.webp\",\"width\":1200,\"height\":1200,\"caption\":\"Mushie lutikett Halo\"},{\"@type\":\"BreadcrumbList\",\"@id\":\"https:\/\/sulin.ee\/en\/toode\/mushie-lutikett-halo-5\/#breadcrumb\",\"itemListElement\":[{\"@type\":\"ListItem\",\"position\":1,\"name\":\"Home\",\"item\":\"https:\/\/sulin.ee\/en\/\"},{\"@type\":\"ListItem\",\"position\":2,\"name\":\"Sulin.ee e-pood\",\"item\":\"https:\/\/sulin.ee\/shop\/\"},{\"@type\":\"ListItem\",\"position\":3,\"name\":\"Mushie lutikett Halo\"}]},{\"@type\":\"WebSite\",\"@id\":\"https:\/\/sulin.ee\/en\/#website\",\"url\":\"https:\/\/sulin.ee\/en\/\",\"name\":\"sulin.ee\",\"description\":\"\",\"publisher\":{\"@id\":\"https:\/\/sulin.ee\/en\/#organization\"},\"potentialAction\":[{\"@type\":\"SearchAction\",\"target\":{\"@type\":\"EntryPoint\",\"urlTemplate\":\"https:\/\/sulin.ee\/en\/?s={search_term_string}\"},\"query-input\":{\"@type\":\"PropertyValueSpecification\",\"valueRequired\":true,\"valueName\":\"search_term_string\"}}],\"inLanguage\":\"en-US\"},{\"@type\":\"Organization\",\"@id\":\"https:\/\/sulin.ee\/en\/#organization\",\"name\":\"SULIN TRADE O\u00dc\",\"url\":\"https:\/\/sulin.ee\/en\/\",\"logo\":{\"@type\":\"ImageObject\",\"inLanguage\":\"en-US\",\"@id\":\"https:\/\/sulin.ee\/en\/#\/schema\/logo\/image\/\",\"url\":\"https:\/\/sulin.ee\/wp-content\/uploads\/2022\/11\/sulin-logo.png\",\"contentUrl\":\"https:\/\/sulin.ee\/wp-content\/uploads\/2022\/11\/sulin-logo.png\",\"width\":871,\"height\":321,\"caption\":\"SULIN TRADE O\u00dc\"},\"image\":{\"@id\":\"https:\/\/sulin.ee\/en\/#\/schema\/logo\/image\/\"},\"sameAs\":[\"https:\/\/www.facebook.com\/www.sulin.ee\/\",\"https:\/\/www.instagram.com\/sulintrade\/\"]}]}<\/script>\n<!-- \/ Yoast SEO plugin. -->","yoast_head_json":{"title":"Mushie lutikett Halo - sulin.ee","description":"Mushie lutikett Halo on valmistatud premium kvaliteediga food grade silikoonist. Mushie lutikett on 100% mittetoksiline, l\u00f5hnatu, BPA ja plii vaba.","robots":{"index":"index","follow":"follow","max-snippet":"max-snippet:-1","max-image-preview":"max-image-preview:large","max-video-preview":"max-video-preview:-1"},"canonical":"https:\/\/sulin.ee\/en\/toode\/mushie-lutikett-halo-5\/","og_locale":"en_US","og_type":"article","og_title":"Mushie lutikett Halo - sulin.ee","og_description":"Mushie lutikett Halo on valmistatud premium kvaliteediga food grade silikoonist. Mushie lutikett on 100% mittetoksiline, l\u00f5hnatu, BPA ja plii vaba.","og_url":"https:\/\/sulin.ee\/en\/toode\/mushie-lutikett-halo-5\/","og_site_name":"sulin.ee","article_publisher":"https:\/\/www.facebook.com\/www.sulin.ee\/","article_modified_time":"2025-09-08T19:34:41+00:00","og_image":[{"width":1200,"height":1200,"url":"https:\/\/sulin.ee\/wp-content\/uploads\/2022\/09\/FLAT_LAYS-79_8436d0ad-df3f-4bae-82ba-c3b09112e42c_1200x.webp","type":"image\/webp"}],"twitter_card":"summary_large_image","twitter_misc":{"Est. reading time":"1 minute"},"schema":{"@context":"https:\/\/schema.org","@graph":[{"@type":"WebPage","@id":"https:\/\/sulin.ee\/en\/toode\/mushie-lutikett-halo-5\/","url":"https:\/\/sulin.ee\/en\/toode\/mushie-lutikett-halo-5\/","name":"Mushie lutikett Halo - sulin.ee","isPartOf":{"@id":"https:\/\/sulin.ee\/en\/#website"},"primaryImageOfPage":{"@id":"https:\/\/sulin.ee\/en\/toode\/mushie-lutikett-halo-5\/#primaryimage"},"image":{"@id":"https:\/\/sulin.ee\/en\/toode\/mushie-lutikett-halo-5\/#primaryimage"},"thumbnailUrl":"https:\/\/sulin.ee\/wp-content\/uploads\/2022\/09\/FLAT_LAYS-79_8436d0ad-df3f-4bae-82ba-c3b09112e42c_1200x.webp","datePublished":"2022-09-13T14:01:12+00:00","dateModified":"2025-09-08T19:34:41+00:00","description":"Mushie lutikett Halo on valmistatud premium kvaliteediga food grade silikoonist. Mushie lutikett on 100% mittetoksiline, l\u00f5hnatu, BPA ja plii vaba.","breadcrumb":{"@id":"https:\/\/sulin.ee\/en\/toode\/mushie-lutikett-halo-5\/#breadcrumb"},"inLanguage":"en-US","potentialAction":[{"@type":"ReadAction","target":["https:\/\/sulin.ee\/en\/toode\/mushie-lutikett-halo-5\/"]}]},{"@type":"ImageObject","inLanguage":"en-US","@id":"https:\/\/sulin.ee\/en\/toode\/mushie-lutikett-halo-5\/#primaryimage","url":"https:\/\/sulin.ee\/wp-content\/uploads\/2022\/09\/FLAT_LAYS-79_8436d0ad-df3f-4bae-82ba-c3b09112e42c_1200x.webp","contentUrl":"https:\/\/sulin.ee\/wp-content\/uploads\/2022\/09\/FLAT_LAYS-79_8436d0ad-df3f-4bae-82ba-c3b09112e42c_1200x.webp","width":1200,"height":1200,"caption":"Mushie lutikett Halo"},{"@type":"BreadcrumbList","@id":"https:\/\/sulin.ee\/en\/toode\/mushie-lutikett-halo-5\/#breadcrumb","itemListElement":[{"@type":"ListItem","position":1,"name":"Home","item":"https:\/\/sulin.ee\/en\/"},{"@type":"ListItem","position":2,"name":"Sulin.ee e-pood","item":"https:\/\/sulin.ee\/shop\/"},{"@type":"ListItem","position":3,"name":"Mushie lutikett Halo"}]},{"@type":"WebSite","@id":"https:\/\/sulin.ee\/en\/#website","url":"https:\/\/sulin.ee\/en\/","name":"sulin.ee","description":"","publisher":{"@id":"https:\/\/sulin.ee\/en\/#organization"},"potentialAction":[{"@type":"SearchAction","target":{"@type":"EntryPoint","urlTemplate":"https:\/\/sulin.ee\/en\/?s={search_term_string}"},"query-input":{"@type":"PropertyValueSpecification","valueRequired":true,"valueName":"search_term_string"}}],"inLanguage":"en-US"},{"@type":"Organization","@id":"https:\/\/sulin.ee\/en\/#organization","name":"SULIN TRADE O\u00dc","url":"https:\/\/sulin.ee\/en\/","logo":{"@type":"ImageObject","inLanguage":"en-US","@id":"https:\/\/sulin.ee\/en\/#\/schema\/logo\/image\/","url":"https:\/\/sulin.ee\/wp-content\/uploads\/2022\/11\/sulin-logo.png","contentUrl":"https:\/\/sulin.ee\/wp-content\/uploads\/2022\/11\/sulin-logo.png","width":871,"height":321,"caption":"SULIN TRADE O\u00dc"},"image":{"@id":"https:\/\/sulin.ee\/en\/#\/schema\/logo\/image\/"},"sameAs":["https:\/\/www.facebook.com\/www.sulin.ee\/","https:\/\/www.instagram.com\/sulintrade\/"]}]}},"builder_content":"","_links":{"self":[{"href":"https:\/\/sulin.ee\/en\/wp-json\/wp\/v2\/product\/466","targetHints":{"allow":["GET"]}}],"collection":[{"href":"https:\/\/sulin.ee\/en\/wp-json\/wp\/v2\/product"}],"about":[{"href":"https:\/\/sulin.ee\/en\/wp-json\/wp\/v2\/types\/product"}],"replies":[{"embeddable":true,"href":"https:\/\/sulin.ee\/en\/wp-json\/wp\/v2\/comments?post=466"}],"wp:featuredmedia":[{"embeddable":true,"href":"https:\/\/sulin.ee\/en\/wp-json\/wp\/v2\/media\/12981"}],"wp:attachment":[{"href":"https:\/\/sulin.ee\/en\/wp-json\/wp\/v2\/media?parent=466"}],"wp:term":[{"taxonomy":"product_brand","embeddable":true,"href":"https:\/\/sulin.ee\/en\/wp-json\/wp\/v2\/product_brand?post=466"},{"taxonomy":"product_cat","embeddable":true,"href":"https:\/\/sulin.ee\/en\/wp-json\/wp\/v2\/product_cat?post=466"},{"taxonomy":"product_tag","embeddable":true,"href":"https:\/\/sulin.ee\/en\/wp-json\/wp\/v2\/product_tag?post=466"}],"curies":[{"name":"wp","href":"https:\/\/api.w.org\/{rel}","templated":true}]}}