{"id":46246,"date":"2025-04-07T13:12:07","date_gmt":"2025-04-07T13:12:07","guid":{"rendered":"https:\/\/sulin.ee\/?post_type=product&#038;p=46246"},"modified":"2025-09-07T21:29:06","modified_gmt":"2025-09-07T21:29:06","slug":"manguhaldjas-fairy-amy","status":"publish","type":"product","link":"https:\/\/sulin.ee\/en\/toode\/manguhaldjas-fairy-amy\/","title":{"rendered":"M\u00e4nguhaldjas &#8220;Fairy Amy&#8221;"},"content":{"rendered":"<h3 class=\"\" data-start=\"114\" data-end=\"146\"><strong data-start=\"118\" data-end=\"146\">M\u00e4nguhaldjas &#8220;Fairy Amy&#8221;<\/strong><\/h3>\n<p class=\"\" data-start=\"148\" data-end=\"448\">Tere tulemast maagilisse maailma, kus elab <strong data-start=\"191\" data-end=\"219\">m\u00e4nguhaldjas &#8220;Fairy Amy&#8221;<\/strong> \u2013 \u00fcks v\u00f5luvamaid tegelasi Jolleini armsate nukkude kollektsioonis! Amy on alati valmis seiklusteks ning tema eriline anne on tuua kujutlusv\u00f5ime kaudu asjad ellu. Ideaalne m\u00e4ngukaaslane v\u00e4ikestele fantaasiarikkadele unistajatele!<\/p>\n<p class=\"\" data-start=\"450\" data-end=\"813\">Amy\u2019l on s\u00e4ravpunased juuksed, sillerdavad tiivad ja v\u00f5luv\u00f5lukepp, millega ta loob enda \u00fcmber maagilist energiat. Tema roheline kleit on kujundatud kui lille\u00f5ielehed ning jalas on tal imearmsad baleriinikingad \u2013 t\u00f5eline haldjalik v\u00e4limus! Nagu tema s\u00f5brad Daisy, Rose, Ella, Mae, Livia ja Dave, on ka Amy alati r\u00f5\u00f5msameelne ja valmis fantaasiarikasteks m\u00e4ngudeks.<\/p>\n<p class=\"\" data-start=\"815\" data-end=\"853\"><strong data-start=\"815\" data-end=\"853\">Miks lapsed armastavad Fairy Amyt?<\/strong><\/p>\n<p class=\"\" data-start=\"855\" data-end=\"1113\">\ud83d\udfe2 V\u00e4rvikas ja detailirohke disain \u2013 punased juuksed, tiivad ja v\u00f5lukepp<br data-start=\"927\" data-end=\"930\" \/>\ud83d\udfe2 Pehme ja m\u00f5nus kaisutada<br data-start=\"957\" data-end=\"960\" \/>\ud83d\udfe2 Julgustab laste kujutlusv\u00f5imet ja rollim\u00e4ngu<br data-start=\"1007\" data-end=\"1010\" \/>\ud83d\udfe2 Sobib suurep\u00e4raselt teiste Jolleini nukkude seltskonda<br data-start=\"1067\" data-end=\"1070\" \/>\ud83d\udfe2 Armsas rohelistes toonides haldjariietus<\/p>\n<p class=\"\" data-start=\"1115\" data-end=\"1285\">\ud83e\uddda\u200d\u2640\ufe0f <strong data-start=\"1121\" data-end=\"1205\">Luba oma lapsel sukelduda muinasjutumaailma ja seigelda koos v\u00f5luva Fairy Amyga!<\/strong><\/p>\n<p class=\"\" data-start=\"1115\" data-end=\"1285\">\ud83d\udc49 <strong data-start=\"1211\" data-end=\"1285\">Avasta ka teised m\u00e4nguhaldjad ja kaisus\u00f5brad<a href=\"https:\/\/jollein.com\/\"> Jolleini<\/a> kollektsioonist! <a href=\"https:\/\/sulin.ee\/tootekategooria\/brandid\/jollein-2\/\">Leiad siit!<\/a><\/strong><\/p>\n","protected":false},"excerpt":{"rendered":"<p><strong>M\u00e4nguhaldjas &#8220;Fairy Amy&#8221; on v\u00f5luv punap\u00e4ine haldjake Jolleini nukkude seeriast. S\u00e4ravad tiivad, maagiline v\u00f5lukepp ja roheline \u00f5ielehtedest kleit muudavad ta iga lapse lemmikuks.<\/strong><\/p>\n","protected":false},"featured_media":46247,"comment_status":"open","ping_status":"closed","template":"","meta":[],"product_brand":[],"product_cat":[110,768,776],"product_tag":[],"class_list":{"0":"post-46246","1":"product","2":"type-product","3":"status-publish","4":"has-post-thumbnail","6":"product_cat-mangimine","7":"product_cat-pehmed-manguasjad","8":"product_cat-jollein-2","9":"has-post-title","10":"has-post-date","11":"has-post-category","12":"has-post-tag","13":"has-post-comment","14":"has-post-author","15":"","17":"first","18":"instock","19":"sale","20":"taxable","21":"shipping-taxable","22":"purchasable","23":"product-type-simple"},"yoast_head":"<!-- This site is optimized with the Yoast SEO plugin v26.8 - https:\/\/yoast.com\/product\/yoast-seo-wordpress\/ -->\n<title>M\u00e4nguhaldjas &quot;Fairy Amy&quot; - sulin.ee<\/title>\n<meta name=\"description\" content=\"M\u00e4nguhaldjas &quot;Fairy Amy&quot; \u2013 punaste juustega nukk s\u00e4ravate tiibade ja v\u00f5lukeppiga. Ideaalne m\u00e4ngukaaslane v\u00e4ikestele unistajatele.\" \/>\n<meta name=\"robots\" content=\"index, follow, max-snippet:-1, max-image-preview:large, max-video-preview:-1\" \/>\n<link rel=\"canonical\" href=\"https:\/\/sulin.ee\/en\/toode\/manguhaldjas-fairy-amy\/\" \/>\n<meta property=\"og:locale\" content=\"en_US\" \/>\n<meta property=\"og:type\" content=\"article\" \/>\n<meta property=\"og:title\" content=\"M\u00e4nguhaldjas &quot;Fairy Amy&quot; - sulin.ee\" \/>\n<meta property=\"og:description\" content=\"M\u00e4nguhaldjas &quot;Fairy Amy&quot; \u2013 punaste juustega nukk s\u00e4ravate tiibade ja v\u00f5lukeppiga. Ideaalne m\u00e4ngukaaslane v\u00e4ikestele unistajatele.\" \/>\n<meta property=\"og:url\" content=\"https:\/\/sulin.ee\/en\/toode\/manguhaldjas-fairy-amy\/\" \/>\n<meta property=\"og:site_name\" content=\"sulin.ee\" \/>\n<meta property=\"article:publisher\" content=\"https:\/\/www.facebook.com\/www.sulin.ee\/\" \/>\n<meta property=\"article:modified_time\" content=\"2025-09-07T21:29:06+00:00\" \/>\n<meta property=\"og:image\" content=\"https:\/\/sulin.ee\/wp-content\/uploads\/2025\/04\/Piltide-korrektuurid-kodulehel-2025-04-07T160841.633.png\" \/>\n\t<meta property=\"og:image:width\" content=\"1080\" \/>\n\t<meta property=\"og:image:height\" content=\"1080\" \/>\n\t<meta property=\"og:image:type\" content=\"image\/png\" \/>\n<meta name=\"twitter:card\" content=\"summary_large_image\" \/>\n<meta name=\"twitter:label1\" content=\"Est. reading time\" \/>\n\t<meta name=\"twitter:data1\" content=\"2 minutes\" \/>\n<script type=\"application\/ld+json\" class=\"yoast-schema-graph\">{\"@context\":\"https:\/\/schema.org\",\"@graph\":[{\"@type\":\"WebPage\",\"@id\":\"https:\/\/sulin.ee\/en\/toode\/manguhaldjas-fairy-amy\/\",\"url\":\"https:\/\/sulin.ee\/en\/toode\/manguhaldjas-fairy-amy\/\",\"name\":\"M\u00e4nguhaldjas \\\"Fairy Amy\\\" - sulin.ee\",\"isPartOf\":{\"@id\":\"https:\/\/sulin.ee\/en\/#website\"},\"primaryImageOfPage\":{\"@id\":\"https:\/\/sulin.ee\/en\/toode\/manguhaldjas-fairy-amy\/#primaryimage\"},\"image\":{\"@id\":\"https:\/\/sulin.ee\/en\/toode\/manguhaldjas-fairy-amy\/#primaryimage\"},\"thumbnailUrl\":\"https:\/\/sulin.ee\/wp-content\/uploads\/2025\/04\/Piltide-korrektuurid-kodulehel-2025-04-07T160841.633.png\",\"datePublished\":\"2025-04-07T13:12:07+00:00\",\"dateModified\":\"2025-09-07T21:29:06+00:00\",\"description\":\"M\u00e4nguhaldjas \\\"Fairy Amy\\\" \u2013 punaste juustega nukk s\u00e4ravate tiibade ja v\u00f5lukeppiga. Ideaalne m\u00e4ngukaaslane v\u00e4ikestele unistajatele.\",\"breadcrumb\":{\"@id\":\"https:\/\/sulin.ee\/en\/toode\/manguhaldjas-fairy-amy\/#breadcrumb\"},\"inLanguage\":\"en-US\",\"potentialAction\":[{\"@type\":\"ReadAction\",\"target\":[\"https:\/\/sulin.ee\/en\/toode\/manguhaldjas-fairy-amy\/\"]}]},{\"@type\":\"ImageObject\",\"inLanguage\":\"en-US\",\"@id\":\"https:\/\/sulin.ee\/en\/toode\/manguhaldjas-fairy-amy\/#primaryimage\",\"url\":\"https:\/\/sulin.ee\/wp-content\/uploads\/2025\/04\/Piltide-korrektuurid-kodulehel-2025-04-07T160841.633.png\",\"contentUrl\":\"https:\/\/sulin.ee\/wp-content\/uploads\/2025\/04\/Piltide-korrektuurid-kodulehel-2025-04-07T160841.633.png\",\"width\":1080,\"height\":1080,\"caption\":\"M\u00e4nguhaldjas \\\"Fairy Amy\\\"\"},{\"@type\":\"BreadcrumbList\",\"@id\":\"https:\/\/sulin.ee\/en\/toode\/manguhaldjas-fairy-amy\/#breadcrumb\",\"itemListElement\":[{\"@type\":\"ListItem\",\"position\":1,\"name\":\"Home\",\"item\":\"https:\/\/sulin.ee\/en\/\"},{\"@type\":\"ListItem\",\"position\":2,\"name\":\"Sulin.ee e-pood\",\"item\":\"https:\/\/sulin.ee\/shop\/\"},{\"@type\":\"ListItem\",\"position\":3,\"name\":\"M\u00e4nguhaldjas &#8220;Fairy Amy&#8221;\"}]},{\"@type\":\"WebSite\",\"@id\":\"https:\/\/sulin.ee\/en\/#website\",\"url\":\"https:\/\/sulin.ee\/en\/\",\"name\":\"sulin.ee\",\"description\":\"\",\"publisher\":{\"@id\":\"https:\/\/sulin.ee\/en\/#organization\"},\"potentialAction\":[{\"@type\":\"SearchAction\",\"target\":{\"@type\":\"EntryPoint\",\"urlTemplate\":\"https:\/\/sulin.ee\/en\/?s={search_term_string}\"},\"query-input\":{\"@type\":\"PropertyValueSpecification\",\"valueRequired\":true,\"valueName\":\"search_term_string\"}}],\"inLanguage\":\"en-US\"},{\"@type\":\"Organization\",\"@id\":\"https:\/\/sulin.ee\/en\/#organization\",\"name\":\"SULIN TRADE O\u00dc\",\"url\":\"https:\/\/sulin.ee\/en\/\",\"logo\":{\"@type\":\"ImageObject\",\"inLanguage\":\"en-US\",\"@id\":\"https:\/\/sulin.ee\/en\/#\/schema\/logo\/image\/\",\"url\":\"https:\/\/sulin.ee\/wp-content\/uploads\/2022\/11\/sulin-logo.png\",\"contentUrl\":\"https:\/\/sulin.ee\/wp-content\/uploads\/2022\/11\/sulin-logo.png\",\"width\":871,\"height\":321,\"caption\":\"SULIN TRADE O\u00dc\"},\"image\":{\"@id\":\"https:\/\/sulin.ee\/en\/#\/schema\/logo\/image\/\"},\"sameAs\":[\"https:\/\/www.facebook.com\/www.sulin.ee\/\",\"https:\/\/www.instagram.com\/sulintrade\/\"]}]}<\/script>\n<!-- \/ Yoast SEO plugin. -->","yoast_head_json":{"title":"M\u00e4nguhaldjas \"Fairy Amy\" - sulin.ee","description":"M\u00e4nguhaldjas \"Fairy Amy\" \u2013 punaste juustega nukk s\u00e4ravate tiibade ja v\u00f5lukeppiga. Ideaalne m\u00e4ngukaaslane v\u00e4ikestele unistajatele.","robots":{"index":"index","follow":"follow","max-snippet":"max-snippet:-1","max-image-preview":"max-image-preview:large","max-video-preview":"max-video-preview:-1"},"canonical":"https:\/\/sulin.ee\/en\/toode\/manguhaldjas-fairy-amy\/","og_locale":"en_US","og_type":"article","og_title":"M\u00e4nguhaldjas \"Fairy Amy\" - sulin.ee","og_description":"M\u00e4nguhaldjas \"Fairy Amy\" \u2013 punaste juustega nukk s\u00e4ravate tiibade ja v\u00f5lukeppiga. Ideaalne m\u00e4ngukaaslane v\u00e4ikestele unistajatele.","og_url":"https:\/\/sulin.ee\/en\/toode\/manguhaldjas-fairy-amy\/","og_site_name":"sulin.ee","article_publisher":"https:\/\/www.facebook.com\/www.sulin.ee\/","article_modified_time":"2025-09-07T21:29:06+00:00","og_image":[{"width":1080,"height":1080,"url":"https:\/\/sulin.ee\/wp-content\/uploads\/2025\/04\/Piltide-korrektuurid-kodulehel-2025-04-07T160841.633.png","type":"image\/png"}],"twitter_card":"summary_large_image","twitter_misc":{"Est. reading time":"2 minutes"},"schema":{"@context":"https:\/\/schema.org","@graph":[{"@type":"WebPage","@id":"https:\/\/sulin.ee\/en\/toode\/manguhaldjas-fairy-amy\/","url":"https:\/\/sulin.ee\/en\/toode\/manguhaldjas-fairy-amy\/","name":"M\u00e4nguhaldjas \"Fairy Amy\" - sulin.ee","isPartOf":{"@id":"https:\/\/sulin.ee\/en\/#website"},"primaryImageOfPage":{"@id":"https:\/\/sulin.ee\/en\/toode\/manguhaldjas-fairy-amy\/#primaryimage"},"image":{"@id":"https:\/\/sulin.ee\/en\/toode\/manguhaldjas-fairy-amy\/#primaryimage"},"thumbnailUrl":"https:\/\/sulin.ee\/wp-content\/uploads\/2025\/04\/Piltide-korrektuurid-kodulehel-2025-04-07T160841.633.png","datePublished":"2025-04-07T13:12:07+00:00","dateModified":"2025-09-07T21:29:06+00:00","description":"M\u00e4nguhaldjas \"Fairy Amy\" \u2013 punaste juustega nukk s\u00e4ravate tiibade ja v\u00f5lukeppiga. Ideaalne m\u00e4ngukaaslane v\u00e4ikestele unistajatele.","breadcrumb":{"@id":"https:\/\/sulin.ee\/en\/toode\/manguhaldjas-fairy-amy\/#breadcrumb"},"inLanguage":"en-US","potentialAction":[{"@type":"ReadAction","target":["https:\/\/sulin.ee\/en\/toode\/manguhaldjas-fairy-amy\/"]}]},{"@type":"ImageObject","inLanguage":"en-US","@id":"https:\/\/sulin.ee\/en\/toode\/manguhaldjas-fairy-amy\/#primaryimage","url":"https:\/\/sulin.ee\/wp-content\/uploads\/2025\/04\/Piltide-korrektuurid-kodulehel-2025-04-07T160841.633.png","contentUrl":"https:\/\/sulin.ee\/wp-content\/uploads\/2025\/04\/Piltide-korrektuurid-kodulehel-2025-04-07T160841.633.png","width":1080,"height":1080,"caption":"M\u00e4nguhaldjas \"Fairy Amy\""},{"@type":"BreadcrumbList","@id":"https:\/\/sulin.ee\/en\/toode\/manguhaldjas-fairy-amy\/#breadcrumb","itemListElement":[{"@type":"ListItem","position":1,"name":"Home","item":"https:\/\/sulin.ee\/en\/"},{"@type":"ListItem","position":2,"name":"Sulin.ee e-pood","item":"https:\/\/sulin.ee\/shop\/"},{"@type":"ListItem","position":3,"name":"M\u00e4nguhaldjas &#8220;Fairy Amy&#8221;"}]},{"@type":"WebSite","@id":"https:\/\/sulin.ee\/en\/#website","url":"https:\/\/sulin.ee\/en\/","name":"sulin.ee","description":"","publisher":{"@id":"https:\/\/sulin.ee\/en\/#organization"},"potentialAction":[{"@type":"SearchAction","target":{"@type":"EntryPoint","urlTemplate":"https:\/\/sulin.ee\/en\/?s={search_term_string}"},"query-input":{"@type":"PropertyValueSpecification","valueRequired":true,"valueName":"search_term_string"}}],"inLanguage":"en-US"},{"@type":"Organization","@id":"https:\/\/sulin.ee\/en\/#organization","name":"SULIN TRADE O\u00dc","url":"https:\/\/sulin.ee\/en\/","logo":{"@type":"ImageObject","inLanguage":"en-US","@id":"https:\/\/sulin.ee\/en\/#\/schema\/logo\/image\/","url":"https:\/\/sulin.ee\/wp-content\/uploads\/2022\/11\/sulin-logo.png","contentUrl":"https:\/\/sulin.ee\/wp-content\/uploads\/2022\/11\/sulin-logo.png","width":871,"height":321,"caption":"SULIN TRADE O\u00dc"},"image":{"@id":"https:\/\/sulin.ee\/en\/#\/schema\/logo\/image\/"},"sameAs":["https:\/\/www.facebook.com\/www.sulin.ee\/","https:\/\/www.instagram.com\/sulintrade\/"]}]}},"builder_content":"","_links":{"self":[{"href":"https:\/\/sulin.ee\/en\/wp-json\/wp\/v2\/product\/46246","targetHints":{"allow":["GET"]}}],"collection":[{"href":"https:\/\/sulin.ee\/en\/wp-json\/wp\/v2\/product"}],"about":[{"href":"https:\/\/sulin.ee\/en\/wp-json\/wp\/v2\/types\/product"}],"replies":[{"embeddable":true,"href":"https:\/\/sulin.ee\/en\/wp-json\/wp\/v2\/comments?post=46246"}],"wp:featuredmedia":[{"embeddable":true,"href":"https:\/\/sulin.ee\/en\/wp-json\/wp\/v2\/media\/46247"}],"wp:attachment":[{"href":"https:\/\/sulin.ee\/en\/wp-json\/wp\/v2\/media?parent=46246"}],"wp:term":[{"taxonomy":"product_brand","embeddable":true,"href":"https:\/\/sulin.ee\/en\/wp-json\/wp\/v2\/product_brand?post=46246"},{"taxonomy":"product_cat","embeddable":true,"href":"https:\/\/sulin.ee\/en\/wp-json\/wp\/v2\/product_cat?post=46246"},{"taxonomy":"product_tag","embeddable":true,"href":"https:\/\/sulin.ee\/en\/wp-json\/wp\/v2\/product_tag?post=46246"}],"curies":[{"name":"wp","href":"https:\/\/api.w.org\/{rel}","templated":true}]}}