{"id":46197,"date":"2025-04-07T11:53:22","date_gmt":"2025-04-07T11:53:22","guid":{"rendered":"https:\/\/sulin.ee\/?post_type=product&#038;p=46197"},"modified":"2025-12-29T15:08:36","modified_gmt":"2025-12-29T15:08:36","slug":"beebi-magamiskott-kookon-0-3-kuud-bloomy-tog-05","status":"publish","type":"product","link":"https:\/\/sulin.ee\/en\/toode\/beebi-magamiskott-kookon-0-3-kuud-bloomy-tog-05\/","title":{"rendered":"Beebi magamiskott kookon 0\u20133 kuud \u2013 Bloomy (TOG-0,5)"},"content":{"rendered":"<h3 class=\"\" data-start=\"102\" data-end=\"152\"><strong data-start=\"106\" data-end=\"152\">Beebi magamiskott kookon 0\u20133 kuud \u2013 Bloomy<\/strong><\/h3>\n<p class=\"\" data-start=\"154\" data-end=\"414\"><strong data-start=\"154\" data-end=\"200\">Beebi magamiskott kookon 0\u20133 kuud \u2013 Bloomy<\/strong> aitab luua vasts\u00fcndinule turvalise ja rahuliku une keskkonna. Kookoni abil saab beebi k\u00e4ed \u00f5rnalt kinni m\u00e4hkida, et v\u00e4ltida end kriimustamist ja liigset \u00e4rkamist. Nii tunneb pisike end hoitult \u2013 just nagu ema\u00fcsas.<\/p>\n<p class=\"\" data-start=\"416\" data-end=\"713\">Kui on aeg lapse k\u00e4ed vabastada, saab seda lihtsalt teha t\u00e4nu praktilistele trukkidele. Need on nikkelivabad ja peidetud pehme kangakaitse alla, et tagada maksimaalne turvalisus ja mugavus beebi nahale. Magamiskookon on saadaval mitmes kaunis v\u00e4rvitoonis, et sobituda iga beebitoa sisekujundusega.<\/p>\n<p class=\"\" data-start=\"715\" data-end=\"749\"><strong data-start=\"715\" data-end=\"749\">Miks valida see magamiskookon?<\/strong><\/p>\n<p class=\"\" data-start=\"751\" data-end=\"1004\">\ud83d\udfe2 Loob beebile turvalise ja rahustava une\u00f5hkkonna<br data-start=\"801\" data-end=\"804\" \/>\ud83d\udfe2 Aitab v\u00e4ltida \u00e4rkamist ja kriimustamist<br data-start=\"846\" data-end=\"849\" \/>\ud83d\udfe2 K\u00e4ep\u00e4rased trukid v\u00f5imaldavad k\u00e4si vajadusel vabastada<br data-start=\"906\" data-end=\"909\" \/>\ud83d\udfe2 Nikkelivabad ja pehmelt kaitstud kinnitused<br data-start=\"955\" data-end=\"958\" \/>\ud83d\udfe2 Saadaval mitmes imeilusas toonis, sh Bloomy<\/p>\n<p class=\"\" data-start=\"1006\" data-end=\"1104\">\ud83c\udf80 <strong data-start=\"1009\" data-end=\"1104\">Paku oma beebile s\u00fcgavat und ja endale rahulikumaid \u00f6id \u2013 Bloomy kookoniga see on v\u00f5imalik!<\/strong><\/p>\n<p data-start=\"1006\" data-end=\"1104\">\ud83d\udc49 Vaata ka meie teisi magamiskotte beebidele! <a href=\"https:\/\/sulin.ee\/tootekategooria\/beebile\/magamine-beebi\/magamiskotid\/\">Leiad siit!<\/a><\/p>\n<p><strong>Mis on TOG v\u00e4\u00e4rtus?<\/strong><\/p>\n<p>TOG (Thermal Overall Grade) v\u00e4\u00e4rtus annab lihtsad juhtun\u00f6\u00f6rid, millist magamiskotti vastavalt hooajale ja temperatuurile valida. Mida suurem TOG v\u00e4\u00e4rtus seda soojem on toode.<\/p>\n","protected":false},"excerpt":{"rendered":"<p><strong>Beebi magamiskott kookon 0\u20133 kuud \u2013 Bloomy aitab beebil paremini magada, hoides k\u00e4ed turvaliselt keha ligi. Peidetud nikkelivabad trukid v\u00f5imaldavad k\u00e4ed vajadusel vabastada. Rahulik uni sinu pisikesele \u2013 igal \u00f6\u00f6l!<\/strong><\/p>\n","protected":false},"featured_media":46198,"comment_status":"open","ping_status":"closed","template":"","meta":[],"product_brand":[],"product_cat":[179,777,809,776],"product_tag":[],"class_list":{"0":"post-46197","1":"product","2":"type-product","3":"status-publish","4":"has-post-thumbnail","6":"product_cat-beebile","7":"product_cat-beebi-uni-ja-magamine","8":"product_cat-magamiskotid","9":"product_cat-jollein-2","10":"has-post-title","11":"has-post-date","12":"has-post-category","13":"has-post-tag","14":"has-post-comment","15":"has-post-author","16":"","18":"first","19":"instock","20":"sale","21":"taxable","22":"shipping-taxable","23":"purchasable","24":"product-type-simple"},"yoast_head":"<!-- This site is optimized with the Yoast SEO plugin v26.8 - https:\/\/yoast.com\/product\/yoast-seo-wordpress\/ -->\n<title>Beebi magamiskott kookon 0\u20133 kuud \u2013 Bloomy (TOG-0,5) - sulin.ee<\/title>\n<meta name=\"description\" content=\"Beebi magamiskott kookon 0\u20133 kuud \u2013 Bloomy pakub turvalist ja rahustavat und. Pehmed materjalid, nikkelivabad trukid ja armas disain beebile.\" \/>\n<meta name=\"robots\" content=\"index, follow, max-snippet:-1, max-image-preview:large, max-video-preview:-1\" \/>\n<link rel=\"canonical\" href=\"https:\/\/sulin.ee\/en\/toode\/beebi-magamiskott-kookon-0-3-kuud-bloomy-tog-05\/\" \/>\n<meta property=\"og:locale\" content=\"en_US\" \/>\n<meta property=\"og:type\" content=\"article\" \/>\n<meta property=\"og:title\" content=\"Beebi magamiskott kookon 0\u20133 kuud \u2013 Bloomy (TOG-0,5) - sulin.ee\" \/>\n<meta property=\"og:description\" content=\"Beebi magamiskott kookon 0\u20133 kuud \u2013 Bloomy pakub turvalist ja rahustavat und. Pehmed materjalid, nikkelivabad trukid ja armas disain beebile.\" \/>\n<meta property=\"og:url\" content=\"https:\/\/sulin.ee\/en\/toode\/beebi-magamiskott-kookon-0-3-kuud-bloomy-tog-05\/\" \/>\n<meta property=\"og:site_name\" content=\"sulin.ee\" \/>\n<meta property=\"article:publisher\" content=\"https:\/\/www.facebook.com\/www.sulin.ee\/\" \/>\n<meta property=\"article:modified_time\" content=\"2025-12-29T15:08:36+00:00\" \/>\n<meta property=\"og:image\" content=\"https:\/\/sulin.ee\/wp-content\/uploads\/2025\/04\/Piltide-korrektuurid-kodulehel-2025-04-07T144740.646.png\" \/>\n\t<meta property=\"og:image:width\" content=\"1080\" \/>\n\t<meta property=\"og:image:height\" content=\"1080\" \/>\n\t<meta property=\"og:image:type\" content=\"image\/png\" \/>\n<meta name=\"twitter:card\" content=\"summary_large_image\" \/>\n<meta name=\"twitter:label1\" content=\"Est. reading time\" \/>\n\t<meta name=\"twitter:data1\" content=\"2 minutes\" \/>\n<script type=\"application\/ld+json\" class=\"yoast-schema-graph\">{\"@context\":\"https:\/\/schema.org\",\"@graph\":[{\"@type\":\"WebPage\",\"@id\":\"https:\/\/sulin.ee\/en\/toode\/beebi-magamiskott-kookon-0-3-kuud-bloomy-tog-05\/\",\"url\":\"https:\/\/sulin.ee\/en\/toode\/beebi-magamiskott-kookon-0-3-kuud-bloomy-tog-05\/\",\"name\":\"Beebi magamiskott kookon 0\u20133 kuud \u2013 Bloomy (TOG-0,5) - sulin.ee\",\"isPartOf\":{\"@id\":\"https:\/\/sulin.ee\/en\/#website\"},\"primaryImageOfPage\":{\"@id\":\"https:\/\/sulin.ee\/en\/toode\/beebi-magamiskott-kookon-0-3-kuud-bloomy-tog-05\/#primaryimage\"},\"image\":{\"@id\":\"https:\/\/sulin.ee\/en\/toode\/beebi-magamiskott-kookon-0-3-kuud-bloomy-tog-05\/#primaryimage\"},\"thumbnailUrl\":\"https:\/\/sulin.ee\/wp-content\/uploads\/2025\/04\/Piltide-korrektuurid-kodulehel-2025-04-07T144740.646.png\",\"datePublished\":\"2025-04-07T11:53:22+00:00\",\"dateModified\":\"2025-12-29T15:08:36+00:00\",\"description\":\"Beebi magamiskott kookon 0\u20133 kuud \u2013 Bloomy pakub turvalist ja rahustavat und. Pehmed materjalid, nikkelivabad trukid ja armas disain beebile.\",\"breadcrumb\":{\"@id\":\"https:\/\/sulin.ee\/en\/toode\/beebi-magamiskott-kookon-0-3-kuud-bloomy-tog-05\/#breadcrumb\"},\"inLanguage\":\"en-US\",\"potentialAction\":[{\"@type\":\"ReadAction\",\"target\":[\"https:\/\/sulin.ee\/en\/toode\/beebi-magamiskott-kookon-0-3-kuud-bloomy-tog-05\/\"]}]},{\"@type\":\"ImageObject\",\"inLanguage\":\"en-US\",\"@id\":\"https:\/\/sulin.ee\/en\/toode\/beebi-magamiskott-kookon-0-3-kuud-bloomy-tog-05\/#primaryimage\",\"url\":\"https:\/\/sulin.ee\/wp-content\/uploads\/2025\/04\/Piltide-korrektuurid-kodulehel-2025-04-07T144740.646.png\",\"contentUrl\":\"https:\/\/sulin.ee\/wp-content\/uploads\/2025\/04\/Piltide-korrektuurid-kodulehel-2025-04-07T144740.646.png\",\"width\":1080,\"height\":1080,\"caption\":\"Beebi magamiskott kookon\"},{\"@type\":\"BreadcrumbList\",\"@id\":\"https:\/\/sulin.ee\/en\/toode\/beebi-magamiskott-kookon-0-3-kuud-bloomy-tog-05\/#breadcrumb\",\"itemListElement\":[{\"@type\":\"ListItem\",\"position\":1,\"name\":\"Home\",\"item\":\"https:\/\/sulin.ee\/en\/\"},{\"@type\":\"ListItem\",\"position\":2,\"name\":\"Sulin.ee e-pood\",\"item\":\"https:\/\/sulin.ee\/shop\/\"},{\"@type\":\"ListItem\",\"position\":3,\"name\":\"Beebi magamiskott kookon 0\u20133 kuud \u2013 Bloomy (TOG-0,5)\"}]},{\"@type\":\"WebSite\",\"@id\":\"https:\/\/sulin.ee\/en\/#website\",\"url\":\"https:\/\/sulin.ee\/en\/\",\"name\":\"sulin.ee\",\"description\":\"\",\"publisher\":{\"@id\":\"https:\/\/sulin.ee\/en\/#organization\"},\"potentialAction\":[{\"@type\":\"SearchAction\",\"target\":{\"@type\":\"EntryPoint\",\"urlTemplate\":\"https:\/\/sulin.ee\/en\/?s={search_term_string}\"},\"query-input\":{\"@type\":\"PropertyValueSpecification\",\"valueRequired\":true,\"valueName\":\"search_term_string\"}}],\"inLanguage\":\"en-US\"},{\"@type\":\"Organization\",\"@id\":\"https:\/\/sulin.ee\/en\/#organization\",\"name\":\"SULIN TRADE O\u00dc\",\"url\":\"https:\/\/sulin.ee\/en\/\",\"logo\":{\"@type\":\"ImageObject\",\"inLanguage\":\"en-US\",\"@id\":\"https:\/\/sulin.ee\/en\/#\/schema\/logo\/image\/\",\"url\":\"https:\/\/sulin.ee\/wp-content\/uploads\/2022\/11\/sulin-logo.png\",\"contentUrl\":\"https:\/\/sulin.ee\/wp-content\/uploads\/2022\/11\/sulin-logo.png\",\"width\":871,\"height\":321,\"caption\":\"SULIN TRADE O\u00dc\"},\"image\":{\"@id\":\"https:\/\/sulin.ee\/en\/#\/schema\/logo\/image\/\"},\"sameAs\":[\"https:\/\/www.facebook.com\/www.sulin.ee\/\",\"https:\/\/www.instagram.com\/sulintrade\/\"]}]}<\/script>\n<!-- \/ Yoast SEO plugin. -->","yoast_head_json":{"title":"Beebi magamiskott kookon 0\u20133 kuud \u2013 Bloomy (TOG-0,5) - sulin.ee","description":"Beebi magamiskott kookon 0\u20133 kuud \u2013 Bloomy pakub turvalist ja rahustavat und. Pehmed materjalid, nikkelivabad trukid ja armas disain beebile.","robots":{"index":"index","follow":"follow","max-snippet":"max-snippet:-1","max-image-preview":"max-image-preview:large","max-video-preview":"max-video-preview:-1"},"canonical":"https:\/\/sulin.ee\/en\/toode\/beebi-magamiskott-kookon-0-3-kuud-bloomy-tog-05\/","og_locale":"en_US","og_type":"article","og_title":"Beebi magamiskott kookon 0\u20133 kuud \u2013 Bloomy (TOG-0,5) - sulin.ee","og_description":"Beebi magamiskott kookon 0\u20133 kuud \u2013 Bloomy pakub turvalist ja rahustavat und. Pehmed materjalid, nikkelivabad trukid ja armas disain beebile.","og_url":"https:\/\/sulin.ee\/en\/toode\/beebi-magamiskott-kookon-0-3-kuud-bloomy-tog-05\/","og_site_name":"sulin.ee","article_publisher":"https:\/\/www.facebook.com\/www.sulin.ee\/","article_modified_time":"2025-12-29T15:08:36+00:00","og_image":[{"width":1080,"height":1080,"url":"https:\/\/sulin.ee\/wp-content\/uploads\/2025\/04\/Piltide-korrektuurid-kodulehel-2025-04-07T144740.646.png","type":"image\/png"}],"twitter_card":"summary_large_image","twitter_misc":{"Est. reading time":"2 minutes"},"schema":{"@context":"https:\/\/schema.org","@graph":[{"@type":"WebPage","@id":"https:\/\/sulin.ee\/en\/toode\/beebi-magamiskott-kookon-0-3-kuud-bloomy-tog-05\/","url":"https:\/\/sulin.ee\/en\/toode\/beebi-magamiskott-kookon-0-3-kuud-bloomy-tog-05\/","name":"Beebi magamiskott kookon 0\u20133 kuud \u2013 Bloomy (TOG-0,5) - sulin.ee","isPartOf":{"@id":"https:\/\/sulin.ee\/en\/#website"},"primaryImageOfPage":{"@id":"https:\/\/sulin.ee\/en\/toode\/beebi-magamiskott-kookon-0-3-kuud-bloomy-tog-05\/#primaryimage"},"image":{"@id":"https:\/\/sulin.ee\/en\/toode\/beebi-magamiskott-kookon-0-3-kuud-bloomy-tog-05\/#primaryimage"},"thumbnailUrl":"https:\/\/sulin.ee\/wp-content\/uploads\/2025\/04\/Piltide-korrektuurid-kodulehel-2025-04-07T144740.646.png","datePublished":"2025-04-07T11:53:22+00:00","dateModified":"2025-12-29T15:08:36+00:00","description":"Beebi magamiskott kookon 0\u20133 kuud \u2013 Bloomy pakub turvalist ja rahustavat und. Pehmed materjalid, nikkelivabad trukid ja armas disain beebile.","breadcrumb":{"@id":"https:\/\/sulin.ee\/en\/toode\/beebi-magamiskott-kookon-0-3-kuud-bloomy-tog-05\/#breadcrumb"},"inLanguage":"en-US","potentialAction":[{"@type":"ReadAction","target":["https:\/\/sulin.ee\/en\/toode\/beebi-magamiskott-kookon-0-3-kuud-bloomy-tog-05\/"]}]},{"@type":"ImageObject","inLanguage":"en-US","@id":"https:\/\/sulin.ee\/en\/toode\/beebi-magamiskott-kookon-0-3-kuud-bloomy-tog-05\/#primaryimage","url":"https:\/\/sulin.ee\/wp-content\/uploads\/2025\/04\/Piltide-korrektuurid-kodulehel-2025-04-07T144740.646.png","contentUrl":"https:\/\/sulin.ee\/wp-content\/uploads\/2025\/04\/Piltide-korrektuurid-kodulehel-2025-04-07T144740.646.png","width":1080,"height":1080,"caption":"Beebi magamiskott kookon"},{"@type":"BreadcrumbList","@id":"https:\/\/sulin.ee\/en\/toode\/beebi-magamiskott-kookon-0-3-kuud-bloomy-tog-05\/#breadcrumb","itemListElement":[{"@type":"ListItem","position":1,"name":"Home","item":"https:\/\/sulin.ee\/en\/"},{"@type":"ListItem","position":2,"name":"Sulin.ee e-pood","item":"https:\/\/sulin.ee\/shop\/"},{"@type":"ListItem","position":3,"name":"Beebi magamiskott kookon 0\u20133 kuud \u2013 Bloomy (TOG-0,5)"}]},{"@type":"WebSite","@id":"https:\/\/sulin.ee\/en\/#website","url":"https:\/\/sulin.ee\/en\/","name":"sulin.ee","description":"","publisher":{"@id":"https:\/\/sulin.ee\/en\/#organization"},"potentialAction":[{"@type":"SearchAction","target":{"@type":"EntryPoint","urlTemplate":"https:\/\/sulin.ee\/en\/?s={search_term_string}"},"query-input":{"@type":"PropertyValueSpecification","valueRequired":true,"valueName":"search_term_string"}}],"inLanguage":"en-US"},{"@type":"Organization","@id":"https:\/\/sulin.ee\/en\/#organization","name":"SULIN TRADE O\u00dc","url":"https:\/\/sulin.ee\/en\/","logo":{"@type":"ImageObject","inLanguage":"en-US","@id":"https:\/\/sulin.ee\/en\/#\/schema\/logo\/image\/","url":"https:\/\/sulin.ee\/wp-content\/uploads\/2022\/11\/sulin-logo.png","contentUrl":"https:\/\/sulin.ee\/wp-content\/uploads\/2022\/11\/sulin-logo.png","width":871,"height":321,"caption":"SULIN TRADE O\u00dc"},"image":{"@id":"https:\/\/sulin.ee\/en\/#\/schema\/logo\/image\/"},"sameAs":["https:\/\/www.facebook.com\/www.sulin.ee\/","https:\/\/www.instagram.com\/sulintrade\/"]}]}},"builder_content":"","_links":{"self":[{"href":"https:\/\/sulin.ee\/en\/wp-json\/wp\/v2\/product\/46197","targetHints":{"allow":["GET"]}}],"collection":[{"href":"https:\/\/sulin.ee\/en\/wp-json\/wp\/v2\/product"}],"about":[{"href":"https:\/\/sulin.ee\/en\/wp-json\/wp\/v2\/types\/product"}],"replies":[{"embeddable":true,"href":"https:\/\/sulin.ee\/en\/wp-json\/wp\/v2\/comments?post=46197"}],"wp:featuredmedia":[{"embeddable":true,"href":"https:\/\/sulin.ee\/en\/wp-json\/wp\/v2\/media\/46198"}],"wp:attachment":[{"href":"https:\/\/sulin.ee\/en\/wp-json\/wp\/v2\/media?parent=46197"}],"wp:term":[{"taxonomy":"product_brand","embeddable":true,"href":"https:\/\/sulin.ee\/en\/wp-json\/wp\/v2\/product_brand?post=46197"},{"taxonomy":"product_cat","embeddable":true,"href":"https:\/\/sulin.ee\/en\/wp-json\/wp\/v2\/product_cat?post=46197"},{"taxonomy":"product_tag","embeddable":true,"href":"https:\/\/sulin.ee\/en\/wp-json\/wp\/v2\/product_tag?post=46197"}],"curies":[{"name":"wp","href":"https:\/\/api.w.org\/{rel}","templated":true}]}}