{"id":46045,"date":"2025-04-07T08:22:19","date_gmt":"2025-04-07T08:22:19","guid":{"rendered":"https:\/\/sulin.ee\/?post_type=product&#038;p=46045"},"modified":"2026-01-10T09:13:32","modified_gmt":"2026-01-10T09:13:32","slug":"jollein-magamiskott-suvine-jungle-jambo-tog-05","status":"publish","type":"product","link":"https:\/\/sulin.ee\/en\/toode\/jollein-magamiskott-suvine-jungle-jambo-tog-05\/","title":{"rendered":"Jollein magamiskott suvine &#8211; Jungle Jambo (TOG 0,5)"},"content":{"rendered":"<p><strong>Jollein magamiskott suvine on praktiline toode, mis tagab lapsele parema ja rahulikuma une. Suvine magamiskott (TOG 0,5) on valmistatud \u00f5hukesest Jersey puuvillast, mis laseb \u00f5hku l\u00e4bi ning ei aja last higistama.<\/strong><\/p>\n<p>Magamiskotis magamine loob lapsele turvatunde (nagu ema k\u00f5hus olles) ning piirab lapse jalgade liikumist, t\u00e4nu millele ei ehmata laps ennast l\u00e4bi une \u00e4rkvele. Lisaks sellele ei pea te muretsema, et laps teki kogemata \u00fcle n\u00e4o t\u00f5mbab v\u00f5i jalgadega sahmides hoopis pealt \u00e4ra l\u00fckkab. T\u00e4nu magamiskotile saab ka vanem meelerahu ning ei pea pidevalt k\u00e4ima last kontrollimas.<\/p>\n<p>Magamiskott sobib kasutamiseks alates kolmandast elukuust. Enne seda m\u00e4ssi beebi <span style=\"color: #0000ff;\"><a style=\"color: #0000ff;\" href=\"https:\/\/sulin.ee\/tootekategooria\/beebid\/magamine-beebi\/musliintekid\/\" target=\"_blank\" rel=\"noopener\">musliinteki<\/a><\/span> sisse v\u00f5i kasuta beebidele m\u00f5eldud <a href=\"https:\/\/sulin.ee\/toode\/jollein-beebi-magamiskott-0-3-kuud-tog-05\/\" target=\"_blank\" rel=\"noopener\"><span style=\"color: #0000ff;\">magamiskotti.<\/span><\/a><\/p>\n<p>Magamiskoti lukk avaneb alt, t\u00e4nu millele ei pea last kotist v\u00e4lja v\u00f5tma ning m\u00e4hkmevahetus on lihtsam. Vaata <a href=\"https:\/\/www.youtube.com\/watch?v=qG3gRT1nBU4\" target=\"_blank\" rel=\"noopener\"><span style=\"color: #0000ff;\">videost <\/span><\/a>kuidas magamiskotti kasutada.<\/p>\n<p><strong>Materjal:<\/strong> Magamiskott on valmistatud 100% pehmest Jersey puuvillast.<\/p>\n<p><strong>Jollein suvine magamiskott on saadaval kolmes m\u00f5\u00f5dus<\/strong> (NB! tegemist on koti enda m\u00f5\u00f5duga, mitte lapse pikkusega)<strong>:<\/strong><\/p>\n<p><strong>70 cm<\/strong> &#8211; sobib 3 &#8211; 9 kuu vanusele lapsele.<\/p>\n<p><strong>90 cm<\/strong> &#8211; sobib 6 &#8211; 24 kuu vanusele lapsele.<\/p>\n<p><strong>110 cm<\/strong> &#8211; sobib 18+ kuu vanusele lapsele.<\/p>\n<p><strong>Mis on TOG v\u00e4\u00e4rtus?<\/strong><\/p>\n<p>TOG (Thermal Overall Grade) v\u00e4\u00e4rtus annab lihtsad juhtun\u00f6\u00f6rid, millist magamiskotti vastavalt hooajale ja temperatuurile valida. Mida suurem TOG v\u00e4\u00e4rtus seda soojem on toode.<\/p>\n","protected":false},"excerpt":{"rendered":"<p>Jollein magamiskott suvine on praktiline toode, mis tagab lapsele parema ja rahulikuma une. Suvine magamiskott (TOG 0,5) on valmistatud \u00f5hukesest Jersey puuvillast, mis laseb \u00f5hku l\u00e4bi ning ei aja last higistama. Magamiskotis magamine loob lapsele turvatunde (nagu ema k\u00f5hus olles) ning piirab lapse jalgade liikumist, t\u00e4nu millele ei ehmata laps ennast l\u00e4bi une \u00e4rkvele. Lisaks [&hellip;]<\/p>\n","protected":false},"featured_media":46046,"comment_status":"open","ping_status":"closed","template":"","meta":[],"product_brand":[],"product_cat":[179,777,809,776],"product_tag":[],"class_list":{"0":"post-46045","1":"product","2":"type-product","3":"status-publish","4":"has-post-thumbnail","6":"product_cat-beebile","7":"product_cat-beebi-uni-ja-magamine","8":"product_cat-magamiskotid","9":"product_cat-jollein-2","10":"has-post-title","11":"has-post-date","12":"has-post-category","13":"has-post-tag","14":"has-post-comment","15":"has-post-author","16":"","18":"first","19":"instock","20":"sale","21":"taxable","22":"shipping-taxable","23":"purchasable","24":"product-type-variable"},"yoast_head":"<!-- This site is optimized with the Yoast SEO plugin v26.8 - https:\/\/yoast.com\/product\/yoast-seo-wordpress\/ -->\n<title>Jollein magamiskott suvine - Jungle Jambo (TOG 0,5) - sulin.ee<\/title>\n<meta name=\"description\" content=\"Jollein suvine magamiskott tagab lapsele parema ja rahulikuma une. Suvine magamiskott on valmistatud \u00f5hukesest Jersey puuvillast, mis ei aja last higistama.\" \/>\n<meta name=\"robots\" content=\"index, follow, max-snippet:-1, max-image-preview:large, max-video-preview:-1\" \/>\n<link rel=\"canonical\" href=\"https:\/\/sulin.ee\/en\/toode\/jollein-magamiskott-suvine-jungle-jambo-tog-05\/\" \/>\n<meta property=\"og:locale\" content=\"en_US\" \/>\n<meta property=\"og:type\" content=\"article\" \/>\n<meta property=\"og:title\" content=\"Jollein magamiskott suvine - Jungle Jambo (TOG 0,5) - sulin.ee\" \/>\n<meta property=\"og:description\" content=\"Jollein suvine magamiskott tagab lapsele parema ja rahulikuma une. Suvine magamiskott on valmistatud \u00f5hukesest Jersey puuvillast, mis ei aja last higistama.\" \/>\n<meta property=\"og:url\" content=\"https:\/\/sulin.ee\/en\/toode\/jollein-magamiskott-suvine-jungle-jambo-tog-05\/\" \/>\n<meta property=\"og:site_name\" content=\"sulin.ee\" \/>\n<meta property=\"article:publisher\" content=\"https:\/\/www.facebook.com\/www.sulin.ee\/\" \/>\n<meta property=\"article:modified_time\" content=\"2026-01-10T09:13:32+00:00\" \/>\n<meta property=\"og:image\" content=\"https:\/\/sulin.ee\/wp-content\/uploads\/2025\/04\/Piltide-korrektuurid-kodulehel-2025-04-07T111218.652.png\" \/>\n\t<meta property=\"og:image:width\" content=\"1080\" \/>\n\t<meta property=\"og:image:height\" content=\"1080\" \/>\n\t<meta property=\"og:image:type\" content=\"image\/png\" \/>\n<meta name=\"twitter:card\" content=\"summary_large_image\" \/>\n<meta name=\"twitter:label1\" content=\"Est. reading time\" \/>\n\t<meta name=\"twitter:data1\" content=\"2 minutes\" \/>\n<script type=\"application\/ld+json\" class=\"yoast-schema-graph\">{\"@context\":\"https:\/\/schema.org\",\"@graph\":[{\"@type\":\"WebPage\",\"@id\":\"https:\/\/sulin.ee\/en\/toode\/jollein-magamiskott-suvine-jungle-jambo-tog-05\/\",\"url\":\"https:\/\/sulin.ee\/en\/toode\/jollein-magamiskott-suvine-jungle-jambo-tog-05\/\",\"name\":\"Jollein magamiskott suvine - Jungle Jambo (TOG 0,5) - sulin.ee\",\"isPartOf\":{\"@id\":\"https:\/\/sulin.ee\/en\/#website\"},\"primaryImageOfPage\":{\"@id\":\"https:\/\/sulin.ee\/en\/toode\/jollein-magamiskott-suvine-jungle-jambo-tog-05\/#primaryimage\"},\"image\":{\"@id\":\"https:\/\/sulin.ee\/en\/toode\/jollein-magamiskott-suvine-jungle-jambo-tog-05\/#primaryimage\"},\"thumbnailUrl\":\"https:\/\/sulin.ee\/wp-content\/uploads\/2025\/04\/Piltide-korrektuurid-kodulehel-2025-04-07T111218.652.png\",\"datePublished\":\"2025-04-07T08:22:19+00:00\",\"dateModified\":\"2026-01-10T09:13:32+00:00\",\"description\":\"Jollein suvine magamiskott tagab lapsele parema ja rahulikuma une. Suvine magamiskott on valmistatud \u00f5hukesest Jersey puuvillast, mis ei aja last higistama.\",\"breadcrumb\":{\"@id\":\"https:\/\/sulin.ee\/en\/toode\/jollein-magamiskott-suvine-jungle-jambo-tog-05\/#breadcrumb\"},\"inLanguage\":\"en-US\",\"potentialAction\":[{\"@type\":\"ReadAction\",\"target\":[\"https:\/\/sulin.ee\/en\/toode\/jollein-magamiskott-suvine-jungle-jambo-tog-05\/\"]}]},{\"@type\":\"ImageObject\",\"inLanguage\":\"en-US\",\"@id\":\"https:\/\/sulin.ee\/en\/toode\/jollein-magamiskott-suvine-jungle-jambo-tog-05\/#primaryimage\",\"url\":\"https:\/\/sulin.ee\/wp-content\/uploads\/2025\/04\/Piltide-korrektuurid-kodulehel-2025-04-07T111218.652.png\",\"contentUrl\":\"https:\/\/sulin.ee\/wp-content\/uploads\/2025\/04\/Piltide-korrektuurid-kodulehel-2025-04-07T111218.652.png\",\"width\":1080,\"height\":1080,\"caption\":\"Jollein magamiskott suvine\"},{\"@type\":\"BreadcrumbList\",\"@id\":\"https:\/\/sulin.ee\/en\/toode\/jollein-magamiskott-suvine-jungle-jambo-tog-05\/#breadcrumb\",\"itemListElement\":[{\"@type\":\"ListItem\",\"position\":1,\"name\":\"Home\",\"item\":\"https:\/\/sulin.ee\/en\/\"},{\"@type\":\"ListItem\",\"position\":2,\"name\":\"Sulin.ee e-pood\",\"item\":\"https:\/\/sulin.ee\/shop\/\"},{\"@type\":\"ListItem\",\"position\":3,\"name\":\"Jollein magamiskott suvine &#8211; Jungle Jambo (TOG 0,5)\"}]},{\"@type\":\"WebSite\",\"@id\":\"https:\/\/sulin.ee\/en\/#website\",\"url\":\"https:\/\/sulin.ee\/en\/\",\"name\":\"sulin.ee\",\"description\":\"\",\"publisher\":{\"@id\":\"https:\/\/sulin.ee\/en\/#organization\"},\"potentialAction\":[{\"@type\":\"SearchAction\",\"target\":{\"@type\":\"EntryPoint\",\"urlTemplate\":\"https:\/\/sulin.ee\/en\/?s={search_term_string}\"},\"query-input\":{\"@type\":\"PropertyValueSpecification\",\"valueRequired\":true,\"valueName\":\"search_term_string\"}}],\"inLanguage\":\"en-US\"},{\"@type\":\"Organization\",\"@id\":\"https:\/\/sulin.ee\/en\/#organization\",\"name\":\"SULIN TRADE O\u00dc\",\"url\":\"https:\/\/sulin.ee\/en\/\",\"logo\":{\"@type\":\"ImageObject\",\"inLanguage\":\"en-US\",\"@id\":\"https:\/\/sulin.ee\/en\/#\/schema\/logo\/image\/\",\"url\":\"https:\/\/sulin.ee\/wp-content\/uploads\/2022\/11\/sulin-logo.png\",\"contentUrl\":\"https:\/\/sulin.ee\/wp-content\/uploads\/2022\/11\/sulin-logo.png\",\"width\":871,\"height\":321,\"caption\":\"SULIN TRADE O\u00dc\"},\"image\":{\"@id\":\"https:\/\/sulin.ee\/en\/#\/schema\/logo\/image\/\"},\"sameAs\":[\"https:\/\/www.facebook.com\/www.sulin.ee\/\",\"https:\/\/www.instagram.com\/sulintrade\/\"]}]}<\/script>\n<!-- \/ Yoast SEO plugin. -->","yoast_head_json":{"title":"Jollein magamiskott suvine - Jungle Jambo (TOG 0,5) - sulin.ee","description":"Jollein suvine magamiskott tagab lapsele parema ja rahulikuma une. Suvine magamiskott on valmistatud \u00f5hukesest Jersey puuvillast, mis ei aja last higistama.","robots":{"index":"index","follow":"follow","max-snippet":"max-snippet:-1","max-image-preview":"max-image-preview:large","max-video-preview":"max-video-preview:-1"},"canonical":"https:\/\/sulin.ee\/en\/toode\/jollein-magamiskott-suvine-jungle-jambo-tog-05\/","og_locale":"en_US","og_type":"article","og_title":"Jollein magamiskott suvine - Jungle Jambo (TOG 0,5) - sulin.ee","og_description":"Jollein suvine magamiskott tagab lapsele parema ja rahulikuma une. Suvine magamiskott on valmistatud \u00f5hukesest Jersey puuvillast, mis ei aja last higistama.","og_url":"https:\/\/sulin.ee\/en\/toode\/jollein-magamiskott-suvine-jungle-jambo-tog-05\/","og_site_name":"sulin.ee","article_publisher":"https:\/\/www.facebook.com\/www.sulin.ee\/","article_modified_time":"2026-01-10T09:13:32+00:00","og_image":[{"width":1080,"height":1080,"url":"https:\/\/sulin.ee\/wp-content\/uploads\/2025\/04\/Piltide-korrektuurid-kodulehel-2025-04-07T111218.652.png","type":"image\/png"}],"twitter_card":"summary_large_image","twitter_misc":{"Est. reading time":"2 minutes"},"schema":{"@context":"https:\/\/schema.org","@graph":[{"@type":"WebPage","@id":"https:\/\/sulin.ee\/en\/toode\/jollein-magamiskott-suvine-jungle-jambo-tog-05\/","url":"https:\/\/sulin.ee\/en\/toode\/jollein-magamiskott-suvine-jungle-jambo-tog-05\/","name":"Jollein magamiskott suvine - Jungle Jambo (TOG 0,5) - sulin.ee","isPartOf":{"@id":"https:\/\/sulin.ee\/en\/#website"},"primaryImageOfPage":{"@id":"https:\/\/sulin.ee\/en\/toode\/jollein-magamiskott-suvine-jungle-jambo-tog-05\/#primaryimage"},"image":{"@id":"https:\/\/sulin.ee\/en\/toode\/jollein-magamiskott-suvine-jungle-jambo-tog-05\/#primaryimage"},"thumbnailUrl":"https:\/\/sulin.ee\/wp-content\/uploads\/2025\/04\/Piltide-korrektuurid-kodulehel-2025-04-07T111218.652.png","datePublished":"2025-04-07T08:22:19+00:00","dateModified":"2026-01-10T09:13:32+00:00","description":"Jollein suvine magamiskott tagab lapsele parema ja rahulikuma une. Suvine magamiskott on valmistatud \u00f5hukesest Jersey puuvillast, mis ei aja last higistama.","breadcrumb":{"@id":"https:\/\/sulin.ee\/en\/toode\/jollein-magamiskott-suvine-jungle-jambo-tog-05\/#breadcrumb"},"inLanguage":"en-US","potentialAction":[{"@type":"ReadAction","target":["https:\/\/sulin.ee\/en\/toode\/jollein-magamiskott-suvine-jungle-jambo-tog-05\/"]}]},{"@type":"ImageObject","inLanguage":"en-US","@id":"https:\/\/sulin.ee\/en\/toode\/jollein-magamiskott-suvine-jungle-jambo-tog-05\/#primaryimage","url":"https:\/\/sulin.ee\/wp-content\/uploads\/2025\/04\/Piltide-korrektuurid-kodulehel-2025-04-07T111218.652.png","contentUrl":"https:\/\/sulin.ee\/wp-content\/uploads\/2025\/04\/Piltide-korrektuurid-kodulehel-2025-04-07T111218.652.png","width":1080,"height":1080,"caption":"Jollein magamiskott suvine"},{"@type":"BreadcrumbList","@id":"https:\/\/sulin.ee\/en\/toode\/jollein-magamiskott-suvine-jungle-jambo-tog-05\/#breadcrumb","itemListElement":[{"@type":"ListItem","position":1,"name":"Home","item":"https:\/\/sulin.ee\/en\/"},{"@type":"ListItem","position":2,"name":"Sulin.ee e-pood","item":"https:\/\/sulin.ee\/shop\/"},{"@type":"ListItem","position":3,"name":"Jollein magamiskott suvine &#8211; Jungle Jambo (TOG 0,5)"}]},{"@type":"WebSite","@id":"https:\/\/sulin.ee\/en\/#website","url":"https:\/\/sulin.ee\/en\/","name":"sulin.ee","description":"","publisher":{"@id":"https:\/\/sulin.ee\/en\/#organization"},"potentialAction":[{"@type":"SearchAction","target":{"@type":"EntryPoint","urlTemplate":"https:\/\/sulin.ee\/en\/?s={search_term_string}"},"query-input":{"@type":"PropertyValueSpecification","valueRequired":true,"valueName":"search_term_string"}}],"inLanguage":"en-US"},{"@type":"Organization","@id":"https:\/\/sulin.ee\/en\/#organization","name":"SULIN TRADE O\u00dc","url":"https:\/\/sulin.ee\/en\/","logo":{"@type":"ImageObject","inLanguage":"en-US","@id":"https:\/\/sulin.ee\/en\/#\/schema\/logo\/image\/","url":"https:\/\/sulin.ee\/wp-content\/uploads\/2022\/11\/sulin-logo.png","contentUrl":"https:\/\/sulin.ee\/wp-content\/uploads\/2022\/11\/sulin-logo.png","width":871,"height":321,"caption":"SULIN TRADE O\u00dc"},"image":{"@id":"https:\/\/sulin.ee\/en\/#\/schema\/logo\/image\/"},"sameAs":["https:\/\/www.facebook.com\/www.sulin.ee\/","https:\/\/www.instagram.com\/sulintrade\/"]}]}},"builder_content":"","_links":{"self":[{"href":"https:\/\/sulin.ee\/en\/wp-json\/wp\/v2\/product\/46045","targetHints":{"allow":["GET"]}}],"collection":[{"href":"https:\/\/sulin.ee\/en\/wp-json\/wp\/v2\/product"}],"about":[{"href":"https:\/\/sulin.ee\/en\/wp-json\/wp\/v2\/types\/product"}],"replies":[{"embeddable":true,"href":"https:\/\/sulin.ee\/en\/wp-json\/wp\/v2\/comments?post=46045"}],"wp:featuredmedia":[{"embeddable":true,"href":"https:\/\/sulin.ee\/en\/wp-json\/wp\/v2\/media\/46046"}],"wp:attachment":[{"href":"https:\/\/sulin.ee\/en\/wp-json\/wp\/v2\/media?parent=46045"}],"wp:term":[{"taxonomy":"product_brand","embeddable":true,"href":"https:\/\/sulin.ee\/en\/wp-json\/wp\/v2\/product_brand?post=46045"},{"taxonomy":"product_cat","embeddable":true,"href":"https:\/\/sulin.ee\/en\/wp-json\/wp\/v2\/product_cat?post=46045"},{"taxonomy":"product_tag","embeddable":true,"href":"https:\/\/sulin.ee\/en\/wp-json\/wp\/v2\/product_tag?post=46045"}],"curies":[{"name":"wp","href":"https:\/\/api.w.org\/{rel}","templated":true}]}}