{"id":4557,"date":"2022-10-06T09:56:14","date_gmt":"2022-10-06T09:56:14","guid":{"rendered":"http:\/\/test.itson.ee\/sulin\/?post_type=product&#038;p=4557"},"modified":"2026-01-10T19:49:44","modified_gmt":"2026-01-10T19:49:44","slug":"happy-bear-ujumismahkmed","status":"publish","type":"product","link":"https:\/\/sulin.ee\/en\/toode\/happy-bear-ujumismahkmed\/","title":{"rendered":"Happy Bear ujumism\u00e4hkmed (erinevad mustrid)"},"content":{"rendered":"<p><strong>Happy Bear ujumism\u00e4hkmed on keskkonnas\u00f5bralik alternatiiv \u00fchekordsetele m\u00e4hkmetele, kuna piisab vaid \u00fchest paarist lapse 3 aastaseks saamiseni.<\/strong> T\u00e4nu m\u00e4hkmel olevate trukkide abil saab m\u00e4hkme suurust reguleerida vastavalt lapse kehale ja suurusele.<\/p>\n<p>L\u00e4hete puhkama mere \u00e4\u00e4rde v\u00f5i suplete aias basseinis, Happy Bear ujumism\u00e4hkmega on ujumisr\u00f5\u00f5m garanteeritud. Nagu ka \u00fchekordsed ujumism\u00e4hkmed ei hoia Happy Beari ujumism\u00e4hkmed niiskust, vaid on m\u00f5eldud tahkema kraami p\u00fc\u00fcdmiseks.<\/p>\n<p>Ujumism\u00e4hkmed on valmistatud pehmest ja elastsest PUL materjalist. P\u00fcksid on kerged ja laps saab nendega vabalt liikuda.<\/p>\n<p><strong>Sobib kasutamisesks s\u00fcnnist kuni lapse 3 aastaseks saamiseni.<\/strong><\/p>\n<p>Happy Bear ujumism\u00e4hkmete tutvustavat videot saad vaadata<span style=\"color: #0000ff;\"> <a style=\"color: #0000ff;\" href=\"https:\/\/www.youtube.com\/watch?v=_tW9AUtiS0k\" target=\"_blank\" rel=\"noopener\">siin.<\/a><\/span><\/p>\n<p>M\u00e4rgi ujumism\u00e4hkmeid on mugav hoiustada Happy Beari <span style=\"color: #0000ff;\"><a style=\"color: #0000ff;\" href=\"https:\/\/sulin.ee\/toode\/happy-bear-mahkmekott\/?attribute_pa_muster=botanical\" target=\"_blank\" rel=\"noopener\">niiskuskindlas m\u00e4hkmekotis.<\/a><\/span><\/p>\n","protected":false},"excerpt":{"rendered":"<p>Happy Bear ujumism\u00e4hkmed on keskkonnas\u00f5bralik alternatiiv \u00fchekordsetele m\u00e4hkmetele, kuna piisab vaid \u00fchest paarist lapse 3 aastaseks saamiseni. T\u00e4nu m\u00e4hkmel olevate trukkide abil saab m\u00e4hkme suurust reguleerida vastavalt lapse kehale ja suurusele. L\u00e4hete puhkama mere \u00e4\u00e4rde v\u00f5i suplete aias basseinis, Happy Bear ujumism\u00e4hkmega on ujumisr\u00f5\u00f5m garanteeritud. Nagu ka \u00fchekordsed ujumism\u00e4hkmed ei hoia Happy Beari ujumism\u00e4hkmed niiskust, [&hellip;]<\/p>\n","protected":false},"featured_media":16476,"comment_status":"open","ping_status":"closed","template":"","meta":[],"product_brand":[],"product_cat":[118,343],"product_tag":[344],"class_list":{"0":"post-4557","1":"product","2":"type-product","3":"status-publish","4":"has-post-thumbnail","6":"product_cat-ujumismahkmed","7":"product_cat-happy-bear","8":"product_tag-happy-bear","9":"has-post-title","10":"has-post-date","11":"has-post-category","12":"has-post-tag","13":"has-post-comment","14":"has-post-author","15":"","17":"first","18":"instock","19":"sale","20":"taxable","21":"shipping-taxable","22":"purchasable","23":"product-type-variable"},"yoast_head":"<!-- This site is optimized with the Yoast SEO plugin v26.8 - https:\/\/yoast.com\/product\/yoast-seo-wordpress\/ -->\n<title>Happy Bear ujumism\u00e4hkmed (erinevad mustrid) - sulin.ee<\/title>\n<meta name=\"description\" content=\"Happy Bear ujumism\u00e4hkmed on keskkonnas\u00f5bralik alternatiiv \u00fchekordsetele m\u00e4hkmetele, kuna piisab vaid \u00fchest paarist lapse 3 aastaseks saamiseni.\" \/>\n<meta name=\"robots\" content=\"index, follow, max-snippet:-1, max-image-preview:large, max-video-preview:-1\" \/>\n<link rel=\"canonical\" href=\"https:\/\/sulin.ee\/en\/toode\/happy-bear-ujumismahkmed\/\" \/>\n<meta property=\"og:locale\" content=\"en_US\" \/>\n<meta property=\"og:type\" content=\"article\" \/>\n<meta property=\"og:title\" content=\"Happy Bear ujumism\u00e4hkmed (erinevad mustrid) - sulin.ee\" \/>\n<meta property=\"og:description\" content=\"Happy Bear ujumism\u00e4hkmed on keskkonnas\u00f5bralik alternatiiv \u00fchekordsetele m\u00e4hkmetele, kuna piisab vaid \u00fchest paarist lapse 3 aastaseks saamiseni.\" \/>\n<meta property=\"og:url\" content=\"https:\/\/sulin.ee\/en\/toode\/happy-bear-ujumismahkmed\/\" \/>\n<meta property=\"og:site_name\" content=\"sulin.ee\" \/>\n<meta property=\"article:publisher\" content=\"https:\/\/www.facebook.com\/www.sulin.ee\/\" \/>\n<meta property=\"article:modified_time\" content=\"2026-01-10T19:49:44+00:00\" \/>\n<meta property=\"og:image\" content=\"https:\/\/sulin.ee\/wp-content\/uploads\/2023\/02\/Twiggy.png\" \/>\n\t<meta property=\"og:image:width\" content=\"1080\" \/>\n\t<meta property=\"og:image:height\" content=\"1080\" \/>\n\t<meta property=\"og:image:type\" content=\"image\/png\" \/>\n<meta name=\"twitter:card\" content=\"summary_large_image\" \/>\n<meta name=\"twitter:label1\" content=\"Est. reading time\" \/>\n\t<meta name=\"twitter:data1\" content=\"1 minute\" \/>\n<script type=\"application\/ld+json\" class=\"yoast-schema-graph\">{\"@context\":\"https:\/\/schema.org\",\"@graph\":[{\"@type\":\"WebPage\",\"@id\":\"https:\/\/sulin.ee\/en\/toode\/happy-bear-ujumismahkmed\/\",\"url\":\"https:\/\/sulin.ee\/en\/toode\/happy-bear-ujumismahkmed\/\",\"name\":\"Happy Bear ujumism\u00e4hkmed (erinevad mustrid) - sulin.ee\",\"isPartOf\":{\"@id\":\"https:\/\/sulin.ee\/en\/#website\"},\"primaryImageOfPage\":{\"@id\":\"https:\/\/sulin.ee\/en\/toode\/happy-bear-ujumismahkmed\/#primaryimage\"},\"image\":{\"@id\":\"https:\/\/sulin.ee\/en\/toode\/happy-bear-ujumismahkmed\/#primaryimage\"},\"thumbnailUrl\":\"https:\/\/sulin.ee\/wp-content\/uploads\/2023\/02\/Twiggy.png\",\"datePublished\":\"2022-10-06T09:56:14+00:00\",\"dateModified\":\"2026-01-10T19:49:44+00:00\",\"description\":\"Happy Bear ujumism\u00e4hkmed on keskkonnas\u00f5bralik alternatiiv \u00fchekordsetele m\u00e4hkmetele, kuna piisab vaid \u00fchest paarist lapse 3 aastaseks saamiseni.\",\"breadcrumb\":{\"@id\":\"https:\/\/sulin.ee\/en\/toode\/happy-bear-ujumismahkmed\/#breadcrumb\"},\"inLanguage\":\"en-US\",\"potentialAction\":[{\"@type\":\"ReadAction\",\"target\":[\"https:\/\/sulin.ee\/en\/toode\/happy-bear-ujumismahkmed\/\"]}]},{\"@type\":\"ImageObject\",\"inLanguage\":\"en-US\",\"@id\":\"https:\/\/sulin.ee\/en\/toode\/happy-bear-ujumismahkmed\/#primaryimage\",\"url\":\"https:\/\/sulin.ee\/wp-content\/uploads\/2023\/02\/Twiggy.png\",\"contentUrl\":\"https:\/\/sulin.ee\/wp-content\/uploads\/2023\/02\/Twiggy.png\",\"width\":1080,\"height\":1080,\"caption\":\"Happy Bear ujumism\u00e4hkmed\"},{\"@type\":\"BreadcrumbList\",\"@id\":\"https:\/\/sulin.ee\/en\/toode\/happy-bear-ujumismahkmed\/#breadcrumb\",\"itemListElement\":[{\"@type\":\"ListItem\",\"position\":1,\"name\":\"Home\",\"item\":\"https:\/\/sulin.ee\/en\/\"},{\"@type\":\"ListItem\",\"position\":2,\"name\":\"Sulin.ee e-pood\",\"item\":\"https:\/\/sulin.ee\/shop\/\"},{\"@type\":\"ListItem\",\"position\":3,\"name\":\"Happy Bear ujumism\u00e4hkmed (erinevad mustrid)\"}]},{\"@type\":\"WebSite\",\"@id\":\"https:\/\/sulin.ee\/en\/#website\",\"url\":\"https:\/\/sulin.ee\/en\/\",\"name\":\"sulin.ee\",\"description\":\"\",\"publisher\":{\"@id\":\"https:\/\/sulin.ee\/en\/#organization\"},\"potentialAction\":[{\"@type\":\"SearchAction\",\"target\":{\"@type\":\"EntryPoint\",\"urlTemplate\":\"https:\/\/sulin.ee\/en\/?s={search_term_string}\"},\"query-input\":{\"@type\":\"PropertyValueSpecification\",\"valueRequired\":true,\"valueName\":\"search_term_string\"}}],\"inLanguage\":\"en-US\"},{\"@type\":\"Organization\",\"@id\":\"https:\/\/sulin.ee\/en\/#organization\",\"name\":\"SULIN TRADE O\u00dc\",\"url\":\"https:\/\/sulin.ee\/en\/\",\"logo\":{\"@type\":\"ImageObject\",\"inLanguage\":\"en-US\",\"@id\":\"https:\/\/sulin.ee\/en\/#\/schema\/logo\/image\/\",\"url\":\"https:\/\/sulin.ee\/wp-content\/uploads\/2022\/11\/sulin-logo.png\",\"contentUrl\":\"https:\/\/sulin.ee\/wp-content\/uploads\/2022\/11\/sulin-logo.png\",\"width\":871,\"height\":321,\"caption\":\"SULIN TRADE O\u00dc\"},\"image\":{\"@id\":\"https:\/\/sulin.ee\/en\/#\/schema\/logo\/image\/\"},\"sameAs\":[\"https:\/\/www.facebook.com\/www.sulin.ee\/\",\"https:\/\/www.instagram.com\/sulintrade\/\"]}]}<\/script>\n<!-- \/ Yoast SEO plugin. -->","yoast_head_json":{"title":"Happy Bear ujumism\u00e4hkmed (erinevad mustrid) - sulin.ee","description":"Happy Bear ujumism\u00e4hkmed on keskkonnas\u00f5bralik alternatiiv \u00fchekordsetele m\u00e4hkmetele, kuna piisab vaid \u00fchest paarist lapse 3 aastaseks saamiseni.","robots":{"index":"index","follow":"follow","max-snippet":"max-snippet:-1","max-image-preview":"max-image-preview:large","max-video-preview":"max-video-preview:-1"},"canonical":"https:\/\/sulin.ee\/en\/toode\/happy-bear-ujumismahkmed\/","og_locale":"en_US","og_type":"article","og_title":"Happy Bear ujumism\u00e4hkmed (erinevad mustrid) - sulin.ee","og_description":"Happy Bear ujumism\u00e4hkmed on keskkonnas\u00f5bralik alternatiiv \u00fchekordsetele m\u00e4hkmetele, kuna piisab vaid \u00fchest paarist lapse 3 aastaseks saamiseni.","og_url":"https:\/\/sulin.ee\/en\/toode\/happy-bear-ujumismahkmed\/","og_site_name":"sulin.ee","article_publisher":"https:\/\/www.facebook.com\/www.sulin.ee\/","article_modified_time":"2026-01-10T19:49:44+00:00","og_image":[{"width":1080,"height":1080,"url":"https:\/\/sulin.ee\/wp-content\/uploads\/2023\/02\/Twiggy.png","type":"image\/png"}],"twitter_card":"summary_large_image","twitter_misc":{"Est. reading time":"1 minute"},"schema":{"@context":"https:\/\/schema.org","@graph":[{"@type":"WebPage","@id":"https:\/\/sulin.ee\/en\/toode\/happy-bear-ujumismahkmed\/","url":"https:\/\/sulin.ee\/en\/toode\/happy-bear-ujumismahkmed\/","name":"Happy Bear ujumism\u00e4hkmed (erinevad mustrid) - sulin.ee","isPartOf":{"@id":"https:\/\/sulin.ee\/en\/#website"},"primaryImageOfPage":{"@id":"https:\/\/sulin.ee\/en\/toode\/happy-bear-ujumismahkmed\/#primaryimage"},"image":{"@id":"https:\/\/sulin.ee\/en\/toode\/happy-bear-ujumismahkmed\/#primaryimage"},"thumbnailUrl":"https:\/\/sulin.ee\/wp-content\/uploads\/2023\/02\/Twiggy.png","datePublished":"2022-10-06T09:56:14+00:00","dateModified":"2026-01-10T19:49:44+00:00","description":"Happy Bear ujumism\u00e4hkmed on keskkonnas\u00f5bralik alternatiiv \u00fchekordsetele m\u00e4hkmetele, kuna piisab vaid \u00fchest paarist lapse 3 aastaseks saamiseni.","breadcrumb":{"@id":"https:\/\/sulin.ee\/en\/toode\/happy-bear-ujumismahkmed\/#breadcrumb"},"inLanguage":"en-US","potentialAction":[{"@type":"ReadAction","target":["https:\/\/sulin.ee\/en\/toode\/happy-bear-ujumismahkmed\/"]}]},{"@type":"ImageObject","inLanguage":"en-US","@id":"https:\/\/sulin.ee\/en\/toode\/happy-bear-ujumismahkmed\/#primaryimage","url":"https:\/\/sulin.ee\/wp-content\/uploads\/2023\/02\/Twiggy.png","contentUrl":"https:\/\/sulin.ee\/wp-content\/uploads\/2023\/02\/Twiggy.png","width":1080,"height":1080,"caption":"Happy Bear ujumism\u00e4hkmed"},{"@type":"BreadcrumbList","@id":"https:\/\/sulin.ee\/en\/toode\/happy-bear-ujumismahkmed\/#breadcrumb","itemListElement":[{"@type":"ListItem","position":1,"name":"Home","item":"https:\/\/sulin.ee\/en\/"},{"@type":"ListItem","position":2,"name":"Sulin.ee e-pood","item":"https:\/\/sulin.ee\/shop\/"},{"@type":"ListItem","position":3,"name":"Happy Bear ujumism\u00e4hkmed (erinevad mustrid)"}]},{"@type":"WebSite","@id":"https:\/\/sulin.ee\/en\/#website","url":"https:\/\/sulin.ee\/en\/","name":"sulin.ee","description":"","publisher":{"@id":"https:\/\/sulin.ee\/en\/#organization"},"potentialAction":[{"@type":"SearchAction","target":{"@type":"EntryPoint","urlTemplate":"https:\/\/sulin.ee\/en\/?s={search_term_string}"},"query-input":{"@type":"PropertyValueSpecification","valueRequired":true,"valueName":"search_term_string"}}],"inLanguage":"en-US"},{"@type":"Organization","@id":"https:\/\/sulin.ee\/en\/#organization","name":"SULIN TRADE O\u00dc","url":"https:\/\/sulin.ee\/en\/","logo":{"@type":"ImageObject","inLanguage":"en-US","@id":"https:\/\/sulin.ee\/en\/#\/schema\/logo\/image\/","url":"https:\/\/sulin.ee\/wp-content\/uploads\/2022\/11\/sulin-logo.png","contentUrl":"https:\/\/sulin.ee\/wp-content\/uploads\/2022\/11\/sulin-logo.png","width":871,"height":321,"caption":"SULIN TRADE O\u00dc"},"image":{"@id":"https:\/\/sulin.ee\/en\/#\/schema\/logo\/image\/"},"sameAs":["https:\/\/www.facebook.com\/www.sulin.ee\/","https:\/\/www.instagram.com\/sulintrade\/"]}]}},"builder_content":"","_links":{"self":[{"href":"https:\/\/sulin.ee\/en\/wp-json\/wp\/v2\/product\/4557","targetHints":{"allow":["GET"]}}],"collection":[{"href":"https:\/\/sulin.ee\/en\/wp-json\/wp\/v2\/product"}],"about":[{"href":"https:\/\/sulin.ee\/en\/wp-json\/wp\/v2\/types\/product"}],"replies":[{"embeddable":true,"href":"https:\/\/sulin.ee\/en\/wp-json\/wp\/v2\/comments?post=4557"}],"wp:featuredmedia":[{"embeddable":true,"href":"https:\/\/sulin.ee\/en\/wp-json\/wp\/v2\/media\/16476"}],"wp:attachment":[{"href":"https:\/\/sulin.ee\/en\/wp-json\/wp\/v2\/media?parent=4557"}],"wp:term":[{"taxonomy":"product_brand","embeddable":true,"href":"https:\/\/sulin.ee\/en\/wp-json\/wp\/v2\/product_brand?post=4557"},{"taxonomy":"product_cat","embeddable":true,"href":"https:\/\/sulin.ee\/en\/wp-json\/wp\/v2\/product_cat?post=4557"},{"taxonomy":"product_tag","embeddable":true,"href":"https:\/\/sulin.ee\/en\/wp-json\/wp\/v2\/product_tag?post=4557"}],"curies":[{"name":"wp","href":"https:\/\/api.w.org\/{rel}","templated":true}]}}