{"id":4506,"date":"2022-10-06T09:14:14","date_gmt":"2022-10-06T09:14:14","guid":{"rendered":"http:\/\/test.itson.ee\/sulin\/?post_type=product&#038;p=4506"},"modified":"2026-03-22T13:22:46","modified_gmt":"2026-03-22T13:22:46","slug":"happy-bear-potitreeningupuksid","status":"publish","type":"product","link":"https:\/\/sulin.ee\/en\/toode\/happy-bear-potitreeningupuksid\/","title":{"rendered":"Happy Bear potitreeningup\u00fcksid"},"content":{"rendered":"<p><strong>Happy Bear\u00a0potitreeningup\u00fcksid on disainitud v\u00e4ltimaks v\u00e4ikseid \u201c\u00f5nnetusi\u201d.\u00a0P\u00fcksid n\u00e4evad v\u00e4lja nagu tavalised alusp\u00fcksid ning lapsel on mugav neid ise \u00fcles ja alla t\u00f5mmata.<\/strong><\/p>\n<p>P\u00fckste\u00a0 pealispind on kaetud veekindla PUL materjaliga. Lapse naha vastas olev pind on kaetud pehme puuvilla kihiga, mis laseb lapsel tunda niiskustunnet. Puuvillakihi all on peidus imav kiht, mis lukustab vedelikud endasse.<\/p>\n<p><strong><a href=\"https:\/\/happybeardiapers.com\/en?srsltid=AfmBOopE0gmJVxlNnQ5oaI4z2UvzGy6rYVeO9_mym1Je-LRfu4rD3TwE\">Happy Bear<\/a>\u00a0potitreeningup\u00fcksid on \u00fches suuruses ning sobivad lapsele vanuses 2-4 aastat.<\/strong><\/p>\n<table border=\"1\">\n<tbody>\n<tr>\n<td><strong>V\u00f6\u00f6\u00a0\u00d8<\/strong><\/td>\n<td><strong>Jalaava\u00a0\u00d8<br \/>\n<\/strong><\/td>\n<td><strong>K\u00f5rgus<\/strong><\/td>\n<\/tr>\n<tr>\n<td>32 &#8211; 52 cm<\/td>\n<td>26 &#8211; 34 cm<\/td>\n<td>19,5 cm<\/td>\n<\/tr>\n<\/tbody>\n<\/table>\n","protected":false},"excerpt":{"rendered":"<p>Happy Bear\u00a0potitreeningup\u00fcksid on disainitud v\u00e4ltimaks v\u00e4ikseid \u201c\u00f5nnetusi\u201d.\u00a0P\u00fcksid n\u00e4evad v\u00e4lja nagu tavalised alusp\u00fcksid ning lapsel on mugav neid ise \u00fcles ja alla t\u00f5mmata. P\u00fckste\u00a0 pealispind on kaetud veekindla PUL materjaliga. Lapse naha vastas olev pind on kaetud pehme puuvilla kihiga, mis laseb lapsel tunda niiskustunnet. Puuvillakihi all on peidus imav kiht, mis lukustab vedelikud endasse. Happy [&hellip;]<\/p>\n","protected":false},"featured_media":16491,"comment_status":"open","ping_status":"closed","template":"","meta":[],"product_brand":[],"product_cat":[190,187,343],"product_tag":[344],"class_list":{"0":"post-4506","1":"product","2":"type-product","3":"status-publish","4":"has-post-thumbnail","6":"product_cat-potitreeningupuksid-beebid","7":"product_cat-potitreeningupuksid","8":"product_cat-happy-bear","9":"product_tag-happy-bear","10":"has-post-title","11":"has-post-date","12":"has-post-category","13":"has-post-tag","14":"has-post-comment","15":"has-post-author","16":"","18":"first","19":"instock","20":"sale","21":"taxable","22":"shipping-taxable","23":"purchasable","24":"product-type-variable"},"yoast_head":"<!-- This site is optimized with the Yoast SEO plugin v26.8 - https:\/\/yoast.com\/product\/yoast-seo-wordpress\/ -->\n<title>Happy Bear potitreeningup\u00fcksid - sulin.ee<\/title>\n<meta name=\"description\" content=\"Happy Bear\u00a0potitreeningup\u00fcksid n\u00e4evad v\u00e4lja nagu tavalised alusp\u00fcksid ning lapsel on mugav neid ise \u00fcles ja alla t\u00f5mmata.\" \/>\n<meta name=\"robots\" content=\"index, follow, max-snippet:-1, max-image-preview:large, max-video-preview:-1\" \/>\n<link rel=\"canonical\" href=\"https:\/\/sulin.ee\/en\/toode\/happy-bear-potitreeningupuksid\/\" \/>\n<meta property=\"og:locale\" content=\"en_US\" \/>\n<meta property=\"og:type\" content=\"article\" \/>\n<meta property=\"og:title\" content=\"Happy Bear potitreeningup\u00fcksid - sulin.ee\" \/>\n<meta property=\"og:description\" content=\"Happy Bear\u00a0potitreeningup\u00fcksid n\u00e4evad v\u00e4lja nagu tavalised alusp\u00fcksid ning lapsel on mugav neid ise \u00fcles ja alla t\u00f5mmata.\" \/>\n<meta property=\"og:url\" content=\"https:\/\/sulin.ee\/en\/toode\/happy-bear-potitreeningupuksid\/\" \/>\n<meta property=\"og:site_name\" content=\"sulin.ee\" \/>\n<meta property=\"article:publisher\" content=\"https:\/\/www.facebook.com\/www.sulin.ee\/\" \/>\n<meta property=\"article:modified_time\" content=\"2026-03-22T13:22:46+00:00\" \/>\n<meta property=\"og:image\" content=\"https:\/\/sulin.ee\/wp-content\/uploads\/2024\/02\/Savanna.png\" \/>\n\t<meta property=\"og:image:width\" content=\"1080\" \/>\n\t<meta property=\"og:image:height\" content=\"1080\" \/>\n\t<meta property=\"og:image:type\" content=\"image\/png\" \/>\n<meta name=\"twitter:card\" content=\"summary_large_image\" \/>\n<meta name=\"twitter:label1\" content=\"Est. reading time\" \/>\n\t<meta name=\"twitter:data1\" content=\"1 minute\" \/>\n<script type=\"application\/ld+json\" class=\"yoast-schema-graph\">{\"@context\":\"https:\/\/schema.org\",\"@graph\":[{\"@type\":\"WebPage\",\"@id\":\"https:\/\/sulin.ee\/en\/toode\/happy-bear-potitreeningupuksid\/\",\"url\":\"https:\/\/sulin.ee\/en\/toode\/happy-bear-potitreeningupuksid\/\",\"name\":\"Happy Bear potitreeningup\u00fcksid - sulin.ee\",\"isPartOf\":{\"@id\":\"https:\/\/sulin.ee\/en\/#website\"},\"primaryImageOfPage\":{\"@id\":\"https:\/\/sulin.ee\/en\/toode\/happy-bear-potitreeningupuksid\/#primaryimage\"},\"image\":{\"@id\":\"https:\/\/sulin.ee\/en\/toode\/happy-bear-potitreeningupuksid\/#primaryimage\"},\"thumbnailUrl\":\"https:\/\/sulin.ee\/wp-content\/uploads\/2024\/02\/Savanna.png\",\"datePublished\":\"2022-10-06T09:14:14+00:00\",\"dateModified\":\"2026-03-22T13:22:46+00:00\",\"description\":\"Happy Bear\u00a0potitreeningup\u00fcksid n\u00e4evad v\u00e4lja nagu tavalised alusp\u00fcksid ning lapsel on mugav neid ise \u00fcles ja alla t\u00f5mmata.\",\"breadcrumb\":{\"@id\":\"https:\/\/sulin.ee\/en\/toode\/happy-bear-potitreeningupuksid\/#breadcrumb\"},\"inLanguage\":\"en-US\",\"potentialAction\":[{\"@type\":\"ReadAction\",\"target\":[\"https:\/\/sulin.ee\/en\/toode\/happy-bear-potitreeningupuksid\/\"]}]},{\"@type\":\"ImageObject\",\"inLanguage\":\"en-US\",\"@id\":\"https:\/\/sulin.ee\/en\/toode\/happy-bear-potitreeningupuksid\/#primaryimage\",\"url\":\"https:\/\/sulin.ee\/wp-content\/uploads\/2024\/02\/Savanna.png\",\"contentUrl\":\"https:\/\/sulin.ee\/wp-content\/uploads\/2024\/02\/Savanna.png\",\"width\":1080,\"height\":1080},{\"@type\":\"BreadcrumbList\",\"@id\":\"https:\/\/sulin.ee\/en\/toode\/happy-bear-potitreeningupuksid\/#breadcrumb\",\"itemListElement\":[{\"@type\":\"ListItem\",\"position\":1,\"name\":\"Home\",\"item\":\"https:\/\/sulin.ee\/en\/\"},{\"@type\":\"ListItem\",\"position\":2,\"name\":\"Sulin.ee e-pood\",\"item\":\"https:\/\/sulin.ee\/shop\/\"},{\"@type\":\"ListItem\",\"position\":3,\"name\":\"Happy Bear potitreeningup\u00fcksid\"}]},{\"@type\":\"WebSite\",\"@id\":\"https:\/\/sulin.ee\/en\/#website\",\"url\":\"https:\/\/sulin.ee\/en\/\",\"name\":\"sulin.ee\",\"description\":\"\",\"publisher\":{\"@id\":\"https:\/\/sulin.ee\/en\/#organization\"},\"potentialAction\":[{\"@type\":\"SearchAction\",\"target\":{\"@type\":\"EntryPoint\",\"urlTemplate\":\"https:\/\/sulin.ee\/en\/?s={search_term_string}\"},\"query-input\":{\"@type\":\"PropertyValueSpecification\",\"valueRequired\":true,\"valueName\":\"search_term_string\"}}],\"inLanguage\":\"en-US\"},{\"@type\":\"Organization\",\"@id\":\"https:\/\/sulin.ee\/en\/#organization\",\"name\":\"SULIN TRADE O\u00dc\",\"url\":\"https:\/\/sulin.ee\/en\/\",\"logo\":{\"@type\":\"ImageObject\",\"inLanguage\":\"en-US\",\"@id\":\"https:\/\/sulin.ee\/en\/#\/schema\/logo\/image\/\",\"url\":\"https:\/\/sulin.ee\/wp-content\/uploads\/2022\/11\/sulin-logo.png\",\"contentUrl\":\"https:\/\/sulin.ee\/wp-content\/uploads\/2022\/11\/sulin-logo.png\",\"width\":871,\"height\":321,\"caption\":\"SULIN TRADE O\u00dc\"},\"image\":{\"@id\":\"https:\/\/sulin.ee\/en\/#\/schema\/logo\/image\/\"},\"sameAs\":[\"https:\/\/www.facebook.com\/www.sulin.ee\/\",\"https:\/\/www.instagram.com\/sulintrade\/\"]}]}<\/script>\n<!-- \/ Yoast SEO plugin. -->","yoast_head_json":{"title":"Happy Bear potitreeningup\u00fcksid - sulin.ee","description":"Happy Bear\u00a0potitreeningup\u00fcksid n\u00e4evad v\u00e4lja nagu tavalised alusp\u00fcksid ning lapsel on mugav neid ise \u00fcles ja alla t\u00f5mmata.","robots":{"index":"index","follow":"follow","max-snippet":"max-snippet:-1","max-image-preview":"max-image-preview:large","max-video-preview":"max-video-preview:-1"},"canonical":"https:\/\/sulin.ee\/en\/toode\/happy-bear-potitreeningupuksid\/","og_locale":"en_US","og_type":"article","og_title":"Happy Bear potitreeningup\u00fcksid - sulin.ee","og_description":"Happy Bear\u00a0potitreeningup\u00fcksid n\u00e4evad v\u00e4lja nagu tavalised alusp\u00fcksid ning lapsel on mugav neid ise \u00fcles ja alla t\u00f5mmata.","og_url":"https:\/\/sulin.ee\/en\/toode\/happy-bear-potitreeningupuksid\/","og_site_name":"sulin.ee","article_publisher":"https:\/\/www.facebook.com\/www.sulin.ee\/","article_modified_time":"2026-03-22T13:22:46+00:00","og_image":[{"width":1080,"height":1080,"url":"https:\/\/sulin.ee\/wp-content\/uploads\/2024\/02\/Savanna.png","type":"image\/png"}],"twitter_card":"summary_large_image","twitter_misc":{"Est. reading time":"1 minute"},"schema":{"@context":"https:\/\/schema.org","@graph":[{"@type":"WebPage","@id":"https:\/\/sulin.ee\/en\/toode\/happy-bear-potitreeningupuksid\/","url":"https:\/\/sulin.ee\/en\/toode\/happy-bear-potitreeningupuksid\/","name":"Happy Bear potitreeningup\u00fcksid - sulin.ee","isPartOf":{"@id":"https:\/\/sulin.ee\/en\/#website"},"primaryImageOfPage":{"@id":"https:\/\/sulin.ee\/en\/toode\/happy-bear-potitreeningupuksid\/#primaryimage"},"image":{"@id":"https:\/\/sulin.ee\/en\/toode\/happy-bear-potitreeningupuksid\/#primaryimage"},"thumbnailUrl":"https:\/\/sulin.ee\/wp-content\/uploads\/2024\/02\/Savanna.png","datePublished":"2022-10-06T09:14:14+00:00","dateModified":"2026-03-22T13:22:46+00:00","description":"Happy Bear\u00a0potitreeningup\u00fcksid n\u00e4evad v\u00e4lja nagu tavalised alusp\u00fcksid ning lapsel on mugav neid ise \u00fcles ja alla t\u00f5mmata.","breadcrumb":{"@id":"https:\/\/sulin.ee\/en\/toode\/happy-bear-potitreeningupuksid\/#breadcrumb"},"inLanguage":"en-US","potentialAction":[{"@type":"ReadAction","target":["https:\/\/sulin.ee\/en\/toode\/happy-bear-potitreeningupuksid\/"]}]},{"@type":"ImageObject","inLanguage":"en-US","@id":"https:\/\/sulin.ee\/en\/toode\/happy-bear-potitreeningupuksid\/#primaryimage","url":"https:\/\/sulin.ee\/wp-content\/uploads\/2024\/02\/Savanna.png","contentUrl":"https:\/\/sulin.ee\/wp-content\/uploads\/2024\/02\/Savanna.png","width":1080,"height":1080},{"@type":"BreadcrumbList","@id":"https:\/\/sulin.ee\/en\/toode\/happy-bear-potitreeningupuksid\/#breadcrumb","itemListElement":[{"@type":"ListItem","position":1,"name":"Home","item":"https:\/\/sulin.ee\/en\/"},{"@type":"ListItem","position":2,"name":"Sulin.ee e-pood","item":"https:\/\/sulin.ee\/shop\/"},{"@type":"ListItem","position":3,"name":"Happy Bear potitreeningup\u00fcksid"}]},{"@type":"WebSite","@id":"https:\/\/sulin.ee\/en\/#website","url":"https:\/\/sulin.ee\/en\/","name":"sulin.ee","description":"","publisher":{"@id":"https:\/\/sulin.ee\/en\/#organization"},"potentialAction":[{"@type":"SearchAction","target":{"@type":"EntryPoint","urlTemplate":"https:\/\/sulin.ee\/en\/?s={search_term_string}"},"query-input":{"@type":"PropertyValueSpecification","valueRequired":true,"valueName":"search_term_string"}}],"inLanguage":"en-US"},{"@type":"Organization","@id":"https:\/\/sulin.ee\/en\/#organization","name":"SULIN TRADE O\u00dc","url":"https:\/\/sulin.ee\/en\/","logo":{"@type":"ImageObject","inLanguage":"en-US","@id":"https:\/\/sulin.ee\/en\/#\/schema\/logo\/image\/","url":"https:\/\/sulin.ee\/wp-content\/uploads\/2022\/11\/sulin-logo.png","contentUrl":"https:\/\/sulin.ee\/wp-content\/uploads\/2022\/11\/sulin-logo.png","width":871,"height":321,"caption":"SULIN TRADE O\u00dc"},"image":{"@id":"https:\/\/sulin.ee\/en\/#\/schema\/logo\/image\/"},"sameAs":["https:\/\/www.facebook.com\/www.sulin.ee\/","https:\/\/www.instagram.com\/sulintrade\/"]}]}},"builder_content":"","_links":{"self":[{"href":"https:\/\/sulin.ee\/en\/wp-json\/wp\/v2\/product\/4506","targetHints":{"allow":["GET"]}}],"collection":[{"href":"https:\/\/sulin.ee\/en\/wp-json\/wp\/v2\/product"}],"about":[{"href":"https:\/\/sulin.ee\/en\/wp-json\/wp\/v2\/types\/product"}],"replies":[{"embeddable":true,"href":"https:\/\/sulin.ee\/en\/wp-json\/wp\/v2\/comments?post=4506"}],"wp:featuredmedia":[{"embeddable":true,"href":"https:\/\/sulin.ee\/en\/wp-json\/wp\/v2\/media\/16491"}],"wp:attachment":[{"href":"https:\/\/sulin.ee\/en\/wp-json\/wp\/v2\/media?parent=4506"}],"wp:term":[{"taxonomy":"product_brand","embeddable":true,"href":"https:\/\/sulin.ee\/en\/wp-json\/wp\/v2\/product_brand?post=4506"},{"taxonomy":"product_cat","embeddable":true,"href":"https:\/\/sulin.ee\/en\/wp-json\/wp\/v2\/product_cat?post=4506"},{"taxonomy":"product_tag","embeddable":true,"href":"https:\/\/sulin.ee\/en\/wp-json\/wp\/v2\/product_tag?post=4506"}],"curies":[{"name":"wp","href":"https:\/\/api.w.org\/{rel}","templated":true}]}}