{"id":4466,"date":"2022-10-06T08:51:55","date_gmt":"2022-10-06T08:51:55","guid":{"rendered":"http:\/\/test.itson.ee\/sulin\/?post_type=product&#038;p=4466"},"modified":"2025-12-23T17:28:51","modified_gmt":"2025-12-23T17:28:51","slug":"happy-bear-mahkmekott","status":"publish","type":"product","link":"https:\/\/sulin.ee\/en\/toode\/happy-bear-mahkmekott\/","title":{"rendered":"Happy Bear m\u00e4hkmekott"},"content":{"rendered":"<p id=\"tw-target-text\" class=\"tw-data-text tw-text-large XcVN5d tw-ta\" dir=\"ltr\" data-placeholder=\"T\u00f5lge\"><strong><span class=\"Y2IQFc\">Happy Bear m\u00e4hkmekott on kahe lukuga ning v\u00f5imaldab kanda m\u00e4rgi ja kuivi asju samas kotis. Kotil on 2 taskut t\u00e4nu millele saab hoida m\u00e4rjad\/m\u00e4\u00e4rdunud ja kuivad\/puhtad asjad eraldi. <\/span><\/strong><span class=\"Y2IQFc\">Hoiusta m\u00e4hkmeid, salvr\u00e4tikuid, puhastuslappe ja muid beebitarbeid r\u00f5\u00f5msates <a href=\"https:\/\/happybeardiapers.com\/en\" target=\"_blank\" rel=\"noopener\">Happy Bear<\/a> m\u00e4hkmekottides.<\/span><\/p>\n<p class=\"tw-data-text tw-text-large XcVN5d tw-ta\" dir=\"ltr\" data-placeholder=\"T\u00f5lge\"><span class=\"Y2IQFc\">M\u00e4hkmekotid sobivad kasutamiseks m\u00e4hkme-, reisi-, hoiu- kosmeetika-, pesu-, trenni- jne kotina. K\u00f5ik \u00fches kott igap\u00e4evaseks kasutamiseks. Kotid on valmistatud pehmest PUL materjalist ning on v\u00e4ga kerged. Iga koti k\u00fcljes on mugav riputusaas, millega saab koti rippu panna, k\u00e4e otsa v\u00f5tta v\u00f5i vankri\u00a0 sanga k\u00fclge kinnitada.<\/span><\/p>\n<p class=\"tw-data-text tw-text-large XcVN5d tw-ta\" dir=\"ltr\" data-placeholder=\"T\u00f5lge\"><span class=\"Y2IQFc\"><strong>M\u00f5\u00f5dud:<\/strong> 30 x 40 cm. Kott mahutab 5-7 <span style=\"color: #0000ff;\"><a style=\"color: #0000ff;\" href=\"https:\/\/sulin.ee\/tootekategooria\/beebid\/riidest-mahkmed\/uhes-suuruses-mahkmed-ja-katted\/\" target=\"_blank\" rel=\"noopener\">riidest m\u00e4het.<\/a><\/span><\/span><\/p>\n<p class=\"tw-data-text tw-text-large XcVN5d tw-ta\" dir=\"ltr\" data-placeholder=\"T\u00f5lge\"><span class=\"Y2IQFc\"><strong>Hooldus:<\/strong>\u00a0Masinas pestav temperatuuril kuni 40\u00b0C.<\/span><\/p>\n","protected":false},"excerpt":{"rendered":"<p>Happy Bear m\u00e4hkmekott on kahe lukuga ning v\u00f5imaldab kanda m\u00e4rgi ja kuivi asju samas kotis. Kotil on 2 taskut t\u00e4nu millele saab hoida m\u00e4rjad\/m\u00e4\u00e4rdunud ja kuivad\/puhtad asjad eraldi. Hoiusta m\u00e4hkmeid, salvr\u00e4tikuid, puhastuslappe ja muid beebitarbeid r\u00f5\u00f5msates Happy Bear m\u00e4hkmekottides. M\u00e4hkmekotid sobivad kasutamiseks m\u00e4hkme-, reisi-, hoiu- kosmeetika-, pesu-, trenni- jne kotina. K\u00f5ik \u00fches kott igap\u00e4evaseks kasutamiseks. [&hellip;]<\/p>\n","protected":false},"featured_media":4469,"comment_status":"open","ping_status":"closed","template":"","meta":[],"product_brand":[],"product_cat":[585,343],"product_tag":[344],"class_list":{"0":"post-4466","1":"product","2":"type-product","3":"status-publish","4":"has-post-thumbnail","6":"product_cat-mahkmekotid","7":"product_cat-happy-bear","8":"product_tag-happy-bear","9":"has-post-title","10":"has-post-date","11":"has-post-category","12":"has-post-tag","13":"has-post-comment","14":"has-post-author","15":"","17":"first","18":"instock","19":"sale","20":"taxable","21":"shipping-taxable","22":"purchasable","23":"product-type-variable"},"yoast_head":"<!-- This site is optimized with the Yoast SEO plugin v26.8 - https:\/\/yoast.com\/product\/yoast-seo-wordpress\/ -->\n<title>Happy Bear m\u00e4hkmekott - sulin.ee<\/title>\n<meta name=\"description\" content=\"Happy Bear m\u00e4hkmekott on kahe lukuga ning v\u00f5imaldab kanda m\u00e4rgi ja kuivi asju samas kotis. Mahutab 5-7 riidest m\u00e4het. Masinas pestav\" \/>\n<meta name=\"robots\" content=\"index, follow, max-snippet:-1, max-image-preview:large, max-video-preview:-1\" \/>\n<link rel=\"canonical\" href=\"https:\/\/sulin.ee\/en\/toode\/happy-bear-mahkmekott\/\" \/>\n<meta property=\"og:locale\" content=\"en_US\" \/>\n<meta property=\"og:type\" content=\"article\" \/>\n<meta property=\"og:title\" content=\"Happy Bear m\u00e4hkmekott - sulin.ee\" \/>\n<meta property=\"og:description\" content=\"Happy Bear m\u00e4hkmekott on kahe lukuga ning v\u00f5imaldab kanda m\u00e4rgi ja kuivi asju samas kotis. Mahutab 5-7 riidest m\u00e4het. Masinas pestav\" \/>\n<meta property=\"og:url\" content=\"https:\/\/sulin.ee\/en\/toode\/happy-bear-mahkmekott\/\" \/>\n<meta property=\"og:site_name\" content=\"sulin.ee\" \/>\n<meta property=\"article:publisher\" content=\"https:\/\/www.facebook.com\/www.sulin.ee\/\" \/>\n<meta property=\"article:modified_time\" content=\"2025-12-23T17:28:51+00:00\" \/>\n<meta property=\"og:image\" content=\"https:\/\/sulin.ee\/wp-content\/uploads\/2022\/10\/Botanical-1-e1665046250735.png\" \/>\n\t<meta property=\"og:image:width\" content=\"372\" \/>\n\t<meta property=\"og:image:height\" content=\"370\" \/>\n\t<meta property=\"og:image:type\" content=\"image\/png\" \/>\n<meta name=\"twitter:card\" content=\"summary_large_image\" \/>\n<meta name=\"twitter:label1\" content=\"Est. reading time\" \/>\n\t<meta name=\"twitter:data1\" content=\"1 minute\" \/>\n<script type=\"application\/ld+json\" class=\"yoast-schema-graph\">{\"@context\":\"https:\/\/schema.org\",\"@graph\":[{\"@type\":\"WebPage\",\"@id\":\"https:\/\/sulin.ee\/en\/toode\/happy-bear-mahkmekott\/\",\"url\":\"https:\/\/sulin.ee\/en\/toode\/happy-bear-mahkmekott\/\",\"name\":\"Happy Bear m\u00e4hkmekott - sulin.ee\",\"isPartOf\":{\"@id\":\"https:\/\/sulin.ee\/en\/#website\"},\"primaryImageOfPage\":{\"@id\":\"https:\/\/sulin.ee\/en\/toode\/happy-bear-mahkmekott\/#primaryimage\"},\"image\":{\"@id\":\"https:\/\/sulin.ee\/en\/toode\/happy-bear-mahkmekott\/#primaryimage\"},\"thumbnailUrl\":\"https:\/\/sulin.ee\/wp-content\/uploads\/2022\/10\/Botanical-1-e1665046250735.png\",\"datePublished\":\"2022-10-06T08:51:55+00:00\",\"dateModified\":\"2025-12-23T17:28:51+00:00\",\"description\":\"Happy Bear m\u00e4hkmekott on kahe lukuga ning v\u00f5imaldab kanda m\u00e4rgi ja kuivi asju samas kotis. Mahutab 5-7 riidest m\u00e4het. Masinas pestav\",\"breadcrumb\":{\"@id\":\"https:\/\/sulin.ee\/en\/toode\/happy-bear-mahkmekott\/#breadcrumb\"},\"inLanguage\":\"en-US\",\"potentialAction\":[{\"@type\":\"ReadAction\",\"target\":[\"https:\/\/sulin.ee\/en\/toode\/happy-bear-mahkmekott\/\"]}]},{\"@type\":\"ImageObject\",\"inLanguage\":\"en-US\",\"@id\":\"https:\/\/sulin.ee\/en\/toode\/happy-bear-mahkmekott\/#primaryimage\",\"url\":\"https:\/\/sulin.ee\/wp-content\/uploads\/2022\/10\/Botanical-1-e1665046250735.png\",\"contentUrl\":\"https:\/\/sulin.ee\/wp-content\/uploads\/2022\/10\/Botanical-1-e1665046250735.png\",\"width\":372,\"height\":370,\"caption\":\"Happy Bear m\u00e4hkmekott\"},{\"@type\":\"BreadcrumbList\",\"@id\":\"https:\/\/sulin.ee\/en\/toode\/happy-bear-mahkmekott\/#breadcrumb\",\"itemListElement\":[{\"@type\":\"ListItem\",\"position\":1,\"name\":\"Home\",\"item\":\"https:\/\/sulin.ee\/en\/\"},{\"@type\":\"ListItem\",\"position\":2,\"name\":\"Sulin.ee e-pood\",\"item\":\"https:\/\/sulin.ee\/shop\/\"},{\"@type\":\"ListItem\",\"position\":3,\"name\":\"Happy Bear m\u00e4hkmekott\"}]},{\"@type\":\"WebSite\",\"@id\":\"https:\/\/sulin.ee\/en\/#website\",\"url\":\"https:\/\/sulin.ee\/en\/\",\"name\":\"sulin.ee\",\"description\":\"\",\"publisher\":{\"@id\":\"https:\/\/sulin.ee\/en\/#organization\"},\"potentialAction\":[{\"@type\":\"SearchAction\",\"target\":{\"@type\":\"EntryPoint\",\"urlTemplate\":\"https:\/\/sulin.ee\/en\/?s={search_term_string}\"},\"query-input\":{\"@type\":\"PropertyValueSpecification\",\"valueRequired\":true,\"valueName\":\"search_term_string\"}}],\"inLanguage\":\"en-US\"},{\"@type\":\"Organization\",\"@id\":\"https:\/\/sulin.ee\/en\/#organization\",\"name\":\"SULIN TRADE O\u00dc\",\"url\":\"https:\/\/sulin.ee\/en\/\",\"logo\":{\"@type\":\"ImageObject\",\"inLanguage\":\"en-US\",\"@id\":\"https:\/\/sulin.ee\/en\/#\/schema\/logo\/image\/\",\"url\":\"https:\/\/sulin.ee\/wp-content\/uploads\/2022\/11\/sulin-logo.png\",\"contentUrl\":\"https:\/\/sulin.ee\/wp-content\/uploads\/2022\/11\/sulin-logo.png\",\"width\":871,\"height\":321,\"caption\":\"SULIN TRADE O\u00dc\"},\"image\":{\"@id\":\"https:\/\/sulin.ee\/en\/#\/schema\/logo\/image\/\"},\"sameAs\":[\"https:\/\/www.facebook.com\/www.sulin.ee\/\",\"https:\/\/www.instagram.com\/sulintrade\/\"]}]}<\/script>\n<!-- \/ Yoast SEO plugin. -->","yoast_head_json":{"title":"Happy Bear m\u00e4hkmekott - sulin.ee","description":"Happy Bear m\u00e4hkmekott on kahe lukuga ning v\u00f5imaldab kanda m\u00e4rgi ja kuivi asju samas kotis. Mahutab 5-7 riidest m\u00e4het. Masinas pestav","robots":{"index":"index","follow":"follow","max-snippet":"max-snippet:-1","max-image-preview":"max-image-preview:large","max-video-preview":"max-video-preview:-1"},"canonical":"https:\/\/sulin.ee\/en\/toode\/happy-bear-mahkmekott\/","og_locale":"en_US","og_type":"article","og_title":"Happy Bear m\u00e4hkmekott - sulin.ee","og_description":"Happy Bear m\u00e4hkmekott on kahe lukuga ning v\u00f5imaldab kanda m\u00e4rgi ja kuivi asju samas kotis. Mahutab 5-7 riidest m\u00e4het. Masinas pestav","og_url":"https:\/\/sulin.ee\/en\/toode\/happy-bear-mahkmekott\/","og_site_name":"sulin.ee","article_publisher":"https:\/\/www.facebook.com\/www.sulin.ee\/","article_modified_time":"2025-12-23T17:28:51+00:00","og_image":[{"width":372,"height":370,"url":"https:\/\/sulin.ee\/wp-content\/uploads\/2022\/10\/Botanical-1-e1665046250735.png","type":"image\/png"}],"twitter_card":"summary_large_image","twitter_misc":{"Est. reading time":"1 minute"},"schema":{"@context":"https:\/\/schema.org","@graph":[{"@type":"WebPage","@id":"https:\/\/sulin.ee\/en\/toode\/happy-bear-mahkmekott\/","url":"https:\/\/sulin.ee\/en\/toode\/happy-bear-mahkmekott\/","name":"Happy Bear m\u00e4hkmekott - sulin.ee","isPartOf":{"@id":"https:\/\/sulin.ee\/en\/#website"},"primaryImageOfPage":{"@id":"https:\/\/sulin.ee\/en\/toode\/happy-bear-mahkmekott\/#primaryimage"},"image":{"@id":"https:\/\/sulin.ee\/en\/toode\/happy-bear-mahkmekott\/#primaryimage"},"thumbnailUrl":"https:\/\/sulin.ee\/wp-content\/uploads\/2022\/10\/Botanical-1-e1665046250735.png","datePublished":"2022-10-06T08:51:55+00:00","dateModified":"2025-12-23T17:28:51+00:00","description":"Happy Bear m\u00e4hkmekott on kahe lukuga ning v\u00f5imaldab kanda m\u00e4rgi ja kuivi asju samas kotis. Mahutab 5-7 riidest m\u00e4het. Masinas pestav","breadcrumb":{"@id":"https:\/\/sulin.ee\/en\/toode\/happy-bear-mahkmekott\/#breadcrumb"},"inLanguage":"en-US","potentialAction":[{"@type":"ReadAction","target":["https:\/\/sulin.ee\/en\/toode\/happy-bear-mahkmekott\/"]}]},{"@type":"ImageObject","inLanguage":"en-US","@id":"https:\/\/sulin.ee\/en\/toode\/happy-bear-mahkmekott\/#primaryimage","url":"https:\/\/sulin.ee\/wp-content\/uploads\/2022\/10\/Botanical-1-e1665046250735.png","contentUrl":"https:\/\/sulin.ee\/wp-content\/uploads\/2022\/10\/Botanical-1-e1665046250735.png","width":372,"height":370,"caption":"Happy Bear m\u00e4hkmekott"},{"@type":"BreadcrumbList","@id":"https:\/\/sulin.ee\/en\/toode\/happy-bear-mahkmekott\/#breadcrumb","itemListElement":[{"@type":"ListItem","position":1,"name":"Home","item":"https:\/\/sulin.ee\/en\/"},{"@type":"ListItem","position":2,"name":"Sulin.ee e-pood","item":"https:\/\/sulin.ee\/shop\/"},{"@type":"ListItem","position":3,"name":"Happy Bear m\u00e4hkmekott"}]},{"@type":"WebSite","@id":"https:\/\/sulin.ee\/en\/#website","url":"https:\/\/sulin.ee\/en\/","name":"sulin.ee","description":"","publisher":{"@id":"https:\/\/sulin.ee\/en\/#organization"},"potentialAction":[{"@type":"SearchAction","target":{"@type":"EntryPoint","urlTemplate":"https:\/\/sulin.ee\/en\/?s={search_term_string}"},"query-input":{"@type":"PropertyValueSpecification","valueRequired":true,"valueName":"search_term_string"}}],"inLanguage":"en-US"},{"@type":"Organization","@id":"https:\/\/sulin.ee\/en\/#organization","name":"SULIN TRADE O\u00dc","url":"https:\/\/sulin.ee\/en\/","logo":{"@type":"ImageObject","inLanguage":"en-US","@id":"https:\/\/sulin.ee\/en\/#\/schema\/logo\/image\/","url":"https:\/\/sulin.ee\/wp-content\/uploads\/2022\/11\/sulin-logo.png","contentUrl":"https:\/\/sulin.ee\/wp-content\/uploads\/2022\/11\/sulin-logo.png","width":871,"height":321,"caption":"SULIN TRADE O\u00dc"},"image":{"@id":"https:\/\/sulin.ee\/en\/#\/schema\/logo\/image\/"},"sameAs":["https:\/\/www.facebook.com\/www.sulin.ee\/","https:\/\/www.instagram.com\/sulintrade\/"]}]}},"builder_content":"","_links":{"self":[{"href":"https:\/\/sulin.ee\/en\/wp-json\/wp\/v2\/product\/4466","targetHints":{"allow":["GET"]}}],"collection":[{"href":"https:\/\/sulin.ee\/en\/wp-json\/wp\/v2\/product"}],"about":[{"href":"https:\/\/sulin.ee\/en\/wp-json\/wp\/v2\/types\/product"}],"replies":[{"embeddable":true,"href":"https:\/\/sulin.ee\/en\/wp-json\/wp\/v2\/comments?post=4466"}],"wp:featuredmedia":[{"embeddable":true,"href":"https:\/\/sulin.ee\/en\/wp-json\/wp\/v2\/media\/4469"}],"wp:attachment":[{"href":"https:\/\/sulin.ee\/en\/wp-json\/wp\/v2\/media?parent=4466"}],"wp:term":[{"taxonomy":"product_brand","embeddable":true,"href":"https:\/\/sulin.ee\/en\/wp-json\/wp\/v2\/product_brand?post=4466"},{"taxonomy":"product_cat","embeddable":true,"href":"https:\/\/sulin.ee\/en\/wp-json\/wp\/v2\/product_cat?post=4466"},{"taxonomy":"product_tag","embeddable":true,"href":"https:\/\/sulin.ee\/en\/wp-json\/wp\/v2\/product_tag?post=4466"}],"curies":[{"name":"wp","href":"https:\/\/api.w.org\/{rel}","templated":true}]}}