{"id":4429,"date":"2022-10-06T08:35:00","date_gmt":"2022-10-06T08:35:00","guid":{"rendered":"http:\/\/test.itson.ee\/sulin\/?post_type=product&#038;p=4429"},"modified":"2026-02-02T14:59:21","modified_gmt":"2026-02-02T14:59:21","slug":"happy-bear-mahkimise-aluslina","status":"publish","type":"product","link":"https:\/\/sulin.ee\/en\/toode\/happy-bear-mahkimise-aluslina\/","title":{"rendered":"Happy Bear m\u00e4hkimise aluslina"},"content":{"rendered":"<p><strong>Happy Bear m\u00e4hkimise aluslina on kerge ning mugav kasutada nii kodus kui kodust v\u00e4ljas olles.\u00a0Lina on \u00fchelt poolt kaetud pehme fliisiga, mis on beebi naha vastas m\u00f5nusalt pehme ning teiselt poolt veekindla PUL materjaliga.<\/strong><\/p>\n<p><b>Hooldus:\u00a0<\/b>Pesta temperatuuril kuni 40\u2103.<\/p>\n<ul>\n<li>\u00c4ra kasuta valgendajaid, pesupehmendajaid ega \u00e4\u00e4dikat;<\/li>\n<li>\u00c4ra kasuta ens\u00fc\u00fcme sisaldavaid pesuvahendeid;<\/li>\n<li>Kuivata kuivatis madalal temperatuuril;<\/li>\n<li>Lina mitte triikida.<\/li>\n<\/ul>\n","protected":false},"excerpt":{"rendered":"<p>Happy Bear<\/p>\n","protected":false},"featured_media":4461,"comment_status":"open","ping_status":"closed","template":"","meta":[],"product_brand":[],"product_cat":[179,970,773,588,343],"product_tag":[344],"class_list":{"0":"post-4429","1":"product","2":"type-product","3":"status-publish","4":"has-post-thumbnail","6":"product_cat-beebile","7":"product_cat-hoolitsus-beebid","8":"product_cat-mahkimisaluse-katted","9":"product_cat-mahkimise-aluslinad","10":"product_cat-happy-bear","11":"product_tag-happy-bear","12":"has-post-title","13":"has-post-date","14":"has-post-category","15":"has-post-tag","16":"has-post-comment","17":"has-post-author","18":"","20":"first","21":"instock","22":"sale","23":"taxable","24":"shipping-taxable","25":"purchasable","26":"product-type-variable"},"yoast_head":"<!-- This site is optimized with the Yoast SEO plugin v26.8 - https:\/\/yoast.com\/product\/yoast-seo-wordpress\/ -->\n<title>Happy Bear m\u00e4hkimise aluslina - sulin.ee<\/title>\n<meta name=\"description\" content=\"Happy Bear m\u00e4hkimise aluslina on kerge ning mugav kasutada nii kodus kui kodust v\u00e4ljas olles.\u00a0Lina on \u00fchelt poolt kaetud pehme fliisiga.\" \/>\n<meta name=\"robots\" content=\"index, follow, max-snippet:-1, max-image-preview:large, max-video-preview:-1\" \/>\n<link rel=\"canonical\" href=\"https:\/\/sulin.ee\/en\/toode\/happy-bear-mahkimise-aluslina\/\" \/>\n<meta property=\"og:locale\" content=\"en_US\" \/>\n<meta property=\"og:type\" content=\"article\" \/>\n<meta property=\"og:title\" content=\"Happy Bear m\u00e4hkimise aluslina - sulin.ee\" \/>\n<meta property=\"og:description\" content=\"Happy Bear m\u00e4hkimise aluslina on kerge ning mugav kasutada nii kodus kui kodust v\u00e4ljas olles.\u00a0Lina on \u00fchelt poolt kaetud pehme fliisiga.\" \/>\n<meta property=\"og:url\" content=\"https:\/\/sulin.ee\/en\/toode\/happy-bear-mahkimise-aluslina\/\" \/>\n<meta property=\"og:site_name\" content=\"sulin.ee\" \/>\n<meta property=\"article:publisher\" content=\"https:\/\/www.facebook.com\/www.sulin.ee\/\" \/>\n<meta property=\"article:modified_time\" content=\"2026-02-02T14:59:21+00:00\" \/>\n<meta property=\"og:image\" content=\"https:\/\/sulin.ee\/wp-content\/uploads\/2022\/10\/Twiggy.png\" \/>\n\t<meta property=\"og:image:width\" content=\"1080\" \/>\n\t<meta property=\"og:image:height\" content=\"1080\" \/>\n\t<meta property=\"og:image:type\" content=\"image\/png\" \/>\n<meta name=\"twitter:card\" content=\"summary_large_image\" \/>\n<meta name=\"twitter:label1\" content=\"Est. reading time\" \/>\n\t<meta name=\"twitter:data1\" content=\"1 minute\" \/>\n<script type=\"application\/ld+json\" class=\"yoast-schema-graph\">{\"@context\":\"https:\/\/schema.org\",\"@graph\":[{\"@type\":\"WebPage\",\"@id\":\"https:\/\/sulin.ee\/en\/toode\/happy-bear-mahkimise-aluslina\/\",\"url\":\"https:\/\/sulin.ee\/en\/toode\/happy-bear-mahkimise-aluslina\/\",\"name\":\"Happy Bear m\u00e4hkimise aluslina - sulin.ee\",\"isPartOf\":{\"@id\":\"https:\/\/sulin.ee\/en\/#website\"},\"primaryImageOfPage\":{\"@id\":\"https:\/\/sulin.ee\/en\/toode\/happy-bear-mahkimise-aluslina\/#primaryimage\"},\"image\":{\"@id\":\"https:\/\/sulin.ee\/en\/toode\/happy-bear-mahkimise-aluslina\/#primaryimage\"},\"thumbnailUrl\":\"https:\/\/sulin.ee\/wp-content\/uploads\/2022\/10\/Twiggy.png\",\"datePublished\":\"2022-10-06T08:35:00+00:00\",\"dateModified\":\"2026-02-02T14:59:21+00:00\",\"description\":\"Happy Bear m\u00e4hkimise aluslina on kerge ning mugav kasutada nii kodus kui kodust v\u00e4ljas olles.\u00a0Lina on \u00fchelt poolt kaetud pehme fliisiga.\",\"breadcrumb\":{\"@id\":\"https:\/\/sulin.ee\/en\/toode\/happy-bear-mahkimise-aluslina\/#breadcrumb\"},\"inLanguage\":\"en-US\",\"potentialAction\":[{\"@type\":\"ReadAction\",\"target\":[\"https:\/\/sulin.ee\/en\/toode\/happy-bear-mahkimise-aluslina\/\"]}]},{\"@type\":\"ImageObject\",\"inLanguage\":\"en-US\",\"@id\":\"https:\/\/sulin.ee\/en\/toode\/happy-bear-mahkimise-aluslina\/#primaryimage\",\"url\":\"https:\/\/sulin.ee\/wp-content\/uploads\/2022\/10\/Twiggy.png\",\"contentUrl\":\"https:\/\/sulin.ee\/wp-content\/uploads\/2022\/10\/Twiggy.png\",\"width\":1080,\"height\":1080,\"caption\":\"Happy Bear m\u00e4hkimise aluslina\"},{\"@type\":\"BreadcrumbList\",\"@id\":\"https:\/\/sulin.ee\/en\/toode\/happy-bear-mahkimise-aluslina\/#breadcrumb\",\"itemListElement\":[{\"@type\":\"ListItem\",\"position\":1,\"name\":\"Home\",\"item\":\"https:\/\/sulin.ee\/en\/\"},{\"@type\":\"ListItem\",\"position\":2,\"name\":\"Sulin.ee e-pood\",\"item\":\"https:\/\/sulin.ee\/shop\/\"},{\"@type\":\"ListItem\",\"position\":3,\"name\":\"Happy Bear m\u00e4hkimise aluslina\"}]},{\"@type\":\"WebSite\",\"@id\":\"https:\/\/sulin.ee\/en\/#website\",\"url\":\"https:\/\/sulin.ee\/en\/\",\"name\":\"sulin.ee\",\"description\":\"\",\"publisher\":{\"@id\":\"https:\/\/sulin.ee\/en\/#organization\"},\"potentialAction\":[{\"@type\":\"SearchAction\",\"target\":{\"@type\":\"EntryPoint\",\"urlTemplate\":\"https:\/\/sulin.ee\/en\/?s={search_term_string}\"},\"query-input\":{\"@type\":\"PropertyValueSpecification\",\"valueRequired\":true,\"valueName\":\"search_term_string\"}}],\"inLanguage\":\"en-US\"},{\"@type\":\"Organization\",\"@id\":\"https:\/\/sulin.ee\/en\/#organization\",\"name\":\"SULIN TRADE O\u00dc\",\"url\":\"https:\/\/sulin.ee\/en\/\",\"logo\":{\"@type\":\"ImageObject\",\"inLanguage\":\"en-US\",\"@id\":\"https:\/\/sulin.ee\/en\/#\/schema\/logo\/image\/\",\"url\":\"https:\/\/sulin.ee\/wp-content\/uploads\/2022\/11\/sulin-logo.png\",\"contentUrl\":\"https:\/\/sulin.ee\/wp-content\/uploads\/2022\/11\/sulin-logo.png\",\"width\":871,\"height\":321,\"caption\":\"SULIN TRADE O\u00dc\"},\"image\":{\"@id\":\"https:\/\/sulin.ee\/en\/#\/schema\/logo\/image\/\"},\"sameAs\":[\"https:\/\/www.facebook.com\/www.sulin.ee\/\",\"https:\/\/www.instagram.com\/sulintrade\/\"]}]}<\/script>\n<!-- \/ Yoast SEO plugin. -->","yoast_head_json":{"title":"Happy Bear m\u00e4hkimise aluslina - sulin.ee","description":"Happy Bear m\u00e4hkimise aluslina on kerge ning mugav kasutada nii kodus kui kodust v\u00e4ljas olles.\u00a0Lina on \u00fchelt poolt kaetud pehme fliisiga.","robots":{"index":"index","follow":"follow","max-snippet":"max-snippet:-1","max-image-preview":"max-image-preview:large","max-video-preview":"max-video-preview:-1"},"canonical":"https:\/\/sulin.ee\/en\/toode\/happy-bear-mahkimise-aluslina\/","og_locale":"en_US","og_type":"article","og_title":"Happy Bear m\u00e4hkimise aluslina - sulin.ee","og_description":"Happy Bear m\u00e4hkimise aluslina on kerge ning mugav kasutada nii kodus kui kodust v\u00e4ljas olles.\u00a0Lina on \u00fchelt poolt kaetud pehme fliisiga.","og_url":"https:\/\/sulin.ee\/en\/toode\/happy-bear-mahkimise-aluslina\/","og_site_name":"sulin.ee","article_publisher":"https:\/\/www.facebook.com\/www.sulin.ee\/","article_modified_time":"2026-02-02T14:59:21+00:00","og_image":[{"width":1080,"height":1080,"url":"https:\/\/sulin.ee\/wp-content\/uploads\/2022\/10\/Twiggy.png","type":"image\/png"}],"twitter_card":"summary_large_image","twitter_misc":{"Est. reading time":"1 minute"},"schema":{"@context":"https:\/\/schema.org","@graph":[{"@type":"WebPage","@id":"https:\/\/sulin.ee\/en\/toode\/happy-bear-mahkimise-aluslina\/","url":"https:\/\/sulin.ee\/en\/toode\/happy-bear-mahkimise-aluslina\/","name":"Happy Bear m\u00e4hkimise aluslina - sulin.ee","isPartOf":{"@id":"https:\/\/sulin.ee\/en\/#website"},"primaryImageOfPage":{"@id":"https:\/\/sulin.ee\/en\/toode\/happy-bear-mahkimise-aluslina\/#primaryimage"},"image":{"@id":"https:\/\/sulin.ee\/en\/toode\/happy-bear-mahkimise-aluslina\/#primaryimage"},"thumbnailUrl":"https:\/\/sulin.ee\/wp-content\/uploads\/2022\/10\/Twiggy.png","datePublished":"2022-10-06T08:35:00+00:00","dateModified":"2026-02-02T14:59:21+00:00","description":"Happy Bear m\u00e4hkimise aluslina on kerge ning mugav kasutada nii kodus kui kodust v\u00e4ljas olles.\u00a0Lina on \u00fchelt poolt kaetud pehme fliisiga.","breadcrumb":{"@id":"https:\/\/sulin.ee\/en\/toode\/happy-bear-mahkimise-aluslina\/#breadcrumb"},"inLanguage":"en-US","potentialAction":[{"@type":"ReadAction","target":["https:\/\/sulin.ee\/en\/toode\/happy-bear-mahkimise-aluslina\/"]}]},{"@type":"ImageObject","inLanguage":"en-US","@id":"https:\/\/sulin.ee\/en\/toode\/happy-bear-mahkimise-aluslina\/#primaryimage","url":"https:\/\/sulin.ee\/wp-content\/uploads\/2022\/10\/Twiggy.png","contentUrl":"https:\/\/sulin.ee\/wp-content\/uploads\/2022\/10\/Twiggy.png","width":1080,"height":1080,"caption":"Happy Bear m\u00e4hkimise aluslina"},{"@type":"BreadcrumbList","@id":"https:\/\/sulin.ee\/en\/toode\/happy-bear-mahkimise-aluslina\/#breadcrumb","itemListElement":[{"@type":"ListItem","position":1,"name":"Home","item":"https:\/\/sulin.ee\/en\/"},{"@type":"ListItem","position":2,"name":"Sulin.ee e-pood","item":"https:\/\/sulin.ee\/shop\/"},{"@type":"ListItem","position":3,"name":"Happy Bear m\u00e4hkimise aluslina"}]},{"@type":"WebSite","@id":"https:\/\/sulin.ee\/en\/#website","url":"https:\/\/sulin.ee\/en\/","name":"sulin.ee","description":"","publisher":{"@id":"https:\/\/sulin.ee\/en\/#organization"},"potentialAction":[{"@type":"SearchAction","target":{"@type":"EntryPoint","urlTemplate":"https:\/\/sulin.ee\/en\/?s={search_term_string}"},"query-input":{"@type":"PropertyValueSpecification","valueRequired":true,"valueName":"search_term_string"}}],"inLanguage":"en-US"},{"@type":"Organization","@id":"https:\/\/sulin.ee\/en\/#organization","name":"SULIN TRADE O\u00dc","url":"https:\/\/sulin.ee\/en\/","logo":{"@type":"ImageObject","inLanguage":"en-US","@id":"https:\/\/sulin.ee\/en\/#\/schema\/logo\/image\/","url":"https:\/\/sulin.ee\/wp-content\/uploads\/2022\/11\/sulin-logo.png","contentUrl":"https:\/\/sulin.ee\/wp-content\/uploads\/2022\/11\/sulin-logo.png","width":871,"height":321,"caption":"SULIN TRADE O\u00dc"},"image":{"@id":"https:\/\/sulin.ee\/en\/#\/schema\/logo\/image\/"},"sameAs":["https:\/\/www.facebook.com\/www.sulin.ee\/","https:\/\/www.instagram.com\/sulintrade\/"]}]}},"builder_content":"","_links":{"self":[{"href":"https:\/\/sulin.ee\/en\/wp-json\/wp\/v2\/product\/4429","targetHints":{"allow":["GET"]}}],"collection":[{"href":"https:\/\/sulin.ee\/en\/wp-json\/wp\/v2\/product"}],"about":[{"href":"https:\/\/sulin.ee\/en\/wp-json\/wp\/v2\/types\/product"}],"replies":[{"embeddable":true,"href":"https:\/\/sulin.ee\/en\/wp-json\/wp\/v2\/comments?post=4429"}],"wp:featuredmedia":[{"embeddable":true,"href":"https:\/\/sulin.ee\/en\/wp-json\/wp\/v2\/media\/4461"}],"wp:attachment":[{"href":"https:\/\/sulin.ee\/en\/wp-json\/wp\/v2\/media?parent=4429"}],"wp:term":[{"taxonomy":"product_brand","embeddable":true,"href":"https:\/\/sulin.ee\/en\/wp-json\/wp\/v2\/product_brand?post=4429"},{"taxonomy":"product_cat","embeddable":true,"href":"https:\/\/sulin.ee\/en\/wp-json\/wp\/v2\/product_cat?post=4429"},{"taxonomy":"product_tag","embeddable":true,"href":"https:\/\/sulin.ee\/en\/wp-json\/wp\/v2\/product_tag?post=4429"}],"curies":[{"name":"wp","href":"https:\/\/api.w.org\/{rel}","templated":true}]}}