{"id":437,"date":"2022-09-13T14:01:08","date_gmt":"2022-09-13T14:01:08","guid":{"rendered":"http:\/\/test.itson.ee\/sulin\/product\/littlelamb-mahkmekott-38x55-cm-2\/"},"modified":"2026-03-13T12:35:16","modified_gmt":"2026-03-13T12:35:16","slug":"littlelamb-mahkmekott-38x55-cm-2","status":"publish","type":"product","link":"https:\/\/sulin.ee\/en\/toode\/littlelamb-mahkmekott-38x55-cm-2\/","title":{"rendered":"LittleLamb m\u00e4hkmekott 38&#215;55 cm"},"content":{"rendered":"<p style=\"text-align: justify;\"><span style=\"font-family: arial, helvetica, sans-serif; font-size: medium;\"><strong>LittleLamb riputatav m\u00e4hkmekott on mugav lahendus mustade m\u00e4hkmete hoiustamiseks.<\/strong> Riputa kott n\u00e4iteks vannitoa ukse taha v\u00f5i m\u00e4hkimislaua k\u00fclge, et oleks mugav musti m\u00e4hkmeid hoiustada. T\u00e4is kott t\u00fchjenda sopsutades pesumasinasse, keera kott pahupidi ja pese koos m\u00e4hkmetega. Soovitame kotti pesta, et v\u00e4ltida mustuse ja halva l\u00f5hna tekkimist. Kott on valmistatud PUL kangast.<\/span><\/p>\n<p style=\"text-align: justify;\"><strong><span style=\"font-family: arial, helvetica, sans-serif; font-size: medium;\">Mahutab kuni 15 m\u00e4het.<\/span><\/strong><\/p>\n","protected":false},"excerpt":{"rendered":"<p>LittleLamb riputatav m\u00e4hkmekott on mugav lahendus mustade m\u00e4hkmete hoiustamiseks. Riputa kott n\u00e4iteks vannitoa ukse taha v\u00f5i m\u00e4hkimislaua k\u00fclge, et oleks mugav musti m\u00e4hkmeid hoiustada. T\u00e4is kott t\u00fchjenda sopsutades pesumasinasse, keera kott pahupidi ja pese koos m\u00e4hkmetega. Soovitame kotti pesta, et v\u00e4ltida mustuse ja halva l\u00f5hna tekkimist. Kott on valmistatud PUL kangast. Mahutab kuni 15 m\u00e4het.<\/p>\n","protected":false},"featured_media":4837,"comment_status":"open","ping_status":"closed","template":"","meta":[],"product_brand":[],"product_cat":[585,412],"product_tag":[413],"class_list":{"0":"post-437","1":"product","2":"type-product","3":"status-publish","4":"has-post-thumbnail","6":"product_cat-mahkmekotid","7":"product_cat-littlelamb","8":"product_tag-littlelamb","9":"has-post-title","10":"has-post-date","11":"has-post-category","12":"has-post-tag","13":"has-post-comment","14":"has-post-author","15":"","17":"first","18":"instock","19":"sale","20":"taxable","21":"shipping-taxable","22":"purchasable","23":"product-type-variable"},"yoast_head":"<!-- This site is optimized with the Yoast SEO plugin v26.8 - https:\/\/yoast.com\/product\/yoast-seo-wordpress\/ -->\n<title>LittleLamb m\u00e4hkmekott 38x55 cm - sulin.ee<\/title>\n<meta name=\"robots\" content=\"index, follow, max-snippet:-1, max-image-preview:large, max-video-preview:-1\" \/>\n<link rel=\"canonical\" href=\"https:\/\/sulin.ee\/en\/toode\/littlelamb-mahkmekott-38x55-cm-2\/\" \/>\n<meta property=\"og:locale\" content=\"en_US\" \/>\n<meta property=\"og:type\" content=\"article\" \/>\n<meta property=\"og:title\" content=\"LittleLamb m\u00e4hkmekott 38x55 cm - sulin.ee\" \/>\n<meta property=\"og:description\" content=\"LittleLamb riputatav m\u00e4hkmekott on mugav lahendus mustade m\u00e4hkmete hoiustamiseks. Riputa kott n\u00e4iteks vannitoa ukse taha v\u00f5i m\u00e4hkimislaua k\u00fclge, et oleks mugav musti m\u00e4hkmeid hoiustada. T\u00e4is kott t\u00fchjenda sopsutades pesumasinasse, keera kott pahupidi ja pese koos m\u00e4hkmetega. Soovitame kotti pesta, et v\u00e4ltida mustuse ja halva l\u00f5hna tekkimist. Kott on valmistatud PUL kangast. Mahutab kuni 15 m\u00e4het.\" \/>\n<meta property=\"og:url\" content=\"https:\/\/sulin.ee\/en\/toode\/littlelamb-mahkmekott-38x55-cm-2\/\" \/>\n<meta property=\"og:site_name\" content=\"sulin.ee\" \/>\n<meta property=\"article:publisher\" content=\"https:\/\/www.facebook.com\/www.sulin.ee\/\" \/>\n<meta property=\"article:modified_time\" content=\"2026-03-13T12:35:16+00:00\" \/>\n<meta property=\"og:image\" content=\"https:\/\/sulin.ee\/wp-content\/uploads\/2022\/10\/ButterflyBallad38x55.png\" \/>\n\t<meta property=\"og:image:width\" content=\"800\" \/>\n\t<meta property=\"og:image:height\" content=\"800\" \/>\n\t<meta property=\"og:image:type\" content=\"image\/png\" \/>\n<meta name=\"twitter:card\" content=\"summary_large_image\" \/>\n<meta name=\"twitter:label1\" content=\"Est. reading time\" \/>\n\t<meta name=\"twitter:data1\" content=\"1 minute\" \/>\n<script type=\"application\/ld+json\" class=\"yoast-schema-graph\">{\"@context\":\"https:\/\/schema.org\",\"@graph\":[{\"@type\":\"WebPage\",\"@id\":\"https:\/\/sulin.ee\/en\/toode\/littlelamb-mahkmekott-38x55-cm-2\/\",\"url\":\"https:\/\/sulin.ee\/en\/toode\/littlelamb-mahkmekott-38x55-cm-2\/\",\"name\":\"LittleLamb m\u00e4hkmekott 38x55 cm - sulin.ee\",\"isPartOf\":{\"@id\":\"https:\/\/sulin.ee\/en\/#website\"},\"primaryImageOfPage\":{\"@id\":\"https:\/\/sulin.ee\/en\/toode\/littlelamb-mahkmekott-38x55-cm-2\/#primaryimage\"},\"image\":{\"@id\":\"https:\/\/sulin.ee\/en\/toode\/littlelamb-mahkmekott-38x55-cm-2\/#primaryimage\"},\"thumbnailUrl\":\"https:\/\/sulin.ee\/wp-content\/uploads\/2022\/10\/ButterflyBallad38x55.png\",\"datePublished\":\"2022-09-13T14:01:08+00:00\",\"dateModified\":\"2026-03-13T12:35:16+00:00\",\"breadcrumb\":{\"@id\":\"https:\/\/sulin.ee\/en\/toode\/littlelamb-mahkmekott-38x55-cm-2\/#breadcrumb\"},\"inLanguage\":\"en-US\",\"potentialAction\":[{\"@type\":\"ReadAction\",\"target\":[\"https:\/\/sulin.ee\/en\/toode\/littlelamb-mahkmekott-38x55-cm-2\/\"]}]},{\"@type\":\"ImageObject\",\"inLanguage\":\"en-US\",\"@id\":\"https:\/\/sulin.ee\/en\/toode\/littlelamb-mahkmekott-38x55-cm-2\/#primaryimage\",\"url\":\"https:\/\/sulin.ee\/wp-content\/uploads\/2022\/10\/ButterflyBallad38x55.png\",\"contentUrl\":\"https:\/\/sulin.ee\/wp-content\/uploads\/2022\/10\/ButterflyBallad38x55.png\",\"width\":800,\"height\":800},{\"@type\":\"BreadcrumbList\",\"@id\":\"https:\/\/sulin.ee\/en\/toode\/littlelamb-mahkmekott-38x55-cm-2\/#breadcrumb\",\"itemListElement\":[{\"@type\":\"ListItem\",\"position\":1,\"name\":\"Home\",\"item\":\"https:\/\/sulin.ee\/en\/\"},{\"@type\":\"ListItem\",\"position\":2,\"name\":\"Sulin.ee e-pood\",\"item\":\"https:\/\/sulin.ee\/shop\/\"},{\"@type\":\"ListItem\",\"position\":3,\"name\":\"LittleLamb m\u00e4hkmekott 38&#215;55 cm\"}]},{\"@type\":\"WebSite\",\"@id\":\"https:\/\/sulin.ee\/en\/#website\",\"url\":\"https:\/\/sulin.ee\/en\/\",\"name\":\"sulin.ee\",\"description\":\"\",\"publisher\":{\"@id\":\"https:\/\/sulin.ee\/en\/#organization\"},\"potentialAction\":[{\"@type\":\"SearchAction\",\"target\":{\"@type\":\"EntryPoint\",\"urlTemplate\":\"https:\/\/sulin.ee\/en\/?s={search_term_string}\"},\"query-input\":{\"@type\":\"PropertyValueSpecification\",\"valueRequired\":true,\"valueName\":\"search_term_string\"}}],\"inLanguage\":\"en-US\"},{\"@type\":\"Organization\",\"@id\":\"https:\/\/sulin.ee\/en\/#organization\",\"name\":\"SULIN TRADE O\u00dc\",\"url\":\"https:\/\/sulin.ee\/en\/\",\"logo\":{\"@type\":\"ImageObject\",\"inLanguage\":\"en-US\",\"@id\":\"https:\/\/sulin.ee\/en\/#\/schema\/logo\/image\/\",\"url\":\"https:\/\/sulin.ee\/wp-content\/uploads\/2022\/11\/sulin-logo.png\",\"contentUrl\":\"https:\/\/sulin.ee\/wp-content\/uploads\/2022\/11\/sulin-logo.png\",\"width\":871,\"height\":321,\"caption\":\"SULIN TRADE O\u00dc\"},\"image\":{\"@id\":\"https:\/\/sulin.ee\/en\/#\/schema\/logo\/image\/\"},\"sameAs\":[\"https:\/\/www.facebook.com\/www.sulin.ee\/\",\"https:\/\/www.instagram.com\/sulintrade\/\"]}]}<\/script>\n<!-- \/ Yoast SEO plugin. -->","yoast_head_json":{"title":"LittleLamb m\u00e4hkmekott 38x55 cm - sulin.ee","robots":{"index":"index","follow":"follow","max-snippet":"max-snippet:-1","max-image-preview":"max-image-preview:large","max-video-preview":"max-video-preview:-1"},"canonical":"https:\/\/sulin.ee\/en\/toode\/littlelamb-mahkmekott-38x55-cm-2\/","og_locale":"en_US","og_type":"article","og_title":"LittleLamb m\u00e4hkmekott 38x55 cm - sulin.ee","og_description":"LittleLamb riputatav m\u00e4hkmekott on mugav lahendus mustade m\u00e4hkmete hoiustamiseks. Riputa kott n\u00e4iteks vannitoa ukse taha v\u00f5i m\u00e4hkimislaua k\u00fclge, et oleks mugav musti m\u00e4hkmeid hoiustada. T\u00e4is kott t\u00fchjenda sopsutades pesumasinasse, keera kott pahupidi ja pese koos m\u00e4hkmetega. Soovitame kotti pesta, et v\u00e4ltida mustuse ja halva l\u00f5hna tekkimist. Kott on valmistatud PUL kangast. Mahutab kuni 15 m\u00e4het.","og_url":"https:\/\/sulin.ee\/en\/toode\/littlelamb-mahkmekott-38x55-cm-2\/","og_site_name":"sulin.ee","article_publisher":"https:\/\/www.facebook.com\/www.sulin.ee\/","article_modified_time":"2026-03-13T12:35:16+00:00","og_image":[{"width":800,"height":800,"url":"https:\/\/sulin.ee\/wp-content\/uploads\/2022\/10\/ButterflyBallad38x55.png","type":"image\/png"}],"twitter_card":"summary_large_image","twitter_misc":{"Est. reading time":"1 minute"},"schema":{"@context":"https:\/\/schema.org","@graph":[{"@type":"WebPage","@id":"https:\/\/sulin.ee\/en\/toode\/littlelamb-mahkmekott-38x55-cm-2\/","url":"https:\/\/sulin.ee\/en\/toode\/littlelamb-mahkmekott-38x55-cm-2\/","name":"LittleLamb m\u00e4hkmekott 38x55 cm - sulin.ee","isPartOf":{"@id":"https:\/\/sulin.ee\/en\/#website"},"primaryImageOfPage":{"@id":"https:\/\/sulin.ee\/en\/toode\/littlelamb-mahkmekott-38x55-cm-2\/#primaryimage"},"image":{"@id":"https:\/\/sulin.ee\/en\/toode\/littlelamb-mahkmekott-38x55-cm-2\/#primaryimage"},"thumbnailUrl":"https:\/\/sulin.ee\/wp-content\/uploads\/2022\/10\/ButterflyBallad38x55.png","datePublished":"2022-09-13T14:01:08+00:00","dateModified":"2026-03-13T12:35:16+00:00","breadcrumb":{"@id":"https:\/\/sulin.ee\/en\/toode\/littlelamb-mahkmekott-38x55-cm-2\/#breadcrumb"},"inLanguage":"en-US","potentialAction":[{"@type":"ReadAction","target":["https:\/\/sulin.ee\/en\/toode\/littlelamb-mahkmekott-38x55-cm-2\/"]}]},{"@type":"ImageObject","inLanguage":"en-US","@id":"https:\/\/sulin.ee\/en\/toode\/littlelamb-mahkmekott-38x55-cm-2\/#primaryimage","url":"https:\/\/sulin.ee\/wp-content\/uploads\/2022\/10\/ButterflyBallad38x55.png","contentUrl":"https:\/\/sulin.ee\/wp-content\/uploads\/2022\/10\/ButterflyBallad38x55.png","width":800,"height":800},{"@type":"BreadcrumbList","@id":"https:\/\/sulin.ee\/en\/toode\/littlelamb-mahkmekott-38x55-cm-2\/#breadcrumb","itemListElement":[{"@type":"ListItem","position":1,"name":"Home","item":"https:\/\/sulin.ee\/en\/"},{"@type":"ListItem","position":2,"name":"Sulin.ee e-pood","item":"https:\/\/sulin.ee\/shop\/"},{"@type":"ListItem","position":3,"name":"LittleLamb m\u00e4hkmekott 38&#215;55 cm"}]},{"@type":"WebSite","@id":"https:\/\/sulin.ee\/en\/#website","url":"https:\/\/sulin.ee\/en\/","name":"sulin.ee","description":"","publisher":{"@id":"https:\/\/sulin.ee\/en\/#organization"},"potentialAction":[{"@type":"SearchAction","target":{"@type":"EntryPoint","urlTemplate":"https:\/\/sulin.ee\/en\/?s={search_term_string}"},"query-input":{"@type":"PropertyValueSpecification","valueRequired":true,"valueName":"search_term_string"}}],"inLanguage":"en-US"},{"@type":"Organization","@id":"https:\/\/sulin.ee\/en\/#organization","name":"SULIN TRADE O\u00dc","url":"https:\/\/sulin.ee\/en\/","logo":{"@type":"ImageObject","inLanguage":"en-US","@id":"https:\/\/sulin.ee\/en\/#\/schema\/logo\/image\/","url":"https:\/\/sulin.ee\/wp-content\/uploads\/2022\/11\/sulin-logo.png","contentUrl":"https:\/\/sulin.ee\/wp-content\/uploads\/2022\/11\/sulin-logo.png","width":871,"height":321,"caption":"SULIN TRADE O\u00dc"},"image":{"@id":"https:\/\/sulin.ee\/en\/#\/schema\/logo\/image\/"},"sameAs":["https:\/\/www.facebook.com\/www.sulin.ee\/","https:\/\/www.instagram.com\/sulintrade\/"]}]}},"builder_content":"","_links":{"self":[{"href":"https:\/\/sulin.ee\/en\/wp-json\/wp\/v2\/product\/437","targetHints":{"allow":["GET"]}}],"collection":[{"href":"https:\/\/sulin.ee\/en\/wp-json\/wp\/v2\/product"}],"about":[{"href":"https:\/\/sulin.ee\/en\/wp-json\/wp\/v2\/types\/product"}],"replies":[{"embeddable":true,"href":"https:\/\/sulin.ee\/en\/wp-json\/wp\/v2\/comments?post=437"}],"wp:featuredmedia":[{"embeddable":true,"href":"https:\/\/sulin.ee\/en\/wp-json\/wp\/v2\/media\/4837"}],"wp:attachment":[{"href":"https:\/\/sulin.ee\/en\/wp-json\/wp\/v2\/media?parent=437"}],"wp:term":[{"taxonomy":"product_brand","embeddable":true,"href":"https:\/\/sulin.ee\/en\/wp-json\/wp\/v2\/product_brand?post=437"},{"taxonomy":"product_cat","embeddable":true,"href":"https:\/\/sulin.ee\/en\/wp-json\/wp\/v2\/product_cat?post=437"},{"taxonomy":"product_tag","embeddable":true,"href":"https:\/\/sulin.ee\/en\/wp-json\/wp\/v2\/product_tag?post=437"}],"curies":[{"name":"wp","href":"https:\/\/api.w.org\/{rel}","templated":true}]}}