{"id":43325,"date":"2025-03-25T13:52:43","date_gmt":"2025-03-25T13:52:43","guid":{"rendered":"https:\/\/sulin.ee\/?post_type=product&#038;p=43325"},"modified":"2026-02-28T12:03:04","modified_gmt":"2026-02-28T12:03:04","slug":"jollein-universaalne-vihmakile-jalutuskarule","status":"publish","type":"product","link":"https:\/\/sulin.ee\/en\/toode\/jollein-universaalne-vihmakile-jalutuskarule\/","title":{"rendered":"Jollein universaalne vihmakile jalutusk\u00e4rule"},"content":{"rendered":"<p class=\"\" data-start=\"0\" data-end=\"290\"><strong>Jollein universaalne vihmakile jalutusk\u00e4rule<\/strong> on praktiline ja vajalik abivahend, mis kaitseb sinu last vihma, tuule ja muutliku ilma eest k\u00f5ikidel jalutusk\u00e4ikudel. <strong>Kvaliteetne ja l\u00e4bipaistev<\/strong> vihmakile v\u00f5imaldab lapsel mugavalt \u00fcmbrust j\u00e4lgida ning sul enda pisikesel alati silma peal hoida.<\/p>\n<p class=\"\" data-start=\"292\" data-end=\"557\">Vihmakile on valmistatud vastupidavast pol\u00fcestrist ning selle <strong>m\u00f5\u00f5tmed (40 x 75 x 35 cm)<\/strong> sobivad ideaalselt enamikele standardm\u00f5\u00f5dus jalutusk\u00e4rudele. T\u00e4nu universaalsele disainile on seda lihtne ja kiire paigaldada, pakkudes kiiret kaitset ootamatu vihmasaju korral.<\/p>\n<p class=\"\" data-start=\"559\" data-end=\"813\">Lisaks jalutusk\u00e4rule pakub Jollein vihmakilesid ka turvah\u00e4llile ja vankrile, tagades sinu lapsele maksimaalse mugavuse ja ilmastikukindluse igas olukorras. Vali <a href=\"https:\/\/jollein.com\/\">Jollein<\/a> universaalne vihmakile jalutusk\u00e4rule ning naudi jalutusk\u00e4ike koos lapsega iga ilmaga!<\/p>\n","protected":false},"excerpt":{"rendered":"<p><strong>Jollein universaalne vihmakile jalutusk\u00e4rule \u2013 praktiline, l\u00e4bipaistev ja vastupidav vihmakate, mis kaitseb sinu last t\u00f5husalt vihma ja tuule eest igal jalutusk\u00e4igul.<\/strong><\/p>\n","protected":false},"featured_media":43326,"comment_status":"open","ping_status":"closed","template":"","meta":[],"product_brand":[],"product_cat":[179,777,1456,776],"product_tag":[],"class_list":{"0":"post-43325","1":"product","2":"type-product","3":"status-publish","4":"has-post-thumbnail","6":"product_cat-beebile","7":"product_cat-beebi-uni-ja-magamine","8":"product_cat-vihmakiled","9":"product_cat-jollein-2","10":"has-post-title","11":"has-post-date","12":"has-post-category","13":"has-post-tag","14":"has-post-comment","15":"has-post-author","16":"","18":"first","19":"instock","20":"sale","21":"taxable","22":"shipping-taxable","23":"purchasable","24":"product-type-simple"},"yoast_head":"<!-- This site is optimized with the Yoast SEO plugin v26.8 - https:\/\/yoast.com\/product\/yoast-seo-wordpress\/ -->\n<title>Jollein universaalne vihmakile jalutusk\u00e4rule - sulin.ee<\/title>\n<meta name=\"description\" content=\"Jollein universaalne vihmakile jalutusk\u00e4rule kaitseb beebit vihma ja tuule eest \u2013 kvaliteetne, universaalse m\u00f5\u00f5duga ja lihtne paigaldada.\" \/>\n<meta name=\"robots\" content=\"index, follow, max-snippet:-1, max-image-preview:large, max-video-preview:-1\" \/>\n<link rel=\"canonical\" href=\"https:\/\/sulin.ee\/en\/toode\/jollein-universaalne-vihmakile-jalutuskarule\/\" \/>\n<meta property=\"og:locale\" content=\"en_US\" \/>\n<meta property=\"og:type\" content=\"article\" \/>\n<meta property=\"og:title\" content=\"Jollein universaalne vihmakile jalutusk\u00e4rule - sulin.ee\" \/>\n<meta property=\"og:description\" content=\"Jollein universaalne vihmakile jalutusk\u00e4rule kaitseb beebit vihma ja tuule eest \u2013 kvaliteetne, universaalse m\u00f5\u00f5duga ja lihtne paigaldada.\" \/>\n<meta property=\"og:url\" content=\"https:\/\/sulin.ee\/en\/toode\/jollein-universaalne-vihmakile-jalutuskarule\/\" \/>\n<meta property=\"og:site_name\" content=\"sulin.ee\" \/>\n<meta property=\"article:publisher\" content=\"https:\/\/www.facebook.com\/www.sulin.ee\/\" \/>\n<meta property=\"article:modified_time\" content=\"2026-02-28T12:03:04+00:00\" \/>\n<meta property=\"og:image\" content=\"https:\/\/sulin.ee\/wp-content\/uploads\/2025\/03\/00100007_8717329000070_hero.jpg\" \/>\n\t<meta property=\"og:image:width\" content=\"1800\" \/>\n\t<meta property=\"og:image:height\" content=\"1350\" \/>\n\t<meta property=\"og:image:type\" content=\"image\/jpeg\" \/>\n<meta name=\"twitter:card\" content=\"summary_large_image\" \/>\n<meta name=\"twitter:label1\" content=\"Est. reading time\" \/>\n\t<meta name=\"twitter:data1\" content=\"1 minute\" \/>\n<script type=\"application\/ld+json\" class=\"yoast-schema-graph\">{\"@context\":\"https:\/\/schema.org\",\"@graph\":[{\"@type\":\"WebPage\",\"@id\":\"https:\/\/sulin.ee\/en\/toode\/jollein-universaalne-vihmakile-jalutuskarule\/\",\"url\":\"https:\/\/sulin.ee\/en\/toode\/jollein-universaalne-vihmakile-jalutuskarule\/\",\"name\":\"Jollein universaalne vihmakile jalutusk\u00e4rule - sulin.ee\",\"isPartOf\":{\"@id\":\"https:\/\/sulin.ee\/en\/#website\"},\"primaryImageOfPage\":{\"@id\":\"https:\/\/sulin.ee\/en\/toode\/jollein-universaalne-vihmakile-jalutuskarule\/#primaryimage\"},\"image\":{\"@id\":\"https:\/\/sulin.ee\/en\/toode\/jollein-universaalne-vihmakile-jalutuskarule\/#primaryimage\"},\"thumbnailUrl\":\"https:\/\/sulin.ee\/wp-content\/uploads\/2025\/03\/00100007_8717329000070_hero.jpg\",\"datePublished\":\"2025-03-25T13:52:43+00:00\",\"dateModified\":\"2026-02-28T12:03:04+00:00\",\"description\":\"Jollein universaalne vihmakile jalutusk\u00e4rule kaitseb beebit vihma ja tuule eest \u2013 kvaliteetne, universaalse m\u00f5\u00f5duga ja lihtne paigaldada.\",\"breadcrumb\":{\"@id\":\"https:\/\/sulin.ee\/en\/toode\/jollein-universaalne-vihmakile-jalutuskarule\/#breadcrumb\"},\"inLanguage\":\"en-US\",\"potentialAction\":[{\"@type\":\"ReadAction\",\"target\":[\"https:\/\/sulin.ee\/en\/toode\/jollein-universaalne-vihmakile-jalutuskarule\/\"]}]},{\"@type\":\"ImageObject\",\"inLanguage\":\"en-US\",\"@id\":\"https:\/\/sulin.ee\/en\/toode\/jollein-universaalne-vihmakile-jalutuskarule\/#primaryimage\",\"url\":\"https:\/\/sulin.ee\/wp-content\/uploads\/2025\/03\/00100007_8717329000070_hero.jpg\",\"contentUrl\":\"https:\/\/sulin.ee\/wp-content\/uploads\/2025\/03\/00100007_8717329000070_hero.jpg\",\"width\":1800,\"height\":1350,\"caption\":\"Jollein universaalne vihmakile jalutusk\u00e4rule\"},{\"@type\":\"BreadcrumbList\",\"@id\":\"https:\/\/sulin.ee\/en\/toode\/jollein-universaalne-vihmakile-jalutuskarule\/#breadcrumb\",\"itemListElement\":[{\"@type\":\"ListItem\",\"position\":1,\"name\":\"Home\",\"item\":\"https:\/\/sulin.ee\/en\/\"},{\"@type\":\"ListItem\",\"position\":2,\"name\":\"Sulin.ee e-pood\",\"item\":\"https:\/\/sulin.ee\/shop\/\"},{\"@type\":\"ListItem\",\"position\":3,\"name\":\"Jollein universaalne vihmakile jalutusk\u00e4rule\"}]},{\"@type\":\"WebSite\",\"@id\":\"https:\/\/sulin.ee\/en\/#website\",\"url\":\"https:\/\/sulin.ee\/en\/\",\"name\":\"sulin.ee\",\"description\":\"\",\"publisher\":{\"@id\":\"https:\/\/sulin.ee\/en\/#organization\"},\"potentialAction\":[{\"@type\":\"SearchAction\",\"target\":{\"@type\":\"EntryPoint\",\"urlTemplate\":\"https:\/\/sulin.ee\/en\/?s={search_term_string}\"},\"query-input\":{\"@type\":\"PropertyValueSpecification\",\"valueRequired\":true,\"valueName\":\"search_term_string\"}}],\"inLanguage\":\"en-US\"},{\"@type\":\"Organization\",\"@id\":\"https:\/\/sulin.ee\/en\/#organization\",\"name\":\"SULIN TRADE O\u00dc\",\"url\":\"https:\/\/sulin.ee\/en\/\",\"logo\":{\"@type\":\"ImageObject\",\"inLanguage\":\"en-US\",\"@id\":\"https:\/\/sulin.ee\/en\/#\/schema\/logo\/image\/\",\"url\":\"https:\/\/sulin.ee\/wp-content\/uploads\/2022\/11\/sulin-logo.png\",\"contentUrl\":\"https:\/\/sulin.ee\/wp-content\/uploads\/2022\/11\/sulin-logo.png\",\"width\":871,\"height\":321,\"caption\":\"SULIN TRADE O\u00dc\"},\"image\":{\"@id\":\"https:\/\/sulin.ee\/en\/#\/schema\/logo\/image\/\"},\"sameAs\":[\"https:\/\/www.facebook.com\/www.sulin.ee\/\",\"https:\/\/www.instagram.com\/sulintrade\/\"]}]}<\/script>\n<!-- \/ Yoast SEO plugin. -->","yoast_head_json":{"title":"Jollein universaalne vihmakile jalutusk\u00e4rule - sulin.ee","description":"Jollein universaalne vihmakile jalutusk\u00e4rule kaitseb beebit vihma ja tuule eest \u2013 kvaliteetne, universaalse m\u00f5\u00f5duga ja lihtne paigaldada.","robots":{"index":"index","follow":"follow","max-snippet":"max-snippet:-1","max-image-preview":"max-image-preview:large","max-video-preview":"max-video-preview:-1"},"canonical":"https:\/\/sulin.ee\/en\/toode\/jollein-universaalne-vihmakile-jalutuskarule\/","og_locale":"en_US","og_type":"article","og_title":"Jollein universaalne vihmakile jalutusk\u00e4rule - sulin.ee","og_description":"Jollein universaalne vihmakile jalutusk\u00e4rule kaitseb beebit vihma ja tuule eest \u2013 kvaliteetne, universaalse m\u00f5\u00f5duga ja lihtne paigaldada.","og_url":"https:\/\/sulin.ee\/en\/toode\/jollein-universaalne-vihmakile-jalutuskarule\/","og_site_name":"sulin.ee","article_publisher":"https:\/\/www.facebook.com\/www.sulin.ee\/","article_modified_time":"2026-02-28T12:03:04+00:00","og_image":[{"width":1800,"height":1350,"url":"https:\/\/sulin.ee\/wp-content\/uploads\/2025\/03\/00100007_8717329000070_hero.jpg","type":"image\/jpeg"}],"twitter_card":"summary_large_image","twitter_misc":{"Est. reading time":"1 minute"},"schema":{"@context":"https:\/\/schema.org","@graph":[{"@type":"WebPage","@id":"https:\/\/sulin.ee\/en\/toode\/jollein-universaalne-vihmakile-jalutuskarule\/","url":"https:\/\/sulin.ee\/en\/toode\/jollein-universaalne-vihmakile-jalutuskarule\/","name":"Jollein universaalne vihmakile jalutusk\u00e4rule - sulin.ee","isPartOf":{"@id":"https:\/\/sulin.ee\/en\/#website"},"primaryImageOfPage":{"@id":"https:\/\/sulin.ee\/en\/toode\/jollein-universaalne-vihmakile-jalutuskarule\/#primaryimage"},"image":{"@id":"https:\/\/sulin.ee\/en\/toode\/jollein-universaalne-vihmakile-jalutuskarule\/#primaryimage"},"thumbnailUrl":"https:\/\/sulin.ee\/wp-content\/uploads\/2025\/03\/00100007_8717329000070_hero.jpg","datePublished":"2025-03-25T13:52:43+00:00","dateModified":"2026-02-28T12:03:04+00:00","description":"Jollein universaalne vihmakile jalutusk\u00e4rule kaitseb beebit vihma ja tuule eest \u2013 kvaliteetne, universaalse m\u00f5\u00f5duga ja lihtne paigaldada.","breadcrumb":{"@id":"https:\/\/sulin.ee\/en\/toode\/jollein-universaalne-vihmakile-jalutuskarule\/#breadcrumb"},"inLanguage":"en-US","potentialAction":[{"@type":"ReadAction","target":["https:\/\/sulin.ee\/en\/toode\/jollein-universaalne-vihmakile-jalutuskarule\/"]}]},{"@type":"ImageObject","inLanguage":"en-US","@id":"https:\/\/sulin.ee\/en\/toode\/jollein-universaalne-vihmakile-jalutuskarule\/#primaryimage","url":"https:\/\/sulin.ee\/wp-content\/uploads\/2025\/03\/00100007_8717329000070_hero.jpg","contentUrl":"https:\/\/sulin.ee\/wp-content\/uploads\/2025\/03\/00100007_8717329000070_hero.jpg","width":1800,"height":1350,"caption":"Jollein universaalne vihmakile jalutusk\u00e4rule"},{"@type":"BreadcrumbList","@id":"https:\/\/sulin.ee\/en\/toode\/jollein-universaalne-vihmakile-jalutuskarule\/#breadcrumb","itemListElement":[{"@type":"ListItem","position":1,"name":"Home","item":"https:\/\/sulin.ee\/en\/"},{"@type":"ListItem","position":2,"name":"Sulin.ee e-pood","item":"https:\/\/sulin.ee\/shop\/"},{"@type":"ListItem","position":3,"name":"Jollein universaalne vihmakile jalutusk\u00e4rule"}]},{"@type":"WebSite","@id":"https:\/\/sulin.ee\/en\/#website","url":"https:\/\/sulin.ee\/en\/","name":"sulin.ee","description":"","publisher":{"@id":"https:\/\/sulin.ee\/en\/#organization"},"potentialAction":[{"@type":"SearchAction","target":{"@type":"EntryPoint","urlTemplate":"https:\/\/sulin.ee\/en\/?s={search_term_string}"},"query-input":{"@type":"PropertyValueSpecification","valueRequired":true,"valueName":"search_term_string"}}],"inLanguage":"en-US"},{"@type":"Organization","@id":"https:\/\/sulin.ee\/en\/#organization","name":"SULIN TRADE O\u00dc","url":"https:\/\/sulin.ee\/en\/","logo":{"@type":"ImageObject","inLanguage":"en-US","@id":"https:\/\/sulin.ee\/en\/#\/schema\/logo\/image\/","url":"https:\/\/sulin.ee\/wp-content\/uploads\/2022\/11\/sulin-logo.png","contentUrl":"https:\/\/sulin.ee\/wp-content\/uploads\/2022\/11\/sulin-logo.png","width":871,"height":321,"caption":"SULIN TRADE O\u00dc"},"image":{"@id":"https:\/\/sulin.ee\/en\/#\/schema\/logo\/image\/"},"sameAs":["https:\/\/www.facebook.com\/www.sulin.ee\/","https:\/\/www.instagram.com\/sulintrade\/"]}]}},"builder_content":"","_links":{"self":[{"href":"https:\/\/sulin.ee\/en\/wp-json\/wp\/v2\/product\/43325","targetHints":{"allow":["GET"]}}],"collection":[{"href":"https:\/\/sulin.ee\/en\/wp-json\/wp\/v2\/product"}],"about":[{"href":"https:\/\/sulin.ee\/en\/wp-json\/wp\/v2\/types\/product"}],"replies":[{"embeddable":true,"href":"https:\/\/sulin.ee\/en\/wp-json\/wp\/v2\/comments?post=43325"}],"wp:featuredmedia":[{"embeddable":true,"href":"https:\/\/sulin.ee\/en\/wp-json\/wp\/v2\/media\/43326"}],"wp:attachment":[{"href":"https:\/\/sulin.ee\/en\/wp-json\/wp\/v2\/media?parent=43325"}],"wp:term":[{"taxonomy":"product_brand","embeddable":true,"href":"https:\/\/sulin.ee\/en\/wp-json\/wp\/v2\/product_brand?post=43325"},{"taxonomy":"product_cat","embeddable":true,"href":"https:\/\/sulin.ee\/en\/wp-json\/wp\/v2\/product_cat?post=43325"},{"taxonomy":"product_tag","embeddable":true,"href":"https:\/\/sulin.ee\/en\/wp-json\/wp\/v2\/product_tag?post=43325"}],"curies":[{"name":"wp","href":"https:\/\/api.w.org\/{rel}","templated":true}]}}