{"id":43320,"date":"2025-03-25T13:47:58","date_gmt":"2025-03-25T13:47:58","guid":{"rendered":"https:\/\/sulin.ee\/?post_type=product&#038;p=43320"},"modified":"2025-09-07T21:30:22","modified_gmt":"2025-09-07T21:30:22","slug":"jollein-universaalne-vihmakile-turvahallile","status":"publish","type":"product","link":"https:\/\/sulin.ee\/en\/toode\/jollein-universaalne-vihmakile-turvahallile\/","title":{"rendered":"Jollein universaalne vihmakile turvah\u00e4llile"},"content":{"rendered":"<p class=\"\" data-start=\"0\" data-end=\"344\"><strong>Jollein universaalne vihmakile turvah\u00e4llile<\/strong> on praktiline ja mugav lahendus, mis aitab kaitsta sinu beebit vihma, tuule ja muutuva ilma eest igal autos\u00f5idul v\u00f5i jalutusk\u00e4igul. See kvaliteetne vihmakile on valmistatud vastupidavast ja l\u00e4bipaistvast pol\u00fcestrist, mis v\u00f5imaldab lapsel \u00fcmbrust j\u00e4lgida ning sinul oma v\u00e4ikest alati silma peal hoida.<\/p>\n<p class=\"\" data-start=\"346\" data-end=\"580\">T\u00e4nu universaalsele disainile sobib Jollein vihmakile suurep\u00e4raselt enamikele standardm\u00f5\u00f5dus turvah\u00e4llidele. Vihmakile on v\u00e4ga lihtne ja kiirelt paigaldatav, v\u00f5imaldades selle hetkega turvah\u00e4llile asetada ka ootamatu vihmasaju korral.<\/p>\n<p class=\"\" data-start=\"582\" data-end=\"863\">Jolleini vihmakiled on saadaval lisaks turvah\u00e4llile ka vankrile ja jalutusk\u00e4rule, pakkudes mugavat ja t\u00e4ielikku kaitset igas olukorras. Vali oma lapsele <a href=\"https:\/\/jollein.com\/\">Jollein<\/a> universaalne vihmakile turvah\u00e4llile, et autos\u00f5idud ja jalutusk\u00e4igud oleksid alati turvalised, mugavad ning vihmakindlad!<\/p>\n","protected":false},"excerpt":{"rendered":"<p><strong>Jollein universaalne vihmakile turvah\u00e4llile kaitseb sinu beebit vihma ja tuule eest \u2013 l\u00e4bipaistev, vastupidav ning sobib enamikule turvah\u00e4llidele.<\/strong><\/p>\n","protected":false},"featured_media":43321,"comment_status":"open","ping_status":"closed","template":"","meta":[],"product_brand":[],"product_cat":[179,777,1456,776],"product_tag":[],"class_list":{"0":"post-43320","1":"product","2":"type-product","3":"status-publish","4":"has-post-thumbnail","6":"product_cat-beebile","7":"product_cat-beebi-uni-ja-magamine","8":"product_cat-vihmakiled","9":"product_cat-jollein-2","10":"has-post-title","11":"has-post-date","12":"has-post-category","13":"has-post-tag","14":"has-post-comment","15":"has-post-author","16":"","18":"first","19":"instock","20":"sale","21":"taxable","22":"shipping-taxable","23":"purchasable","24":"product-type-simple"},"yoast_head":"<!-- This site is optimized with the Yoast SEO plugin v26.8 - https:\/\/yoast.com\/product\/yoast-seo-wordpress\/ -->\n<title>Jollein universaalne vihmakile turvah\u00e4llile - sulin.ee<\/title>\n<meta name=\"description\" content=\"Jollein universaalne vihmakile turvah\u00e4llile \u2013 kaitse sinu lapsele vihma ja tuule eest nii autos\u00f5idul kui jalutusk\u00e4igul. Mugav ja kiire paigaldus!\" \/>\n<meta name=\"robots\" content=\"index, follow, max-snippet:-1, max-image-preview:large, max-video-preview:-1\" \/>\n<link rel=\"canonical\" href=\"https:\/\/sulin.ee\/en\/toode\/jollein-universaalne-vihmakile-turvahallile\/\" \/>\n<meta property=\"og:locale\" content=\"en_US\" \/>\n<meta property=\"og:type\" content=\"article\" \/>\n<meta property=\"og:title\" content=\"Jollein universaalne vihmakile turvah\u00e4llile - sulin.ee\" \/>\n<meta property=\"og:description\" content=\"Jollein universaalne vihmakile turvah\u00e4llile \u2013 kaitse sinu lapsele vihma ja tuule eest nii autos\u00f5idul kui jalutusk\u00e4igul. Mugav ja kiire paigaldus!\" \/>\n<meta property=\"og:url\" content=\"https:\/\/sulin.ee\/en\/toode\/jollein-universaalne-vihmakile-turvahallile\/\" \/>\n<meta property=\"og:site_name\" content=\"sulin.ee\" \/>\n<meta property=\"article:publisher\" content=\"https:\/\/www.facebook.com\/www.sulin.ee\/\" \/>\n<meta property=\"article:modified_time\" content=\"2025-09-07T21:30:22+00:00\" \/>\n<meta property=\"og:image\" content=\"https:\/\/sulin.ee\/wp-content\/uploads\/2025\/03\/00100009_8717329000094_hero-scaled.jpg\" \/>\n\t<meta property=\"og:image:width\" content=\"2560\" \/>\n\t<meta property=\"og:image:height\" content=\"1920\" \/>\n\t<meta property=\"og:image:type\" content=\"image\/jpeg\" \/>\n<meta name=\"twitter:card\" content=\"summary_large_image\" \/>\n<meta name=\"twitter:label1\" content=\"Est. reading time\" \/>\n\t<meta name=\"twitter:data1\" content=\"1 minute\" \/>\n<script type=\"application\/ld+json\" class=\"yoast-schema-graph\">{\"@context\":\"https:\/\/schema.org\",\"@graph\":[{\"@type\":\"WebPage\",\"@id\":\"https:\/\/sulin.ee\/en\/toode\/jollein-universaalne-vihmakile-turvahallile\/\",\"url\":\"https:\/\/sulin.ee\/en\/toode\/jollein-universaalne-vihmakile-turvahallile\/\",\"name\":\"Jollein universaalne vihmakile turvah\u00e4llile - sulin.ee\",\"isPartOf\":{\"@id\":\"https:\/\/sulin.ee\/en\/#website\"},\"primaryImageOfPage\":{\"@id\":\"https:\/\/sulin.ee\/en\/toode\/jollein-universaalne-vihmakile-turvahallile\/#primaryimage\"},\"image\":{\"@id\":\"https:\/\/sulin.ee\/en\/toode\/jollein-universaalne-vihmakile-turvahallile\/#primaryimage\"},\"thumbnailUrl\":\"https:\/\/sulin.ee\/wp-content\/uploads\/2025\/03\/00100009_8717329000094_hero-scaled.jpg\",\"datePublished\":\"2025-03-25T13:47:58+00:00\",\"dateModified\":\"2025-09-07T21:30:22+00:00\",\"description\":\"Jollein universaalne vihmakile turvah\u00e4llile \u2013 kaitse sinu lapsele vihma ja tuule eest nii autos\u00f5idul kui jalutusk\u00e4igul. Mugav ja kiire paigaldus!\",\"breadcrumb\":{\"@id\":\"https:\/\/sulin.ee\/en\/toode\/jollein-universaalne-vihmakile-turvahallile\/#breadcrumb\"},\"inLanguage\":\"en-US\",\"potentialAction\":[{\"@type\":\"ReadAction\",\"target\":[\"https:\/\/sulin.ee\/en\/toode\/jollein-universaalne-vihmakile-turvahallile\/\"]}]},{\"@type\":\"ImageObject\",\"inLanguage\":\"en-US\",\"@id\":\"https:\/\/sulin.ee\/en\/toode\/jollein-universaalne-vihmakile-turvahallile\/#primaryimage\",\"url\":\"https:\/\/sulin.ee\/wp-content\/uploads\/2025\/03\/00100009_8717329000094_hero-scaled.jpg\",\"contentUrl\":\"https:\/\/sulin.ee\/wp-content\/uploads\/2025\/03\/00100009_8717329000094_hero-scaled.jpg\",\"width\":2560,\"height\":1920,\"caption\":\"Jollein universaalne vihmakile turvah\u00e4llile\"},{\"@type\":\"BreadcrumbList\",\"@id\":\"https:\/\/sulin.ee\/en\/toode\/jollein-universaalne-vihmakile-turvahallile\/#breadcrumb\",\"itemListElement\":[{\"@type\":\"ListItem\",\"position\":1,\"name\":\"Home\",\"item\":\"https:\/\/sulin.ee\/en\/\"},{\"@type\":\"ListItem\",\"position\":2,\"name\":\"Sulin.ee e-pood\",\"item\":\"https:\/\/sulin.ee\/shop\/\"},{\"@type\":\"ListItem\",\"position\":3,\"name\":\"Jollein universaalne vihmakile turvah\u00e4llile\"}]},{\"@type\":\"WebSite\",\"@id\":\"https:\/\/sulin.ee\/en\/#website\",\"url\":\"https:\/\/sulin.ee\/en\/\",\"name\":\"sulin.ee\",\"description\":\"\",\"publisher\":{\"@id\":\"https:\/\/sulin.ee\/en\/#organization\"},\"potentialAction\":[{\"@type\":\"SearchAction\",\"target\":{\"@type\":\"EntryPoint\",\"urlTemplate\":\"https:\/\/sulin.ee\/en\/?s={search_term_string}\"},\"query-input\":{\"@type\":\"PropertyValueSpecification\",\"valueRequired\":true,\"valueName\":\"search_term_string\"}}],\"inLanguage\":\"en-US\"},{\"@type\":\"Organization\",\"@id\":\"https:\/\/sulin.ee\/en\/#organization\",\"name\":\"SULIN TRADE O\u00dc\",\"url\":\"https:\/\/sulin.ee\/en\/\",\"logo\":{\"@type\":\"ImageObject\",\"inLanguage\":\"en-US\",\"@id\":\"https:\/\/sulin.ee\/en\/#\/schema\/logo\/image\/\",\"url\":\"https:\/\/sulin.ee\/wp-content\/uploads\/2022\/11\/sulin-logo.png\",\"contentUrl\":\"https:\/\/sulin.ee\/wp-content\/uploads\/2022\/11\/sulin-logo.png\",\"width\":871,\"height\":321,\"caption\":\"SULIN TRADE O\u00dc\"},\"image\":{\"@id\":\"https:\/\/sulin.ee\/en\/#\/schema\/logo\/image\/\"},\"sameAs\":[\"https:\/\/www.facebook.com\/www.sulin.ee\/\",\"https:\/\/www.instagram.com\/sulintrade\/\"]}]}<\/script>\n<!-- \/ Yoast SEO plugin. -->","yoast_head_json":{"title":"Jollein universaalne vihmakile turvah\u00e4llile - sulin.ee","description":"Jollein universaalne vihmakile turvah\u00e4llile \u2013 kaitse sinu lapsele vihma ja tuule eest nii autos\u00f5idul kui jalutusk\u00e4igul. Mugav ja kiire paigaldus!","robots":{"index":"index","follow":"follow","max-snippet":"max-snippet:-1","max-image-preview":"max-image-preview:large","max-video-preview":"max-video-preview:-1"},"canonical":"https:\/\/sulin.ee\/en\/toode\/jollein-universaalne-vihmakile-turvahallile\/","og_locale":"en_US","og_type":"article","og_title":"Jollein universaalne vihmakile turvah\u00e4llile - sulin.ee","og_description":"Jollein universaalne vihmakile turvah\u00e4llile \u2013 kaitse sinu lapsele vihma ja tuule eest nii autos\u00f5idul kui jalutusk\u00e4igul. Mugav ja kiire paigaldus!","og_url":"https:\/\/sulin.ee\/en\/toode\/jollein-universaalne-vihmakile-turvahallile\/","og_site_name":"sulin.ee","article_publisher":"https:\/\/www.facebook.com\/www.sulin.ee\/","article_modified_time":"2025-09-07T21:30:22+00:00","og_image":[{"width":2560,"height":1920,"url":"https:\/\/sulin.ee\/wp-content\/uploads\/2025\/03\/00100009_8717329000094_hero-scaled.jpg","type":"image\/jpeg"}],"twitter_card":"summary_large_image","twitter_misc":{"Est. reading time":"1 minute"},"schema":{"@context":"https:\/\/schema.org","@graph":[{"@type":"WebPage","@id":"https:\/\/sulin.ee\/en\/toode\/jollein-universaalne-vihmakile-turvahallile\/","url":"https:\/\/sulin.ee\/en\/toode\/jollein-universaalne-vihmakile-turvahallile\/","name":"Jollein universaalne vihmakile turvah\u00e4llile - sulin.ee","isPartOf":{"@id":"https:\/\/sulin.ee\/en\/#website"},"primaryImageOfPage":{"@id":"https:\/\/sulin.ee\/en\/toode\/jollein-universaalne-vihmakile-turvahallile\/#primaryimage"},"image":{"@id":"https:\/\/sulin.ee\/en\/toode\/jollein-universaalne-vihmakile-turvahallile\/#primaryimage"},"thumbnailUrl":"https:\/\/sulin.ee\/wp-content\/uploads\/2025\/03\/00100009_8717329000094_hero-scaled.jpg","datePublished":"2025-03-25T13:47:58+00:00","dateModified":"2025-09-07T21:30:22+00:00","description":"Jollein universaalne vihmakile turvah\u00e4llile \u2013 kaitse sinu lapsele vihma ja tuule eest nii autos\u00f5idul kui jalutusk\u00e4igul. Mugav ja kiire paigaldus!","breadcrumb":{"@id":"https:\/\/sulin.ee\/en\/toode\/jollein-universaalne-vihmakile-turvahallile\/#breadcrumb"},"inLanguage":"en-US","potentialAction":[{"@type":"ReadAction","target":["https:\/\/sulin.ee\/en\/toode\/jollein-universaalne-vihmakile-turvahallile\/"]}]},{"@type":"ImageObject","inLanguage":"en-US","@id":"https:\/\/sulin.ee\/en\/toode\/jollein-universaalne-vihmakile-turvahallile\/#primaryimage","url":"https:\/\/sulin.ee\/wp-content\/uploads\/2025\/03\/00100009_8717329000094_hero-scaled.jpg","contentUrl":"https:\/\/sulin.ee\/wp-content\/uploads\/2025\/03\/00100009_8717329000094_hero-scaled.jpg","width":2560,"height":1920,"caption":"Jollein universaalne vihmakile turvah\u00e4llile"},{"@type":"BreadcrumbList","@id":"https:\/\/sulin.ee\/en\/toode\/jollein-universaalne-vihmakile-turvahallile\/#breadcrumb","itemListElement":[{"@type":"ListItem","position":1,"name":"Home","item":"https:\/\/sulin.ee\/en\/"},{"@type":"ListItem","position":2,"name":"Sulin.ee e-pood","item":"https:\/\/sulin.ee\/shop\/"},{"@type":"ListItem","position":3,"name":"Jollein universaalne vihmakile turvah\u00e4llile"}]},{"@type":"WebSite","@id":"https:\/\/sulin.ee\/en\/#website","url":"https:\/\/sulin.ee\/en\/","name":"sulin.ee","description":"","publisher":{"@id":"https:\/\/sulin.ee\/en\/#organization"},"potentialAction":[{"@type":"SearchAction","target":{"@type":"EntryPoint","urlTemplate":"https:\/\/sulin.ee\/en\/?s={search_term_string}"},"query-input":{"@type":"PropertyValueSpecification","valueRequired":true,"valueName":"search_term_string"}}],"inLanguage":"en-US"},{"@type":"Organization","@id":"https:\/\/sulin.ee\/en\/#organization","name":"SULIN TRADE O\u00dc","url":"https:\/\/sulin.ee\/en\/","logo":{"@type":"ImageObject","inLanguage":"en-US","@id":"https:\/\/sulin.ee\/en\/#\/schema\/logo\/image\/","url":"https:\/\/sulin.ee\/wp-content\/uploads\/2022\/11\/sulin-logo.png","contentUrl":"https:\/\/sulin.ee\/wp-content\/uploads\/2022\/11\/sulin-logo.png","width":871,"height":321,"caption":"SULIN TRADE O\u00dc"},"image":{"@id":"https:\/\/sulin.ee\/en\/#\/schema\/logo\/image\/"},"sameAs":["https:\/\/www.facebook.com\/www.sulin.ee\/","https:\/\/www.instagram.com\/sulintrade\/"]}]}},"builder_content":"","_links":{"self":[{"href":"https:\/\/sulin.ee\/en\/wp-json\/wp\/v2\/product\/43320","targetHints":{"allow":["GET"]}}],"collection":[{"href":"https:\/\/sulin.ee\/en\/wp-json\/wp\/v2\/product"}],"about":[{"href":"https:\/\/sulin.ee\/en\/wp-json\/wp\/v2\/types\/product"}],"replies":[{"embeddable":true,"href":"https:\/\/sulin.ee\/en\/wp-json\/wp\/v2\/comments?post=43320"}],"wp:featuredmedia":[{"embeddable":true,"href":"https:\/\/sulin.ee\/en\/wp-json\/wp\/v2\/media\/43321"}],"wp:attachment":[{"href":"https:\/\/sulin.ee\/en\/wp-json\/wp\/v2\/media?parent=43320"}],"wp:term":[{"taxonomy":"product_brand","embeddable":true,"href":"https:\/\/sulin.ee\/en\/wp-json\/wp\/v2\/product_brand?post=43320"},{"taxonomy":"product_cat","embeddable":true,"href":"https:\/\/sulin.ee\/en\/wp-json\/wp\/v2\/product_cat?post=43320"},{"taxonomy":"product_tag","embeddable":true,"href":"https:\/\/sulin.ee\/en\/wp-json\/wp\/v2\/product_tag?post=43320"}],"curies":[{"name":"wp","href":"https:\/\/api.w.org\/{rel}","templated":true}]}}