{"id":43317,"date":"2025-03-25T13:42:30","date_gmt":"2025-03-25T13:42:30","guid":{"rendered":"https:\/\/sulin.ee\/?post_type=product&#038;p=43317"},"modified":"2025-09-07T21:38:36","modified_gmt":"2025-09-07T21:38:36","slug":"jollein-universaalne-vihmakile-vankrile","status":"publish","type":"product","link":"https:\/\/sulin.ee\/en\/toode\/jollein-universaalne-vihmakile-vankrile\/","title":{"rendered":"Jollein universaalne vihmakile vankrile"},"content":{"rendered":"<p class=\"\" data-start=\"0\" data-end=\"330\"><strong>Jollein universaalne vihmakile<\/strong> vankrile on praktiline ja asendamatu abivahend, mis kaitseb sinu beebit v\u00f5i v\u00e4ikelast vihma, tuule ja ebameeldiva ilma eest. See l\u00e4bipaistev vihmakile on valmistatud kvaliteetsest ja vastupidavast pol\u00fcestrist, tagades hea n\u00e4htavuse ning v\u00f5imaldades lapsel mugavalt \u00fcmbrust j\u00e4lgida ka vihmase ilmaga.<\/p>\n<p class=\"\" data-start=\"332\" data-end=\"581\"><strong>Vihmakile m\u00f5\u00f5dud on 40 x 75 x 35 cm<\/strong> ning t\u00e4nu universaalsele disainile sobib see enamikele standardm\u00f5\u00f5tmetes jalutusk\u00e4rudele ja vankritele. Kilet on lihtne ja kiire paigaldada, mist\u00f5ttu saad selle kiiresti vankrile t\u00f5mmata ootamatu vihmasaju korral.<\/p>\n<p class=\"\" data-start=\"583\" data-end=\"751\">Lisaks vankrile pakub Jollein vihmakilesid ka turvah\u00e4llile ja jalutusk\u00e4rule, et saaksid oma last alati kaitsta igasuguse ilmaga, olgu tegu jalutusk\u00e4igu v\u00f5i autos\u00f5iduga.<\/p>\n<p class=\"\" data-start=\"753\" data-end=\"864\">Vali <a href=\"https:\/\/jollein.com\/\">Jollein<\/a> universaalne vihmakile vankrile ja tee oma lapse jalutusk\u00e4igud turvaliseks ja mugavaks igas ilmas!<\/p>\n","protected":false},"excerpt":{"rendered":"<p><strong>Jollein universaalne vihmakile vankrile kaitseb sinu last t\u00f5husalt vihma ja tuule eest \u2013 l\u00e4bipaistev, vastupidav ning lihtsasti paigaldatav.<\/strong><\/p>\n","protected":false},"featured_media":43315,"comment_status":"open","ping_status":"closed","template":"","meta":[],"product_brand":[],"product_cat":[179,777,1456,776],"product_tag":[],"class_list":{"0":"post-43317","1":"product","2":"type-product","3":"status-publish","4":"has-post-thumbnail","6":"product_cat-beebile","7":"product_cat-beebi-uni-ja-magamine","8":"product_cat-vihmakiled","9":"product_cat-jollein-2","10":"has-post-title","11":"has-post-date","12":"has-post-category","13":"has-post-tag","14":"has-post-comment","15":"has-post-author","16":"","18":"first","19":"instock","20":"sale","21":"taxable","22":"shipping-taxable","23":"purchasable","24":"product-type-simple"},"yoast_head":"<!-- This site is optimized with the Yoast SEO plugin v26.8 - https:\/\/yoast.com\/product\/yoast-seo-wordpress\/ -->\n<title>Jollein universaalne vihmakile vankrile - sulin.ee<\/title>\n<meta name=\"description\" content=\"Jollein universaalne vihmakile vankrile \u2013 praktiline ja kvaliteetne kaitse sinu lapsele vihma ja tuule eest igal jalutusk\u00e4igul. Tellimine kiire ja lihtne!\" \/>\n<meta name=\"robots\" content=\"index, follow, max-snippet:-1, max-image-preview:large, max-video-preview:-1\" \/>\n<link rel=\"canonical\" href=\"https:\/\/sulin.ee\/en\/toode\/jollein-universaalne-vihmakile-vankrile\/\" \/>\n<meta property=\"og:locale\" content=\"en_US\" \/>\n<meta property=\"og:type\" content=\"article\" \/>\n<meta property=\"og:title\" content=\"Jollein universaalne vihmakile vankrile - sulin.ee\" \/>\n<meta property=\"og:description\" content=\"Jollein universaalne vihmakile vankrile \u2013 praktiline ja kvaliteetne kaitse sinu lapsele vihma ja tuule eest igal jalutusk\u00e4igul. Tellimine kiire ja lihtne!\" \/>\n<meta property=\"og:url\" content=\"https:\/\/sulin.ee\/en\/toode\/jollein-universaalne-vihmakile-vankrile\/\" \/>\n<meta property=\"og:site_name\" content=\"sulin.ee\" \/>\n<meta property=\"article:publisher\" content=\"https:\/\/www.facebook.com\/www.sulin.ee\/\" \/>\n<meta property=\"article:modified_time\" content=\"2025-09-07T21:38:36+00:00\" \/>\n<meta property=\"og:image\" content=\"https:\/\/sulin.ee\/wp-content\/uploads\/2025\/03\/00100008_8717329000087_detail-0001-scaled.jpg\" \/>\n\t<meta property=\"og:image:width\" content=\"2560\" \/>\n\t<meta property=\"og:image:height\" content=\"1920\" \/>\n\t<meta property=\"og:image:type\" content=\"image\/jpeg\" \/>\n<meta name=\"twitter:card\" content=\"summary_large_image\" \/>\n<meta name=\"twitter:label1\" content=\"Est. reading time\" \/>\n\t<meta name=\"twitter:data1\" content=\"1 minute\" \/>\n<script type=\"application\/ld+json\" class=\"yoast-schema-graph\">{\"@context\":\"https:\/\/schema.org\",\"@graph\":[{\"@type\":\"WebPage\",\"@id\":\"https:\/\/sulin.ee\/en\/toode\/jollein-universaalne-vihmakile-vankrile\/\",\"url\":\"https:\/\/sulin.ee\/en\/toode\/jollein-universaalne-vihmakile-vankrile\/\",\"name\":\"Jollein universaalne vihmakile vankrile - sulin.ee\",\"isPartOf\":{\"@id\":\"https:\/\/sulin.ee\/en\/#website\"},\"primaryImageOfPage\":{\"@id\":\"https:\/\/sulin.ee\/en\/toode\/jollein-universaalne-vihmakile-vankrile\/#primaryimage\"},\"image\":{\"@id\":\"https:\/\/sulin.ee\/en\/toode\/jollein-universaalne-vihmakile-vankrile\/#primaryimage\"},\"thumbnailUrl\":\"https:\/\/sulin.ee\/wp-content\/uploads\/2025\/03\/00100008_8717329000087_detail-0001-scaled.jpg\",\"datePublished\":\"2025-03-25T13:42:30+00:00\",\"dateModified\":\"2025-09-07T21:38:36+00:00\",\"description\":\"Jollein universaalne vihmakile vankrile \u2013 praktiline ja kvaliteetne kaitse sinu lapsele vihma ja tuule eest igal jalutusk\u00e4igul. Tellimine kiire ja lihtne!\",\"breadcrumb\":{\"@id\":\"https:\/\/sulin.ee\/en\/toode\/jollein-universaalne-vihmakile-vankrile\/#breadcrumb\"},\"inLanguage\":\"en-US\",\"potentialAction\":[{\"@type\":\"ReadAction\",\"target\":[\"https:\/\/sulin.ee\/en\/toode\/jollein-universaalne-vihmakile-vankrile\/\"]}]},{\"@type\":\"ImageObject\",\"inLanguage\":\"en-US\",\"@id\":\"https:\/\/sulin.ee\/en\/toode\/jollein-universaalne-vihmakile-vankrile\/#primaryimage\",\"url\":\"https:\/\/sulin.ee\/wp-content\/uploads\/2025\/03\/00100008_8717329000087_detail-0001-scaled.jpg\",\"contentUrl\":\"https:\/\/sulin.ee\/wp-content\/uploads\/2025\/03\/00100008_8717329000087_detail-0001-scaled.jpg\",\"width\":2560,\"height\":1920,\"caption\":\"Jollein universaalne vihmakile vankrile\"},{\"@type\":\"BreadcrumbList\",\"@id\":\"https:\/\/sulin.ee\/en\/toode\/jollein-universaalne-vihmakile-vankrile\/#breadcrumb\",\"itemListElement\":[{\"@type\":\"ListItem\",\"position\":1,\"name\":\"Home\",\"item\":\"https:\/\/sulin.ee\/en\/\"},{\"@type\":\"ListItem\",\"position\":2,\"name\":\"Sulin.ee e-pood\",\"item\":\"https:\/\/sulin.ee\/shop\/\"},{\"@type\":\"ListItem\",\"position\":3,\"name\":\"Jollein universaalne vihmakile vankrile\"}]},{\"@type\":\"WebSite\",\"@id\":\"https:\/\/sulin.ee\/en\/#website\",\"url\":\"https:\/\/sulin.ee\/en\/\",\"name\":\"sulin.ee\",\"description\":\"\",\"publisher\":{\"@id\":\"https:\/\/sulin.ee\/en\/#organization\"},\"potentialAction\":[{\"@type\":\"SearchAction\",\"target\":{\"@type\":\"EntryPoint\",\"urlTemplate\":\"https:\/\/sulin.ee\/en\/?s={search_term_string}\"},\"query-input\":{\"@type\":\"PropertyValueSpecification\",\"valueRequired\":true,\"valueName\":\"search_term_string\"}}],\"inLanguage\":\"en-US\"},{\"@type\":\"Organization\",\"@id\":\"https:\/\/sulin.ee\/en\/#organization\",\"name\":\"SULIN TRADE O\u00dc\",\"url\":\"https:\/\/sulin.ee\/en\/\",\"logo\":{\"@type\":\"ImageObject\",\"inLanguage\":\"en-US\",\"@id\":\"https:\/\/sulin.ee\/en\/#\/schema\/logo\/image\/\",\"url\":\"https:\/\/sulin.ee\/wp-content\/uploads\/2022\/11\/sulin-logo.png\",\"contentUrl\":\"https:\/\/sulin.ee\/wp-content\/uploads\/2022\/11\/sulin-logo.png\",\"width\":871,\"height\":321,\"caption\":\"SULIN TRADE O\u00dc\"},\"image\":{\"@id\":\"https:\/\/sulin.ee\/en\/#\/schema\/logo\/image\/\"},\"sameAs\":[\"https:\/\/www.facebook.com\/www.sulin.ee\/\",\"https:\/\/www.instagram.com\/sulintrade\/\"]}]}<\/script>\n<!-- \/ Yoast SEO plugin. -->","yoast_head_json":{"title":"Jollein universaalne vihmakile vankrile - sulin.ee","description":"Jollein universaalne vihmakile vankrile \u2013 praktiline ja kvaliteetne kaitse sinu lapsele vihma ja tuule eest igal jalutusk\u00e4igul. Tellimine kiire ja lihtne!","robots":{"index":"index","follow":"follow","max-snippet":"max-snippet:-1","max-image-preview":"max-image-preview:large","max-video-preview":"max-video-preview:-1"},"canonical":"https:\/\/sulin.ee\/en\/toode\/jollein-universaalne-vihmakile-vankrile\/","og_locale":"en_US","og_type":"article","og_title":"Jollein universaalne vihmakile vankrile - sulin.ee","og_description":"Jollein universaalne vihmakile vankrile \u2013 praktiline ja kvaliteetne kaitse sinu lapsele vihma ja tuule eest igal jalutusk\u00e4igul. Tellimine kiire ja lihtne!","og_url":"https:\/\/sulin.ee\/en\/toode\/jollein-universaalne-vihmakile-vankrile\/","og_site_name":"sulin.ee","article_publisher":"https:\/\/www.facebook.com\/www.sulin.ee\/","article_modified_time":"2025-09-07T21:38:36+00:00","og_image":[{"width":2560,"height":1920,"url":"https:\/\/sulin.ee\/wp-content\/uploads\/2025\/03\/00100008_8717329000087_detail-0001-scaled.jpg","type":"image\/jpeg"}],"twitter_card":"summary_large_image","twitter_misc":{"Est. reading time":"1 minute"},"schema":{"@context":"https:\/\/schema.org","@graph":[{"@type":"WebPage","@id":"https:\/\/sulin.ee\/en\/toode\/jollein-universaalne-vihmakile-vankrile\/","url":"https:\/\/sulin.ee\/en\/toode\/jollein-universaalne-vihmakile-vankrile\/","name":"Jollein universaalne vihmakile vankrile - sulin.ee","isPartOf":{"@id":"https:\/\/sulin.ee\/en\/#website"},"primaryImageOfPage":{"@id":"https:\/\/sulin.ee\/en\/toode\/jollein-universaalne-vihmakile-vankrile\/#primaryimage"},"image":{"@id":"https:\/\/sulin.ee\/en\/toode\/jollein-universaalne-vihmakile-vankrile\/#primaryimage"},"thumbnailUrl":"https:\/\/sulin.ee\/wp-content\/uploads\/2025\/03\/00100008_8717329000087_detail-0001-scaled.jpg","datePublished":"2025-03-25T13:42:30+00:00","dateModified":"2025-09-07T21:38:36+00:00","description":"Jollein universaalne vihmakile vankrile \u2013 praktiline ja kvaliteetne kaitse sinu lapsele vihma ja tuule eest igal jalutusk\u00e4igul. Tellimine kiire ja lihtne!","breadcrumb":{"@id":"https:\/\/sulin.ee\/en\/toode\/jollein-universaalne-vihmakile-vankrile\/#breadcrumb"},"inLanguage":"en-US","potentialAction":[{"@type":"ReadAction","target":["https:\/\/sulin.ee\/en\/toode\/jollein-universaalne-vihmakile-vankrile\/"]}]},{"@type":"ImageObject","inLanguage":"en-US","@id":"https:\/\/sulin.ee\/en\/toode\/jollein-universaalne-vihmakile-vankrile\/#primaryimage","url":"https:\/\/sulin.ee\/wp-content\/uploads\/2025\/03\/00100008_8717329000087_detail-0001-scaled.jpg","contentUrl":"https:\/\/sulin.ee\/wp-content\/uploads\/2025\/03\/00100008_8717329000087_detail-0001-scaled.jpg","width":2560,"height":1920,"caption":"Jollein universaalne vihmakile vankrile"},{"@type":"BreadcrumbList","@id":"https:\/\/sulin.ee\/en\/toode\/jollein-universaalne-vihmakile-vankrile\/#breadcrumb","itemListElement":[{"@type":"ListItem","position":1,"name":"Home","item":"https:\/\/sulin.ee\/en\/"},{"@type":"ListItem","position":2,"name":"Sulin.ee e-pood","item":"https:\/\/sulin.ee\/shop\/"},{"@type":"ListItem","position":3,"name":"Jollein universaalne vihmakile vankrile"}]},{"@type":"WebSite","@id":"https:\/\/sulin.ee\/en\/#website","url":"https:\/\/sulin.ee\/en\/","name":"sulin.ee","description":"","publisher":{"@id":"https:\/\/sulin.ee\/en\/#organization"},"potentialAction":[{"@type":"SearchAction","target":{"@type":"EntryPoint","urlTemplate":"https:\/\/sulin.ee\/en\/?s={search_term_string}"},"query-input":{"@type":"PropertyValueSpecification","valueRequired":true,"valueName":"search_term_string"}}],"inLanguage":"en-US"},{"@type":"Organization","@id":"https:\/\/sulin.ee\/en\/#organization","name":"SULIN TRADE O\u00dc","url":"https:\/\/sulin.ee\/en\/","logo":{"@type":"ImageObject","inLanguage":"en-US","@id":"https:\/\/sulin.ee\/en\/#\/schema\/logo\/image\/","url":"https:\/\/sulin.ee\/wp-content\/uploads\/2022\/11\/sulin-logo.png","contentUrl":"https:\/\/sulin.ee\/wp-content\/uploads\/2022\/11\/sulin-logo.png","width":871,"height":321,"caption":"SULIN TRADE O\u00dc"},"image":{"@id":"https:\/\/sulin.ee\/en\/#\/schema\/logo\/image\/"},"sameAs":["https:\/\/www.facebook.com\/www.sulin.ee\/","https:\/\/www.instagram.com\/sulintrade\/"]}]}},"builder_content":"","_links":{"self":[{"href":"https:\/\/sulin.ee\/en\/wp-json\/wp\/v2\/product\/43317","targetHints":{"allow":["GET"]}}],"collection":[{"href":"https:\/\/sulin.ee\/en\/wp-json\/wp\/v2\/product"}],"about":[{"href":"https:\/\/sulin.ee\/en\/wp-json\/wp\/v2\/types\/product"}],"replies":[{"embeddable":true,"href":"https:\/\/sulin.ee\/en\/wp-json\/wp\/v2\/comments?post=43317"}],"wp:featuredmedia":[{"embeddable":true,"href":"https:\/\/sulin.ee\/en\/wp-json\/wp\/v2\/media\/43315"}],"wp:attachment":[{"href":"https:\/\/sulin.ee\/en\/wp-json\/wp\/v2\/media?parent=43317"}],"wp:term":[{"taxonomy":"product_brand","embeddable":true,"href":"https:\/\/sulin.ee\/en\/wp-json\/wp\/v2\/product_brand?post=43317"},{"taxonomy":"product_cat","embeddable":true,"href":"https:\/\/sulin.ee\/en\/wp-json\/wp\/v2\/product_cat?post=43317"},{"taxonomy":"product_tag","embeddable":true,"href":"https:\/\/sulin.ee\/en\/wp-json\/wp\/v2\/product_tag?post=43317"}],"curies":[{"name":"wp","href":"https:\/\/api.w.org\/{rel}","templated":true}]}}