{"id":43308,"date":"2025-03-25T13:29:23","date_gmt":"2025-03-25T13:29:23","guid":{"rendered":"https:\/\/sulin.ee\/?post_type=product&#038;p=43308"},"modified":"2025-09-07T21:30:22","modified_gmt":"2025-09-07T21:30:22","slug":"jollein-saasevork-reisivoodile","status":"publish","type":"product","link":"https:\/\/sulin.ee\/en\/toode\/jollein-saasevork-reisivoodile\/","title":{"rendered":"Jollein s\u00e4\u00e4sev\u00f5rk reisivoodile"},"content":{"rendered":"<p class=\"\" data-start=\"0\" data-end=\"325\"><strong>Jollein s\u00e4\u00e4sev\u00f5rk reisivoodile<\/strong> on asendamatu abimees, mis aitab kaitsta sinu beebit s\u00e4\u00e4skede ja teiste t\u00fc\u00fctute putukate eest. See praktiline ja mugav s\u00e4\u00e4sev\u00f5rk on valmistatud 100% pol\u00fcestrist ning on vastupidav ja lihtsasti kasutatav. <strong>V\u00f5rgu m\u00f5\u00f5tmed on 120 x 65 x 65 cm,<\/strong> sobides ideaalselt enamike standardsete reisivooditega.<\/p>\n<p class=\"\" data-start=\"327\" data-end=\"624\">T\u00e4nu tihedale struktuurile hoiab Jolleini s\u00e4\u00e4sev\u00f5rk putukad turvaliselt eemal, tagades lapsele rahuliku ja segamatu une nii kodus kui ka reisil v\u00f5i telkides. S\u00e4\u00e4sev\u00f5rk on kerge ja kompaktne, mist\u00f5ttu on seda mugav kaasa v\u00f5tta k\u00f5ikjale, kus on vajadus kaitsta last s\u00e4\u00e4skede ja teiste putukate eest.<\/p>\n<p class=\"\" data-start=\"626\" data-end=\"834\">Lisaks reisivoodile saadaval ka s\u00e4\u00e4sev\u00f5rk <a href=\"https:\/\/sulin.ee\/toode\/jollein-saasevork-beebivankrile\/\">lapsevankrile<\/a> ja <a href=\"https:\/\/sulin.ee\/toode\/jollein-saasevork-turvahallile\/\">turvah\u00e4llile<\/a>. Vali kvaliteetne <a href=\"https:\/\/jollein.com\/\">Jollein<\/a> s\u00e4\u00e4sev\u00f5rk ning kindlusta oma lapsele ohutu ja mugav keskkond, kus puhata ja m\u00e4ngida ilma putukate h\u00e4irimiseta!<\/p>\n","protected":false},"excerpt":{"rendered":"<p><strong>Jollein s\u00e4\u00e4sev\u00f5rk reisivoodile kaitseb sinu beebit t\u00f5husalt s\u00e4\u00e4skede ja putukate eest nii kodus kui ka reisil \u2013 mugav, kompaktne ja lihtne kasutada!<\/strong><\/p>\n","protected":false},"featured_media":43309,"comment_status":"open","ping_status":"closed","template":"","meta":[],"product_brand":[],"product_cat":[179,777,1029,776],"product_tag":[],"class_list":{"0":"post-43308","1":"product","2":"type-product","3":"status-publish","4":"has-post-thumbnail","6":"product_cat-beebile","7":"product_cat-beebi-uni-ja-magamine","8":"product_cat-saasevorgud-vankrisse","9":"product_cat-jollein-2","10":"has-post-title","11":"has-post-date","12":"has-post-category","13":"has-post-tag","14":"has-post-comment","15":"has-post-author","16":"","18":"first","19":"instock","20":"sale","21":"taxable","22":"shipping-taxable","23":"purchasable","24":"product-type-simple"},"yoast_head":"<!-- This site is optimized with the Yoast SEO plugin v26.8 - https:\/\/yoast.com\/product\/yoast-seo-wordpress\/ -->\n<title>Jollein s\u00e4\u00e4sev\u00f5rk reisivoodile - sulin.ee<\/title>\n<meta name=\"description\" content=\"Jollein s\u00e4\u00e4sev\u00f5rk reisivoodile \u2013 praktiline kaitse s\u00e4\u00e4skede ja putukate eest, tagades beebile rahuliku une nii reisil kui kodus. Kiire tarne!\" \/>\n<meta name=\"robots\" content=\"index, follow, max-snippet:-1, max-image-preview:large, max-video-preview:-1\" \/>\n<link rel=\"canonical\" href=\"https:\/\/sulin.ee\/en\/toode\/jollein-saasevork-reisivoodile\/\" \/>\n<meta property=\"og:locale\" content=\"en_US\" \/>\n<meta property=\"og:type\" content=\"article\" \/>\n<meta property=\"og:title\" content=\"Jollein s\u00e4\u00e4sev\u00f5rk reisivoodile - sulin.ee\" \/>\n<meta property=\"og:description\" content=\"Jollein s\u00e4\u00e4sev\u00f5rk reisivoodile \u2013 praktiline kaitse s\u00e4\u00e4skede ja putukate eest, tagades beebile rahuliku une nii reisil kui kodus. Kiire tarne!\" \/>\n<meta property=\"og:url\" content=\"https:\/\/sulin.ee\/en\/toode\/jollein-saasevork-reisivoodile\/\" \/>\n<meta property=\"og:site_name\" content=\"sulin.ee\" \/>\n<meta property=\"article:publisher\" content=\"https:\/\/www.facebook.com\/www.sulin.ee\/\" \/>\n<meta property=\"article:modified_time\" content=\"2025-09-07T21:30:22+00:00\" \/>\n<meta property=\"og:image\" content=\"https:\/\/sulin.ee\/wp-content\/uploads\/2025\/03\/00100021_8717329000216_hero-scaled.jpg\" \/>\n\t<meta property=\"og:image:width\" content=\"2560\" \/>\n\t<meta property=\"og:image:height\" content=\"1920\" \/>\n\t<meta property=\"og:image:type\" content=\"image\/jpeg\" \/>\n<meta name=\"twitter:card\" content=\"summary_large_image\" \/>\n<meta name=\"twitter:label1\" content=\"Est. reading time\" \/>\n\t<meta name=\"twitter:data1\" content=\"1 minute\" \/>\n<script type=\"application\/ld+json\" class=\"yoast-schema-graph\">{\"@context\":\"https:\/\/schema.org\",\"@graph\":[{\"@type\":\"WebPage\",\"@id\":\"https:\/\/sulin.ee\/en\/toode\/jollein-saasevork-reisivoodile\/\",\"url\":\"https:\/\/sulin.ee\/en\/toode\/jollein-saasevork-reisivoodile\/\",\"name\":\"Jollein s\u00e4\u00e4sev\u00f5rk reisivoodile - sulin.ee\",\"isPartOf\":{\"@id\":\"https:\/\/sulin.ee\/en\/#website\"},\"primaryImageOfPage\":{\"@id\":\"https:\/\/sulin.ee\/en\/toode\/jollein-saasevork-reisivoodile\/#primaryimage\"},\"image\":{\"@id\":\"https:\/\/sulin.ee\/en\/toode\/jollein-saasevork-reisivoodile\/#primaryimage\"},\"thumbnailUrl\":\"https:\/\/sulin.ee\/wp-content\/uploads\/2025\/03\/00100021_8717329000216_hero-scaled.jpg\",\"datePublished\":\"2025-03-25T13:29:23+00:00\",\"dateModified\":\"2025-09-07T21:30:22+00:00\",\"description\":\"Jollein s\u00e4\u00e4sev\u00f5rk reisivoodile \u2013 praktiline kaitse s\u00e4\u00e4skede ja putukate eest, tagades beebile rahuliku une nii reisil kui kodus. Kiire tarne!\",\"breadcrumb\":{\"@id\":\"https:\/\/sulin.ee\/en\/toode\/jollein-saasevork-reisivoodile\/#breadcrumb\"},\"inLanguage\":\"en-US\",\"potentialAction\":[{\"@type\":\"ReadAction\",\"target\":[\"https:\/\/sulin.ee\/en\/toode\/jollein-saasevork-reisivoodile\/\"]}]},{\"@type\":\"ImageObject\",\"inLanguage\":\"en-US\",\"@id\":\"https:\/\/sulin.ee\/en\/toode\/jollein-saasevork-reisivoodile\/#primaryimage\",\"url\":\"https:\/\/sulin.ee\/wp-content\/uploads\/2025\/03\/00100021_8717329000216_hero-scaled.jpg\",\"contentUrl\":\"https:\/\/sulin.ee\/wp-content\/uploads\/2025\/03\/00100021_8717329000216_hero-scaled.jpg\",\"width\":2560,\"height\":1920,\"caption\":\"Jollein s\u00e4\u00e4sev\u00f5rk reisivoodile\"},{\"@type\":\"BreadcrumbList\",\"@id\":\"https:\/\/sulin.ee\/en\/toode\/jollein-saasevork-reisivoodile\/#breadcrumb\",\"itemListElement\":[{\"@type\":\"ListItem\",\"position\":1,\"name\":\"Home\",\"item\":\"https:\/\/sulin.ee\/en\/\"},{\"@type\":\"ListItem\",\"position\":2,\"name\":\"Sulin.ee e-pood\",\"item\":\"https:\/\/sulin.ee\/shop\/\"},{\"@type\":\"ListItem\",\"position\":3,\"name\":\"Jollein s\u00e4\u00e4sev\u00f5rk reisivoodile\"}]},{\"@type\":\"WebSite\",\"@id\":\"https:\/\/sulin.ee\/en\/#website\",\"url\":\"https:\/\/sulin.ee\/en\/\",\"name\":\"sulin.ee\",\"description\":\"\",\"publisher\":{\"@id\":\"https:\/\/sulin.ee\/en\/#organization\"},\"potentialAction\":[{\"@type\":\"SearchAction\",\"target\":{\"@type\":\"EntryPoint\",\"urlTemplate\":\"https:\/\/sulin.ee\/en\/?s={search_term_string}\"},\"query-input\":{\"@type\":\"PropertyValueSpecification\",\"valueRequired\":true,\"valueName\":\"search_term_string\"}}],\"inLanguage\":\"en-US\"},{\"@type\":\"Organization\",\"@id\":\"https:\/\/sulin.ee\/en\/#organization\",\"name\":\"SULIN TRADE O\u00dc\",\"url\":\"https:\/\/sulin.ee\/en\/\",\"logo\":{\"@type\":\"ImageObject\",\"inLanguage\":\"en-US\",\"@id\":\"https:\/\/sulin.ee\/en\/#\/schema\/logo\/image\/\",\"url\":\"https:\/\/sulin.ee\/wp-content\/uploads\/2022\/11\/sulin-logo.png\",\"contentUrl\":\"https:\/\/sulin.ee\/wp-content\/uploads\/2022\/11\/sulin-logo.png\",\"width\":871,\"height\":321,\"caption\":\"SULIN TRADE O\u00dc\"},\"image\":{\"@id\":\"https:\/\/sulin.ee\/en\/#\/schema\/logo\/image\/\"},\"sameAs\":[\"https:\/\/www.facebook.com\/www.sulin.ee\/\",\"https:\/\/www.instagram.com\/sulintrade\/\"]}]}<\/script>\n<!-- \/ Yoast SEO plugin. -->","yoast_head_json":{"title":"Jollein s\u00e4\u00e4sev\u00f5rk reisivoodile - sulin.ee","description":"Jollein s\u00e4\u00e4sev\u00f5rk reisivoodile \u2013 praktiline kaitse s\u00e4\u00e4skede ja putukate eest, tagades beebile rahuliku une nii reisil kui kodus. Kiire tarne!","robots":{"index":"index","follow":"follow","max-snippet":"max-snippet:-1","max-image-preview":"max-image-preview:large","max-video-preview":"max-video-preview:-1"},"canonical":"https:\/\/sulin.ee\/en\/toode\/jollein-saasevork-reisivoodile\/","og_locale":"en_US","og_type":"article","og_title":"Jollein s\u00e4\u00e4sev\u00f5rk reisivoodile - sulin.ee","og_description":"Jollein s\u00e4\u00e4sev\u00f5rk reisivoodile \u2013 praktiline kaitse s\u00e4\u00e4skede ja putukate eest, tagades beebile rahuliku une nii reisil kui kodus. Kiire tarne!","og_url":"https:\/\/sulin.ee\/en\/toode\/jollein-saasevork-reisivoodile\/","og_site_name":"sulin.ee","article_publisher":"https:\/\/www.facebook.com\/www.sulin.ee\/","article_modified_time":"2025-09-07T21:30:22+00:00","og_image":[{"width":2560,"height":1920,"url":"https:\/\/sulin.ee\/wp-content\/uploads\/2025\/03\/00100021_8717329000216_hero-scaled.jpg","type":"image\/jpeg"}],"twitter_card":"summary_large_image","twitter_misc":{"Est. reading time":"1 minute"},"schema":{"@context":"https:\/\/schema.org","@graph":[{"@type":"WebPage","@id":"https:\/\/sulin.ee\/en\/toode\/jollein-saasevork-reisivoodile\/","url":"https:\/\/sulin.ee\/en\/toode\/jollein-saasevork-reisivoodile\/","name":"Jollein s\u00e4\u00e4sev\u00f5rk reisivoodile - sulin.ee","isPartOf":{"@id":"https:\/\/sulin.ee\/en\/#website"},"primaryImageOfPage":{"@id":"https:\/\/sulin.ee\/en\/toode\/jollein-saasevork-reisivoodile\/#primaryimage"},"image":{"@id":"https:\/\/sulin.ee\/en\/toode\/jollein-saasevork-reisivoodile\/#primaryimage"},"thumbnailUrl":"https:\/\/sulin.ee\/wp-content\/uploads\/2025\/03\/00100021_8717329000216_hero-scaled.jpg","datePublished":"2025-03-25T13:29:23+00:00","dateModified":"2025-09-07T21:30:22+00:00","description":"Jollein s\u00e4\u00e4sev\u00f5rk reisivoodile \u2013 praktiline kaitse s\u00e4\u00e4skede ja putukate eest, tagades beebile rahuliku une nii reisil kui kodus. Kiire tarne!","breadcrumb":{"@id":"https:\/\/sulin.ee\/en\/toode\/jollein-saasevork-reisivoodile\/#breadcrumb"},"inLanguage":"en-US","potentialAction":[{"@type":"ReadAction","target":["https:\/\/sulin.ee\/en\/toode\/jollein-saasevork-reisivoodile\/"]}]},{"@type":"ImageObject","inLanguage":"en-US","@id":"https:\/\/sulin.ee\/en\/toode\/jollein-saasevork-reisivoodile\/#primaryimage","url":"https:\/\/sulin.ee\/wp-content\/uploads\/2025\/03\/00100021_8717329000216_hero-scaled.jpg","contentUrl":"https:\/\/sulin.ee\/wp-content\/uploads\/2025\/03\/00100021_8717329000216_hero-scaled.jpg","width":2560,"height":1920,"caption":"Jollein s\u00e4\u00e4sev\u00f5rk reisivoodile"},{"@type":"BreadcrumbList","@id":"https:\/\/sulin.ee\/en\/toode\/jollein-saasevork-reisivoodile\/#breadcrumb","itemListElement":[{"@type":"ListItem","position":1,"name":"Home","item":"https:\/\/sulin.ee\/en\/"},{"@type":"ListItem","position":2,"name":"Sulin.ee e-pood","item":"https:\/\/sulin.ee\/shop\/"},{"@type":"ListItem","position":3,"name":"Jollein s\u00e4\u00e4sev\u00f5rk reisivoodile"}]},{"@type":"WebSite","@id":"https:\/\/sulin.ee\/en\/#website","url":"https:\/\/sulin.ee\/en\/","name":"sulin.ee","description":"","publisher":{"@id":"https:\/\/sulin.ee\/en\/#organization"},"potentialAction":[{"@type":"SearchAction","target":{"@type":"EntryPoint","urlTemplate":"https:\/\/sulin.ee\/en\/?s={search_term_string}"},"query-input":{"@type":"PropertyValueSpecification","valueRequired":true,"valueName":"search_term_string"}}],"inLanguage":"en-US"},{"@type":"Organization","@id":"https:\/\/sulin.ee\/en\/#organization","name":"SULIN TRADE O\u00dc","url":"https:\/\/sulin.ee\/en\/","logo":{"@type":"ImageObject","inLanguage":"en-US","@id":"https:\/\/sulin.ee\/en\/#\/schema\/logo\/image\/","url":"https:\/\/sulin.ee\/wp-content\/uploads\/2022\/11\/sulin-logo.png","contentUrl":"https:\/\/sulin.ee\/wp-content\/uploads\/2022\/11\/sulin-logo.png","width":871,"height":321,"caption":"SULIN TRADE O\u00dc"},"image":{"@id":"https:\/\/sulin.ee\/en\/#\/schema\/logo\/image\/"},"sameAs":["https:\/\/www.facebook.com\/www.sulin.ee\/","https:\/\/www.instagram.com\/sulintrade\/"]}]}},"builder_content":"","_links":{"self":[{"href":"https:\/\/sulin.ee\/en\/wp-json\/wp\/v2\/product\/43308","targetHints":{"allow":["GET"]}}],"collection":[{"href":"https:\/\/sulin.ee\/en\/wp-json\/wp\/v2\/product"}],"about":[{"href":"https:\/\/sulin.ee\/en\/wp-json\/wp\/v2\/types\/product"}],"replies":[{"embeddable":true,"href":"https:\/\/sulin.ee\/en\/wp-json\/wp\/v2\/comments?post=43308"}],"wp:featuredmedia":[{"embeddable":true,"href":"https:\/\/sulin.ee\/en\/wp-json\/wp\/v2\/media\/43309"}],"wp:attachment":[{"href":"https:\/\/sulin.ee\/en\/wp-json\/wp\/v2\/media?parent=43308"}],"wp:term":[{"taxonomy":"product_brand","embeddable":true,"href":"https:\/\/sulin.ee\/en\/wp-json\/wp\/v2\/product_brand?post=43308"},{"taxonomy":"product_cat","embeddable":true,"href":"https:\/\/sulin.ee\/en\/wp-json\/wp\/v2\/product_cat?post=43308"},{"taxonomy":"product_tag","embeddable":true,"href":"https:\/\/sulin.ee\/en\/wp-json\/wp\/v2\/product_tag?post=43308"}],"curies":[{"name":"wp","href":"https:\/\/api.w.org\/{rel}","templated":true}]}}