{"id":433,"date":"2022-09-13T14:01:08","date_gmt":"2022-09-13T14:01:08","guid":{"rendered":"http:\/\/test.itson.ee\/sulin\/product\/littlelamb-mahkmekott-18x24-cm\/"},"modified":"2025-02-03T08:44:12","modified_gmt":"2025-02-03T08:44:12","slug":"littlelamb-vaike-hugieenitarvete-kott-24x28-cm","status":"publish","type":"product","link":"https:\/\/sulin.ee\/en\/toode\/littlelamb-vaike-hugieenitarvete-kott-24x28-cm\/","title":{"rendered":"LittleLamb v\u00e4ike h\u00fcgieenitarvete kott 24&#215;28 cm"},"content":{"rendered":"<p><strong>LittleLamb v\u00e4ike h\u00fcgieenitarvete kott\u00a0on ideaalne korduvkasutatavate salvr\u00e4tikute ja\/v\u00f5i riidest h\u00fcgieenisidemete hoiustamiseks.<\/strong><\/p>\n<p>Kott mahutab 20 korduvkasutatavat salvr\u00e4tikut v\u00f5i 10 <a href=\"https:\/\/sulin.ee\/tootekategooria\/emale\/korduvkasutatavad-hugieenisidemed\/\" target=\"_blank\" rel=\"noopener\">riidest h\u00fcgieenisidet<\/a>. Kaks veekindlat lukuga sektsiooni v\u00f5imaldavad hoida kuivad salvr\u00e4tikud \u00fchel pool ja niisked teisel pool v\u00f5i eraldada puhtad m\u00e4\u00e4rdunutest.<\/p>\n<p><a href=\"https:\/\/littlelamb.com\/collections\/wet-bags\/products\/double-pocket-reusable-wet-bag?variant=40413914038341\" target=\"_blank\" rel=\"noopener\">LittleLamb<\/a> v\u00e4ikeses h\u00fcgieenitarvete kott on valmistatud PUL materjalist. Kott on loodud niiskuse hoidmiseks, kuid ei suuda t\u00e4ielikult l\u00e4bi ligunenud asju kuivana hoida.<\/p>\n<p>\u2713 Mahutab 20 korduvkasutatavat salvr\u00e4tikut<br \/>\n\u2713 Valmistatud taaskasutatud PUL-materjalist<br \/>\n\u2713 Kahekordne lukuga sektsioon<br \/>\n\u2713 Trukiga k\u00e4epide, mida saab riputada n\u00e4iteks jalutusk\u00e4ru v\u00f5i m\u00e4hkimislaua k\u00fclge.<\/p>\n<p><strong>M\u00f5\u00f5dud:<\/strong> 28 x 24 cm.<\/p>\n","protected":false},"excerpt":{"rendered":"<p>LittleLamb<\/p>\n","protected":false},"featured_media":4827,"comment_status":"open","ping_status":"closed","template":"","meta":[],"product_brand":[],"product_cat":[585,191,193,24,412],"product_tag":[413],"class_list":{"0":"post-433","1":"product","2":"type-product","3":"status-publish","4":"has-post-thumbnail","6":"product_cat-mahkmekotid","7":"product_cat-lisatarvikud-beebid","8":"product_cat-lisatarvikud-lastele","9":"product_cat-lisatarvikud-naistele","10":"product_cat-littlelamb","11":"product_tag-littlelamb","12":"has-post-title","13":"has-post-date","14":"has-post-category","15":"has-post-tag","16":"has-post-comment","17":"has-post-author","18":"","20":"first","21":"instock","22":"sale","23":"taxable","24":"shipping-taxable","25":"purchasable","26":"product-type-simple"},"yoast_head":"<!-- This site is optimized with the Yoast SEO plugin v26.8 - https:\/\/yoast.com\/product\/yoast-seo-wordpress\/ -->\n<title>LittleLamb v\u00e4ike h\u00fcgieenitarvete kott 24x28 cm - sulin.ee<\/title>\n<meta name=\"description\" content=\"LittleLamb v\u00e4ike h\u00fcgieenitarvete kott\u00a0on ideaalne korduvkasutatavate salvr\u00e4tikute ja\/v\u00f5i riidest h\u00fcgieenisidemete hoiustamiseks.\" \/>\n<meta name=\"robots\" content=\"index, follow, max-snippet:-1, max-image-preview:large, max-video-preview:-1\" \/>\n<link rel=\"canonical\" href=\"https:\/\/sulin.ee\/en\/toode\/littlelamb-vaike-hugieenitarvete-kott-24x28-cm\/\" \/>\n<meta property=\"og:locale\" content=\"en_US\" \/>\n<meta property=\"og:type\" content=\"article\" \/>\n<meta property=\"og:title\" content=\"LittleLamb v\u00e4ike h\u00fcgieenitarvete kott 24x28 cm - sulin.ee\" \/>\n<meta property=\"og:description\" content=\"LittleLamb v\u00e4ike h\u00fcgieenitarvete kott\u00a0on ideaalne korduvkasutatavate salvr\u00e4tikute ja\/v\u00f5i riidest h\u00fcgieenisidemete hoiustamiseks.\" \/>\n<meta property=\"og:url\" content=\"https:\/\/sulin.ee\/en\/toode\/littlelamb-vaike-hugieenitarvete-kott-24x28-cm\/\" \/>\n<meta property=\"og:site_name\" content=\"sulin.ee\" \/>\n<meta property=\"article:publisher\" content=\"https:\/\/www.facebook.com\/www.sulin.ee\/\" \/>\n<meta property=\"article:modified_time\" content=\"2025-02-03T08:44:12+00:00\" \/>\n<meta property=\"og:image\" content=\"https:\/\/sulin.ee\/wp-content\/uploads\/2022\/10\/Black18x24.jpeg\" \/>\n\t<meta property=\"og:image:width\" content=\"800\" \/>\n\t<meta property=\"og:image:height\" content=\"800\" \/>\n\t<meta property=\"og:image:type\" content=\"image\/jpeg\" \/>\n<meta name=\"twitter:card\" content=\"summary_large_image\" \/>\n<meta name=\"twitter:label1\" content=\"Est. reading time\" \/>\n\t<meta name=\"twitter:data1\" content=\"1 minute\" \/>\n<script type=\"application\/ld+json\" class=\"yoast-schema-graph\">{\"@context\":\"https:\/\/schema.org\",\"@graph\":[{\"@type\":\"WebPage\",\"@id\":\"https:\/\/sulin.ee\/en\/toode\/littlelamb-vaike-hugieenitarvete-kott-24x28-cm\/\",\"url\":\"https:\/\/sulin.ee\/en\/toode\/littlelamb-vaike-hugieenitarvete-kott-24x28-cm\/\",\"name\":\"LittleLamb v\u00e4ike h\u00fcgieenitarvete kott 24x28 cm - sulin.ee\",\"isPartOf\":{\"@id\":\"https:\/\/sulin.ee\/en\/#website\"},\"primaryImageOfPage\":{\"@id\":\"https:\/\/sulin.ee\/en\/toode\/littlelamb-vaike-hugieenitarvete-kott-24x28-cm\/#primaryimage\"},\"image\":{\"@id\":\"https:\/\/sulin.ee\/en\/toode\/littlelamb-vaike-hugieenitarvete-kott-24x28-cm\/#primaryimage\"},\"thumbnailUrl\":\"https:\/\/sulin.ee\/wp-content\/uploads\/2022\/10\/Black18x24.jpeg\",\"datePublished\":\"2022-09-13T14:01:08+00:00\",\"dateModified\":\"2025-02-03T08:44:12+00:00\",\"description\":\"LittleLamb v\u00e4ike h\u00fcgieenitarvete kott\u00a0on ideaalne korduvkasutatavate salvr\u00e4tikute ja\/v\u00f5i riidest h\u00fcgieenisidemete hoiustamiseks.\",\"breadcrumb\":{\"@id\":\"https:\/\/sulin.ee\/en\/toode\/littlelamb-vaike-hugieenitarvete-kott-24x28-cm\/#breadcrumb\"},\"inLanguage\":\"en-US\",\"potentialAction\":[{\"@type\":\"ReadAction\",\"target\":[\"https:\/\/sulin.ee\/en\/toode\/littlelamb-vaike-hugieenitarvete-kott-24x28-cm\/\"]}]},{\"@type\":\"ImageObject\",\"inLanguage\":\"en-US\",\"@id\":\"https:\/\/sulin.ee\/en\/toode\/littlelamb-vaike-hugieenitarvete-kott-24x28-cm\/#primaryimage\",\"url\":\"https:\/\/sulin.ee\/wp-content\/uploads\/2022\/10\/Black18x24.jpeg\",\"contentUrl\":\"https:\/\/sulin.ee\/wp-content\/uploads\/2022\/10\/Black18x24.jpeg\",\"width\":800,\"height\":800,\"caption\":\"LittleLamb v\u00e4ike h\u00fcgieenitarvete kott\"},{\"@type\":\"BreadcrumbList\",\"@id\":\"https:\/\/sulin.ee\/en\/toode\/littlelamb-vaike-hugieenitarvete-kott-24x28-cm\/#breadcrumb\",\"itemListElement\":[{\"@type\":\"ListItem\",\"position\":1,\"name\":\"Home\",\"item\":\"https:\/\/sulin.ee\/en\/\"},{\"@type\":\"ListItem\",\"position\":2,\"name\":\"Sulin.ee e-pood\",\"item\":\"https:\/\/sulin.ee\/shop\/\"},{\"@type\":\"ListItem\",\"position\":3,\"name\":\"LittleLamb v\u00e4ike h\u00fcgieenitarvete kott 24&#215;28 cm\"}]},{\"@type\":\"WebSite\",\"@id\":\"https:\/\/sulin.ee\/en\/#website\",\"url\":\"https:\/\/sulin.ee\/en\/\",\"name\":\"sulin.ee\",\"description\":\"\",\"publisher\":{\"@id\":\"https:\/\/sulin.ee\/en\/#organization\"},\"potentialAction\":[{\"@type\":\"SearchAction\",\"target\":{\"@type\":\"EntryPoint\",\"urlTemplate\":\"https:\/\/sulin.ee\/en\/?s={search_term_string}\"},\"query-input\":{\"@type\":\"PropertyValueSpecification\",\"valueRequired\":true,\"valueName\":\"search_term_string\"}}],\"inLanguage\":\"en-US\"},{\"@type\":\"Organization\",\"@id\":\"https:\/\/sulin.ee\/en\/#organization\",\"name\":\"SULIN TRADE O\u00dc\",\"url\":\"https:\/\/sulin.ee\/en\/\",\"logo\":{\"@type\":\"ImageObject\",\"inLanguage\":\"en-US\",\"@id\":\"https:\/\/sulin.ee\/en\/#\/schema\/logo\/image\/\",\"url\":\"https:\/\/sulin.ee\/wp-content\/uploads\/2022\/11\/sulin-logo.png\",\"contentUrl\":\"https:\/\/sulin.ee\/wp-content\/uploads\/2022\/11\/sulin-logo.png\",\"width\":871,\"height\":321,\"caption\":\"SULIN TRADE O\u00dc\"},\"image\":{\"@id\":\"https:\/\/sulin.ee\/en\/#\/schema\/logo\/image\/\"},\"sameAs\":[\"https:\/\/www.facebook.com\/www.sulin.ee\/\",\"https:\/\/www.instagram.com\/sulintrade\/\"]}]}<\/script>\n<!-- \/ Yoast SEO plugin. -->","yoast_head_json":{"title":"LittleLamb v\u00e4ike h\u00fcgieenitarvete kott 24x28 cm - sulin.ee","description":"LittleLamb v\u00e4ike h\u00fcgieenitarvete kott\u00a0on ideaalne korduvkasutatavate salvr\u00e4tikute ja\/v\u00f5i riidest h\u00fcgieenisidemete hoiustamiseks.","robots":{"index":"index","follow":"follow","max-snippet":"max-snippet:-1","max-image-preview":"max-image-preview:large","max-video-preview":"max-video-preview:-1"},"canonical":"https:\/\/sulin.ee\/en\/toode\/littlelamb-vaike-hugieenitarvete-kott-24x28-cm\/","og_locale":"en_US","og_type":"article","og_title":"LittleLamb v\u00e4ike h\u00fcgieenitarvete kott 24x28 cm - sulin.ee","og_description":"LittleLamb v\u00e4ike h\u00fcgieenitarvete kott\u00a0on ideaalne korduvkasutatavate salvr\u00e4tikute ja\/v\u00f5i riidest h\u00fcgieenisidemete hoiustamiseks.","og_url":"https:\/\/sulin.ee\/en\/toode\/littlelamb-vaike-hugieenitarvete-kott-24x28-cm\/","og_site_name":"sulin.ee","article_publisher":"https:\/\/www.facebook.com\/www.sulin.ee\/","article_modified_time":"2025-02-03T08:44:12+00:00","og_image":[{"width":800,"height":800,"url":"https:\/\/sulin.ee\/wp-content\/uploads\/2022\/10\/Black18x24.jpeg","type":"image\/jpeg"}],"twitter_card":"summary_large_image","twitter_misc":{"Est. reading time":"1 minute"},"schema":{"@context":"https:\/\/schema.org","@graph":[{"@type":"WebPage","@id":"https:\/\/sulin.ee\/en\/toode\/littlelamb-vaike-hugieenitarvete-kott-24x28-cm\/","url":"https:\/\/sulin.ee\/en\/toode\/littlelamb-vaike-hugieenitarvete-kott-24x28-cm\/","name":"LittleLamb v\u00e4ike h\u00fcgieenitarvete kott 24x28 cm - sulin.ee","isPartOf":{"@id":"https:\/\/sulin.ee\/en\/#website"},"primaryImageOfPage":{"@id":"https:\/\/sulin.ee\/en\/toode\/littlelamb-vaike-hugieenitarvete-kott-24x28-cm\/#primaryimage"},"image":{"@id":"https:\/\/sulin.ee\/en\/toode\/littlelamb-vaike-hugieenitarvete-kott-24x28-cm\/#primaryimage"},"thumbnailUrl":"https:\/\/sulin.ee\/wp-content\/uploads\/2022\/10\/Black18x24.jpeg","datePublished":"2022-09-13T14:01:08+00:00","dateModified":"2025-02-03T08:44:12+00:00","description":"LittleLamb v\u00e4ike h\u00fcgieenitarvete kott\u00a0on ideaalne korduvkasutatavate salvr\u00e4tikute ja\/v\u00f5i riidest h\u00fcgieenisidemete hoiustamiseks.","breadcrumb":{"@id":"https:\/\/sulin.ee\/en\/toode\/littlelamb-vaike-hugieenitarvete-kott-24x28-cm\/#breadcrumb"},"inLanguage":"en-US","potentialAction":[{"@type":"ReadAction","target":["https:\/\/sulin.ee\/en\/toode\/littlelamb-vaike-hugieenitarvete-kott-24x28-cm\/"]}]},{"@type":"ImageObject","inLanguage":"en-US","@id":"https:\/\/sulin.ee\/en\/toode\/littlelamb-vaike-hugieenitarvete-kott-24x28-cm\/#primaryimage","url":"https:\/\/sulin.ee\/wp-content\/uploads\/2022\/10\/Black18x24.jpeg","contentUrl":"https:\/\/sulin.ee\/wp-content\/uploads\/2022\/10\/Black18x24.jpeg","width":800,"height":800,"caption":"LittleLamb v\u00e4ike h\u00fcgieenitarvete kott"},{"@type":"BreadcrumbList","@id":"https:\/\/sulin.ee\/en\/toode\/littlelamb-vaike-hugieenitarvete-kott-24x28-cm\/#breadcrumb","itemListElement":[{"@type":"ListItem","position":1,"name":"Home","item":"https:\/\/sulin.ee\/en\/"},{"@type":"ListItem","position":2,"name":"Sulin.ee e-pood","item":"https:\/\/sulin.ee\/shop\/"},{"@type":"ListItem","position":3,"name":"LittleLamb v\u00e4ike h\u00fcgieenitarvete kott 24&#215;28 cm"}]},{"@type":"WebSite","@id":"https:\/\/sulin.ee\/en\/#website","url":"https:\/\/sulin.ee\/en\/","name":"sulin.ee","description":"","publisher":{"@id":"https:\/\/sulin.ee\/en\/#organization"},"potentialAction":[{"@type":"SearchAction","target":{"@type":"EntryPoint","urlTemplate":"https:\/\/sulin.ee\/en\/?s={search_term_string}"},"query-input":{"@type":"PropertyValueSpecification","valueRequired":true,"valueName":"search_term_string"}}],"inLanguage":"en-US"},{"@type":"Organization","@id":"https:\/\/sulin.ee\/en\/#organization","name":"SULIN TRADE O\u00dc","url":"https:\/\/sulin.ee\/en\/","logo":{"@type":"ImageObject","inLanguage":"en-US","@id":"https:\/\/sulin.ee\/en\/#\/schema\/logo\/image\/","url":"https:\/\/sulin.ee\/wp-content\/uploads\/2022\/11\/sulin-logo.png","contentUrl":"https:\/\/sulin.ee\/wp-content\/uploads\/2022\/11\/sulin-logo.png","width":871,"height":321,"caption":"SULIN TRADE O\u00dc"},"image":{"@id":"https:\/\/sulin.ee\/en\/#\/schema\/logo\/image\/"},"sameAs":["https:\/\/www.facebook.com\/www.sulin.ee\/","https:\/\/www.instagram.com\/sulintrade\/"]}]}},"builder_content":"","_links":{"self":[{"href":"https:\/\/sulin.ee\/en\/wp-json\/wp\/v2\/product\/433","targetHints":{"allow":["GET"]}}],"collection":[{"href":"https:\/\/sulin.ee\/en\/wp-json\/wp\/v2\/product"}],"about":[{"href":"https:\/\/sulin.ee\/en\/wp-json\/wp\/v2\/types\/product"}],"replies":[{"embeddable":true,"href":"https:\/\/sulin.ee\/en\/wp-json\/wp\/v2\/comments?post=433"}],"wp:featuredmedia":[{"embeddable":true,"href":"https:\/\/sulin.ee\/en\/wp-json\/wp\/v2\/media\/4827"}],"wp:attachment":[{"href":"https:\/\/sulin.ee\/en\/wp-json\/wp\/v2\/media?parent=433"}],"wp:term":[{"taxonomy":"product_brand","embeddable":true,"href":"https:\/\/sulin.ee\/en\/wp-json\/wp\/v2\/product_brand?post=433"},{"taxonomy":"product_cat","embeddable":true,"href":"https:\/\/sulin.ee\/en\/wp-json\/wp\/v2\/product_cat?post=433"},{"taxonomy":"product_tag","embeddable":true,"href":"https:\/\/sulin.ee\/en\/wp-json\/wp\/v2\/product_tag?post=433"}],"curies":[{"name":"wp","href":"https:\/\/api.w.org\/{rel}","templated":true}]}}