{"id":43051,"date":"2025-03-20T06:18:28","date_gmt":"2025-03-20T06:18:28","guid":{"rendered":"https:\/\/sulin.ee\/?post_type=product&#038;p=43051"},"modified":"2025-10-19T20:01:04","modified_gmt":"2025-10-19T20:01:04","slug":"lastetool-miki-koolimootu","status":"publish","type":"product","link":"https:\/\/sulin.ee\/en\/toode\/lastetool-miki-koolimootu\/","title":{"rendered":"Lastetool \u201cMiki\u201d (koolim\u00f5\u00f5tu)"},"content":{"rendered":"<p data-start=\"0\" data-end=\"130\"><strong>Lastetool &#8220;Miki&#8221;<\/strong> on valmistatud kvaliteetsest Eesti m\u00e4nnipuidust ja on saadaval nii standardsetes kui ka eriv\u00e4rvides.<\/p>\n<p data-start=\"132\" data-end=\"259\">Tooli istme k\u00f5rgus on 400 mm, mis vastab koolistandardile, seljatoe k\u00f5rgus on 700 mm ning istmeplaadi m\u00f5\u00f5tmed on 320 x 320 mm.<\/p>\n<p data-start=\"132\" data-end=\"259\">Tool sobib suurep\u00e4raselt kokku samas stiilis legolaudadega, mida on v\u00f5imalik leida<strong><a href=\"https:\/\/sulin.ee\/tootekategooria\/brandid\/puuslik\/\"> siit.<\/a><\/strong><\/p>\n<p data-start=\"261\" data-end=\"340\"><strong>V\u00e4rvivalikud on laiad, v\u00f5imaldades kohandada tooli vastavalt teie eelistustele:<\/strong><\/p>\n<ul data-start=\"341\" data-end=\"570\">\n<li data-start=\"341\" data-end=\"428\"><strong data-start=\"343\" data-end=\"372\">\u2705Tooli istmeplaadi v\u00e4rvid:<\/strong> valge, sinine, roheline, punane, oran\u017e, kollane, roosa.<\/li>\n<li data-start=\"429\" data-end=\"483\"><strong data-start=\"431\" data-end=\"446\">\u2705P\u00f5hiv\u00e4rvid:<\/strong> valge, hele, vana m\u00e4nd, kirss, tume.<\/li>\n<li data-start=\"484\" data-end=\"570\"><strong data-start=\"486\" data-end=\"513\">\u2705Eriv\u00e4rv (Lisandub 10\u20ac).<\/strong> Kirjutage v\u00e4rvi kood ostukorvis, m\u00e4rkuste lahtrisse.<\/li>\n<\/ul>\n<p data-start=\"572\" data-end=\"828\" data-is-last-node=\"\" data-is-only-node=\"\">Iga tool valmistatakse Eestis eritellimusena, valmib \u00fche n\u00e4dala jooksul. Tool sobib suurep\u00e4raselt kokku samas stiilis legolaudadega, mida on v\u00f5imalik leida<strong><a href=\"https:\/\/sulin.ee\/tootekategooria\/brandid\/puuslik\/\"> siit.<\/a><\/strong> See on suurep\u00e4rane valik, et luua laste m\u00e4ngu- v\u00f5i \u00f5ppenurka, mis on nii mugav kui ka stiilne.<\/p>\n<p data-start=\"572\" data-end=\"828\" data-is-last-node=\"\" data-is-only-node=\"\"><strong>Tellimisaeg<\/strong>: 7-10 t\u00f6\u00f6p\u00e4eva<\/p>\n","protected":false},"excerpt":{"rendered":"<p><strong>Lastetool &#8220;Miki&#8221; on stiilne ja mugav, valmistatud m\u00e4nnipuidust. Tooli\u00a0 juurde kuulub rikkalik v\u00e4rvivalik ja v\u00f5imalus eriv\u00e4rvi tellida. Ideaalne lahendus igasse \u00f5pikeskkonda, mis soodustab loomingulisust ja korda. Sobib suurep\u00e4raselt koos samas stiilis legolaudadega. <\/strong><\/p>\n<p><strong>Toode valmib Eestis eritellimusel. <\/strong><\/p>\n<p><strong>Tellimisaeg:<\/strong> 7-10 t\u00f6\u00f6p\u00e4eva<\/p>\n","protected":false},"featured_media":43138,"comment_status":"open","ping_status":"closed","template":"","meta":[],"product_brand":[],"product_cat":[1054,1433,1066,1427],"product_tag":[],"class_list":{"0":"post-43051","1":"product","2":"type-product","3":"status-publish","4":"has-post-thumbnail","6":"product_cat-moobel","7":"product_cat-moobel-lasteasutustesse","8":"product_cat-lauad-ja-toolid","9":"product_cat-puuslik","10":"product_shipping_class-kuller-9-95","11":"has-post-title","12":"has-post-date","13":"has-post-category","14":"has-post-tag","15":"has-post-comment","16":"has-post-author","17":"","19":"first","20":"instock","21":"sale","22":"taxable","23":"shipping-taxable","24":"purchasable","25":"product-type-variable"},"yoast_head":"<!-- This site is optimized with the Yoast SEO plugin v26.8 - https:\/\/yoast.com\/product\/yoast-seo-wordpress\/ -->\n<title>Lastetool \u201cMiki\u201d (koolim\u00f5\u00f5tu) - sulin.ee<\/title>\n<meta name=\"description\" content=\"Lastetool \u201cMiki\u201d - seljatoega lastetool, mis on valmistatud vastupidavast Eesti m\u00e4nnipuidust. Ideaalne kooli, saadaval laias v\u00e4rvivalikus.\" \/>\n<meta name=\"robots\" content=\"index, follow, max-snippet:-1, max-image-preview:large, max-video-preview:-1\" \/>\n<link rel=\"canonical\" href=\"https:\/\/sulin.ee\/en\/toode\/lastetool-miki-koolimootu\/\" \/>\n<meta property=\"og:locale\" content=\"en_US\" \/>\n<meta property=\"og:type\" content=\"article\" \/>\n<meta property=\"og:title\" content=\"Lastetool \u201cMiki\u201d (koolim\u00f5\u00f5tu) - sulin.ee\" \/>\n<meta property=\"og:description\" content=\"Lastetool \u201cMiki\u201d - seljatoega lastetool, mis on valmistatud vastupidavast Eesti m\u00e4nnipuidust. Ideaalne kooli, saadaval laias v\u00e4rvivalikus.\" \/>\n<meta property=\"og:url\" content=\"https:\/\/sulin.ee\/en\/toode\/lastetool-miki-koolimootu\/\" \/>\n<meta property=\"og:site_name\" content=\"sulin.ee\" \/>\n<meta property=\"article:publisher\" content=\"https:\/\/www.facebook.com\/www.sulin.ee\/\" \/>\n<meta property=\"article:modified_time\" content=\"2025-10-19T20:01:04+00:00\" \/>\n<meta property=\"og:image\" content=\"https:\/\/sulin.ee\/wp-content\/uploads\/2025\/03\/Piltide-korrektuurid-kodulehel-2025-03-20T084143.102.png\" \/>\n\t<meta property=\"og:image:width\" content=\"1080\" \/>\n\t<meta property=\"og:image:height\" content=\"1080\" \/>\n\t<meta property=\"og:image:type\" content=\"image\/png\" \/>\n<meta name=\"twitter:card\" content=\"summary_large_image\" \/>\n<meta name=\"twitter:label1\" content=\"Est. reading time\" \/>\n\t<meta name=\"twitter:data1\" content=\"1 minute\" \/>\n<script type=\"application\/ld+json\" class=\"yoast-schema-graph\">{\"@context\":\"https:\/\/schema.org\",\"@graph\":[{\"@type\":\"WebPage\",\"@id\":\"https:\/\/sulin.ee\/en\/toode\/lastetool-miki-koolimootu\/\",\"url\":\"https:\/\/sulin.ee\/en\/toode\/lastetool-miki-koolimootu\/\",\"name\":\"Lastetool \u201cMiki\u201d (koolim\u00f5\u00f5tu) - sulin.ee\",\"isPartOf\":{\"@id\":\"https:\/\/sulin.ee\/en\/#website\"},\"primaryImageOfPage\":{\"@id\":\"https:\/\/sulin.ee\/en\/toode\/lastetool-miki-koolimootu\/#primaryimage\"},\"image\":{\"@id\":\"https:\/\/sulin.ee\/en\/toode\/lastetool-miki-koolimootu\/#primaryimage\"},\"thumbnailUrl\":\"https:\/\/sulin.ee\/wp-content\/uploads\/2025\/03\/Piltide-korrektuurid-kodulehel-2025-03-20T084143.102.png\",\"datePublished\":\"2025-03-20T06:18:28+00:00\",\"dateModified\":\"2025-10-19T20:01:04+00:00\",\"description\":\"Lastetool \u201cMiki\u201d - seljatoega lastetool, mis on valmistatud vastupidavast Eesti m\u00e4nnipuidust. Ideaalne kooli, saadaval laias v\u00e4rvivalikus.\",\"breadcrumb\":{\"@id\":\"https:\/\/sulin.ee\/en\/toode\/lastetool-miki-koolimootu\/#breadcrumb\"},\"inLanguage\":\"en-US\",\"potentialAction\":[{\"@type\":\"ReadAction\",\"target\":[\"https:\/\/sulin.ee\/en\/toode\/lastetool-miki-koolimootu\/\"]}]},{\"@type\":\"ImageObject\",\"inLanguage\":\"en-US\",\"@id\":\"https:\/\/sulin.ee\/en\/toode\/lastetool-miki-koolimootu\/#primaryimage\",\"url\":\"https:\/\/sulin.ee\/wp-content\/uploads\/2025\/03\/Piltide-korrektuurid-kodulehel-2025-03-20T084143.102.png\",\"contentUrl\":\"https:\/\/sulin.ee\/wp-content\/uploads\/2025\/03\/Piltide-korrektuurid-kodulehel-2025-03-20T084143.102.png\",\"width\":1080,\"height\":1080,\"caption\":\"Lastetool \u201cMiki\u201d\"},{\"@type\":\"BreadcrumbList\",\"@id\":\"https:\/\/sulin.ee\/en\/toode\/lastetool-miki-koolimootu\/#breadcrumb\",\"itemListElement\":[{\"@type\":\"ListItem\",\"position\":1,\"name\":\"Home\",\"item\":\"https:\/\/sulin.ee\/en\/\"},{\"@type\":\"ListItem\",\"position\":2,\"name\":\"Sulin.ee e-pood\",\"item\":\"https:\/\/sulin.ee\/shop\/\"},{\"@type\":\"ListItem\",\"position\":3,\"name\":\"Lastetool \u201cMiki\u201d (koolim\u00f5\u00f5tu)\"}]},{\"@type\":\"WebSite\",\"@id\":\"https:\/\/sulin.ee\/en\/#website\",\"url\":\"https:\/\/sulin.ee\/en\/\",\"name\":\"sulin.ee\",\"description\":\"\",\"publisher\":{\"@id\":\"https:\/\/sulin.ee\/en\/#organization\"},\"potentialAction\":[{\"@type\":\"SearchAction\",\"target\":{\"@type\":\"EntryPoint\",\"urlTemplate\":\"https:\/\/sulin.ee\/en\/?s={search_term_string}\"},\"query-input\":{\"@type\":\"PropertyValueSpecification\",\"valueRequired\":true,\"valueName\":\"search_term_string\"}}],\"inLanguage\":\"en-US\"},{\"@type\":\"Organization\",\"@id\":\"https:\/\/sulin.ee\/en\/#organization\",\"name\":\"SULIN TRADE O\u00dc\",\"url\":\"https:\/\/sulin.ee\/en\/\",\"logo\":{\"@type\":\"ImageObject\",\"inLanguage\":\"en-US\",\"@id\":\"https:\/\/sulin.ee\/en\/#\/schema\/logo\/image\/\",\"url\":\"https:\/\/sulin.ee\/wp-content\/uploads\/2022\/11\/sulin-logo.png\",\"contentUrl\":\"https:\/\/sulin.ee\/wp-content\/uploads\/2022\/11\/sulin-logo.png\",\"width\":871,\"height\":321,\"caption\":\"SULIN TRADE O\u00dc\"},\"image\":{\"@id\":\"https:\/\/sulin.ee\/en\/#\/schema\/logo\/image\/\"},\"sameAs\":[\"https:\/\/www.facebook.com\/www.sulin.ee\/\",\"https:\/\/www.instagram.com\/sulintrade\/\"]}]}<\/script>\n<!-- \/ Yoast SEO plugin. -->","yoast_head_json":{"title":"Lastetool \u201cMiki\u201d (koolim\u00f5\u00f5tu) - sulin.ee","description":"Lastetool \u201cMiki\u201d - seljatoega lastetool, mis on valmistatud vastupidavast Eesti m\u00e4nnipuidust. Ideaalne kooli, saadaval laias v\u00e4rvivalikus.","robots":{"index":"index","follow":"follow","max-snippet":"max-snippet:-1","max-image-preview":"max-image-preview:large","max-video-preview":"max-video-preview:-1"},"canonical":"https:\/\/sulin.ee\/en\/toode\/lastetool-miki-koolimootu\/","og_locale":"en_US","og_type":"article","og_title":"Lastetool \u201cMiki\u201d (koolim\u00f5\u00f5tu) - sulin.ee","og_description":"Lastetool \u201cMiki\u201d - seljatoega lastetool, mis on valmistatud vastupidavast Eesti m\u00e4nnipuidust. Ideaalne kooli, saadaval laias v\u00e4rvivalikus.","og_url":"https:\/\/sulin.ee\/en\/toode\/lastetool-miki-koolimootu\/","og_site_name":"sulin.ee","article_publisher":"https:\/\/www.facebook.com\/www.sulin.ee\/","article_modified_time":"2025-10-19T20:01:04+00:00","og_image":[{"width":1080,"height":1080,"url":"https:\/\/sulin.ee\/wp-content\/uploads\/2025\/03\/Piltide-korrektuurid-kodulehel-2025-03-20T084143.102.png","type":"image\/png"}],"twitter_card":"summary_large_image","twitter_misc":{"Est. reading time":"1 minute"},"schema":{"@context":"https:\/\/schema.org","@graph":[{"@type":"WebPage","@id":"https:\/\/sulin.ee\/en\/toode\/lastetool-miki-koolimootu\/","url":"https:\/\/sulin.ee\/en\/toode\/lastetool-miki-koolimootu\/","name":"Lastetool \u201cMiki\u201d (koolim\u00f5\u00f5tu) - sulin.ee","isPartOf":{"@id":"https:\/\/sulin.ee\/en\/#website"},"primaryImageOfPage":{"@id":"https:\/\/sulin.ee\/en\/toode\/lastetool-miki-koolimootu\/#primaryimage"},"image":{"@id":"https:\/\/sulin.ee\/en\/toode\/lastetool-miki-koolimootu\/#primaryimage"},"thumbnailUrl":"https:\/\/sulin.ee\/wp-content\/uploads\/2025\/03\/Piltide-korrektuurid-kodulehel-2025-03-20T084143.102.png","datePublished":"2025-03-20T06:18:28+00:00","dateModified":"2025-10-19T20:01:04+00:00","description":"Lastetool \u201cMiki\u201d - seljatoega lastetool, mis on valmistatud vastupidavast Eesti m\u00e4nnipuidust. Ideaalne kooli, saadaval laias v\u00e4rvivalikus.","breadcrumb":{"@id":"https:\/\/sulin.ee\/en\/toode\/lastetool-miki-koolimootu\/#breadcrumb"},"inLanguage":"en-US","potentialAction":[{"@type":"ReadAction","target":["https:\/\/sulin.ee\/en\/toode\/lastetool-miki-koolimootu\/"]}]},{"@type":"ImageObject","inLanguage":"en-US","@id":"https:\/\/sulin.ee\/en\/toode\/lastetool-miki-koolimootu\/#primaryimage","url":"https:\/\/sulin.ee\/wp-content\/uploads\/2025\/03\/Piltide-korrektuurid-kodulehel-2025-03-20T084143.102.png","contentUrl":"https:\/\/sulin.ee\/wp-content\/uploads\/2025\/03\/Piltide-korrektuurid-kodulehel-2025-03-20T084143.102.png","width":1080,"height":1080,"caption":"Lastetool \u201cMiki\u201d"},{"@type":"BreadcrumbList","@id":"https:\/\/sulin.ee\/en\/toode\/lastetool-miki-koolimootu\/#breadcrumb","itemListElement":[{"@type":"ListItem","position":1,"name":"Home","item":"https:\/\/sulin.ee\/en\/"},{"@type":"ListItem","position":2,"name":"Sulin.ee e-pood","item":"https:\/\/sulin.ee\/shop\/"},{"@type":"ListItem","position":3,"name":"Lastetool \u201cMiki\u201d (koolim\u00f5\u00f5tu)"}]},{"@type":"WebSite","@id":"https:\/\/sulin.ee\/en\/#website","url":"https:\/\/sulin.ee\/en\/","name":"sulin.ee","description":"","publisher":{"@id":"https:\/\/sulin.ee\/en\/#organization"},"potentialAction":[{"@type":"SearchAction","target":{"@type":"EntryPoint","urlTemplate":"https:\/\/sulin.ee\/en\/?s={search_term_string}"},"query-input":{"@type":"PropertyValueSpecification","valueRequired":true,"valueName":"search_term_string"}}],"inLanguage":"en-US"},{"@type":"Organization","@id":"https:\/\/sulin.ee\/en\/#organization","name":"SULIN TRADE O\u00dc","url":"https:\/\/sulin.ee\/en\/","logo":{"@type":"ImageObject","inLanguage":"en-US","@id":"https:\/\/sulin.ee\/en\/#\/schema\/logo\/image\/","url":"https:\/\/sulin.ee\/wp-content\/uploads\/2022\/11\/sulin-logo.png","contentUrl":"https:\/\/sulin.ee\/wp-content\/uploads\/2022\/11\/sulin-logo.png","width":871,"height":321,"caption":"SULIN TRADE O\u00dc"},"image":{"@id":"https:\/\/sulin.ee\/en\/#\/schema\/logo\/image\/"},"sameAs":["https:\/\/www.facebook.com\/www.sulin.ee\/","https:\/\/www.instagram.com\/sulintrade\/"]}]}},"builder_content":"","_links":{"self":[{"href":"https:\/\/sulin.ee\/en\/wp-json\/wp\/v2\/product\/43051","targetHints":{"allow":["GET"]}}],"collection":[{"href":"https:\/\/sulin.ee\/en\/wp-json\/wp\/v2\/product"}],"about":[{"href":"https:\/\/sulin.ee\/en\/wp-json\/wp\/v2\/types\/product"}],"replies":[{"embeddable":true,"href":"https:\/\/sulin.ee\/en\/wp-json\/wp\/v2\/comments?post=43051"}],"wp:featuredmedia":[{"embeddable":true,"href":"https:\/\/sulin.ee\/en\/wp-json\/wp\/v2\/media\/43138"}],"wp:attachment":[{"href":"https:\/\/sulin.ee\/en\/wp-json\/wp\/v2\/media?parent=43051"}],"wp:term":[{"taxonomy":"product_brand","embeddable":true,"href":"https:\/\/sulin.ee\/en\/wp-json\/wp\/v2\/product_brand?post=43051"},{"taxonomy":"product_cat","embeddable":true,"href":"https:\/\/sulin.ee\/en\/wp-json\/wp\/v2\/product_cat?post=43051"},{"taxonomy":"product_tag","embeddable":true,"href":"https:\/\/sulin.ee\/en\/wp-json\/wp\/v2\/product_tag?post=43051"}],"curies":[{"name":"wp","href":"https:\/\/api.w.org\/{rel}","templated":true}]}}