{"id":43010,"date":"2025-03-20T08:23:22","date_gmt":"2025-03-20T08:23:22","guid":{"rendered":"https:\/\/sulin.ee\/?post_type=product&#038;p=43010"},"modified":"2025-10-19T20:20:39","modified_gmt":"2025-10-19T20:20:39","slug":"2-kohaline-legolaud-koolimootu","status":"publish","type":"product","link":"https:\/\/sulin.ee\/en\/toode\/2-kohaline-legolaud-koolimootu\/","title":{"rendered":"2-kohaline legolaud (koolim\u00f5\u00f5tu)"},"content":{"rendered":"<p data-start=\"181\" data-end=\"367\"><strong>2-kohaline legolaud<\/strong> on valmistatud kvaliteetsest kasevineerist, pakkudes funktsionaalsust ja vastupidavust igas \u00f5pikeskkonnas. Toolid ei kuulu komplekti, kuid on saadaval siit.<\/p>\n<h4 data-start=\"369\" data-end=\"400\"><strong>Laud on varustatud mitmete lisadega, mis muudavad selle eriti funktsionaalseks ja l\u00f5busaks.\u00a0<\/strong><\/h4>\n<ul data-start=\"402\" data-end=\"644\">\n<li data-start=\"141\" data-end=\"261\">\u2705 <strong data-start=\"145\" data-end=\"177\">Integreeritud Lego alusplaat<\/strong> m\u00f5\u00f5tmetega 255 x 255 mm, mis julgustab lapsi ehitama ja oma loomingulisust rakendama.<\/li>\n<li data-start=\"262\" data-end=\"382\">\u2705 <strong data-start=\"266\" data-end=\"296\">Suur 18-liitrine Lego kast<\/strong>, mis on ideaalne klotside ja muude tarvikute hoidmiseks, aidates hoida t\u00f6\u00f6ala korras.<\/li>\n<\/ul>\n<p><strong>Legolaua m\u00f5\u00f5tmed (koolim\u00f5\u00f5tu):<\/strong> k\u00f5rgus 640 mm, pikkus 1380 mm ja laius 440 mm.<\/p>\n<p data-start=\"0\" data-end=\"285\">Laud mahutab mugavalt 4 tooli, mida on v\u00f5imalik juurde soetada eraldi. <strong><a href=\"https:\/\/sulin.ee\/toode\/lastetool-miki-koolimootu\/\">Leiad siit!<\/a><\/strong><\/p>\n<p data-start=\"0\" data-end=\"285\"><strong>NB! kirjuta tellimuse m\u00e4rkuste lahtrise, mis v\u00e4rvi lauda ja legoplaati soovid:<\/strong><\/p>\n<ul data-start=\"341\" data-end=\"570\">\n<li data-start=\"341\" data-end=\"428\"><strong data-start=\"343\" data-end=\"372\">\u2705Lego alusplaadi v\u00e4rv:<\/strong> valge, hall, roheline, oran\u017e, sinine v\u00f5i roosa.<\/li>\n<li data-start=\"429\" data-end=\"483\"><strong data-start=\"431\" data-end=\"446\">\u2705P\u00f5hiv\u00e4rvid:<\/strong> valge, hele, vana m\u00e4nd, kirss, tume.<\/li>\n<li data-start=\"484\" data-end=\"570\"><strong data-start=\"486\" data-end=\"513\">\u2705Eriv\u00e4rv (Lisandub 10\u20ac).<\/strong> Kirjutage v\u00e4rvi kood ostukorvis, m\u00e4rkuste lahtrisse.<\/li>\n<\/ul>\n<p data-start=\"1197\" data-end=\"1442\">See legolaud ei ole ainult praktiline, vaid ka esteetiliselt meeldiv, muutes \u00f5ppimise protsessi l\u00f5busaks ja interaktiivseks. T\u00e4psustage oma v\u00e4rvieelistused tellimuse m\u00e4rkuste lahtrisse, et kohandada toodet vastavalt teie soovidele.<\/p>\n<p data-start=\"742\" data-end=\"1046\" data-is-last-node=\"\">Legolaud valmistatakse Eestis eritellimusena, valmib \u00fche n\u00e4dala jooksul. Laud sobib suurep\u00e4raselt kokku samas stiilis toolidega, mida on v\u00f5imalik leida <a href=\"https:\/\/sulin.ee\/toode\/lastetool-miki-koolimootu\/\"><strong>siit.<\/strong> <\/a>See on suurep\u00e4rane valik, et luua laste m\u00e4ngu- v\u00f5i \u00f5ppenurka, mis on nii mugav kui ka stiilne.<\/p>\n<p data-start=\"742\" data-end=\"1046\" data-is-last-node=\"\"><strong>Tellimisaeg:<\/strong> 7-10 t\u00f6\u00f6p\u00e4eva<\/p>\n","protected":false},"excerpt":{"rendered":"<p><strong>2-kohaline legolaud (koolim\u00f5\u00f5tu) on varustatud integreeritud Lego alusplaadiga ja suure 18-liitrise Lego kastiga. Laua juurde kuulub rikkalik v\u00e4rvivalik ja v\u00f5imalus eriv\u00e4rvi tellida. Ideaalne lahendus igasse \u00f5pikeskkonda, mis soodustab loomingulisust ja korda.<\/strong><\/p>\n<p><strong>Toode valmib Eestis eritellimusel. <\/strong><\/p>\n<p><strong>Tellimisaeg:<\/strong> 7-10 t\u00f6\u00f6p\u00e4eva<\/p>\n<p><span style=\"color: #339966;\"><img loading=\"lazy\" decoding=\"async\" class=\"alignnone wp-image-22011\" src=\"https:\/\/sulin.ee\/wp-content\/uploads\/2024\/08\/images-300x134.png\" alt=\"\" width=\"77\" height=\"34\" \/><span style=\"color: #ff9900;\"><strong> Toote eest on v\u00f5imalik tasuda ka j\u00e4relmaksuga. T\u00e4pse info j\u00e4relmaksu v\u00f5imaluste kohta leiad ostukorvist, kui oled toote lisanud ja asud maksma. Leping s\u00f5lmitakse makseprotsessi k\u00e4igus.<\/strong><\/span><\/span><\/p>\n","protected":false},"featured_media":43172,"comment_status":"open","ping_status":"closed","template":"","meta":[],"product_brand":[],"product_cat":[1054,1433,1427],"product_tag":[],"class_list":{"0":"post-43010","1":"product","2":"type-product","3":"status-publish","4":"has-post-thumbnail","6":"product_cat-moobel","7":"product_cat-moobel-lasteasutustesse","8":"product_cat-puuslik","9":"product_shipping_class-kuller-9-95","10":"has-post-title","11":"has-post-date","12":"has-post-category","13":"has-post-tag","14":"has-post-comment","15":"has-post-author","16":"","18":"first","19":"instock","20":"sale","21":"taxable","22":"shipping-taxable","23":"purchasable","24":"product-type-variable"},"yoast_head":"<!-- This site is optimized with the Yoast SEO plugin v26.8 - https:\/\/yoast.com\/product\/yoast-seo-wordpress\/ -->\n<title>2-kohaline legolaud (koolim\u00f5\u00f5tu) - sulin.ee<\/title>\n<meta name=\"description\" content=\"Avasta 2-kohaline legolaud , mis on valmistatud vastupidavast kasevineerist! Ideaalne suurus koolilauaks, Lego alusplaadiga.\" \/>\n<meta name=\"robots\" content=\"index, follow, max-snippet:-1, max-image-preview:large, max-video-preview:-1\" \/>\n<link rel=\"canonical\" href=\"https:\/\/sulin.ee\/en\/toode\/2-kohaline-legolaud-koolimootu\/\" \/>\n<meta property=\"og:locale\" content=\"en_US\" \/>\n<meta property=\"og:type\" content=\"article\" \/>\n<meta property=\"og:title\" content=\"2-kohaline legolaud (koolim\u00f5\u00f5tu) - sulin.ee\" \/>\n<meta property=\"og:description\" content=\"Avasta 2-kohaline legolaud , mis on valmistatud vastupidavast kasevineerist! Ideaalne suurus koolilauaks, Lego alusplaadiga.\" \/>\n<meta property=\"og:url\" content=\"https:\/\/sulin.ee\/en\/toode\/2-kohaline-legolaud-koolimootu\/\" \/>\n<meta property=\"og:site_name\" content=\"sulin.ee\" \/>\n<meta property=\"article:publisher\" content=\"https:\/\/www.facebook.com\/www.sulin.ee\/\" \/>\n<meta property=\"article:modified_time\" content=\"2025-10-19T20:20:39+00:00\" \/>\n<meta property=\"og:image\" content=\"https:\/\/sulin.ee\/wp-content\/uploads\/2025\/03\/Piltide-korrektuurid-kodulehel-2025-03-20T102753.131.png\" \/>\n\t<meta property=\"og:image:width\" content=\"1080\" \/>\n\t<meta property=\"og:image:height\" content=\"1080\" \/>\n\t<meta property=\"og:image:type\" content=\"image\/png\" \/>\n<meta name=\"twitter:card\" content=\"summary_large_image\" \/>\n<meta name=\"twitter:label1\" content=\"Est. reading time\" \/>\n\t<meta name=\"twitter:data1\" content=\"2 minutes\" \/>\n<script type=\"application\/ld+json\" class=\"yoast-schema-graph\">{\"@context\":\"https:\/\/schema.org\",\"@graph\":[{\"@type\":\"WebPage\",\"@id\":\"https:\/\/sulin.ee\/en\/toode\/2-kohaline-legolaud-koolimootu\/\",\"url\":\"https:\/\/sulin.ee\/en\/toode\/2-kohaline-legolaud-koolimootu\/\",\"name\":\"2-kohaline legolaud (koolim\u00f5\u00f5tu) - sulin.ee\",\"isPartOf\":{\"@id\":\"https:\/\/sulin.ee\/en\/#website\"},\"primaryImageOfPage\":{\"@id\":\"https:\/\/sulin.ee\/en\/toode\/2-kohaline-legolaud-koolimootu\/#primaryimage\"},\"image\":{\"@id\":\"https:\/\/sulin.ee\/en\/toode\/2-kohaline-legolaud-koolimootu\/#primaryimage\"},\"thumbnailUrl\":\"https:\/\/sulin.ee\/wp-content\/uploads\/2025\/03\/Piltide-korrektuurid-kodulehel-2025-03-20T102753.131.png\",\"datePublished\":\"2025-03-20T08:23:22+00:00\",\"dateModified\":\"2025-10-19T20:20:39+00:00\",\"description\":\"Avasta 2-kohaline legolaud , mis on valmistatud vastupidavast kasevineerist! Ideaalne suurus koolilauaks, Lego alusplaadiga.\",\"breadcrumb\":{\"@id\":\"https:\/\/sulin.ee\/en\/toode\/2-kohaline-legolaud-koolimootu\/#breadcrumb\"},\"inLanguage\":\"en-US\",\"potentialAction\":[{\"@type\":\"ReadAction\",\"target\":[\"https:\/\/sulin.ee\/en\/toode\/2-kohaline-legolaud-koolimootu\/\"]}]},{\"@type\":\"ImageObject\",\"inLanguage\":\"en-US\",\"@id\":\"https:\/\/sulin.ee\/en\/toode\/2-kohaline-legolaud-koolimootu\/#primaryimage\",\"url\":\"https:\/\/sulin.ee\/wp-content\/uploads\/2025\/03\/Piltide-korrektuurid-kodulehel-2025-03-20T102753.131.png\",\"contentUrl\":\"https:\/\/sulin.ee\/wp-content\/uploads\/2025\/03\/Piltide-korrektuurid-kodulehel-2025-03-20T102753.131.png\",\"width\":1080,\"height\":1080,\"caption\":\"2-kohaline legolaud (koolim\u00f5\u00f5tu laud)\"},{\"@type\":\"BreadcrumbList\",\"@id\":\"https:\/\/sulin.ee\/en\/toode\/2-kohaline-legolaud-koolimootu\/#breadcrumb\",\"itemListElement\":[{\"@type\":\"ListItem\",\"position\":1,\"name\":\"Home\",\"item\":\"https:\/\/sulin.ee\/en\/\"},{\"@type\":\"ListItem\",\"position\":2,\"name\":\"Sulin.ee e-pood\",\"item\":\"https:\/\/sulin.ee\/shop\/\"},{\"@type\":\"ListItem\",\"position\":3,\"name\":\"2-kohaline legolaud (koolim\u00f5\u00f5tu)\"}]},{\"@type\":\"WebSite\",\"@id\":\"https:\/\/sulin.ee\/en\/#website\",\"url\":\"https:\/\/sulin.ee\/en\/\",\"name\":\"sulin.ee\",\"description\":\"\",\"publisher\":{\"@id\":\"https:\/\/sulin.ee\/en\/#organization\"},\"potentialAction\":[{\"@type\":\"SearchAction\",\"target\":{\"@type\":\"EntryPoint\",\"urlTemplate\":\"https:\/\/sulin.ee\/en\/?s={search_term_string}\"},\"query-input\":{\"@type\":\"PropertyValueSpecification\",\"valueRequired\":true,\"valueName\":\"search_term_string\"}}],\"inLanguage\":\"en-US\"},{\"@type\":\"Organization\",\"@id\":\"https:\/\/sulin.ee\/en\/#organization\",\"name\":\"SULIN TRADE O\u00dc\",\"url\":\"https:\/\/sulin.ee\/en\/\",\"logo\":{\"@type\":\"ImageObject\",\"inLanguage\":\"en-US\",\"@id\":\"https:\/\/sulin.ee\/en\/#\/schema\/logo\/image\/\",\"url\":\"https:\/\/sulin.ee\/wp-content\/uploads\/2022\/11\/sulin-logo.png\",\"contentUrl\":\"https:\/\/sulin.ee\/wp-content\/uploads\/2022\/11\/sulin-logo.png\",\"width\":871,\"height\":321,\"caption\":\"SULIN TRADE O\u00dc\"},\"image\":{\"@id\":\"https:\/\/sulin.ee\/en\/#\/schema\/logo\/image\/\"},\"sameAs\":[\"https:\/\/www.facebook.com\/www.sulin.ee\/\",\"https:\/\/www.instagram.com\/sulintrade\/\"]}]}<\/script>\n<!-- \/ Yoast SEO plugin. -->","yoast_head_json":{"title":"2-kohaline legolaud (koolim\u00f5\u00f5tu) - sulin.ee","description":"Avasta 2-kohaline legolaud , mis on valmistatud vastupidavast kasevineerist! Ideaalne suurus koolilauaks, Lego alusplaadiga.","robots":{"index":"index","follow":"follow","max-snippet":"max-snippet:-1","max-image-preview":"max-image-preview:large","max-video-preview":"max-video-preview:-1"},"canonical":"https:\/\/sulin.ee\/en\/toode\/2-kohaline-legolaud-koolimootu\/","og_locale":"en_US","og_type":"article","og_title":"2-kohaline legolaud (koolim\u00f5\u00f5tu) - sulin.ee","og_description":"Avasta 2-kohaline legolaud , mis on valmistatud vastupidavast kasevineerist! Ideaalne suurus koolilauaks, Lego alusplaadiga.","og_url":"https:\/\/sulin.ee\/en\/toode\/2-kohaline-legolaud-koolimootu\/","og_site_name":"sulin.ee","article_publisher":"https:\/\/www.facebook.com\/www.sulin.ee\/","article_modified_time":"2025-10-19T20:20:39+00:00","og_image":[{"width":1080,"height":1080,"url":"https:\/\/sulin.ee\/wp-content\/uploads\/2025\/03\/Piltide-korrektuurid-kodulehel-2025-03-20T102753.131.png","type":"image\/png"}],"twitter_card":"summary_large_image","twitter_misc":{"Est. reading time":"2 minutes"},"schema":{"@context":"https:\/\/schema.org","@graph":[{"@type":"WebPage","@id":"https:\/\/sulin.ee\/en\/toode\/2-kohaline-legolaud-koolimootu\/","url":"https:\/\/sulin.ee\/en\/toode\/2-kohaline-legolaud-koolimootu\/","name":"2-kohaline legolaud (koolim\u00f5\u00f5tu) - sulin.ee","isPartOf":{"@id":"https:\/\/sulin.ee\/en\/#website"},"primaryImageOfPage":{"@id":"https:\/\/sulin.ee\/en\/toode\/2-kohaline-legolaud-koolimootu\/#primaryimage"},"image":{"@id":"https:\/\/sulin.ee\/en\/toode\/2-kohaline-legolaud-koolimootu\/#primaryimage"},"thumbnailUrl":"https:\/\/sulin.ee\/wp-content\/uploads\/2025\/03\/Piltide-korrektuurid-kodulehel-2025-03-20T102753.131.png","datePublished":"2025-03-20T08:23:22+00:00","dateModified":"2025-10-19T20:20:39+00:00","description":"Avasta 2-kohaline legolaud , mis on valmistatud vastupidavast kasevineerist! Ideaalne suurus koolilauaks, Lego alusplaadiga.","breadcrumb":{"@id":"https:\/\/sulin.ee\/en\/toode\/2-kohaline-legolaud-koolimootu\/#breadcrumb"},"inLanguage":"en-US","potentialAction":[{"@type":"ReadAction","target":["https:\/\/sulin.ee\/en\/toode\/2-kohaline-legolaud-koolimootu\/"]}]},{"@type":"ImageObject","inLanguage":"en-US","@id":"https:\/\/sulin.ee\/en\/toode\/2-kohaline-legolaud-koolimootu\/#primaryimage","url":"https:\/\/sulin.ee\/wp-content\/uploads\/2025\/03\/Piltide-korrektuurid-kodulehel-2025-03-20T102753.131.png","contentUrl":"https:\/\/sulin.ee\/wp-content\/uploads\/2025\/03\/Piltide-korrektuurid-kodulehel-2025-03-20T102753.131.png","width":1080,"height":1080,"caption":"2-kohaline legolaud (koolim\u00f5\u00f5tu laud)"},{"@type":"BreadcrumbList","@id":"https:\/\/sulin.ee\/en\/toode\/2-kohaline-legolaud-koolimootu\/#breadcrumb","itemListElement":[{"@type":"ListItem","position":1,"name":"Home","item":"https:\/\/sulin.ee\/en\/"},{"@type":"ListItem","position":2,"name":"Sulin.ee e-pood","item":"https:\/\/sulin.ee\/shop\/"},{"@type":"ListItem","position":3,"name":"2-kohaline legolaud (koolim\u00f5\u00f5tu)"}]},{"@type":"WebSite","@id":"https:\/\/sulin.ee\/en\/#website","url":"https:\/\/sulin.ee\/en\/","name":"sulin.ee","description":"","publisher":{"@id":"https:\/\/sulin.ee\/en\/#organization"},"potentialAction":[{"@type":"SearchAction","target":{"@type":"EntryPoint","urlTemplate":"https:\/\/sulin.ee\/en\/?s={search_term_string}"},"query-input":{"@type":"PropertyValueSpecification","valueRequired":true,"valueName":"search_term_string"}}],"inLanguage":"en-US"},{"@type":"Organization","@id":"https:\/\/sulin.ee\/en\/#organization","name":"SULIN TRADE O\u00dc","url":"https:\/\/sulin.ee\/en\/","logo":{"@type":"ImageObject","inLanguage":"en-US","@id":"https:\/\/sulin.ee\/en\/#\/schema\/logo\/image\/","url":"https:\/\/sulin.ee\/wp-content\/uploads\/2022\/11\/sulin-logo.png","contentUrl":"https:\/\/sulin.ee\/wp-content\/uploads\/2022\/11\/sulin-logo.png","width":871,"height":321,"caption":"SULIN TRADE O\u00dc"},"image":{"@id":"https:\/\/sulin.ee\/en\/#\/schema\/logo\/image\/"},"sameAs":["https:\/\/www.facebook.com\/www.sulin.ee\/","https:\/\/www.instagram.com\/sulintrade\/"]}]}},"builder_content":"","_links":{"self":[{"href":"https:\/\/sulin.ee\/en\/wp-json\/wp\/v2\/product\/43010","targetHints":{"allow":["GET"]}}],"collection":[{"href":"https:\/\/sulin.ee\/en\/wp-json\/wp\/v2\/product"}],"about":[{"href":"https:\/\/sulin.ee\/en\/wp-json\/wp\/v2\/types\/product"}],"replies":[{"embeddable":true,"href":"https:\/\/sulin.ee\/en\/wp-json\/wp\/v2\/comments?post=43010"}],"wp:featuredmedia":[{"embeddable":true,"href":"https:\/\/sulin.ee\/en\/wp-json\/wp\/v2\/media\/43172"}],"wp:attachment":[{"href":"https:\/\/sulin.ee\/en\/wp-json\/wp\/v2\/media?parent=43010"}],"wp:term":[{"taxonomy":"product_brand","embeddable":true,"href":"https:\/\/sulin.ee\/en\/wp-json\/wp\/v2\/product_brand?post=43010"},{"taxonomy":"product_cat","embeddable":true,"href":"https:\/\/sulin.ee\/en\/wp-json\/wp\/v2\/product_cat?post=43010"},{"taxonomy":"product_tag","embeddable":true,"href":"https:\/\/sulin.ee\/en\/wp-json\/wp\/v2\/product_tag?post=43010"}],"curies":[{"name":"wp","href":"https:\/\/api.w.org\/{rel}","templated":true}]}}