{"id":4287,"date":"2022-10-05T19:33:10","date_gmt":"2022-10-05T19:33:10","guid":{"rendered":"http:\/\/test.itson.ee\/sulin\/?post_type=product&#038;p=4287"},"modified":"2025-09-07T21:51:44","modified_gmt":"2025-09-07T21:51:44","slug":"modibodi-classic-bikini-lekkekindlad-aluspuksid-kuupesu","status":"publish","type":"product","link":"https:\/\/sulin.ee\/en\/toode\/modibodi-classic-bikini-lekkekindlad-aluspuksid-kuupesu\/","title":{"rendered":"Modibodi\u00ae Classic Bikini lekkekindlad alusp\u00fcksid"},"content":{"rendered":"<p><strong>Kas poleks aeg h\u00fcvasti j\u00e4tta \u00fchekordsete h\u00fcgieenisidemete ja tampoonidega ning \u00f6elda tere tulemast usaldusv\u00e4\u00e4rsele, <a href=\"https:\/\/sulin.ee\/tootekategooria\/naistele\/lekkekindlad-aluspuksid\/\">korduvkasutatavale<\/a> ja j\u00e4tkusuutlikule lahendusele? Modibodi kuupesu on selleks ideaalne variant.<\/strong><\/p>\n<p><a href=\"https:\/\/www.modibodi.com\/\">Modibodi<\/a> p\u00fcksid istuvad jalas sama mugavalt nagu tavalised alusp\u00fcksid.\u00a0Need on valmistatud hingavast, lekkekindlast, imavast ja antibakteriaalsest materjalist, mis on muudetud nii \u00f5hukeseks (3mm), et ei j\u00e4\u00e4 kandes ebamugavalt paks ja kohmakas.<\/p>\n<p>P\u00fckste v\u00e4limine kiht on valmistatud pehmest bambusmaterjalist, mis t\u00f5rjub niiskust, takistab bakterite levikut ning hoiab \u00e4ra ebameeldiva l\u00f5hna tekkimise. P\u00fckste imav kiht on valmistatud meriinovilla ja pol\u00fcestri segust, mis imab \u00f5rnalt vedelikku, hoides\u00a0teid menstruatsiooni, suurenenud vooluse v\u00f5i inkontinentsuse korral kuiva ja v\u00e4rskena.<\/p>\n<p class=\"tw-data-text tw-text-large tw-ta\" dir=\"ltr\" data-placeholder=\"T\u00f5lge\"><span class=\"Y2IQFc\">Antud p\u00fckste mudel on\u00a0<strong><em>moderate\/heavy<\/em><\/strong>\u00a0ehk keskmise kuni suure imavusega, mis t\u00e4hendab, et nende imavus on kuni 15 ml ehk 3 tampoonit\u00e4it v\u00f5i 3 teelusikat\u00e4it vedelikku. Sobivad kasutamiseks m\u00f5\u00f5duka kuni tugeva menstruatsiooni, inkontinentsuse v\u00f5i vooluse korral.<\/span><\/p>\n<p><strong>Modibodi kuupesu on mugav ja turvaline alternatiiv \u00fchekordsetele sidemetele ja tampoonidele.<\/strong><\/p>\n<table border=\"1\">\n<tbody>\n<tr>\n<td style=\"text-align: center;\"><strong>Suurus<\/strong><\/td>\n<td style=\"text-align: center;\"><strong>V\u00f6\u00f6\u00fcmberm\u00f5\u00f5t<\/strong><\/td>\n<td style=\"text-align: center;\"><strong>Puusa\u00fcmberm\u00f5\u00f5t<\/strong><\/td>\n<\/tr>\n<tr>\n<td style=\"text-align: center;\"><strong>XS<\/strong><\/td>\n<td style=\"text-align: center;\">66 cm<\/td>\n<td style=\"text-align: center;\">89 &#8211; 91 cm<\/td>\n<\/tr>\n<tr>\n<td style=\"text-align: center;\"><strong>S<\/strong><\/td>\n<td style=\"text-align: center;\">71 cm<\/td>\n<td style=\"text-align: center;\">94 &#8211; 96 cm<\/td>\n<\/tr>\n<tr>\n<td style=\"text-align: center;\"><strong>M<\/strong><\/td>\n<td style=\"text-align: center;\">76 cm<\/td>\n<td style=\"text-align: center;\">99 &#8211; 101 cm<\/td>\n<\/tr>\n<tr>\n<td style=\"text-align: center;\"><strong>L<\/strong><\/td>\n<td style=\"text-align: center;\">81 cm<\/td>\n<td style=\"text-align: center;\">104 &#8211; 106 cm<\/td>\n<\/tr>\n<tr>\n<td style=\"text-align: center;\"><strong>XL<\/strong><\/td>\n<td style=\"text-align: center;\">86 cm<\/td>\n<td style=\"text-align: center;\">109 &#8211; 111 cm<\/td>\n<\/tr>\n<tr>\n<td style=\"text-align: center;\"><strong>XXL<\/strong><\/td>\n<td style=\"text-align: center;\">91 cm<\/td>\n<td style=\"text-align: center;\">114 &#8211; 116 cm<\/td>\n<\/tr>\n<\/tbody>\n<\/table>\n<p class=\"tw-data-text tw-text-large tw-ta\" dir=\"ltr\" data-placeholder=\"T\u00f5lge\">\n","protected":false},"excerpt":{"rendered":"<p>Modibodi<\/p>\n","protected":false},"featured_media":4300,"comment_status":"open","ping_status":"closed","template":"","meta":[],"product_brand":[],"product_cat":[195,339],"product_tag":[340],"class_list":{"0":"post-4287","1":"product","2":"type-product","3":"status-publish","4":"has-post-thumbnail","6":"product_cat-lekkekindlad-aluspuksid","7":"product_cat-modibodi","8":"product_tag-modibodi","9":"has-post-title","10":"has-post-date","11":"has-post-category","12":"has-post-tag","13":"has-post-comment","14":"has-post-author","15":"","17":"first","18":"instock","19":"sale","20":"taxable","21":"shipping-taxable","22":"purchasable","23":"product-type-variable"},"yoast_head":"<!-- This site is optimized with the Yoast SEO plugin v26.8 - https:\/\/yoast.com\/product\/yoast-seo-wordpress\/ -->\n<title>Modibodi\u00ae Classic Bikini lekkekindlad alusp\u00fcksid - sulin.ee<\/title>\n<meta name=\"description\" content=\"Modibodi korduvkasutatav kuupesu on usaldusv\u00e4\u00e4rne ja suurep\u00e4rane alternatiiv \u00fchekordsetele h\u00fcgieenisidemetele ja tampoonidele.\" \/>\n<meta name=\"robots\" content=\"index, follow, max-snippet:-1, max-image-preview:large, max-video-preview:-1\" \/>\n<link rel=\"canonical\" href=\"https:\/\/sulin.ee\/en\/toode\/modibodi-classic-bikini-lekkekindlad-aluspuksid-kuupesu\/\" \/>\n<meta property=\"og:locale\" content=\"en_US\" \/>\n<meta property=\"og:type\" content=\"article\" \/>\n<meta property=\"og:title\" content=\"Modibodi\u00ae Classic Bikini lekkekindlad alusp\u00fcksid - sulin.ee\" \/>\n<meta property=\"og:description\" content=\"Modibodi korduvkasutatav kuupesu on usaldusv\u00e4\u00e4rne ja suurep\u00e4rane alternatiiv \u00fchekordsetele h\u00fcgieenisidemetele ja tampoonidele.\" \/>\n<meta property=\"og:url\" content=\"https:\/\/sulin.ee\/en\/toode\/modibodi-classic-bikini-lekkekindlad-aluspuksid-kuupesu\/\" \/>\n<meta property=\"og:site_name\" content=\"sulin.ee\" \/>\n<meta property=\"article:publisher\" content=\"https:\/\/www.facebook.com\/www.sulin.ee\/\" \/>\n<meta property=\"article:modified_time\" content=\"2025-09-07T21:51:44+00:00\" \/>\n<meta property=\"og:image\" content=\"https:\/\/sulin.ee\/wp-content\/uploads\/2022\/10\/modibodi-classic-bikini-eest.png\" \/>\n\t<meta property=\"og:image:width\" content=\"800\" \/>\n\t<meta property=\"og:image:height\" content=\"800\" \/>\n\t<meta property=\"og:image:type\" content=\"image\/png\" \/>\n<meta name=\"twitter:card\" content=\"summary_large_image\" \/>\n<meta name=\"twitter:label1\" content=\"Est. reading time\" \/>\n\t<meta name=\"twitter:data1\" content=\"2 minutes\" \/>\n<script type=\"application\/ld+json\" class=\"yoast-schema-graph\">{\"@context\":\"https:\/\/schema.org\",\"@graph\":[{\"@type\":\"WebPage\",\"@id\":\"https:\/\/sulin.ee\/en\/toode\/modibodi-classic-bikini-lekkekindlad-aluspuksid-kuupesu\/\",\"url\":\"https:\/\/sulin.ee\/en\/toode\/modibodi-classic-bikini-lekkekindlad-aluspuksid-kuupesu\/\",\"name\":\"Modibodi\u00ae Classic Bikini lekkekindlad alusp\u00fcksid - sulin.ee\",\"isPartOf\":{\"@id\":\"https:\/\/sulin.ee\/en\/#website\"},\"primaryImageOfPage\":{\"@id\":\"https:\/\/sulin.ee\/en\/toode\/modibodi-classic-bikini-lekkekindlad-aluspuksid-kuupesu\/#primaryimage\"},\"image\":{\"@id\":\"https:\/\/sulin.ee\/en\/toode\/modibodi-classic-bikini-lekkekindlad-aluspuksid-kuupesu\/#primaryimage\"},\"thumbnailUrl\":\"https:\/\/sulin.ee\/wp-content\/uploads\/2022\/10\/modibodi-classic-bikini-eest.png\",\"datePublished\":\"2022-10-05T19:33:10+00:00\",\"dateModified\":\"2025-09-07T21:51:44+00:00\",\"description\":\"Modibodi korduvkasutatav kuupesu on usaldusv\u00e4\u00e4rne ja suurep\u00e4rane alternatiiv \u00fchekordsetele h\u00fcgieenisidemetele ja tampoonidele.\",\"breadcrumb\":{\"@id\":\"https:\/\/sulin.ee\/en\/toode\/modibodi-classic-bikini-lekkekindlad-aluspuksid-kuupesu\/#breadcrumb\"},\"inLanguage\":\"en-US\",\"potentialAction\":[{\"@type\":\"ReadAction\",\"target\":[\"https:\/\/sulin.ee\/en\/toode\/modibodi-classic-bikini-lekkekindlad-aluspuksid-kuupesu\/\"]}]},{\"@type\":\"ImageObject\",\"inLanguage\":\"en-US\",\"@id\":\"https:\/\/sulin.ee\/en\/toode\/modibodi-classic-bikini-lekkekindlad-aluspuksid-kuupesu\/#primaryimage\",\"url\":\"https:\/\/sulin.ee\/wp-content\/uploads\/2022\/10\/modibodi-classic-bikini-eest.png\",\"contentUrl\":\"https:\/\/sulin.ee\/wp-content\/uploads\/2022\/10\/modibodi-classic-bikini-eest.png\",\"width\":800,\"height\":800,\"caption\":\"kuupesu\"},{\"@type\":\"BreadcrumbList\",\"@id\":\"https:\/\/sulin.ee\/en\/toode\/modibodi-classic-bikini-lekkekindlad-aluspuksid-kuupesu\/#breadcrumb\",\"itemListElement\":[{\"@type\":\"ListItem\",\"position\":1,\"name\":\"Home\",\"item\":\"https:\/\/sulin.ee\/en\/\"},{\"@type\":\"ListItem\",\"position\":2,\"name\":\"Sulin.ee e-pood\",\"item\":\"https:\/\/sulin.ee\/shop\/\"},{\"@type\":\"ListItem\",\"position\":3,\"name\":\"Modibodi\u00ae Classic Bikini lekkekindlad alusp\u00fcksid\"}]},{\"@type\":\"WebSite\",\"@id\":\"https:\/\/sulin.ee\/en\/#website\",\"url\":\"https:\/\/sulin.ee\/en\/\",\"name\":\"sulin.ee\",\"description\":\"\",\"publisher\":{\"@id\":\"https:\/\/sulin.ee\/en\/#organization\"},\"potentialAction\":[{\"@type\":\"SearchAction\",\"target\":{\"@type\":\"EntryPoint\",\"urlTemplate\":\"https:\/\/sulin.ee\/en\/?s={search_term_string}\"},\"query-input\":{\"@type\":\"PropertyValueSpecification\",\"valueRequired\":true,\"valueName\":\"search_term_string\"}}],\"inLanguage\":\"en-US\"},{\"@type\":\"Organization\",\"@id\":\"https:\/\/sulin.ee\/en\/#organization\",\"name\":\"SULIN TRADE O\u00dc\",\"url\":\"https:\/\/sulin.ee\/en\/\",\"logo\":{\"@type\":\"ImageObject\",\"inLanguage\":\"en-US\",\"@id\":\"https:\/\/sulin.ee\/en\/#\/schema\/logo\/image\/\",\"url\":\"https:\/\/sulin.ee\/wp-content\/uploads\/2022\/11\/sulin-logo.png\",\"contentUrl\":\"https:\/\/sulin.ee\/wp-content\/uploads\/2022\/11\/sulin-logo.png\",\"width\":871,\"height\":321,\"caption\":\"SULIN TRADE O\u00dc\"},\"image\":{\"@id\":\"https:\/\/sulin.ee\/en\/#\/schema\/logo\/image\/\"},\"sameAs\":[\"https:\/\/www.facebook.com\/www.sulin.ee\/\",\"https:\/\/www.instagram.com\/sulintrade\/\"]}]}<\/script>\n<!-- \/ Yoast SEO plugin. -->","yoast_head_json":{"title":"Modibodi\u00ae Classic Bikini lekkekindlad alusp\u00fcksid - sulin.ee","description":"Modibodi korduvkasutatav kuupesu on usaldusv\u00e4\u00e4rne ja suurep\u00e4rane alternatiiv \u00fchekordsetele h\u00fcgieenisidemetele ja tampoonidele.","robots":{"index":"index","follow":"follow","max-snippet":"max-snippet:-1","max-image-preview":"max-image-preview:large","max-video-preview":"max-video-preview:-1"},"canonical":"https:\/\/sulin.ee\/en\/toode\/modibodi-classic-bikini-lekkekindlad-aluspuksid-kuupesu\/","og_locale":"en_US","og_type":"article","og_title":"Modibodi\u00ae Classic Bikini lekkekindlad alusp\u00fcksid - sulin.ee","og_description":"Modibodi korduvkasutatav kuupesu on usaldusv\u00e4\u00e4rne ja suurep\u00e4rane alternatiiv \u00fchekordsetele h\u00fcgieenisidemetele ja tampoonidele.","og_url":"https:\/\/sulin.ee\/en\/toode\/modibodi-classic-bikini-lekkekindlad-aluspuksid-kuupesu\/","og_site_name":"sulin.ee","article_publisher":"https:\/\/www.facebook.com\/www.sulin.ee\/","article_modified_time":"2025-09-07T21:51:44+00:00","og_image":[{"width":800,"height":800,"url":"https:\/\/sulin.ee\/wp-content\/uploads\/2022\/10\/modibodi-classic-bikini-eest.png","type":"image\/png"}],"twitter_card":"summary_large_image","twitter_misc":{"Est. reading time":"2 minutes"},"schema":{"@context":"https:\/\/schema.org","@graph":[{"@type":"WebPage","@id":"https:\/\/sulin.ee\/en\/toode\/modibodi-classic-bikini-lekkekindlad-aluspuksid-kuupesu\/","url":"https:\/\/sulin.ee\/en\/toode\/modibodi-classic-bikini-lekkekindlad-aluspuksid-kuupesu\/","name":"Modibodi\u00ae Classic Bikini lekkekindlad alusp\u00fcksid - sulin.ee","isPartOf":{"@id":"https:\/\/sulin.ee\/en\/#website"},"primaryImageOfPage":{"@id":"https:\/\/sulin.ee\/en\/toode\/modibodi-classic-bikini-lekkekindlad-aluspuksid-kuupesu\/#primaryimage"},"image":{"@id":"https:\/\/sulin.ee\/en\/toode\/modibodi-classic-bikini-lekkekindlad-aluspuksid-kuupesu\/#primaryimage"},"thumbnailUrl":"https:\/\/sulin.ee\/wp-content\/uploads\/2022\/10\/modibodi-classic-bikini-eest.png","datePublished":"2022-10-05T19:33:10+00:00","dateModified":"2025-09-07T21:51:44+00:00","description":"Modibodi korduvkasutatav kuupesu on usaldusv\u00e4\u00e4rne ja suurep\u00e4rane alternatiiv \u00fchekordsetele h\u00fcgieenisidemetele ja tampoonidele.","breadcrumb":{"@id":"https:\/\/sulin.ee\/en\/toode\/modibodi-classic-bikini-lekkekindlad-aluspuksid-kuupesu\/#breadcrumb"},"inLanguage":"en-US","potentialAction":[{"@type":"ReadAction","target":["https:\/\/sulin.ee\/en\/toode\/modibodi-classic-bikini-lekkekindlad-aluspuksid-kuupesu\/"]}]},{"@type":"ImageObject","inLanguage":"en-US","@id":"https:\/\/sulin.ee\/en\/toode\/modibodi-classic-bikini-lekkekindlad-aluspuksid-kuupesu\/#primaryimage","url":"https:\/\/sulin.ee\/wp-content\/uploads\/2022\/10\/modibodi-classic-bikini-eest.png","contentUrl":"https:\/\/sulin.ee\/wp-content\/uploads\/2022\/10\/modibodi-classic-bikini-eest.png","width":800,"height":800,"caption":"kuupesu"},{"@type":"BreadcrumbList","@id":"https:\/\/sulin.ee\/en\/toode\/modibodi-classic-bikini-lekkekindlad-aluspuksid-kuupesu\/#breadcrumb","itemListElement":[{"@type":"ListItem","position":1,"name":"Home","item":"https:\/\/sulin.ee\/en\/"},{"@type":"ListItem","position":2,"name":"Sulin.ee e-pood","item":"https:\/\/sulin.ee\/shop\/"},{"@type":"ListItem","position":3,"name":"Modibodi\u00ae Classic Bikini lekkekindlad alusp\u00fcksid"}]},{"@type":"WebSite","@id":"https:\/\/sulin.ee\/en\/#website","url":"https:\/\/sulin.ee\/en\/","name":"sulin.ee","description":"","publisher":{"@id":"https:\/\/sulin.ee\/en\/#organization"},"potentialAction":[{"@type":"SearchAction","target":{"@type":"EntryPoint","urlTemplate":"https:\/\/sulin.ee\/en\/?s={search_term_string}"},"query-input":{"@type":"PropertyValueSpecification","valueRequired":true,"valueName":"search_term_string"}}],"inLanguage":"en-US"},{"@type":"Organization","@id":"https:\/\/sulin.ee\/en\/#organization","name":"SULIN TRADE O\u00dc","url":"https:\/\/sulin.ee\/en\/","logo":{"@type":"ImageObject","inLanguage":"en-US","@id":"https:\/\/sulin.ee\/en\/#\/schema\/logo\/image\/","url":"https:\/\/sulin.ee\/wp-content\/uploads\/2022\/11\/sulin-logo.png","contentUrl":"https:\/\/sulin.ee\/wp-content\/uploads\/2022\/11\/sulin-logo.png","width":871,"height":321,"caption":"SULIN TRADE O\u00dc"},"image":{"@id":"https:\/\/sulin.ee\/en\/#\/schema\/logo\/image\/"},"sameAs":["https:\/\/www.facebook.com\/www.sulin.ee\/","https:\/\/www.instagram.com\/sulintrade\/"]}]}},"builder_content":"","_links":{"self":[{"href":"https:\/\/sulin.ee\/en\/wp-json\/wp\/v2\/product\/4287","targetHints":{"allow":["GET"]}}],"collection":[{"href":"https:\/\/sulin.ee\/en\/wp-json\/wp\/v2\/product"}],"about":[{"href":"https:\/\/sulin.ee\/en\/wp-json\/wp\/v2\/types\/product"}],"replies":[{"embeddable":true,"href":"https:\/\/sulin.ee\/en\/wp-json\/wp\/v2\/comments?post=4287"}],"wp:featuredmedia":[{"embeddable":true,"href":"https:\/\/sulin.ee\/en\/wp-json\/wp\/v2\/media\/4300"}],"wp:attachment":[{"href":"https:\/\/sulin.ee\/en\/wp-json\/wp\/v2\/media?parent=4287"}],"wp:term":[{"taxonomy":"product_brand","embeddable":true,"href":"https:\/\/sulin.ee\/en\/wp-json\/wp\/v2\/product_brand?post=4287"},{"taxonomy":"product_cat","embeddable":true,"href":"https:\/\/sulin.ee\/en\/wp-json\/wp\/v2\/product_cat?post=4287"},{"taxonomy":"product_tag","embeddable":true,"href":"https:\/\/sulin.ee\/en\/wp-json\/wp\/v2\/product_tag?post=4287"}],"curies":[{"name":"wp","href":"https:\/\/api.w.org\/{rel}","templated":true}]}}