{"id":428,"date":"2022-09-13T14:01:07","date_gmt":"2022-09-13T14:01:07","guid":{"rendered":"http:\/\/test.itson.ee\/sulin\/product\/littlelamb-mahkimise-aluslina\/"},"modified":"2025-09-09T11:07:45","modified_gmt":"2025-09-09T11:07:45","slug":"littlelamb-mahkimise-aluslina","status":"publish","type":"product","link":"https:\/\/sulin.ee\/en\/toode\/littlelamb-mahkimise-aluslina\/","title":{"rendered":"LittleLamb m\u00e4hkimise aluslina"},"content":{"rendered":"<p id=\"tw-target-text\" class=\"tw-data-text tw-text-large XcVN5d tw-ta\" dir=\"ltr\" style=\"text-align: justify;\" data-placeholder=\"T\u00f5lge\"><span style=\"font-family: arial, helvetica, sans-serif; font-size: medium;\"><strong><a href=\"https:\/\/littlelamb.com\/\" target=\"_blank\" rel=\"noopener\">LittleLamb<\/a> m\u00e4hkimise aluslina muudab m\u00e4hkmevahetus lihtsaks ja mugavaks.<\/strong> Kokkupandav aluslina on \u00fchelt poolt kaetud pehme minky materjaliga, mis on beebi naha vastas m\u00f5nusalt pehme ning teiselt poolt veekindla PUL materjaliga.<\/span><\/p>\n<p style=\"text-align: justify;\"><span style=\"font-family: arial, helvetica, sans-serif; font-size: medium;\">LittleLamb aluslina on mugav kokku voltida ja kaasa v\u00f5tta. Haara lina kaasa kui l\u00e4hed k\u00fclla, poodi v\u00f5i reisile. Saad seda kasutada m\u00e4hkme vahetusel v\u00f5i lihtsalt linana kus lasta beebil turvaliselt m\u00e4ngida.<\/span><\/p>\n<p style=\"text-align: justify;\"><span style=\"font-family: arial, helvetica, sans-serif; font-size: medium;\"><strong>Aluslina Hooldus:\u00a0<\/strong> Pesta temperatuuril kuni 30\u2103.<\/span><\/p>\n<ul>\n<li style=\"text-align: justify;\"><span style=\"font-family: arial, helvetica, sans-serif; font-size: medium;\">\u00c4ra kasuta valgendajaid, pesupehmendajaid ega \u00e4\u00e4dikat;<\/span><\/li>\n<li style=\"text-align: justify;\"><span style=\"font-family: arial, helvetica, sans-serif; font-size: medium;\">\u00c4ra kasuta ens\u00fc\u00fcme sisaldavaid pesuvahendeid.<\/span><\/li>\n<\/ul>\n<p>\u00dchekordsete m\u00e4hkmete asemel kasuta <a href=\"https:\/\/sulin.ee\/toode\/littlelamb-uhes-suuruses-taskumahkmed-mustritega\/\" target=\"_blank\" rel=\"noopener\">LittleLambi riidest m\u00e4hkmeid<\/a> v\u00f5i <a href=\"https:\/\/sulin.ee\/toode\/littlelamb-mahkmekatted-mustritega\/\" target=\"_blank\" rel=\"noopener\">katteid<\/a>. Nii s\u00e4\u00e4stad raha ja aitad hoida meid \u00fcmbritsevat keskkonda. Lisaks m\u00e4hkmetele v\u00f5id vajada ka <a href=\"https:\/\/sulin.ee\/tootekategooria\/beebid\/riidest-mahkmed\/mahkmesisud-ja-lisatarvikud\/mahkmekotid\/\" target=\"_blank\" rel=\"noopener\">m\u00e4hkmekotti<\/a>, milles on mugav mustaks saanud lina hoiustada kuni j\u00f5uab k\u00e4tte pesemise aeg.<\/p>\n","protected":false},"excerpt":{"rendered":"<p>LittleLamb<\/p>\n","protected":false},"featured_media":4810,"comment_status":"open","ping_status":"closed","template":"","meta":[],"product_brand":[],"product_cat":[179,970,773,588,412],"product_tag":[413],"class_list":{"0":"post-428","1":"product","2":"type-product","3":"status-publish","4":"has-post-thumbnail","6":"product_cat-beebile","7":"product_cat-hoolitsus-beebid","8":"product_cat-mahkimisaluse-katted","9":"product_cat-mahkimise-aluslinad","10":"product_cat-littlelamb","11":"product_tag-littlelamb","12":"has-post-title","13":"has-post-date","14":"has-post-category","15":"has-post-tag","16":"has-post-comment","17":"has-post-author","18":"","20":"first","21":"instock","22":"sale","23":"taxable","24":"shipping-taxable","25":"purchasable","26":"product-type-variable"},"yoast_head":"<!-- This site is optimized with the Yoast SEO plugin v26.8 - https:\/\/yoast.com\/product\/yoast-seo-wordpress\/ -->\n<title>LittleLamb m\u00e4hkimise aluslina - sulin.ee<\/title>\n<meta name=\"description\" content=\"LittleLamb m\u00e4hkimise aluslina muudab m\u00e4hkmevahetus lihtsaks ja mugavaks. Kokkupandav alusina on \u00fchelt poolt kaetud pehme minky materjaliga.\" \/>\n<meta name=\"robots\" content=\"index, follow, max-snippet:-1, max-image-preview:large, max-video-preview:-1\" \/>\n<link rel=\"canonical\" href=\"https:\/\/sulin.ee\/en\/toode\/littlelamb-mahkimise-aluslina\/\" \/>\n<meta property=\"og:locale\" content=\"en_US\" \/>\n<meta property=\"og:type\" content=\"article\" \/>\n<meta property=\"og:title\" content=\"LittleLamb m\u00e4hkimise aluslina - sulin.ee\" \/>\n<meta property=\"og:description\" content=\"LittleLamb m\u00e4hkimise aluslina muudab m\u00e4hkmevahetus lihtsaks ja mugavaks. Kokkupandav alusina on \u00fchelt poolt kaetud pehme minky materjaliga.\" \/>\n<meta property=\"og:url\" content=\"https:\/\/sulin.ee\/en\/toode\/littlelamb-mahkimise-aluslina\/\" \/>\n<meta property=\"og:site_name\" content=\"sulin.ee\" \/>\n<meta property=\"article:publisher\" content=\"https:\/\/www.facebook.com\/www.sulin.ee\/\" \/>\n<meta property=\"article:modified_time\" content=\"2025-09-09T11:07:45+00:00\" \/>\n<meta property=\"og:image\" content=\"https:\/\/sulin.ee\/wp-content\/uploads\/2022\/10\/Bumblebees.png\" \/>\n\t<meta property=\"og:image:width\" content=\"800\" \/>\n\t<meta property=\"og:image:height\" content=\"800\" \/>\n\t<meta property=\"og:image:type\" content=\"image\/png\" \/>\n<meta name=\"twitter:card\" content=\"summary_large_image\" \/>\n<meta name=\"twitter:label1\" content=\"Est. reading time\" \/>\n\t<meta name=\"twitter:data1\" content=\"1 minute\" \/>\n<script type=\"application\/ld+json\" class=\"yoast-schema-graph\">{\"@context\":\"https:\/\/schema.org\",\"@graph\":[{\"@type\":\"WebPage\",\"@id\":\"https:\/\/sulin.ee\/en\/toode\/littlelamb-mahkimise-aluslina\/\",\"url\":\"https:\/\/sulin.ee\/en\/toode\/littlelamb-mahkimise-aluslina\/\",\"name\":\"LittleLamb m\u00e4hkimise aluslina - sulin.ee\",\"isPartOf\":{\"@id\":\"https:\/\/sulin.ee\/en\/#website\"},\"primaryImageOfPage\":{\"@id\":\"https:\/\/sulin.ee\/en\/toode\/littlelamb-mahkimise-aluslina\/#primaryimage\"},\"image\":{\"@id\":\"https:\/\/sulin.ee\/en\/toode\/littlelamb-mahkimise-aluslina\/#primaryimage\"},\"thumbnailUrl\":\"https:\/\/sulin.ee\/wp-content\/uploads\/2022\/10\/Bumblebees.png\",\"datePublished\":\"2022-09-13T14:01:07+00:00\",\"dateModified\":\"2025-09-09T11:07:45+00:00\",\"description\":\"LittleLamb m\u00e4hkimise aluslina muudab m\u00e4hkmevahetus lihtsaks ja mugavaks. Kokkupandav alusina on \u00fchelt poolt kaetud pehme minky materjaliga.\",\"breadcrumb\":{\"@id\":\"https:\/\/sulin.ee\/en\/toode\/littlelamb-mahkimise-aluslina\/#breadcrumb\"},\"inLanguage\":\"en-US\",\"potentialAction\":[{\"@type\":\"ReadAction\",\"target\":[\"https:\/\/sulin.ee\/en\/toode\/littlelamb-mahkimise-aluslina\/\"]}]},{\"@type\":\"ImageObject\",\"inLanguage\":\"en-US\",\"@id\":\"https:\/\/sulin.ee\/en\/toode\/littlelamb-mahkimise-aluslina\/#primaryimage\",\"url\":\"https:\/\/sulin.ee\/wp-content\/uploads\/2022\/10\/Bumblebees.png\",\"contentUrl\":\"https:\/\/sulin.ee\/wp-content\/uploads\/2022\/10\/Bumblebees.png\",\"width\":800,\"height\":800,\"caption\":\"LittleLamb m\u00e4hkimise aluslina\"},{\"@type\":\"BreadcrumbList\",\"@id\":\"https:\/\/sulin.ee\/en\/toode\/littlelamb-mahkimise-aluslina\/#breadcrumb\",\"itemListElement\":[{\"@type\":\"ListItem\",\"position\":1,\"name\":\"Home\",\"item\":\"https:\/\/sulin.ee\/en\/\"},{\"@type\":\"ListItem\",\"position\":2,\"name\":\"Sulin.ee e-pood\",\"item\":\"https:\/\/sulin.ee\/shop\/\"},{\"@type\":\"ListItem\",\"position\":3,\"name\":\"LittleLamb m\u00e4hkimise aluslina\"}]},{\"@type\":\"WebSite\",\"@id\":\"https:\/\/sulin.ee\/en\/#website\",\"url\":\"https:\/\/sulin.ee\/en\/\",\"name\":\"sulin.ee\",\"description\":\"\",\"publisher\":{\"@id\":\"https:\/\/sulin.ee\/en\/#organization\"},\"potentialAction\":[{\"@type\":\"SearchAction\",\"target\":{\"@type\":\"EntryPoint\",\"urlTemplate\":\"https:\/\/sulin.ee\/en\/?s={search_term_string}\"},\"query-input\":{\"@type\":\"PropertyValueSpecification\",\"valueRequired\":true,\"valueName\":\"search_term_string\"}}],\"inLanguage\":\"en-US\"},{\"@type\":\"Organization\",\"@id\":\"https:\/\/sulin.ee\/en\/#organization\",\"name\":\"SULIN TRADE O\u00dc\",\"url\":\"https:\/\/sulin.ee\/en\/\",\"logo\":{\"@type\":\"ImageObject\",\"inLanguage\":\"en-US\",\"@id\":\"https:\/\/sulin.ee\/en\/#\/schema\/logo\/image\/\",\"url\":\"https:\/\/sulin.ee\/wp-content\/uploads\/2022\/11\/sulin-logo.png\",\"contentUrl\":\"https:\/\/sulin.ee\/wp-content\/uploads\/2022\/11\/sulin-logo.png\",\"width\":871,\"height\":321,\"caption\":\"SULIN TRADE O\u00dc\"},\"image\":{\"@id\":\"https:\/\/sulin.ee\/en\/#\/schema\/logo\/image\/\"},\"sameAs\":[\"https:\/\/www.facebook.com\/www.sulin.ee\/\",\"https:\/\/www.instagram.com\/sulintrade\/\"]}]}<\/script>\n<!-- \/ Yoast SEO plugin. -->","yoast_head_json":{"title":"LittleLamb m\u00e4hkimise aluslina - sulin.ee","description":"LittleLamb m\u00e4hkimise aluslina muudab m\u00e4hkmevahetus lihtsaks ja mugavaks. Kokkupandav alusina on \u00fchelt poolt kaetud pehme minky materjaliga.","robots":{"index":"index","follow":"follow","max-snippet":"max-snippet:-1","max-image-preview":"max-image-preview:large","max-video-preview":"max-video-preview:-1"},"canonical":"https:\/\/sulin.ee\/en\/toode\/littlelamb-mahkimise-aluslina\/","og_locale":"en_US","og_type":"article","og_title":"LittleLamb m\u00e4hkimise aluslina - sulin.ee","og_description":"LittleLamb m\u00e4hkimise aluslina muudab m\u00e4hkmevahetus lihtsaks ja mugavaks. Kokkupandav alusina on \u00fchelt poolt kaetud pehme minky materjaliga.","og_url":"https:\/\/sulin.ee\/en\/toode\/littlelamb-mahkimise-aluslina\/","og_site_name":"sulin.ee","article_publisher":"https:\/\/www.facebook.com\/www.sulin.ee\/","article_modified_time":"2025-09-09T11:07:45+00:00","og_image":[{"width":800,"height":800,"url":"https:\/\/sulin.ee\/wp-content\/uploads\/2022\/10\/Bumblebees.png","type":"image\/png"}],"twitter_card":"summary_large_image","twitter_misc":{"Est. reading time":"1 minute"},"schema":{"@context":"https:\/\/schema.org","@graph":[{"@type":"WebPage","@id":"https:\/\/sulin.ee\/en\/toode\/littlelamb-mahkimise-aluslina\/","url":"https:\/\/sulin.ee\/en\/toode\/littlelamb-mahkimise-aluslina\/","name":"LittleLamb m\u00e4hkimise aluslina - sulin.ee","isPartOf":{"@id":"https:\/\/sulin.ee\/en\/#website"},"primaryImageOfPage":{"@id":"https:\/\/sulin.ee\/en\/toode\/littlelamb-mahkimise-aluslina\/#primaryimage"},"image":{"@id":"https:\/\/sulin.ee\/en\/toode\/littlelamb-mahkimise-aluslina\/#primaryimage"},"thumbnailUrl":"https:\/\/sulin.ee\/wp-content\/uploads\/2022\/10\/Bumblebees.png","datePublished":"2022-09-13T14:01:07+00:00","dateModified":"2025-09-09T11:07:45+00:00","description":"LittleLamb m\u00e4hkimise aluslina muudab m\u00e4hkmevahetus lihtsaks ja mugavaks. Kokkupandav alusina on \u00fchelt poolt kaetud pehme minky materjaliga.","breadcrumb":{"@id":"https:\/\/sulin.ee\/en\/toode\/littlelamb-mahkimise-aluslina\/#breadcrumb"},"inLanguage":"en-US","potentialAction":[{"@type":"ReadAction","target":["https:\/\/sulin.ee\/en\/toode\/littlelamb-mahkimise-aluslina\/"]}]},{"@type":"ImageObject","inLanguage":"en-US","@id":"https:\/\/sulin.ee\/en\/toode\/littlelamb-mahkimise-aluslina\/#primaryimage","url":"https:\/\/sulin.ee\/wp-content\/uploads\/2022\/10\/Bumblebees.png","contentUrl":"https:\/\/sulin.ee\/wp-content\/uploads\/2022\/10\/Bumblebees.png","width":800,"height":800,"caption":"LittleLamb m\u00e4hkimise aluslina"},{"@type":"BreadcrumbList","@id":"https:\/\/sulin.ee\/en\/toode\/littlelamb-mahkimise-aluslina\/#breadcrumb","itemListElement":[{"@type":"ListItem","position":1,"name":"Home","item":"https:\/\/sulin.ee\/en\/"},{"@type":"ListItem","position":2,"name":"Sulin.ee e-pood","item":"https:\/\/sulin.ee\/shop\/"},{"@type":"ListItem","position":3,"name":"LittleLamb m\u00e4hkimise aluslina"}]},{"@type":"WebSite","@id":"https:\/\/sulin.ee\/en\/#website","url":"https:\/\/sulin.ee\/en\/","name":"sulin.ee","description":"","publisher":{"@id":"https:\/\/sulin.ee\/en\/#organization"},"potentialAction":[{"@type":"SearchAction","target":{"@type":"EntryPoint","urlTemplate":"https:\/\/sulin.ee\/en\/?s={search_term_string}"},"query-input":{"@type":"PropertyValueSpecification","valueRequired":true,"valueName":"search_term_string"}}],"inLanguage":"en-US"},{"@type":"Organization","@id":"https:\/\/sulin.ee\/en\/#organization","name":"SULIN TRADE O\u00dc","url":"https:\/\/sulin.ee\/en\/","logo":{"@type":"ImageObject","inLanguage":"en-US","@id":"https:\/\/sulin.ee\/en\/#\/schema\/logo\/image\/","url":"https:\/\/sulin.ee\/wp-content\/uploads\/2022\/11\/sulin-logo.png","contentUrl":"https:\/\/sulin.ee\/wp-content\/uploads\/2022\/11\/sulin-logo.png","width":871,"height":321,"caption":"SULIN TRADE O\u00dc"},"image":{"@id":"https:\/\/sulin.ee\/en\/#\/schema\/logo\/image\/"},"sameAs":["https:\/\/www.facebook.com\/www.sulin.ee\/","https:\/\/www.instagram.com\/sulintrade\/"]}]}},"builder_content":"","_links":{"self":[{"href":"https:\/\/sulin.ee\/en\/wp-json\/wp\/v2\/product\/428","targetHints":{"allow":["GET"]}}],"collection":[{"href":"https:\/\/sulin.ee\/en\/wp-json\/wp\/v2\/product"}],"about":[{"href":"https:\/\/sulin.ee\/en\/wp-json\/wp\/v2\/types\/product"}],"replies":[{"embeddable":true,"href":"https:\/\/sulin.ee\/en\/wp-json\/wp\/v2\/comments?post=428"}],"wp:featuredmedia":[{"embeddable":true,"href":"https:\/\/sulin.ee\/en\/wp-json\/wp\/v2\/media\/4810"}],"wp:attachment":[{"href":"https:\/\/sulin.ee\/en\/wp-json\/wp\/v2\/media?parent=428"}],"wp:term":[{"taxonomy":"product_brand","embeddable":true,"href":"https:\/\/sulin.ee\/en\/wp-json\/wp\/v2\/product_brand?post=428"},{"taxonomy":"product_cat","embeddable":true,"href":"https:\/\/sulin.ee\/en\/wp-json\/wp\/v2\/product_cat?post=428"},{"taxonomy":"product_tag","embeddable":true,"href":"https:\/\/sulin.ee\/en\/wp-json\/wp\/v2\/product_tag?post=428"}],"curies":[{"name":"wp","href":"https:\/\/api.w.org\/{rel}","templated":true}]}}