{"id":426,"date":"2022-09-13T14:01:07","date_gmt":"2022-09-13T14:01:07","guid":{"rendered":"http:\/\/test.itson.ee\/sulin\/product\/littlelamb-kuivahoidvad-fliislapid-5tk\/"},"modified":"2026-03-13T12:35:16","modified_gmt":"2026-03-13T12:35:16","slug":"littlelamb-kuivahoidvad-fliislapid-5tk","status":"publish","type":"product","link":"https:\/\/sulin.ee\/en\/toode\/littlelamb-kuivahoidvad-fliislapid-5tk\/","title":{"rendered":"LittleLamb kuivahoidvad fliislapid 5tk"},"content":{"rendered":"<p style=\"text-align: justify;\"><span style=\"font-family: arial, helvetica, sans-serif; font-size: medium; color: #000000;\"><strong>Littlelamb kuivahoidvad fliislapid on tehtud \u00fclipehmest mikrofliisist, mis on lapse naha vastas \u00f5rnad.<\/strong> Aseta fliislapp m\u00e4hkmesse otse vastu beebi \u00f5rna nahka, et kaitsta seda liigse niiskuse eest. T\u00e4nu pestavatele fliislappidele on m\u00e4hkmeid lihtsam puhastada, lihtsalt sopsuta suurem mustus vetsupotti.<\/span><\/p>\n<p><strong>Saadaval kahes suuruses:<\/strong><\/p>\n<p><strong>Suurus 1<\/strong> &#8211; 11 x 29 cm<\/p>\n<p><strong>Suurus 2<\/strong> &#8211;<b> <\/b>14 x 34 cm.<\/p>\n<p style=\"text-align: justify;\"><strong><span style=\"font-family: arial, helvetica, sans-serif; font-size: medium; color: #000000;\">Komplektis 5 tk.<\/span><\/strong><\/p>\n","protected":false},"excerpt":{"rendered":"<p>Littlelamb kuivahoidvad fliislapid on tehtud \u00fclipehmest mikrofliisist, mis on lapse naha vastas \u00f5rnad. Aseta fliislapp m\u00e4hkmesse otse vastu beebi \u00f5rna nahka, et kaitsta seda liigse niiskuse eest. T\u00e4nu pestavatele fliislappidele on m\u00e4hkmeid lihtsam puhastada, lihtsalt sopsuta suurem mustus vetsupotti. Saadaval kahes suuruses: Suurus 1 &#8211; 11 x 29 cm Suurus 2 &#8211; 14 x 34 [&hellip;]<\/p>\n","protected":false},"featured_media":4795,"comment_status":"open","ping_status":"closed","template":"","meta":[],"product_brand":[],"product_cat":[80,583,412],"product_tag":[413],"class_list":{"0":"post-426","1":"product","2":"type-product","3":"status-publish","4":"has-post-thumbnail","6":"product_cat-vastsundinute-mahkmed-ja-katted","7":"product_cat-sisud","8":"product_cat-littlelamb","9":"product_tag-littlelamb","10":"has-post-title","11":"has-post-date","12":"has-post-category","13":"has-post-tag","14":"has-post-comment","15":"has-post-author","16":"","18":"first","19":"instock","20":"sale","21":"taxable","22":"shipping-taxable","23":"purchasable","24":"product-type-variable"},"yoast_head":"<!-- This site is optimized with the Yoast SEO plugin v26.8 - https:\/\/yoast.com\/product\/yoast-seo-wordpress\/ -->\n<title>LittleLamb kuivahoidvad fliislapid 5tk - sulin.ee<\/title>\n<meta name=\"robots\" content=\"index, follow, max-snippet:-1, max-image-preview:large, max-video-preview:-1\" \/>\n<link rel=\"canonical\" href=\"https:\/\/sulin.ee\/en\/toode\/littlelamb-kuivahoidvad-fliislapid-5tk\/\" \/>\n<meta property=\"og:locale\" content=\"en_US\" \/>\n<meta property=\"og:type\" content=\"article\" \/>\n<meta property=\"og:title\" content=\"LittleLamb kuivahoidvad fliislapid 5tk - sulin.ee\" \/>\n<meta property=\"og:description\" content=\"Littlelamb kuivahoidvad fliislapid on tehtud \u00fclipehmest mikrofliisist, mis on lapse naha vastas \u00f5rnad. Aseta fliislapp m\u00e4hkmesse otse vastu beebi \u00f5rna nahka, et kaitsta seda liigse niiskuse eest. T\u00e4nu pestavatele fliislappidele on m\u00e4hkmeid lihtsam puhastada, lihtsalt sopsuta suurem mustus vetsupotti. Saadaval kahes suuruses: Suurus 1 &#8211; 11 x 29 cm Suurus 2 &#8211; 14 x 34 [&hellip;]\" \/>\n<meta property=\"og:url\" content=\"https:\/\/sulin.ee\/en\/toode\/littlelamb-kuivahoidvad-fliislapid-5tk\/\" \/>\n<meta property=\"og:site_name\" content=\"sulin.ee\" \/>\n<meta property=\"article:publisher\" content=\"https:\/\/www.facebook.com\/www.sulin.ee\/\" \/>\n<meta property=\"article:modified_time\" content=\"2026-03-13T12:35:16+00:00\" \/>\n<meta property=\"og:image\" content=\"https:\/\/sulin.ee\/wp-content\/uploads\/2022\/09\/Washable-Fleecy-Liners.jpg\" \/>\n\t<meta property=\"og:image:width\" content=\"800\" \/>\n\t<meta property=\"og:image:height\" content=\"800\" \/>\n\t<meta property=\"og:image:type\" content=\"image\/jpeg\" \/>\n<meta name=\"twitter:card\" content=\"summary_large_image\" \/>\n<meta name=\"twitter:label1\" content=\"Est. reading time\" \/>\n\t<meta name=\"twitter:data1\" content=\"1 minute\" \/>\n<script type=\"application\/ld+json\" class=\"yoast-schema-graph\">{\"@context\":\"https:\/\/schema.org\",\"@graph\":[{\"@type\":\"WebPage\",\"@id\":\"https:\/\/sulin.ee\/en\/toode\/littlelamb-kuivahoidvad-fliislapid-5tk\/\",\"url\":\"https:\/\/sulin.ee\/en\/toode\/littlelamb-kuivahoidvad-fliislapid-5tk\/\",\"name\":\"LittleLamb kuivahoidvad fliislapid 5tk - sulin.ee\",\"isPartOf\":{\"@id\":\"https:\/\/sulin.ee\/en\/#website\"},\"primaryImageOfPage\":{\"@id\":\"https:\/\/sulin.ee\/en\/toode\/littlelamb-kuivahoidvad-fliislapid-5tk\/#primaryimage\"},\"image\":{\"@id\":\"https:\/\/sulin.ee\/en\/toode\/littlelamb-kuivahoidvad-fliislapid-5tk\/#primaryimage\"},\"thumbnailUrl\":\"https:\/\/sulin.ee\/wp-content\/uploads\/2022\/09\/Washable-Fleecy-Liners.jpg\",\"datePublished\":\"2022-09-13T14:01:07+00:00\",\"dateModified\":\"2026-03-13T12:35:16+00:00\",\"breadcrumb\":{\"@id\":\"https:\/\/sulin.ee\/en\/toode\/littlelamb-kuivahoidvad-fliislapid-5tk\/#breadcrumb\"},\"inLanguage\":\"en-US\",\"potentialAction\":[{\"@type\":\"ReadAction\",\"target\":[\"https:\/\/sulin.ee\/en\/toode\/littlelamb-kuivahoidvad-fliislapid-5tk\/\"]}]},{\"@type\":\"ImageObject\",\"inLanguage\":\"en-US\",\"@id\":\"https:\/\/sulin.ee\/en\/toode\/littlelamb-kuivahoidvad-fliislapid-5tk\/#primaryimage\",\"url\":\"https:\/\/sulin.ee\/wp-content\/uploads\/2022\/09\/Washable-Fleecy-Liners.jpg\",\"contentUrl\":\"https:\/\/sulin.ee\/wp-content\/uploads\/2022\/09\/Washable-Fleecy-Liners.jpg\",\"width\":800,\"height\":800},{\"@type\":\"BreadcrumbList\",\"@id\":\"https:\/\/sulin.ee\/en\/toode\/littlelamb-kuivahoidvad-fliislapid-5tk\/#breadcrumb\",\"itemListElement\":[{\"@type\":\"ListItem\",\"position\":1,\"name\":\"Home\",\"item\":\"https:\/\/sulin.ee\/en\/\"},{\"@type\":\"ListItem\",\"position\":2,\"name\":\"Sulin.ee e-pood\",\"item\":\"https:\/\/sulin.ee\/shop\/\"},{\"@type\":\"ListItem\",\"position\":3,\"name\":\"LittleLamb kuivahoidvad fliislapid 5tk\"}]},{\"@type\":\"WebSite\",\"@id\":\"https:\/\/sulin.ee\/en\/#website\",\"url\":\"https:\/\/sulin.ee\/en\/\",\"name\":\"sulin.ee\",\"description\":\"\",\"publisher\":{\"@id\":\"https:\/\/sulin.ee\/en\/#organization\"},\"potentialAction\":[{\"@type\":\"SearchAction\",\"target\":{\"@type\":\"EntryPoint\",\"urlTemplate\":\"https:\/\/sulin.ee\/en\/?s={search_term_string}\"},\"query-input\":{\"@type\":\"PropertyValueSpecification\",\"valueRequired\":true,\"valueName\":\"search_term_string\"}}],\"inLanguage\":\"en-US\"},{\"@type\":\"Organization\",\"@id\":\"https:\/\/sulin.ee\/en\/#organization\",\"name\":\"SULIN TRADE O\u00dc\",\"url\":\"https:\/\/sulin.ee\/en\/\",\"logo\":{\"@type\":\"ImageObject\",\"inLanguage\":\"en-US\",\"@id\":\"https:\/\/sulin.ee\/en\/#\/schema\/logo\/image\/\",\"url\":\"https:\/\/sulin.ee\/wp-content\/uploads\/2022\/11\/sulin-logo.png\",\"contentUrl\":\"https:\/\/sulin.ee\/wp-content\/uploads\/2022\/11\/sulin-logo.png\",\"width\":871,\"height\":321,\"caption\":\"SULIN TRADE O\u00dc\"},\"image\":{\"@id\":\"https:\/\/sulin.ee\/en\/#\/schema\/logo\/image\/\"},\"sameAs\":[\"https:\/\/www.facebook.com\/www.sulin.ee\/\",\"https:\/\/www.instagram.com\/sulintrade\/\"]}]}<\/script>\n<!-- \/ Yoast SEO plugin. -->","yoast_head_json":{"title":"LittleLamb kuivahoidvad fliislapid 5tk - sulin.ee","robots":{"index":"index","follow":"follow","max-snippet":"max-snippet:-1","max-image-preview":"max-image-preview:large","max-video-preview":"max-video-preview:-1"},"canonical":"https:\/\/sulin.ee\/en\/toode\/littlelamb-kuivahoidvad-fliislapid-5tk\/","og_locale":"en_US","og_type":"article","og_title":"LittleLamb kuivahoidvad fliislapid 5tk - sulin.ee","og_description":"Littlelamb kuivahoidvad fliislapid on tehtud \u00fclipehmest mikrofliisist, mis on lapse naha vastas \u00f5rnad. Aseta fliislapp m\u00e4hkmesse otse vastu beebi \u00f5rna nahka, et kaitsta seda liigse niiskuse eest. T\u00e4nu pestavatele fliislappidele on m\u00e4hkmeid lihtsam puhastada, lihtsalt sopsuta suurem mustus vetsupotti. Saadaval kahes suuruses: Suurus 1 &#8211; 11 x 29 cm Suurus 2 &#8211; 14 x 34 [&hellip;]","og_url":"https:\/\/sulin.ee\/en\/toode\/littlelamb-kuivahoidvad-fliislapid-5tk\/","og_site_name":"sulin.ee","article_publisher":"https:\/\/www.facebook.com\/www.sulin.ee\/","article_modified_time":"2026-03-13T12:35:16+00:00","og_image":[{"width":800,"height":800,"url":"https:\/\/sulin.ee\/wp-content\/uploads\/2022\/09\/Washable-Fleecy-Liners.jpg","type":"image\/jpeg"}],"twitter_card":"summary_large_image","twitter_misc":{"Est. reading time":"1 minute"},"schema":{"@context":"https:\/\/schema.org","@graph":[{"@type":"WebPage","@id":"https:\/\/sulin.ee\/en\/toode\/littlelamb-kuivahoidvad-fliislapid-5tk\/","url":"https:\/\/sulin.ee\/en\/toode\/littlelamb-kuivahoidvad-fliislapid-5tk\/","name":"LittleLamb kuivahoidvad fliislapid 5tk - sulin.ee","isPartOf":{"@id":"https:\/\/sulin.ee\/en\/#website"},"primaryImageOfPage":{"@id":"https:\/\/sulin.ee\/en\/toode\/littlelamb-kuivahoidvad-fliislapid-5tk\/#primaryimage"},"image":{"@id":"https:\/\/sulin.ee\/en\/toode\/littlelamb-kuivahoidvad-fliislapid-5tk\/#primaryimage"},"thumbnailUrl":"https:\/\/sulin.ee\/wp-content\/uploads\/2022\/09\/Washable-Fleecy-Liners.jpg","datePublished":"2022-09-13T14:01:07+00:00","dateModified":"2026-03-13T12:35:16+00:00","breadcrumb":{"@id":"https:\/\/sulin.ee\/en\/toode\/littlelamb-kuivahoidvad-fliislapid-5tk\/#breadcrumb"},"inLanguage":"en-US","potentialAction":[{"@type":"ReadAction","target":["https:\/\/sulin.ee\/en\/toode\/littlelamb-kuivahoidvad-fliislapid-5tk\/"]}]},{"@type":"ImageObject","inLanguage":"en-US","@id":"https:\/\/sulin.ee\/en\/toode\/littlelamb-kuivahoidvad-fliislapid-5tk\/#primaryimage","url":"https:\/\/sulin.ee\/wp-content\/uploads\/2022\/09\/Washable-Fleecy-Liners.jpg","contentUrl":"https:\/\/sulin.ee\/wp-content\/uploads\/2022\/09\/Washable-Fleecy-Liners.jpg","width":800,"height":800},{"@type":"BreadcrumbList","@id":"https:\/\/sulin.ee\/en\/toode\/littlelamb-kuivahoidvad-fliislapid-5tk\/#breadcrumb","itemListElement":[{"@type":"ListItem","position":1,"name":"Home","item":"https:\/\/sulin.ee\/en\/"},{"@type":"ListItem","position":2,"name":"Sulin.ee e-pood","item":"https:\/\/sulin.ee\/shop\/"},{"@type":"ListItem","position":3,"name":"LittleLamb kuivahoidvad fliislapid 5tk"}]},{"@type":"WebSite","@id":"https:\/\/sulin.ee\/en\/#website","url":"https:\/\/sulin.ee\/en\/","name":"sulin.ee","description":"","publisher":{"@id":"https:\/\/sulin.ee\/en\/#organization"},"potentialAction":[{"@type":"SearchAction","target":{"@type":"EntryPoint","urlTemplate":"https:\/\/sulin.ee\/en\/?s={search_term_string}"},"query-input":{"@type":"PropertyValueSpecification","valueRequired":true,"valueName":"search_term_string"}}],"inLanguage":"en-US"},{"@type":"Organization","@id":"https:\/\/sulin.ee\/en\/#organization","name":"SULIN TRADE O\u00dc","url":"https:\/\/sulin.ee\/en\/","logo":{"@type":"ImageObject","inLanguage":"en-US","@id":"https:\/\/sulin.ee\/en\/#\/schema\/logo\/image\/","url":"https:\/\/sulin.ee\/wp-content\/uploads\/2022\/11\/sulin-logo.png","contentUrl":"https:\/\/sulin.ee\/wp-content\/uploads\/2022\/11\/sulin-logo.png","width":871,"height":321,"caption":"SULIN TRADE O\u00dc"},"image":{"@id":"https:\/\/sulin.ee\/en\/#\/schema\/logo\/image\/"},"sameAs":["https:\/\/www.facebook.com\/www.sulin.ee\/","https:\/\/www.instagram.com\/sulintrade\/"]}]}},"builder_content":"","_links":{"self":[{"href":"https:\/\/sulin.ee\/en\/wp-json\/wp\/v2\/product\/426","targetHints":{"allow":["GET"]}}],"collection":[{"href":"https:\/\/sulin.ee\/en\/wp-json\/wp\/v2\/product"}],"about":[{"href":"https:\/\/sulin.ee\/en\/wp-json\/wp\/v2\/types\/product"}],"replies":[{"embeddable":true,"href":"https:\/\/sulin.ee\/en\/wp-json\/wp\/v2\/comments?post=426"}],"wp:featuredmedia":[{"embeddable":true,"href":"https:\/\/sulin.ee\/en\/wp-json\/wp\/v2\/media\/4795"}],"wp:attachment":[{"href":"https:\/\/sulin.ee\/en\/wp-json\/wp\/v2\/media?parent=426"}],"wp:term":[{"taxonomy":"product_brand","embeddable":true,"href":"https:\/\/sulin.ee\/en\/wp-json\/wp\/v2\/product_brand?post=426"},{"taxonomy":"product_cat","embeddable":true,"href":"https:\/\/sulin.ee\/en\/wp-json\/wp\/v2\/product_cat?post=426"},{"taxonomy":"product_tag","embeddable":true,"href":"https:\/\/sulin.ee\/en\/wp-json\/wp\/v2\/product_tag?post=426"}],"curies":[{"name":"wp","href":"https:\/\/api.w.org\/{rel}","templated":true}]}}