{"id":4233,"date":"2022-10-05T12:44:23","date_gmt":"2022-10-05T12:44:23","guid":{"rendered":"http:\/\/test.itson.ee\/sulin\/?post_type=product&#038;p=4233"},"modified":"2026-03-25T06:40:37","modified_gmt":"2026-03-25T06:40:37","slug":"bright-bots-potitreeningupuksid","status":"publish","type":"product","link":"https:\/\/sulin.ee\/en\/toode\/bright-bots-potitreeningupuksid\/","title":{"rendered":"Potitreeningup\u00fcksid Bright Bots"},"content":{"rendered":"<p><strong>Bright Bots potitreeningup\u00fcksid<\/strong> on spetsiaalselt disainitud, et aidata v\u00e4ikelastel \u00fcleminekut m\u00e4hkmetest alusp\u00fckstele, v\u00e4ltides samal ajal v\u00e4ikseid &#8220;\u00f5nnetusi&#8221;. P\u00fckste pealiskiht on kaetud imava puuvillafroteest kihiga, mis pakub mugavust ja imavust, samas peitub selle all veekindel PUL kiht, mis aitab v\u00e4ltida lekkeid. Disainilt sarnanevad need tavalistele alusp\u00fckstele, v\u00f5imaldades lapsel neid mugavalt ise \u00fcles ja alla t\u00f5mmata, mis toetab lapse iseseisvust potitreeningu ajal.<\/p>\n<p>Bright Bots potitreeningup\u00fcksid on ideaalsed lapsele, kes \u00f5pib potil k\u00e4ima, pakkudes turvatunnet v\u00e4ikeste \u00f5nnetuste puhul, samas kui laps \u00f5pib m\u00e4rkama ja reageerima, kui on aeg potile minna. Stiilne disain ja alusp\u00fckstele sarnanev v\u00e4limus teevad need lapse jaoks atraktiivseks, aidates muuta potitreeningu protsessi l\u00f5busamaks ja v\u00e4hem stressirohkeks nii lapsele kui vanematele.<\/p>\n<table border=\"1\">\n<tbody>\n<tr>\n<td><strong>Suurus<\/strong><\/td>\n<td><strong>Vanus<\/strong><\/td>\n<td><strong>V\u00f6\u00f6\u00a0\u00d8<\/strong><\/td>\n<td><strong>S\u00e4\u00e4re\u00a0\u00d8<\/strong><\/td>\n<td><strong>Pikkus<\/strong><\/td>\n<td><strong>Kaal<\/strong><\/td>\n<\/tr>\n<tr>\n<td><strong>S<\/strong><\/td>\n<td>12 &#8211; 18 k<\/td>\n<td>52 cm<\/td>\n<td>28 cm<\/td>\n<td>84 cm<\/td>\n<td>12 kg<\/td>\n<\/tr>\n<tr>\n<td><strong>M<\/strong><\/td>\n<td>1,5 &#8211; 2 a<\/td>\n<td>53 cm<\/td>\n<td>28 cm<\/td>\n<td>92 cm<\/td>\n<td>14 kg<\/td>\n<\/tr>\n<tr>\n<td><strong>L<\/strong><\/td>\n<td>2 &#8211; 2,5 a<\/td>\n<td>54 cm<\/td>\n<td>30 cm<\/td>\n<td>100 cm<\/td>\n<td>16 kg<\/td>\n<\/tr>\n<tr>\n<td><strong>XL<\/strong><\/td>\n<td>3 &#8211; 4 a<\/td>\n<td>55 cm<\/td>\n<td>32 cm<\/td>\n<td>108 cm<\/td>\n<td>18 kg<\/td>\n<\/tr>\n<\/tbody>\n<\/table>\n<p><strong>NB! Kui kahtled suuruses, siis vali pigem suurem suurus.<\/strong><\/p>\n<p>Meie tootevalikus leidub erinevaid potitreeningu abivahendeid nagu <a href=\"https:\/\/sulin.ee\/tootekategooria\/beebile\/potitreening-beebid\/pissipotid-2\/\">ergonoomised pissipotid<\/a>, <a href=\"https:\/\/sulin.ee\/tootekategooria\/lapsele\/potitreening\/veekindlad-linad-lastele\/\">veekindlad linad<\/a> ja muud kasulikud <a href=\"https:\/\/sulin.ee\/tootekategooria\/lapsele\/potitreening\/lisatarvikud-lastele\/\">tarvikud<\/a>, mis aitavad muuta potitreeningu efektiivsemaks ja meeldivamaks nii lapsele kui vanematele.<\/p>\n","protected":false},"excerpt":{"rendered":"<p><strong>Bright Bots potitreeningup\u00fcksid on disainitud spetsiaalselt selleks, et aidata v\u00e4ikelastel \u00fcleminekut m\u00e4hkmetest alusp\u00fckstele, pakkudes lekkekindlat kaitset t\u00e4nu imavale puuvillafroteest kihile ja all peidus olevale veekindlale PUL kihile. P\u00fcksid on loodud sarnanema tavalistele alusp\u00fckstele, v\u00f5imaldades lapsel neid mugavalt ise \u00fcles ja alla t\u00f5mmata, mis toetab lapse iseseisvust ja enesekindlust potitreeningu ajal.<\/strong><\/p>\n","protected":false},"featured_media":14665,"comment_status":"open","ping_status":"closed","template":"","meta":[],"product_brand":[],"product_cat":[190,187,803],"product_tag":[],"class_list":{"0":"post-4233","1":"product","2":"type-product","3":"status-publish","4":"has-post-thumbnail","6":"product_cat-potitreeningupuksid-beebid","7":"product_cat-potitreeningupuksid","8":"product_cat-bright-bots","9":"has-post-title","10":"has-post-date","11":"has-post-category","12":"has-post-tag","13":"has-post-comment","14":"has-post-author","15":"","17":"first","18":"instock","19":"sale","20":"taxable","21":"shipping-taxable","22":"purchasable","23":"product-type-variable"},"yoast_head":"<!-- This site is optimized with the Yoast SEO plugin v26.8 - https:\/\/yoast.com\/product\/yoast-seo-wordpress\/ -->\n<title>Potitreeningup\u00fcksid Bright Bots - sulin.ee<\/title>\n<meta name=\"description\" content=\"Bright Bots potitreeningup\u00fcksid on ideaalsed lapsele, kes \u00f5pib potil k\u00e4ima, pakkudes turvatunnet v\u00e4ikeste \u00f5nnetuste puhul,\" \/>\n<meta name=\"robots\" content=\"index, follow, max-snippet:-1, max-image-preview:large, max-video-preview:-1\" \/>\n<link rel=\"canonical\" href=\"https:\/\/sulin.ee\/en\/toode\/bright-bots-potitreeningupuksid\/\" \/>\n<meta property=\"og:locale\" content=\"en_US\" \/>\n<meta property=\"og:type\" content=\"article\" \/>\n<meta property=\"og:title\" content=\"Potitreeningup\u00fcksid Bright Bots - sulin.ee\" \/>\n<meta property=\"og:description\" content=\"Bright Bots potitreeningup\u00fcksid on ideaalsed lapsele, kes \u00f5pib potil k\u00e4ima, pakkudes turvatunnet v\u00e4ikeste \u00f5nnetuste puhul,\" \/>\n<meta property=\"og:url\" content=\"https:\/\/sulin.ee\/en\/toode\/bright-bots-potitreeningupuksid\/\" \/>\n<meta property=\"og:site_name\" content=\"sulin.ee\" \/>\n<meta property=\"article:publisher\" content=\"https:\/\/www.facebook.com\/www.sulin.ee\/\" \/>\n<meta property=\"article:modified_time\" content=\"2026-03-25T06:40:37+00:00\" \/>\n<meta property=\"og:image\" content=\"https:\/\/sulin.ee\/wp-content\/uploads\/2022\/10\/Postitused-58.png\" \/>\n\t<meta property=\"og:image:width\" content=\"1080\" \/>\n\t<meta property=\"og:image:height\" content=\"1080\" \/>\n\t<meta property=\"og:image:type\" content=\"image\/png\" \/>\n<meta name=\"twitter:card\" content=\"summary_large_image\" \/>\n<meta name=\"twitter:label1\" content=\"Est. reading time\" \/>\n\t<meta name=\"twitter:data1\" content=\"2 minutes\" \/>\n<script type=\"application\/ld+json\" class=\"yoast-schema-graph\">{\"@context\":\"https:\/\/schema.org\",\"@graph\":[{\"@type\":\"WebPage\",\"@id\":\"https:\/\/sulin.ee\/en\/toode\/bright-bots-potitreeningupuksid\/\",\"url\":\"https:\/\/sulin.ee\/en\/toode\/bright-bots-potitreeningupuksid\/\",\"name\":\"Potitreeningup\u00fcksid Bright Bots - sulin.ee\",\"isPartOf\":{\"@id\":\"https:\/\/sulin.ee\/en\/#website\"},\"primaryImageOfPage\":{\"@id\":\"https:\/\/sulin.ee\/en\/toode\/bright-bots-potitreeningupuksid\/#primaryimage\"},\"image\":{\"@id\":\"https:\/\/sulin.ee\/en\/toode\/bright-bots-potitreeningupuksid\/#primaryimage\"},\"thumbnailUrl\":\"https:\/\/sulin.ee\/wp-content\/uploads\/2022\/10\/Postitused-58.png\",\"datePublished\":\"2022-10-05T12:44:23+00:00\",\"dateModified\":\"2026-03-25T06:40:37+00:00\",\"description\":\"Bright Bots potitreeningup\u00fcksid on ideaalsed lapsele, kes \u00f5pib potil k\u00e4ima, pakkudes turvatunnet v\u00e4ikeste \u00f5nnetuste puhul,\",\"breadcrumb\":{\"@id\":\"https:\/\/sulin.ee\/en\/toode\/bright-bots-potitreeningupuksid\/#breadcrumb\"},\"inLanguage\":\"en-US\",\"potentialAction\":[{\"@type\":\"ReadAction\",\"target\":[\"https:\/\/sulin.ee\/en\/toode\/bright-bots-potitreeningupuksid\/\"]}]},{\"@type\":\"ImageObject\",\"inLanguage\":\"en-US\",\"@id\":\"https:\/\/sulin.ee\/en\/toode\/bright-bots-potitreeningupuksid\/#primaryimage\",\"url\":\"https:\/\/sulin.ee\/wp-content\/uploads\/2022\/10\/Postitused-58.png\",\"contentUrl\":\"https:\/\/sulin.ee\/wp-content\/uploads\/2022\/10\/Postitused-58.png\",\"width\":1080,\"height\":1080,\"caption\":\"Potitreeningup\u00fcksid Bright Bots\"},{\"@type\":\"BreadcrumbList\",\"@id\":\"https:\/\/sulin.ee\/en\/toode\/bright-bots-potitreeningupuksid\/#breadcrumb\",\"itemListElement\":[{\"@type\":\"ListItem\",\"position\":1,\"name\":\"Home\",\"item\":\"https:\/\/sulin.ee\/en\/\"},{\"@type\":\"ListItem\",\"position\":2,\"name\":\"Sulin.ee e-pood\",\"item\":\"https:\/\/sulin.ee\/shop\/\"},{\"@type\":\"ListItem\",\"position\":3,\"name\":\"Potitreeningup\u00fcksid Bright Bots\"}]},{\"@type\":\"WebSite\",\"@id\":\"https:\/\/sulin.ee\/en\/#website\",\"url\":\"https:\/\/sulin.ee\/en\/\",\"name\":\"sulin.ee\",\"description\":\"\",\"publisher\":{\"@id\":\"https:\/\/sulin.ee\/en\/#organization\"},\"potentialAction\":[{\"@type\":\"SearchAction\",\"target\":{\"@type\":\"EntryPoint\",\"urlTemplate\":\"https:\/\/sulin.ee\/en\/?s={search_term_string}\"},\"query-input\":{\"@type\":\"PropertyValueSpecification\",\"valueRequired\":true,\"valueName\":\"search_term_string\"}}],\"inLanguage\":\"en-US\"},{\"@type\":\"Organization\",\"@id\":\"https:\/\/sulin.ee\/en\/#organization\",\"name\":\"SULIN TRADE O\u00dc\",\"url\":\"https:\/\/sulin.ee\/en\/\",\"logo\":{\"@type\":\"ImageObject\",\"inLanguage\":\"en-US\",\"@id\":\"https:\/\/sulin.ee\/en\/#\/schema\/logo\/image\/\",\"url\":\"https:\/\/sulin.ee\/wp-content\/uploads\/2022\/11\/sulin-logo.png\",\"contentUrl\":\"https:\/\/sulin.ee\/wp-content\/uploads\/2022\/11\/sulin-logo.png\",\"width\":871,\"height\":321,\"caption\":\"SULIN TRADE O\u00dc\"},\"image\":{\"@id\":\"https:\/\/sulin.ee\/en\/#\/schema\/logo\/image\/\"},\"sameAs\":[\"https:\/\/www.facebook.com\/www.sulin.ee\/\",\"https:\/\/www.instagram.com\/sulintrade\/\"]}]}<\/script>\n<!-- \/ Yoast SEO plugin. -->","yoast_head_json":{"title":"Potitreeningup\u00fcksid Bright Bots - sulin.ee","description":"Bright Bots potitreeningup\u00fcksid on ideaalsed lapsele, kes \u00f5pib potil k\u00e4ima, pakkudes turvatunnet v\u00e4ikeste \u00f5nnetuste puhul,","robots":{"index":"index","follow":"follow","max-snippet":"max-snippet:-1","max-image-preview":"max-image-preview:large","max-video-preview":"max-video-preview:-1"},"canonical":"https:\/\/sulin.ee\/en\/toode\/bright-bots-potitreeningupuksid\/","og_locale":"en_US","og_type":"article","og_title":"Potitreeningup\u00fcksid Bright Bots - sulin.ee","og_description":"Bright Bots potitreeningup\u00fcksid on ideaalsed lapsele, kes \u00f5pib potil k\u00e4ima, pakkudes turvatunnet v\u00e4ikeste \u00f5nnetuste puhul,","og_url":"https:\/\/sulin.ee\/en\/toode\/bright-bots-potitreeningupuksid\/","og_site_name":"sulin.ee","article_publisher":"https:\/\/www.facebook.com\/www.sulin.ee\/","article_modified_time":"2026-03-25T06:40:37+00:00","og_image":[{"width":1080,"height":1080,"url":"https:\/\/sulin.ee\/wp-content\/uploads\/2022\/10\/Postitused-58.png","type":"image\/png"}],"twitter_card":"summary_large_image","twitter_misc":{"Est. reading time":"2 minutes"},"schema":{"@context":"https:\/\/schema.org","@graph":[{"@type":"WebPage","@id":"https:\/\/sulin.ee\/en\/toode\/bright-bots-potitreeningupuksid\/","url":"https:\/\/sulin.ee\/en\/toode\/bright-bots-potitreeningupuksid\/","name":"Potitreeningup\u00fcksid Bright Bots - sulin.ee","isPartOf":{"@id":"https:\/\/sulin.ee\/en\/#website"},"primaryImageOfPage":{"@id":"https:\/\/sulin.ee\/en\/toode\/bright-bots-potitreeningupuksid\/#primaryimage"},"image":{"@id":"https:\/\/sulin.ee\/en\/toode\/bright-bots-potitreeningupuksid\/#primaryimage"},"thumbnailUrl":"https:\/\/sulin.ee\/wp-content\/uploads\/2022\/10\/Postitused-58.png","datePublished":"2022-10-05T12:44:23+00:00","dateModified":"2026-03-25T06:40:37+00:00","description":"Bright Bots potitreeningup\u00fcksid on ideaalsed lapsele, kes \u00f5pib potil k\u00e4ima, pakkudes turvatunnet v\u00e4ikeste \u00f5nnetuste puhul,","breadcrumb":{"@id":"https:\/\/sulin.ee\/en\/toode\/bright-bots-potitreeningupuksid\/#breadcrumb"},"inLanguage":"en-US","potentialAction":[{"@type":"ReadAction","target":["https:\/\/sulin.ee\/en\/toode\/bright-bots-potitreeningupuksid\/"]}]},{"@type":"ImageObject","inLanguage":"en-US","@id":"https:\/\/sulin.ee\/en\/toode\/bright-bots-potitreeningupuksid\/#primaryimage","url":"https:\/\/sulin.ee\/wp-content\/uploads\/2022\/10\/Postitused-58.png","contentUrl":"https:\/\/sulin.ee\/wp-content\/uploads\/2022\/10\/Postitused-58.png","width":1080,"height":1080,"caption":"Potitreeningup\u00fcksid Bright Bots"},{"@type":"BreadcrumbList","@id":"https:\/\/sulin.ee\/en\/toode\/bright-bots-potitreeningupuksid\/#breadcrumb","itemListElement":[{"@type":"ListItem","position":1,"name":"Home","item":"https:\/\/sulin.ee\/en\/"},{"@type":"ListItem","position":2,"name":"Sulin.ee e-pood","item":"https:\/\/sulin.ee\/shop\/"},{"@type":"ListItem","position":3,"name":"Potitreeningup\u00fcksid Bright Bots"}]},{"@type":"WebSite","@id":"https:\/\/sulin.ee\/en\/#website","url":"https:\/\/sulin.ee\/en\/","name":"sulin.ee","description":"","publisher":{"@id":"https:\/\/sulin.ee\/en\/#organization"},"potentialAction":[{"@type":"SearchAction","target":{"@type":"EntryPoint","urlTemplate":"https:\/\/sulin.ee\/en\/?s={search_term_string}"},"query-input":{"@type":"PropertyValueSpecification","valueRequired":true,"valueName":"search_term_string"}}],"inLanguage":"en-US"},{"@type":"Organization","@id":"https:\/\/sulin.ee\/en\/#organization","name":"SULIN TRADE O\u00dc","url":"https:\/\/sulin.ee\/en\/","logo":{"@type":"ImageObject","inLanguage":"en-US","@id":"https:\/\/sulin.ee\/en\/#\/schema\/logo\/image\/","url":"https:\/\/sulin.ee\/wp-content\/uploads\/2022\/11\/sulin-logo.png","contentUrl":"https:\/\/sulin.ee\/wp-content\/uploads\/2022\/11\/sulin-logo.png","width":871,"height":321,"caption":"SULIN TRADE O\u00dc"},"image":{"@id":"https:\/\/sulin.ee\/en\/#\/schema\/logo\/image\/"},"sameAs":["https:\/\/www.facebook.com\/www.sulin.ee\/","https:\/\/www.instagram.com\/sulintrade\/"]}]}},"builder_content":"","_links":{"self":[{"href":"https:\/\/sulin.ee\/en\/wp-json\/wp\/v2\/product\/4233","targetHints":{"allow":["GET"]}}],"collection":[{"href":"https:\/\/sulin.ee\/en\/wp-json\/wp\/v2\/product"}],"about":[{"href":"https:\/\/sulin.ee\/en\/wp-json\/wp\/v2\/types\/product"}],"replies":[{"embeddable":true,"href":"https:\/\/sulin.ee\/en\/wp-json\/wp\/v2\/comments?post=4233"}],"wp:featuredmedia":[{"embeddable":true,"href":"https:\/\/sulin.ee\/en\/wp-json\/wp\/v2\/media\/14665"}],"wp:attachment":[{"href":"https:\/\/sulin.ee\/en\/wp-json\/wp\/v2\/media?parent=4233"}],"wp:term":[{"taxonomy":"product_brand","embeddable":true,"href":"https:\/\/sulin.ee\/en\/wp-json\/wp\/v2\/product_brand?post=4233"},{"taxonomy":"product_cat","embeddable":true,"href":"https:\/\/sulin.ee\/en\/wp-json\/wp\/v2\/product_cat?post=4233"},{"taxonomy":"product_tag","embeddable":true,"href":"https:\/\/sulin.ee\/en\/wp-json\/wp\/v2\/product_tag?post=4233"}],"curies":[{"name":"wp","href":"https:\/\/api.w.org\/{rel}","templated":true}]}}