{"id":41021,"date":"2025-03-25T20:20:35","date_gmt":"2025-03-25T20:20:35","guid":{"rendered":"https:\/\/sulin.ee\/toode\/puidust-mdf-nukumaja-moobel-122cm-xxl-led\/"},"modified":"2025-03-26T13:27:38","modified_gmt":"2025-03-26T13:27:38","slug":"puidust-nukumaja-led-valgustusega-moobel-122cm","status":"publish","type":"product","link":"https:\/\/sulin.ee\/en\/toode\/puidust-nukumaja-led-valgustusega-moobel-122cm\/","title":{"rendered":"Puidust nukumaja LED-valgustusega+ m\u00f6\u00f6bel 122cm"},"content":{"rendered":"<p class=\"\" data-start=\"200\" data-end=\"291\"><strong data-start=\"200\" data-end=\"289\">Puidust nukumaja LED-valgustusega + m\u00f6\u00f6bel \u2013 122 cm m\u00e4ngulise luksuse ja loovuse kodu<\/strong><\/p>\n<p class=\"\" data-start=\"293\" data-end=\"581\">See suurejooneline, viiekorruseline <strong data-start=\"329\" data-end=\"349\">puidust nukumaja<\/strong> LED-valgustuse ja m\u00f6\u00f6bliga on unistus iga v\u00e4ikese nukus\u00f5bra jaoks. Modernses stiilis disainitud villa pakub fantaasiarikkaks m\u00e4nguks avaraid ruume, r\u00f5du, lifti ja hulgaliselt sisustuselemente, mis muudavad iga m\u00e4nguhetke eriliseks.<\/p>\n<p data-start=\"293\" data-end=\"581\"><strong>TARNE:<\/strong> 5-10 t\u00f6\u00f6p\u00e4eva<\/p>\n<p class=\"\" data-start=\"583\" data-end=\"671\"><strong data-start=\"583\" data-end=\"618\">Majas on 4 avarat tuba ja r\u00f5du:<\/strong><br data-start=\"618\" data-end=\"621\" \/>\u2705 K\u00f6\u00f6k<br data-start=\"627\" data-end=\"630\" \/>\u2705 Elutuba<br data-start=\"639\" data-end=\"642\" \/>\u2705 Magamistuba<br data-start=\"655\" data-end=\"658\" \/>\u2705 Vannituba<\/p>\n<ul data-start=\"672\" data-end=\"704\">\n<li class=\"\" data-start=\"672\" data-end=\"704\">\n<p class=\"\" data-start=\"674\" data-end=\"704\">\u2705r\u00f5du ja korruseid \u00fchendav lift<\/p>\n<\/li>\n<\/ul>\n<p class=\"\" data-start=\"706\" data-end=\"877\"><strong data-start=\"706\" data-end=\"733\">Kaasaegne LED-valgustus<\/strong> lisab m\u00e4ngukeskkonnale hubasust ja soojust ning sobib suurep\u00e4raselt ka \u00f6\u00f6lambina. Valgustuse l\u00fclitamine annab lapsele veel \u00fche p\u00f5neva tegevuse.<\/p>\n<p class=\"\" data-start=\"879\" data-end=\"1072\"><strong data-start=\"879\" data-end=\"937\">Komplekti kuuluv m\u00f6\u00f6bel pakub l\u00f5putult m\u00e4nguv\u00f5imalusi:<\/strong><br data-start=\"937\" data-end=\"940\" \/>\u2705 Laud ja 2 tooli<br data-start=\"957\" data-end=\"960\" \/>\u2705 Klaver<br data-start=\"968\" data-end=\"971\" \/>\u2705 Diivan<br data-start=\"979\" data-end=\"982\" \/>\u2705 Voodi varikatuse, madratsi ja padjaga<br data-start=\"1021\" data-end=\"1024\" \/>\u2705 Vann ja WC<br data-start=\"1036\" data-end=\"1039\" \/>\u2705 \u00d6\u00f6kapp<br data-start=\"1047\" data-end=\"1050\" \/>\u2705 Lamp<br data-start=\"1056\" data-end=\"1059\" \/>\u2705 Vihmavari<\/p>\n<p class=\"\" data-start=\"1074\" data-end=\"1284\"><strong data-start=\"1074\" data-end=\"1092\">M\u00e4ngu eelised:<\/strong><br data-start=\"1092\" data-end=\"1095\" \/>\ud83c\udfa8 Arendab lapse kujutlusv\u00f5imet ja loovust<br data-start=\"1137\" data-end=\"1140\" \/>\ud83e\udde0 Toetab motoorikat ja ruumitaju<br data-start=\"1173\" data-end=\"1176\" \/>\ud83e\udd1d \u00d5petab koost\u00f6\u00f6d ja rollim\u00e4ngu kaudu sotsiaalseid oskusi<br data-start=\"1234\" data-end=\"1237\" \/>\ud83c\udf81 \u00dchine kokkupanek on l\u00f5bus ja hariv tegevus<\/p>\n<p class=\"\" data-start=\"1286\" data-end=\"1571\"><strong data-start=\"1286\" data-end=\"1310\">Ohutus ja kvaliteet:<\/strong><br data-start=\"1310\" data-end=\"1313\" \/>K\u00f5ik nukumaja osad on valmistatud vastupidavast materjalist ja <strong data-start=\"1376\" data-end=\"1398\">hoolikalt lihvitud<\/strong>, et tagada lapsele maksimaalne turvalisus. Miniatuurne m\u00f6\u00f6bel ja v\u00e4rviline graafika seintel loovad t\u00f5eliselt oman\u00e4olise m\u00e4ngukeskkonna, mis kaunistab \u00fchtlasi iga lastetuba.<\/p>\n<p class=\"\" data-start=\"1573\" data-end=\"1805\"><strong data-start=\"1573\" data-end=\"1590\">Toote andmed:<\/strong><br data-start=\"1590\" data-end=\"1593\" \/>\u2705 Maja m\u00f5\u00f5dud: 82 \u00d7 33 \u00d7 122 cm<br data-start=\"1624\" data-end=\"1627\" \/>\u2705 Minimaalne korrusek\u00f5rgus: 34 cm<br data-start=\"1660\" data-end=\"1663\" \/>\u2705 Materjalid: puit, kangas, plastik, metall<br data-start=\"1706\" data-end=\"1709\" \/>\u2705 LED-valgustus: jah (3 \u00d7 AA patareid, ei kuulu komplekti)<br data-start=\"1767\" data-end=\"1770\" \/>\u2705 Pakendi m\u00f5\u00f5dud: 88 \u00d7 40 \u00d7 24 cm<\/p>\n<p class=\"\" data-start=\"1807\" data-end=\"1835\"><strong data-start=\"1807\" data-end=\"1833\">M\u00f6\u00f6bli m\u00f5\u00f5dud:<\/strong><\/p>\n<ul data-start=\"1836\" data-end=\"2004\">\n<li class=\"\" data-start=\"1836\" data-end=\"1866\">\n<p class=\"\" data-start=\"1838\" data-end=\"1866\">\u2705Voodi: 31 \u00d7 10,5 \u00d7 24,5 cm<\/p>\n<\/li>\n<li class=\"\" data-start=\"1867\" data-end=\"1892\">\n<p class=\"\" data-start=\"1869\" data-end=\"1892\">\u2705Laud: 11 \u00d7 16 \u00d7 11 cm<\/p>\n<\/li>\n<li class=\"\" data-start=\"1893\" data-end=\"1922\">\n<p class=\"\" data-start=\"1895\" data-end=\"1922\">\u2705Klaver: 13 \u00d7 12,5 \u00d7 10 cm<\/p>\n<\/li>\n<li class=\"\" data-start=\"1923\" data-end=\"1950\">\n<p class=\"\" data-start=\"1925\" data-end=\"1950\">\u2705Diivan: 20 \u00d7 8 \u00d7 8,5 cm<\/p>\n<\/li>\n<li class=\"\" data-start=\"1951\" data-end=\"1975\">\n<p class=\"\" data-start=\"1953\" data-end=\"1975\">\u2705Vann: 20 \u00d7 10 \u00d7 5 cm<\/p>\n<\/li>\n<li class=\"\" data-start=\"1976\" data-end=\"2004\">\n<p class=\"\" data-start=\"1978\" data-end=\"2004\">\u2705Vihmavari: 28 cm k\u00f5rgune<\/p>\n<\/li>\n<\/ul>\n<p class=\"\" data-start=\"2006\" data-end=\"2154\">\ud83c\udf80 <strong data-start=\"2009\" data-end=\"2037\">Imeline kingitus lapsele<\/strong>, mis \u00fchendab m\u00e4ngu, arengu ja esteetika. Ideaalne valik lastetuppa, mis v\u00e4\u00e4rib midagi enamat kui tavalist m\u00e4nguasja.<\/p>\n","protected":false},"excerpt":{"rendered":"<p><strong>Suur ja stiilne puidust nukumaja LED-valgustuse ja m\u00f6\u00f6bliga. 122 cm k\u00f5rgune viiekorruseline villa r\u00f5du, lifti ja 4 toaga. Komplektis kaunis m\u00f6\u00f6bel, mis pakub rohkelt m\u00e4nguv\u00f5imalusi ja sobib suurep\u00e4raselt lastetuppa.<\/strong><\/p>\n<p><strong>M\u00f5\u00f5dud:<\/strong> 82 \u00d7 33 \u00d7 122 cm.<\/p>\n<p><strong>Vanus:<\/strong> 3+ aastat.<\/p>\n<p><strong>TARNE:<\/strong> 5-10 t\u00f6\u00f6p\u00e4eva<\/p>\n<p><span style=\"color: #339966;\"><img loading=\"lazy\" decoding=\"async\" class=\"alignnone wp-image-22011\" src=\"https:\/\/sulin.ee\/wp-content\/uploads\/2024\/08\/images-300x134.png\" alt=\"\" width=\"77\" height=\"34\" \/><span style=\"color: #ff9900;\"><strong> Toote eest on v\u00f5imalik tasuda ka j\u00e4relmaksuga. T\u00e4pse info j\u00e4relmaksu v\u00f5imaluste kohta leiad ostukorvist, kui oled toote lisanud ja asud maksma. Leping s\u00f5lmitakse makseprotsessi k\u00e4igus.<\/strong><\/span><\/span><\/p>\n","protected":false},"featured_media":43351,"comment_status":"open","ping_status":"closed","template":"","meta":[],"product_brand":[],"product_cat":[110,1162,1165,1166,1450],"product_tag":[],"class_list":{"0":"post-41021","1":"product","2":"type-product","3":"status-publish","4":"has-post-thumbnail","6":"product_cat-mangimine","7":"product_cat-kingituseks","8":"product_cat-3-5-aastat","9":"product_cat-6-8-aastat","10":"product_cat-nukumajad","11":"product_shipping_class-kuller-9-95","12":"has-post-title","13":"has-post-date","14":"has-post-category","15":"has-post-tag","16":"has-post-comment","17":"has-post-author","18":"","20":"first","21":"instock","22":"sale","23":"taxable","24":"shipping-taxable","25":"purchasable","26":"product-type-simple"},"yoast_head":"<!-- This site is optimized with the Yoast SEO plugin v26.8 - https:\/\/yoast.com\/product\/yoast-seo-wordpress\/ -->\n<title>Puidust nukumaja LED-valgustusega+ m\u00f6\u00f6bel 122cm - sulin.ee<\/title>\n<meta name=\"description\" content=\"Puidust nukumaja LED-valgustusega ja m\u00f6\u00f6bliga \u2013 122 cm suur m\u00e4nguvilla r\u00f5du ja liftiga. T\u00e4iuslik kingitus loovaks rollim\u00e4nguks ja lastetoa kaunistamiseks.\" \/>\n<meta name=\"robots\" content=\"index, follow, max-snippet:-1, max-image-preview:large, max-video-preview:-1\" \/>\n<link rel=\"canonical\" href=\"https:\/\/sulin.ee\/en\/toode\/puidust-nukumaja-led-valgustusega-moobel-122cm\/\" \/>\n<meta property=\"og:locale\" content=\"en_US\" \/>\n<meta property=\"og:type\" content=\"article\" \/>\n<meta property=\"og:title\" content=\"Puidust nukumaja LED-valgustusega+ m\u00f6\u00f6bel 122cm - sulin.ee\" \/>\n<meta property=\"og:description\" content=\"Puidust nukumaja LED-valgustusega ja m\u00f6\u00f6bliga \u2013 122 cm suur m\u00e4nguvilla r\u00f5du ja liftiga. T\u00e4iuslik kingitus loovaks rollim\u00e4nguks ja lastetoa kaunistamiseks.\" \/>\n<meta property=\"og:url\" content=\"https:\/\/sulin.ee\/en\/toode\/puidust-nukumaja-led-valgustusega-moobel-122cm\/\" \/>\n<meta property=\"og:site_name\" content=\"sulin.ee\" \/>\n<meta property=\"article:publisher\" content=\"https:\/\/www.facebook.com\/www.sulin.ee\/\" \/>\n<meta property=\"article:modified_time\" content=\"2025-03-26T13:27:38+00:00\" \/>\n<meta property=\"og:image\" content=\"https:\/\/sulin.ee\/wp-content\/uploads\/2025\/03\/Piltide-korrektuurid-kodulehel-2025-03-26T152622.530.png\" \/>\n\t<meta property=\"og:image:width\" content=\"1080\" \/>\n\t<meta property=\"og:image:height\" content=\"1080\" \/>\n\t<meta property=\"og:image:type\" content=\"image\/png\" \/>\n<meta name=\"twitter:card\" content=\"summary_large_image\" \/>\n<meta name=\"twitter:label1\" content=\"Est. reading time\" \/>\n\t<meta name=\"twitter:data1\" content=\"2 minutes\" \/>\n<script type=\"application\/ld+json\" class=\"yoast-schema-graph\">{\"@context\":\"https:\/\/schema.org\",\"@graph\":[{\"@type\":\"WebPage\",\"@id\":\"https:\/\/sulin.ee\/en\/toode\/puidust-nukumaja-led-valgustusega-moobel-122cm\/\",\"url\":\"https:\/\/sulin.ee\/en\/toode\/puidust-nukumaja-led-valgustusega-moobel-122cm\/\",\"name\":\"Puidust nukumaja LED-valgustusega+ m\u00f6\u00f6bel 122cm - sulin.ee\",\"isPartOf\":{\"@id\":\"https:\/\/sulin.ee\/en\/#website\"},\"primaryImageOfPage\":{\"@id\":\"https:\/\/sulin.ee\/en\/toode\/puidust-nukumaja-led-valgustusega-moobel-122cm\/#primaryimage\"},\"image\":{\"@id\":\"https:\/\/sulin.ee\/en\/toode\/puidust-nukumaja-led-valgustusega-moobel-122cm\/#primaryimage\"},\"thumbnailUrl\":\"https:\/\/sulin.ee\/wp-content\/uploads\/2025\/03\/Piltide-korrektuurid-kodulehel-2025-03-26T152622.530.png\",\"datePublished\":\"2025-03-25T20:20:35+00:00\",\"dateModified\":\"2025-03-26T13:27:38+00:00\",\"description\":\"Puidust nukumaja LED-valgustusega ja m\u00f6\u00f6bliga \u2013 122 cm suur m\u00e4nguvilla r\u00f5du ja liftiga. T\u00e4iuslik kingitus loovaks rollim\u00e4nguks ja lastetoa kaunistamiseks.\",\"breadcrumb\":{\"@id\":\"https:\/\/sulin.ee\/en\/toode\/puidust-nukumaja-led-valgustusega-moobel-122cm\/#breadcrumb\"},\"inLanguage\":\"en-US\",\"potentialAction\":[{\"@type\":\"ReadAction\",\"target\":[\"https:\/\/sulin.ee\/en\/toode\/puidust-nukumaja-led-valgustusega-moobel-122cm\/\"]}]},{\"@type\":\"ImageObject\",\"inLanguage\":\"en-US\",\"@id\":\"https:\/\/sulin.ee\/en\/toode\/puidust-nukumaja-led-valgustusega-moobel-122cm\/#primaryimage\",\"url\":\"https:\/\/sulin.ee\/wp-content\/uploads\/2025\/03\/Piltide-korrektuurid-kodulehel-2025-03-26T152622.530.png\",\"contentUrl\":\"https:\/\/sulin.ee\/wp-content\/uploads\/2025\/03\/Piltide-korrektuurid-kodulehel-2025-03-26T152622.530.png\",\"width\":1080,\"height\":1080,\"caption\":\"Puidust nukumaja LED-valgustusega\"},{\"@type\":\"BreadcrumbList\",\"@id\":\"https:\/\/sulin.ee\/en\/toode\/puidust-nukumaja-led-valgustusega-moobel-122cm\/#breadcrumb\",\"itemListElement\":[{\"@type\":\"ListItem\",\"position\":1,\"name\":\"Home\",\"item\":\"https:\/\/sulin.ee\/en\/\"},{\"@type\":\"ListItem\",\"position\":2,\"name\":\"Sulin.ee e-pood\",\"item\":\"https:\/\/sulin.ee\/shop\/\"},{\"@type\":\"ListItem\",\"position\":3,\"name\":\"Puidust nukumaja LED-valgustusega+ m\u00f6\u00f6bel 122cm\"}]},{\"@type\":\"WebSite\",\"@id\":\"https:\/\/sulin.ee\/en\/#website\",\"url\":\"https:\/\/sulin.ee\/en\/\",\"name\":\"sulin.ee\",\"description\":\"\",\"publisher\":{\"@id\":\"https:\/\/sulin.ee\/en\/#organization\"},\"potentialAction\":[{\"@type\":\"SearchAction\",\"target\":{\"@type\":\"EntryPoint\",\"urlTemplate\":\"https:\/\/sulin.ee\/en\/?s={search_term_string}\"},\"query-input\":{\"@type\":\"PropertyValueSpecification\",\"valueRequired\":true,\"valueName\":\"search_term_string\"}}],\"inLanguage\":\"en-US\"},{\"@type\":\"Organization\",\"@id\":\"https:\/\/sulin.ee\/en\/#organization\",\"name\":\"SULIN TRADE O\u00dc\",\"url\":\"https:\/\/sulin.ee\/en\/\",\"logo\":{\"@type\":\"ImageObject\",\"inLanguage\":\"en-US\",\"@id\":\"https:\/\/sulin.ee\/en\/#\/schema\/logo\/image\/\",\"url\":\"https:\/\/sulin.ee\/wp-content\/uploads\/2022\/11\/sulin-logo.png\",\"contentUrl\":\"https:\/\/sulin.ee\/wp-content\/uploads\/2022\/11\/sulin-logo.png\",\"width\":871,\"height\":321,\"caption\":\"SULIN TRADE O\u00dc\"},\"image\":{\"@id\":\"https:\/\/sulin.ee\/en\/#\/schema\/logo\/image\/\"},\"sameAs\":[\"https:\/\/www.facebook.com\/www.sulin.ee\/\",\"https:\/\/www.instagram.com\/sulintrade\/\"]}]}<\/script>\n<!-- \/ Yoast SEO plugin. -->","yoast_head_json":{"title":"Puidust nukumaja LED-valgustusega+ m\u00f6\u00f6bel 122cm - sulin.ee","description":"Puidust nukumaja LED-valgustusega ja m\u00f6\u00f6bliga \u2013 122 cm suur m\u00e4nguvilla r\u00f5du ja liftiga. T\u00e4iuslik kingitus loovaks rollim\u00e4nguks ja lastetoa kaunistamiseks.","robots":{"index":"index","follow":"follow","max-snippet":"max-snippet:-1","max-image-preview":"max-image-preview:large","max-video-preview":"max-video-preview:-1"},"canonical":"https:\/\/sulin.ee\/en\/toode\/puidust-nukumaja-led-valgustusega-moobel-122cm\/","og_locale":"en_US","og_type":"article","og_title":"Puidust nukumaja LED-valgustusega+ m\u00f6\u00f6bel 122cm - sulin.ee","og_description":"Puidust nukumaja LED-valgustusega ja m\u00f6\u00f6bliga \u2013 122 cm suur m\u00e4nguvilla r\u00f5du ja liftiga. T\u00e4iuslik kingitus loovaks rollim\u00e4nguks ja lastetoa kaunistamiseks.","og_url":"https:\/\/sulin.ee\/en\/toode\/puidust-nukumaja-led-valgustusega-moobel-122cm\/","og_site_name":"sulin.ee","article_publisher":"https:\/\/www.facebook.com\/www.sulin.ee\/","article_modified_time":"2025-03-26T13:27:38+00:00","og_image":[{"width":1080,"height":1080,"url":"https:\/\/sulin.ee\/wp-content\/uploads\/2025\/03\/Piltide-korrektuurid-kodulehel-2025-03-26T152622.530.png","type":"image\/png"}],"twitter_card":"summary_large_image","twitter_misc":{"Est. reading time":"2 minutes"},"schema":{"@context":"https:\/\/schema.org","@graph":[{"@type":"WebPage","@id":"https:\/\/sulin.ee\/en\/toode\/puidust-nukumaja-led-valgustusega-moobel-122cm\/","url":"https:\/\/sulin.ee\/en\/toode\/puidust-nukumaja-led-valgustusega-moobel-122cm\/","name":"Puidust nukumaja LED-valgustusega+ m\u00f6\u00f6bel 122cm - sulin.ee","isPartOf":{"@id":"https:\/\/sulin.ee\/en\/#website"},"primaryImageOfPage":{"@id":"https:\/\/sulin.ee\/en\/toode\/puidust-nukumaja-led-valgustusega-moobel-122cm\/#primaryimage"},"image":{"@id":"https:\/\/sulin.ee\/en\/toode\/puidust-nukumaja-led-valgustusega-moobel-122cm\/#primaryimage"},"thumbnailUrl":"https:\/\/sulin.ee\/wp-content\/uploads\/2025\/03\/Piltide-korrektuurid-kodulehel-2025-03-26T152622.530.png","datePublished":"2025-03-25T20:20:35+00:00","dateModified":"2025-03-26T13:27:38+00:00","description":"Puidust nukumaja LED-valgustusega ja m\u00f6\u00f6bliga \u2013 122 cm suur m\u00e4nguvilla r\u00f5du ja liftiga. T\u00e4iuslik kingitus loovaks rollim\u00e4nguks ja lastetoa kaunistamiseks.","breadcrumb":{"@id":"https:\/\/sulin.ee\/en\/toode\/puidust-nukumaja-led-valgustusega-moobel-122cm\/#breadcrumb"},"inLanguage":"en-US","potentialAction":[{"@type":"ReadAction","target":["https:\/\/sulin.ee\/en\/toode\/puidust-nukumaja-led-valgustusega-moobel-122cm\/"]}]},{"@type":"ImageObject","inLanguage":"en-US","@id":"https:\/\/sulin.ee\/en\/toode\/puidust-nukumaja-led-valgustusega-moobel-122cm\/#primaryimage","url":"https:\/\/sulin.ee\/wp-content\/uploads\/2025\/03\/Piltide-korrektuurid-kodulehel-2025-03-26T152622.530.png","contentUrl":"https:\/\/sulin.ee\/wp-content\/uploads\/2025\/03\/Piltide-korrektuurid-kodulehel-2025-03-26T152622.530.png","width":1080,"height":1080,"caption":"Puidust nukumaja LED-valgustusega"},{"@type":"BreadcrumbList","@id":"https:\/\/sulin.ee\/en\/toode\/puidust-nukumaja-led-valgustusega-moobel-122cm\/#breadcrumb","itemListElement":[{"@type":"ListItem","position":1,"name":"Home","item":"https:\/\/sulin.ee\/en\/"},{"@type":"ListItem","position":2,"name":"Sulin.ee e-pood","item":"https:\/\/sulin.ee\/shop\/"},{"@type":"ListItem","position":3,"name":"Puidust nukumaja LED-valgustusega+ m\u00f6\u00f6bel 122cm"}]},{"@type":"WebSite","@id":"https:\/\/sulin.ee\/en\/#website","url":"https:\/\/sulin.ee\/en\/","name":"sulin.ee","description":"","publisher":{"@id":"https:\/\/sulin.ee\/en\/#organization"},"potentialAction":[{"@type":"SearchAction","target":{"@type":"EntryPoint","urlTemplate":"https:\/\/sulin.ee\/en\/?s={search_term_string}"},"query-input":{"@type":"PropertyValueSpecification","valueRequired":true,"valueName":"search_term_string"}}],"inLanguage":"en-US"},{"@type":"Organization","@id":"https:\/\/sulin.ee\/en\/#organization","name":"SULIN TRADE O\u00dc","url":"https:\/\/sulin.ee\/en\/","logo":{"@type":"ImageObject","inLanguage":"en-US","@id":"https:\/\/sulin.ee\/en\/#\/schema\/logo\/image\/","url":"https:\/\/sulin.ee\/wp-content\/uploads\/2022\/11\/sulin-logo.png","contentUrl":"https:\/\/sulin.ee\/wp-content\/uploads\/2022\/11\/sulin-logo.png","width":871,"height":321,"caption":"SULIN TRADE O\u00dc"},"image":{"@id":"https:\/\/sulin.ee\/en\/#\/schema\/logo\/image\/"},"sameAs":["https:\/\/www.facebook.com\/www.sulin.ee\/","https:\/\/www.instagram.com\/sulintrade\/"]}]}},"builder_content":"","_links":{"self":[{"href":"https:\/\/sulin.ee\/en\/wp-json\/wp\/v2\/product\/41021","targetHints":{"allow":["GET"]}}],"collection":[{"href":"https:\/\/sulin.ee\/en\/wp-json\/wp\/v2\/product"}],"about":[{"href":"https:\/\/sulin.ee\/en\/wp-json\/wp\/v2\/types\/product"}],"replies":[{"embeddable":true,"href":"https:\/\/sulin.ee\/en\/wp-json\/wp\/v2\/comments?post=41021"}],"wp:featuredmedia":[{"embeddable":true,"href":"https:\/\/sulin.ee\/en\/wp-json\/wp\/v2\/media\/43351"}],"wp:attachment":[{"href":"https:\/\/sulin.ee\/en\/wp-json\/wp\/v2\/media?parent=41021"}],"wp:term":[{"taxonomy":"product_brand","embeddable":true,"href":"https:\/\/sulin.ee\/en\/wp-json\/wp\/v2\/product_brand?post=41021"},{"taxonomy":"product_cat","embeddable":true,"href":"https:\/\/sulin.ee\/en\/wp-json\/wp\/v2\/product_cat?post=41021"},{"taxonomy":"product_tag","embeddable":true,"href":"https:\/\/sulin.ee\/en\/wp-json\/wp\/v2\/product_tag?post=41021"}],"curies":[{"name":"wp","href":"https:\/\/api.w.org\/{rel}","templated":true}]}}