{"id":40980,"date":"2025-03-25T20:20:11","date_gmt":"2025-03-25T20:20:11","guid":{"rendered":"https:\/\/sulin.ee\/toode\/mdf-puidust-nukumaja-moobel-78cm-must-led\/"},"modified":"2025-03-26T13:11:29","modified_gmt":"2025-03-26T13:11:29","slug":"puidust-nukumaja-led-valgustusega-moobel-78cm","status":"publish","type":"product","link":"https:\/\/sulin.ee\/en\/toode\/puidust-nukumaja-led-valgustusega-moobel-78cm\/","title":{"rendered":"Puidust nukumaja LED-valgustusega + m\u00f6\u00f6bel 78cm"},"content":{"rendered":"<p class=\"\" data-start=\"119\" data-end=\"218\"><strong data-start=\"119\" data-end=\"216\">Puidust nukumaja LED-valgustusega + m\u00f6\u00f6bel \u2013 78 cm m\u00e4ngulusti ja valgust t\u00e4is unistuste villa<\/strong><\/p>\n<p class=\"\" data-start=\"220\" data-end=\"543\">Kaunis ja kaasaegses stiilis <strong data-start=\"249\" data-end=\"282\">puidust nukumaja LED-tuledega<\/strong> on t\u00e4iuslik m\u00e4ngukaaslane igale lapsele, kes armastab loovust ja rollim\u00e4nge. See kahe- kuni kolmekorruseline villa pakub rikkalikult ruumi, avaraid tube, terrassi ning LED-valgustust, mis muudab m\u00e4ngukeskkonna eriti hubaseks \u2013 sobib suurep\u00e4raselt ka \u00f6\u00f6lambina.<\/p>\n<p data-start=\"220\" data-end=\"543\"><strong>TARNE:<\/strong> 5-10 t\u00f6\u00f6p\u00e4eva<\/p>\n<p class=\"\" data-start=\"545\" data-end=\"658\"><strong data-start=\"545\" data-end=\"590\">Maja koosneb neljast toast ja terrassist:<\/strong><br data-start=\"590\" data-end=\"593\" \/>\u2705 K\u00f6\u00f6k<br data-start=\"599\" data-end=\"602\" \/>\u2705 Elutuba<br data-start=\"611\" data-end=\"614\" \/>\u2705 Magamistuba<br data-start=\"627\" data-end=\"630\" \/>\u2705 Vannituba<br data-start=\"641\" data-end=\"644\" \/>\u2705 Avar terrass<\/p>\n<p class=\"\" data-start=\"660\" data-end=\"800\"><strong data-start=\"660\" data-end=\"677\">LED-valgustus<\/strong> annab majale maagilise s\u00e4ra ja lisab \u00f6\u00f6sel hubasust, samas muutub maja t\u00f5eliseks pilgup\u00fc\u00fcdjaks ka lastetoa sisekujunduses.<\/p>\n<p class=\"\" data-start=\"802\" data-end=\"1021\"><strong data-start=\"802\" data-end=\"859\">Komplekti kuuluv m\u00f6\u00f6bel loob l\u00f5putuid m\u00e4nguv\u00f5imalusi:<\/strong><br data-start=\"859\" data-end=\"862\" \/>\u2705 Laud ja 2 tooli<br data-start=\"880\" data-end=\"883\" \/>\u2705 Voodi<br data-start=\"890\" data-end=\"893\" \/>\u2705 Klaver ja tool<br data-start=\"909\" data-end=\"912\" \/>\u2705 Diivan ja tugitool<br data-start=\"932\" data-end=\"935\" \/>\u2705 TV<br data-start=\"939\" data-end=\"942\" \/>\u2705 Lamp<br data-start=\"948\" data-end=\"951\" \/>\u2705 Lamamistool ja vihmavari<br data-start=\"977\" data-end=\"980\" \/>\u2705 Du\u0161\u0161, WC ja kraanikauss turvapeegliga<\/p>\n<p class=\"\" data-start=\"1023\" data-end=\"1250\"><strong data-start=\"1023\" data-end=\"1063\">Arendav ja kaasahaarav m\u00e4ngukogemus:<\/strong><br data-start=\"1063\" data-end=\"1066\" \/>\ud83c\udfa8 Julgustab fantaasiat ja loovust<br data-start=\"1100\" data-end=\"1103\" \/>\ud83e\udde0 Toetab peenmotoorika ja ruumitaju arengut<br data-start=\"1147\" data-end=\"1150\" \/>\ud83d\udc67 \u00d5petab sotsiaalseid oskusi l\u00e4bi rollim\u00e4ngude<br data-start=\"1197\" data-end=\"1200\" \/>\ud83d\udc68\u200d\ud83d\udc69\u200d\ud83d\udc67 Pakub koostegemise r\u00f5\u00f5mu kokkupaneku ajal<\/p>\n<p class=\"\" data-start=\"1252\" data-end=\"1544\"><strong data-start=\"1252\" data-end=\"1276\">Kvaliteet ja ohutus:<\/strong><br data-start=\"1276\" data-end=\"1279\" \/>Maja on valmistatud tugevast ja vastupidavast puidust. K\u00f5ik elemendid on <strong data-start=\"1352\" data-end=\"1374\">hoolikalt lihvitud<\/strong>, et v\u00e4listada killud ja tagada turvaline m\u00e4ngukeskkond. Miniatuursed m\u00f6\u00f6bliesemed ja v\u00e4rviline graafika seintel muudavad m\u00e4ngumaja oman\u00e4oliseks ja esteetiliselt kauniks.<\/p>\n<p class=\"\" data-start=\"1546\" data-end=\"1749\"><strong data-start=\"1546\" data-end=\"1561\">Toote info:<\/strong><br data-start=\"1561\" data-end=\"1564\" \/>\u2705 Maja m\u00f5\u00f5dud: 62 \u00d7 27 \u00d7 78 cm<br data-start=\"1594\" data-end=\"1597\" \/>\u2705 Korruste k\u00f5rgus: 23 \/ 23 \/ 23,5 cm<br data-start=\"1633\" data-end=\"1636\" \/>\u2705 Pakendi m\u00f5\u00f5dud: 68 \u00d7 11 \u00d7 49 cm<br data-start=\"1669\" data-end=\"1672\" \/>\u2705 Materjal: puit<br data-start=\"1688\" data-end=\"1691\" \/>\u2705 LED-valgustus (3\u00d7 AA 1.5V patareid \u2013 ei kuulu komplekti)<\/p>\n<p class=\"\" data-start=\"1751\" data-end=\"1877\">\ud83c\udf81 <strong data-start=\"1754\" data-end=\"1783\">Ideaalne kingitus lapsele<\/strong>, kes armastab kujutlusm\u00e4nge ja soovib oma nukkudele, maskottidele ja figuuridele hubast kodu.<\/p>\n","protected":false},"excerpt":{"rendered":"<p><strong>Kaasaegne puidust nukumaja LED-valgustusega ja m\u00f6\u00f6bliga. Kolmekorruseline villa 4 toa ja terrassiga, t\u00e4is m\u00e4ngulusti ja hubasust. Arendab lapse loovust ning kaunistab samal ajal lastetuba.<\/strong><\/p>\n<p><strong>M\u00f5\u00f5dud:<\/strong> 78 x 62 x 27 cm.<\/p>\n<p><strong>Vanus:<\/strong> 3+ aastat.<\/p>\n<p><strong>TARNE:<\/strong> 5-10 t\u00f6\u00f6p\u00e4eva<\/p>\n<p><span style=\"color: #339966;\"><img loading=\"lazy\" decoding=\"async\" class=\"alignnone wp-image-22011\" src=\"https:\/\/sulin.ee\/wp-content\/uploads\/2024\/08\/images-300x134.png\" alt=\"\" width=\"77\" height=\"34\" \/><span style=\"color: #ff9900;\"><strong> Toote eest on v\u00f5imalik tasuda ka j\u00e4relmaksuga. T\u00e4pse info j\u00e4relmaksu v\u00f5imaluste kohta leiad ostukorvist, kui oled toote lisanud ja asud maksma. Leping s\u00f5lmitakse makseprotsessi k\u00e4igus.<\/strong><\/span><\/span><\/p>\n","protected":false},"featured_media":40978,"comment_status":"open","ping_status":"closed","template":"","meta":[],"product_brand":[],"product_cat":[110,1162,1165,1166,1450],"product_tag":[],"class_list":{"0":"post-40980","1":"product","2":"type-product","3":"status-publish","4":"has-post-thumbnail","6":"product_cat-mangimine","7":"product_cat-kingituseks","8":"product_cat-3-5-aastat","9":"product_cat-6-8-aastat","10":"product_cat-nukumajad","11":"product_shipping_class-kuller-9-95","12":"has-post-title","13":"has-post-date","14":"has-post-category","15":"has-post-tag","16":"has-post-comment","17":"has-post-author","18":"","20":"first","21":"instock","22":"sale","23":"taxable","24":"shipping-taxable","25":"purchasable","26":"product-type-simple"},"yoast_head":"<!-- This site is optimized with the Yoast SEO plugin v26.8 - https:\/\/yoast.com\/product\/yoast-seo-wordpress\/ -->\n<title>Puidust nukumaja LED-valgustusega + m\u00f6\u00f6bel 78cm - sulin.ee<\/title>\n<meta name=\"description\" content=\"Puidust nukumaja LED-valgustusega ja m\u00f6\u00f6bliga. Kolmekorruseline villa 4 toa ja terrassiga, t\u00e4is m\u00e4ngulusti ja hubasust. Arendab lapse loovust.\" \/>\n<meta name=\"robots\" content=\"index, follow, max-snippet:-1, max-image-preview:large, max-video-preview:-1\" \/>\n<link rel=\"canonical\" href=\"https:\/\/sulin.ee\/en\/toode\/puidust-nukumaja-led-valgustusega-moobel-78cm\/\" \/>\n<meta property=\"og:locale\" content=\"en_US\" \/>\n<meta property=\"og:type\" content=\"article\" \/>\n<meta property=\"og:title\" content=\"Puidust nukumaja LED-valgustusega + m\u00f6\u00f6bel 78cm - sulin.ee\" \/>\n<meta property=\"og:description\" content=\"Puidust nukumaja LED-valgustusega ja m\u00f6\u00f6bliga. Kolmekorruseline villa 4 toa ja terrassiga, t\u00e4is m\u00e4ngulusti ja hubasust. Arendab lapse loovust.\" \/>\n<meta property=\"og:url\" content=\"https:\/\/sulin.ee\/en\/toode\/puidust-nukumaja-led-valgustusega-moobel-78cm\/\" \/>\n<meta property=\"og:site_name\" content=\"sulin.ee\" \/>\n<meta property=\"article:publisher\" content=\"https:\/\/www.facebook.com\/www.sulin.ee\/\" \/>\n<meta property=\"article:modified_time\" content=\"2025-03-26T13:11:29+00:00\" \/>\n<meta property=\"og:image\" content=\"https:\/\/sulin.ee\/wp-content\/uploads\/2025\/03\/Domek-dla-lalek-MDF-drewniany-z-akcesoriami-LED-80cm-czarny-837912.jpg\" \/>\n\t<meta property=\"og:image:width\" content=\"1600\" \/>\n\t<meta property=\"og:image:height\" content=\"1600\" \/>\n\t<meta property=\"og:image:type\" content=\"image\/jpeg\" \/>\n<meta name=\"twitter:card\" content=\"summary_large_image\" \/>\n<meta name=\"twitter:label1\" content=\"Est. reading time\" \/>\n\t<meta name=\"twitter:data1\" content=\"2 minutes\" \/>\n<script type=\"application\/ld+json\" class=\"yoast-schema-graph\">{\"@context\":\"https:\/\/schema.org\",\"@graph\":[{\"@type\":\"WebPage\",\"@id\":\"https:\/\/sulin.ee\/en\/toode\/puidust-nukumaja-led-valgustusega-moobel-78cm\/\",\"url\":\"https:\/\/sulin.ee\/en\/toode\/puidust-nukumaja-led-valgustusega-moobel-78cm\/\",\"name\":\"Puidust nukumaja LED-valgustusega + m\u00f6\u00f6bel 78cm - sulin.ee\",\"isPartOf\":{\"@id\":\"https:\/\/sulin.ee\/en\/#website\"},\"primaryImageOfPage\":{\"@id\":\"https:\/\/sulin.ee\/en\/toode\/puidust-nukumaja-led-valgustusega-moobel-78cm\/#primaryimage\"},\"image\":{\"@id\":\"https:\/\/sulin.ee\/en\/toode\/puidust-nukumaja-led-valgustusega-moobel-78cm\/#primaryimage\"},\"thumbnailUrl\":\"https:\/\/sulin.ee\/wp-content\/uploads\/2025\/03\/Domek-dla-lalek-MDF-drewniany-z-akcesoriami-LED-80cm-czarny-837912.jpg\",\"datePublished\":\"2025-03-25T20:20:11+00:00\",\"dateModified\":\"2025-03-26T13:11:29+00:00\",\"description\":\"Puidust nukumaja LED-valgustusega ja m\u00f6\u00f6bliga. Kolmekorruseline villa 4 toa ja terrassiga, t\u00e4is m\u00e4ngulusti ja hubasust. Arendab lapse loovust.\",\"breadcrumb\":{\"@id\":\"https:\/\/sulin.ee\/en\/toode\/puidust-nukumaja-led-valgustusega-moobel-78cm\/#breadcrumb\"},\"inLanguage\":\"en-US\",\"potentialAction\":[{\"@type\":\"ReadAction\",\"target\":[\"https:\/\/sulin.ee\/en\/toode\/puidust-nukumaja-led-valgustusega-moobel-78cm\/\"]}]},{\"@type\":\"ImageObject\",\"inLanguage\":\"en-US\",\"@id\":\"https:\/\/sulin.ee\/en\/toode\/puidust-nukumaja-led-valgustusega-moobel-78cm\/#primaryimage\",\"url\":\"https:\/\/sulin.ee\/wp-content\/uploads\/2025\/03\/Domek-dla-lalek-MDF-drewniany-z-akcesoriami-LED-80cm-czarny-837912.jpg\",\"contentUrl\":\"https:\/\/sulin.ee\/wp-content\/uploads\/2025\/03\/Domek-dla-lalek-MDF-drewniany-z-akcesoriami-LED-80cm-czarny-837912.jpg\",\"width\":1600,\"height\":1600,\"caption\":\"Puidust nukumaja LED-valgustusega\"},{\"@type\":\"BreadcrumbList\",\"@id\":\"https:\/\/sulin.ee\/en\/toode\/puidust-nukumaja-led-valgustusega-moobel-78cm\/#breadcrumb\",\"itemListElement\":[{\"@type\":\"ListItem\",\"position\":1,\"name\":\"Home\",\"item\":\"https:\/\/sulin.ee\/en\/\"},{\"@type\":\"ListItem\",\"position\":2,\"name\":\"Sulin.ee e-pood\",\"item\":\"https:\/\/sulin.ee\/shop\/\"},{\"@type\":\"ListItem\",\"position\":3,\"name\":\"Puidust nukumaja LED-valgustusega + m\u00f6\u00f6bel 78cm\"}]},{\"@type\":\"WebSite\",\"@id\":\"https:\/\/sulin.ee\/en\/#website\",\"url\":\"https:\/\/sulin.ee\/en\/\",\"name\":\"sulin.ee\",\"description\":\"\",\"publisher\":{\"@id\":\"https:\/\/sulin.ee\/en\/#organization\"},\"potentialAction\":[{\"@type\":\"SearchAction\",\"target\":{\"@type\":\"EntryPoint\",\"urlTemplate\":\"https:\/\/sulin.ee\/en\/?s={search_term_string}\"},\"query-input\":{\"@type\":\"PropertyValueSpecification\",\"valueRequired\":true,\"valueName\":\"search_term_string\"}}],\"inLanguage\":\"en-US\"},{\"@type\":\"Organization\",\"@id\":\"https:\/\/sulin.ee\/en\/#organization\",\"name\":\"SULIN TRADE O\u00dc\",\"url\":\"https:\/\/sulin.ee\/en\/\",\"logo\":{\"@type\":\"ImageObject\",\"inLanguage\":\"en-US\",\"@id\":\"https:\/\/sulin.ee\/en\/#\/schema\/logo\/image\/\",\"url\":\"https:\/\/sulin.ee\/wp-content\/uploads\/2022\/11\/sulin-logo.png\",\"contentUrl\":\"https:\/\/sulin.ee\/wp-content\/uploads\/2022\/11\/sulin-logo.png\",\"width\":871,\"height\":321,\"caption\":\"SULIN TRADE O\u00dc\"},\"image\":{\"@id\":\"https:\/\/sulin.ee\/en\/#\/schema\/logo\/image\/\"},\"sameAs\":[\"https:\/\/www.facebook.com\/www.sulin.ee\/\",\"https:\/\/www.instagram.com\/sulintrade\/\"]}]}<\/script>\n<!-- \/ Yoast SEO plugin. -->","yoast_head_json":{"title":"Puidust nukumaja LED-valgustusega + m\u00f6\u00f6bel 78cm - sulin.ee","description":"Puidust nukumaja LED-valgustusega ja m\u00f6\u00f6bliga. Kolmekorruseline villa 4 toa ja terrassiga, t\u00e4is m\u00e4ngulusti ja hubasust. Arendab lapse loovust.","robots":{"index":"index","follow":"follow","max-snippet":"max-snippet:-1","max-image-preview":"max-image-preview:large","max-video-preview":"max-video-preview:-1"},"canonical":"https:\/\/sulin.ee\/en\/toode\/puidust-nukumaja-led-valgustusega-moobel-78cm\/","og_locale":"en_US","og_type":"article","og_title":"Puidust nukumaja LED-valgustusega + m\u00f6\u00f6bel 78cm - sulin.ee","og_description":"Puidust nukumaja LED-valgustusega ja m\u00f6\u00f6bliga. Kolmekorruseline villa 4 toa ja terrassiga, t\u00e4is m\u00e4ngulusti ja hubasust. Arendab lapse loovust.","og_url":"https:\/\/sulin.ee\/en\/toode\/puidust-nukumaja-led-valgustusega-moobel-78cm\/","og_site_name":"sulin.ee","article_publisher":"https:\/\/www.facebook.com\/www.sulin.ee\/","article_modified_time":"2025-03-26T13:11:29+00:00","og_image":[{"width":1600,"height":1600,"url":"https:\/\/sulin.ee\/wp-content\/uploads\/2025\/03\/Domek-dla-lalek-MDF-drewniany-z-akcesoriami-LED-80cm-czarny-837912.jpg","type":"image\/jpeg"}],"twitter_card":"summary_large_image","twitter_misc":{"Est. reading time":"2 minutes"},"schema":{"@context":"https:\/\/schema.org","@graph":[{"@type":"WebPage","@id":"https:\/\/sulin.ee\/en\/toode\/puidust-nukumaja-led-valgustusega-moobel-78cm\/","url":"https:\/\/sulin.ee\/en\/toode\/puidust-nukumaja-led-valgustusega-moobel-78cm\/","name":"Puidust nukumaja LED-valgustusega + m\u00f6\u00f6bel 78cm - sulin.ee","isPartOf":{"@id":"https:\/\/sulin.ee\/en\/#website"},"primaryImageOfPage":{"@id":"https:\/\/sulin.ee\/en\/toode\/puidust-nukumaja-led-valgustusega-moobel-78cm\/#primaryimage"},"image":{"@id":"https:\/\/sulin.ee\/en\/toode\/puidust-nukumaja-led-valgustusega-moobel-78cm\/#primaryimage"},"thumbnailUrl":"https:\/\/sulin.ee\/wp-content\/uploads\/2025\/03\/Domek-dla-lalek-MDF-drewniany-z-akcesoriami-LED-80cm-czarny-837912.jpg","datePublished":"2025-03-25T20:20:11+00:00","dateModified":"2025-03-26T13:11:29+00:00","description":"Puidust nukumaja LED-valgustusega ja m\u00f6\u00f6bliga. Kolmekorruseline villa 4 toa ja terrassiga, t\u00e4is m\u00e4ngulusti ja hubasust. Arendab lapse loovust.","breadcrumb":{"@id":"https:\/\/sulin.ee\/en\/toode\/puidust-nukumaja-led-valgustusega-moobel-78cm\/#breadcrumb"},"inLanguage":"en-US","potentialAction":[{"@type":"ReadAction","target":["https:\/\/sulin.ee\/en\/toode\/puidust-nukumaja-led-valgustusega-moobel-78cm\/"]}]},{"@type":"ImageObject","inLanguage":"en-US","@id":"https:\/\/sulin.ee\/en\/toode\/puidust-nukumaja-led-valgustusega-moobel-78cm\/#primaryimage","url":"https:\/\/sulin.ee\/wp-content\/uploads\/2025\/03\/Domek-dla-lalek-MDF-drewniany-z-akcesoriami-LED-80cm-czarny-837912.jpg","contentUrl":"https:\/\/sulin.ee\/wp-content\/uploads\/2025\/03\/Domek-dla-lalek-MDF-drewniany-z-akcesoriami-LED-80cm-czarny-837912.jpg","width":1600,"height":1600,"caption":"Puidust nukumaja LED-valgustusega"},{"@type":"BreadcrumbList","@id":"https:\/\/sulin.ee\/en\/toode\/puidust-nukumaja-led-valgustusega-moobel-78cm\/#breadcrumb","itemListElement":[{"@type":"ListItem","position":1,"name":"Home","item":"https:\/\/sulin.ee\/en\/"},{"@type":"ListItem","position":2,"name":"Sulin.ee e-pood","item":"https:\/\/sulin.ee\/shop\/"},{"@type":"ListItem","position":3,"name":"Puidust nukumaja LED-valgustusega + m\u00f6\u00f6bel 78cm"}]},{"@type":"WebSite","@id":"https:\/\/sulin.ee\/en\/#website","url":"https:\/\/sulin.ee\/en\/","name":"sulin.ee","description":"","publisher":{"@id":"https:\/\/sulin.ee\/en\/#organization"},"potentialAction":[{"@type":"SearchAction","target":{"@type":"EntryPoint","urlTemplate":"https:\/\/sulin.ee\/en\/?s={search_term_string}"},"query-input":{"@type":"PropertyValueSpecification","valueRequired":true,"valueName":"search_term_string"}}],"inLanguage":"en-US"},{"@type":"Organization","@id":"https:\/\/sulin.ee\/en\/#organization","name":"SULIN TRADE O\u00dc","url":"https:\/\/sulin.ee\/en\/","logo":{"@type":"ImageObject","inLanguage":"en-US","@id":"https:\/\/sulin.ee\/en\/#\/schema\/logo\/image\/","url":"https:\/\/sulin.ee\/wp-content\/uploads\/2022\/11\/sulin-logo.png","contentUrl":"https:\/\/sulin.ee\/wp-content\/uploads\/2022\/11\/sulin-logo.png","width":871,"height":321,"caption":"SULIN TRADE O\u00dc"},"image":{"@id":"https:\/\/sulin.ee\/en\/#\/schema\/logo\/image\/"},"sameAs":["https:\/\/www.facebook.com\/www.sulin.ee\/","https:\/\/www.instagram.com\/sulintrade\/"]}]}},"builder_content":"","_links":{"self":[{"href":"https:\/\/sulin.ee\/en\/wp-json\/wp\/v2\/product\/40980","targetHints":{"allow":["GET"]}}],"collection":[{"href":"https:\/\/sulin.ee\/en\/wp-json\/wp\/v2\/product"}],"about":[{"href":"https:\/\/sulin.ee\/en\/wp-json\/wp\/v2\/types\/product"}],"replies":[{"embeddable":true,"href":"https:\/\/sulin.ee\/en\/wp-json\/wp\/v2\/comments?post=40980"}],"wp:featuredmedia":[{"embeddable":true,"href":"https:\/\/sulin.ee\/en\/wp-json\/wp\/v2\/media\/40978"}],"wp:attachment":[{"href":"https:\/\/sulin.ee\/en\/wp-json\/wp\/v2\/media?parent=40980"}],"wp:term":[{"taxonomy":"product_brand","embeddable":true,"href":"https:\/\/sulin.ee\/en\/wp-json\/wp\/v2\/product_brand?post=40980"},{"taxonomy":"product_cat","embeddable":true,"href":"https:\/\/sulin.ee\/en\/wp-json\/wp\/v2\/product_cat?post=40980"},{"taxonomy":"product_tag","embeddable":true,"href":"https:\/\/sulin.ee\/en\/wp-json\/wp\/v2\/product_tag?post=40980"}],"curies":[{"name":"wp","href":"https:\/\/api.w.org\/{rel}","templated":true}]}}