{"id":40945,"date":"2025-03-25T20:19:50","date_gmt":"2025-03-25T20:19:50","guid":{"rendered":"https:\/\/sulin.ee\/toode\/puidust-nukumaja-moobel-70cm-hall\/"},"modified":"2025-03-26T12:55:48","modified_gmt":"2025-03-26T12:55:48","slug":"puidust-nukumaja-hall-moobel-70cm","status":"publish","type":"product","link":"https:\/\/sulin.ee\/en\/toode\/puidust-nukumaja-hall-moobel-70cm\/","title":{"rendered":"Puidust nukumaja hall + m\u00f6\u00f6bel 70cm"},"content":{"rendered":"<p class=\"\" data-start=\"168\" data-end=\"237\"><strong data-start=\"168\" data-end=\"235\">Puidust nukumaja hall + m\u00f6\u00f6bel \u2013 70 cm fantaasiarikkaks m\u00e4nguks<\/strong><\/p>\n<p class=\"\" data-start=\"239\" data-end=\"521\">Stiilne ja kaasaegne <strong data-start=\"260\" data-end=\"280\">puidust nukumaja<\/strong> on iga lapse unistus! Selle kolmekorruselise villa minimalistlik disain, hallid toonid ja detailne sisustus muudavad m\u00e4ngimise eriliseks ja arendavaks. Avarad ruumid ja rikkalik m\u00f6\u00f6blikomplekt loovad ideaalse keskkonna loovaks rollim\u00e4nguks.<\/p>\n<p data-start=\"239\" data-end=\"521\"><strong>TARNE:<\/strong> 5-10 t\u00f6\u00f6p\u00e4eva<\/p>\n<p class=\"\" data-start=\"523\" data-end=\"643\"><strong data-start=\"523\" data-end=\"576\">Maja koosneb kolmest korrusest ja viiest ruumist:<\/strong><br data-start=\"576\" data-end=\"579\" \/>\u2705 K\u00f6\u00f6k<br data-start=\"585\" data-end=\"588\" \/>\u2705 Elutuba<br data-start=\"597\" data-end=\"600\" \/>\u2705 Magamistuba<br data-start=\"613\" data-end=\"616\" \/>\u2705 Vannituba<br data-start=\"627\" data-end=\"630\" \/>\u2705 Trepikoda<\/p>\n<p class=\"\" data-start=\"523\" data-end=\"643\">\u2705terrass, kuhu p\u00e4\u00e4seb mugava trepi kaudu<\/p>\n<p class=\"\" data-start=\"687\" data-end=\"990\"><strong data-start=\"687\" data-end=\"771\">Komplektis olev puitm\u00f6\u00f6bel lisab igasse ruumi oman\u00e4olisust ja v\u00f5imalusi m\u00e4nguks:<\/strong><br data-start=\"771\" data-end=\"774\" \/>\u2705 Avatavate ustega riidekapp<br data-start=\"802\" data-end=\"805\" \/>\u2705 Puidust voodi (madrats ei kuulu komplekti)<br data-start=\"849\" data-end=\"852\" \/>\u2705 Puidust lamp<br data-start=\"866\" data-end=\"869\" \/>\u2705 2 mugavat tooli<br data-start=\"886\" data-end=\"889\" \/>\u2705 \u00dcmar laud<br data-start=\"900\" data-end=\"903\" \/>\u2705 Pliit kapuutsi ja avaneva uksega<br data-start=\"937\" data-end=\"940\" \/>\u2705 Valamu kapiga (avatav uks)<br data-start=\"968\" data-end=\"971\" \/>\u2705 WC<br data-start=\"975\" data-end=\"978\" \/>\u2705 Kiikhobune<\/p>\n<p class=\"\" data-start=\"992\" data-end=\"1199\"><strong data-start=\"992\" data-end=\"1015\">M\u00e4ngulised eelised:<\/strong><br data-start=\"1015\" data-end=\"1018\" \/>\ud83c\udfa8 Julgustab last looma lugusid ja arendab loovust<br data-start=\"1068\" data-end=\"1071\" \/>\ud83d\udc67 Toetab sotsiaalsete ja peenmotoorsete oskuste arengut<br data-start=\"1127\" data-end=\"1130\" \/>\ud83d\udc68\u200d\ud83d\udc69\u200d\ud83d\udc67 Koostegemine arendab koost\u00f6\u00f6d ja annab lapsele rahulolutunde<\/p>\n<p class=\"\" data-start=\"1201\" data-end=\"1483\"><strong data-start=\"1201\" data-end=\"1229\">Kvaliteet ja turvalisus:<\/strong><br data-start=\"1229\" data-end=\"1232\" \/>Maja on valmistatud tugevast puidust, mille k\u00f5ik osad on hoolikalt lihvitud, et v\u00e4ltida killukeste tekkimist. Detailne graafika seintel ja miniatuursed m\u00f6\u00f6bliesemed lisavad realistlikkust ning muudavad selle villa kauniks sisustuselemendiks lastetoas.<\/p>\n<p class=\"\" data-start=\"1485\" data-end=\"1790\"><strong data-start=\"1485\" data-end=\"1502\">Toote m\u00f5\u00f5dud:<\/strong><br data-start=\"1502\" data-end=\"1505\" \/>\u2705 Maja m\u00f5\u00f5dud: 60 \u00d7 24 \u00d7 70 cm<br data-start=\"1535\" data-end=\"1538\" \/>\u2705 I ja II korruse k\u00f5rgus: 18,5 cm<br data-start=\"1571\" data-end=\"1574\" \/>\u2705 III korruse k\u00f5rgus: 26 cm<br data-start=\"1601\" data-end=\"1604\" \/>\u2705 Pakendi m\u00f5\u00f5dud: 64,5 \u00d7 29,5 \u00d7 13 cm<br data-start=\"1641\" data-end=\"1644\" \/>\u2705 Materjalid: puit, plast (astmed), metallkruvid<br data-start=\"1692\" data-end=\"1695\" \/>\u2705 Madrats ei kuulu komplekti<br data-start=\"1723\" data-end=\"1726\" \/>\u2705 Maja kokkupanekuks vajalikud metallkruvid kuuluvad komplekti<\/p>\n<p class=\"\" data-start=\"1792\" data-end=\"1899\">\ud83c\udf81 <strong data-start=\"1795\" data-end=\"1816\">Ideaalne kingitus<\/strong> v\u00e4ikesele nukus\u00f5brale, mis pakub r\u00f5\u00f5mu, arendab fantaasiat ja kaunistab lastetuba!<\/p>\n","protected":false},"excerpt":{"rendered":"<p><strong>Kaunis halli tooniga puidust nukumaja koos m\u00f6\u00f6bliga, millel on 3 korrust ja 5 ruumi. Avarad toad, terrass ja detailne sisustus loovad ideaalse keskkonna loovaks m\u00e4nguks ja rollim\u00e4ngudeks. Stiilne ja turvaline t\u00e4iendus igasse lastetuppa.<\/strong><\/p>\n<p><strong>M\u00f5\u00f5dud:<\/strong> 60 \u00d7 24 \u00d7 70 cm<\/p>\n<p><strong>Vanus:<\/strong> 3+ aastat.<\/p>\n<p><strong>TARNE:<\/strong> 5-10 t\u00f6\u00f6p\u00e4eva<\/p>\n<p><span style=\"color: #339966;\"><img loading=\"lazy\" decoding=\"async\" class=\"alignnone wp-image-22011\" src=\"https:\/\/sulin.ee\/wp-content\/uploads\/2024\/08\/images-300x134.png\" alt=\"\" width=\"77\" height=\"34\" \/><span style=\"color: #ff9900;\"><strong> Toote eest on v\u00f5imalik tasuda ka j\u00e4relmaksuga. T\u00e4pse info j\u00e4relmaksu v\u00f5imaluste kohta leiad ostukorvist, kui oled toote lisanud ja asud maksma. Leping s\u00f5lmitakse makseprotsessi k\u00e4igus.<\/strong><\/span><\/span><\/p>\n","protected":false},"featured_media":40943,"comment_status":"open","ping_status":"closed","template":"","meta":[],"product_brand":[],"product_cat":[110,1162,1165,1166,1450],"product_tag":[],"class_list":{"0":"post-40945","1":"product","2":"type-product","3":"status-publish","4":"has-post-thumbnail","6":"product_cat-mangimine","7":"product_cat-kingituseks","8":"product_cat-3-5-aastat","9":"product_cat-6-8-aastat","10":"product_cat-nukumajad","11":"product_shipping_class-kuller-9-95","12":"has-post-title","13":"has-post-date","14":"has-post-category","15":"has-post-tag","16":"has-post-comment","17":"has-post-author","18":"","20":"first","21":"instock","22":"sale","23":"taxable","24":"shipping-taxable","25":"purchasable","26":"product-type-simple"},"yoast_head":"<!-- This site is optimized with the Yoast SEO plugin v26.8 - https:\/\/yoast.com\/product\/yoast-seo-wordpress\/ -->\n<title>Puidust nukumaja hall + m\u00f6\u00f6bel 70cm - sulin.ee<\/title>\n<meta name=\"description\" content=\"Puidust nukumaja hall \u2013 70 cm k\u00f5rgune m\u00e4nguvilla m\u00f6\u00f6bli ja terrassiga. Arendab loovust ja sobib suurep\u00e4raselt kingituseks lapsele.\" \/>\n<meta name=\"robots\" content=\"index, follow, max-snippet:-1, max-image-preview:large, max-video-preview:-1\" \/>\n<link rel=\"canonical\" href=\"https:\/\/sulin.ee\/en\/toode\/puidust-nukumaja-hall-moobel-70cm\/\" \/>\n<meta property=\"og:locale\" content=\"en_US\" \/>\n<meta property=\"og:type\" content=\"article\" \/>\n<meta property=\"og:title\" content=\"Puidust nukumaja hall + m\u00f6\u00f6bel 70cm - sulin.ee\" \/>\n<meta property=\"og:description\" content=\"Puidust nukumaja hall \u2013 70 cm k\u00f5rgune m\u00e4nguvilla m\u00f6\u00f6bli ja terrassiga. Arendab loovust ja sobib suurep\u00e4raselt kingituseks lapsele.\" \/>\n<meta property=\"og:url\" content=\"https:\/\/sulin.ee\/en\/toode\/puidust-nukumaja-hall-moobel-70cm\/\" \/>\n<meta property=\"og:site_name\" content=\"sulin.ee\" \/>\n<meta property=\"article:publisher\" content=\"https:\/\/www.facebook.com\/www.sulin.ee\/\" \/>\n<meta property=\"article:modified_time\" content=\"2025-03-26T12:55:48+00:00\" \/>\n<meta property=\"og:image\" content=\"https:\/\/sulin.ee\/wp-content\/uploads\/2025\/03\/Domek-dla-lalek-MDF-z-akcesoriami-70cm-LED-szary-877292.jpg\" \/>\n\t<meta property=\"og:image:width\" content=\"1600\" \/>\n\t<meta property=\"og:image:height\" content=\"1600\" \/>\n\t<meta property=\"og:image:type\" content=\"image\/jpeg\" \/>\n<meta name=\"twitter:card\" content=\"summary_large_image\" \/>\n<meta name=\"twitter:label1\" content=\"Est. reading time\" \/>\n\t<meta name=\"twitter:data1\" content=\"2 minutes\" \/>\n<script type=\"application\/ld+json\" class=\"yoast-schema-graph\">{\"@context\":\"https:\/\/schema.org\",\"@graph\":[{\"@type\":\"WebPage\",\"@id\":\"https:\/\/sulin.ee\/en\/toode\/puidust-nukumaja-hall-moobel-70cm\/\",\"url\":\"https:\/\/sulin.ee\/en\/toode\/puidust-nukumaja-hall-moobel-70cm\/\",\"name\":\"Puidust nukumaja hall + m\u00f6\u00f6bel 70cm - sulin.ee\",\"isPartOf\":{\"@id\":\"https:\/\/sulin.ee\/en\/#website\"},\"primaryImageOfPage\":{\"@id\":\"https:\/\/sulin.ee\/en\/toode\/puidust-nukumaja-hall-moobel-70cm\/#primaryimage\"},\"image\":{\"@id\":\"https:\/\/sulin.ee\/en\/toode\/puidust-nukumaja-hall-moobel-70cm\/#primaryimage\"},\"thumbnailUrl\":\"https:\/\/sulin.ee\/wp-content\/uploads\/2025\/03\/Domek-dla-lalek-MDF-z-akcesoriami-70cm-LED-szary-877292.jpg\",\"datePublished\":\"2025-03-25T20:19:50+00:00\",\"dateModified\":\"2025-03-26T12:55:48+00:00\",\"description\":\"Puidust nukumaja hall \u2013 70 cm k\u00f5rgune m\u00e4nguvilla m\u00f6\u00f6bli ja terrassiga. Arendab loovust ja sobib suurep\u00e4raselt kingituseks lapsele.\",\"breadcrumb\":{\"@id\":\"https:\/\/sulin.ee\/en\/toode\/puidust-nukumaja-hall-moobel-70cm\/#breadcrumb\"},\"inLanguage\":\"en-US\",\"potentialAction\":[{\"@type\":\"ReadAction\",\"target\":[\"https:\/\/sulin.ee\/en\/toode\/puidust-nukumaja-hall-moobel-70cm\/\"]}]},{\"@type\":\"ImageObject\",\"inLanguage\":\"en-US\",\"@id\":\"https:\/\/sulin.ee\/en\/toode\/puidust-nukumaja-hall-moobel-70cm\/#primaryimage\",\"url\":\"https:\/\/sulin.ee\/wp-content\/uploads\/2025\/03\/Domek-dla-lalek-MDF-z-akcesoriami-70cm-LED-szary-877292.jpg\",\"contentUrl\":\"https:\/\/sulin.ee\/wp-content\/uploads\/2025\/03\/Domek-dla-lalek-MDF-z-akcesoriami-70cm-LED-szary-877292.jpg\",\"width\":1600,\"height\":1600,\"caption\":\"Puidust nukumaja hall\"},{\"@type\":\"BreadcrumbList\",\"@id\":\"https:\/\/sulin.ee\/en\/toode\/puidust-nukumaja-hall-moobel-70cm\/#breadcrumb\",\"itemListElement\":[{\"@type\":\"ListItem\",\"position\":1,\"name\":\"Home\",\"item\":\"https:\/\/sulin.ee\/en\/\"},{\"@type\":\"ListItem\",\"position\":2,\"name\":\"Sulin.ee e-pood\",\"item\":\"https:\/\/sulin.ee\/shop\/\"},{\"@type\":\"ListItem\",\"position\":3,\"name\":\"Puidust nukumaja hall + m\u00f6\u00f6bel 70cm\"}]},{\"@type\":\"WebSite\",\"@id\":\"https:\/\/sulin.ee\/en\/#website\",\"url\":\"https:\/\/sulin.ee\/en\/\",\"name\":\"sulin.ee\",\"description\":\"\",\"publisher\":{\"@id\":\"https:\/\/sulin.ee\/en\/#organization\"},\"potentialAction\":[{\"@type\":\"SearchAction\",\"target\":{\"@type\":\"EntryPoint\",\"urlTemplate\":\"https:\/\/sulin.ee\/en\/?s={search_term_string}\"},\"query-input\":{\"@type\":\"PropertyValueSpecification\",\"valueRequired\":true,\"valueName\":\"search_term_string\"}}],\"inLanguage\":\"en-US\"},{\"@type\":\"Organization\",\"@id\":\"https:\/\/sulin.ee\/en\/#organization\",\"name\":\"SULIN TRADE O\u00dc\",\"url\":\"https:\/\/sulin.ee\/en\/\",\"logo\":{\"@type\":\"ImageObject\",\"inLanguage\":\"en-US\",\"@id\":\"https:\/\/sulin.ee\/en\/#\/schema\/logo\/image\/\",\"url\":\"https:\/\/sulin.ee\/wp-content\/uploads\/2022\/11\/sulin-logo.png\",\"contentUrl\":\"https:\/\/sulin.ee\/wp-content\/uploads\/2022\/11\/sulin-logo.png\",\"width\":871,\"height\":321,\"caption\":\"SULIN TRADE O\u00dc\"},\"image\":{\"@id\":\"https:\/\/sulin.ee\/en\/#\/schema\/logo\/image\/\"},\"sameAs\":[\"https:\/\/www.facebook.com\/www.sulin.ee\/\",\"https:\/\/www.instagram.com\/sulintrade\/\"]}]}<\/script>\n<!-- \/ Yoast SEO plugin. -->","yoast_head_json":{"title":"Puidust nukumaja hall + m\u00f6\u00f6bel 70cm - sulin.ee","description":"Puidust nukumaja hall \u2013 70 cm k\u00f5rgune m\u00e4nguvilla m\u00f6\u00f6bli ja terrassiga. Arendab loovust ja sobib suurep\u00e4raselt kingituseks lapsele.","robots":{"index":"index","follow":"follow","max-snippet":"max-snippet:-1","max-image-preview":"max-image-preview:large","max-video-preview":"max-video-preview:-1"},"canonical":"https:\/\/sulin.ee\/en\/toode\/puidust-nukumaja-hall-moobel-70cm\/","og_locale":"en_US","og_type":"article","og_title":"Puidust nukumaja hall + m\u00f6\u00f6bel 70cm - sulin.ee","og_description":"Puidust nukumaja hall \u2013 70 cm k\u00f5rgune m\u00e4nguvilla m\u00f6\u00f6bli ja terrassiga. Arendab loovust ja sobib suurep\u00e4raselt kingituseks lapsele.","og_url":"https:\/\/sulin.ee\/en\/toode\/puidust-nukumaja-hall-moobel-70cm\/","og_site_name":"sulin.ee","article_publisher":"https:\/\/www.facebook.com\/www.sulin.ee\/","article_modified_time":"2025-03-26T12:55:48+00:00","og_image":[{"width":1600,"height":1600,"url":"https:\/\/sulin.ee\/wp-content\/uploads\/2025\/03\/Domek-dla-lalek-MDF-z-akcesoriami-70cm-LED-szary-877292.jpg","type":"image\/jpeg"}],"twitter_card":"summary_large_image","twitter_misc":{"Est. reading time":"2 minutes"},"schema":{"@context":"https:\/\/schema.org","@graph":[{"@type":"WebPage","@id":"https:\/\/sulin.ee\/en\/toode\/puidust-nukumaja-hall-moobel-70cm\/","url":"https:\/\/sulin.ee\/en\/toode\/puidust-nukumaja-hall-moobel-70cm\/","name":"Puidust nukumaja hall + m\u00f6\u00f6bel 70cm - sulin.ee","isPartOf":{"@id":"https:\/\/sulin.ee\/en\/#website"},"primaryImageOfPage":{"@id":"https:\/\/sulin.ee\/en\/toode\/puidust-nukumaja-hall-moobel-70cm\/#primaryimage"},"image":{"@id":"https:\/\/sulin.ee\/en\/toode\/puidust-nukumaja-hall-moobel-70cm\/#primaryimage"},"thumbnailUrl":"https:\/\/sulin.ee\/wp-content\/uploads\/2025\/03\/Domek-dla-lalek-MDF-z-akcesoriami-70cm-LED-szary-877292.jpg","datePublished":"2025-03-25T20:19:50+00:00","dateModified":"2025-03-26T12:55:48+00:00","description":"Puidust nukumaja hall \u2013 70 cm k\u00f5rgune m\u00e4nguvilla m\u00f6\u00f6bli ja terrassiga. Arendab loovust ja sobib suurep\u00e4raselt kingituseks lapsele.","breadcrumb":{"@id":"https:\/\/sulin.ee\/en\/toode\/puidust-nukumaja-hall-moobel-70cm\/#breadcrumb"},"inLanguage":"en-US","potentialAction":[{"@type":"ReadAction","target":["https:\/\/sulin.ee\/en\/toode\/puidust-nukumaja-hall-moobel-70cm\/"]}]},{"@type":"ImageObject","inLanguage":"en-US","@id":"https:\/\/sulin.ee\/en\/toode\/puidust-nukumaja-hall-moobel-70cm\/#primaryimage","url":"https:\/\/sulin.ee\/wp-content\/uploads\/2025\/03\/Domek-dla-lalek-MDF-z-akcesoriami-70cm-LED-szary-877292.jpg","contentUrl":"https:\/\/sulin.ee\/wp-content\/uploads\/2025\/03\/Domek-dla-lalek-MDF-z-akcesoriami-70cm-LED-szary-877292.jpg","width":1600,"height":1600,"caption":"Puidust nukumaja hall"},{"@type":"BreadcrumbList","@id":"https:\/\/sulin.ee\/en\/toode\/puidust-nukumaja-hall-moobel-70cm\/#breadcrumb","itemListElement":[{"@type":"ListItem","position":1,"name":"Home","item":"https:\/\/sulin.ee\/en\/"},{"@type":"ListItem","position":2,"name":"Sulin.ee e-pood","item":"https:\/\/sulin.ee\/shop\/"},{"@type":"ListItem","position":3,"name":"Puidust nukumaja hall + m\u00f6\u00f6bel 70cm"}]},{"@type":"WebSite","@id":"https:\/\/sulin.ee\/en\/#website","url":"https:\/\/sulin.ee\/en\/","name":"sulin.ee","description":"","publisher":{"@id":"https:\/\/sulin.ee\/en\/#organization"},"potentialAction":[{"@type":"SearchAction","target":{"@type":"EntryPoint","urlTemplate":"https:\/\/sulin.ee\/en\/?s={search_term_string}"},"query-input":{"@type":"PropertyValueSpecification","valueRequired":true,"valueName":"search_term_string"}}],"inLanguage":"en-US"},{"@type":"Organization","@id":"https:\/\/sulin.ee\/en\/#organization","name":"SULIN TRADE O\u00dc","url":"https:\/\/sulin.ee\/en\/","logo":{"@type":"ImageObject","inLanguage":"en-US","@id":"https:\/\/sulin.ee\/en\/#\/schema\/logo\/image\/","url":"https:\/\/sulin.ee\/wp-content\/uploads\/2022\/11\/sulin-logo.png","contentUrl":"https:\/\/sulin.ee\/wp-content\/uploads\/2022\/11\/sulin-logo.png","width":871,"height":321,"caption":"SULIN TRADE O\u00dc"},"image":{"@id":"https:\/\/sulin.ee\/en\/#\/schema\/logo\/image\/"},"sameAs":["https:\/\/www.facebook.com\/www.sulin.ee\/","https:\/\/www.instagram.com\/sulintrade\/"]}]}},"builder_content":"","_links":{"self":[{"href":"https:\/\/sulin.ee\/en\/wp-json\/wp\/v2\/product\/40945","targetHints":{"allow":["GET"]}}],"collection":[{"href":"https:\/\/sulin.ee\/en\/wp-json\/wp\/v2\/product"}],"about":[{"href":"https:\/\/sulin.ee\/en\/wp-json\/wp\/v2\/types\/product"}],"replies":[{"embeddable":true,"href":"https:\/\/sulin.ee\/en\/wp-json\/wp\/v2\/comments?post=40945"}],"wp:featuredmedia":[{"embeddable":true,"href":"https:\/\/sulin.ee\/en\/wp-json\/wp\/v2\/media\/40943"}],"wp:attachment":[{"href":"https:\/\/sulin.ee\/en\/wp-json\/wp\/v2\/media?parent=40945"}],"wp:term":[{"taxonomy":"product_brand","embeddable":true,"href":"https:\/\/sulin.ee\/en\/wp-json\/wp\/v2\/product_brand?post=40945"},{"taxonomy":"product_cat","embeddable":true,"href":"https:\/\/sulin.ee\/en\/wp-json\/wp\/v2\/product_cat?post=40945"},{"taxonomy":"product_tag","embeddable":true,"href":"https:\/\/sulin.ee\/en\/wp-json\/wp\/v2\/product_tag?post=40945"}],"curies":[{"name":"wp","href":"https:\/\/api.w.org\/{rel}","templated":true}]}}