{"id":40908,"date":"2025-03-17T20:19:34","date_gmt":"2025-03-17T20:19:34","guid":{"rendered":"https:\/\/sulin.ee\/toode\/laste-retro-mdf-puidust-kook-boho-aksessuaaridega\/"},"modified":"2025-03-26T11:45:04","modified_gmt":"2025-03-26T11:45:04","slug":"laste-puidust-mangukook-tarvikutega-boho-100cm","status":"publish","type":"product","link":"https:\/\/sulin.ee\/en\/toode\/laste-puidust-mangukook-tarvikutega-boho-100cm\/","title":{"rendered":"Laste puidust m\u00e4nguk\u00f6\u00f6k tarvikutega BOHO 100cm"},"content":{"rendered":"<p><strong data-start=\"0\" data-end=\"44\">Laste Puidust M\u00e4nguk\u00f6\u00f6k Tarvikutega BOHO<\/strong><\/p>\n<div class=\"flex max-w-full flex-col flex-grow\">\n<div class=\"min-h-8 text-message relative flex w-full flex-col items-end gap-2 whitespace-normal break-words text-start [.text-message+&amp;]:mt-5\" dir=\"auto\" data-message-author-role=\"assistant\" data-message-id=\"e4a6b919-ca76-4772-a4e9-0951a25dea78\" data-message-model-slug=\"gpt-4\">\n<div class=\"flex w-full flex-col gap-1 empty:hidden first:pt-[3px]\">\n<div class=\"markdown prose w-full break-words dark:prose-invert light\">\n<p data-start=\"46\" data-end=\"329\">Laste puidust m\u00e4nguk\u00f6\u00f6k BOHO koos tarvikutega pakub noortele kokkadele t\u00f5eliselt realistlikku ja kaasahaaravat kokanduskogemust. Inspiratsiooni ammutanud retrostiilist ja Boho esteetikast, on see k\u00f6\u00f6k kujundatud pakkuma l\u00f5bu ning \u00f5ppev\u00f5imalusi, mis arendavad laste oskusi ja loovust.<\/p>\n<p data-start=\"46\" data-end=\"329\"><strong>TARNE:<\/strong> 5-10 t\u00f6\u00f6p\u00e4eva<\/p>\n<p data-start=\"331\" data-end=\"350\"><strong data-start=\"331\" data-end=\"350\">K\u00f6\u00f6gi Omadused:<\/strong><\/p>\n<p data-start=\"352\" data-end=\"537\">\u2705 <strong data-start=\"354\" data-end=\"381\">Rikkalikult Varustatud:<\/strong> K\u00f6\u00f6k sisaldab valgus- ja heliefektidega p\u00f5letit, s\u00fcgavat valamut, rotangist restiga ahju ja palju lisatarvikuid, sealhulgas spaatlit, kulpi ja s\u00f5elalusikat.<\/p>\n<p data-start=\"539\" data-end=\"674\">\u2705 <strong data-start=\"541\" data-end=\"561\">Arendab Osavust:<\/strong> V\u00e4ikeste k\u00e4tega k\u00e4sitletavad nupud ja liikuvad uksed aitavad arendada laste peenmotoorikat ning koordinatsiooni.<\/p>\n<p data-start=\"676\" data-end=\"840\">\u2705 <strong data-start=\"678\" data-end=\"699\">\u00d5petlik ja L\u00f5bus:<\/strong> Lapsed saavad \u00f5ppida k\u00f6\u00f6gi ohutust, ruumi korrastamist ja toiduvalmistamise algt\u00f5desid m\u00e4nguliselt, kuidas kasutada erinevaid k\u00f6\u00f6giseadmeid.<\/p>\n<p data-start=\"842\" data-end=\"1013\">\u2705 <strong data-start=\"844\" data-end=\"863\">Stiilne Disain:<\/strong> Kahepoolne sein, \u00fchelt poolt sile ja teiselt poolt dekoratiivse tapeediga, v\u00f5imaldab kohandada k\u00f6\u00f6gi v\u00e4limust vastavalt eelistustele ja interj\u00f6\u00f6rile.<\/p>\n<p data-start=\"1015\" data-end=\"1177\">\u2705 <strong data-start=\"1017\" data-end=\"1045\">Keskkonnas\u00f5bralik Valik:<\/strong> Valmistatud peamiselt looduslikest materjalidest nagu MDF ja puit, vastupidavad ja ohutud, r\u00f5hutades hoolivust meie planeedi vastu.<\/p>\n<p data-start=\"1179\" data-end=\"1319\">\u2705 <strong data-start=\"1181\" data-end=\"1193\">M\u00f5\u00f5tmed:<\/strong> K\u00f6\u00f6k m\u00f5\u00f5dab 68 x 29 x 100 cm, ideaalne suurus v\u00e4ikestele kokkadele, tagades, et k\u00f5ik elemendid on kergesti ligip\u00e4\u00e4setavad.<\/p>\n<p data-start=\"1321\" data-end=\"1341\"><strong data-start=\"1321\" data-end=\"1341\">Pakett Sisaldab:<\/strong><\/p>\n<ul data-start=\"1343\" data-end=\"1497\">\n<li data-start=\"1343\" data-end=\"1367\">\u2705K\u00f6\u00f6k ise kokkupanekuks<\/li>\n<li data-start=\"1368\" data-end=\"1392\">\u2705Kaanega pott, praepann<\/li>\n<li data-start=\"1393\" data-end=\"1420\">\u2705Soolatihusti, pipraterari<\/li>\n<li data-start=\"1421\" data-end=\"1445\">\u2705Lusikas, s\u00f5el, spaatel<\/li>\n<li data-start=\"1446\" data-end=\"1497\">\u2705N\u00f5utavad AAA patareid ei kuulu komplekti (2x3AAA)<\/li>\n<\/ul>\n<p><strong>Vanus:<\/strong> 3+ aastat.<\/p>\n<p data-start=\"1499\" data-end=\"1519\"><strong data-start=\"1499\" data-end=\"1519\">Pakendi M\u00f5\u00f5tmed: <\/strong>79 x 55 x 15 cm, turvaliselt pakitud tugevasse pappkarpi.<\/p>\n<p data-start=\"1593\" data-end=\"2062\" data-is-last-node=\"\" data-is-only-node=\"\">See kaunilt kujundatud m\u00e4nguk\u00f6\u00f6k ei ole mitte ainult suurep\u00e4rane m\u00e4nguasi, mis pakub tunde meelelahutust ja harivat m\u00e4nguaega, vaid ka stiilne lisand igasse m\u00e4ngu- v\u00f5i lastetuppa. Ideaalne kingitus igale lapsele, kes armastab k\u00f6\u00f6gis toimetada ja unistab omaenda k\u00f6\u00f6gist, kus valmistada maitsvaid roogasid nukkudele ja kaisukarudele. Julgusta oma pisikest avastama kulinaaria maailma selle puidust m\u00e4nguk\u00f6\u00f6gi abil ning aita s\u00fctitada temas elukestev kirg kokanduse vastu.<\/p>\n<p data-start=\"1593\" data-end=\"2062\" data-is-last-node=\"\" data-is-only-node=\"\">Lisaks m\u00e4nguk\u00f6\u00f6gile leiate meie valikust ka teisi k\u00f6\u00f6gitarvikuid, mis rikastavad m\u00e4nguelamust ja pakuvad l\u00f5putult \u00f5ppimisv\u00f5imalusi. <strong><a href=\"https:\/\/sulin.ee\/tootekategooria\/mangimine\/rollimangud\/koogimanguasjad\/\">Leiad siit!<\/a><\/strong><\/p>\n<\/div>\n<\/div>\n<\/div>\n<\/div>\n","protected":false},"excerpt":{"rendered":"<p><strong>Laste Puidust M\u00e4nguk\u00f6\u00f6k BOHO koos Tarvikutega<\/strong> \u00fchendab l\u00f5busa m\u00e4ngu ja hariva kogemusega, v\u00f5imaldades lastel turvaliselt ja loovalt k\u00f6\u00f6git\u00f6id j\u00e4ljendada. K\u00f6\u00f6k sisaldab valgus- ja heliefektidega p\u00f5letit, rotangist restiga ahju ning mitmeid tarvikuid, mis soodustavad peenmotoorika ja koordinatsiooni arengut.<\/p>\n<p><strong>K\u00f6\u00f6gi m\u00f5\u00f5tmed:<\/strong> 68 x 29 x 100 cm.<\/p>\n<p><strong>Vanus:<\/strong> 3+ aastat.<\/p>\n<p><strong>TARNE:<\/strong> 5-10 t\u00f6\u00f6p\u00e4eva<\/p>\n<p><span style=\"color: #339966;\"><img loading=\"lazy\" decoding=\"async\" class=\"alignnone wp-image-22011\" src=\"https:\/\/sulin.ee\/wp-content\/uploads\/2024\/08\/images-300x134.png\" alt=\"\" width=\"77\" height=\"34\" \/><span style=\"color: #ff9900;\"><strong> Toote eest on v\u00f5imalik tasuda ka j\u00e4relmaksuga. T\u00e4pse info j\u00e4relmaksu v\u00f5imaluste kohta leiad ostukorvist, kui oled toote lisanud ja asud maksma. Leping s\u00f5lmitakse makseprotsessi k\u00e4igus.<\/strong><\/span><\/span><\/p>\n","protected":false},"featured_media":42697,"comment_status":"open","ping_status":"closed","template":"","meta":[],"product_brand":[],"product_cat":[110,1162,1165,1166,176,1011,1449],"product_tag":[],"class_list":{"0":"post-40908","1":"product","2":"type-product","3":"status-publish","4":"has-post-thumbnail","6":"product_cat-mangimine","7":"product_cat-kingituseks","8":"product_cat-3-5-aastat","9":"product_cat-6-8-aastat","10":"product_cat-rollimangud","11":"product_cat-koogimanguasjad","12":"product_cat-mangukoogid-lastele","13":"product_shipping_class-kuller-9-95","14":"has-post-title","15":"has-post-date","16":"has-post-category","17":"has-post-tag","18":"has-post-comment","19":"has-post-author","20":"","22":"first","23":"instock","24":"sale","25":"taxable","26":"shipping-taxable","27":"purchasable","28":"product-type-simple"},"yoast_head":"<!-- This site is optimized with the Yoast SEO plugin v26.8 - https:\/\/yoast.com\/product\/yoast-seo-wordpress\/ -->\n<title>Laste puidust m\u00e4nguk\u00f6\u00f6k tarvikutega BOHO 100cm - sulin.ee<\/title>\n<meta name=\"description\" content=\"Laste puidust m\u00e4nguk\u00f6\u00f6k \u2013 t\u00e4iuslik kombinatsioon stiilist, l\u00f5bust ja \u00f5ppimisest. Varustatud interaktiivsete seadmetega ja kaunite tarvikutega.\" \/>\n<meta name=\"robots\" content=\"index, follow, max-snippet:-1, max-image-preview:large, max-video-preview:-1\" \/>\n<link rel=\"canonical\" href=\"https:\/\/sulin.ee\/en\/toode\/laste-puidust-mangukook-tarvikutega-boho-100cm\/\" \/>\n<meta property=\"og:locale\" content=\"en_US\" \/>\n<meta property=\"og:type\" content=\"article\" \/>\n<meta property=\"og:title\" content=\"Laste puidust m\u00e4nguk\u00f6\u00f6k tarvikutega BOHO 100cm - sulin.ee\" \/>\n<meta property=\"og:description\" content=\"Laste puidust m\u00e4nguk\u00f6\u00f6k \u2013 t\u00e4iuslik kombinatsioon stiilist, l\u00f5bust ja \u00f5ppimisest. Varustatud interaktiivsete seadmetega ja kaunite tarvikutega.\" \/>\n<meta property=\"og:url\" content=\"https:\/\/sulin.ee\/en\/toode\/laste-puidust-mangukook-tarvikutega-boho-100cm\/\" \/>\n<meta property=\"og:site_name\" content=\"sulin.ee\" \/>\n<meta property=\"article:publisher\" content=\"https:\/\/www.facebook.com\/www.sulin.ee\/\" \/>\n<meta property=\"article:modified_time\" content=\"2025-03-26T11:45:04+00:00\" \/>\n<meta property=\"og:image\" content=\"https:\/\/sulin.ee\/wp-content\/uploads\/2025\/03\/Piltide-korrektuurid-kodulehel-2025-03-18T084822.729.png\" \/>\n\t<meta property=\"og:image:width\" content=\"1080\" \/>\n\t<meta property=\"og:image:height\" content=\"1080\" \/>\n\t<meta property=\"og:image:type\" content=\"image\/png\" \/>\n<meta name=\"twitter:card\" content=\"summary_large_image\" \/>\n<meta name=\"twitter:label1\" content=\"Est. reading time\" \/>\n\t<meta name=\"twitter:data1\" content=\"2 minutes\" \/>\n<script type=\"application\/ld+json\" class=\"yoast-schema-graph\">{\"@context\":\"https:\/\/schema.org\",\"@graph\":[{\"@type\":\"WebPage\",\"@id\":\"https:\/\/sulin.ee\/en\/toode\/laste-puidust-mangukook-tarvikutega-boho-100cm\/\",\"url\":\"https:\/\/sulin.ee\/en\/toode\/laste-puidust-mangukook-tarvikutega-boho-100cm\/\",\"name\":\"Laste puidust m\u00e4nguk\u00f6\u00f6k tarvikutega BOHO 100cm - sulin.ee\",\"isPartOf\":{\"@id\":\"https:\/\/sulin.ee\/en\/#website\"},\"primaryImageOfPage\":{\"@id\":\"https:\/\/sulin.ee\/en\/toode\/laste-puidust-mangukook-tarvikutega-boho-100cm\/#primaryimage\"},\"image\":{\"@id\":\"https:\/\/sulin.ee\/en\/toode\/laste-puidust-mangukook-tarvikutega-boho-100cm\/#primaryimage\"},\"thumbnailUrl\":\"https:\/\/sulin.ee\/wp-content\/uploads\/2025\/03\/Piltide-korrektuurid-kodulehel-2025-03-18T084822.729.png\",\"datePublished\":\"2025-03-17T20:19:34+00:00\",\"dateModified\":\"2025-03-26T11:45:04+00:00\",\"description\":\"Laste puidust m\u00e4nguk\u00f6\u00f6k \u2013 t\u00e4iuslik kombinatsioon stiilist, l\u00f5bust ja \u00f5ppimisest. Varustatud interaktiivsete seadmetega ja kaunite tarvikutega.\",\"breadcrumb\":{\"@id\":\"https:\/\/sulin.ee\/en\/toode\/laste-puidust-mangukook-tarvikutega-boho-100cm\/#breadcrumb\"},\"inLanguage\":\"en-US\",\"potentialAction\":[{\"@type\":\"ReadAction\",\"target\":[\"https:\/\/sulin.ee\/en\/toode\/laste-puidust-mangukook-tarvikutega-boho-100cm\/\"]}]},{\"@type\":\"ImageObject\",\"inLanguage\":\"en-US\",\"@id\":\"https:\/\/sulin.ee\/en\/toode\/laste-puidust-mangukook-tarvikutega-boho-100cm\/#primaryimage\",\"url\":\"https:\/\/sulin.ee\/wp-content\/uploads\/2025\/03\/Piltide-korrektuurid-kodulehel-2025-03-18T084822.729.png\",\"contentUrl\":\"https:\/\/sulin.ee\/wp-content\/uploads\/2025\/03\/Piltide-korrektuurid-kodulehel-2025-03-18T084822.729.png\",\"width\":1080,\"height\":1080,\"caption\":\"Laste puidust m\u00e4nguk\u00f6\u00f6k\"},{\"@type\":\"BreadcrumbList\",\"@id\":\"https:\/\/sulin.ee\/en\/toode\/laste-puidust-mangukook-tarvikutega-boho-100cm\/#breadcrumb\",\"itemListElement\":[{\"@type\":\"ListItem\",\"position\":1,\"name\":\"Home\",\"item\":\"https:\/\/sulin.ee\/en\/\"},{\"@type\":\"ListItem\",\"position\":2,\"name\":\"Sulin.ee e-pood\",\"item\":\"https:\/\/sulin.ee\/shop\/\"},{\"@type\":\"ListItem\",\"position\":3,\"name\":\"Laste puidust m\u00e4nguk\u00f6\u00f6k tarvikutega BOHO 100cm\"}]},{\"@type\":\"WebSite\",\"@id\":\"https:\/\/sulin.ee\/en\/#website\",\"url\":\"https:\/\/sulin.ee\/en\/\",\"name\":\"sulin.ee\",\"description\":\"\",\"publisher\":{\"@id\":\"https:\/\/sulin.ee\/en\/#organization\"},\"potentialAction\":[{\"@type\":\"SearchAction\",\"target\":{\"@type\":\"EntryPoint\",\"urlTemplate\":\"https:\/\/sulin.ee\/en\/?s={search_term_string}\"},\"query-input\":{\"@type\":\"PropertyValueSpecification\",\"valueRequired\":true,\"valueName\":\"search_term_string\"}}],\"inLanguage\":\"en-US\"},{\"@type\":\"Organization\",\"@id\":\"https:\/\/sulin.ee\/en\/#organization\",\"name\":\"SULIN TRADE O\u00dc\",\"url\":\"https:\/\/sulin.ee\/en\/\",\"logo\":{\"@type\":\"ImageObject\",\"inLanguage\":\"en-US\",\"@id\":\"https:\/\/sulin.ee\/en\/#\/schema\/logo\/image\/\",\"url\":\"https:\/\/sulin.ee\/wp-content\/uploads\/2022\/11\/sulin-logo.png\",\"contentUrl\":\"https:\/\/sulin.ee\/wp-content\/uploads\/2022\/11\/sulin-logo.png\",\"width\":871,\"height\":321,\"caption\":\"SULIN TRADE O\u00dc\"},\"image\":{\"@id\":\"https:\/\/sulin.ee\/en\/#\/schema\/logo\/image\/\"},\"sameAs\":[\"https:\/\/www.facebook.com\/www.sulin.ee\/\",\"https:\/\/www.instagram.com\/sulintrade\/\"]}]}<\/script>\n<!-- \/ Yoast SEO plugin. -->","yoast_head_json":{"title":"Laste puidust m\u00e4nguk\u00f6\u00f6k tarvikutega BOHO 100cm - sulin.ee","description":"Laste puidust m\u00e4nguk\u00f6\u00f6k \u2013 t\u00e4iuslik kombinatsioon stiilist, l\u00f5bust ja \u00f5ppimisest. Varustatud interaktiivsete seadmetega ja kaunite tarvikutega.","robots":{"index":"index","follow":"follow","max-snippet":"max-snippet:-1","max-image-preview":"max-image-preview:large","max-video-preview":"max-video-preview:-1"},"canonical":"https:\/\/sulin.ee\/en\/toode\/laste-puidust-mangukook-tarvikutega-boho-100cm\/","og_locale":"en_US","og_type":"article","og_title":"Laste puidust m\u00e4nguk\u00f6\u00f6k tarvikutega BOHO 100cm - sulin.ee","og_description":"Laste puidust m\u00e4nguk\u00f6\u00f6k \u2013 t\u00e4iuslik kombinatsioon stiilist, l\u00f5bust ja \u00f5ppimisest. Varustatud interaktiivsete seadmetega ja kaunite tarvikutega.","og_url":"https:\/\/sulin.ee\/en\/toode\/laste-puidust-mangukook-tarvikutega-boho-100cm\/","og_site_name":"sulin.ee","article_publisher":"https:\/\/www.facebook.com\/www.sulin.ee\/","article_modified_time":"2025-03-26T11:45:04+00:00","og_image":[{"width":1080,"height":1080,"url":"https:\/\/sulin.ee\/wp-content\/uploads\/2025\/03\/Piltide-korrektuurid-kodulehel-2025-03-18T084822.729.png","type":"image\/png"}],"twitter_card":"summary_large_image","twitter_misc":{"Est. reading time":"2 minutes"},"schema":{"@context":"https:\/\/schema.org","@graph":[{"@type":"WebPage","@id":"https:\/\/sulin.ee\/en\/toode\/laste-puidust-mangukook-tarvikutega-boho-100cm\/","url":"https:\/\/sulin.ee\/en\/toode\/laste-puidust-mangukook-tarvikutega-boho-100cm\/","name":"Laste puidust m\u00e4nguk\u00f6\u00f6k tarvikutega BOHO 100cm - sulin.ee","isPartOf":{"@id":"https:\/\/sulin.ee\/en\/#website"},"primaryImageOfPage":{"@id":"https:\/\/sulin.ee\/en\/toode\/laste-puidust-mangukook-tarvikutega-boho-100cm\/#primaryimage"},"image":{"@id":"https:\/\/sulin.ee\/en\/toode\/laste-puidust-mangukook-tarvikutega-boho-100cm\/#primaryimage"},"thumbnailUrl":"https:\/\/sulin.ee\/wp-content\/uploads\/2025\/03\/Piltide-korrektuurid-kodulehel-2025-03-18T084822.729.png","datePublished":"2025-03-17T20:19:34+00:00","dateModified":"2025-03-26T11:45:04+00:00","description":"Laste puidust m\u00e4nguk\u00f6\u00f6k \u2013 t\u00e4iuslik kombinatsioon stiilist, l\u00f5bust ja \u00f5ppimisest. Varustatud interaktiivsete seadmetega ja kaunite tarvikutega.","breadcrumb":{"@id":"https:\/\/sulin.ee\/en\/toode\/laste-puidust-mangukook-tarvikutega-boho-100cm\/#breadcrumb"},"inLanguage":"en-US","potentialAction":[{"@type":"ReadAction","target":["https:\/\/sulin.ee\/en\/toode\/laste-puidust-mangukook-tarvikutega-boho-100cm\/"]}]},{"@type":"ImageObject","inLanguage":"en-US","@id":"https:\/\/sulin.ee\/en\/toode\/laste-puidust-mangukook-tarvikutega-boho-100cm\/#primaryimage","url":"https:\/\/sulin.ee\/wp-content\/uploads\/2025\/03\/Piltide-korrektuurid-kodulehel-2025-03-18T084822.729.png","contentUrl":"https:\/\/sulin.ee\/wp-content\/uploads\/2025\/03\/Piltide-korrektuurid-kodulehel-2025-03-18T084822.729.png","width":1080,"height":1080,"caption":"Laste puidust m\u00e4nguk\u00f6\u00f6k"},{"@type":"BreadcrumbList","@id":"https:\/\/sulin.ee\/en\/toode\/laste-puidust-mangukook-tarvikutega-boho-100cm\/#breadcrumb","itemListElement":[{"@type":"ListItem","position":1,"name":"Home","item":"https:\/\/sulin.ee\/en\/"},{"@type":"ListItem","position":2,"name":"Sulin.ee e-pood","item":"https:\/\/sulin.ee\/shop\/"},{"@type":"ListItem","position":3,"name":"Laste puidust m\u00e4nguk\u00f6\u00f6k tarvikutega BOHO 100cm"}]},{"@type":"WebSite","@id":"https:\/\/sulin.ee\/en\/#website","url":"https:\/\/sulin.ee\/en\/","name":"sulin.ee","description":"","publisher":{"@id":"https:\/\/sulin.ee\/en\/#organization"},"potentialAction":[{"@type":"SearchAction","target":{"@type":"EntryPoint","urlTemplate":"https:\/\/sulin.ee\/en\/?s={search_term_string}"},"query-input":{"@type":"PropertyValueSpecification","valueRequired":true,"valueName":"search_term_string"}}],"inLanguage":"en-US"},{"@type":"Organization","@id":"https:\/\/sulin.ee\/en\/#organization","name":"SULIN TRADE O\u00dc","url":"https:\/\/sulin.ee\/en\/","logo":{"@type":"ImageObject","inLanguage":"en-US","@id":"https:\/\/sulin.ee\/en\/#\/schema\/logo\/image\/","url":"https:\/\/sulin.ee\/wp-content\/uploads\/2022\/11\/sulin-logo.png","contentUrl":"https:\/\/sulin.ee\/wp-content\/uploads\/2022\/11\/sulin-logo.png","width":871,"height":321,"caption":"SULIN TRADE O\u00dc"},"image":{"@id":"https:\/\/sulin.ee\/en\/#\/schema\/logo\/image\/"},"sameAs":["https:\/\/www.facebook.com\/www.sulin.ee\/","https:\/\/www.instagram.com\/sulintrade\/"]}]}},"builder_content":"","_links":{"self":[{"href":"https:\/\/sulin.ee\/en\/wp-json\/wp\/v2\/product\/40908","targetHints":{"allow":["GET"]}}],"collection":[{"href":"https:\/\/sulin.ee\/en\/wp-json\/wp\/v2\/product"}],"about":[{"href":"https:\/\/sulin.ee\/en\/wp-json\/wp\/v2\/types\/product"}],"replies":[{"embeddable":true,"href":"https:\/\/sulin.ee\/en\/wp-json\/wp\/v2\/comments?post=40908"}],"wp:featuredmedia":[{"embeddable":true,"href":"https:\/\/sulin.ee\/en\/wp-json\/wp\/v2\/media\/42697"}],"wp:attachment":[{"href":"https:\/\/sulin.ee\/en\/wp-json\/wp\/v2\/media?parent=40908"}],"wp:term":[{"taxonomy":"product_brand","embeddable":true,"href":"https:\/\/sulin.ee\/en\/wp-json\/wp\/v2\/product_brand?post=40908"},{"taxonomy":"product_cat","embeddable":true,"href":"https:\/\/sulin.ee\/en\/wp-json\/wp\/v2\/product_cat?post=40908"},{"taxonomy":"product_tag","embeddable":true,"href":"https:\/\/sulin.ee\/en\/wp-json\/wp\/v2\/product_tag?post=40908"}],"curies":[{"name":"wp","href":"https:\/\/api.w.org\/{rel}","templated":true}]}}