{"id":40879,"date":"2025-03-17T20:19:16","date_gmt":"2025-03-17T20:19:16","guid":{"rendered":"https:\/\/sulin.ee\/toode\/laste-puidust-kook-mdf-koos-tarvikutega-loft-xxl-96cm\/"},"modified":"2025-03-18T14:02:01","modified_gmt":"2025-03-18T14:02:01","slug":"laste-puidust-mangukook-koogiviljad-96cm","status":"publish","type":"product","link":"https:\/\/sulin.ee\/en\/toode\/laste-puidust-mangukook-koogiviljad-96cm\/","title":{"rendered":"Laste puidust m\u00e4nguk\u00f6\u00f6k + k\u00f6\u00f6giviljad, 96cm"},"content":{"rendered":"<h3><strong data-start=\"0\" data-end=\"41\">Laste Puidust M\u00e4nguk\u00f6\u00f6k + K\u00f6\u00f6giviljad<\/strong><\/h3>\n<div class=\"flex max-w-full flex-col flex-grow\">\n<div class=\"min-h-8 text-message relative flex w-full flex-col items-end gap-2 whitespace-normal break-words text-start [.text-message+&amp;]:mt-5\" dir=\"auto\" data-message-author-role=\"assistant\" data-message-id=\"2577b5de-c075-4d1f-ae7a-555df68c5a82\" data-message-model-slug=\"gpt-4\">\n<div class=\"flex w-full flex-col gap-1 empty:hidden first:pt-[3px]\">\n<div class=\"markdown prose w-full break-words dark:prose-invert light\">\n<p data-start=\"43\" data-end=\"369\">\u00c4ratage oma lapse kirg toiduvalmistamise vastu LULILO Puidust M\u00e4nguk\u00f6\u00f6giga, mis on varustatud k\u00f6\u00f6giviljadega ja loodud inspireerima noori kokkasid. See kaasaegne ja stiilne k\u00f6\u00f6k on ideaalne keskkond, kus v\u00e4ikesed kokad saavad valmistada maitsvaid toite ja serveerida neid oma lemmikm\u00e4nguasjadele, perekonnale ja s\u00f5pradele.<\/p>\n<p><strong>TARNE:<\/strong> 5-12 t\u00f6\u00f6p\u00e4eva<\/p>\n<h4 data-start=\"371\" data-end=\"399\"><strong data-start=\"371\" data-end=\"399\">K\u00f6\u00f6gi Peamised Omadused:<\/strong><\/h4>\n<p data-start=\"401\" data-end=\"553\">\u2705 <strong data-start=\"403\" data-end=\"436\">Mitmek\u00fclgne ja Interaktiivne:<\/strong> K\u00f6\u00f6k sisaldab ahju, kappi, j\u00e4\u00e4kuubikute valmistajaga k\u00fclmkappi ja muud, pakkudes lastele realistlikku m\u00e4ngukogemust. <strong>K\u00fclmkapp on varustatud j\u00e4\u00e4kuubikumasinaga, mis simuleerib ehtsa k\u00fclmiku helisid. t\u00f6\u00f6tab kahe AA patareiga, mis ei sisaldu komplektis.<\/strong><\/p>\n<p data-start=\"555\" data-end=\"720\">\u2705 <strong data-start=\"557\" data-end=\"572\">Hariv M\u00e4ng:<\/strong> Kaasas olevad l\u00f5igatavad k\u00f6\u00f6giviljad nagu porgandid ja redised lisavad m\u00e4ngule vaheldust ning \u00f5petavad lapsi tundma ja armastama tervislikku toitu.<\/p>\n<p data-start=\"722\" data-end=\"864\">\u2705 <strong data-start=\"724\" data-end=\"751\">Turvalisus on Esikohal:<\/strong> K\u00f5ik puidust osad on hoolikalt lihvitud ja kaetud mittetoksilise v\u00e4rviga, et tagada lapse ohutus m\u00e4ngimise ajal.<\/p>\n<p data-start=\"866\" data-end=\"1049\">\u2705 <strong data-start=\"868\" data-end=\"901\">Loominguline ja Dekoratiivne:<\/strong> Stiilne disain ja summutatud v\u00e4rvid integreeruvad sujuvalt igasse interj\u00f6\u00f6ri, muutes k\u00f6\u00f6gi atraktiivseks nii m\u00e4ngimiseks kui ka toa kaunistamiseks.<\/p>\n<p data-start=\"1051\" data-end=\"1259\">\u2705 <strong data-start=\"1053\" data-end=\"1085\">Arendab Sotsiaalseid Oskusi:<\/strong> K\u00f6\u00f6gis m\u00e4ngimine mitte ainult ei l\u00f5busta, vaid aitab kaasa ka sotsiaalsete oskuste ja vastutustundliku k\u00e4itumise arendamisele, kui lapsed j\u00e4ljendavad t\u00e4iskasvanute tegevusi.<\/p>\n<h4 data-start=\"1261\" data-end=\"1282\"><strong data-start=\"1261\" data-end=\"1282\">Komplekti Kuulub:<\/strong><\/h4>\n<ul data-start=\"1284\" data-end=\"1495\">\n<li data-start=\"1284\" data-end=\"1308\">\u2705 K\u00f6\u00f6k ise kokkupanekuks<\/li>\n<li data-start=\"1309\" data-end=\"1345\">\u2705 Metallist praepann ja kaanega pott<\/li>\n<li data-start=\"1346\" data-end=\"1392\">\u2705 Puidust k\u00f6\u00f6gitarvikud nagu nuga ja l\u00f5ikelaud<\/li>\n<li data-start=\"1393\" data-end=\"1452\">\u2705 L\u00f5igatavad Velcro-k\u00f6\u00f6giviljad: 3 x porgandid ja 3 x redised<\/li>\n<li data-start=\"1453\" data-end=\"1495\">\u2705 2x hoiukastid<\/li>\n<li data-start=\"1453\" data-end=\"1495\">\u2705 Kriiditahvel<\/li>\n<li data-start=\"1453\" data-end=\"1495\">\u2705 J\u00e4\u00e4kuubikute valmistaja t\u00f6\u00f6tab kahe AA patareiga, mis ei sisaldu komplektis.<\/li>\n<\/ul>\n<p data-start=\"1497\" data-end=\"1519\"><strong data-start=\"1497\" data-end=\"1519\">Tehnilised Andmed:<\/strong><\/p>\n<ul data-start=\"1521\" data-end=\"1647\">\n<li data-start=\"1521\" data-end=\"1565\"><strong data-start=\"1523\" data-end=\"1538\">\u2705 Materjalid:<\/strong> Puit, MDF, metall, plastik<\/li>\n<li data-start=\"1566\" data-end=\"1605\"><strong data-start=\"1568\" data-end=\"1586\">\u2705 K\u00f6\u00f6gi M\u00f5\u00f5tmed:<\/strong> 74 x 31 x 96 cm<\/li>\n<li data-start=\"1606\" data-end=\"1647\"><strong data-start=\"1608\" data-end=\"1628\">\u2705 Pakendi M\u00f5\u00f5tmed:<\/strong> 82 x 42 x 19 cm<\/li>\n<\/ul>\n<p><strong>Vanus:<\/strong> 3+ aastat.<\/p>\n<p data-start=\"1649\" data-end=\"1952\" data-is-last-node=\"\" data-is-only-node=\"\">See m\u00e4nguk\u00f6\u00f6k on suurep\u00e4rane vahend, mis stimuleerib laste kujutlusv\u00f5imet, julgustab loogilist m\u00f5tlemist ja arendab k\u00e4elisi oskusi, muutes iga toiduvalmistamise sessiooni harivaks seikluseks. Osta n\u00fc\u00fcd ja v\u00f5imalda oma lapsele rikkalikult varustatud k\u00f6\u00f6giga tundidepikkust l\u00f5busat ja \u00f5petlikku m\u00e4nguaega.<\/p>\n<p data-start=\"1649\" data-end=\"1952\" data-is-last-node=\"\" data-is-only-node=\"\">Lisaks m\u00e4nguk\u00f6\u00f6gile leiate meie valikust ka teisi k\u00f6\u00f6gitarvikuid, mis rikastavad m\u00e4nguelamust ja pakuvad l\u00f5putult \u00f5ppimisv\u00f5imalusi. <strong><a href=\"https:\/\/sulin.ee\/tootekategooria\/mangimine\/rollimangud\/koogimanguasjad\/\">Leiad siit!<\/a><\/strong><\/p>\n<\/div>\n<\/div>\n<\/div>\n<\/div>\n","protected":false},"excerpt":{"rendered":"<p><strong>Avasta Laste Puidust M\u00e4nguk\u00f6\u00f6k + K\u00f6\u00f6giviljad<\/strong>, mis pakub p\u00f5nevat ja harivat m\u00e4nguelamust igale noorele kokale. Komplektis on kaasas realistlikud k\u00f6\u00f6giseadmed ja l\u00f5igatavad k\u00f6\u00f6giviljad, mis aitavad arendada laste toiduvalmistamise oskusi ja armastust tervisliku toidu vastu.<\/p>\n<p><strong>K\u00f6\u00f6gi m\u00f5\u00f5tmed:<\/strong> 74 x 31 x 96 cm.<\/p>\n<p><strong>Vanus:<\/strong> 3+ aastat.<\/p>\n<p><strong>TARNE:<\/strong> 5-12 t\u00f6\u00f6p\u00e4eva<\/p>\n<p><span style=\"color: #339966;\"><img loading=\"lazy\" decoding=\"async\" class=\"alignnone wp-image-22011\" src=\"https:\/\/sulin.ee\/wp-content\/uploads\/2024\/08\/images-300x134.png\" alt=\"\" width=\"77\" height=\"34\" \/><span style=\"color: #ff9900;\"><strong> Toote eest on v\u00f5imalik tasuda ka j\u00e4relmaksuga. T\u00e4pse info j\u00e4relmaksu v\u00f5imaluste kohta leiad ostukorvist, kui oled toote lisanud ja asud maksma. Leping s\u00f5lmitakse makseprotsessi k\u00e4igus.<\/strong><\/span><\/span><\/p>\n","protected":false},"featured_media":42699,"comment_status":"open","ping_status":"closed","template":"","meta":[],"product_brand":[],"product_cat":[110,1162,1165,1166,176,1011,1449],"product_tag":[],"class_list":{"0":"post-40879","1":"product","2":"type-product","3":"status-publish","4":"has-post-thumbnail","6":"product_cat-mangimine","7":"product_cat-kingituseks","8":"product_cat-3-5-aastat","9":"product_cat-6-8-aastat","10":"product_cat-rollimangud","11":"product_cat-koogimanguasjad","12":"product_cat-mangukoogid-lastele","13":"product_shipping_class-kuller-9-95","14":"has-post-title","15":"has-post-date","16":"has-post-category","17":"has-post-tag","18":"has-post-comment","19":"has-post-author","20":"","22":"first","23":"instock","24":"sale","25":"taxable","26":"shipping-taxable","27":"purchasable","28":"product-type-simple"},"yoast_head":"<!-- This site is optimized with the Yoast SEO plugin v26.8 - https:\/\/yoast.com\/product\/yoast-seo-wordpress\/ -->\n<title>Laste puidust m\u00e4nguk\u00f6\u00f6k + k\u00f6\u00f6giviljad, 96cm - sulin.ee<\/title>\n<meta name=\"description\" content=\"Laste puidust m\u00e4nguk\u00f6\u00f6k - stiilne ja turvaline k\u00f6\u00f6k \u00f5petab toiduvalmistamise p\u00f5hit\u00f5desid ning sisaldab l\u00f5igatavaid k\u00f6\u00f6givilju, mis teevad \u00f5ppimise l\u00f5busaks.\" \/>\n<meta name=\"robots\" content=\"index, follow, max-snippet:-1, max-image-preview:large, max-video-preview:-1\" \/>\n<link rel=\"canonical\" href=\"https:\/\/sulin.ee\/en\/toode\/laste-puidust-mangukook-koogiviljad-96cm\/\" \/>\n<meta property=\"og:locale\" content=\"en_US\" \/>\n<meta property=\"og:type\" content=\"article\" \/>\n<meta property=\"og:title\" content=\"Laste puidust m\u00e4nguk\u00f6\u00f6k + k\u00f6\u00f6giviljad, 96cm - sulin.ee\" \/>\n<meta property=\"og:description\" content=\"Laste puidust m\u00e4nguk\u00f6\u00f6k - stiilne ja turvaline k\u00f6\u00f6k \u00f5petab toiduvalmistamise p\u00f5hit\u00f5desid ning sisaldab l\u00f5igatavaid k\u00f6\u00f6givilju, mis teevad \u00f5ppimise l\u00f5busaks.\" \/>\n<meta property=\"og:url\" content=\"https:\/\/sulin.ee\/en\/toode\/laste-puidust-mangukook-koogiviljad-96cm\/\" \/>\n<meta property=\"og:site_name\" content=\"sulin.ee\" \/>\n<meta property=\"article:publisher\" content=\"https:\/\/www.facebook.com\/www.sulin.ee\/\" \/>\n<meta property=\"article:modified_time\" content=\"2025-03-18T14:02:01+00:00\" \/>\n<meta property=\"og:image\" content=\"https:\/\/sulin.ee\/wp-content\/uploads\/2025\/03\/Piltide-korrektuurid-kodulehel-2025-03-18T085914.896.png\" \/>\n\t<meta property=\"og:image:width\" content=\"1080\" \/>\n\t<meta property=\"og:image:height\" content=\"1080\" \/>\n\t<meta property=\"og:image:type\" content=\"image\/png\" \/>\n<meta name=\"twitter:card\" content=\"summary_large_image\" \/>\n<meta name=\"twitter:label1\" content=\"Est. reading time\" \/>\n\t<meta name=\"twitter:data1\" content=\"2 minutes\" \/>\n<script type=\"application\/ld+json\" class=\"yoast-schema-graph\">{\"@context\":\"https:\/\/schema.org\",\"@graph\":[{\"@type\":\"WebPage\",\"@id\":\"https:\/\/sulin.ee\/en\/toode\/laste-puidust-mangukook-koogiviljad-96cm\/\",\"url\":\"https:\/\/sulin.ee\/en\/toode\/laste-puidust-mangukook-koogiviljad-96cm\/\",\"name\":\"Laste puidust m\u00e4nguk\u00f6\u00f6k + k\u00f6\u00f6giviljad, 96cm - sulin.ee\",\"isPartOf\":{\"@id\":\"https:\/\/sulin.ee\/en\/#website\"},\"primaryImageOfPage\":{\"@id\":\"https:\/\/sulin.ee\/en\/toode\/laste-puidust-mangukook-koogiviljad-96cm\/#primaryimage\"},\"image\":{\"@id\":\"https:\/\/sulin.ee\/en\/toode\/laste-puidust-mangukook-koogiviljad-96cm\/#primaryimage\"},\"thumbnailUrl\":\"https:\/\/sulin.ee\/wp-content\/uploads\/2025\/03\/Piltide-korrektuurid-kodulehel-2025-03-18T085914.896.png\",\"datePublished\":\"2025-03-17T20:19:16+00:00\",\"dateModified\":\"2025-03-18T14:02:01+00:00\",\"description\":\"Laste puidust m\u00e4nguk\u00f6\u00f6k - stiilne ja turvaline k\u00f6\u00f6k \u00f5petab toiduvalmistamise p\u00f5hit\u00f5desid ning sisaldab l\u00f5igatavaid k\u00f6\u00f6givilju, mis teevad \u00f5ppimise l\u00f5busaks.\",\"breadcrumb\":{\"@id\":\"https:\/\/sulin.ee\/en\/toode\/laste-puidust-mangukook-koogiviljad-96cm\/#breadcrumb\"},\"inLanguage\":\"en-US\",\"potentialAction\":[{\"@type\":\"ReadAction\",\"target\":[\"https:\/\/sulin.ee\/en\/toode\/laste-puidust-mangukook-koogiviljad-96cm\/\"]}]},{\"@type\":\"ImageObject\",\"inLanguage\":\"en-US\",\"@id\":\"https:\/\/sulin.ee\/en\/toode\/laste-puidust-mangukook-koogiviljad-96cm\/#primaryimage\",\"url\":\"https:\/\/sulin.ee\/wp-content\/uploads\/2025\/03\/Piltide-korrektuurid-kodulehel-2025-03-18T085914.896.png\",\"contentUrl\":\"https:\/\/sulin.ee\/wp-content\/uploads\/2025\/03\/Piltide-korrektuurid-kodulehel-2025-03-18T085914.896.png\",\"width\":1080,\"height\":1080,\"caption\":\"Laste puidust m\u00e4nguk\u00f6\u00f6k\"},{\"@type\":\"BreadcrumbList\",\"@id\":\"https:\/\/sulin.ee\/en\/toode\/laste-puidust-mangukook-koogiviljad-96cm\/#breadcrumb\",\"itemListElement\":[{\"@type\":\"ListItem\",\"position\":1,\"name\":\"Home\",\"item\":\"https:\/\/sulin.ee\/en\/\"},{\"@type\":\"ListItem\",\"position\":2,\"name\":\"Sulin.ee e-pood\",\"item\":\"https:\/\/sulin.ee\/shop\/\"},{\"@type\":\"ListItem\",\"position\":3,\"name\":\"Laste puidust m\u00e4nguk\u00f6\u00f6k + k\u00f6\u00f6giviljad, 96cm\"}]},{\"@type\":\"WebSite\",\"@id\":\"https:\/\/sulin.ee\/en\/#website\",\"url\":\"https:\/\/sulin.ee\/en\/\",\"name\":\"sulin.ee\",\"description\":\"\",\"publisher\":{\"@id\":\"https:\/\/sulin.ee\/en\/#organization\"},\"potentialAction\":[{\"@type\":\"SearchAction\",\"target\":{\"@type\":\"EntryPoint\",\"urlTemplate\":\"https:\/\/sulin.ee\/en\/?s={search_term_string}\"},\"query-input\":{\"@type\":\"PropertyValueSpecification\",\"valueRequired\":true,\"valueName\":\"search_term_string\"}}],\"inLanguage\":\"en-US\"},{\"@type\":\"Organization\",\"@id\":\"https:\/\/sulin.ee\/en\/#organization\",\"name\":\"SULIN TRADE O\u00dc\",\"url\":\"https:\/\/sulin.ee\/en\/\",\"logo\":{\"@type\":\"ImageObject\",\"inLanguage\":\"en-US\",\"@id\":\"https:\/\/sulin.ee\/en\/#\/schema\/logo\/image\/\",\"url\":\"https:\/\/sulin.ee\/wp-content\/uploads\/2022\/11\/sulin-logo.png\",\"contentUrl\":\"https:\/\/sulin.ee\/wp-content\/uploads\/2022\/11\/sulin-logo.png\",\"width\":871,\"height\":321,\"caption\":\"SULIN TRADE O\u00dc\"},\"image\":{\"@id\":\"https:\/\/sulin.ee\/en\/#\/schema\/logo\/image\/\"},\"sameAs\":[\"https:\/\/www.facebook.com\/www.sulin.ee\/\",\"https:\/\/www.instagram.com\/sulintrade\/\"]}]}<\/script>\n<!-- \/ Yoast SEO plugin. -->","yoast_head_json":{"title":"Laste puidust m\u00e4nguk\u00f6\u00f6k + k\u00f6\u00f6giviljad, 96cm - sulin.ee","description":"Laste puidust m\u00e4nguk\u00f6\u00f6k - stiilne ja turvaline k\u00f6\u00f6k \u00f5petab toiduvalmistamise p\u00f5hit\u00f5desid ning sisaldab l\u00f5igatavaid k\u00f6\u00f6givilju, mis teevad \u00f5ppimise l\u00f5busaks.","robots":{"index":"index","follow":"follow","max-snippet":"max-snippet:-1","max-image-preview":"max-image-preview:large","max-video-preview":"max-video-preview:-1"},"canonical":"https:\/\/sulin.ee\/en\/toode\/laste-puidust-mangukook-koogiviljad-96cm\/","og_locale":"en_US","og_type":"article","og_title":"Laste puidust m\u00e4nguk\u00f6\u00f6k + k\u00f6\u00f6giviljad, 96cm - sulin.ee","og_description":"Laste puidust m\u00e4nguk\u00f6\u00f6k - stiilne ja turvaline k\u00f6\u00f6k \u00f5petab toiduvalmistamise p\u00f5hit\u00f5desid ning sisaldab l\u00f5igatavaid k\u00f6\u00f6givilju, mis teevad \u00f5ppimise l\u00f5busaks.","og_url":"https:\/\/sulin.ee\/en\/toode\/laste-puidust-mangukook-koogiviljad-96cm\/","og_site_name":"sulin.ee","article_publisher":"https:\/\/www.facebook.com\/www.sulin.ee\/","article_modified_time":"2025-03-18T14:02:01+00:00","og_image":[{"width":1080,"height":1080,"url":"https:\/\/sulin.ee\/wp-content\/uploads\/2025\/03\/Piltide-korrektuurid-kodulehel-2025-03-18T085914.896.png","type":"image\/png"}],"twitter_card":"summary_large_image","twitter_misc":{"Est. reading time":"2 minutes"},"schema":{"@context":"https:\/\/schema.org","@graph":[{"@type":"WebPage","@id":"https:\/\/sulin.ee\/en\/toode\/laste-puidust-mangukook-koogiviljad-96cm\/","url":"https:\/\/sulin.ee\/en\/toode\/laste-puidust-mangukook-koogiviljad-96cm\/","name":"Laste puidust m\u00e4nguk\u00f6\u00f6k + k\u00f6\u00f6giviljad, 96cm - sulin.ee","isPartOf":{"@id":"https:\/\/sulin.ee\/en\/#website"},"primaryImageOfPage":{"@id":"https:\/\/sulin.ee\/en\/toode\/laste-puidust-mangukook-koogiviljad-96cm\/#primaryimage"},"image":{"@id":"https:\/\/sulin.ee\/en\/toode\/laste-puidust-mangukook-koogiviljad-96cm\/#primaryimage"},"thumbnailUrl":"https:\/\/sulin.ee\/wp-content\/uploads\/2025\/03\/Piltide-korrektuurid-kodulehel-2025-03-18T085914.896.png","datePublished":"2025-03-17T20:19:16+00:00","dateModified":"2025-03-18T14:02:01+00:00","description":"Laste puidust m\u00e4nguk\u00f6\u00f6k - stiilne ja turvaline k\u00f6\u00f6k \u00f5petab toiduvalmistamise p\u00f5hit\u00f5desid ning sisaldab l\u00f5igatavaid k\u00f6\u00f6givilju, mis teevad \u00f5ppimise l\u00f5busaks.","breadcrumb":{"@id":"https:\/\/sulin.ee\/en\/toode\/laste-puidust-mangukook-koogiviljad-96cm\/#breadcrumb"},"inLanguage":"en-US","potentialAction":[{"@type":"ReadAction","target":["https:\/\/sulin.ee\/en\/toode\/laste-puidust-mangukook-koogiviljad-96cm\/"]}]},{"@type":"ImageObject","inLanguage":"en-US","@id":"https:\/\/sulin.ee\/en\/toode\/laste-puidust-mangukook-koogiviljad-96cm\/#primaryimage","url":"https:\/\/sulin.ee\/wp-content\/uploads\/2025\/03\/Piltide-korrektuurid-kodulehel-2025-03-18T085914.896.png","contentUrl":"https:\/\/sulin.ee\/wp-content\/uploads\/2025\/03\/Piltide-korrektuurid-kodulehel-2025-03-18T085914.896.png","width":1080,"height":1080,"caption":"Laste puidust m\u00e4nguk\u00f6\u00f6k"},{"@type":"BreadcrumbList","@id":"https:\/\/sulin.ee\/en\/toode\/laste-puidust-mangukook-koogiviljad-96cm\/#breadcrumb","itemListElement":[{"@type":"ListItem","position":1,"name":"Home","item":"https:\/\/sulin.ee\/en\/"},{"@type":"ListItem","position":2,"name":"Sulin.ee e-pood","item":"https:\/\/sulin.ee\/shop\/"},{"@type":"ListItem","position":3,"name":"Laste puidust m\u00e4nguk\u00f6\u00f6k + k\u00f6\u00f6giviljad, 96cm"}]},{"@type":"WebSite","@id":"https:\/\/sulin.ee\/en\/#website","url":"https:\/\/sulin.ee\/en\/","name":"sulin.ee","description":"","publisher":{"@id":"https:\/\/sulin.ee\/en\/#organization"},"potentialAction":[{"@type":"SearchAction","target":{"@type":"EntryPoint","urlTemplate":"https:\/\/sulin.ee\/en\/?s={search_term_string}"},"query-input":{"@type":"PropertyValueSpecification","valueRequired":true,"valueName":"search_term_string"}}],"inLanguage":"en-US"},{"@type":"Organization","@id":"https:\/\/sulin.ee\/en\/#organization","name":"SULIN TRADE O\u00dc","url":"https:\/\/sulin.ee\/en\/","logo":{"@type":"ImageObject","inLanguage":"en-US","@id":"https:\/\/sulin.ee\/en\/#\/schema\/logo\/image\/","url":"https:\/\/sulin.ee\/wp-content\/uploads\/2022\/11\/sulin-logo.png","contentUrl":"https:\/\/sulin.ee\/wp-content\/uploads\/2022\/11\/sulin-logo.png","width":871,"height":321,"caption":"SULIN TRADE O\u00dc"},"image":{"@id":"https:\/\/sulin.ee\/en\/#\/schema\/logo\/image\/"},"sameAs":["https:\/\/www.facebook.com\/www.sulin.ee\/","https:\/\/www.instagram.com\/sulintrade\/"]}]}},"builder_content":"","_links":{"self":[{"href":"https:\/\/sulin.ee\/en\/wp-json\/wp\/v2\/product\/40879","targetHints":{"allow":["GET"]}}],"collection":[{"href":"https:\/\/sulin.ee\/en\/wp-json\/wp\/v2\/product"}],"about":[{"href":"https:\/\/sulin.ee\/en\/wp-json\/wp\/v2\/types\/product"}],"replies":[{"embeddable":true,"href":"https:\/\/sulin.ee\/en\/wp-json\/wp\/v2\/comments?post=40879"}],"wp:featuredmedia":[{"embeddable":true,"href":"https:\/\/sulin.ee\/en\/wp-json\/wp\/v2\/media\/42699"}],"wp:attachment":[{"href":"https:\/\/sulin.ee\/en\/wp-json\/wp\/v2\/media?parent=40879"}],"wp:term":[{"taxonomy":"product_brand","embeddable":true,"href":"https:\/\/sulin.ee\/en\/wp-json\/wp\/v2\/product_brand?post=40879"},{"taxonomy":"product_cat","embeddable":true,"href":"https:\/\/sulin.ee\/en\/wp-json\/wp\/v2\/product_cat?post=40879"},{"taxonomy":"product_tag","embeddable":true,"href":"https:\/\/sulin.ee\/en\/wp-json\/wp\/v2\/product_tag?post=40879"}],"curies":[{"name":"wp","href":"https:\/\/api.w.org\/{rel}","templated":true}]}}