{"id":40854,"date":"2025-03-17T20:19:03","date_gmt":"2025-03-17T20:19:03","guid":{"rendered":"https:\/\/sulin.ee\/toode\/laste-puidust-kook-mdf-modern-classic-tarvikud\/"},"modified":"2025-03-18T14:01:32","modified_gmt":"2025-03-18T14:01:32","slug":"puidust-mangukook-tarvikutega-classic-82cm","status":"publish","type":"product","link":"https:\/\/sulin.ee\/en\/toode\/puidust-mangukook-tarvikutega-classic-82cm\/","title":{"rendered":"Puidust m\u00e4nguk\u00f6\u00f6k tarvikutega Classic 82cm"},"content":{"rendered":"<p><b>Puidust m\u00e4nguk\u00f6\u00f6k <\/b>on varustatud k\u00f5ige vajalikuga, et muuta m\u00e4nguaeg harivaks ja l\u00f5busaks. T\u00e4iuslikult hallides toonides ja naturaalse puidu viimistlusega, on see k\u00f6\u00f6k igas m\u00e4ngutoas pilkup\u00fc\u00fcdev ning pakub lastele v\u00f5imalust j\u00e4ljendada t\u00e4iskasvanute tegevusi turvalises ja l\u00f5busas keskkonnas.<\/p>\n<p><strong>TARNE:<\/strong> 5-12 t\u00f6\u00f6p\u00e4eva<\/p>\n<div class=\"flex max-w-full flex-col flex-grow\">\n<div class=\"min-h-8 text-message relative flex w-full flex-col items-end gap-2 whitespace-normal break-words text-start [.text-message+&amp;]:mt-5\" dir=\"auto\" data-message-author-role=\"assistant\" data-message-id=\"3cb03581-2130-4df4-b3d7-9af39bad846f\" data-message-model-slug=\"gpt-4\">\n<div class=\"flex w-full flex-col gap-1 empty:hidden first:pt-[3px]\">\n<div class=\"markdown prose w-full break-words dark:prose-invert light\">\n<p data-start=\"394\" data-end=\"418\"><strong data-start=\"394\" data-end=\"418\">M\u00e4nguk\u00f6\u00f6gi omadused:<\/strong><\/p>\n<p data-start=\"420\" data-end=\"556\"><strong>Vastupidav\u00a0konstruktsioon:<\/strong> Valmistatud vastupidavast MDF puitkiudplaadist, puidust ja mittetoksilisest plastist, mis tagavad pikaajalise kasutuse.<\/p>\n<p data-start=\"558\" data-end=\"716\"><strong data-start=\"560\" data-end=\"583\">Atraktiivne disain:<\/strong> Meeldiv hall v\u00e4rvikombinatsioon sobitub sujuvalt erinevatesse interj\u00f6\u00f6ridesse, muutes selle ideaalseks nii poistele kui t\u00fcdrukutele.<\/p>\n<p data-start=\"718\" data-end=\"850\"><strong data-start=\"720\" data-end=\"751\">Turvaline ja lapses\u00f5bralik:<\/strong> K\u00f5ik servad on hoolikalt lihvitud ja kaetud mittetoksilise v\u00e4rviga, tagades seel\u00e4bi lapse ohutuse.<\/p>\n<p data-start=\"852\" data-end=\"884\"><strong data-start=\"854\" data-end=\"883\">Interaktiivsed elemendid:<\/strong><\/p>\n<ul data-start=\"888\" data-end=\"1141\">\n<li data-start=\"888\" data-end=\"936\">\u2705Nuppudega kraan ja s\u00fcgav metallist kraanikauss<\/li>\n<li data-start=\"940\" data-end=\"990\">\u2705T\u00f6\u00f6tasapind maiustuste ja roogade valmistamiseks<\/li>\n<li data-start=\"994\" data-end=\"1019\">\u2705Sensornuppudega p\u00f5letid<\/li>\n<li data-start=\"1023\" data-end=\"1085\">\u2705Mikrolaineahi ja ahi koos funktsionaalsete uste ja nuppudega<\/li>\n<li data-start=\"1089\" data-end=\"1141\">\u2705Eemaldatav metallist valamu, mida saab t\u00e4ita veega<\/li>\n<\/ul>\n<p data-start=\"1143\" data-end=\"1168\"><strong data-start=\"1145\" data-end=\"1167\">Praktilised lisad:<\/strong><\/p>\n<ul data-start=\"1172\" data-end=\"1385\">\n<li data-start=\"1172\" data-end=\"1191\">\u2705N\u00f5udekuivatusrest<\/li>\n<li data-start=\"1195\" data-end=\"1203\">\u2705K\u00fclmik<\/li>\n<li data-start=\"1207\" data-end=\"1239\">\u2705Konksud tarvikute riputamiseks<\/li>\n<li data-start=\"1243\" data-end=\"1280\">\u2705L\u00f5ikelaud, spaatel, lusikas ja nuga<\/li>\n<li data-start=\"1284\" data-end=\"1306\">\u2705Kaanega pott ja pann<\/li>\n<li data-start=\"1310\" data-end=\"1336\">\u2705Liikuvate osutitega kell<\/li>\n<li data-start=\"1340\" data-end=\"1385\">\u2705T\u00e4iendavad riiulid oluliste tarvikute jaoks<\/li>\n<\/ul>\n<p data-start=\"1387\" data-end=\"1556\"><strong data-start=\"1389\" data-end=\"1411\">Arengut soodustav:<\/strong> Laps \u00f5pib m\u00e4ngides kasutama k\u00f6\u00f6gitehnikat, korrastama t\u00f6\u00f6pinda ja s\u00e4ilitama puhtust, arendades samal ajal oma peenmotoorikat ja k\u00e4elist osavust.<\/p>\n<p data-start=\"1558\" data-end=\"1595\"><strong data-start=\"1560\" data-end=\"1594\">M\u00f5\u00f5tmed ja spetsifikatsioonid:<\/strong><\/p>\n<ul data-start=\"1599\" data-end=\"1789\">\n<li data-start=\"1599\" data-end=\"1636\">\u2705K\u00f6\u00f6gi m\u00f5\u00f5tmed: 68 x 25.5 x 82 cm<\/li>\n<li data-start=\"1640\" data-end=\"1687\">\u2705K\u00f5rgus p\u00f5randast kuni \u00fclemise servani: 37,5 cm<\/li>\n<li data-start=\"1691\" data-end=\"1789\">\u2705Lisatarvikute m\u00f5\u00f5dud: plaatide l\u00e4bim\u00f5\u00f5t 11 cm, l\u00f5ikeriistade pikkus umbes 13 cm, poti l\u00e4bim\u00f5\u00f5t 9 cm<\/li>\n<\/ul>\n<p><strong>Vanus:<\/strong> 3+ aastat.<\/p>\n<p data-start=\"1791\" data-end=\"2069\"><strong data-start=\"1791\" data-end=\"1820\">Pakend ja komplekti sisu:<\/strong> Puidust m\u00e4nguk\u00f6\u00f6k on pakitud turvaliselt tugevasse pappkarpi, mis sisaldab k\u00f5iki vajalikke osi kokkupanekuks ja m\u00e4ngimiseks. Kaasas on pott, praeahi, 2x plaadid, nuga, lusikas, spaatel ja maitseained, mis on ideaalsed igasuguseks &#8220;s\u00f6\u00f6gitegemiseks&#8221;.<\/p>\n<p data-start=\"2071\" data-end=\"2344\" data-is-last-node=\"\" data-is-only-node=\"\">See lastek\u00f6\u00f6k mitte ainult ei l\u00f5busta teie last, vaid pakub ka harivat v\u00e4\u00e4rtust, aidates neil \u00f5ppida igap\u00e4evaseid oskusi m\u00e4ngulisel viisil. T\u00f5eline investeering lapse arengusse ja ideaalne kingitus igale v\u00e4ikesele peremehele v\u00f5i perenaisele, kes unistab oma k\u00f6\u00f6gist.<\/p>\n<p data-start=\"2071\" data-end=\"2344\" data-is-last-node=\"\" data-is-only-node=\"\">Lisaks m\u00e4nguk\u00f6\u00f6gile leiate meie valikust ka teisi k\u00f6\u00f6gitarvikuid, mis rikastavad m\u00e4nguelamust ja pakuvad l\u00f5putult \u00f5ppimisv\u00f5imalusi. <strong><a href=\"https:\/\/sulin.ee\/tootekategooria\/mangimine\/rollimangud\/koogimanguasjad\/\">Leiad siit!<\/a><\/strong><\/p>\n<\/div>\n<\/div>\n<\/div>\n<\/div>\n","protected":false},"excerpt":{"rendered":"<p><strong>Kaasaegne puidust k\u00f6\u00f6k koos tarvikutega<\/strong> &#8211; ideaalne viis \u00f5petada lapsele kokanduse p\u00f5hit\u00f5desid l\u00f5busalt ja ohutult.<\/p>\n<p><strong> Komplekt sisaldab<\/strong> n\u00f5udekuivatusresti, puidust tarvikuid ja interaktiivseid elemente, nagu nuppudega kraan ja ahi, mis muudavad igap\u00e4evased tegevused p\u00f5nevaks m\u00e4nguks.<\/p>\n<p><strong>K\u00f6\u00f6gi m\u00f5\u00f5tmed:<\/strong> 68 x 25,5 x 82 cm.<\/p>\n<p><strong>Vanus:<\/strong> 3+ aastat.<\/p>\n<p><strong>TARNE:<\/strong> 5-12 t\u00f6\u00f6p\u00e4eva<\/p>\n<p><span style=\"color: #339966;\"><img loading=\"lazy\" decoding=\"async\" class=\"alignnone wp-image-22011\" src=\"https:\/\/sulin.ee\/wp-content\/uploads\/2024\/08\/images-300x134.png\" alt=\"\" width=\"77\" height=\"34\" \/><span style=\"color: #ff9900;\"><strong> Toote eest on v\u00f5imalik tasuda ka j\u00e4relmaksuga. T\u00e4pse info j\u00e4relmaksu v\u00f5imaluste kohta leiad ostukorvist, kui oled toote lisanud ja asud maksma. Leping s\u00f5lmitakse makseprotsessi k\u00e4igus.<\/strong><\/span><\/span><\/p>\n","protected":false},"featured_media":42691,"comment_status":"open","ping_status":"closed","template":"","meta":[],"product_brand":[],"product_cat":[110,1162,1165,1166,176,1011,1449],"product_tag":[],"class_list":{"0":"post-40854","1":"product","2":"type-product","3":"status-publish","4":"has-post-thumbnail","6":"product_cat-mangimine","7":"product_cat-kingituseks","8":"product_cat-3-5-aastat","9":"product_cat-6-8-aastat","10":"product_cat-rollimangud","11":"product_cat-koogimanguasjad","12":"product_cat-mangukoogid-lastele","13":"product_shipping_class-kuller-9-95","14":"has-post-title","15":"has-post-date","16":"has-post-category","17":"has-post-tag","18":"has-post-comment","19":"has-post-author","20":"","22":"first","23":"instock","24":"sale","25":"taxable","26":"shipping-taxable","27":"purchasable","28":"product-type-simple"},"yoast_head":"<!-- This site is optimized with the Yoast SEO plugin v26.8 - https:\/\/yoast.com\/product\/yoast-seo-wordpress\/ -->\n<title>Puidust m\u00e4nguk\u00f6\u00f6k tarvikutega Classic 82cm - sulin.ee<\/title>\n<meta name=\"description\" content=\"Puidust M\u00e4nguk\u00f6\u00f6k - stiilne ja turvaline m\u00e4nguk\u00f6\u00f6k tarvikutega pakub l\u00f5putult meelelahutust ja \u00f5ppimisv\u00f5imalusi. Ideaalne igasse m\u00e4ngutuppa.\" \/>\n<meta name=\"robots\" content=\"index, follow, max-snippet:-1, max-image-preview:large, max-video-preview:-1\" \/>\n<link rel=\"canonical\" href=\"https:\/\/sulin.ee\/en\/toode\/puidust-mangukook-tarvikutega-classic-82cm\/\" \/>\n<meta property=\"og:locale\" content=\"en_US\" \/>\n<meta property=\"og:type\" content=\"article\" \/>\n<meta property=\"og:title\" content=\"Puidust m\u00e4nguk\u00f6\u00f6k tarvikutega Classic 82cm - sulin.ee\" \/>\n<meta property=\"og:description\" content=\"Puidust M\u00e4nguk\u00f6\u00f6k - stiilne ja turvaline m\u00e4nguk\u00f6\u00f6k tarvikutega pakub l\u00f5putult meelelahutust ja \u00f5ppimisv\u00f5imalusi. Ideaalne igasse m\u00e4ngutuppa.\" \/>\n<meta property=\"og:url\" content=\"https:\/\/sulin.ee\/en\/toode\/puidust-mangukook-tarvikutega-classic-82cm\/\" \/>\n<meta property=\"og:site_name\" content=\"sulin.ee\" \/>\n<meta property=\"article:publisher\" content=\"https:\/\/www.facebook.com\/www.sulin.ee\/\" \/>\n<meta property=\"article:modified_time\" content=\"2025-03-18T14:01:32+00:00\" \/>\n<meta property=\"og:image\" content=\"https:\/\/sulin.ee\/wp-content\/uploads\/2025\/03\/Piltide-korrektuurid-kodulehel-2025-03-18T072606.959.png\" \/>\n\t<meta property=\"og:image:width\" content=\"1080\" \/>\n\t<meta property=\"og:image:height\" content=\"1080\" \/>\n\t<meta property=\"og:image:type\" content=\"image\/png\" \/>\n<meta name=\"twitter:card\" content=\"summary_large_image\" \/>\n<meta name=\"twitter:label1\" content=\"Est. reading time\" \/>\n\t<meta name=\"twitter:data1\" content=\"2 minutes\" \/>\n<script type=\"application\/ld+json\" class=\"yoast-schema-graph\">{\"@context\":\"https:\/\/schema.org\",\"@graph\":[{\"@type\":\"WebPage\",\"@id\":\"https:\/\/sulin.ee\/en\/toode\/puidust-mangukook-tarvikutega-classic-82cm\/\",\"url\":\"https:\/\/sulin.ee\/en\/toode\/puidust-mangukook-tarvikutega-classic-82cm\/\",\"name\":\"Puidust m\u00e4nguk\u00f6\u00f6k tarvikutega Classic 82cm - sulin.ee\",\"isPartOf\":{\"@id\":\"https:\/\/sulin.ee\/en\/#website\"},\"primaryImageOfPage\":{\"@id\":\"https:\/\/sulin.ee\/en\/toode\/puidust-mangukook-tarvikutega-classic-82cm\/#primaryimage\"},\"image\":{\"@id\":\"https:\/\/sulin.ee\/en\/toode\/puidust-mangukook-tarvikutega-classic-82cm\/#primaryimage\"},\"thumbnailUrl\":\"https:\/\/sulin.ee\/wp-content\/uploads\/2025\/03\/Piltide-korrektuurid-kodulehel-2025-03-18T072606.959.png\",\"datePublished\":\"2025-03-17T20:19:03+00:00\",\"dateModified\":\"2025-03-18T14:01:32+00:00\",\"description\":\"Puidust M\u00e4nguk\u00f6\u00f6k - stiilne ja turvaline m\u00e4nguk\u00f6\u00f6k tarvikutega pakub l\u00f5putult meelelahutust ja \u00f5ppimisv\u00f5imalusi. Ideaalne igasse m\u00e4ngutuppa.\",\"breadcrumb\":{\"@id\":\"https:\/\/sulin.ee\/en\/toode\/puidust-mangukook-tarvikutega-classic-82cm\/#breadcrumb\"},\"inLanguage\":\"en-US\",\"potentialAction\":[{\"@type\":\"ReadAction\",\"target\":[\"https:\/\/sulin.ee\/en\/toode\/puidust-mangukook-tarvikutega-classic-82cm\/\"]}]},{\"@type\":\"ImageObject\",\"inLanguage\":\"en-US\",\"@id\":\"https:\/\/sulin.ee\/en\/toode\/puidust-mangukook-tarvikutega-classic-82cm\/#primaryimage\",\"url\":\"https:\/\/sulin.ee\/wp-content\/uploads\/2025\/03\/Piltide-korrektuurid-kodulehel-2025-03-18T072606.959.png\",\"contentUrl\":\"https:\/\/sulin.ee\/wp-content\/uploads\/2025\/03\/Piltide-korrektuurid-kodulehel-2025-03-18T072606.959.png\",\"width\":1080,\"height\":1080,\"caption\":\"Puidust m\u00e4nguk\u00f6\u00f6k\"},{\"@type\":\"BreadcrumbList\",\"@id\":\"https:\/\/sulin.ee\/en\/toode\/puidust-mangukook-tarvikutega-classic-82cm\/#breadcrumb\",\"itemListElement\":[{\"@type\":\"ListItem\",\"position\":1,\"name\":\"Home\",\"item\":\"https:\/\/sulin.ee\/en\/\"},{\"@type\":\"ListItem\",\"position\":2,\"name\":\"Sulin.ee e-pood\",\"item\":\"https:\/\/sulin.ee\/shop\/\"},{\"@type\":\"ListItem\",\"position\":3,\"name\":\"Puidust m\u00e4nguk\u00f6\u00f6k tarvikutega Classic 82cm\"}]},{\"@type\":\"WebSite\",\"@id\":\"https:\/\/sulin.ee\/en\/#website\",\"url\":\"https:\/\/sulin.ee\/en\/\",\"name\":\"sulin.ee\",\"description\":\"\",\"publisher\":{\"@id\":\"https:\/\/sulin.ee\/en\/#organization\"},\"potentialAction\":[{\"@type\":\"SearchAction\",\"target\":{\"@type\":\"EntryPoint\",\"urlTemplate\":\"https:\/\/sulin.ee\/en\/?s={search_term_string}\"},\"query-input\":{\"@type\":\"PropertyValueSpecification\",\"valueRequired\":true,\"valueName\":\"search_term_string\"}}],\"inLanguage\":\"en-US\"},{\"@type\":\"Organization\",\"@id\":\"https:\/\/sulin.ee\/en\/#organization\",\"name\":\"SULIN TRADE O\u00dc\",\"url\":\"https:\/\/sulin.ee\/en\/\",\"logo\":{\"@type\":\"ImageObject\",\"inLanguage\":\"en-US\",\"@id\":\"https:\/\/sulin.ee\/en\/#\/schema\/logo\/image\/\",\"url\":\"https:\/\/sulin.ee\/wp-content\/uploads\/2022\/11\/sulin-logo.png\",\"contentUrl\":\"https:\/\/sulin.ee\/wp-content\/uploads\/2022\/11\/sulin-logo.png\",\"width\":871,\"height\":321,\"caption\":\"SULIN TRADE O\u00dc\"},\"image\":{\"@id\":\"https:\/\/sulin.ee\/en\/#\/schema\/logo\/image\/\"},\"sameAs\":[\"https:\/\/www.facebook.com\/www.sulin.ee\/\",\"https:\/\/www.instagram.com\/sulintrade\/\"]}]}<\/script>\n<!-- \/ Yoast SEO plugin. -->","yoast_head_json":{"title":"Puidust m\u00e4nguk\u00f6\u00f6k tarvikutega Classic 82cm - sulin.ee","description":"Puidust M\u00e4nguk\u00f6\u00f6k - stiilne ja turvaline m\u00e4nguk\u00f6\u00f6k tarvikutega pakub l\u00f5putult meelelahutust ja \u00f5ppimisv\u00f5imalusi. Ideaalne igasse m\u00e4ngutuppa.","robots":{"index":"index","follow":"follow","max-snippet":"max-snippet:-1","max-image-preview":"max-image-preview:large","max-video-preview":"max-video-preview:-1"},"canonical":"https:\/\/sulin.ee\/en\/toode\/puidust-mangukook-tarvikutega-classic-82cm\/","og_locale":"en_US","og_type":"article","og_title":"Puidust m\u00e4nguk\u00f6\u00f6k tarvikutega Classic 82cm - sulin.ee","og_description":"Puidust M\u00e4nguk\u00f6\u00f6k - stiilne ja turvaline m\u00e4nguk\u00f6\u00f6k tarvikutega pakub l\u00f5putult meelelahutust ja \u00f5ppimisv\u00f5imalusi. Ideaalne igasse m\u00e4ngutuppa.","og_url":"https:\/\/sulin.ee\/en\/toode\/puidust-mangukook-tarvikutega-classic-82cm\/","og_site_name":"sulin.ee","article_publisher":"https:\/\/www.facebook.com\/www.sulin.ee\/","article_modified_time":"2025-03-18T14:01:32+00:00","og_image":[{"width":1080,"height":1080,"url":"https:\/\/sulin.ee\/wp-content\/uploads\/2025\/03\/Piltide-korrektuurid-kodulehel-2025-03-18T072606.959.png","type":"image\/png"}],"twitter_card":"summary_large_image","twitter_misc":{"Est. reading time":"2 minutes"},"schema":{"@context":"https:\/\/schema.org","@graph":[{"@type":"WebPage","@id":"https:\/\/sulin.ee\/en\/toode\/puidust-mangukook-tarvikutega-classic-82cm\/","url":"https:\/\/sulin.ee\/en\/toode\/puidust-mangukook-tarvikutega-classic-82cm\/","name":"Puidust m\u00e4nguk\u00f6\u00f6k tarvikutega Classic 82cm - sulin.ee","isPartOf":{"@id":"https:\/\/sulin.ee\/en\/#website"},"primaryImageOfPage":{"@id":"https:\/\/sulin.ee\/en\/toode\/puidust-mangukook-tarvikutega-classic-82cm\/#primaryimage"},"image":{"@id":"https:\/\/sulin.ee\/en\/toode\/puidust-mangukook-tarvikutega-classic-82cm\/#primaryimage"},"thumbnailUrl":"https:\/\/sulin.ee\/wp-content\/uploads\/2025\/03\/Piltide-korrektuurid-kodulehel-2025-03-18T072606.959.png","datePublished":"2025-03-17T20:19:03+00:00","dateModified":"2025-03-18T14:01:32+00:00","description":"Puidust M\u00e4nguk\u00f6\u00f6k - stiilne ja turvaline m\u00e4nguk\u00f6\u00f6k tarvikutega pakub l\u00f5putult meelelahutust ja \u00f5ppimisv\u00f5imalusi. Ideaalne igasse m\u00e4ngutuppa.","breadcrumb":{"@id":"https:\/\/sulin.ee\/en\/toode\/puidust-mangukook-tarvikutega-classic-82cm\/#breadcrumb"},"inLanguage":"en-US","potentialAction":[{"@type":"ReadAction","target":["https:\/\/sulin.ee\/en\/toode\/puidust-mangukook-tarvikutega-classic-82cm\/"]}]},{"@type":"ImageObject","inLanguage":"en-US","@id":"https:\/\/sulin.ee\/en\/toode\/puidust-mangukook-tarvikutega-classic-82cm\/#primaryimage","url":"https:\/\/sulin.ee\/wp-content\/uploads\/2025\/03\/Piltide-korrektuurid-kodulehel-2025-03-18T072606.959.png","contentUrl":"https:\/\/sulin.ee\/wp-content\/uploads\/2025\/03\/Piltide-korrektuurid-kodulehel-2025-03-18T072606.959.png","width":1080,"height":1080,"caption":"Puidust m\u00e4nguk\u00f6\u00f6k"},{"@type":"BreadcrumbList","@id":"https:\/\/sulin.ee\/en\/toode\/puidust-mangukook-tarvikutega-classic-82cm\/#breadcrumb","itemListElement":[{"@type":"ListItem","position":1,"name":"Home","item":"https:\/\/sulin.ee\/en\/"},{"@type":"ListItem","position":2,"name":"Sulin.ee e-pood","item":"https:\/\/sulin.ee\/shop\/"},{"@type":"ListItem","position":3,"name":"Puidust m\u00e4nguk\u00f6\u00f6k tarvikutega Classic 82cm"}]},{"@type":"WebSite","@id":"https:\/\/sulin.ee\/en\/#website","url":"https:\/\/sulin.ee\/en\/","name":"sulin.ee","description":"","publisher":{"@id":"https:\/\/sulin.ee\/en\/#organization"},"potentialAction":[{"@type":"SearchAction","target":{"@type":"EntryPoint","urlTemplate":"https:\/\/sulin.ee\/en\/?s={search_term_string}"},"query-input":{"@type":"PropertyValueSpecification","valueRequired":true,"valueName":"search_term_string"}}],"inLanguage":"en-US"},{"@type":"Organization","@id":"https:\/\/sulin.ee\/en\/#organization","name":"SULIN TRADE O\u00dc","url":"https:\/\/sulin.ee\/en\/","logo":{"@type":"ImageObject","inLanguage":"en-US","@id":"https:\/\/sulin.ee\/en\/#\/schema\/logo\/image\/","url":"https:\/\/sulin.ee\/wp-content\/uploads\/2022\/11\/sulin-logo.png","contentUrl":"https:\/\/sulin.ee\/wp-content\/uploads\/2022\/11\/sulin-logo.png","width":871,"height":321,"caption":"SULIN TRADE O\u00dc"},"image":{"@id":"https:\/\/sulin.ee\/en\/#\/schema\/logo\/image\/"},"sameAs":["https:\/\/www.facebook.com\/www.sulin.ee\/","https:\/\/www.instagram.com\/sulintrade\/"]}]}},"builder_content":"","_links":{"self":[{"href":"https:\/\/sulin.ee\/en\/wp-json\/wp\/v2\/product\/40854","targetHints":{"allow":["GET"]}}],"collection":[{"href":"https:\/\/sulin.ee\/en\/wp-json\/wp\/v2\/product"}],"about":[{"href":"https:\/\/sulin.ee\/en\/wp-json\/wp\/v2\/types\/product"}],"replies":[{"embeddable":true,"href":"https:\/\/sulin.ee\/en\/wp-json\/wp\/v2\/comments?post=40854"}],"wp:featuredmedia":[{"embeddable":true,"href":"https:\/\/sulin.ee\/en\/wp-json\/wp\/v2\/media\/42691"}],"wp:attachment":[{"href":"https:\/\/sulin.ee\/en\/wp-json\/wp\/v2\/media?parent=40854"}],"wp:term":[{"taxonomy":"product_brand","embeddable":true,"href":"https:\/\/sulin.ee\/en\/wp-json\/wp\/v2\/product_brand?post=40854"},{"taxonomy":"product_cat","embeddable":true,"href":"https:\/\/sulin.ee\/en\/wp-json\/wp\/v2\/product_cat?post=40854"},{"taxonomy":"product_tag","embeddable":true,"href":"https:\/\/sulin.ee\/en\/wp-json\/wp\/v2\/product_tag?post=40854"}],"curies":[{"name":"wp","href":"https:\/\/api.w.org\/{rel}","templated":true}]}}