{"id":40801,"date":"2025-03-25T20:18:31","date_gmt":"2025-03-25T20:18:31","guid":{"rendered":"https:\/\/sulin.ee\/toode\/lulilo-puidust-nukumaja-floro-boho-led\/"},"modified":"2025-03-26T12:56:01","modified_gmt":"2025-03-26T12:56:01","slug":"lulilo-puidust-nukumaja-boho-led-valgustusega-78-cm","status":"publish","type":"product","link":"https:\/\/sulin.ee\/en\/toode\/lulilo-puidust-nukumaja-boho-led-valgustusega-78-cm\/","title":{"rendered":"LULILO puidust nukumaja Boho LED-valgustusega, 78 cm"},"content":{"rendered":"<p class=\"\" data-start=\"117\" data-end=\"201\"><strong data-start=\"117\" data-end=\"199\">LULILO puidust nukumaja Boho \u2013 stiilne m\u00e4ngumaja loovaks ja rahulikuks m\u00e4nguks<\/strong><\/p>\n<p class=\"\" data-start=\"203\" data-end=\"567\">LULILO Boho stiilis puidust nukumaja on unikaalne kombinatsioon <strong data-start=\"267\" data-end=\"328\">minimalistlikust esteetikast, loovusest ja praktilisusest<\/strong>. Boho stiil on tuntud oma vabameelsuse, naturaalsuse ja hubasuse poolest \u2013 just selliseid v\u00e4\u00e4rtusi kannab endas ka see kolmekorruseline, heledates toonides m\u00e4ngumaja, mis sobib suurep\u00e4raselt nii m\u00e4ngimiseks kui ka lastetoa kaunistamiseks.<\/p>\n<p data-start=\"203\" data-end=\"567\"><strong>TARNE:<\/strong> 5-10 t\u00f6\u00f6p\u00e4eva<\/p>\n<p class=\"\" data-start=\"569\" data-end=\"854\"><strong data-start=\"569\" data-end=\"612\">Kaasaegne villa v\u00e4ikestele unistajatele<\/strong><br data-start=\"612\" data-end=\"615\" \/>Majas on kolm avarat korrust, mugav trepp ning neli iseseisvat tuba ja suur terrass, kus leiavad koha k\u00f5ik lapse lemmiknukud, maskotid ja figuurid. Toad on jaotatud j\u00e4rgmiselt:<br data-start=\"791\" data-end=\"794\" \/>\u2705 K\u00f6\u00f6k<br data-start=\"800\" data-end=\"803\" \/>\u2705 Elutuba<br data-start=\"812\" data-end=\"815\" \/>\u2705 Magamistuba<br data-start=\"828\" data-end=\"831\" \/>\u2705 Vannituba<br data-start=\"842\" data-end=\"845\" \/>\u2705 Terrass<\/p>\n<p class=\"\" data-start=\"856\" data-end=\"1228\"><strong data-start=\"856\" data-end=\"896\">Rikkalik m\u00f6\u00f6blikomplekt m\u00e4ngur\u00f5\u00f5muks<\/strong><br data-start=\"896\" data-end=\"899\" \/>Majaga tuleb kaasa detailne puitm\u00f6\u00f6bel, millega saab sisustada k\u00f5ik ruumid ja elustada kujutlusm\u00e4ngud. Komplektis on:<br data-start=\"1016\" data-end=\"1019\" \/>\u2705 Laud ja 2 tooli<br data-start=\"1036\" data-end=\"1039\" \/>\u2705 Voodi<br data-start=\"1046\" data-end=\"1049\" \/>\u2705 Diivan ja tugitool<br data-start=\"1069\" data-end=\"1072\" \/>\u2705 Klaver<br data-start=\"1080\" data-end=\"1083\" \/>\u2705 Du\u0161\u0161, vann, kraanikauss ja WC<br data-start=\"1114\" data-end=\"1117\" \/>\u2705 Lamp, televiisor, kohvilaud<br data-start=\"1146\" data-end=\"1149\" \/>\u2705 Lamamistool ja vihmavari<br data-start=\"1175\" data-end=\"1178\" \/>\u2705 LED-valgustusriba<br data-start=\"1197\" data-end=\"1200\" \/>\u2705 Metallkruvid kokkupanekuks<\/p>\n<p class=\"\" data-start=\"1230\" data-end=\"1522\"><strong data-start=\"1230\" data-end=\"1259\">M\u00e4ng arendab ja r\u00f5\u00f5mustab<\/strong><br data-start=\"1259\" data-end=\"1262\" \/>See puidust nukumaja julgustab last loovalt m\u00f5tlema, rollim\u00e4nge m\u00e4ngima ja oma fantaasiat rakendama. Samal ajal arendab see peenmotoorikat, ruumitaju ja sotsiaalseid oskusi. Koos kokkupanek annab v\u00f5imaluse veeta aega perega ja \u00f5petab last meeskonnat\u00f6\u00f6d tegema.<\/p>\n<p class=\"\" data-start=\"1524\" data-end=\"1764\"><strong data-start=\"1524\" data-end=\"1564\">Turvaline ja keskkonnas\u00f5bralik valik<\/strong><br data-start=\"1564\" data-end=\"1567\" \/>K\u00f5ik nukumaja osad on hoolikalt lihvitud, et tagada lapsele ohutu m\u00e4ngukeskkond. Valmistatud kvaliteetsest puidust, metallist ja plastist detailidest, mis tagavad vastupidavuse ja pika kasutusea.<\/p>\n<p class=\"\" data-start=\"1766\" data-end=\"1989\"><strong data-start=\"1766\" data-end=\"1789\">Esteetiline v\u00e4limus<\/strong><br data-start=\"1789\" data-end=\"1792\" \/>Heledad, rahulikud toonid ja tagasihoidlik Boho disain muudavad selle m\u00e4nguasja sobivaks igasse lastetuppa \u2013 nii klassikalisse kui ka moodsasse interj\u00f6\u00f6ri. Samal ajal on see kaunis sisustuselement.<\/p>\n<p class=\"\" data-start=\"1991\" data-end=\"2275\"><strong data-start=\"1991\" data-end=\"2010\">Tehniline info:<\/strong><br data-start=\"2010\" data-end=\"2013\" \/>\u2705 Maja m\u00f5\u00f5dud: 62 \u00d7 26,5 \u00d7 78 cm<br data-start=\"2045\" data-end=\"2048\" \/>\u2705 Korruste k\u00f5rgus: I ja II \u2013 22 cm, III \u2013 24 cm<br data-start=\"2095\" data-end=\"2098\" \/>\u2705 Voodi m\u00f5\u00f5dud: 12 \u00d7 9,5 \u00d7 5 cm<br data-start=\"2129\" data-end=\"2132\" \/>\u2705 Materjal: puit, plast, metall<br data-start=\"2163\" data-end=\"2166\" \/>\u2705 Pakendi m\u00f5\u00f5dud: 69 \u00d7 50 \u00d7 12 cm<br data-start=\"2199\" data-end=\"2202\" \/>\u2705 Toide: 3 \u00d7 AA patareid (ei kuulu komplekti)<br data-start=\"2247\" data-end=\"2250\" \/>\u2705 Nukk ei kuulu komplekti<\/p>\n<p class=\"\" data-start=\"2277\" data-end=\"2409\">\ud83c\udf81 <strong data-start=\"2280\" data-end=\"2304\">T\u00f5eline kingitushitt<\/strong>, mis pakub r\u00f5\u00f5mu igas vanuses lapsele ja annab v\u00f5imaluse luua oma maailm t\u00e4is lugusid ja kujutlusv\u00f5imet!<\/p>\n","protected":false},"excerpt":{"rendered":"<p><strong>LULILO Boho stiilis puidust nukumaja on kolmekorruseline m\u00e4nguvilla, kus on 4 tuba, terrass ja rikkalik m\u00f6\u00f6blikomplekt. Pastelsed toonid, LED-valgustus ja hubane disain loovad ideaalse keskkonna loovaks m\u00e4nguks ja rollim\u00e4ngudeks.<\/strong><\/p>\n<p><strong> M\u00f5\u00f5dud:<\/strong> 62 x 26,5 x 78 cm.<\/p>\n<p><strong>Vanus:<\/strong> 3+ aastat.<\/p>\n<p><strong>TARNE:<\/strong> 5-10 t\u00f6\u00f6p\u00e4eva<\/p>\n<p><span style=\"color: #339966;\"><img loading=\"lazy\" decoding=\"async\" class=\"alignnone wp-image-22011\" src=\"https:\/\/sulin.ee\/wp-content\/uploads\/2024\/08\/images-300x134.png\" alt=\"\" width=\"77\" height=\"34\" \/><span style=\"color: #ff9900;\"><strong> Toote eest on v\u00f5imalik tasuda ka j\u00e4relmaksuga. T\u00e4pse info j\u00e4relmaksu v\u00f5imaluste kohta leiad ostukorvist, kui oled toote lisanud ja asud maksma. Leping s\u00f5lmitakse makseprotsessi k\u00e4igus.<\/strong><\/span><\/span><\/p>\n","protected":false},"featured_media":40799,"comment_status":"open","ping_status":"closed","template":"","meta":[],"product_brand":[],"product_cat":[110,1162,1165,1166,1450],"product_tag":[],"class_list":{"0":"post-40801","1":"product","2":"type-product","3":"status-publish","4":"has-post-thumbnail","6":"product_cat-mangimine","7":"product_cat-kingituseks","8":"product_cat-3-5-aastat","9":"product_cat-6-8-aastat","10":"product_cat-nukumajad","11":"product_shipping_class-kuller-9-95","12":"has-post-title","13":"has-post-date","14":"has-post-category","15":"has-post-tag","16":"has-post-comment","17":"has-post-author","18":"","20":"first","21":"instock","22":"sale","23":"taxable","24":"shipping-taxable","25":"purchasable","26":"product-type-simple"},"yoast_head":"<!-- This site is optimized with the Yoast SEO plugin v26.8 - https:\/\/yoast.com\/product\/yoast-seo-wordpress\/ -->\n<title>LULILO puidust nukumaja Boho LED-valgustusega, 78 cm - sulin.ee<\/title>\n<meta name=\"description\" content=\"Boho stiilis LULILO puidust nukumaja 3 korruse, 4 toa ja m\u00f6\u00f6bliga. Kaunis m\u00e4nguvilla LED-valgustusega \u2013 ideaalne rollim\u00e4ngudeks ja kingituseks lapsele!\" \/>\n<meta name=\"robots\" content=\"index, follow, max-snippet:-1, max-image-preview:large, max-video-preview:-1\" \/>\n<link rel=\"canonical\" href=\"https:\/\/sulin.ee\/en\/toode\/lulilo-puidust-nukumaja-boho-led-valgustusega-78-cm\/\" \/>\n<meta property=\"og:locale\" content=\"en_US\" \/>\n<meta property=\"og:type\" content=\"article\" \/>\n<meta property=\"og:title\" content=\"LULILO puidust nukumaja Boho LED-valgustusega, 78 cm - sulin.ee\" \/>\n<meta property=\"og:description\" content=\"Boho stiilis LULILO puidust nukumaja 3 korruse, 4 toa ja m\u00f6\u00f6bliga. Kaunis m\u00e4nguvilla LED-valgustusega \u2013 ideaalne rollim\u00e4ngudeks ja kingituseks lapsele!\" \/>\n<meta property=\"og:url\" content=\"https:\/\/sulin.ee\/en\/toode\/lulilo-puidust-nukumaja-boho-led-valgustusega-78-cm\/\" \/>\n<meta property=\"og:site_name\" content=\"sulin.ee\" \/>\n<meta property=\"article:publisher\" content=\"https:\/\/www.facebook.com\/www.sulin.ee\/\" \/>\n<meta property=\"article:modified_time\" content=\"2025-03-26T12:56:01+00:00\" \/>\n<meta property=\"og:image\" content=\"https:\/\/sulin.ee\/wp-content\/uploads\/2025\/03\/LULILO-Domek-dla-lalek-drewniany-apartament-Ikonka-boho-937271.jpg\" \/>\n\t<meta property=\"og:image:width\" content=\"1600\" \/>\n\t<meta property=\"og:image:height\" content=\"1600\" \/>\n\t<meta property=\"og:image:type\" content=\"image\/jpeg\" \/>\n<meta name=\"twitter:card\" content=\"summary_large_image\" \/>\n<meta name=\"twitter:label1\" content=\"Est. reading time\" \/>\n\t<meta name=\"twitter:data1\" content=\"2 minutes\" \/>\n<script type=\"application\/ld+json\" class=\"yoast-schema-graph\">{\"@context\":\"https:\/\/schema.org\",\"@graph\":[{\"@type\":\"WebPage\",\"@id\":\"https:\/\/sulin.ee\/en\/toode\/lulilo-puidust-nukumaja-boho-led-valgustusega-78-cm\/\",\"url\":\"https:\/\/sulin.ee\/en\/toode\/lulilo-puidust-nukumaja-boho-led-valgustusega-78-cm\/\",\"name\":\"LULILO puidust nukumaja Boho LED-valgustusega, 78 cm - sulin.ee\",\"isPartOf\":{\"@id\":\"https:\/\/sulin.ee\/en\/#website\"},\"primaryImageOfPage\":{\"@id\":\"https:\/\/sulin.ee\/en\/toode\/lulilo-puidust-nukumaja-boho-led-valgustusega-78-cm\/#primaryimage\"},\"image\":{\"@id\":\"https:\/\/sulin.ee\/en\/toode\/lulilo-puidust-nukumaja-boho-led-valgustusega-78-cm\/#primaryimage\"},\"thumbnailUrl\":\"https:\/\/sulin.ee\/wp-content\/uploads\/2025\/03\/LULILO-Domek-dla-lalek-drewniany-apartament-Ikonka-boho-937271.jpg\",\"datePublished\":\"2025-03-25T20:18:31+00:00\",\"dateModified\":\"2025-03-26T12:56:01+00:00\",\"description\":\"Boho stiilis LULILO puidust nukumaja 3 korruse, 4 toa ja m\u00f6\u00f6bliga. Kaunis m\u00e4nguvilla LED-valgustusega \u2013 ideaalne rollim\u00e4ngudeks ja kingituseks lapsele!\",\"breadcrumb\":{\"@id\":\"https:\/\/sulin.ee\/en\/toode\/lulilo-puidust-nukumaja-boho-led-valgustusega-78-cm\/#breadcrumb\"},\"inLanguage\":\"en-US\",\"potentialAction\":[{\"@type\":\"ReadAction\",\"target\":[\"https:\/\/sulin.ee\/en\/toode\/lulilo-puidust-nukumaja-boho-led-valgustusega-78-cm\/\"]}]},{\"@type\":\"ImageObject\",\"inLanguage\":\"en-US\",\"@id\":\"https:\/\/sulin.ee\/en\/toode\/lulilo-puidust-nukumaja-boho-led-valgustusega-78-cm\/#primaryimage\",\"url\":\"https:\/\/sulin.ee\/wp-content\/uploads\/2025\/03\/LULILO-Domek-dla-lalek-drewniany-apartament-Ikonka-boho-937271.jpg\",\"contentUrl\":\"https:\/\/sulin.ee\/wp-content\/uploads\/2025\/03\/LULILO-Domek-dla-lalek-drewniany-apartament-Ikonka-boho-937271.jpg\",\"width\":1600,\"height\":1600,\"caption\":\"LULILO puidust nukumaja Boho\"},{\"@type\":\"BreadcrumbList\",\"@id\":\"https:\/\/sulin.ee\/en\/toode\/lulilo-puidust-nukumaja-boho-led-valgustusega-78-cm\/#breadcrumb\",\"itemListElement\":[{\"@type\":\"ListItem\",\"position\":1,\"name\":\"Home\",\"item\":\"https:\/\/sulin.ee\/en\/\"},{\"@type\":\"ListItem\",\"position\":2,\"name\":\"Sulin.ee e-pood\",\"item\":\"https:\/\/sulin.ee\/shop\/\"},{\"@type\":\"ListItem\",\"position\":3,\"name\":\"LULILO puidust nukumaja Boho LED-valgustusega, 78 cm\"}]},{\"@type\":\"WebSite\",\"@id\":\"https:\/\/sulin.ee\/en\/#website\",\"url\":\"https:\/\/sulin.ee\/en\/\",\"name\":\"sulin.ee\",\"description\":\"\",\"publisher\":{\"@id\":\"https:\/\/sulin.ee\/en\/#organization\"},\"potentialAction\":[{\"@type\":\"SearchAction\",\"target\":{\"@type\":\"EntryPoint\",\"urlTemplate\":\"https:\/\/sulin.ee\/en\/?s={search_term_string}\"},\"query-input\":{\"@type\":\"PropertyValueSpecification\",\"valueRequired\":true,\"valueName\":\"search_term_string\"}}],\"inLanguage\":\"en-US\"},{\"@type\":\"Organization\",\"@id\":\"https:\/\/sulin.ee\/en\/#organization\",\"name\":\"SULIN TRADE O\u00dc\",\"url\":\"https:\/\/sulin.ee\/en\/\",\"logo\":{\"@type\":\"ImageObject\",\"inLanguage\":\"en-US\",\"@id\":\"https:\/\/sulin.ee\/en\/#\/schema\/logo\/image\/\",\"url\":\"https:\/\/sulin.ee\/wp-content\/uploads\/2022\/11\/sulin-logo.png\",\"contentUrl\":\"https:\/\/sulin.ee\/wp-content\/uploads\/2022\/11\/sulin-logo.png\",\"width\":871,\"height\":321,\"caption\":\"SULIN TRADE O\u00dc\"},\"image\":{\"@id\":\"https:\/\/sulin.ee\/en\/#\/schema\/logo\/image\/\"},\"sameAs\":[\"https:\/\/www.facebook.com\/www.sulin.ee\/\",\"https:\/\/www.instagram.com\/sulintrade\/\"]}]}<\/script>\n<!-- \/ Yoast SEO plugin. -->","yoast_head_json":{"title":"LULILO puidust nukumaja Boho LED-valgustusega, 78 cm - sulin.ee","description":"Boho stiilis LULILO puidust nukumaja 3 korruse, 4 toa ja m\u00f6\u00f6bliga. Kaunis m\u00e4nguvilla LED-valgustusega \u2013 ideaalne rollim\u00e4ngudeks ja kingituseks lapsele!","robots":{"index":"index","follow":"follow","max-snippet":"max-snippet:-1","max-image-preview":"max-image-preview:large","max-video-preview":"max-video-preview:-1"},"canonical":"https:\/\/sulin.ee\/en\/toode\/lulilo-puidust-nukumaja-boho-led-valgustusega-78-cm\/","og_locale":"en_US","og_type":"article","og_title":"LULILO puidust nukumaja Boho LED-valgustusega, 78 cm - sulin.ee","og_description":"Boho stiilis LULILO puidust nukumaja 3 korruse, 4 toa ja m\u00f6\u00f6bliga. Kaunis m\u00e4nguvilla LED-valgustusega \u2013 ideaalne rollim\u00e4ngudeks ja kingituseks lapsele!","og_url":"https:\/\/sulin.ee\/en\/toode\/lulilo-puidust-nukumaja-boho-led-valgustusega-78-cm\/","og_site_name":"sulin.ee","article_publisher":"https:\/\/www.facebook.com\/www.sulin.ee\/","article_modified_time":"2025-03-26T12:56:01+00:00","og_image":[{"width":1600,"height":1600,"url":"https:\/\/sulin.ee\/wp-content\/uploads\/2025\/03\/LULILO-Domek-dla-lalek-drewniany-apartament-Ikonka-boho-937271.jpg","type":"image\/jpeg"}],"twitter_card":"summary_large_image","twitter_misc":{"Est. reading time":"2 minutes"},"schema":{"@context":"https:\/\/schema.org","@graph":[{"@type":"WebPage","@id":"https:\/\/sulin.ee\/en\/toode\/lulilo-puidust-nukumaja-boho-led-valgustusega-78-cm\/","url":"https:\/\/sulin.ee\/en\/toode\/lulilo-puidust-nukumaja-boho-led-valgustusega-78-cm\/","name":"LULILO puidust nukumaja Boho LED-valgustusega, 78 cm - sulin.ee","isPartOf":{"@id":"https:\/\/sulin.ee\/en\/#website"},"primaryImageOfPage":{"@id":"https:\/\/sulin.ee\/en\/toode\/lulilo-puidust-nukumaja-boho-led-valgustusega-78-cm\/#primaryimage"},"image":{"@id":"https:\/\/sulin.ee\/en\/toode\/lulilo-puidust-nukumaja-boho-led-valgustusega-78-cm\/#primaryimage"},"thumbnailUrl":"https:\/\/sulin.ee\/wp-content\/uploads\/2025\/03\/LULILO-Domek-dla-lalek-drewniany-apartament-Ikonka-boho-937271.jpg","datePublished":"2025-03-25T20:18:31+00:00","dateModified":"2025-03-26T12:56:01+00:00","description":"Boho stiilis LULILO puidust nukumaja 3 korruse, 4 toa ja m\u00f6\u00f6bliga. Kaunis m\u00e4nguvilla LED-valgustusega \u2013 ideaalne rollim\u00e4ngudeks ja kingituseks lapsele!","breadcrumb":{"@id":"https:\/\/sulin.ee\/en\/toode\/lulilo-puidust-nukumaja-boho-led-valgustusega-78-cm\/#breadcrumb"},"inLanguage":"en-US","potentialAction":[{"@type":"ReadAction","target":["https:\/\/sulin.ee\/en\/toode\/lulilo-puidust-nukumaja-boho-led-valgustusega-78-cm\/"]}]},{"@type":"ImageObject","inLanguage":"en-US","@id":"https:\/\/sulin.ee\/en\/toode\/lulilo-puidust-nukumaja-boho-led-valgustusega-78-cm\/#primaryimage","url":"https:\/\/sulin.ee\/wp-content\/uploads\/2025\/03\/LULILO-Domek-dla-lalek-drewniany-apartament-Ikonka-boho-937271.jpg","contentUrl":"https:\/\/sulin.ee\/wp-content\/uploads\/2025\/03\/LULILO-Domek-dla-lalek-drewniany-apartament-Ikonka-boho-937271.jpg","width":1600,"height":1600,"caption":"LULILO puidust nukumaja Boho"},{"@type":"BreadcrumbList","@id":"https:\/\/sulin.ee\/en\/toode\/lulilo-puidust-nukumaja-boho-led-valgustusega-78-cm\/#breadcrumb","itemListElement":[{"@type":"ListItem","position":1,"name":"Home","item":"https:\/\/sulin.ee\/en\/"},{"@type":"ListItem","position":2,"name":"Sulin.ee e-pood","item":"https:\/\/sulin.ee\/shop\/"},{"@type":"ListItem","position":3,"name":"LULILO puidust nukumaja Boho LED-valgustusega, 78 cm"}]},{"@type":"WebSite","@id":"https:\/\/sulin.ee\/en\/#website","url":"https:\/\/sulin.ee\/en\/","name":"sulin.ee","description":"","publisher":{"@id":"https:\/\/sulin.ee\/en\/#organization"},"potentialAction":[{"@type":"SearchAction","target":{"@type":"EntryPoint","urlTemplate":"https:\/\/sulin.ee\/en\/?s={search_term_string}"},"query-input":{"@type":"PropertyValueSpecification","valueRequired":true,"valueName":"search_term_string"}}],"inLanguage":"en-US"},{"@type":"Organization","@id":"https:\/\/sulin.ee\/en\/#organization","name":"SULIN TRADE O\u00dc","url":"https:\/\/sulin.ee\/en\/","logo":{"@type":"ImageObject","inLanguage":"en-US","@id":"https:\/\/sulin.ee\/en\/#\/schema\/logo\/image\/","url":"https:\/\/sulin.ee\/wp-content\/uploads\/2022\/11\/sulin-logo.png","contentUrl":"https:\/\/sulin.ee\/wp-content\/uploads\/2022\/11\/sulin-logo.png","width":871,"height":321,"caption":"SULIN TRADE O\u00dc"},"image":{"@id":"https:\/\/sulin.ee\/en\/#\/schema\/logo\/image\/"},"sameAs":["https:\/\/www.facebook.com\/www.sulin.ee\/","https:\/\/www.instagram.com\/sulintrade\/"]}]}},"builder_content":"","_links":{"self":[{"href":"https:\/\/sulin.ee\/en\/wp-json\/wp\/v2\/product\/40801","targetHints":{"allow":["GET"]}}],"collection":[{"href":"https:\/\/sulin.ee\/en\/wp-json\/wp\/v2\/product"}],"about":[{"href":"https:\/\/sulin.ee\/en\/wp-json\/wp\/v2\/types\/product"}],"replies":[{"embeddable":true,"href":"https:\/\/sulin.ee\/en\/wp-json\/wp\/v2\/comments?post=40801"}],"wp:featuredmedia":[{"embeddable":true,"href":"https:\/\/sulin.ee\/en\/wp-json\/wp\/v2\/media\/40799"}],"wp:attachment":[{"href":"https:\/\/sulin.ee\/en\/wp-json\/wp\/v2\/media?parent=40801"}],"wp:term":[{"taxonomy":"product_brand","embeddable":true,"href":"https:\/\/sulin.ee\/en\/wp-json\/wp\/v2\/product_brand?post=40801"},{"taxonomy":"product_cat","embeddable":true,"href":"https:\/\/sulin.ee\/en\/wp-json\/wp\/v2\/product_cat?post=40801"},{"taxonomy":"product_tag","embeddable":true,"href":"https:\/\/sulin.ee\/en\/wp-json\/wp\/v2\/product_tag?post=40801"}],"curies":[{"name":"wp","href":"https:\/\/api.w.org\/{rel}","templated":true}]}}