{"id":40782,"date":"2025-03-17T20:18:24","date_gmt":"2025-03-17T20:18:24","guid":{"rendered":"https:\/\/sulin.ee\/toode\/lulilo-laste-puidust-kook-mdf-kuketo-tarvikud\/"},"modified":"2025-03-18T14:01:01","modified_gmt":"2025-03-18T14:01:01","slug":"laste-puidust-mangukook-lulilo-tarvikud-85cm","status":"publish","type":"product","link":"https:\/\/sulin.ee\/en\/toode\/laste-puidust-mangukook-lulilo-tarvikud-85cm\/","title":{"rendered":"Laste puidust m\u00e4nguk\u00f6\u00f6k LULILO + tarvikud 85cm"},"content":{"rendered":"<p><strong data-start=\"0\" data-end=\"45\">Laste puidust m\u00e4nguk\u00f6\u00f6k LULILO + tarvikud<\/strong><\/p>\n<div class=\"flex max-w-full flex-col flex-grow\">\n<div class=\"min-h-8 text-message relative flex w-full flex-col items-end gap-2 whitespace-normal break-words text-start [.text-message+&amp;]:mt-5\" dir=\"auto\" data-message-author-role=\"assistant\" data-message-id=\"7dc29134-95c8-4916-b813-c61aeaa6df79\" data-message-model-slug=\"gpt-4\">\n<div class=\"flex w-full flex-col gap-1 empty:hidden first:pt-[3px]\">\n<div class=\"markdown prose w-full break-words dark:prose-invert light\">\n<p data-start=\"47\" data-end=\"299\">Avasta koos oma lapsega kokanduse p\u00f5nev maailm LULILO puidust m\u00e4nguk\u00f6\u00f6giga, mis on loodud inspireerima ja arendama noori kokkasid. T\u00e4iuslikult kujundatud, et j\u00e4ljendada t\u00f5elist k\u00f6\u00f6ki, pakub see k\u00f6\u00f6k rohkelt v\u00f5imalusi loovaks m\u00e4nguks ja \u00f5ppimiseks.<\/p>\n<p data-start=\"47\" data-end=\"299\"><strong>TARNE:<\/strong> 5-12 t\u00f6\u00f6p\u00e4eva<\/p>\n<p data-start=\"301\" data-end=\"320\"><strong data-start=\"301\" data-end=\"320\">K\u00f6\u00f6gi Omadused:<\/strong><\/p>\n<p data-start=\"322\" data-end=\"447\">\u2705 <strong data-start=\"324\" data-end=\"349\">Realistlikud Seadmed:<\/strong> Varustatud kraani, pliidi, mikrolaineahju ja riiulitega, muutes m\u00e4ngu harivaks ja kaasahaaravaks.<\/p>\n<p data-start=\"449\" data-end=\"571\">\u2705 <strong data-start=\"451\" data-end=\"475\">Ohutu ja Vastupidav:<\/strong> Valmistatud kvaliteetsest MDF puitkiudplaadist ja puidust, tagades pikaajalise kestvuse ja laste turvalisuse.<\/p>\n<p data-start=\"573\" data-end=\"725\">\u2705 <strong data-start=\"575\" data-end=\"595\">Hariduslik L\u00f5bu:<\/strong> K\u00f6\u00f6gis on nii kuivatusrest kui ka eemaldatav metallist valamu, pakkudes l\u00f5busat viisi \u00f5ppida n\u00f5ude pesemist ja toiduvalmistamist.<\/p>\n<p data-start=\"727\" data-end=\"865\">\u2705 <strong data-start=\"729\" data-end=\"749\">Lihtne Kasutada:<\/strong> Pliidi juhtnupud on disainitud nii, et laps saab neid kergesti keerata, arendades samal ajal oma motoorseid oskusi.<\/p>\n<p data-start=\"867\" data-end=\"1020\">\u2705 <strong data-start=\"869\" data-end=\"894\">K\u00f6\u00f6gitarvikud Kaasas:<\/strong> Komplekti kuuluvad pott, pann ja muud olulised k\u00f6\u00f6giriistad, mis on valmistatud vastupidavast metallist, tagades ohutu m\u00e4ngu.<\/p>\n<p data-start=\"1022\" data-end=\"1112\">\u2705 <strong data-start=\"1024\" data-end=\"1036\">M\u00f5\u00f5tmed:<\/strong> K\u00f6\u00f6gi m\u00f5\u00f5dud on 68 x 25.5 x 85 cm, ideaalne suurus v\u00e4ikestele kokkadele.<\/p>\n<p data-start=\"1114\" data-end=\"1275\">\u2705 <strong data-start=\"1116\" data-end=\"1138\">Keskkonnas\u00f5bralik:<\/strong> Suurep\u00e4rane valik teadlikele vanematele, kes hindavad looduslikke materjale ja soovivad \u00f5petada oma lastele keskkonna hoidmise t\u00e4htsust.<\/p>\n<p data-start=\"1277\" data-end=\"1305\"><strong data-start=\"1277\" data-end=\"1305\">Pakendi Sisu ja M\u00f5\u00f5tmed:<\/strong><\/p>\n<ul data-start=\"1307\" data-end=\"1473\">\n<li data-start=\"1307\" data-end=\"1331\">\u2705 K\u00f6\u00f6k ise kokkupanekuks<\/li>\n<li data-start=\"1332\" data-end=\"1357\">\u2705 Metallist k\u00f6\u00f6gitarvikud<\/li>\n<li data-start=\"1358\" data-end=\"1399\">\u2705 Pakendi m\u00f5\u00f5tmed: 92 x 30.5 x 15.5 cm<\/li>\n<li data-start=\"1400\" data-end=\"1473\">\u2705 Toode on hoolikalt pakitud pappkarpi, tagades turvalise transportimise.<\/li>\n<\/ul>\n<p><strong>Vanus:<\/strong> 3+ aastat.<\/p>\n<p data-start=\"1475\" data-end=\"1762\" data-is-last-node=\"\" data-is-only-node=\"\"><strong data-start=\"1475\" data-end=\"1520\">Lulilo Puidust K\u00f6\u00f6k <\/strong>on rohkem kui lihtsalt m\u00e4nguasi; see arendab teie lapse loovust ja iseseisvumist ning annab inspiratsiooni, et saada t\u00f5eliseks k\u00f6\u00f6gimeistriks. Saage osa sellest l\u00f5busast ja \u00f5petlikust seiklusest juba t\u00e4na!<\/p>\n<p data-start=\"1475\" data-end=\"1762\" data-is-last-node=\"\" data-is-only-node=\"\">Lisaks m\u00e4nguk\u00f6\u00f6gile leiate meie valikust ka teisi k\u00f6\u00f6gitarvikuid, mis rikastavad m\u00e4nguelamust ja pakuvad l\u00f5putult \u00f5ppimisv\u00f5imalusi. <strong><a href=\"https:\/\/sulin.ee\/tootekategooria\/mangimine\/rollimangud\/koogimanguasjad\/\">Leiad siit!<\/a><\/strong><\/p>\n<\/div>\n<\/div>\n<\/div>\n<\/div>\n","protected":false},"excerpt":{"rendered":"<p><strong>Laste puidust m\u00e4nguk\u00f6\u00f6k<\/strong> on ideaalne komplekt v\u00e4ikestele kokkadele, pakkudes realistlikke k\u00f6\u00f6giseadmeid ja tarvikuid. K\u00f6\u00f6k julgustab loovat m\u00e4ngu, \u00f5petab toiduvalmistamise p\u00f5hit\u00f5desid ja arendab k\u00e4elisi oskusi turvalises ning harivas keskkonnas.<\/p>\n<p><strong>M\u00f5\u00f5tmed:<\/strong> 85 x 59,5 x 30 cm.<\/p>\n<p><strong>Vanus:<\/strong> 3+ aastat.<\/p>\n<p><strong>TARNE:<\/strong> 5-12 t\u00f6\u00f6p\u00e4eva<\/p>\n<p><span style=\"color: #339966;\"><img loading=\"lazy\" decoding=\"async\" class=\"alignnone wp-image-22011\" src=\"https:\/\/sulin.ee\/wp-content\/uploads\/2024\/08\/images-300x134.png\" alt=\"\" width=\"77\" height=\"34\" \/><span style=\"color: #ff9900;\"><strong> Toote eest on v\u00f5imalik tasuda ka j\u00e4relmaksuga. T\u00e4pse info j\u00e4relmaksu v\u00f5imaluste kohta leiad ostukorvist, kui oled toote lisanud ja asud maksma. Leping s\u00f5lmitakse makseprotsessi k\u00e4igus.<\/strong><\/span><\/span><\/p>\n","protected":false},"featured_media":40780,"comment_status":"open","ping_status":"closed","template":"","meta":[],"product_brand":[],"product_cat":[110,1162,1165,1166,176,1011,1449],"product_tag":[],"class_list":{"0":"post-40782","1":"product","2":"type-product","3":"status-publish","4":"has-post-thumbnail","6":"product_cat-mangimine","7":"product_cat-kingituseks","8":"product_cat-3-5-aastat","9":"product_cat-6-8-aastat","10":"product_cat-rollimangud","11":"product_cat-koogimanguasjad","12":"product_cat-mangukoogid-lastele","13":"product_shipping_class-kuller-9-95","14":"has-post-title","15":"has-post-date","16":"has-post-category","17":"has-post-tag","18":"has-post-comment","19":"has-post-author","20":"","22":"first","23":"instock","24":"sale","25":"taxable","26":"shipping-taxable","27":"purchasable","28":"product-type-simple"},"yoast_head":"<!-- This site is optimized with the Yoast SEO plugin v26.8 - https:\/\/yoast.com\/product\/yoast-seo-wordpress\/ -->\n<title>Laste puidust m\u00e4nguk\u00f6\u00f6k LULILO + tarvikud 85cm - sulin.ee<\/title>\n<meta name=\"description\" content=\"Laste puidust m\u00e4nguk\u00f6\u00f6k - t\u00e4iuslik komplekt, mis innustab noori kokkasid oma oskusi arendama. Varustatud realistlike k\u00f6\u00f6giseadmetega.\" \/>\n<meta name=\"robots\" content=\"index, follow, max-snippet:-1, max-image-preview:large, max-video-preview:-1\" \/>\n<link rel=\"canonical\" href=\"https:\/\/sulin.ee\/en\/toode\/laste-puidust-mangukook-lulilo-tarvikud-85cm\/\" \/>\n<meta property=\"og:locale\" content=\"en_US\" \/>\n<meta property=\"og:type\" content=\"article\" \/>\n<meta property=\"og:title\" content=\"Laste puidust m\u00e4nguk\u00f6\u00f6k LULILO + tarvikud 85cm - sulin.ee\" \/>\n<meta property=\"og:description\" content=\"Laste puidust m\u00e4nguk\u00f6\u00f6k - t\u00e4iuslik komplekt, mis innustab noori kokkasid oma oskusi arendama. Varustatud realistlike k\u00f6\u00f6giseadmetega.\" \/>\n<meta property=\"og:url\" content=\"https:\/\/sulin.ee\/en\/toode\/laste-puidust-mangukook-lulilo-tarvikud-85cm\/\" \/>\n<meta property=\"og:site_name\" content=\"sulin.ee\" \/>\n<meta property=\"article:publisher\" content=\"https:\/\/www.facebook.com\/www.sulin.ee\/\" \/>\n<meta property=\"article:modified_time\" content=\"2025-03-18T14:01:01+00:00\" \/>\n<meta property=\"og:image\" content=\"https:\/\/sulin.ee\/wp-content\/uploads\/2025\/03\/LULILO-Kuchnia-drewniana-MDF-Kuketo-akcesoria-1013362.jpg\" \/>\n\t<meta property=\"og:image:width\" content=\"1024\" \/>\n\t<meta property=\"og:image:height\" content=\"1024\" \/>\n\t<meta property=\"og:image:type\" content=\"image\/jpeg\" \/>\n<meta name=\"twitter:card\" content=\"summary_large_image\" \/>\n<meta name=\"twitter:label1\" content=\"Est. reading time\" \/>\n\t<meta name=\"twitter:data1\" content=\"2 minutes\" \/>\n<script type=\"application\/ld+json\" class=\"yoast-schema-graph\">{\"@context\":\"https:\/\/schema.org\",\"@graph\":[{\"@type\":\"WebPage\",\"@id\":\"https:\/\/sulin.ee\/en\/toode\/laste-puidust-mangukook-lulilo-tarvikud-85cm\/\",\"url\":\"https:\/\/sulin.ee\/en\/toode\/laste-puidust-mangukook-lulilo-tarvikud-85cm\/\",\"name\":\"Laste puidust m\u00e4nguk\u00f6\u00f6k LULILO + tarvikud 85cm - sulin.ee\",\"isPartOf\":{\"@id\":\"https:\/\/sulin.ee\/en\/#website\"},\"primaryImageOfPage\":{\"@id\":\"https:\/\/sulin.ee\/en\/toode\/laste-puidust-mangukook-lulilo-tarvikud-85cm\/#primaryimage\"},\"image\":{\"@id\":\"https:\/\/sulin.ee\/en\/toode\/laste-puidust-mangukook-lulilo-tarvikud-85cm\/#primaryimage\"},\"thumbnailUrl\":\"https:\/\/sulin.ee\/wp-content\/uploads\/2025\/03\/LULILO-Kuchnia-drewniana-MDF-Kuketo-akcesoria-1013362.jpg\",\"datePublished\":\"2025-03-17T20:18:24+00:00\",\"dateModified\":\"2025-03-18T14:01:01+00:00\",\"description\":\"Laste puidust m\u00e4nguk\u00f6\u00f6k - t\u00e4iuslik komplekt, mis innustab noori kokkasid oma oskusi arendama. Varustatud realistlike k\u00f6\u00f6giseadmetega.\",\"breadcrumb\":{\"@id\":\"https:\/\/sulin.ee\/en\/toode\/laste-puidust-mangukook-lulilo-tarvikud-85cm\/#breadcrumb\"},\"inLanguage\":\"en-US\",\"potentialAction\":[{\"@type\":\"ReadAction\",\"target\":[\"https:\/\/sulin.ee\/en\/toode\/laste-puidust-mangukook-lulilo-tarvikud-85cm\/\"]}]},{\"@type\":\"ImageObject\",\"inLanguage\":\"en-US\",\"@id\":\"https:\/\/sulin.ee\/en\/toode\/laste-puidust-mangukook-lulilo-tarvikud-85cm\/#primaryimage\",\"url\":\"https:\/\/sulin.ee\/wp-content\/uploads\/2025\/03\/LULILO-Kuchnia-drewniana-MDF-Kuketo-akcesoria-1013362.jpg\",\"contentUrl\":\"https:\/\/sulin.ee\/wp-content\/uploads\/2025\/03\/LULILO-Kuchnia-drewniana-MDF-Kuketo-akcesoria-1013362.jpg\",\"width\":1024,\"height\":1024,\"caption\":\"Laste puidust m\u00e4nguk\u00f6\u00f6k\"},{\"@type\":\"BreadcrumbList\",\"@id\":\"https:\/\/sulin.ee\/en\/toode\/laste-puidust-mangukook-lulilo-tarvikud-85cm\/#breadcrumb\",\"itemListElement\":[{\"@type\":\"ListItem\",\"position\":1,\"name\":\"Home\",\"item\":\"https:\/\/sulin.ee\/en\/\"},{\"@type\":\"ListItem\",\"position\":2,\"name\":\"Sulin.ee e-pood\",\"item\":\"https:\/\/sulin.ee\/shop\/\"},{\"@type\":\"ListItem\",\"position\":3,\"name\":\"Laste puidust m\u00e4nguk\u00f6\u00f6k LULILO + tarvikud 85cm\"}]},{\"@type\":\"WebSite\",\"@id\":\"https:\/\/sulin.ee\/en\/#website\",\"url\":\"https:\/\/sulin.ee\/en\/\",\"name\":\"sulin.ee\",\"description\":\"\",\"publisher\":{\"@id\":\"https:\/\/sulin.ee\/en\/#organization\"},\"potentialAction\":[{\"@type\":\"SearchAction\",\"target\":{\"@type\":\"EntryPoint\",\"urlTemplate\":\"https:\/\/sulin.ee\/en\/?s={search_term_string}\"},\"query-input\":{\"@type\":\"PropertyValueSpecification\",\"valueRequired\":true,\"valueName\":\"search_term_string\"}}],\"inLanguage\":\"en-US\"},{\"@type\":\"Organization\",\"@id\":\"https:\/\/sulin.ee\/en\/#organization\",\"name\":\"SULIN TRADE O\u00dc\",\"url\":\"https:\/\/sulin.ee\/en\/\",\"logo\":{\"@type\":\"ImageObject\",\"inLanguage\":\"en-US\",\"@id\":\"https:\/\/sulin.ee\/en\/#\/schema\/logo\/image\/\",\"url\":\"https:\/\/sulin.ee\/wp-content\/uploads\/2022\/11\/sulin-logo.png\",\"contentUrl\":\"https:\/\/sulin.ee\/wp-content\/uploads\/2022\/11\/sulin-logo.png\",\"width\":871,\"height\":321,\"caption\":\"SULIN TRADE O\u00dc\"},\"image\":{\"@id\":\"https:\/\/sulin.ee\/en\/#\/schema\/logo\/image\/\"},\"sameAs\":[\"https:\/\/www.facebook.com\/www.sulin.ee\/\",\"https:\/\/www.instagram.com\/sulintrade\/\"]}]}<\/script>\n<!-- \/ Yoast SEO plugin. -->","yoast_head_json":{"title":"Laste puidust m\u00e4nguk\u00f6\u00f6k LULILO + tarvikud 85cm - sulin.ee","description":"Laste puidust m\u00e4nguk\u00f6\u00f6k - t\u00e4iuslik komplekt, mis innustab noori kokkasid oma oskusi arendama. Varustatud realistlike k\u00f6\u00f6giseadmetega.","robots":{"index":"index","follow":"follow","max-snippet":"max-snippet:-1","max-image-preview":"max-image-preview:large","max-video-preview":"max-video-preview:-1"},"canonical":"https:\/\/sulin.ee\/en\/toode\/laste-puidust-mangukook-lulilo-tarvikud-85cm\/","og_locale":"en_US","og_type":"article","og_title":"Laste puidust m\u00e4nguk\u00f6\u00f6k LULILO + tarvikud 85cm - sulin.ee","og_description":"Laste puidust m\u00e4nguk\u00f6\u00f6k - t\u00e4iuslik komplekt, mis innustab noori kokkasid oma oskusi arendama. Varustatud realistlike k\u00f6\u00f6giseadmetega.","og_url":"https:\/\/sulin.ee\/en\/toode\/laste-puidust-mangukook-lulilo-tarvikud-85cm\/","og_site_name":"sulin.ee","article_publisher":"https:\/\/www.facebook.com\/www.sulin.ee\/","article_modified_time":"2025-03-18T14:01:01+00:00","og_image":[{"width":1024,"height":1024,"url":"https:\/\/sulin.ee\/wp-content\/uploads\/2025\/03\/LULILO-Kuchnia-drewniana-MDF-Kuketo-akcesoria-1013362.jpg","type":"image\/jpeg"}],"twitter_card":"summary_large_image","twitter_misc":{"Est. reading time":"2 minutes"},"schema":{"@context":"https:\/\/schema.org","@graph":[{"@type":"WebPage","@id":"https:\/\/sulin.ee\/en\/toode\/laste-puidust-mangukook-lulilo-tarvikud-85cm\/","url":"https:\/\/sulin.ee\/en\/toode\/laste-puidust-mangukook-lulilo-tarvikud-85cm\/","name":"Laste puidust m\u00e4nguk\u00f6\u00f6k LULILO + tarvikud 85cm - sulin.ee","isPartOf":{"@id":"https:\/\/sulin.ee\/en\/#website"},"primaryImageOfPage":{"@id":"https:\/\/sulin.ee\/en\/toode\/laste-puidust-mangukook-lulilo-tarvikud-85cm\/#primaryimage"},"image":{"@id":"https:\/\/sulin.ee\/en\/toode\/laste-puidust-mangukook-lulilo-tarvikud-85cm\/#primaryimage"},"thumbnailUrl":"https:\/\/sulin.ee\/wp-content\/uploads\/2025\/03\/LULILO-Kuchnia-drewniana-MDF-Kuketo-akcesoria-1013362.jpg","datePublished":"2025-03-17T20:18:24+00:00","dateModified":"2025-03-18T14:01:01+00:00","description":"Laste puidust m\u00e4nguk\u00f6\u00f6k - t\u00e4iuslik komplekt, mis innustab noori kokkasid oma oskusi arendama. Varustatud realistlike k\u00f6\u00f6giseadmetega.","breadcrumb":{"@id":"https:\/\/sulin.ee\/en\/toode\/laste-puidust-mangukook-lulilo-tarvikud-85cm\/#breadcrumb"},"inLanguage":"en-US","potentialAction":[{"@type":"ReadAction","target":["https:\/\/sulin.ee\/en\/toode\/laste-puidust-mangukook-lulilo-tarvikud-85cm\/"]}]},{"@type":"ImageObject","inLanguage":"en-US","@id":"https:\/\/sulin.ee\/en\/toode\/laste-puidust-mangukook-lulilo-tarvikud-85cm\/#primaryimage","url":"https:\/\/sulin.ee\/wp-content\/uploads\/2025\/03\/LULILO-Kuchnia-drewniana-MDF-Kuketo-akcesoria-1013362.jpg","contentUrl":"https:\/\/sulin.ee\/wp-content\/uploads\/2025\/03\/LULILO-Kuchnia-drewniana-MDF-Kuketo-akcesoria-1013362.jpg","width":1024,"height":1024,"caption":"Laste puidust m\u00e4nguk\u00f6\u00f6k"},{"@type":"BreadcrumbList","@id":"https:\/\/sulin.ee\/en\/toode\/laste-puidust-mangukook-lulilo-tarvikud-85cm\/#breadcrumb","itemListElement":[{"@type":"ListItem","position":1,"name":"Home","item":"https:\/\/sulin.ee\/en\/"},{"@type":"ListItem","position":2,"name":"Sulin.ee e-pood","item":"https:\/\/sulin.ee\/shop\/"},{"@type":"ListItem","position":3,"name":"Laste puidust m\u00e4nguk\u00f6\u00f6k LULILO + tarvikud 85cm"}]},{"@type":"WebSite","@id":"https:\/\/sulin.ee\/en\/#website","url":"https:\/\/sulin.ee\/en\/","name":"sulin.ee","description":"","publisher":{"@id":"https:\/\/sulin.ee\/en\/#organization"},"potentialAction":[{"@type":"SearchAction","target":{"@type":"EntryPoint","urlTemplate":"https:\/\/sulin.ee\/en\/?s={search_term_string}"},"query-input":{"@type":"PropertyValueSpecification","valueRequired":true,"valueName":"search_term_string"}}],"inLanguage":"en-US"},{"@type":"Organization","@id":"https:\/\/sulin.ee\/en\/#organization","name":"SULIN TRADE O\u00dc","url":"https:\/\/sulin.ee\/en\/","logo":{"@type":"ImageObject","inLanguage":"en-US","@id":"https:\/\/sulin.ee\/en\/#\/schema\/logo\/image\/","url":"https:\/\/sulin.ee\/wp-content\/uploads\/2022\/11\/sulin-logo.png","contentUrl":"https:\/\/sulin.ee\/wp-content\/uploads\/2022\/11\/sulin-logo.png","width":871,"height":321,"caption":"SULIN TRADE O\u00dc"},"image":{"@id":"https:\/\/sulin.ee\/en\/#\/schema\/logo\/image\/"},"sameAs":["https:\/\/www.facebook.com\/www.sulin.ee\/","https:\/\/www.instagram.com\/sulintrade\/"]}]}},"builder_content":"","_links":{"self":[{"href":"https:\/\/sulin.ee\/en\/wp-json\/wp\/v2\/product\/40782","targetHints":{"allow":["GET"]}}],"collection":[{"href":"https:\/\/sulin.ee\/en\/wp-json\/wp\/v2\/product"}],"about":[{"href":"https:\/\/sulin.ee\/en\/wp-json\/wp\/v2\/types\/product"}],"replies":[{"embeddable":true,"href":"https:\/\/sulin.ee\/en\/wp-json\/wp\/v2\/comments?post=40782"}],"wp:featuredmedia":[{"embeddable":true,"href":"https:\/\/sulin.ee\/en\/wp-json\/wp\/v2\/media\/40780"}],"wp:attachment":[{"href":"https:\/\/sulin.ee\/en\/wp-json\/wp\/v2\/media?parent=40782"}],"wp:term":[{"taxonomy":"product_brand","embeddable":true,"href":"https:\/\/sulin.ee\/en\/wp-json\/wp\/v2\/product_brand?post=40782"},{"taxonomy":"product_cat","embeddable":true,"href":"https:\/\/sulin.ee\/en\/wp-json\/wp\/v2\/product_cat?post=40782"},{"taxonomy":"product_tag","embeddable":true,"href":"https:\/\/sulin.ee\/en\/wp-json\/wp\/v2\/product_tag?post=40782"}],"curies":[{"name":"wp","href":"https:\/\/api.w.org\/{rel}","templated":true}]}}