{"id":40753,"date":"2025-03-25T20:18:16","date_gmt":"2025-03-25T20:18:16","guid":{"rendered":"https:\/\/sulin.ee\/toode\/lulilo-raamaturiiul-manguasja-maja-raamaturiiul-2in1-calla-116cm-xxl\/"},"modified":"2025-09-07T21:38:35","modified_gmt":"2025-09-07T21:38:35","slug":"lulilo-2in1-nukumaja-ja-raamaturiiul-lastele","status":"publish","type":"product","link":"https:\/\/sulin.ee\/en\/toode\/lulilo-2in1-nukumaja-ja-raamaturiiul-lastele\/","title":{"rendered":"LULILO 2in1 nukumaja ja raamaturiiul lastele"},"content":{"rendered":"<p class=\"\" data-start=\"161\" data-end=\"251\"><strong data-start=\"161\" data-end=\"249\">LULILO 2in1 nukumaja ja raamaturiiul lastele \u2013 praktiline m\u00f6\u00f6bel ja m\u00e4ngumaailm \u00fches<\/strong><\/p>\n<p class=\"\" data-start=\"253\" data-end=\"626\">Kas otsid lastetuppa midagi, mis oleks \u00fchtaegu nii kaunis, arendav kui ka praktiline? LULILO 2in1 <strong data-start=\"351\" data-end=\"384\">nukumaja stiilis raamaturiiul<\/strong> \u00fchendab m\u00e4ngur\u00f5\u00f5mu ja korras toa \u00fches armsas majakujulises m\u00f6\u00f6blit\u00fckis. See riiul pakub lapsele v\u00f5imalust hoida oma raamatud, m\u00e4nguasjad ja lemmikesemed kenasti organiseeritult, samal ajal kasutades seda kujutlusm\u00e4ngudes nagu p\u00e4ris nukumaja.<\/p>\n<p data-start=\"253\" data-end=\"626\"><strong>TARNE:<\/strong> 5-10 t\u00f6\u00f6p\u00e4eva<\/p>\n<p class=\"\" data-start=\"628\" data-end=\"946\"><strong data-start=\"628\" data-end=\"668\">M\u00e4nguline disain ja funktsionaalsus:<\/strong><br data-start=\"668\" data-end=\"671\" \/>\u2705 Majakujuline riiul sobib ideaalselt rollim\u00e4ngudeks \u2013 kasutatav ka kui nukumaja<br data-start=\"751\" data-end=\"754\" \/>\u2705 Mahukad riiulid raamatutele, m\u00e4nguasjadele ja kaunistustele<br data-start=\"815\" data-end=\"818\" \/>\u2705 Lihtne ligip\u00e4\u00e4s isegi k\u00f5rgematele riiulitele \u2013 ohutu lapsele<br data-start=\"880\" data-end=\"883\" \/>\u2705 Aitab arendada lapse organiseerimisoskust ja vastutustunnet<\/p>\n<p class=\"\" data-start=\"948\" data-end=\"1171\"><strong data-start=\"948\" data-end=\"976\">Sobib igasse lastetuppa:<\/strong><br data-start=\"976\" data-end=\"979\" \/>\u00d5rn ja neutraalne disain sobitub suurep\u00e4raselt nii klassikalisse kui ka modernsesse interj\u00f6\u00f6ri. Pastelsetes toonides m\u00f6\u00f6bel toob tuppa hubasust ja esteetikat, muutudes t\u00f5eliseks pilgup\u00fc\u00fcdjaks.<\/p>\n<p class=\"\" data-start=\"1173\" data-end=\"1447\"><strong data-start=\"1173\" data-end=\"1206\">Kvaliteet ja j\u00e4tkusuutlikkus:<\/strong><br data-start=\"1206\" data-end=\"1209\" \/>Raamaturiiul on valmistatud vastupidavast MDF-plaadist ja puidust, mis teeb selle kauakestvaks ja turvaliseks valikuks igap\u00e4evases kasutuses. Puidust m\u00f6\u00f6bel on ka looduss\u00f5bralik \u2013 sobib peredele, kes hindavad kvaliteeti ja keskkonnahoidu.<\/p>\n<p class=\"\" data-start=\"1449\" data-end=\"1612\"><strong data-start=\"1449\" data-end=\"1460\">M\u00f5\u00f5dud:<\/strong><br data-start=\"1460\" data-end=\"1463\" \/>\u2705 K\u00f5rgus: 116 cm<br data-start=\"1479\" data-end=\"1482\" \/>\u2705 Laius: 82,5 cm<br data-start=\"1498\" data-end=\"1501\" \/>\u2705 S\u00fcgavus: 30 cm<br data-start=\"1517\" data-end=\"1520\" \/>\u2705 I ja II korrus: 38 cm k\u00f5rgune<br data-start=\"1551\" data-end=\"1554\" \/>\u2705 III korrus: 33 cm<br data-start=\"1573\" data-end=\"1576\" \/>\u2705 Pakendi m\u00f5\u00f5dud: 100 \u00d7 38 \u00d7 20 cm<\/p>\n<p class=\"\" data-start=\"1614\" data-end=\"1635\"><strong data-start=\"1614\" data-end=\"1633\">Tehniline info:<\/strong><\/p>\n<ul data-start=\"1636\" data-end=\"1724\">\n<li class=\"\" data-start=\"1636\" data-end=\"1660\">\n<p class=\"\" data-start=\"1638\" data-end=\"1660\">\u2705Materjal: MDF + puit<\/p>\n<\/li>\n<li class=\"\" data-start=\"1661\" data-end=\"1692\">\n<p class=\"\" data-start=\"1663\" data-end=\"1692\">\u2705Tarvikud ei kuulu komplekti<\/p>\n<\/li>\n<li class=\"\" data-start=\"1693\" data-end=\"1724\">\n<p class=\"\" data-start=\"1695\" data-end=\"1724\">\u2705Pakitud tugevasse pappkarpi<\/p>\n<\/li>\n<\/ul>\n<p class=\"\" data-start=\"1726\" data-end=\"1911\"><strong data-start=\"1729\" data-end=\"1758\">Ideaalne kingitus lapsele<\/strong>, kes armastab korrastada, m\u00e4ngida ja fantaasiamaailmas seigelda. See 2in1 riiul aitab hoida toas korra ja loob samas l\u00f5putult v\u00f5imalusi loovaks m\u00e4nguks!<\/p>\n","protected":false},"excerpt":{"rendered":"<p><strong>LULILO 2in1 nukumaja ja raamaturiiul \u00fchendab praktilise hoiulahenduse ja loova m\u00e4ngumaailma. Majakujuline riiul sobib suurep\u00e4raselt raamatute, m\u00e4nguasjade ja kaunistuste hoidmiseks ning toimib samal ajal vahva nukumajana.<\/strong><\/p>\n<p><strong>M\u00f5\u00f5dud:<\/strong> 116 x 82,5 x\u00a030 cm<\/p>\n<p><strong>Vanus:<\/strong> 3+ aastat.<\/p>\n<p><strong>TARNE:<\/strong> 5-10 t\u00f6\u00f6p\u00e4eva<\/p>\n<p><span style=\"color: #339966;\"><img loading=\"lazy\" decoding=\"async\" class=\"alignnone wp-image-22011\" src=\"https:\/\/sulin.ee\/wp-content\/uploads\/2024\/08\/images-300x134.png\" alt=\"\" width=\"77\" height=\"34\" \/><span style=\"color: #ff9900;\"><strong> Toote eest on v\u00f5imalik tasuda ka j\u00e4relmaksuga. T\u00e4pse info j\u00e4relmaksu v\u00f5imaluste kohta leiad ostukorvist, kui oled toote lisanud ja asud maksma. Leping s\u00f5lmitakse makseprotsessi k\u00e4igus.<\/strong><\/span><\/span><\/p>\n","protected":false},"featured_media":40772,"comment_status":"open","ping_status":"closed","template":"","meta":[],"product_brand":[],"product_cat":[110,1162,1165,1166,1450],"product_tag":[],"class_list":{"0":"post-40753","1":"product","2":"type-product","3":"status-publish","4":"has-post-thumbnail","6":"product_cat-mangimine","7":"product_cat-kingituseks","8":"product_cat-3-5-aastat","9":"product_cat-6-8-aastat","10":"product_cat-nukumajad","11":"product_shipping_class-kuller-9-95","12":"has-post-title","13":"has-post-date","14":"has-post-category","15":"has-post-tag","16":"has-post-comment","17":"has-post-author","18":"","20":"first","21":"instock","22":"sale","23":"taxable","24":"shipping-taxable","25":"purchasable","26":"product-type-simple"},"yoast_head":"<!-- This site is optimized with the Yoast SEO plugin v26.8 - https:\/\/yoast.com\/product\/yoast-seo-wordpress\/ -->\n<title>LULILO 2in1 nukumaja ja raamaturiiul lastele - sulin.ee<\/title>\n<meta name=\"description\" content=\"Mitmeotstarbeline LULILO 2in1 nukumaja ja raamaturiiul \u2013 m\u00e4nguline m\u00f6\u00f6bliese, kuhu mahutad raamatud, m\u00e4nguasjad ja saad kasutada ka nukumajana.\" \/>\n<meta name=\"robots\" content=\"index, follow, max-snippet:-1, max-image-preview:large, max-video-preview:-1\" \/>\n<link rel=\"canonical\" href=\"https:\/\/sulin.ee\/en\/toode\/lulilo-2in1-nukumaja-ja-raamaturiiul-lastele\/\" \/>\n<meta property=\"og:locale\" content=\"en_US\" \/>\n<meta property=\"og:type\" content=\"article\" \/>\n<meta property=\"og:title\" content=\"LULILO 2in1 nukumaja ja raamaturiiul lastele - sulin.ee\" \/>\n<meta property=\"og:description\" content=\"Mitmeotstarbeline LULILO 2in1 nukumaja ja raamaturiiul \u2013 m\u00e4nguline m\u00f6\u00f6bliese, kuhu mahutad raamatud, m\u00e4nguasjad ja saad kasutada ka nukumajana.\" \/>\n<meta property=\"og:url\" content=\"https:\/\/sulin.ee\/en\/toode\/lulilo-2in1-nukumaja-ja-raamaturiiul-lastele\/\" \/>\n<meta property=\"og:site_name\" content=\"sulin.ee\" \/>\n<meta property=\"article:publisher\" content=\"https:\/\/www.facebook.com\/www.sulin.ee\/\" \/>\n<meta property=\"article:modified_time\" content=\"2025-09-07T21:38:35+00:00\" \/>\n<meta property=\"og:image\" content=\"https:\/\/sulin.ee\/wp-content\/uploads\/2025\/03\/LULILO-Polka-regal-domek-na-ksiazki-zabawki-2w1-CALLA-116cm-XXL-1027421.jpg\" \/>\n\t<meta property=\"og:image:width\" content=\"1024\" \/>\n\t<meta property=\"og:image:height\" content=\"1024\" \/>\n\t<meta property=\"og:image:type\" content=\"image\/jpeg\" \/>\n<meta name=\"twitter:card\" content=\"summary_large_image\" \/>\n<meta name=\"twitter:label1\" content=\"Est. reading time\" \/>\n\t<meta name=\"twitter:data1\" content=\"2 minutes\" \/>\n<script type=\"application\/ld+json\" class=\"yoast-schema-graph\">{\"@context\":\"https:\/\/schema.org\",\"@graph\":[{\"@type\":\"WebPage\",\"@id\":\"https:\/\/sulin.ee\/en\/toode\/lulilo-2in1-nukumaja-ja-raamaturiiul-lastele\/\",\"url\":\"https:\/\/sulin.ee\/en\/toode\/lulilo-2in1-nukumaja-ja-raamaturiiul-lastele\/\",\"name\":\"LULILO 2in1 nukumaja ja raamaturiiul lastele - sulin.ee\",\"isPartOf\":{\"@id\":\"https:\/\/sulin.ee\/en\/#website\"},\"primaryImageOfPage\":{\"@id\":\"https:\/\/sulin.ee\/en\/toode\/lulilo-2in1-nukumaja-ja-raamaturiiul-lastele\/#primaryimage\"},\"image\":{\"@id\":\"https:\/\/sulin.ee\/en\/toode\/lulilo-2in1-nukumaja-ja-raamaturiiul-lastele\/#primaryimage\"},\"thumbnailUrl\":\"https:\/\/sulin.ee\/wp-content\/uploads\/2025\/03\/LULILO-Polka-regal-domek-na-ksiazki-zabawki-2w1-CALLA-116cm-XXL-1027421.jpg\",\"datePublished\":\"2025-03-25T20:18:16+00:00\",\"dateModified\":\"2025-09-07T21:38:35+00:00\",\"description\":\"Mitmeotstarbeline LULILO 2in1 nukumaja ja raamaturiiul \u2013 m\u00e4nguline m\u00f6\u00f6bliese, kuhu mahutad raamatud, m\u00e4nguasjad ja saad kasutada ka nukumajana.\",\"breadcrumb\":{\"@id\":\"https:\/\/sulin.ee\/en\/toode\/lulilo-2in1-nukumaja-ja-raamaturiiul-lastele\/#breadcrumb\"},\"inLanguage\":\"en-US\",\"potentialAction\":[{\"@type\":\"ReadAction\",\"target\":[\"https:\/\/sulin.ee\/en\/toode\/lulilo-2in1-nukumaja-ja-raamaturiiul-lastele\/\"]}]},{\"@type\":\"ImageObject\",\"inLanguage\":\"en-US\",\"@id\":\"https:\/\/sulin.ee\/en\/toode\/lulilo-2in1-nukumaja-ja-raamaturiiul-lastele\/#primaryimage\",\"url\":\"https:\/\/sulin.ee\/wp-content\/uploads\/2025\/03\/LULILO-Polka-regal-domek-na-ksiazki-zabawki-2w1-CALLA-116cm-XXL-1027421.jpg\",\"contentUrl\":\"https:\/\/sulin.ee\/wp-content\/uploads\/2025\/03\/LULILO-Polka-regal-domek-na-ksiazki-zabawki-2w1-CALLA-116cm-XXL-1027421.jpg\",\"width\":1024,\"height\":1024,\"caption\":\"LULILO 2in1 nukumaja ja raamaturiiul\"},{\"@type\":\"BreadcrumbList\",\"@id\":\"https:\/\/sulin.ee\/en\/toode\/lulilo-2in1-nukumaja-ja-raamaturiiul-lastele\/#breadcrumb\",\"itemListElement\":[{\"@type\":\"ListItem\",\"position\":1,\"name\":\"Home\",\"item\":\"https:\/\/sulin.ee\/en\/\"},{\"@type\":\"ListItem\",\"position\":2,\"name\":\"Sulin.ee e-pood\",\"item\":\"https:\/\/sulin.ee\/shop\/\"},{\"@type\":\"ListItem\",\"position\":3,\"name\":\"LULILO 2in1 nukumaja ja raamaturiiul lastele\"}]},{\"@type\":\"WebSite\",\"@id\":\"https:\/\/sulin.ee\/en\/#website\",\"url\":\"https:\/\/sulin.ee\/en\/\",\"name\":\"sulin.ee\",\"description\":\"\",\"publisher\":{\"@id\":\"https:\/\/sulin.ee\/en\/#organization\"},\"potentialAction\":[{\"@type\":\"SearchAction\",\"target\":{\"@type\":\"EntryPoint\",\"urlTemplate\":\"https:\/\/sulin.ee\/en\/?s={search_term_string}\"},\"query-input\":{\"@type\":\"PropertyValueSpecification\",\"valueRequired\":true,\"valueName\":\"search_term_string\"}}],\"inLanguage\":\"en-US\"},{\"@type\":\"Organization\",\"@id\":\"https:\/\/sulin.ee\/en\/#organization\",\"name\":\"SULIN TRADE O\u00dc\",\"url\":\"https:\/\/sulin.ee\/en\/\",\"logo\":{\"@type\":\"ImageObject\",\"inLanguage\":\"en-US\",\"@id\":\"https:\/\/sulin.ee\/en\/#\/schema\/logo\/image\/\",\"url\":\"https:\/\/sulin.ee\/wp-content\/uploads\/2022\/11\/sulin-logo.png\",\"contentUrl\":\"https:\/\/sulin.ee\/wp-content\/uploads\/2022\/11\/sulin-logo.png\",\"width\":871,\"height\":321,\"caption\":\"SULIN TRADE O\u00dc\"},\"image\":{\"@id\":\"https:\/\/sulin.ee\/en\/#\/schema\/logo\/image\/\"},\"sameAs\":[\"https:\/\/www.facebook.com\/www.sulin.ee\/\",\"https:\/\/www.instagram.com\/sulintrade\/\"]}]}<\/script>\n<!-- \/ Yoast SEO plugin. -->","yoast_head_json":{"title":"LULILO 2in1 nukumaja ja raamaturiiul lastele - sulin.ee","description":"Mitmeotstarbeline LULILO 2in1 nukumaja ja raamaturiiul \u2013 m\u00e4nguline m\u00f6\u00f6bliese, kuhu mahutad raamatud, m\u00e4nguasjad ja saad kasutada ka nukumajana.","robots":{"index":"index","follow":"follow","max-snippet":"max-snippet:-1","max-image-preview":"max-image-preview:large","max-video-preview":"max-video-preview:-1"},"canonical":"https:\/\/sulin.ee\/en\/toode\/lulilo-2in1-nukumaja-ja-raamaturiiul-lastele\/","og_locale":"en_US","og_type":"article","og_title":"LULILO 2in1 nukumaja ja raamaturiiul lastele - sulin.ee","og_description":"Mitmeotstarbeline LULILO 2in1 nukumaja ja raamaturiiul \u2013 m\u00e4nguline m\u00f6\u00f6bliese, kuhu mahutad raamatud, m\u00e4nguasjad ja saad kasutada ka nukumajana.","og_url":"https:\/\/sulin.ee\/en\/toode\/lulilo-2in1-nukumaja-ja-raamaturiiul-lastele\/","og_site_name":"sulin.ee","article_publisher":"https:\/\/www.facebook.com\/www.sulin.ee\/","article_modified_time":"2025-09-07T21:38:35+00:00","og_image":[{"width":1024,"height":1024,"url":"https:\/\/sulin.ee\/wp-content\/uploads\/2025\/03\/LULILO-Polka-regal-domek-na-ksiazki-zabawki-2w1-CALLA-116cm-XXL-1027421.jpg","type":"image\/jpeg"}],"twitter_card":"summary_large_image","twitter_misc":{"Est. reading time":"2 minutes"},"schema":{"@context":"https:\/\/schema.org","@graph":[{"@type":"WebPage","@id":"https:\/\/sulin.ee\/en\/toode\/lulilo-2in1-nukumaja-ja-raamaturiiul-lastele\/","url":"https:\/\/sulin.ee\/en\/toode\/lulilo-2in1-nukumaja-ja-raamaturiiul-lastele\/","name":"LULILO 2in1 nukumaja ja raamaturiiul lastele - sulin.ee","isPartOf":{"@id":"https:\/\/sulin.ee\/en\/#website"},"primaryImageOfPage":{"@id":"https:\/\/sulin.ee\/en\/toode\/lulilo-2in1-nukumaja-ja-raamaturiiul-lastele\/#primaryimage"},"image":{"@id":"https:\/\/sulin.ee\/en\/toode\/lulilo-2in1-nukumaja-ja-raamaturiiul-lastele\/#primaryimage"},"thumbnailUrl":"https:\/\/sulin.ee\/wp-content\/uploads\/2025\/03\/LULILO-Polka-regal-domek-na-ksiazki-zabawki-2w1-CALLA-116cm-XXL-1027421.jpg","datePublished":"2025-03-25T20:18:16+00:00","dateModified":"2025-09-07T21:38:35+00:00","description":"Mitmeotstarbeline LULILO 2in1 nukumaja ja raamaturiiul \u2013 m\u00e4nguline m\u00f6\u00f6bliese, kuhu mahutad raamatud, m\u00e4nguasjad ja saad kasutada ka nukumajana.","breadcrumb":{"@id":"https:\/\/sulin.ee\/en\/toode\/lulilo-2in1-nukumaja-ja-raamaturiiul-lastele\/#breadcrumb"},"inLanguage":"en-US","potentialAction":[{"@type":"ReadAction","target":["https:\/\/sulin.ee\/en\/toode\/lulilo-2in1-nukumaja-ja-raamaturiiul-lastele\/"]}]},{"@type":"ImageObject","inLanguage":"en-US","@id":"https:\/\/sulin.ee\/en\/toode\/lulilo-2in1-nukumaja-ja-raamaturiiul-lastele\/#primaryimage","url":"https:\/\/sulin.ee\/wp-content\/uploads\/2025\/03\/LULILO-Polka-regal-domek-na-ksiazki-zabawki-2w1-CALLA-116cm-XXL-1027421.jpg","contentUrl":"https:\/\/sulin.ee\/wp-content\/uploads\/2025\/03\/LULILO-Polka-regal-domek-na-ksiazki-zabawki-2w1-CALLA-116cm-XXL-1027421.jpg","width":1024,"height":1024,"caption":"LULILO 2in1 nukumaja ja raamaturiiul"},{"@type":"BreadcrumbList","@id":"https:\/\/sulin.ee\/en\/toode\/lulilo-2in1-nukumaja-ja-raamaturiiul-lastele\/#breadcrumb","itemListElement":[{"@type":"ListItem","position":1,"name":"Home","item":"https:\/\/sulin.ee\/en\/"},{"@type":"ListItem","position":2,"name":"Sulin.ee e-pood","item":"https:\/\/sulin.ee\/shop\/"},{"@type":"ListItem","position":3,"name":"LULILO 2in1 nukumaja ja raamaturiiul lastele"}]},{"@type":"WebSite","@id":"https:\/\/sulin.ee\/en\/#website","url":"https:\/\/sulin.ee\/en\/","name":"sulin.ee","description":"","publisher":{"@id":"https:\/\/sulin.ee\/en\/#organization"},"potentialAction":[{"@type":"SearchAction","target":{"@type":"EntryPoint","urlTemplate":"https:\/\/sulin.ee\/en\/?s={search_term_string}"},"query-input":{"@type":"PropertyValueSpecification","valueRequired":true,"valueName":"search_term_string"}}],"inLanguage":"en-US"},{"@type":"Organization","@id":"https:\/\/sulin.ee\/en\/#organization","name":"SULIN TRADE O\u00dc","url":"https:\/\/sulin.ee\/en\/","logo":{"@type":"ImageObject","inLanguage":"en-US","@id":"https:\/\/sulin.ee\/en\/#\/schema\/logo\/image\/","url":"https:\/\/sulin.ee\/wp-content\/uploads\/2022\/11\/sulin-logo.png","contentUrl":"https:\/\/sulin.ee\/wp-content\/uploads\/2022\/11\/sulin-logo.png","width":871,"height":321,"caption":"SULIN TRADE O\u00dc"},"image":{"@id":"https:\/\/sulin.ee\/en\/#\/schema\/logo\/image\/"},"sameAs":["https:\/\/www.facebook.com\/www.sulin.ee\/","https:\/\/www.instagram.com\/sulintrade\/"]}]}},"builder_content":"","_links":{"self":[{"href":"https:\/\/sulin.ee\/en\/wp-json\/wp\/v2\/product\/40753","targetHints":{"allow":["GET"]}}],"collection":[{"href":"https:\/\/sulin.ee\/en\/wp-json\/wp\/v2\/product"}],"about":[{"href":"https:\/\/sulin.ee\/en\/wp-json\/wp\/v2\/types\/product"}],"replies":[{"embeddable":true,"href":"https:\/\/sulin.ee\/en\/wp-json\/wp\/v2\/comments?post=40753"}],"wp:featuredmedia":[{"embeddable":true,"href":"https:\/\/sulin.ee\/en\/wp-json\/wp\/v2\/media\/40772"}],"wp:attachment":[{"href":"https:\/\/sulin.ee\/en\/wp-json\/wp\/v2\/media?parent=40753"}],"wp:term":[{"taxonomy":"product_brand","embeddable":true,"href":"https:\/\/sulin.ee\/en\/wp-json\/wp\/v2\/product_brand?post=40753"},{"taxonomy":"product_cat","embeddable":true,"href":"https:\/\/sulin.ee\/en\/wp-json\/wp\/v2\/product_cat?post=40753"},{"taxonomy":"product_tag","embeddable":true,"href":"https:\/\/sulin.ee\/en\/wp-json\/wp\/v2\/product_tag?post=40753"}],"curies":[{"name":"wp","href":"https:\/\/api.w.org\/{rel}","templated":true}]}}