{"id":40703,"date":"2025-03-17T20:17:59","date_gmt":"2025-03-17T20:17:59","guid":{"rendered":"https:\/\/sulin.ee\/toode\/puidust-kook-lastele-koos-kulmkapiga\/"},"modified":"2025-03-18T14:00:22","modified_gmt":"2025-03-18T14:00:22","slug":"puidust-mangukook-kulmkapiga-80cm","status":"publish","type":"product","link":"https:\/\/sulin.ee\/en\/toode\/puidust-mangukook-kulmkapiga-80cm\/","title":{"rendered":"Puidust m\u00e4nguk\u00f6\u00f6k k\u00fclmkapiga 80cm"},"content":{"rendered":"<p><strong>Puidust m\u00e4nguk\u00f6\u00f6k k\u00fclmkapiga<\/strong><\/p>\n<div class=\"flex max-w-full flex-col flex-grow\">\n<div class=\"min-h-8 text-message relative flex w-full flex-col items-end gap-2 whitespace-normal break-words text-start [.text-message+&amp;]:mt-5\" dir=\"auto\" data-message-author-role=\"assistant\" data-message-id=\"9bf23669-31de-4f95-92ca-484c3f6b58ef\" data-message-model-slug=\"gpt-4\">\n<div class=\"flex w-full flex-col gap-1 empty:hidden first:pt-[3px]\">\n<div class=\"markdown prose w-full break-words dark:prose-invert light\">\n<p data-start=\"39\" data-end=\"291\">Andke oma lapsele v\u00f5imalus avastada k\u00f6\u00f6gimaailma meie puidust m\u00e4nguk\u00f6\u00f6gi abil, mis on varustatud mitmesuguste realistlike k\u00f6\u00f6giseadmetega. See lastek\u00f6\u00f6k ei ole mitte ainult l\u00f5bus m\u00e4nguasi, vaid ka hariv vahend, mis aitab arendada lapses olulisi oskusi.<\/p>\n<p data-start=\"39\" data-end=\"291\"><strong>TARNE:<\/strong> 5-12 t\u00f6\u00f6p\u00e4eva<\/p>\n<p data-start=\"293\" data-end=\"321\"><strong data-start=\"293\" data-end=\"321\">\u2705K\u00f6\u00f6gi Peamised Omadused:<\/strong><\/p>\n<p data-start=\"323\" data-end=\"430\"><strong data-start=\"325\" data-end=\"347\">Realistlik disain:<\/strong> Varustatud avatavate kappide ja liikuvate nuppudega, mis muudavad m\u00e4ngu elutruuks.<\/p>\n<p data-start=\"432\" data-end=\"589\"><strong data-start=\"434\" data-end=\"450\">Mitu seadet:<\/strong> Komplekt sisaldab k\u00fclmikut, n\u00f5udepesumasinat, mikrolaineahju, pliiti ja ahju, iga\u00fcks neist on t\u00e4iendatud realistliku graafikaga.<\/p>\n<p data-start=\"591\" data-end=\"713\"><strong data-start=\"593\" data-end=\"614\">Lisafunktsioonid:<\/strong> K\u00fclmkapi uksel on ostunimekirja m\u00e4rkmik ja telefon, mille abil saab &#8220;k\u00fcsida retsepte&#8221; l\u00e4hedastelt.<\/p>\n<p data-start=\"715\" data-end=\"865\"><strong data-start=\"717\" data-end=\"732\">Hariv m\u00e4ng:<\/strong> \u00d5petab toiduvalmistamise p\u00f5hit\u00f5desid ja k\u00f6\u00f6gis ohutult k\u00e4itumist, stimuleerides samal ajal kujutlusv\u00f5imet ja peenmotoorilisi oskusi.<\/p>\n<p data-start=\"867\" data-end=\"1004\"><strong data-start=\"869\" data-end=\"894\">Kvaliteetne materjal:<\/strong> K\u00f6\u00f6k on valmistatud vastupidavast puidust ja kaunistatud meeldivate v\u00e4rvidega, mis sobivad igasse lastetuppa.<\/p>\n<p data-start=\"1006\" data-end=\"1023\"><strong data-start=\"1006\" data-end=\"1023\">Lisatarvikud:<\/strong>\u00a0Komplekt sisaldab potte, panne ning muid metallist k\u00f6\u00f6gitarvikuid, mis on valmistatud kestma.<\/p>\n<p data-start=\"1153\" data-end=\"1178\"><strong data-start=\"1153\" data-end=\"1178\">M\u00f5\u00f5dud ja Materjalid:<\/strong><\/p>\n<ul data-start=\"1180\" data-end=\"1312\">\n<li data-start=\"1180\" data-end=\"1218\"><strong data-start=\"1182\" data-end=\"1199\">\u2705 K\u00f6\u00f6gi m\u00f5\u00f5dud:<\/strong> 80 x 24 x 80 cm<\/li>\n<li data-start=\"1219\" data-end=\"1257\"><strong data-start=\"1221\" data-end=\"1241\">\u2705 T\u00f6\u00f6pinna k\u00f5rgus:<\/strong> 46 cm maapinnast<\/li>\n<li data-start=\"1258\" data-end=\"1312\"><strong data-start=\"1260\" data-end=\"1273\">\u2705 Materjal:<\/strong> Kvaliteetne puit ja metallist tarvikud<\/li>\n<\/ul>\n<p data-start=\"1314\" data-end=\"1325\"><strong data-start=\"1314\" data-end=\"1325\">Pakend:<\/strong><\/p>\n<ul data-start=\"1327\" data-end=\"1434\">\n<li data-start=\"1327\" data-end=\"1359\"><strong data-start=\"1329\" data-end=\"1340\">\u2705 M\u00f5\u00f5dud:<\/strong> 89 x 35 x 16 cm<\/li>\n<li data-start=\"1360\" data-end=\"1434\">\u2705 Toode on pakitud tugevasse pappkarpi, mis tagab ohutu kohaletoimetamise.<\/li>\n<\/ul>\n<p><strong>Vanus:<\/strong> 3+ aastat.<\/p>\n<p data-start=\"1436\" data-end=\"1690\" data-is-last-node=\"\" data-is-only-node=\"\">See puidust m\u00e4nguk\u00f6\u00f6k on ideaalne kingitus igale lapsele, kes armastab k\u00f6\u00f6gis toimetada ja unistab p\u00e4ris oma k\u00f6\u00f6gist. Sobib suurep\u00e4raselt igasse m\u00e4ngunurka, pakkudes nii l\u00f5bu kui ka \u00f5petlikku tegevust, mis arendab laste sotsiaalseid ja praktilisi oskusi.<\/p>\n<p data-start=\"1436\" data-end=\"1690\" data-is-last-node=\"\" data-is-only-node=\"\">Lisaks m\u00e4nguk\u00f6\u00f6gile leiate meie valikust ka teisi k\u00f6\u00f6gitarvikuid, mis rikastavad m\u00e4nguelamust ja pakuvad l\u00f5putult \u00f5ppimisv\u00f5imalusi. <strong><a href=\"https:\/\/sulin.ee\/tootekategooria\/mangimine\/rollimangud\/koogimanguasjad\/\">Leiad siit!<\/a><\/strong><\/p>\n<\/div>\n<\/div>\n<\/div>\n<\/div>\n","protected":false},"excerpt":{"rendered":"<p><strong>Puidust m\u00e4nguk\u00f6\u00f6k koos k\u00fclmkapiga,<\/strong> mis pakub realistlikke funktsioone nagu avatavad kapid ja liikuvad nupud. Ideaalne kombinatsioon l\u00f5bust ja \u00f5ppimisest, see k\u00f6\u00f6k arendab laste kujutlusv\u00f5imet ja \u00f5petab k\u00f6\u00f6gi p\u00f5hit\u00f5desid ohutus keskkonnas.<\/p>\n<p><strong>M\u00f5\u00f5tmed:<\/strong> 80 x 24 x 80 cm.<\/p>\n<p><strong>Vanus:<\/strong> 3+ aastat.<\/p>\n<p><strong>TARNE:<\/strong> 5-12 t\u00f6\u00f6p\u00e4eva<\/p>\n<p><span style=\"color: #339966;\"><img loading=\"lazy\" decoding=\"async\" class=\"alignnone wp-image-22011\" src=\"https:\/\/sulin.ee\/wp-content\/uploads\/2024\/08\/images-300x134.png\" alt=\"\" width=\"77\" height=\"34\" \/><span style=\"color: #ff9900;\"><strong> Toote eest on v\u00f5imalik tasuda ka j\u00e4relmaksuga. T\u00e4pse info j\u00e4relmaksu v\u00f5imaluste kohta leiad ostukorvist, kui oled toote lisanud ja asud maksma. Leping s\u00f5lmitakse makseprotsessi k\u00e4igus.<\/strong><\/span><\/span><\/p>\n","protected":false},"featured_media":42695,"comment_status":"open","ping_status":"closed","template":"","meta":[],"product_brand":[],"product_cat":[110,1162,1165,1166,176,1011,1449],"product_tag":[],"class_list":{"0":"post-40703","1":"product","2":"type-product","3":"status-publish","4":"has-post-thumbnail","6":"product_cat-mangimine","7":"product_cat-kingituseks","8":"product_cat-3-5-aastat","9":"product_cat-6-8-aastat","10":"product_cat-rollimangud","11":"product_cat-koogimanguasjad","12":"product_cat-mangukoogid-lastele","13":"product_shipping_class-kuller-9-95","14":"has-post-title","15":"has-post-date","16":"has-post-category","17":"has-post-tag","18":"has-post-comment","19":"has-post-author","20":"","22":"first","23":"instock","24":"sale","25":"taxable","26":"shipping-taxable","27":"purchasable","28":"product-type-simple"},"yoast_head":"<!-- This site is optimized with the Yoast SEO plugin v26.8 - https:\/\/yoast.com\/product\/yoast-seo-wordpress\/ -->\n<title>Puidust m\u00e4nguk\u00f6\u00f6k k\u00fclmkapiga 80cm - sulin.ee<\/title>\n<meta name=\"description\" content=\"Puidust m\u00e4nguk\u00f6\u00f6k k\u00fclmkapiga \u00f5petab toiduvalmistamise p\u00f5hit\u00f5desid ja k\u00f6\u00f6gis ohutult k\u00e4itumist, stimuleerides samal ajal peenmotoorilisi oskusi.\" \/>\n<meta name=\"robots\" content=\"index, follow, max-snippet:-1, max-image-preview:large, max-video-preview:-1\" \/>\n<link rel=\"canonical\" href=\"https:\/\/sulin.ee\/en\/toode\/puidust-mangukook-kulmkapiga-80cm\/\" \/>\n<meta property=\"og:locale\" content=\"en_US\" \/>\n<meta property=\"og:type\" content=\"article\" \/>\n<meta property=\"og:title\" content=\"Puidust m\u00e4nguk\u00f6\u00f6k k\u00fclmkapiga 80cm - sulin.ee\" \/>\n<meta property=\"og:description\" content=\"Puidust m\u00e4nguk\u00f6\u00f6k k\u00fclmkapiga \u00f5petab toiduvalmistamise p\u00f5hit\u00f5desid ja k\u00f6\u00f6gis ohutult k\u00e4itumist, stimuleerides samal ajal peenmotoorilisi oskusi.\" \/>\n<meta property=\"og:url\" content=\"https:\/\/sulin.ee\/en\/toode\/puidust-mangukook-kulmkapiga-80cm\/\" \/>\n<meta property=\"og:site_name\" content=\"sulin.ee\" \/>\n<meta property=\"article:publisher\" content=\"https:\/\/www.facebook.com\/www.sulin.ee\/\" \/>\n<meta property=\"article:modified_time\" content=\"2025-03-18T14:00:22+00:00\" \/>\n<meta property=\"og:image\" content=\"https:\/\/sulin.ee\/wp-content\/uploads\/2025\/03\/Piltide-korrektuurid-kodulehel-2025-03-18T075839.433.png\" \/>\n\t<meta property=\"og:image:width\" content=\"1080\" \/>\n\t<meta property=\"og:image:height\" content=\"1080\" \/>\n\t<meta property=\"og:image:type\" content=\"image\/png\" \/>\n<meta name=\"twitter:card\" content=\"summary_large_image\" \/>\n<meta name=\"twitter:label1\" content=\"Est. reading time\" \/>\n\t<meta name=\"twitter:data1\" content=\"2 minutes\" \/>\n<script type=\"application\/ld+json\" class=\"yoast-schema-graph\">{\"@context\":\"https:\/\/schema.org\",\"@graph\":[{\"@type\":\"WebPage\",\"@id\":\"https:\/\/sulin.ee\/en\/toode\/puidust-mangukook-kulmkapiga-80cm\/\",\"url\":\"https:\/\/sulin.ee\/en\/toode\/puidust-mangukook-kulmkapiga-80cm\/\",\"name\":\"Puidust m\u00e4nguk\u00f6\u00f6k k\u00fclmkapiga 80cm - sulin.ee\",\"isPartOf\":{\"@id\":\"https:\/\/sulin.ee\/en\/#website\"},\"primaryImageOfPage\":{\"@id\":\"https:\/\/sulin.ee\/en\/toode\/puidust-mangukook-kulmkapiga-80cm\/#primaryimage\"},\"image\":{\"@id\":\"https:\/\/sulin.ee\/en\/toode\/puidust-mangukook-kulmkapiga-80cm\/#primaryimage\"},\"thumbnailUrl\":\"https:\/\/sulin.ee\/wp-content\/uploads\/2025\/03\/Piltide-korrektuurid-kodulehel-2025-03-18T075839.433.png\",\"datePublished\":\"2025-03-17T20:17:59+00:00\",\"dateModified\":\"2025-03-18T14:00:22+00:00\",\"description\":\"Puidust m\u00e4nguk\u00f6\u00f6k k\u00fclmkapiga \u00f5petab toiduvalmistamise p\u00f5hit\u00f5desid ja k\u00f6\u00f6gis ohutult k\u00e4itumist, stimuleerides samal ajal peenmotoorilisi oskusi.\",\"breadcrumb\":{\"@id\":\"https:\/\/sulin.ee\/en\/toode\/puidust-mangukook-kulmkapiga-80cm\/#breadcrumb\"},\"inLanguage\":\"en-US\",\"potentialAction\":[{\"@type\":\"ReadAction\",\"target\":[\"https:\/\/sulin.ee\/en\/toode\/puidust-mangukook-kulmkapiga-80cm\/\"]}]},{\"@type\":\"ImageObject\",\"inLanguage\":\"en-US\",\"@id\":\"https:\/\/sulin.ee\/en\/toode\/puidust-mangukook-kulmkapiga-80cm\/#primaryimage\",\"url\":\"https:\/\/sulin.ee\/wp-content\/uploads\/2025\/03\/Piltide-korrektuurid-kodulehel-2025-03-18T075839.433.png\",\"contentUrl\":\"https:\/\/sulin.ee\/wp-content\/uploads\/2025\/03\/Piltide-korrektuurid-kodulehel-2025-03-18T075839.433.png\",\"width\":1080,\"height\":1080,\"caption\":\"Puidust m\u00e4nguk\u00f6\u00f6k k\u00fclmkapiga\"},{\"@type\":\"BreadcrumbList\",\"@id\":\"https:\/\/sulin.ee\/en\/toode\/puidust-mangukook-kulmkapiga-80cm\/#breadcrumb\",\"itemListElement\":[{\"@type\":\"ListItem\",\"position\":1,\"name\":\"Home\",\"item\":\"https:\/\/sulin.ee\/en\/\"},{\"@type\":\"ListItem\",\"position\":2,\"name\":\"Sulin.ee e-pood\",\"item\":\"https:\/\/sulin.ee\/shop\/\"},{\"@type\":\"ListItem\",\"position\":3,\"name\":\"Puidust m\u00e4nguk\u00f6\u00f6k k\u00fclmkapiga 80cm\"}]},{\"@type\":\"WebSite\",\"@id\":\"https:\/\/sulin.ee\/en\/#website\",\"url\":\"https:\/\/sulin.ee\/en\/\",\"name\":\"sulin.ee\",\"description\":\"\",\"publisher\":{\"@id\":\"https:\/\/sulin.ee\/en\/#organization\"},\"potentialAction\":[{\"@type\":\"SearchAction\",\"target\":{\"@type\":\"EntryPoint\",\"urlTemplate\":\"https:\/\/sulin.ee\/en\/?s={search_term_string}\"},\"query-input\":{\"@type\":\"PropertyValueSpecification\",\"valueRequired\":true,\"valueName\":\"search_term_string\"}}],\"inLanguage\":\"en-US\"},{\"@type\":\"Organization\",\"@id\":\"https:\/\/sulin.ee\/en\/#organization\",\"name\":\"SULIN TRADE O\u00dc\",\"url\":\"https:\/\/sulin.ee\/en\/\",\"logo\":{\"@type\":\"ImageObject\",\"inLanguage\":\"en-US\",\"@id\":\"https:\/\/sulin.ee\/en\/#\/schema\/logo\/image\/\",\"url\":\"https:\/\/sulin.ee\/wp-content\/uploads\/2022\/11\/sulin-logo.png\",\"contentUrl\":\"https:\/\/sulin.ee\/wp-content\/uploads\/2022\/11\/sulin-logo.png\",\"width\":871,\"height\":321,\"caption\":\"SULIN TRADE O\u00dc\"},\"image\":{\"@id\":\"https:\/\/sulin.ee\/en\/#\/schema\/logo\/image\/\"},\"sameAs\":[\"https:\/\/www.facebook.com\/www.sulin.ee\/\",\"https:\/\/www.instagram.com\/sulintrade\/\"]}]}<\/script>\n<!-- \/ Yoast SEO plugin. -->","yoast_head_json":{"title":"Puidust m\u00e4nguk\u00f6\u00f6k k\u00fclmkapiga 80cm - sulin.ee","description":"Puidust m\u00e4nguk\u00f6\u00f6k k\u00fclmkapiga \u00f5petab toiduvalmistamise p\u00f5hit\u00f5desid ja k\u00f6\u00f6gis ohutult k\u00e4itumist, stimuleerides samal ajal peenmotoorilisi oskusi.","robots":{"index":"index","follow":"follow","max-snippet":"max-snippet:-1","max-image-preview":"max-image-preview:large","max-video-preview":"max-video-preview:-1"},"canonical":"https:\/\/sulin.ee\/en\/toode\/puidust-mangukook-kulmkapiga-80cm\/","og_locale":"en_US","og_type":"article","og_title":"Puidust m\u00e4nguk\u00f6\u00f6k k\u00fclmkapiga 80cm - sulin.ee","og_description":"Puidust m\u00e4nguk\u00f6\u00f6k k\u00fclmkapiga \u00f5petab toiduvalmistamise p\u00f5hit\u00f5desid ja k\u00f6\u00f6gis ohutult k\u00e4itumist, stimuleerides samal ajal peenmotoorilisi oskusi.","og_url":"https:\/\/sulin.ee\/en\/toode\/puidust-mangukook-kulmkapiga-80cm\/","og_site_name":"sulin.ee","article_publisher":"https:\/\/www.facebook.com\/www.sulin.ee\/","article_modified_time":"2025-03-18T14:00:22+00:00","og_image":[{"width":1080,"height":1080,"url":"https:\/\/sulin.ee\/wp-content\/uploads\/2025\/03\/Piltide-korrektuurid-kodulehel-2025-03-18T075839.433.png","type":"image\/png"}],"twitter_card":"summary_large_image","twitter_misc":{"Est. reading time":"2 minutes"},"schema":{"@context":"https:\/\/schema.org","@graph":[{"@type":"WebPage","@id":"https:\/\/sulin.ee\/en\/toode\/puidust-mangukook-kulmkapiga-80cm\/","url":"https:\/\/sulin.ee\/en\/toode\/puidust-mangukook-kulmkapiga-80cm\/","name":"Puidust m\u00e4nguk\u00f6\u00f6k k\u00fclmkapiga 80cm - sulin.ee","isPartOf":{"@id":"https:\/\/sulin.ee\/en\/#website"},"primaryImageOfPage":{"@id":"https:\/\/sulin.ee\/en\/toode\/puidust-mangukook-kulmkapiga-80cm\/#primaryimage"},"image":{"@id":"https:\/\/sulin.ee\/en\/toode\/puidust-mangukook-kulmkapiga-80cm\/#primaryimage"},"thumbnailUrl":"https:\/\/sulin.ee\/wp-content\/uploads\/2025\/03\/Piltide-korrektuurid-kodulehel-2025-03-18T075839.433.png","datePublished":"2025-03-17T20:17:59+00:00","dateModified":"2025-03-18T14:00:22+00:00","description":"Puidust m\u00e4nguk\u00f6\u00f6k k\u00fclmkapiga \u00f5petab toiduvalmistamise p\u00f5hit\u00f5desid ja k\u00f6\u00f6gis ohutult k\u00e4itumist, stimuleerides samal ajal peenmotoorilisi oskusi.","breadcrumb":{"@id":"https:\/\/sulin.ee\/en\/toode\/puidust-mangukook-kulmkapiga-80cm\/#breadcrumb"},"inLanguage":"en-US","potentialAction":[{"@type":"ReadAction","target":["https:\/\/sulin.ee\/en\/toode\/puidust-mangukook-kulmkapiga-80cm\/"]}]},{"@type":"ImageObject","inLanguage":"en-US","@id":"https:\/\/sulin.ee\/en\/toode\/puidust-mangukook-kulmkapiga-80cm\/#primaryimage","url":"https:\/\/sulin.ee\/wp-content\/uploads\/2025\/03\/Piltide-korrektuurid-kodulehel-2025-03-18T075839.433.png","contentUrl":"https:\/\/sulin.ee\/wp-content\/uploads\/2025\/03\/Piltide-korrektuurid-kodulehel-2025-03-18T075839.433.png","width":1080,"height":1080,"caption":"Puidust m\u00e4nguk\u00f6\u00f6k k\u00fclmkapiga"},{"@type":"BreadcrumbList","@id":"https:\/\/sulin.ee\/en\/toode\/puidust-mangukook-kulmkapiga-80cm\/#breadcrumb","itemListElement":[{"@type":"ListItem","position":1,"name":"Home","item":"https:\/\/sulin.ee\/en\/"},{"@type":"ListItem","position":2,"name":"Sulin.ee e-pood","item":"https:\/\/sulin.ee\/shop\/"},{"@type":"ListItem","position":3,"name":"Puidust m\u00e4nguk\u00f6\u00f6k k\u00fclmkapiga 80cm"}]},{"@type":"WebSite","@id":"https:\/\/sulin.ee\/en\/#website","url":"https:\/\/sulin.ee\/en\/","name":"sulin.ee","description":"","publisher":{"@id":"https:\/\/sulin.ee\/en\/#organization"},"potentialAction":[{"@type":"SearchAction","target":{"@type":"EntryPoint","urlTemplate":"https:\/\/sulin.ee\/en\/?s={search_term_string}"},"query-input":{"@type":"PropertyValueSpecification","valueRequired":true,"valueName":"search_term_string"}}],"inLanguage":"en-US"},{"@type":"Organization","@id":"https:\/\/sulin.ee\/en\/#organization","name":"SULIN TRADE O\u00dc","url":"https:\/\/sulin.ee\/en\/","logo":{"@type":"ImageObject","inLanguage":"en-US","@id":"https:\/\/sulin.ee\/en\/#\/schema\/logo\/image\/","url":"https:\/\/sulin.ee\/wp-content\/uploads\/2022\/11\/sulin-logo.png","contentUrl":"https:\/\/sulin.ee\/wp-content\/uploads\/2022\/11\/sulin-logo.png","width":871,"height":321,"caption":"SULIN TRADE O\u00dc"},"image":{"@id":"https:\/\/sulin.ee\/en\/#\/schema\/logo\/image\/"},"sameAs":["https:\/\/www.facebook.com\/www.sulin.ee\/","https:\/\/www.instagram.com\/sulintrade\/"]}]}},"builder_content":"","_links":{"self":[{"href":"https:\/\/sulin.ee\/en\/wp-json\/wp\/v2\/product\/40703","targetHints":{"allow":["GET"]}}],"collection":[{"href":"https:\/\/sulin.ee\/en\/wp-json\/wp\/v2\/product"}],"about":[{"href":"https:\/\/sulin.ee\/en\/wp-json\/wp\/v2\/types\/product"}],"replies":[{"embeddable":true,"href":"https:\/\/sulin.ee\/en\/wp-json\/wp\/v2\/comments?post=40703"}],"wp:featuredmedia":[{"embeddable":true,"href":"https:\/\/sulin.ee\/en\/wp-json\/wp\/v2\/media\/42695"}],"wp:attachment":[{"href":"https:\/\/sulin.ee\/en\/wp-json\/wp\/v2\/media?parent=40703"}],"wp:term":[{"taxonomy":"product_brand","embeddable":true,"href":"https:\/\/sulin.ee\/en\/wp-json\/wp\/v2\/product_brand?post=40703"},{"taxonomy":"product_cat","embeddable":true,"href":"https:\/\/sulin.ee\/en\/wp-json\/wp\/v2\/product_cat?post=40703"},{"taxonomy":"product_tag","embeddable":true,"href":"https:\/\/sulin.ee\/en\/wp-json\/wp\/v2\/product_tag?post=40703"}],"curies":[{"name":"wp","href":"https:\/\/api.w.org\/{rel}","templated":true}]}}