{"id":40668,"date":"2025-03-17T20:17:48","date_gmt":"2025-03-17T20:17:48","guid":{"rendered":"https:\/\/sulin.ee\/toode\/puidust-kook-mdf-lulilo-saliko-koos-espressomasinaga\/"},"modified":"2025-03-18T13:59:51","modified_gmt":"2025-03-18T13:59:51","slug":"puidust-mangukook-espressomasinaga-lulilo-saliko-85cm","status":"publish","type":"product","link":"https:\/\/sulin.ee\/en\/toode\/puidust-mangukook-espressomasinaga-lulilo-saliko-85cm\/","title":{"rendered":"Puidust m\u00e4nguk\u00f6\u00f6k espressomasinaga LULILO Saliko 85cm"},"content":{"rendered":"<p><strong>Puidust m\u00e4nguk\u00f6\u00f6k espressomasinaga<\/strong> ei ole ainult l\u00f5bus m\u00e4nguasi, vaid ka v\u00e4\u00e4rtuslik \u00f5ppevahend, mis tutvustab lapsele koduseid t\u00f6id ja k\u00f6\u00f6gitoiminguid, innustades neid osalema toiduvalmistamises ja koristamises.<\/p>\n<p><strong>TARNE:<\/strong> 5-12 t\u00f6\u00f6p\u00e4eva<\/p>\n<div class=\"flex flex-1 grow basis-auto flex-col overflow-hidden\">\n<div class=\"relative h-full\">\n<div class=\"flex h-full flex-col overflow-y-auto [scrollbar-gutter:stable]\">\n<div class=\"mt-1.5 flex flex-col text-sm @thread-xl\/thread:pt-header-height md:pb-9\">\n<article class=\"group\/turn w-full text-token-text-primary focus-visible:outline-2 focus-visible:outline-offset-[-4px]\" dir=\"auto\" data-testid=\"conversation-turn-18\" data-scroll-anchor=\"true\">\n<div class=\"text-base my-auto mx-auto py-[18px] px-6\">\n<div class=\"mx-auto flex flex-1 text-base gap-4 md:gap-5 lg:gap-6 md:max-w-3xl lg:max-w-[40rem] xl:max-w-[48rem]\">\n<div class=\"group\/conversation-turn relative flex w-full min-w-0 flex-col agent-turn @xs\/thread:px-0 @sm\/thread:px-1.5 @md\/thread:px-4\">\n<div class=\"flex-col gap-1 md:gap-3\">\n<div class=\"flex max-w-full flex-col flex-grow\">\n<div class=\"min-h-8 text-message relative flex w-full flex-col items-end gap-2 whitespace-normal break-words text-start [.text-message+&amp;]:mt-5\" dir=\"auto\" data-message-author-role=\"assistant\" data-message-id=\"2c20cf60-0825-4a0b-bf12-40a904faf4d0\" data-message-model-slug=\"gpt-4\">\n<div class=\"flex w-full flex-col gap-1 empty:hidden first:pt-[3px]\">\n<div class=\"markdown prose w-full break-words dark:prose-invert light\">\n<p data-start=\"387\" data-end=\"415\"><strong data-start=\"387\" data-end=\"415\">K\u00f6\u00f6gi Peamised Omadused:<\/strong><\/p>\n<ul data-start=\"417\" data-end=\"1136\">\n<li data-start=\"417\" data-end=\"600\">\n<p data-start=\"419\" data-end=\"600\"><strong data-start=\"419\" data-end=\"450\">\u2705 Multifunktsionaalne Disain:<\/strong> Varustatud kella, mikrolaineahju, espressomasina, pesumasina, ahju, kraani ning toiduvalmistamisplaadiga, mis muudab m\u00e4ngu v\u00f5imalikult realistlikuks.<\/p>\n<\/li>\n<li data-start=\"602\" data-end=\"804\">\n<p data-start=\"604\" data-end=\"804\"><strong data-start=\"604\" data-end=\"637\">\u2705 Vastupidav ja Ohutu Materjal:<\/strong> K\u00f6\u00f6k on peamiselt valmistatud k\u00f5rgkvaliteetsest MDF-puitkiudplaadist, detailid on lihvitud ja kaetud mittetoksilise v\u00e4rviga, tagades nii ohutuse kui ka vastupidavuse.<\/p>\n<\/li>\n<li data-start=\"806\" data-end=\"986\">\n<p data-start=\"808\" data-end=\"986\"><strong data-start=\"808\" data-end=\"851\">\u2705 Ergutab Loovust ja Sotsiaalseid Oskusi:<\/strong> M\u00e4nguk\u00f6\u00f6k soodustab kujutlusv\u00f5imet, loomingulist m\u00f5tlemist ja peenmotoorikat, \u00f5petades samal ajal ohutust ja k\u00f6\u00f6giseadmete kasutamist.<\/p>\n<\/li>\n<li data-start=\"988\" data-end=\"1136\">\n<p data-start=\"990\" data-end=\"1136\"><strong data-start=\"990\" data-end=\"1012\">\u2705 Keskkonnas\u00f5bralik:<\/strong> Valmistatud looduslikest ja taaskasutatavatest materjalidest, pakkudes keskkonnateadlikele vanematele rahustavat lahendust.<\/p>\n<\/li>\n<\/ul>\n<p data-start=\"1138\" data-end=\"1159\"><strong data-start=\"1138\" data-end=\"1159\">Komplekti Kuulub:<\/strong><\/p>\n<ul data-start=\"1161\" data-end=\"1333\">\n<li data-start=\"1161\" data-end=\"1189\"><strong data-start=\"990\" data-end=\"1012\">\u2705 <\/strong>Puidust k\u00f6\u00f6k kokkupanekuks<\/li>\n<li data-start=\"1190\" data-end=\"1212\"><strong data-start=\"990\" data-end=\"1012\">\u2705 <\/strong>2 x plastikust tassi<\/li>\n<li data-start=\"1237\" data-end=\"1259\"><strong data-start=\"990\" data-end=\"1012\">\u2705 <\/strong>Puidust kaanega pott<\/li>\n<li data-start=\"1260\" data-end=\"1278\"><strong data-start=\"990\" data-end=\"1012\">\u2705 <\/strong>Puidust praepann<\/li>\n<li data-start=\"1279\" data-end=\"1305\"><strong data-start=\"990\" data-end=\"1012\">\u2705 <\/strong>Soola- ja pipratoos<\/li>\n<li data-start=\"1306\" data-end=\"1333\"><strong data-start=\"990\" data-end=\"1012\">\u2705 <\/strong>Puidust kahvel ja lusikas<\/li>\n<\/ul>\n<p data-start=\"1335\" data-end=\"1357\"><strong data-start=\"1335\" data-end=\"1357\">Tehnilised Andmed:<\/strong><\/p>\n<ul data-start=\"1359\" data-end=\"1577\">\n<li data-start=\"1359\" data-end=\"1398\"><strong data-start=\"1361\" data-end=\"1373\">\u2705 M\u00f5\u00f5tmed:<\/strong> K\u00f6\u00f6k: 62 x 26 x 85 cm<\/li>\n<li data-start=\"1399\" data-end=\"1437\"><strong data-start=\"1401\" data-end=\"1421\">\u2705 T\u00f6\u00f6pinna K\u00f5rgus:<\/strong> 34 cm maapinnast<\/li>\n<li data-start=\"1438\" data-end=\"1468\"><strong data-start=\"1440\" data-end=\"1454\">\u2705 Lauaplaat:<\/strong> 59,5 x 26 cm<\/li>\n<li data-start=\"1469\" data-end=\"1577\"><strong data-start=\"1471\" data-end=\"1492\">\u2705 Tarvikute M\u00f5\u00f5dud:<\/strong> Pottide ja pannide l\u00e4bim\u00f5\u00f5t umbes 10 cm, lusika pikkus 13 cm, soolatahvli m\u00f5\u00f5dud 3 x 6 cm.<\/li>\n<\/ul>\n<p><strong>Vanus:<\/strong> 3+ aastat.<\/p>\n<p data-start=\"1579\" data-end=\"1725\"><strong data-start=\"1579\" data-end=\"1590\">Pakend:<\/strong> Toode on hoolikalt pakendatud papist pakendisse, tagades turvalise transportimise ja lihtsa kokkupaneku.<\/p>\n<p data-start=\"1727\" data-end=\"2118\" data-is-last-node=\"\" data-is-only-node=\"\">See puidust m\u00e4nguk\u00f6\u00f6k on suurep\u00e4rane kingiidee igale lapsele, kes armastab k\u00f6\u00f6gis toimetada ja unistab p\u00e4ris oma k\u00f6\u00f6gist. See ei ole ainult meelelahutus &#8211; see on investeering teie lapse arengusse, aidates neil m\u00e4nguliselt \u00f5ppida vastutustundlikkust ja iseseisvust. Kutsu oma laps avastama k\u00f6\u00f6gikunsti ja jagama pereringis koosveedetud kvaliteetaega LULILO puidust m\u00e4nguk\u00f6\u00f6gi abil!<\/p>\n<p data-start=\"1727\" data-end=\"2118\" data-is-last-node=\"\" data-is-only-node=\"\">Lisaks m\u00e4nguk\u00f6\u00f6gile leiate meie valikust ka teisi k\u00f6\u00f6gitarvikuid, mis rikastavad m\u00e4nguelamust ja pakuvad l\u00f5putult \u00f5ppimisv\u00f5imalusi. <strong><a href=\"https:\/\/sulin.ee\/tootekategooria\/mangimine\/rollimangud\/koogimanguasjad\/\">Leiad siit!<\/a><\/strong><\/p>\n<\/div>\n<\/div>\n<\/div>\n<\/div>\n<\/div>\n<\/div>\n<\/div>\n<\/div>\n<\/article>\n<\/div>\n<\/div>\n<\/div>\n<\/div>\n","protected":false},"excerpt":{"rendered":"<p><strong>Tutvustage oma lapsele k\u00f6\u00f6git\u00f6id LULILO puidust m\u00e4nguk\u00f6\u00f6gi<\/strong> abil, mis sisaldab espressomasinat ja mitmeid teisi k\u00f6\u00f6giseadmeid. See m\u00e4nguk\u00f6\u00f6k on ideaalne viis arendada laste kujutlusv\u00f5imet, peenmotoorikat ja sotsiaalseid oskusi, pakkudes samas turvalist ja l\u00f5busat keskkonda. M\u00e4ngimine stimuleerib loovust ja kujutlusv\u00f5imet.<\/p>\n<p><strong>Materjal:<\/strong> MDF, plastik.<\/p>\n<p><strong>M\u00f5\u00f5tmed:<\/strong> 62 x 26 x 85 cm.<\/p>\n<p><strong>Vanus:<\/strong> 3+ aastat.<\/p>\n<p><span style=\"color: #339966;\"><img loading=\"lazy\" decoding=\"async\" class=\"alignnone wp-image-22011\" src=\"https:\/\/sulin.ee\/wp-content\/uploads\/2024\/08\/images-300x134.png\" alt=\"\" width=\"77\" height=\"34\" \/><span style=\"color: #ff9900;\"><strong> Toote eest on v\u00f5imalik tasuda ka j\u00e4relmaksuga. T\u00e4pse info j\u00e4relmaksu v\u00f5imaluste kohta leiad ostukorvist, kui oled toote lisanud ja asud maksma. Leping s\u00f5lmitakse makseprotsessi k\u00e4igus.<\/strong><\/span><\/span><\/p>\n<p><strong>TARNE:<\/strong> 5-12 t\u00f6\u00f6p\u00e4eva<\/p>\n","protected":false},"featured_media":42693,"comment_status":"open","ping_status":"closed","template":"","meta":[],"product_brand":[],"product_cat":[110,1162,1165,1166,176,1011,1449],"product_tag":[],"class_list":{"0":"post-40668","1":"product","2":"type-product","3":"status-publish","4":"has-post-thumbnail","6":"product_cat-mangimine","7":"product_cat-kingituseks","8":"product_cat-3-5-aastat","9":"product_cat-6-8-aastat","10":"product_cat-rollimangud","11":"product_cat-koogimanguasjad","12":"product_cat-mangukoogid-lastele","13":"product_shipping_class-kuller-9-95","14":"has-post-title","15":"has-post-date","16":"has-post-category","17":"has-post-tag","18":"has-post-comment","19":"has-post-author","20":"","22":"first","23":"instock","24":"sale","25":"taxable","26":"shipping-taxable","27":"purchasable","28":"product-type-simple"},"yoast_head":"<!-- This site is optimized with the Yoast SEO plugin v26.8 - https:\/\/yoast.com\/product\/yoast-seo-wordpress\/ -->\n<title>Puidust m\u00e4nguk\u00f6\u00f6k espressomasinaga LULILO Saliko 85cm - sulin.ee<\/title>\n<meta name=\"description\" content=\"Puidust m\u00e4nguk\u00f6\u00f6k espressomasinaga \u2013 ideaalne kingitus igale uudishimulikule lapsele! \u00d5peta lapsele k\u00f6\u00f6gitoimingute algt\u00f5desid ohutult ja l\u00f5busalt.\" \/>\n<meta name=\"robots\" content=\"index, follow, max-snippet:-1, max-image-preview:large, max-video-preview:-1\" \/>\n<link rel=\"canonical\" href=\"https:\/\/sulin.ee\/en\/toode\/puidust-mangukook-espressomasinaga-lulilo-saliko-85cm\/\" \/>\n<meta property=\"og:locale\" content=\"en_US\" \/>\n<meta property=\"og:type\" content=\"article\" \/>\n<meta property=\"og:title\" content=\"Puidust m\u00e4nguk\u00f6\u00f6k espressomasinaga LULILO Saliko 85cm - sulin.ee\" \/>\n<meta property=\"og:description\" content=\"Puidust m\u00e4nguk\u00f6\u00f6k espressomasinaga \u2013 ideaalne kingitus igale uudishimulikule lapsele! \u00d5peta lapsele k\u00f6\u00f6gitoimingute algt\u00f5desid ohutult ja l\u00f5busalt.\" \/>\n<meta property=\"og:url\" content=\"https:\/\/sulin.ee\/en\/toode\/puidust-mangukook-espressomasinaga-lulilo-saliko-85cm\/\" \/>\n<meta property=\"og:site_name\" content=\"sulin.ee\" \/>\n<meta property=\"article:publisher\" content=\"https:\/\/www.facebook.com\/www.sulin.ee\/\" \/>\n<meta property=\"article:modified_time\" content=\"2025-03-18T13:59:51+00:00\" \/>\n<meta property=\"og:image\" content=\"https:\/\/sulin.ee\/wp-content\/uploads\/2025\/03\/Piltide-korrektuurid-kodulehel-2025-03-18T074558.563.png\" \/>\n\t<meta property=\"og:image:width\" content=\"1080\" \/>\n\t<meta property=\"og:image:height\" content=\"1080\" \/>\n\t<meta property=\"og:image:type\" content=\"image\/png\" \/>\n<meta name=\"twitter:card\" content=\"summary_large_image\" \/>\n<meta name=\"twitter:label1\" content=\"Est. reading time\" \/>\n\t<meta name=\"twitter:data1\" content=\"2 minutes\" \/>\n<script type=\"application\/ld+json\" class=\"yoast-schema-graph\">{\"@context\":\"https:\/\/schema.org\",\"@graph\":[{\"@type\":\"WebPage\",\"@id\":\"https:\/\/sulin.ee\/en\/toode\/puidust-mangukook-espressomasinaga-lulilo-saliko-85cm\/\",\"url\":\"https:\/\/sulin.ee\/en\/toode\/puidust-mangukook-espressomasinaga-lulilo-saliko-85cm\/\",\"name\":\"Puidust m\u00e4nguk\u00f6\u00f6k espressomasinaga LULILO Saliko 85cm - sulin.ee\",\"isPartOf\":{\"@id\":\"https:\/\/sulin.ee\/en\/#website\"},\"primaryImageOfPage\":{\"@id\":\"https:\/\/sulin.ee\/en\/toode\/puidust-mangukook-espressomasinaga-lulilo-saliko-85cm\/#primaryimage\"},\"image\":{\"@id\":\"https:\/\/sulin.ee\/en\/toode\/puidust-mangukook-espressomasinaga-lulilo-saliko-85cm\/#primaryimage\"},\"thumbnailUrl\":\"https:\/\/sulin.ee\/wp-content\/uploads\/2025\/03\/Piltide-korrektuurid-kodulehel-2025-03-18T074558.563.png\",\"datePublished\":\"2025-03-17T20:17:48+00:00\",\"dateModified\":\"2025-03-18T13:59:51+00:00\",\"description\":\"Puidust m\u00e4nguk\u00f6\u00f6k espressomasinaga \u2013 ideaalne kingitus igale uudishimulikule lapsele! \u00d5peta lapsele k\u00f6\u00f6gitoimingute algt\u00f5desid ohutult ja l\u00f5busalt.\",\"breadcrumb\":{\"@id\":\"https:\/\/sulin.ee\/en\/toode\/puidust-mangukook-espressomasinaga-lulilo-saliko-85cm\/#breadcrumb\"},\"inLanguage\":\"en-US\",\"potentialAction\":[{\"@type\":\"ReadAction\",\"target\":[\"https:\/\/sulin.ee\/en\/toode\/puidust-mangukook-espressomasinaga-lulilo-saliko-85cm\/\"]}]},{\"@type\":\"ImageObject\",\"inLanguage\":\"en-US\",\"@id\":\"https:\/\/sulin.ee\/en\/toode\/puidust-mangukook-espressomasinaga-lulilo-saliko-85cm\/#primaryimage\",\"url\":\"https:\/\/sulin.ee\/wp-content\/uploads\/2025\/03\/Piltide-korrektuurid-kodulehel-2025-03-18T074558.563.png\",\"contentUrl\":\"https:\/\/sulin.ee\/wp-content\/uploads\/2025\/03\/Piltide-korrektuurid-kodulehel-2025-03-18T074558.563.png\",\"width\":1080,\"height\":1080,\"caption\":\"Puidust m\u00e4nguk\u00f6\u00f6k espressomasinaga\"},{\"@type\":\"BreadcrumbList\",\"@id\":\"https:\/\/sulin.ee\/en\/toode\/puidust-mangukook-espressomasinaga-lulilo-saliko-85cm\/#breadcrumb\",\"itemListElement\":[{\"@type\":\"ListItem\",\"position\":1,\"name\":\"Home\",\"item\":\"https:\/\/sulin.ee\/en\/\"},{\"@type\":\"ListItem\",\"position\":2,\"name\":\"Sulin.ee e-pood\",\"item\":\"https:\/\/sulin.ee\/shop\/\"},{\"@type\":\"ListItem\",\"position\":3,\"name\":\"Puidust m\u00e4nguk\u00f6\u00f6k espressomasinaga LULILO Saliko 85cm\"}]},{\"@type\":\"WebSite\",\"@id\":\"https:\/\/sulin.ee\/en\/#website\",\"url\":\"https:\/\/sulin.ee\/en\/\",\"name\":\"sulin.ee\",\"description\":\"\",\"publisher\":{\"@id\":\"https:\/\/sulin.ee\/en\/#organization\"},\"potentialAction\":[{\"@type\":\"SearchAction\",\"target\":{\"@type\":\"EntryPoint\",\"urlTemplate\":\"https:\/\/sulin.ee\/en\/?s={search_term_string}\"},\"query-input\":{\"@type\":\"PropertyValueSpecification\",\"valueRequired\":true,\"valueName\":\"search_term_string\"}}],\"inLanguage\":\"en-US\"},{\"@type\":\"Organization\",\"@id\":\"https:\/\/sulin.ee\/en\/#organization\",\"name\":\"SULIN TRADE O\u00dc\",\"url\":\"https:\/\/sulin.ee\/en\/\",\"logo\":{\"@type\":\"ImageObject\",\"inLanguage\":\"en-US\",\"@id\":\"https:\/\/sulin.ee\/en\/#\/schema\/logo\/image\/\",\"url\":\"https:\/\/sulin.ee\/wp-content\/uploads\/2022\/11\/sulin-logo.png\",\"contentUrl\":\"https:\/\/sulin.ee\/wp-content\/uploads\/2022\/11\/sulin-logo.png\",\"width\":871,\"height\":321,\"caption\":\"SULIN TRADE O\u00dc\"},\"image\":{\"@id\":\"https:\/\/sulin.ee\/en\/#\/schema\/logo\/image\/\"},\"sameAs\":[\"https:\/\/www.facebook.com\/www.sulin.ee\/\",\"https:\/\/www.instagram.com\/sulintrade\/\"]}]}<\/script>\n<!-- \/ Yoast SEO plugin. -->","yoast_head_json":{"title":"Puidust m\u00e4nguk\u00f6\u00f6k espressomasinaga LULILO Saliko 85cm - sulin.ee","description":"Puidust m\u00e4nguk\u00f6\u00f6k espressomasinaga \u2013 ideaalne kingitus igale uudishimulikule lapsele! \u00d5peta lapsele k\u00f6\u00f6gitoimingute algt\u00f5desid ohutult ja l\u00f5busalt.","robots":{"index":"index","follow":"follow","max-snippet":"max-snippet:-1","max-image-preview":"max-image-preview:large","max-video-preview":"max-video-preview:-1"},"canonical":"https:\/\/sulin.ee\/en\/toode\/puidust-mangukook-espressomasinaga-lulilo-saliko-85cm\/","og_locale":"en_US","og_type":"article","og_title":"Puidust m\u00e4nguk\u00f6\u00f6k espressomasinaga LULILO Saliko 85cm - sulin.ee","og_description":"Puidust m\u00e4nguk\u00f6\u00f6k espressomasinaga \u2013 ideaalne kingitus igale uudishimulikule lapsele! \u00d5peta lapsele k\u00f6\u00f6gitoimingute algt\u00f5desid ohutult ja l\u00f5busalt.","og_url":"https:\/\/sulin.ee\/en\/toode\/puidust-mangukook-espressomasinaga-lulilo-saliko-85cm\/","og_site_name":"sulin.ee","article_publisher":"https:\/\/www.facebook.com\/www.sulin.ee\/","article_modified_time":"2025-03-18T13:59:51+00:00","og_image":[{"width":1080,"height":1080,"url":"https:\/\/sulin.ee\/wp-content\/uploads\/2025\/03\/Piltide-korrektuurid-kodulehel-2025-03-18T074558.563.png","type":"image\/png"}],"twitter_card":"summary_large_image","twitter_misc":{"Est. reading time":"2 minutes"},"schema":{"@context":"https:\/\/schema.org","@graph":[{"@type":"WebPage","@id":"https:\/\/sulin.ee\/en\/toode\/puidust-mangukook-espressomasinaga-lulilo-saliko-85cm\/","url":"https:\/\/sulin.ee\/en\/toode\/puidust-mangukook-espressomasinaga-lulilo-saliko-85cm\/","name":"Puidust m\u00e4nguk\u00f6\u00f6k espressomasinaga LULILO Saliko 85cm - sulin.ee","isPartOf":{"@id":"https:\/\/sulin.ee\/en\/#website"},"primaryImageOfPage":{"@id":"https:\/\/sulin.ee\/en\/toode\/puidust-mangukook-espressomasinaga-lulilo-saliko-85cm\/#primaryimage"},"image":{"@id":"https:\/\/sulin.ee\/en\/toode\/puidust-mangukook-espressomasinaga-lulilo-saliko-85cm\/#primaryimage"},"thumbnailUrl":"https:\/\/sulin.ee\/wp-content\/uploads\/2025\/03\/Piltide-korrektuurid-kodulehel-2025-03-18T074558.563.png","datePublished":"2025-03-17T20:17:48+00:00","dateModified":"2025-03-18T13:59:51+00:00","description":"Puidust m\u00e4nguk\u00f6\u00f6k espressomasinaga \u2013 ideaalne kingitus igale uudishimulikule lapsele! \u00d5peta lapsele k\u00f6\u00f6gitoimingute algt\u00f5desid ohutult ja l\u00f5busalt.","breadcrumb":{"@id":"https:\/\/sulin.ee\/en\/toode\/puidust-mangukook-espressomasinaga-lulilo-saliko-85cm\/#breadcrumb"},"inLanguage":"en-US","potentialAction":[{"@type":"ReadAction","target":["https:\/\/sulin.ee\/en\/toode\/puidust-mangukook-espressomasinaga-lulilo-saliko-85cm\/"]}]},{"@type":"ImageObject","inLanguage":"en-US","@id":"https:\/\/sulin.ee\/en\/toode\/puidust-mangukook-espressomasinaga-lulilo-saliko-85cm\/#primaryimage","url":"https:\/\/sulin.ee\/wp-content\/uploads\/2025\/03\/Piltide-korrektuurid-kodulehel-2025-03-18T074558.563.png","contentUrl":"https:\/\/sulin.ee\/wp-content\/uploads\/2025\/03\/Piltide-korrektuurid-kodulehel-2025-03-18T074558.563.png","width":1080,"height":1080,"caption":"Puidust m\u00e4nguk\u00f6\u00f6k espressomasinaga"},{"@type":"BreadcrumbList","@id":"https:\/\/sulin.ee\/en\/toode\/puidust-mangukook-espressomasinaga-lulilo-saliko-85cm\/#breadcrumb","itemListElement":[{"@type":"ListItem","position":1,"name":"Home","item":"https:\/\/sulin.ee\/en\/"},{"@type":"ListItem","position":2,"name":"Sulin.ee e-pood","item":"https:\/\/sulin.ee\/shop\/"},{"@type":"ListItem","position":3,"name":"Puidust m\u00e4nguk\u00f6\u00f6k espressomasinaga LULILO Saliko 85cm"}]},{"@type":"WebSite","@id":"https:\/\/sulin.ee\/en\/#website","url":"https:\/\/sulin.ee\/en\/","name":"sulin.ee","description":"","publisher":{"@id":"https:\/\/sulin.ee\/en\/#organization"},"potentialAction":[{"@type":"SearchAction","target":{"@type":"EntryPoint","urlTemplate":"https:\/\/sulin.ee\/en\/?s={search_term_string}"},"query-input":{"@type":"PropertyValueSpecification","valueRequired":true,"valueName":"search_term_string"}}],"inLanguage":"en-US"},{"@type":"Organization","@id":"https:\/\/sulin.ee\/en\/#organization","name":"SULIN TRADE O\u00dc","url":"https:\/\/sulin.ee\/en\/","logo":{"@type":"ImageObject","inLanguage":"en-US","@id":"https:\/\/sulin.ee\/en\/#\/schema\/logo\/image\/","url":"https:\/\/sulin.ee\/wp-content\/uploads\/2022\/11\/sulin-logo.png","contentUrl":"https:\/\/sulin.ee\/wp-content\/uploads\/2022\/11\/sulin-logo.png","width":871,"height":321,"caption":"SULIN TRADE O\u00dc"},"image":{"@id":"https:\/\/sulin.ee\/en\/#\/schema\/logo\/image\/"},"sameAs":["https:\/\/www.facebook.com\/www.sulin.ee\/","https:\/\/www.instagram.com\/sulintrade\/"]}]}},"builder_content":"","_links":{"self":[{"href":"https:\/\/sulin.ee\/en\/wp-json\/wp\/v2\/product\/40668","targetHints":{"allow":["GET"]}}],"collection":[{"href":"https:\/\/sulin.ee\/en\/wp-json\/wp\/v2\/product"}],"about":[{"href":"https:\/\/sulin.ee\/en\/wp-json\/wp\/v2\/types\/product"}],"replies":[{"embeddable":true,"href":"https:\/\/sulin.ee\/en\/wp-json\/wp\/v2\/comments?post=40668"}],"wp:featuredmedia":[{"embeddable":true,"href":"https:\/\/sulin.ee\/en\/wp-json\/wp\/v2\/media\/42693"}],"wp:attachment":[{"href":"https:\/\/sulin.ee\/en\/wp-json\/wp\/v2\/media?parent=40668"}],"wp:term":[{"taxonomy":"product_brand","embeddable":true,"href":"https:\/\/sulin.ee\/en\/wp-json\/wp\/v2\/product_brand?post=40668"},{"taxonomy":"product_cat","embeddable":true,"href":"https:\/\/sulin.ee\/en\/wp-json\/wp\/v2\/product_cat?post=40668"},{"taxonomy":"product_tag","embeddable":true,"href":"https:\/\/sulin.ee\/en\/wp-json\/wp\/v2\/product_tag?post=40668"}],"curies":[{"name":"wp","href":"https:\/\/api.w.org\/{rel}","templated":true}]}}