{"id":40603,"date":"2025-03-05T20:17:26","date_gmt":"2025-03-05T20:17:26","guid":{"rendered":"https:\/\/sulin.ee\/toode\/mint-mdf-puidust-kook-lastele\/"},"modified":"2025-03-21T09:35:17","modified_gmt":"2025-03-21T09:35:17","slug":"laste-puidust-kook-mundiroheline","status":"publish","type":"product","link":"https:\/\/sulin.ee\/en\/toode\/laste-puidust-kook-mundiroheline\/","title":{"rendered":"Laste puidust k\u00f6\u00f6k, m\u00fcndiroheline"},"content":{"rendered":"<h3><strong data-start=\"0\" data-end=\"48\">Laste puidust k\u00f6\u00f6k k\u00fclmkapiga, m\u00fcndiroheline<\/strong><\/h3>\n<article class=\"group\/turn w-full text-token-text-primary focus-visible:outline-2 focus-visible:outline-offset-[-4px]\" dir=\"auto\" tabindex=\"-1\" data-testid=\"conversation-turn-78\" data-scroll-anchor=\"true\">\n<div class=\"text-base my-auto mx-auto py-[18px] px-6\">\n<div class=\"mx-auto flex flex-1 text-base gap-4 md:gap-5 lg:gap-6 md:max-w-3xl lg:max-w-[40rem] xl:max-w-[48rem]\">\n<div class=\"group\/conversation-turn relative flex w-full min-w-0 flex-col agent-turn @xs\/thread:px-0 @sm\/thread:px-1.5 @md\/thread:px-4\">\n<div class=\"flex-col gap-1 md:gap-3\">\n<div class=\"flex max-w-full flex-col flex-grow\">\n<div class=\"min-h-8 text-message relative flex w-full flex-col items-end gap-2 whitespace-normal break-words text-start [.text-message+&amp;]:mt-5\" dir=\"auto\" data-message-author-role=\"assistant\" data-message-id=\"452b0f22-4257-496b-b933-376ccdbaf272\" data-message-model-slug=\"gpt-4-5\">\n<div class=\"flex w-full flex-col gap-1 empty:hidden first:pt-[3px]\">\n<div class=\"markdown prose w-full break-words dark:prose-invert light\">\n<p data-start=\"50\" data-end=\"427\">Puidust lastek\u00f6\u00f6k k\u00fclmkapiga elegantses m\u00fcndirohelises toonis on suurep\u00e4rane viis innustada v\u00e4ikest kokka avastama k\u00f6\u00f6gikunsti ja j\u00e4ljendama vanemate tegevusi l\u00f5busal ning turvalisel moel. See kaunis ja stiilne m\u00e4nguk\u00f6\u00f6k pakub rohkesti loomingulisi v\u00f5imalusi, aidates samal ajal arendada lapse oskusi, kujutlusv\u00f5imet ning \u00f5petades olulisi reegleid k\u00f6\u00f6gis ohutuks tegutsemiseks.<\/p>\n<p data-start=\"50\" data-end=\"427\"><strong>TARNE:<\/strong> 5-10 t\u00f6\u00f6p\u00e4eva<\/p>\n<h4 data-start=\"429\" data-end=\"842\"><strong data-start=\"429\" data-end=\"465\">Realistlik ja interaktiivne k\u00f6\u00f6k<\/strong><\/h4>\n<p data-start=\"429\" data-end=\"842\">K\u00f6\u00f6k sisaldab k\u00f5ike, mida noor meisterkokk oma loominguliste roogade valmistamiseks vajab. Liigutatavad ja heli tekitavad pliidinupud loovad realistliku toiduvalmistamise kogemuse. Ahjus saab k\u00fcpsetada maitsvaid k\u00fcpsiseid v\u00f5i muid h\u00f5rgutisi, mikrolaineahjus aga soojendada kujuteldavaid toite. L\u00f5bu l\u00f5ppedes ootab kraanikauss v\u00e4ikest abilist, et k\u00f5ik n\u00f5ud taas s\u00e4rama panna.<\/p>\n<h4 data-start=\"844\" data-end=\"1216\"><strong data-start=\"844\" data-end=\"880\">Rikkalik komplekt k\u00f6\u00f6gitarvikuid<\/strong><\/h4>\n<p data-start=\"844\" data-end=\"1216\">M\u00e4nguk\u00f6\u00f6giga on kaasas suur valik tarvikuid, mis muudavad iga m\u00e4ngukogemuse veelgi realistlikumaks ja p\u00f5nevamaks. Komplektis on plastist kaanega pott ja praepann, k\u00f6\u00f6giriistad, puidust s\u00f6\u00f6giriistad, kaks taldrikut ning neli v\u00e4rvilist kastmepudelit. K\u00f5ik vajalik selleks, et iga valmistatud roog oleks m\u00e4ngult maitsev ja v\u00e4rvik\u00fcllane!<\/p>\n<h4 data-start=\"1218\" data-end=\"1530\"><strong data-start=\"1218\" data-end=\"1254\">Arendab oskusi ja \u00f5petab ohutust<\/strong><\/h4>\n<p data-start=\"1218\" data-end=\"1530\">Lisaks l\u00f5bule \u00f5petab puidust k\u00f6\u00f6k v\u00e4ikelapsele olulisi praktilisi teadmisi. Laps \u00f5pib pliidi ja ahju ohutut kasutamist ning arendab silma-k\u00e4e koordinatsiooni, motoorikat ja haaret. Piiratud t\u00f6\u00f6pinna ruum \u00f5petab last korralikult organiseerima ja p\u00e4rast m\u00e4ngu ka korda looma.<\/p>\n<h4 data-start=\"1532\" data-end=\"1804\"><strong data-start=\"1532\" data-end=\"1578\">Kaunis kujundus ja kvaliteetsed materjalid<\/strong><\/h4>\n<p data-start=\"1532\" data-end=\"1804\">M\u00fcndirohelises toonis k\u00f6\u00f6k on ideaalne t\u00e4iendus igale lastetoale, andes sellele v\u00e4rske ja stiilse aktsendi. K\u00f6\u00f6k on valmistatud kvaliteetsest MDF-puidust ja plastist, olles vastupidav ja turvaline igap\u00e4evaseks kasutamiseks.<\/p>\n<p data-start=\"1806\" data-end=\"2120\"><strong data-start=\"1806\" data-end=\"1834\">Toote peamised omadused:<\/strong><br data-start=\"1834\" data-end=\"1837\" \/>\u2705 Elegantne m\u00fcndiroheline disain<br data-start=\"1869\" data-end=\"1872\" \/>\u2705 Komplektis pliit, ahi, mikrolaineahi ja kraaniga kraanikauss<br data-start=\"1934\" data-end=\"1937\" \/>\u2705 Palju tarvikuid \u2013 potid, pannid, s\u00f6\u00f6giriistad ja kastmepudelid<br data-start=\"2001\" data-end=\"2004\" \/>\u2705 Heli tekitavad liigutatavad pliidinupud realistlikuks m\u00e4nguks<br data-start=\"2067\" data-end=\"2070\" \/>\u2705 \u00d5petab lapsele ohutust ja arendab olulisi oskusi<\/p>\n<p data-start=\"2122\" data-end=\"2294\"><strong data-start=\"2122\" data-end=\"2141\">Komplekti sisu:<\/strong><br data-start=\"2141\" data-end=\"2144\" \/>\u2705 K\u00f6\u00f6k<br data-start=\"2150\" data-end=\"2153\" \/>\u2705 Ahi<br data-start=\"2158\" data-end=\"2161\" \/>\u2705 Mikrolaineahi<br data-start=\"2176\" data-end=\"2179\" \/>\u2705 Kaanega pott<br data-start=\"2193\" data-end=\"2196\" \/>\u2705 Praepann<br data-start=\"2206\" data-end=\"2209\" \/>\u2705 K\u00f6\u00f6giriistad x2<br data-start=\"2226\" data-end=\"2229\" \/>\u2705 S\u00f6\u00f6giriistad x2<br data-start=\"2246\" data-end=\"2249\" \/>\u2705 Kraan<br data-start=\"2256\" data-end=\"2259\" \/>\u2705 Taldrikud x2<br data-start=\"2273\" data-end=\"2276\" \/>\u2705 Kastmepudelid x4<\/p>\n<p data-start=\"2296\" data-end=\"2708\"><strong data-start=\"2296\" data-end=\"2318\">Tehnilised andmed:<\/strong><br data-start=\"2318\" data-end=\"2321\" \/>\u2705 Materjal: MDF-puit, plastik<br data-start=\"2350\" data-end=\"2353\" \/>\u2705 K\u00f6\u00f6gi m\u00f5\u00f5tmed: 86,2 cm x 61 cm x 29 cm<br data-start=\"2393\" data-end=\"2396\" \/>\u2705 T\u00f6\u00f6pinna k\u00f5rgus: 44 cm<br data-start=\"2420\" data-end=\"2423\" \/>\u2705 Mikrolaineahi: 14 cm x 29 cm x 10,5 cm<br data-start=\"2463\" data-end=\"2466\" \/>\u2705 Ahi: 29 cm x 30 cm x 44 cm<br data-start=\"2494\" data-end=\"2497\" \/>\u2705 Pott: 10 cm x 5 cm<br data-start=\"2517\" data-end=\"2520\" \/>\u2705 Praepann: 10 cm x 16,5 cm x 2,5 cm<br data-start=\"2556\" data-end=\"2559\" \/>\u2705 Kraanikauss: 18 cm x 13,2 cm<br data-start=\"2589\" data-end=\"2592\" \/>\u2705 Taldriku l\u00e4bim\u00f5\u00f5t: 11 cm<br data-start=\"2618\" data-end=\"2621\" \/>\u2705 Kastmepudelite k\u00f5rgus: 9 cm<br data-start=\"2650\" data-end=\"2653\" \/>\u2705 Pakendi m\u00f5\u00f5tmed: 96,5 cm x 37,5 cm x 17 cm (pappkarp)<\/p>\n<p data-start=\"2710\" data-end=\"2906\" data-is-last-node=\"\" data-is-only-node=\"\">See imeline puidust m\u00e4nguk\u00f6\u00f6k aitab teie lapsel \u00f5ppida k\u00f6\u00f6gis ohutult tegutsema, toetades samal ajal tema arengut ja kujutlusv\u00f5imet. Ideaalne kingitus igale lapsele, kes unistab p\u00e4ris oma k\u00f6\u00f6gist!<\/p>\n<p data-start=\"2710\" data-end=\"2906\" data-is-last-node=\"\" data-is-only-node=\"\">Lisaks m\u00e4nguk\u00f6\u00f6gile leiate meie valikust ka teisi k\u00f6\u00f6gitarvikuid, mis rikastavad m\u00e4nguelamust ja pakuvad l\u00f5putult \u00f5ppimisv\u00f5imalusi. <strong><a href=\"https:\/\/sulin.ee\/tootekategooria\/mangimine\/rollimangud\/koogimanguasjad\/\">Leiad siit!<\/a><\/strong><\/p>\n<\/div>\n<\/div>\n<\/div>\n<\/div>\n<\/div>\n<\/div>\n<\/div>\n<\/div>\n<\/article>\n","protected":false},"excerpt":{"rendered":"<p><strong>Laste puidust k\u00f6\u00f6k k\u00fclmkapiga elegantses m\u00fcndirohelises toonis pakub v\u00e4iksele kokale realistlikku ja l\u00f5busat m\u00e4nguelamust. Komplektis on pliit, ahi, kraaniga kraanikauss ja palju lisatarvikuid, mis arendavad lapse kujutlusv\u00f5imet ja k\u00e4elisi oskusi.<\/strong><\/p>\n<p><strong>M\u00f5\u00f5tmed:<\/strong> 86,2 x 61 x 29 cm.<\/p>\n<p><strong>Vanus:<\/strong> 3+ aastat.<\/p>\n<p><strong>TARNE:<\/strong> 5-10 t\u00f6\u00f6p\u00e4eva<\/p>\n<p><span style=\"color: #339966;\"><img loading=\"lazy\" decoding=\"async\" class=\"alignnone wp-image-22011\" src=\"https:\/\/sulin.ee\/wp-content\/uploads\/2024\/08\/images-300x134.png\" alt=\"\" width=\"77\" height=\"34\" \/><span style=\"color: #ff9900;\"><strong> Toote eest on v\u00f5imalik tasuda ka j\u00e4relmaksuga. T\u00e4pse info j\u00e4relmaksu v\u00f5imaluste kohta leiad ostukorvist, kui oled toote lisanud ja asud maksma. Leping s\u00f5lmitakse makseprotsessi k\u00e4igus.<\/strong><\/span><\/span><\/p>\n","protected":false},"featured_media":40601,"comment_status":"open","ping_status":"closed","template":"","meta":[],"product_brand":[],"product_cat":[110,1162,1165,1166,176,1011,1449],"product_tag":[],"class_list":{"0":"post-40603","1":"product","2":"type-product","3":"status-publish","4":"has-post-thumbnail","6":"product_cat-mangimine","7":"product_cat-kingituseks","8":"product_cat-3-5-aastat","9":"product_cat-6-8-aastat","10":"product_cat-rollimangud","11":"product_cat-koogimanguasjad","12":"product_cat-mangukoogid-lastele","13":"product_shipping_class-kuller-9-95","14":"has-post-title","15":"has-post-date","16":"has-post-category","17":"has-post-tag","18":"has-post-comment","19":"has-post-author","20":"","22":"first","23":"instock","24":"sale","25":"taxable","26":"shipping-taxable","27":"purchasable","28":"product-type-simple"},"yoast_head":"<!-- This site is optimized with the Yoast SEO plugin v26.8 - https:\/\/yoast.com\/product\/yoast-seo-wordpress\/ -->\n<title>Laste puidust k\u00f6\u00f6k, m\u00fcndiroheline - sulin.ee<\/title>\n<meta name=\"description\" content=\"Laste puidust k\u00f6\u00f6k, m\u00fcndiroheline - kaunis puidust lastek\u00f6\u00f6k k\u00fclmkapiga. Realistlike seadmete ja tarvikutega komplekt toetab laste loomingulisust.\" \/>\n<meta name=\"robots\" content=\"index, follow, max-snippet:-1, max-image-preview:large, max-video-preview:-1\" \/>\n<link rel=\"canonical\" href=\"https:\/\/sulin.ee\/en\/toode\/laste-puidust-kook-mundiroheline\/\" \/>\n<meta property=\"og:locale\" content=\"en_US\" \/>\n<meta property=\"og:type\" content=\"article\" \/>\n<meta property=\"og:title\" content=\"Laste puidust k\u00f6\u00f6k, m\u00fcndiroheline - sulin.ee\" \/>\n<meta property=\"og:description\" content=\"Laste puidust k\u00f6\u00f6k, m\u00fcndiroheline - kaunis puidust lastek\u00f6\u00f6k k\u00fclmkapiga. Realistlike seadmete ja tarvikutega komplekt toetab laste loomingulisust.\" \/>\n<meta property=\"og:url\" content=\"https:\/\/sulin.ee\/en\/toode\/laste-puidust-kook-mundiroheline\/\" \/>\n<meta property=\"og:site_name\" content=\"sulin.ee\" \/>\n<meta property=\"article:publisher\" content=\"https:\/\/www.facebook.com\/www.sulin.ee\/\" \/>\n<meta property=\"article:modified_time\" content=\"2025-03-21T09:35:17+00:00\" \/>\n<meta property=\"og:image\" content=\"https:\/\/sulin.ee\/wp-content\/uploads\/2025\/03\/Kuchnia-drewniana-MDF-dla-dzieci-mietowa-135732.jpg\" \/>\n\t<meta property=\"og:image:width\" content=\"1024\" \/>\n\t<meta property=\"og:image:height\" content=\"1024\" \/>\n\t<meta property=\"og:image:type\" content=\"image\/jpeg\" \/>\n<meta name=\"twitter:card\" content=\"summary_large_image\" \/>\n<meta name=\"twitter:label1\" content=\"Est. reading time\" \/>\n\t<meta name=\"twitter:data1\" content=\"3 minutes\" \/>\n<script type=\"application\/ld+json\" class=\"yoast-schema-graph\">{\"@context\":\"https:\/\/schema.org\",\"@graph\":[{\"@type\":\"WebPage\",\"@id\":\"https:\/\/sulin.ee\/en\/toode\/laste-puidust-kook-mundiroheline\/\",\"url\":\"https:\/\/sulin.ee\/en\/toode\/laste-puidust-kook-mundiroheline\/\",\"name\":\"Laste puidust k\u00f6\u00f6k, m\u00fcndiroheline - sulin.ee\",\"isPartOf\":{\"@id\":\"https:\/\/sulin.ee\/en\/#website\"},\"primaryImageOfPage\":{\"@id\":\"https:\/\/sulin.ee\/en\/toode\/laste-puidust-kook-mundiroheline\/#primaryimage\"},\"image\":{\"@id\":\"https:\/\/sulin.ee\/en\/toode\/laste-puidust-kook-mundiroheline\/#primaryimage\"},\"thumbnailUrl\":\"https:\/\/sulin.ee\/wp-content\/uploads\/2025\/03\/Kuchnia-drewniana-MDF-dla-dzieci-mietowa-135732.jpg\",\"datePublished\":\"2025-03-05T20:17:26+00:00\",\"dateModified\":\"2025-03-21T09:35:17+00:00\",\"description\":\"Laste puidust k\u00f6\u00f6k, m\u00fcndiroheline - kaunis puidust lastek\u00f6\u00f6k k\u00fclmkapiga. Realistlike seadmete ja tarvikutega komplekt toetab laste loomingulisust.\",\"breadcrumb\":{\"@id\":\"https:\/\/sulin.ee\/en\/toode\/laste-puidust-kook-mundiroheline\/#breadcrumb\"},\"inLanguage\":\"en-US\",\"potentialAction\":[{\"@type\":\"ReadAction\",\"target\":[\"https:\/\/sulin.ee\/en\/toode\/laste-puidust-kook-mundiroheline\/\"]}]},{\"@type\":\"ImageObject\",\"inLanguage\":\"en-US\",\"@id\":\"https:\/\/sulin.ee\/en\/toode\/laste-puidust-kook-mundiroheline\/#primaryimage\",\"url\":\"https:\/\/sulin.ee\/wp-content\/uploads\/2025\/03\/Kuchnia-drewniana-MDF-dla-dzieci-mietowa-135732.jpg\",\"contentUrl\":\"https:\/\/sulin.ee\/wp-content\/uploads\/2025\/03\/Kuchnia-drewniana-MDF-dla-dzieci-mietowa-135732.jpg\",\"width\":1024,\"height\":1024,\"caption\":\"Laste puidust k\u00f6\u00f6k\"},{\"@type\":\"BreadcrumbList\",\"@id\":\"https:\/\/sulin.ee\/en\/toode\/laste-puidust-kook-mundiroheline\/#breadcrumb\",\"itemListElement\":[{\"@type\":\"ListItem\",\"position\":1,\"name\":\"Home\",\"item\":\"https:\/\/sulin.ee\/en\/\"},{\"@type\":\"ListItem\",\"position\":2,\"name\":\"Sulin.ee e-pood\",\"item\":\"https:\/\/sulin.ee\/shop\/\"},{\"@type\":\"ListItem\",\"position\":3,\"name\":\"Laste puidust k\u00f6\u00f6k, m\u00fcndiroheline\"}]},{\"@type\":\"WebSite\",\"@id\":\"https:\/\/sulin.ee\/en\/#website\",\"url\":\"https:\/\/sulin.ee\/en\/\",\"name\":\"sulin.ee\",\"description\":\"\",\"publisher\":{\"@id\":\"https:\/\/sulin.ee\/en\/#organization\"},\"potentialAction\":[{\"@type\":\"SearchAction\",\"target\":{\"@type\":\"EntryPoint\",\"urlTemplate\":\"https:\/\/sulin.ee\/en\/?s={search_term_string}\"},\"query-input\":{\"@type\":\"PropertyValueSpecification\",\"valueRequired\":true,\"valueName\":\"search_term_string\"}}],\"inLanguage\":\"en-US\"},{\"@type\":\"Organization\",\"@id\":\"https:\/\/sulin.ee\/en\/#organization\",\"name\":\"SULIN TRADE O\u00dc\",\"url\":\"https:\/\/sulin.ee\/en\/\",\"logo\":{\"@type\":\"ImageObject\",\"inLanguage\":\"en-US\",\"@id\":\"https:\/\/sulin.ee\/en\/#\/schema\/logo\/image\/\",\"url\":\"https:\/\/sulin.ee\/wp-content\/uploads\/2022\/11\/sulin-logo.png\",\"contentUrl\":\"https:\/\/sulin.ee\/wp-content\/uploads\/2022\/11\/sulin-logo.png\",\"width\":871,\"height\":321,\"caption\":\"SULIN TRADE O\u00dc\"},\"image\":{\"@id\":\"https:\/\/sulin.ee\/en\/#\/schema\/logo\/image\/\"},\"sameAs\":[\"https:\/\/www.facebook.com\/www.sulin.ee\/\",\"https:\/\/www.instagram.com\/sulintrade\/\"]}]}<\/script>\n<!-- \/ Yoast SEO plugin. -->","yoast_head_json":{"title":"Laste puidust k\u00f6\u00f6k, m\u00fcndiroheline - sulin.ee","description":"Laste puidust k\u00f6\u00f6k, m\u00fcndiroheline - kaunis puidust lastek\u00f6\u00f6k k\u00fclmkapiga. Realistlike seadmete ja tarvikutega komplekt toetab laste loomingulisust.","robots":{"index":"index","follow":"follow","max-snippet":"max-snippet:-1","max-image-preview":"max-image-preview:large","max-video-preview":"max-video-preview:-1"},"canonical":"https:\/\/sulin.ee\/en\/toode\/laste-puidust-kook-mundiroheline\/","og_locale":"en_US","og_type":"article","og_title":"Laste puidust k\u00f6\u00f6k, m\u00fcndiroheline - sulin.ee","og_description":"Laste puidust k\u00f6\u00f6k, m\u00fcndiroheline - kaunis puidust lastek\u00f6\u00f6k k\u00fclmkapiga. Realistlike seadmete ja tarvikutega komplekt toetab laste loomingulisust.","og_url":"https:\/\/sulin.ee\/en\/toode\/laste-puidust-kook-mundiroheline\/","og_site_name":"sulin.ee","article_publisher":"https:\/\/www.facebook.com\/www.sulin.ee\/","article_modified_time":"2025-03-21T09:35:17+00:00","og_image":[{"width":1024,"height":1024,"url":"https:\/\/sulin.ee\/wp-content\/uploads\/2025\/03\/Kuchnia-drewniana-MDF-dla-dzieci-mietowa-135732.jpg","type":"image\/jpeg"}],"twitter_card":"summary_large_image","twitter_misc":{"Est. reading time":"3 minutes"},"schema":{"@context":"https:\/\/schema.org","@graph":[{"@type":"WebPage","@id":"https:\/\/sulin.ee\/en\/toode\/laste-puidust-kook-mundiroheline\/","url":"https:\/\/sulin.ee\/en\/toode\/laste-puidust-kook-mundiroheline\/","name":"Laste puidust k\u00f6\u00f6k, m\u00fcndiroheline - sulin.ee","isPartOf":{"@id":"https:\/\/sulin.ee\/en\/#website"},"primaryImageOfPage":{"@id":"https:\/\/sulin.ee\/en\/toode\/laste-puidust-kook-mundiroheline\/#primaryimage"},"image":{"@id":"https:\/\/sulin.ee\/en\/toode\/laste-puidust-kook-mundiroheline\/#primaryimage"},"thumbnailUrl":"https:\/\/sulin.ee\/wp-content\/uploads\/2025\/03\/Kuchnia-drewniana-MDF-dla-dzieci-mietowa-135732.jpg","datePublished":"2025-03-05T20:17:26+00:00","dateModified":"2025-03-21T09:35:17+00:00","description":"Laste puidust k\u00f6\u00f6k, m\u00fcndiroheline - kaunis puidust lastek\u00f6\u00f6k k\u00fclmkapiga. Realistlike seadmete ja tarvikutega komplekt toetab laste loomingulisust.","breadcrumb":{"@id":"https:\/\/sulin.ee\/en\/toode\/laste-puidust-kook-mundiroheline\/#breadcrumb"},"inLanguage":"en-US","potentialAction":[{"@type":"ReadAction","target":["https:\/\/sulin.ee\/en\/toode\/laste-puidust-kook-mundiroheline\/"]}]},{"@type":"ImageObject","inLanguage":"en-US","@id":"https:\/\/sulin.ee\/en\/toode\/laste-puidust-kook-mundiroheline\/#primaryimage","url":"https:\/\/sulin.ee\/wp-content\/uploads\/2025\/03\/Kuchnia-drewniana-MDF-dla-dzieci-mietowa-135732.jpg","contentUrl":"https:\/\/sulin.ee\/wp-content\/uploads\/2025\/03\/Kuchnia-drewniana-MDF-dla-dzieci-mietowa-135732.jpg","width":1024,"height":1024,"caption":"Laste puidust k\u00f6\u00f6k"},{"@type":"BreadcrumbList","@id":"https:\/\/sulin.ee\/en\/toode\/laste-puidust-kook-mundiroheline\/#breadcrumb","itemListElement":[{"@type":"ListItem","position":1,"name":"Home","item":"https:\/\/sulin.ee\/en\/"},{"@type":"ListItem","position":2,"name":"Sulin.ee e-pood","item":"https:\/\/sulin.ee\/shop\/"},{"@type":"ListItem","position":3,"name":"Laste puidust k\u00f6\u00f6k, m\u00fcndiroheline"}]},{"@type":"WebSite","@id":"https:\/\/sulin.ee\/en\/#website","url":"https:\/\/sulin.ee\/en\/","name":"sulin.ee","description":"","publisher":{"@id":"https:\/\/sulin.ee\/en\/#organization"},"potentialAction":[{"@type":"SearchAction","target":{"@type":"EntryPoint","urlTemplate":"https:\/\/sulin.ee\/en\/?s={search_term_string}"},"query-input":{"@type":"PropertyValueSpecification","valueRequired":true,"valueName":"search_term_string"}}],"inLanguage":"en-US"},{"@type":"Organization","@id":"https:\/\/sulin.ee\/en\/#organization","name":"SULIN TRADE O\u00dc","url":"https:\/\/sulin.ee\/en\/","logo":{"@type":"ImageObject","inLanguage":"en-US","@id":"https:\/\/sulin.ee\/en\/#\/schema\/logo\/image\/","url":"https:\/\/sulin.ee\/wp-content\/uploads\/2022\/11\/sulin-logo.png","contentUrl":"https:\/\/sulin.ee\/wp-content\/uploads\/2022\/11\/sulin-logo.png","width":871,"height":321,"caption":"SULIN TRADE O\u00dc"},"image":{"@id":"https:\/\/sulin.ee\/en\/#\/schema\/logo\/image\/"},"sameAs":["https:\/\/www.facebook.com\/www.sulin.ee\/","https:\/\/www.instagram.com\/sulintrade\/"]}]}},"builder_content":"","_links":{"self":[{"href":"https:\/\/sulin.ee\/en\/wp-json\/wp\/v2\/product\/40603","targetHints":{"allow":["GET"]}}],"collection":[{"href":"https:\/\/sulin.ee\/en\/wp-json\/wp\/v2\/product"}],"about":[{"href":"https:\/\/sulin.ee\/en\/wp-json\/wp\/v2\/types\/product"}],"replies":[{"embeddable":true,"href":"https:\/\/sulin.ee\/en\/wp-json\/wp\/v2\/comments?post=40603"}],"wp:featuredmedia":[{"embeddable":true,"href":"https:\/\/sulin.ee\/en\/wp-json\/wp\/v2\/media\/40601"}],"wp:attachment":[{"href":"https:\/\/sulin.ee\/en\/wp-json\/wp\/v2\/media?parent=40603"}],"wp:term":[{"taxonomy":"product_brand","embeddable":true,"href":"https:\/\/sulin.ee\/en\/wp-json\/wp\/v2\/product_brand?post=40603"},{"taxonomy":"product_cat","embeddable":true,"href":"https:\/\/sulin.ee\/en\/wp-json\/wp\/v2\/product_cat?post=40603"},{"taxonomy":"product_tag","embeddable":true,"href":"https:\/\/sulin.ee\/en\/wp-json\/wp\/v2\/product_tag?post=40603"}],"curies":[{"name":"wp","href":"https:\/\/api.w.org\/{rel}","templated":true}]}}