{"id":40582,"date":"2025-03-05T20:17:19","date_gmt":"2025-03-05T20:17:19","guid":{"rendered":"https:\/\/sulin.ee\/toode\/puidust-kook-roosa-lilled-ahju-lulilo\/"},"modified":"2026-04-05T18:49:15","modified_gmt":"2026-04-05T18:49:15","slug":"mangukook-tarvikutega-lilled-lulilo","status":"publish","type":"product","link":"https:\/\/sulin.ee\/en\/toode\/mangukook-tarvikutega-lilled-lulilo\/","title":{"rendered":"M\u00e4nguk\u00f6\u00f6k tarvikutega Lilled LULILO"},"content":{"rendered":"<div class=\"flex flex-1 grow basis-auto flex-col overflow-hidden\">\n<div class=\"relative h-full\">\n<div class=\"flex h-full flex-col overflow-y-auto [scrollbar-gutter:stable]\">\n<div class=\"mt-1.5 flex flex-col text-sm @thread-xl\/thread:pt-header-height md:pb-9\">\n<article class=\"group\/turn w-full text-token-text-primary focus-visible:outline-2 focus-visible:outline-offset-[-4px]\" dir=\"auto\" tabindex=\"-1\" data-testid=\"conversation-turn-82\" data-scroll-anchor=\"true\">\n<div class=\"text-base my-auto mx-auto py-[18px] px-6\">\n<div class=\"mx-auto flex flex-1 text-base gap-4 md:gap-5 lg:gap-6 md:max-w-3xl lg:max-w-[40rem] xl:max-w-[48rem]\">\n<div class=\"group\/conversation-turn relative flex w-full min-w-0 flex-col agent-turn @xs\/thread:px-0 @sm\/thread:px-1.5 @md\/thread:px-4\">\n<div class=\"flex-col gap-1 md:gap-3\">\n<div class=\"flex max-w-full flex-col flex-grow\">\n<div class=\"min-h-8 text-message relative flex w-full flex-col items-end gap-2 whitespace-normal break-words text-start [.text-message+&amp;]:mt-5\" dir=\"auto\" data-message-author-role=\"assistant\" data-message-id=\"f9734f58-8c74-433a-87a8-52735a76459b\" data-message-model-slug=\"gpt-4-5\">\n<div class=\"flex w-full flex-col gap-1 empty:hidden first:pt-[3px]\">\n<div class=\"markdown prose w-full break-words dark:prose-invert light\">\n<h3 data-start=\"41\" data-end=\"364\"><strong>M\u00e4nguk\u00f6\u00f6k tarvikutega Lilled LULILO<\/strong><\/h3>\n<p data-start=\"41\" data-end=\"364\">M\u00e4nguk\u00f6\u00f6k tarvikutega Lilled LULILO on kaunis \u00f5rnades roosades ja valgetes toonides kujundatud m\u00e4nguk\u00f6\u00f6k, mis toob igasse lastetuppa v\u00e4rskust ja r\u00f5\u00f5mu! Elegantse lillemustriga kaunistatud k\u00f6\u00f6k julgustab v\u00e4ikesi kokkasid kasutama oma loovust, et valmistada imemaitsvaid roogasid perele, s\u00f5pradele ja m\u00e4ngukaaslastele.<\/p>\n<p><strong>TARNE:<\/strong> 5-10 t\u00f6\u00f6p\u00e4eva<\/p>\n<h4 data-start=\"366\" data-end=\"723\"><strong data-start=\"366\" data-end=\"416\">K\u00f5ik vajalik v\u00e4ikese koka unistuste t\u00e4itmiseks<\/strong><\/h4>\n<p data-start=\"366\" data-end=\"723\">M\u00e4nguk\u00f6\u00f6k sisaldab pliiti, kraanikaussi ja t\u00f6\u00f6pinda, pakkudes k\u00f5ike vajalikku, et laps saaks tunda end t\u00f5elise peakokana. Komplekti kuuluvad mitmed olulised k\u00f6\u00f6gitarvikud: kaanega pott, praepann, s\u00f6\u00f6giriistad, taldrikud ja tassid, millega laps saab luua ja serveerida oma esimesi kulinaarseid loominguid.<\/p>\n<h4 data-start=\"725\" data-end=\"1091\"><strong data-start=\"725\" data-end=\"756\">Hariv ja l\u00f5bus m\u00e4ngukogemus<\/strong><\/h4>\n<p data-start=\"725\" data-end=\"1091\">K\u00f6\u00f6giga m\u00e4ngimine aitab arendada lapse peenmotoorikat, silma-k\u00e4e koordinatsiooni ning loogilist m\u00f5tlemist. Komplekt pakub lastele v\u00f5imalust \u00f5ppida m\u00e4nguliselt toiduvalmistamise p\u00f5hit\u00f5desid ja k\u00f6\u00f6gis ohutult tegutsemist. Tahvel v\u00f5imaldab lapsel \u00fcles m\u00e4rkida men\u00fc\u00fcsid ja retsepte, lisades m\u00e4ngule veelgi rohkem realistlikkust ja l\u00f5bu.<\/p>\n<h4 data-start=\"1093\" data-end=\"1367\"><strong data-start=\"1093\" data-end=\"1130\">Ohutud ja kvaliteetsed materjalid<\/strong><\/h4>\n<p data-start=\"1093\" data-end=\"1367\">M\u00e4nguk\u00f6\u00f6k Lilled LULILO on valmistatud vastupidavast puidust ning ohutust plastikust, mille pinnad on hoolikalt lihvitud ja viimistletud mittetoksiliste v\u00e4rvidega. Nii v\u00f5ite kindlad olla, et teie laps m\u00e4ngib turvaliselt ning mugavalt.<\/p>\n<h4 data-start=\"1369\" data-end=\"1619\"><strong data-start=\"1369\" data-end=\"1413\">T\u00e4iuslik kingitus igale v\u00e4ikesele kokale<\/strong><\/h4>\n<p data-start=\"1369\" data-end=\"1619\">Laste puidust m\u00e4nguk\u00f6\u00f6k on ideaalne kingitus, mis sobib suurep\u00e4raselt s\u00fcnnip\u00e4evaks, j\u00f5uludeks v\u00f5i mistahes muuks t\u00e4htp\u00e4evaks. Elegantne lillemuster ja pehmed v\u00e4rvid sobituvad imeliselt igasse lastetuppa.<\/p>\n<p data-start=\"1369\" data-end=\"1619\"><strong>Vanus:<\/strong> 3+ aastat.<\/p>\n<p data-start=\"1621\" data-end=\"1833\"><strong data-start=\"1621\" data-end=\"1642\">Komplekti kuulub:<\/strong><br data-start=\"1642\" data-end=\"1645\" \/>\u2705 K\u00f6\u00f6k lillemustriga<br data-start=\"1665\" data-end=\"1668\" \/>\u2705 Praepann<br data-start=\"1678\" data-end=\"1681\" \/>\u2705 Kaanega pott<br data-start=\"1695\" data-end=\"1698\" \/>\u2705 Taldrikud x2<br data-start=\"1712\" data-end=\"1715\" \/>\u2705 S\u00f6\u00f6giriistad x4<br data-start=\"1732\" data-end=\"1735\" data-is-only-node=\"\" \/>\u2705 Tassid x2<br data-start=\"1746\" data-end=\"1749\" \/>\u2705 K\u00f6\u00f6gitarvikud x3<br data-start=\"1767\" data-end=\"1770\" \/>\u2705 Kraanikauss ja kraan<br data-start=\"1792\" data-end=\"1795\" \/>\u2705 Tahvel men\u00fc\u00fcde ja retseptide jaoks<\/p>\n<p data-start=\"1835\" data-end=\"2184\"><strong data-start=\"1835\" data-end=\"1857\">Tehnilised andmed:<\/strong><br data-start=\"1857\" data-end=\"1860\" \/>\u2705 Materjal: puit, plastik<br data-start=\"1885\" data-end=\"1888\" \/>\u2705 Soovitatav vanus: 3+<br data-start=\"1910\" data-end=\"1913\" \/>\u2705 V\u00e4rvid: valge ja roosa<br data-start=\"1937\" data-end=\"1940\" \/>\u2705 K\u00f6\u00f6gi m\u00f5\u00f5tmed: 58 cm x 30 cm x 82 cm<br data-start=\"1978\" data-end=\"1981\" \/>\u2705 Valamu m\u00f5\u00f5tmed: 24,5 cm x 18 cm<br data-start=\"2014\" data-end=\"2017\" data-is-only-node=\"\" \/>\u2705 Tasside m\u00f5\u00f5tmed: 6 cm x 5,5 cm<br data-start=\"2049\" data-end=\"2052\" \/>\u2705 S\u00f6\u00f6giriistade pikkus: 8 cm<br data-start=\"2080\" data-end=\"2083\" \/>\u2705 Taldriku l\u00e4bim\u00f5\u00f5t: 9,5 cm<br data-start=\"2110\" data-end=\"2113\" \/>\u2705 Pakendi m\u00f5\u00f5tmed: 68 cm x 42 cm x 14,5 cm<br data-start=\"2155\" data-end=\"2158\" \/>\u2705 Pakendi t\u00fc\u00fcp: pappkarp<\/p>\n<p data-start=\"2186\" data-end=\"2310\" data-is-last-node=\"\" data-is-only-node=\"\">Lilled LULILO m\u00e4nguk\u00f6\u00f6k toob m\u00e4ngimise kaudu r\u00f5\u00f5mu ja \u00f5ppimist igasse p\u00e4eva, innustades v\u00e4ikseid kokkasid avastama ja looma!<\/p>\n<p data-start=\"2186\" data-end=\"2310\" data-is-last-node=\"\" data-is-only-node=\"\">Lisaks m\u00e4nguk\u00f6\u00f6gile leiate meie valikust ka teisi k\u00f6\u00f6gitarvikuid, mis rikastavad m\u00e4nguelamust ja pakuvad l\u00f5putult \u00f5ppimisv\u00f5imalusi. <strong><a href=\"https:\/\/sulin.ee\/tootekategooria\/mangimine\/rollimangud\/koogimanguasjad\/\">Leiad siit!<\/a><\/strong><\/p>\n<\/div>\n<\/div>\n<\/div>\n<\/div>\n<\/div>\n<\/div>\n<\/div>\n<\/div>\n<\/article>\n<\/div>\n<\/div>\n<\/div>\n<\/div>\n","protected":false},"excerpt":{"rendered":"<p><strong>Laste puidust m\u00e4nguk\u00f6\u00f6k Lilled LULILO kaunis lillemustris \u00fchendab l\u00f5busa m\u00e4ngu ja \u00f5ppimise. Komplekt sisaldab rohkelt k\u00f6\u00f6gitarvikuid ning aitab arendada laste peenmotoorikat, kujutlusv\u00f5imet ja k\u00f6\u00f6gis tegutsemise oskusi.<\/strong><\/p>\n<p><strong>M\u00f5\u00f5tmed:<\/strong> 58 x 30 x 82 cm<\/p>\n<p><strong>Vanus:<\/strong> 3+ aastat.<\/p>\n<p><strong>TARNE:<\/strong> 5-10 t\u00f6\u00f6p\u00e4eva<\/p>\n<p><span style=\"color: #339966;\"><img loading=\"lazy\" decoding=\"async\" class=\"alignnone wp-image-22011\" src=\"https:\/\/sulin.ee\/wp-content\/uploads\/2024\/08\/images-300x134.png\" alt=\"\" width=\"77\" height=\"34\" \/><span style=\"color: #ff9900;\"><strong> Toote eest on v\u00f5imalik tasuda ka j\u00e4relmaksuga. T\u00e4pse info j\u00e4relmaksu v\u00f5imaluste kohta leiad ostukorvist, kui oled toote lisanud ja asud maksma. Leping s\u00f5lmitakse makseprotsessi k\u00e4igus.<\/strong><\/span><\/span><\/p>\n","protected":false},"featured_media":40580,"comment_status":"open","ping_status":"closed","template":"","meta":[],"product_brand":[],"product_cat":[110,1162,1165,1166,176,1011,1449],"product_tag":[],"class_list":{"0":"post-40582","1":"product","2":"type-product","3":"status-publish","4":"has-post-thumbnail","6":"product_cat-mangimine","7":"product_cat-kingituseks","8":"product_cat-3-5-aastat","9":"product_cat-6-8-aastat","10":"product_cat-rollimangud","11":"product_cat-koogimanguasjad","12":"product_cat-mangukoogid-lastele","13":"product_shipping_class-kuller-9-95","14":"has-post-title","15":"has-post-date","16":"has-post-category","17":"has-post-tag","18":"has-post-comment","19":"has-post-author","20":"","22":"first","23":"outofstock","24":"sale","25":"taxable","26":"shipping-taxable","27":"purchasable","28":"product-type-simple"},"yoast_head":"<!-- This site is optimized with the Yoast SEO plugin v26.8 - https:\/\/yoast.com\/product\/yoast-seo-wordpress\/ -->\n<title>M\u00e4nguk\u00f6\u00f6k tarvikutega Lilled LULILO - sulin.ee<\/title>\n<meta name=\"description\" content=\"M\u00e4nguk\u00f6\u00f6k tarvikutega pakub l\u00f5busat ja \u00f5petlikku m\u00e4nguaega. Realistlike tarvikutega k\u00f6\u00f6k arendab lapse loovust, motoorseid oskusi.\" \/>\n<meta name=\"robots\" content=\"index, follow, max-snippet:-1, max-image-preview:large, max-video-preview:-1\" \/>\n<link rel=\"canonical\" href=\"https:\/\/sulin.ee\/en\/toode\/mangukook-tarvikutega-lilled-lulilo\/\" \/>\n<meta property=\"og:locale\" content=\"en_US\" \/>\n<meta property=\"og:type\" content=\"article\" \/>\n<meta property=\"og:title\" content=\"M\u00e4nguk\u00f6\u00f6k tarvikutega Lilled LULILO - sulin.ee\" \/>\n<meta property=\"og:description\" content=\"M\u00e4nguk\u00f6\u00f6k tarvikutega pakub l\u00f5busat ja \u00f5petlikku m\u00e4nguaega. Realistlike tarvikutega k\u00f6\u00f6k arendab lapse loovust, motoorseid oskusi.\" \/>\n<meta property=\"og:url\" content=\"https:\/\/sulin.ee\/en\/toode\/mangukook-tarvikutega-lilled-lulilo\/\" \/>\n<meta property=\"og:site_name\" content=\"sulin.ee\" \/>\n<meta property=\"article:publisher\" content=\"https:\/\/www.facebook.com\/www.sulin.ee\/\" \/>\n<meta property=\"article:modified_time\" content=\"2026-04-05T18:49:15+00:00\" \/>\n<meta property=\"og:image\" content=\"https:\/\/sulin.ee\/wp-content\/uploads\/2025\/03\/Kuchnia-dla-dzieci-drewniana-LULILO-FLORA-rozowa-160025.jpg\" \/>\n\t<meta property=\"og:image:width\" content=\"1024\" \/>\n\t<meta property=\"og:image:height\" content=\"1024\" \/>\n\t<meta property=\"og:image:type\" content=\"image\/jpeg\" \/>\n<meta name=\"twitter:card\" content=\"summary_large_image\" \/>\n<meta name=\"twitter:label1\" content=\"Est. reading time\" \/>\n\t<meta name=\"twitter:data1\" content=\"3 minutes\" \/>\n<script type=\"application\/ld+json\" class=\"yoast-schema-graph\">{\"@context\":\"https:\/\/schema.org\",\"@graph\":[{\"@type\":\"WebPage\",\"@id\":\"https:\/\/sulin.ee\/en\/toode\/mangukook-tarvikutega-lilled-lulilo\/\",\"url\":\"https:\/\/sulin.ee\/en\/toode\/mangukook-tarvikutega-lilled-lulilo\/\",\"name\":\"M\u00e4nguk\u00f6\u00f6k tarvikutega Lilled LULILO - sulin.ee\",\"isPartOf\":{\"@id\":\"https:\/\/sulin.ee\/en\/#website\"},\"primaryImageOfPage\":{\"@id\":\"https:\/\/sulin.ee\/en\/toode\/mangukook-tarvikutega-lilled-lulilo\/#primaryimage\"},\"image\":{\"@id\":\"https:\/\/sulin.ee\/en\/toode\/mangukook-tarvikutega-lilled-lulilo\/#primaryimage\"},\"thumbnailUrl\":\"https:\/\/sulin.ee\/wp-content\/uploads\/2025\/03\/Kuchnia-dla-dzieci-drewniana-LULILO-FLORA-rozowa-160025.jpg\",\"datePublished\":\"2025-03-05T20:17:19+00:00\",\"dateModified\":\"2026-04-05T18:49:15+00:00\",\"description\":\"M\u00e4nguk\u00f6\u00f6k tarvikutega pakub l\u00f5busat ja \u00f5petlikku m\u00e4nguaega. Realistlike tarvikutega k\u00f6\u00f6k arendab lapse loovust, motoorseid oskusi.\",\"breadcrumb\":{\"@id\":\"https:\/\/sulin.ee\/en\/toode\/mangukook-tarvikutega-lilled-lulilo\/#breadcrumb\"},\"inLanguage\":\"en-US\",\"potentialAction\":[{\"@type\":\"ReadAction\",\"target\":[\"https:\/\/sulin.ee\/en\/toode\/mangukook-tarvikutega-lilled-lulilo\/\"]}]},{\"@type\":\"ImageObject\",\"inLanguage\":\"en-US\",\"@id\":\"https:\/\/sulin.ee\/en\/toode\/mangukook-tarvikutega-lilled-lulilo\/#primaryimage\",\"url\":\"https:\/\/sulin.ee\/wp-content\/uploads\/2025\/03\/Kuchnia-dla-dzieci-drewniana-LULILO-FLORA-rozowa-160025.jpg\",\"contentUrl\":\"https:\/\/sulin.ee\/wp-content\/uploads\/2025\/03\/Kuchnia-dla-dzieci-drewniana-LULILO-FLORA-rozowa-160025.jpg\",\"width\":1024,\"height\":1024,\"caption\":\"M\u00e4nguk\u00f6\u00f6k tarvikutega\"},{\"@type\":\"BreadcrumbList\",\"@id\":\"https:\/\/sulin.ee\/en\/toode\/mangukook-tarvikutega-lilled-lulilo\/#breadcrumb\",\"itemListElement\":[{\"@type\":\"ListItem\",\"position\":1,\"name\":\"Home\",\"item\":\"https:\/\/sulin.ee\/en\/\"},{\"@type\":\"ListItem\",\"position\":2,\"name\":\"Sulin.ee e-pood\",\"item\":\"https:\/\/sulin.ee\/shop\/\"},{\"@type\":\"ListItem\",\"position\":3,\"name\":\"M\u00e4nguk\u00f6\u00f6k tarvikutega Lilled LULILO\"}]},{\"@type\":\"WebSite\",\"@id\":\"https:\/\/sulin.ee\/en\/#website\",\"url\":\"https:\/\/sulin.ee\/en\/\",\"name\":\"sulin.ee\",\"description\":\"\",\"publisher\":{\"@id\":\"https:\/\/sulin.ee\/en\/#organization\"},\"potentialAction\":[{\"@type\":\"SearchAction\",\"target\":{\"@type\":\"EntryPoint\",\"urlTemplate\":\"https:\/\/sulin.ee\/en\/?s={search_term_string}\"},\"query-input\":{\"@type\":\"PropertyValueSpecification\",\"valueRequired\":true,\"valueName\":\"search_term_string\"}}],\"inLanguage\":\"en-US\"},{\"@type\":\"Organization\",\"@id\":\"https:\/\/sulin.ee\/en\/#organization\",\"name\":\"SULIN TRADE O\u00dc\",\"url\":\"https:\/\/sulin.ee\/en\/\",\"logo\":{\"@type\":\"ImageObject\",\"inLanguage\":\"en-US\",\"@id\":\"https:\/\/sulin.ee\/en\/#\/schema\/logo\/image\/\",\"url\":\"https:\/\/sulin.ee\/wp-content\/uploads\/2022\/11\/sulin-logo.png\",\"contentUrl\":\"https:\/\/sulin.ee\/wp-content\/uploads\/2022\/11\/sulin-logo.png\",\"width\":871,\"height\":321,\"caption\":\"SULIN TRADE O\u00dc\"},\"image\":{\"@id\":\"https:\/\/sulin.ee\/en\/#\/schema\/logo\/image\/\"},\"sameAs\":[\"https:\/\/www.facebook.com\/www.sulin.ee\/\",\"https:\/\/www.instagram.com\/sulintrade\/\"]}]}<\/script>\n<!-- \/ Yoast SEO plugin. -->","yoast_head_json":{"title":"M\u00e4nguk\u00f6\u00f6k tarvikutega Lilled LULILO - sulin.ee","description":"M\u00e4nguk\u00f6\u00f6k tarvikutega pakub l\u00f5busat ja \u00f5petlikku m\u00e4nguaega. Realistlike tarvikutega k\u00f6\u00f6k arendab lapse loovust, motoorseid oskusi.","robots":{"index":"index","follow":"follow","max-snippet":"max-snippet:-1","max-image-preview":"max-image-preview:large","max-video-preview":"max-video-preview:-1"},"canonical":"https:\/\/sulin.ee\/en\/toode\/mangukook-tarvikutega-lilled-lulilo\/","og_locale":"en_US","og_type":"article","og_title":"M\u00e4nguk\u00f6\u00f6k tarvikutega Lilled LULILO - sulin.ee","og_description":"M\u00e4nguk\u00f6\u00f6k tarvikutega pakub l\u00f5busat ja \u00f5petlikku m\u00e4nguaega. Realistlike tarvikutega k\u00f6\u00f6k arendab lapse loovust, motoorseid oskusi.","og_url":"https:\/\/sulin.ee\/en\/toode\/mangukook-tarvikutega-lilled-lulilo\/","og_site_name":"sulin.ee","article_publisher":"https:\/\/www.facebook.com\/www.sulin.ee\/","article_modified_time":"2026-04-05T18:49:15+00:00","og_image":[{"width":1024,"height":1024,"url":"https:\/\/sulin.ee\/wp-content\/uploads\/2025\/03\/Kuchnia-dla-dzieci-drewniana-LULILO-FLORA-rozowa-160025.jpg","type":"image\/jpeg"}],"twitter_card":"summary_large_image","twitter_misc":{"Est. reading time":"3 minutes"},"schema":{"@context":"https:\/\/schema.org","@graph":[{"@type":"WebPage","@id":"https:\/\/sulin.ee\/en\/toode\/mangukook-tarvikutega-lilled-lulilo\/","url":"https:\/\/sulin.ee\/en\/toode\/mangukook-tarvikutega-lilled-lulilo\/","name":"M\u00e4nguk\u00f6\u00f6k tarvikutega Lilled LULILO - sulin.ee","isPartOf":{"@id":"https:\/\/sulin.ee\/en\/#website"},"primaryImageOfPage":{"@id":"https:\/\/sulin.ee\/en\/toode\/mangukook-tarvikutega-lilled-lulilo\/#primaryimage"},"image":{"@id":"https:\/\/sulin.ee\/en\/toode\/mangukook-tarvikutega-lilled-lulilo\/#primaryimage"},"thumbnailUrl":"https:\/\/sulin.ee\/wp-content\/uploads\/2025\/03\/Kuchnia-dla-dzieci-drewniana-LULILO-FLORA-rozowa-160025.jpg","datePublished":"2025-03-05T20:17:19+00:00","dateModified":"2026-04-05T18:49:15+00:00","description":"M\u00e4nguk\u00f6\u00f6k tarvikutega pakub l\u00f5busat ja \u00f5petlikku m\u00e4nguaega. Realistlike tarvikutega k\u00f6\u00f6k arendab lapse loovust, motoorseid oskusi.","breadcrumb":{"@id":"https:\/\/sulin.ee\/en\/toode\/mangukook-tarvikutega-lilled-lulilo\/#breadcrumb"},"inLanguage":"en-US","potentialAction":[{"@type":"ReadAction","target":["https:\/\/sulin.ee\/en\/toode\/mangukook-tarvikutega-lilled-lulilo\/"]}]},{"@type":"ImageObject","inLanguage":"en-US","@id":"https:\/\/sulin.ee\/en\/toode\/mangukook-tarvikutega-lilled-lulilo\/#primaryimage","url":"https:\/\/sulin.ee\/wp-content\/uploads\/2025\/03\/Kuchnia-dla-dzieci-drewniana-LULILO-FLORA-rozowa-160025.jpg","contentUrl":"https:\/\/sulin.ee\/wp-content\/uploads\/2025\/03\/Kuchnia-dla-dzieci-drewniana-LULILO-FLORA-rozowa-160025.jpg","width":1024,"height":1024,"caption":"M\u00e4nguk\u00f6\u00f6k tarvikutega"},{"@type":"BreadcrumbList","@id":"https:\/\/sulin.ee\/en\/toode\/mangukook-tarvikutega-lilled-lulilo\/#breadcrumb","itemListElement":[{"@type":"ListItem","position":1,"name":"Home","item":"https:\/\/sulin.ee\/en\/"},{"@type":"ListItem","position":2,"name":"Sulin.ee e-pood","item":"https:\/\/sulin.ee\/shop\/"},{"@type":"ListItem","position":3,"name":"M\u00e4nguk\u00f6\u00f6k tarvikutega Lilled LULILO"}]},{"@type":"WebSite","@id":"https:\/\/sulin.ee\/en\/#website","url":"https:\/\/sulin.ee\/en\/","name":"sulin.ee","description":"","publisher":{"@id":"https:\/\/sulin.ee\/en\/#organization"},"potentialAction":[{"@type":"SearchAction","target":{"@type":"EntryPoint","urlTemplate":"https:\/\/sulin.ee\/en\/?s={search_term_string}"},"query-input":{"@type":"PropertyValueSpecification","valueRequired":true,"valueName":"search_term_string"}}],"inLanguage":"en-US"},{"@type":"Organization","@id":"https:\/\/sulin.ee\/en\/#organization","name":"SULIN TRADE O\u00dc","url":"https:\/\/sulin.ee\/en\/","logo":{"@type":"ImageObject","inLanguage":"en-US","@id":"https:\/\/sulin.ee\/en\/#\/schema\/logo\/image\/","url":"https:\/\/sulin.ee\/wp-content\/uploads\/2022\/11\/sulin-logo.png","contentUrl":"https:\/\/sulin.ee\/wp-content\/uploads\/2022\/11\/sulin-logo.png","width":871,"height":321,"caption":"SULIN TRADE O\u00dc"},"image":{"@id":"https:\/\/sulin.ee\/en\/#\/schema\/logo\/image\/"},"sameAs":["https:\/\/www.facebook.com\/www.sulin.ee\/","https:\/\/www.instagram.com\/sulintrade\/"]}]}},"builder_content":"","_links":{"self":[{"href":"https:\/\/sulin.ee\/en\/wp-json\/wp\/v2\/product\/40582","targetHints":{"allow":["GET"]}}],"collection":[{"href":"https:\/\/sulin.ee\/en\/wp-json\/wp\/v2\/product"}],"about":[{"href":"https:\/\/sulin.ee\/en\/wp-json\/wp\/v2\/types\/product"}],"replies":[{"embeddable":true,"href":"https:\/\/sulin.ee\/en\/wp-json\/wp\/v2\/comments?post=40582"}],"wp:featuredmedia":[{"embeddable":true,"href":"https:\/\/sulin.ee\/en\/wp-json\/wp\/v2\/media\/40580"}],"wp:attachment":[{"href":"https:\/\/sulin.ee\/en\/wp-json\/wp\/v2\/media?parent=40582"}],"wp:term":[{"taxonomy":"product_brand","embeddable":true,"href":"https:\/\/sulin.ee\/en\/wp-json\/wp\/v2\/product_brand?post=40582"},{"taxonomy":"product_cat","embeddable":true,"href":"https:\/\/sulin.ee\/en\/wp-json\/wp\/v2\/product_cat?post=40582"},{"taxonomy":"product_tag","embeddable":true,"href":"https:\/\/sulin.ee\/en\/wp-json\/wp\/v2\/product_tag?post=40582"}],"curies":[{"name":"wp","href":"https:\/\/api.w.org\/{rel}","templated":true}]}}