{"id":40553,"date":"2025-03-05T20:17:09","date_gmt":"2025-03-05T20:17:09","guid":{"rendered":"https:\/\/sulin.ee\/toode\/laste-puidust-kook-koos-kulmkapiga-kuldne\/"},"modified":"2025-03-21T09:28:43","modified_gmt":"2025-03-21T09:28:43","slug":"laste-puidust-kook-koos-kulmkapiga-kuldne","status":"publish","type":"product","link":"https:\/\/sulin.ee\/en\/toode\/laste-puidust-kook-koos-kulmkapiga-kuldne\/","title":{"rendered":"Laste puidust k\u00f6\u00f6k k\u00fclmkapiga, kuldne"},"content":{"rendered":"<h3><strong data-start=\"0\" data-end=\"45\">Laste puidust k\u00f6\u00f6k k\u00fclmkapiga kuldne<\/strong><\/h3>\n<div class=\"flex max-w-full flex-col flex-grow\">\n<div class=\"min-h-8 text-message relative flex w-full flex-col items-end gap-2 whitespace-normal break-words text-start [.text-message+&amp;]:mt-5\" dir=\"auto\" data-message-author-role=\"assistant\" data-message-id=\"c29a7cf2-2af1-4c1c-aaa6-994e08049fce\" data-message-model-slug=\"gpt-4-5\">\n<div class=\"flex w-full flex-col gap-1 empty:hidden first:pt-[3px]\">\n<div class=\"markdown prose w-full break-words dark:prose-invert light\">\n<p data-start=\"47\" data-end=\"321\">Laste puidust m\u00e4nguk\u00f6\u00f6k k\u00fclmkapi ja rikkalike tarvikutega on ideaalne valik igale v\u00e4ikesele kokale, kes unistab p\u00e4ris enda k\u00f6\u00f6gist. Kaunilt kujundatud kuldsetes toonides k\u00f6\u00f6k ei ole mitte ainult pilkup\u00fc\u00fcdev m\u00e4nguasi, vaid ka stiilne ja praktiline t\u00e4iendus igasse lastetuppa.<\/p>\n<p data-start=\"47\" data-end=\"321\"><strong>TARNE:<\/strong> 5-10 t\u00f6\u00f6p\u00e4eva<\/p>\n<h4 data-start=\"323\" data-end=\"717\"><strong data-start=\"323\" data-end=\"368\">Realistlik ja interaktiivne m\u00e4ngukeskkond<\/strong><\/h4>\n<p data-start=\"323\" data-end=\"717\">K\u00f6\u00f6gis on olemas k\u00f5ik vajalik, et teie laps saaks tunda end t\u00f5elise meisterkokana. Valgustusega lamp ning heli tekitavad p\u00f5letid annavad realistliku toiduvalmistamise kogemuse, innustades lapsi aktiivsele ja loomingulisele m\u00e4ngule. Laps saab \u00f5ppida p\u00f5letite ohutut kasutamist ilma reaalse ohuta ning harjutada erinevate k\u00f6\u00f6giseadmete k\u00e4sitlemist.<\/p>\n<h4 data-start=\"719\" data-end=\"1102\"><strong data-start=\"719\" data-end=\"760\">Funktsionaalne disain koos k\u00fclmkapiga<\/strong><\/h4>\n<p data-start=\"719\" data-end=\"1102\">See m\u00e4nguk\u00f6\u00f6k sisaldab ka praktilist k\u00fclmkappi, kus v\u00e4ikesed kokad saavad hoida m\u00e4ngutoitu ja j\u00e4\u00e4kuubikuid, et serveerida k\u00fclmi jooke oma m\u00e4ngus\u00f5pradele v\u00f5i perele. Komplektis olev telefon v\u00f5imaldab helistada emale v\u00f5i s\u00f5brale, et k\u00fcsida n\u00f5u j\u00e4rgmise roa kohta, samal ajal kui kriitidega saab kirjutada olulisi m\u00e4rkmeid otse k\u00f6\u00f6gi pinnale.<\/p>\n<h4 data-start=\"1104\" data-end=\"1439\"><strong data-start=\"1104\" data-end=\"1134\">T\u00e4ielik tarvikute komplekt<\/strong><\/h4>\n<p data-start=\"1104\" data-end=\"1439\">K\u00f6\u00f6gi juurde kuuluvad kvaliteetsed tarvikud, mis muudavad iga kokandussessiooni realistlikumaks ja p\u00f5nevamaks. Komplektis on olemas pott, pann koos kaanega, kruus, kolm erinevat k\u00f6\u00f6gitarvikut ning isegi j\u00e4\u00e4kuubikud jookide jaoks. Selline komplekt tagab tunde m\u00e4ngulusti ja ergutab lapse kujutlusv\u00f5imet.<\/p>\n<h4 data-start=\"1441\" data-end=\"1714\"><strong data-start=\"1441\" data-end=\"1467\">Lapse ohutus ennek\u00f5ike<\/strong><\/h4>\n<p data-start=\"1441\" data-end=\"1714\">K\u00f6\u00f6k on valmistatud kvaliteetsest MDF-vineerist, puidust, metallist ja vastupidavast plastikust, k\u00f5ik pinnad on hoolikalt lihvitud ja kaetud mittetoksilise v\u00e4rviga. Seega on m\u00e4ngimine t\u00e4ielikult turvaline ja mugav ka k\u00f5ige v\u00e4iksematele lastele.<\/p>\n<h4 data-start=\"1716\" data-end=\"1933\"><strong data-start=\"1716\" data-end=\"1757\">Suurep\u00e4rane kingitus v\u00e4ikesele kokale<\/strong><\/h4>\n<p data-start=\"1716\" data-end=\"1933\">Kuldsetes toonides elegantne puidust m\u00e4nguk\u00f6\u00f6k on suurep\u00e4rane kingiidee, mis pakub r\u00f5\u00f5mu, \u00f5ppimisv\u00f5imalusi ja julgustab last iseseisvalt tegutsema ja oma loovust arendama.<\/p>\n<p data-start=\"1716\" data-end=\"1933\"><strong>Vanus:<\/strong> 3+ aastat.<\/p>\n<p data-start=\"1935\" data-end=\"1958\"><strong data-start=\"1935\" data-end=\"1956\">Komplekti kuulub:<\/strong><\/p>\n<p>\u2705 K\u00f6\u00f6k koos k\u00fclmkapiga<br data-start=\"1293\" data-end=\"1296\" \/>\u2705 Kruus<br data-start=\"1303\" data-end=\"1306\" \/>\u2705 Pott<br data-start=\"1312\" data-end=\"1315\" \/>\u2705 Pann koos kaanega<br data-start=\"1334\" data-end=\"1337\" \/>\u2705 K\u00f6\u00f6gitarvikud x3<br data-start=\"1355\" data-end=\"1358\" \/>\u2705 J\u00e4\u00e4kuubikud x2<br data-start=\"1374\" data-end=\"1377\" \/>\u2705 M\u00e4ngutelefon<br data-start=\"1391\" data-end=\"1394\" \/>\u2705 Kriidid x12<\/p>\n<p data-start=\"2099\" data-end=\"2123\"><strong data-start=\"2099\" data-end=\"2121\">Tehnilised andmed:<\/strong><\/p>\n<p>\u2705 Materjal: MDF-vineer, puit, plastik, metall<br data-start=\"1976\" data-end=\"1979\" \/>\u2705 Vanus: 3+<br data-start=\"1990\" data-end=\"1993\" \/>\u2705 Efektid: valgustusega lamp, p\u00f5letite s\u00fc\u00fctamise heli<br data-start=\"2046\" data-end=\"2049\" \/>\u2705 Lambid t\u00f6\u00f6tavad 3x AAA patareidega (ei kuulu komplekti)<br data-start=\"2106\" data-end=\"2109\" \/>\u2705 K\u00f6\u00f6gi m\u00f5\u00f5tmed: 82 cm x 24 cm x 81 cm<br data-start=\"2147\" data-end=\"2150\" \/>\u2705 T\u00f6\u00f6pinna k\u00f5rgus: 46 cm<br data-start=\"2174\" data-end=\"2177\" \/>\u2705 Poti m\u00f5\u00f5tmed: 13,5 cm x 10 cm x 3,2 cm<br data-start=\"2217\" data-end=\"2220\" \/>\u2705 Tarvikute pikkus: 15 cm<br data-start=\"2245\" data-end=\"2248\" \/>\u2705 Pakendi m\u00f5\u00f5tmed: 33 cm x 17,5 cm x 88 cm<br data-start=\"2290\" data-end=\"2293\" \/>\u2705 Pakend: pappkarp<\/p>\n<p data-start=\"2508\" data-end=\"2650\" data-is-last-node=\"\" data-is-only-node=\"\">Anna oma lapsele v\u00f5imalus avastada l\u00f5putuid kulinaarseid seiklusi selle elegantse puidust k\u00f6\u00f6giga, mis \u00fchendab endas l\u00f5bu, stiili ja \u00f5ppimise!<\/p>\n<p data-start=\"2508\" data-end=\"2650\" data-is-last-node=\"\" data-is-only-node=\"\">Lisaks m\u00e4nguk\u00f6\u00f6gile leiate meie valikust ka teisi k\u00f6\u00f6gitarvikuid, mis rikastavad m\u00e4nguelamust ja pakuvad l\u00f5putult \u00f5ppimisv\u00f5imalusi. <strong><a href=\"https:\/\/sulin.ee\/tootekategooria\/mangimine\/rollimangud\/koogimanguasjad\/\">Leiad siit!<\/a><\/strong><\/p>\n<\/div>\n<\/div>\n<\/div>\n<\/div>\n","protected":false},"excerpt":{"rendered":"<p><strong>Laste puidust k\u00f6\u00f6k koos k\u00fclmkapiga pakub v\u00e4ikesele kokale realistlikku ja interaktiivset m\u00e4ngukogemust. Komplekt sisaldab valgustusega lampi, heli tekitavaid pliidinuppe ja mitmeid k\u00f6\u00f6gitarvikuid, mis aitavad lastel arendada kujutlusv\u00f5imet ja k\u00e4elisi oskusi.<\/strong><\/p>\n<p><strong>M\u00f5\u00f5tmed:<\/strong> 82 cm x 24 cm x 81 cm<\/p>\n<p><strong>Vanus:<\/strong> 3+ aastat.<\/p>\n<p><strong>TARNE:<\/strong> 5-10 t\u00f6\u00f6p\u00e4eva<\/p>\n<p><span style=\"color: #339966;\"><img loading=\"lazy\" decoding=\"async\" class=\"alignnone wp-image-22011\" src=\"https:\/\/sulin.ee\/wp-content\/uploads\/2024\/08\/images-300x134.png\" alt=\"\" width=\"77\" height=\"34\" \/><span style=\"color: #ff9900;\"><strong> Toote eest on v\u00f5imalik tasuda ka j\u00e4relmaksuga. T\u00e4pse info j\u00e4relmaksu v\u00f5imaluste kohta leiad ostukorvist, kui oled toote lisanud ja asud maksma. Leping s\u00f5lmitakse makseprotsessi k\u00e4igus.<\/strong><\/span><\/span><\/p>\n","protected":false},"featured_media":43192,"comment_status":"open","ping_status":"closed","template":"","meta":[],"product_brand":[],"product_cat":[110,1162,1165,1166,176,1011,1449],"product_tag":[],"class_list":{"0":"post-40553","1":"product","2":"type-product","3":"status-publish","4":"has-post-thumbnail","6":"product_cat-mangimine","7":"product_cat-kingituseks","8":"product_cat-3-5-aastat","9":"product_cat-6-8-aastat","10":"product_cat-rollimangud","11":"product_cat-koogimanguasjad","12":"product_cat-mangukoogid-lastele","13":"product_shipping_class-kuller-9-95","14":"has-post-title","15":"has-post-date","16":"has-post-category","17":"has-post-tag","18":"has-post-comment","19":"has-post-author","20":"","22":"first","23":"instock","24":"sale","25":"taxable","26":"shipping-taxable","27":"purchasable","28":"product-type-simple"},"yoast_head":"<!-- This site is optimized with the Yoast SEO plugin v26.8 - https:\/\/yoast.com\/product\/yoast-seo-wordpress\/ -->\n<title>Laste puidust k\u00f6\u00f6k k\u00fclmkapiga, kuldne - sulin.ee<\/title>\n<meta name=\"description\" content=\"Laste puidust k\u00f6\u00f6k k\u00fclmkapiga - stiilne ja interaktiivne laste puidust k\u00f6\u00f6k koos k\u00fclmkapiga. Varustatud valgusefekti ja realistlike helidega\" \/>\n<meta name=\"robots\" content=\"index, follow, max-snippet:-1, max-image-preview:large, max-video-preview:-1\" \/>\n<link rel=\"canonical\" href=\"https:\/\/sulin.ee\/en\/toode\/laste-puidust-kook-koos-kulmkapiga-kuldne\/\" \/>\n<meta property=\"og:locale\" content=\"en_US\" \/>\n<meta property=\"og:type\" content=\"article\" \/>\n<meta property=\"og:title\" content=\"Laste puidust k\u00f6\u00f6k k\u00fclmkapiga, kuldne - sulin.ee\" \/>\n<meta property=\"og:description\" content=\"Laste puidust k\u00f6\u00f6k k\u00fclmkapiga - stiilne ja interaktiivne laste puidust k\u00f6\u00f6k koos k\u00fclmkapiga. Varustatud valgusefekti ja realistlike helidega\" \/>\n<meta property=\"og:url\" content=\"https:\/\/sulin.ee\/en\/toode\/laste-puidust-kook-koos-kulmkapiga-kuldne\/\" \/>\n<meta property=\"og:site_name\" content=\"sulin.ee\" \/>\n<meta property=\"article:publisher\" content=\"https:\/\/www.facebook.com\/www.sulin.ee\/\" \/>\n<meta property=\"article:modified_time\" content=\"2025-03-21T09:28:43+00:00\" \/>\n<meta property=\"og:image\" content=\"https:\/\/sulin.ee\/wp-content\/uploads\/2025\/03\/Piltide-korrektuurid-kodulehel-2025-03-21T101255.851.png\" \/>\n\t<meta property=\"og:image:width\" content=\"1080\" \/>\n\t<meta property=\"og:image:height\" content=\"1080\" \/>\n\t<meta property=\"og:image:type\" content=\"image\/png\" \/>\n<meta name=\"twitter:card\" content=\"summary_large_image\" \/>\n<meta name=\"twitter:label1\" content=\"Est. reading time\" \/>\n\t<meta name=\"twitter:data1\" content=\"3 minutes\" \/>\n<script type=\"application\/ld+json\" class=\"yoast-schema-graph\">{\"@context\":\"https:\/\/schema.org\",\"@graph\":[{\"@type\":\"WebPage\",\"@id\":\"https:\/\/sulin.ee\/en\/toode\/laste-puidust-kook-koos-kulmkapiga-kuldne\/\",\"url\":\"https:\/\/sulin.ee\/en\/toode\/laste-puidust-kook-koos-kulmkapiga-kuldne\/\",\"name\":\"Laste puidust k\u00f6\u00f6k k\u00fclmkapiga, kuldne - sulin.ee\",\"isPartOf\":{\"@id\":\"https:\/\/sulin.ee\/en\/#website\"},\"primaryImageOfPage\":{\"@id\":\"https:\/\/sulin.ee\/en\/toode\/laste-puidust-kook-koos-kulmkapiga-kuldne\/#primaryimage\"},\"image\":{\"@id\":\"https:\/\/sulin.ee\/en\/toode\/laste-puidust-kook-koos-kulmkapiga-kuldne\/#primaryimage\"},\"thumbnailUrl\":\"https:\/\/sulin.ee\/wp-content\/uploads\/2025\/03\/Piltide-korrektuurid-kodulehel-2025-03-21T101255.851.png\",\"datePublished\":\"2025-03-05T20:17:09+00:00\",\"dateModified\":\"2025-03-21T09:28:43+00:00\",\"description\":\"Laste puidust k\u00f6\u00f6k k\u00fclmkapiga - stiilne ja interaktiivne laste puidust k\u00f6\u00f6k koos k\u00fclmkapiga. Varustatud valgusefekti ja realistlike helidega\",\"breadcrumb\":{\"@id\":\"https:\/\/sulin.ee\/en\/toode\/laste-puidust-kook-koos-kulmkapiga-kuldne\/#breadcrumb\"},\"inLanguage\":\"en-US\",\"potentialAction\":[{\"@type\":\"ReadAction\",\"target\":[\"https:\/\/sulin.ee\/en\/toode\/laste-puidust-kook-koos-kulmkapiga-kuldne\/\"]}]},{\"@type\":\"ImageObject\",\"inLanguage\":\"en-US\",\"@id\":\"https:\/\/sulin.ee\/en\/toode\/laste-puidust-kook-koos-kulmkapiga-kuldne\/#primaryimage\",\"url\":\"https:\/\/sulin.ee\/wp-content\/uploads\/2025\/03\/Piltide-korrektuurid-kodulehel-2025-03-21T101255.851.png\",\"contentUrl\":\"https:\/\/sulin.ee\/wp-content\/uploads\/2025\/03\/Piltide-korrektuurid-kodulehel-2025-03-21T101255.851.png\",\"width\":1080,\"height\":1080,\"caption\":\"Laste puidust k\u00f6\u00f6k k\u00fclmkapiga\"},{\"@type\":\"BreadcrumbList\",\"@id\":\"https:\/\/sulin.ee\/en\/toode\/laste-puidust-kook-koos-kulmkapiga-kuldne\/#breadcrumb\",\"itemListElement\":[{\"@type\":\"ListItem\",\"position\":1,\"name\":\"Home\",\"item\":\"https:\/\/sulin.ee\/en\/\"},{\"@type\":\"ListItem\",\"position\":2,\"name\":\"Sulin.ee e-pood\",\"item\":\"https:\/\/sulin.ee\/shop\/\"},{\"@type\":\"ListItem\",\"position\":3,\"name\":\"Laste puidust k\u00f6\u00f6k k\u00fclmkapiga, kuldne\"}]},{\"@type\":\"WebSite\",\"@id\":\"https:\/\/sulin.ee\/en\/#website\",\"url\":\"https:\/\/sulin.ee\/en\/\",\"name\":\"sulin.ee\",\"description\":\"\",\"publisher\":{\"@id\":\"https:\/\/sulin.ee\/en\/#organization\"},\"potentialAction\":[{\"@type\":\"SearchAction\",\"target\":{\"@type\":\"EntryPoint\",\"urlTemplate\":\"https:\/\/sulin.ee\/en\/?s={search_term_string}\"},\"query-input\":{\"@type\":\"PropertyValueSpecification\",\"valueRequired\":true,\"valueName\":\"search_term_string\"}}],\"inLanguage\":\"en-US\"},{\"@type\":\"Organization\",\"@id\":\"https:\/\/sulin.ee\/en\/#organization\",\"name\":\"SULIN TRADE O\u00dc\",\"url\":\"https:\/\/sulin.ee\/en\/\",\"logo\":{\"@type\":\"ImageObject\",\"inLanguage\":\"en-US\",\"@id\":\"https:\/\/sulin.ee\/en\/#\/schema\/logo\/image\/\",\"url\":\"https:\/\/sulin.ee\/wp-content\/uploads\/2022\/11\/sulin-logo.png\",\"contentUrl\":\"https:\/\/sulin.ee\/wp-content\/uploads\/2022\/11\/sulin-logo.png\",\"width\":871,\"height\":321,\"caption\":\"SULIN TRADE O\u00dc\"},\"image\":{\"@id\":\"https:\/\/sulin.ee\/en\/#\/schema\/logo\/image\/\"},\"sameAs\":[\"https:\/\/www.facebook.com\/www.sulin.ee\/\",\"https:\/\/www.instagram.com\/sulintrade\/\"]}]}<\/script>\n<!-- \/ Yoast SEO plugin. -->","yoast_head_json":{"title":"Laste puidust k\u00f6\u00f6k k\u00fclmkapiga, kuldne - sulin.ee","description":"Laste puidust k\u00f6\u00f6k k\u00fclmkapiga - stiilne ja interaktiivne laste puidust k\u00f6\u00f6k koos k\u00fclmkapiga. Varustatud valgusefekti ja realistlike helidega","robots":{"index":"index","follow":"follow","max-snippet":"max-snippet:-1","max-image-preview":"max-image-preview:large","max-video-preview":"max-video-preview:-1"},"canonical":"https:\/\/sulin.ee\/en\/toode\/laste-puidust-kook-koos-kulmkapiga-kuldne\/","og_locale":"en_US","og_type":"article","og_title":"Laste puidust k\u00f6\u00f6k k\u00fclmkapiga, kuldne - sulin.ee","og_description":"Laste puidust k\u00f6\u00f6k k\u00fclmkapiga - stiilne ja interaktiivne laste puidust k\u00f6\u00f6k koos k\u00fclmkapiga. Varustatud valgusefekti ja realistlike helidega","og_url":"https:\/\/sulin.ee\/en\/toode\/laste-puidust-kook-koos-kulmkapiga-kuldne\/","og_site_name":"sulin.ee","article_publisher":"https:\/\/www.facebook.com\/www.sulin.ee\/","article_modified_time":"2025-03-21T09:28:43+00:00","og_image":[{"width":1080,"height":1080,"url":"https:\/\/sulin.ee\/wp-content\/uploads\/2025\/03\/Piltide-korrektuurid-kodulehel-2025-03-21T101255.851.png","type":"image\/png"}],"twitter_card":"summary_large_image","twitter_misc":{"Est. reading time":"3 minutes"},"schema":{"@context":"https:\/\/schema.org","@graph":[{"@type":"WebPage","@id":"https:\/\/sulin.ee\/en\/toode\/laste-puidust-kook-koos-kulmkapiga-kuldne\/","url":"https:\/\/sulin.ee\/en\/toode\/laste-puidust-kook-koos-kulmkapiga-kuldne\/","name":"Laste puidust k\u00f6\u00f6k k\u00fclmkapiga, kuldne - sulin.ee","isPartOf":{"@id":"https:\/\/sulin.ee\/en\/#website"},"primaryImageOfPage":{"@id":"https:\/\/sulin.ee\/en\/toode\/laste-puidust-kook-koos-kulmkapiga-kuldne\/#primaryimage"},"image":{"@id":"https:\/\/sulin.ee\/en\/toode\/laste-puidust-kook-koos-kulmkapiga-kuldne\/#primaryimage"},"thumbnailUrl":"https:\/\/sulin.ee\/wp-content\/uploads\/2025\/03\/Piltide-korrektuurid-kodulehel-2025-03-21T101255.851.png","datePublished":"2025-03-05T20:17:09+00:00","dateModified":"2025-03-21T09:28:43+00:00","description":"Laste puidust k\u00f6\u00f6k k\u00fclmkapiga - stiilne ja interaktiivne laste puidust k\u00f6\u00f6k koos k\u00fclmkapiga. Varustatud valgusefekti ja realistlike helidega","breadcrumb":{"@id":"https:\/\/sulin.ee\/en\/toode\/laste-puidust-kook-koos-kulmkapiga-kuldne\/#breadcrumb"},"inLanguage":"en-US","potentialAction":[{"@type":"ReadAction","target":["https:\/\/sulin.ee\/en\/toode\/laste-puidust-kook-koos-kulmkapiga-kuldne\/"]}]},{"@type":"ImageObject","inLanguage":"en-US","@id":"https:\/\/sulin.ee\/en\/toode\/laste-puidust-kook-koos-kulmkapiga-kuldne\/#primaryimage","url":"https:\/\/sulin.ee\/wp-content\/uploads\/2025\/03\/Piltide-korrektuurid-kodulehel-2025-03-21T101255.851.png","contentUrl":"https:\/\/sulin.ee\/wp-content\/uploads\/2025\/03\/Piltide-korrektuurid-kodulehel-2025-03-21T101255.851.png","width":1080,"height":1080,"caption":"Laste puidust k\u00f6\u00f6k k\u00fclmkapiga"},{"@type":"BreadcrumbList","@id":"https:\/\/sulin.ee\/en\/toode\/laste-puidust-kook-koos-kulmkapiga-kuldne\/#breadcrumb","itemListElement":[{"@type":"ListItem","position":1,"name":"Home","item":"https:\/\/sulin.ee\/en\/"},{"@type":"ListItem","position":2,"name":"Sulin.ee e-pood","item":"https:\/\/sulin.ee\/shop\/"},{"@type":"ListItem","position":3,"name":"Laste puidust k\u00f6\u00f6k k\u00fclmkapiga, kuldne"}]},{"@type":"WebSite","@id":"https:\/\/sulin.ee\/en\/#website","url":"https:\/\/sulin.ee\/en\/","name":"sulin.ee","description":"","publisher":{"@id":"https:\/\/sulin.ee\/en\/#organization"},"potentialAction":[{"@type":"SearchAction","target":{"@type":"EntryPoint","urlTemplate":"https:\/\/sulin.ee\/en\/?s={search_term_string}"},"query-input":{"@type":"PropertyValueSpecification","valueRequired":true,"valueName":"search_term_string"}}],"inLanguage":"en-US"},{"@type":"Organization","@id":"https:\/\/sulin.ee\/en\/#organization","name":"SULIN TRADE O\u00dc","url":"https:\/\/sulin.ee\/en\/","logo":{"@type":"ImageObject","inLanguage":"en-US","@id":"https:\/\/sulin.ee\/en\/#\/schema\/logo\/image\/","url":"https:\/\/sulin.ee\/wp-content\/uploads\/2022\/11\/sulin-logo.png","contentUrl":"https:\/\/sulin.ee\/wp-content\/uploads\/2022\/11\/sulin-logo.png","width":871,"height":321,"caption":"SULIN TRADE O\u00dc"},"image":{"@id":"https:\/\/sulin.ee\/en\/#\/schema\/logo\/image\/"},"sameAs":["https:\/\/www.facebook.com\/www.sulin.ee\/","https:\/\/www.instagram.com\/sulintrade\/"]}]}},"builder_content":"","_links":{"self":[{"href":"https:\/\/sulin.ee\/en\/wp-json\/wp\/v2\/product\/40553","targetHints":{"allow":["GET"]}}],"collection":[{"href":"https:\/\/sulin.ee\/en\/wp-json\/wp\/v2\/product"}],"about":[{"href":"https:\/\/sulin.ee\/en\/wp-json\/wp\/v2\/types\/product"}],"replies":[{"embeddable":true,"href":"https:\/\/sulin.ee\/en\/wp-json\/wp\/v2\/comments?post=40553"}],"wp:featuredmedia":[{"embeddable":true,"href":"https:\/\/sulin.ee\/en\/wp-json\/wp\/v2\/media\/43192"}],"wp:attachment":[{"href":"https:\/\/sulin.ee\/en\/wp-json\/wp\/v2\/media?parent=40553"}],"wp:term":[{"taxonomy":"product_brand","embeddable":true,"href":"https:\/\/sulin.ee\/en\/wp-json\/wp\/v2\/product_brand?post=40553"},{"taxonomy":"product_cat","embeddable":true,"href":"https:\/\/sulin.ee\/en\/wp-json\/wp\/v2\/product_cat?post=40553"},{"taxonomy":"product_tag","embeddable":true,"href":"https:\/\/sulin.ee\/en\/wp-json\/wp\/v2\/product_tag?post=40553"}],"curies":[{"name":"wp","href":"https:\/\/api.w.org\/{rel}","templated":true}]}}