{"id":4052,"date":"2022-10-05T09:37:24","date_gmt":"2022-10-05T09:37:24","guid":{"rendered":"http:\/\/test.itson.ee\/sulin\/?post_type=product&#038;p=4052"},"modified":"2025-09-07T21:59:30","modified_gmt":"2025-09-07T21:59:30","slug":"bnb-lekkekindlad-aluspuksid-pitsiga","status":"publish","type":"product","link":"https:\/\/sulin.ee\/en\/toode\/bnb-lekkekindlad-aluspuksid-pitsiga\/","title":{"rendered":"BNB lekkekindlad alusp\u00fcksid pitsiga"},"content":{"rendered":"<p><strong><a href=\"https:\/\/www.bnb.in.ua\/en\/\" target=\"_blank\" rel=\"noopener\">BNB<\/a> lekkekindlad alusp\u00fcksid pitsiga on aus ja lihtne kuupesu br\u00e4nd, mida toodetakse Ukrainas. Tooted on sertifitseeritud meditsiinitoote standardiga ISO13485.<\/strong><\/p>\n<p>Lekkevabad alusp\u00fcksid aitavad hoida riided ja voodipesu plekkideta ning annavad meelerahu igas olukorras. Lekkekindel aluspesu on asendamatu menstruatsioonide ajal, uriinipidamatuse korral v\u00f5i s\u00fcnnitusj\u00e4rgsel perioodil.<\/p>\n<p>Pitsiga p\u00fcksikud on ka seest musta v\u00e4rvi.<\/p>\n<p>BNB lekkekindlad alusp\u00fcksid on valmistatud 95% puuvillast ja 5% pol\u00fcestrist. P\u00fckste imav kiht on valmistatud 80% puuvillast ja 20% pol\u00fcestrist ning neisse on peidetud vedelikukindel kiht, mis ei lase p\u00fckstel lekkida.<\/p>\n<p><a href=\"https:\/\/sulin.ee\/tootekategooria\/naistele\/lekkekindlad-aluspuksid\/\" target=\"_blank\" rel=\"noopener\">Lekkevabad alusp\u00fcksid<\/a> aitavad kokku hoida raha ja s\u00e4\u00e4sta planeeti, kuna \u00fchekordseid pesukaitseid pole enam vaja iga kuu osta.<\/p>\n<table border=\"1\">\n<tbody>\n<tr>\n<td style=\"text-align: center;\"><strong>Suurus<\/strong><\/td>\n<td style=\"text-align: center;\"><strong>Puusa \u00fcmberm\u00f5\u00f5t<\/strong><\/td>\n<td style=\"text-align: center;\"><strong>\u00a0EU suurus<\/strong><\/td>\n<\/tr>\n<tr>\n<td style=\"text-align: center;\">XS<\/td>\n<td style=\"text-align: center;\">85 cm<\/td>\n<td style=\"text-align: center;\">34<\/td>\n<\/tr>\n<tr>\n<td style=\"text-align: center;\">S<\/td>\n<td style=\"text-align: center;\">90 cm<\/td>\n<td style=\"text-align: center;\">36<\/td>\n<\/tr>\n<tr>\n<td style=\"text-align: center;\">M<\/td>\n<td style=\"text-align: center;\">95 cm<\/td>\n<td style=\"text-align: center;\">38<\/td>\n<\/tr>\n<tr>\n<td style=\"text-align: center;\">L<\/td>\n<td style=\"text-align: center;\">100 cm<\/td>\n<td style=\"text-align: center;\">40<\/td>\n<\/tr>\n<tr>\n<td style=\"text-align: center;\">XL<\/td>\n<td style=\"text-align: center;\">110 cm<\/td>\n<td style=\"text-align: center;\">42<\/td>\n<\/tr>\n<tr>\n<td style=\"text-align: center;\">XXL<\/td>\n<td style=\"text-align: center;\">120 cm<\/td>\n<td style=\"text-align: center;\">44<\/td>\n<\/tr>\n<\/tbody>\n<\/table>\n<p>&nbsp;<\/p>\n","protected":false},"excerpt":{"rendered":"<p>BNB<\/p>\n","protected":false},"featured_media":4057,"comment_status":"open","ping_status":"closed","template":"","meta":[],"product_brand":[],"product_cat":[195,307],"product_tag":[308],"class_list":{"0":"post-4052","1":"product","2":"type-product","3":"status-publish","4":"has-post-thumbnail","6":"product_cat-lekkekindlad-aluspuksid","7":"product_cat-bnb","8":"product_tag-bnb","9":"has-post-title","10":"has-post-date","11":"has-post-category","12":"has-post-tag","13":"has-post-comment","14":"has-post-author","15":"","17":"first","18":"instock","19":"sale","20":"taxable","21":"shipping-taxable","22":"purchasable","23":"product-type-variable"},"yoast_head":"<!-- This site is optimized with the Yoast SEO plugin v26.8 - https:\/\/yoast.com\/product\/yoast-seo-wordpress\/ -->\n<title>BNB lekkekindlad alusp\u00fcksid pitsiga - sulin.ee<\/title>\n<meta name=\"description\" content=\"BNB lekkekindlad alusp\u00fcksid pitsiga on aus ja lihtne kuupesu br\u00e4nd, mida toodetakse Ukrainas. Lekkekindel aluspesu on asendamatu menstruatsioonide ajal.\" \/>\n<meta name=\"robots\" content=\"index, follow, max-snippet:-1, max-image-preview:large, max-video-preview:-1\" \/>\n<link rel=\"canonical\" href=\"https:\/\/sulin.ee\/en\/toode\/bnb-lekkekindlad-aluspuksid-pitsiga\/\" \/>\n<meta property=\"og:locale\" content=\"en_US\" \/>\n<meta property=\"og:type\" content=\"article\" \/>\n<meta property=\"og:title\" content=\"BNB lekkekindlad alusp\u00fcksid pitsiga - sulin.ee\" \/>\n<meta property=\"og:description\" content=\"BNB lekkekindlad alusp\u00fcksid pitsiga on aus ja lihtne kuupesu br\u00e4nd, mida toodetakse Ukrainas. Lekkekindel aluspesu on asendamatu menstruatsioonide ajal.\" \/>\n<meta property=\"og:url\" content=\"https:\/\/sulin.ee\/en\/toode\/bnb-lekkekindlad-aluspuksid-pitsiga\/\" \/>\n<meta property=\"og:site_name\" content=\"sulin.ee\" \/>\n<meta property=\"article:publisher\" content=\"https:\/\/www.facebook.com\/www.sulin.ee\/\" \/>\n<meta property=\"article:modified_time\" content=\"2025-09-07T21:59:30+00:00\" \/>\n<meta property=\"og:image\" content=\"https:\/\/sulin.ee\/wp-content\/uploads\/2022\/10\/bnb-lekkekindlad-aluspuksid-korgema-piha-ja-pitsiga-xs-xl.png\" \/>\n\t<meta property=\"og:image:width\" content=\"800\" \/>\n\t<meta property=\"og:image:height\" content=\"800\" \/>\n\t<meta property=\"og:image:type\" content=\"image\/png\" \/>\n<meta name=\"twitter:card\" content=\"summary_large_image\" \/>\n<meta name=\"twitter:label1\" content=\"Est. reading time\" \/>\n\t<meta name=\"twitter:data1\" content=\"1 minute\" \/>\n<script type=\"application\/ld+json\" class=\"yoast-schema-graph\">{\"@context\":\"https:\/\/schema.org\",\"@graph\":[{\"@type\":\"WebPage\",\"@id\":\"https:\/\/sulin.ee\/en\/toode\/bnb-lekkekindlad-aluspuksid-pitsiga\/\",\"url\":\"https:\/\/sulin.ee\/en\/toode\/bnb-lekkekindlad-aluspuksid-pitsiga\/\",\"name\":\"BNB lekkekindlad alusp\u00fcksid pitsiga - sulin.ee\",\"isPartOf\":{\"@id\":\"https:\/\/sulin.ee\/en\/#website\"},\"primaryImageOfPage\":{\"@id\":\"https:\/\/sulin.ee\/en\/toode\/bnb-lekkekindlad-aluspuksid-pitsiga\/#primaryimage\"},\"image\":{\"@id\":\"https:\/\/sulin.ee\/en\/toode\/bnb-lekkekindlad-aluspuksid-pitsiga\/#primaryimage\"},\"thumbnailUrl\":\"https:\/\/sulin.ee\/wp-content\/uploads\/2022\/10\/bnb-lekkekindlad-aluspuksid-korgema-piha-ja-pitsiga-xs-xl.png\",\"datePublished\":\"2022-10-05T09:37:24+00:00\",\"dateModified\":\"2025-09-07T21:59:30+00:00\",\"description\":\"BNB lekkekindlad alusp\u00fcksid pitsiga on aus ja lihtne kuupesu br\u00e4nd, mida toodetakse Ukrainas. Lekkekindel aluspesu on asendamatu menstruatsioonide ajal.\",\"breadcrumb\":{\"@id\":\"https:\/\/sulin.ee\/en\/toode\/bnb-lekkekindlad-aluspuksid-pitsiga\/#breadcrumb\"},\"inLanguage\":\"en-US\",\"potentialAction\":[{\"@type\":\"ReadAction\",\"target\":[\"https:\/\/sulin.ee\/en\/toode\/bnb-lekkekindlad-aluspuksid-pitsiga\/\"]}]},{\"@type\":\"ImageObject\",\"inLanguage\":\"en-US\",\"@id\":\"https:\/\/sulin.ee\/en\/toode\/bnb-lekkekindlad-aluspuksid-pitsiga\/#primaryimage\",\"url\":\"https:\/\/sulin.ee\/wp-content\/uploads\/2022\/10\/bnb-lekkekindlad-aluspuksid-korgema-piha-ja-pitsiga-xs-xl.png\",\"contentUrl\":\"https:\/\/sulin.ee\/wp-content\/uploads\/2022\/10\/bnb-lekkekindlad-aluspuksid-korgema-piha-ja-pitsiga-xs-xl.png\",\"width\":800,\"height\":800,\"caption\":\"BNB lekkekindlad alusp\u00fcksid\"},{\"@type\":\"BreadcrumbList\",\"@id\":\"https:\/\/sulin.ee\/en\/toode\/bnb-lekkekindlad-aluspuksid-pitsiga\/#breadcrumb\",\"itemListElement\":[{\"@type\":\"ListItem\",\"position\":1,\"name\":\"Home\",\"item\":\"https:\/\/sulin.ee\/en\/\"},{\"@type\":\"ListItem\",\"position\":2,\"name\":\"Sulin.ee e-pood\",\"item\":\"https:\/\/sulin.ee\/shop\/\"},{\"@type\":\"ListItem\",\"position\":3,\"name\":\"BNB lekkekindlad alusp\u00fcksid pitsiga\"}]},{\"@type\":\"WebSite\",\"@id\":\"https:\/\/sulin.ee\/en\/#website\",\"url\":\"https:\/\/sulin.ee\/en\/\",\"name\":\"sulin.ee\",\"description\":\"\",\"publisher\":{\"@id\":\"https:\/\/sulin.ee\/en\/#organization\"},\"potentialAction\":[{\"@type\":\"SearchAction\",\"target\":{\"@type\":\"EntryPoint\",\"urlTemplate\":\"https:\/\/sulin.ee\/en\/?s={search_term_string}\"},\"query-input\":{\"@type\":\"PropertyValueSpecification\",\"valueRequired\":true,\"valueName\":\"search_term_string\"}}],\"inLanguage\":\"en-US\"},{\"@type\":\"Organization\",\"@id\":\"https:\/\/sulin.ee\/en\/#organization\",\"name\":\"SULIN TRADE O\u00dc\",\"url\":\"https:\/\/sulin.ee\/en\/\",\"logo\":{\"@type\":\"ImageObject\",\"inLanguage\":\"en-US\",\"@id\":\"https:\/\/sulin.ee\/en\/#\/schema\/logo\/image\/\",\"url\":\"https:\/\/sulin.ee\/wp-content\/uploads\/2022\/11\/sulin-logo.png\",\"contentUrl\":\"https:\/\/sulin.ee\/wp-content\/uploads\/2022\/11\/sulin-logo.png\",\"width\":871,\"height\":321,\"caption\":\"SULIN TRADE O\u00dc\"},\"image\":{\"@id\":\"https:\/\/sulin.ee\/en\/#\/schema\/logo\/image\/\"},\"sameAs\":[\"https:\/\/www.facebook.com\/www.sulin.ee\/\",\"https:\/\/www.instagram.com\/sulintrade\/\"]}]}<\/script>\n<!-- \/ Yoast SEO plugin. -->","yoast_head_json":{"title":"BNB lekkekindlad alusp\u00fcksid pitsiga - sulin.ee","description":"BNB lekkekindlad alusp\u00fcksid pitsiga on aus ja lihtne kuupesu br\u00e4nd, mida toodetakse Ukrainas. Lekkekindel aluspesu on asendamatu menstruatsioonide ajal.","robots":{"index":"index","follow":"follow","max-snippet":"max-snippet:-1","max-image-preview":"max-image-preview:large","max-video-preview":"max-video-preview:-1"},"canonical":"https:\/\/sulin.ee\/en\/toode\/bnb-lekkekindlad-aluspuksid-pitsiga\/","og_locale":"en_US","og_type":"article","og_title":"BNB lekkekindlad alusp\u00fcksid pitsiga - sulin.ee","og_description":"BNB lekkekindlad alusp\u00fcksid pitsiga on aus ja lihtne kuupesu br\u00e4nd, mida toodetakse Ukrainas. Lekkekindel aluspesu on asendamatu menstruatsioonide ajal.","og_url":"https:\/\/sulin.ee\/en\/toode\/bnb-lekkekindlad-aluspuksid-pitsiga\/","og_site_name":"sulin.ee","article_publisher":"https:\/\/www.facebook.com\/www.sulin.ee\/","article_modified_time":"2025-09-07T21:59:30+00:00","og_image":[{"width":800,"height":800,"url":"https:\/\/sulin.ee\/wp-content\/uploads\/2022\/10\/bnb-lekkekindlad-aluspuksid-korgema-piha-ja-pitsiga-xs-xl.png","type":"image\/png"}],"twitter_card":"summary_large_image","twitter_misc":{"Est. reading time":"1 minute"},"schema":{"@context":"https:\/\/schema.org","@graph":[{"@type":"WebPage","@id":"https:\/\/sulin.ee\/en\/toode\/bnb-lekkekindlad-aluspuksid-pitsiga\/","url":"https:\/\/sulin.ee\/en\/toode\/bnb-lekkekindlad-aluspuksid-pitsiga\/","name":"BNB lekkekindlad alusp\u00fcksid pitsiga - sulin.ee","isPartOf":{"@id":"https:\/\/sulin.ee\/en\/#website"},"primaryImageOfPage":{"@id":"https:\/\/sulin.ee\/en\/toode\/bnb-lekkekindlad-aluspuksid-pitsiga\/#primaryimage"},"image":{"@id":"https:\/\/sulin.ee\/en\/toode\/bnb-lekkekindlad-aluspuksid-pitsiga\/#primaryimage"},"thumbnailUrl":"https:\/\/sulin.ee\/wp-content\/uploads\/2022\/10\/bnb-lekkekindlad-aluspuksid-korgema-piha-ja-pitsiga-xs-xl.png","datePublished":"2022-10-05T09:37:24+00:00","dateModified":"2025-09-07T21:59:30+00:00","description":"BNB lekkekindlad alusp\u00fcksid pitsiga on aus ja lihtne kuupesu br\u00e4nd, mida toodetakse Ukrainas. Lekkekindel aluspesu on asendamatu menstruatsioonide ajal.","breadcrumb":{"@id":"https:\/\/sulin.ee\/en\/toode\/bnb-lekkekindlad-aluspuksid-pitsiga\/#breadcrumb"},"inLanguage":"en-US","potentialAction":[{"@type":"ReadAction","target":["https:\/\/sulin.ee\/en\/toode\/bnb-lekkekindlad-aluspuksid-pitsiga\/"]}]},{"@type":"ImageObject","inLanguage":"en-US","@id":"https:\/\/sulin.ee\/en\/toode\/bnb-lekkekindlad-aluspuksid-pitsiga\/#primaryimage","url":"https:\/\/sulin.ee\/wp-content\/uploads\/2022\/10\/bnb-lekkekindlad-aluspuksid-korgema-piha-ja-pitsiga-xs-xl.png","contentUrl":"https:\/\/sulin.ee\/wp-content\/uploads\/2022\/10\/bnb-lekkekindlad-aluspuksid-korgema-piha-ja-pitsiga-xs-xl.png","width":800,"height":800,"caption":"BNB lekkekindlad alusp\u00fcksid"},{"@type":"BreadcrumbList","@id":"https:\/\/sulin.ee\/en\/toode\/bnb-lekkekindlad-aluspuksid-pitsiga\/#breadcrumb","itemListElement":[{"@type":"ListItem","position":1,"name":"Home","item":"https:\/\/sulin.ee\/en\/"},{"@type":"ListItem","position":2,"name":"Sulin.ee e-pood","item":"https:\/\/sulin.ee\/shop\/"},{"@type":"ListItem","position":3,"name":"BNB lekkekindlad alusp\u00fcksid pitsiga"}]},{"@type":"WebSite","@id":"https:\/\/sulin.ee\/en\/#website","url":"https:\/\/sulin.ee\/en\/","name":"sulin.ee","description":"","publisher":{"@id":"https:\/\/sulin.ee\/en\/#organization"},"potentialAction":[{"@type":"SearchAction","target":{"@type":"EntryPoint","urlTemplate":"https:\/\/sulin.ee\/en\/?s={search_term_string}"},"query-input":{"@type":"PropertyValueSpecification","valueRequired":true,"valueName":"search_term_string"}}],"inLanguage":"en-US"},{"@type":"Organization","@id":"https:\/\/sulin.ee\/en\/#organization","name":"SULIN TRADE O\u00dc","url":"https:\/\/sulin.ee\/en\/","logo":{"@type":"ImageObject","inLanguage":"en-US","@id":"https:\/\/sulin.ee\/en\/#\/schema\/logo\/image\/","url":"https:\/\/sulin.ee\/wp-content\/uploads\/2022\/11\/sulin-logo.png","contentUrl":"https:\/\/sulin.ee\/wp-content\/uploads\/2022\/11\/sulin-logo.png","width":871,"height":321,"caption":"SULIN TRADE O\u00dc"},"image":{"@id":"https:\/\/sulin.ee\/en\/#\/schema\/logo\/image\/"},"sameAs":["https:\/\/www.facebook.com\/www.sulin.ee\/","https:\/\/www.instagram.com\/sulintrade\/"]}]}},"builder_content":"","_links":{"self":[{"href":"https:\/\/sulin.ee\/en\/wp-json\/wp\/v2\/product\/4052","targetHints":{"allow":["GET"]}}],"collection":[{"href":"https:\/\/sulin.ee\/en\/wp-json\/wp\/v2\/product"}],"about":[{"href":"https:\/\/sulin.ee\/en\/wp-json\/wp\/v2\/types\/product"}],"replies":[{"embeddable":true,"href":"https:\/\/sulin.ee\/en\/wp-json\/wp\/v2\/comments?post=4052"}],"wp:featuredmedia":[{"embeddable":true,"href":"https:\/\/sulin.ee\/en\/wp-json\/wp\/v2\/media\/4057"}],"wp:attachment":[{"href":"https:\/\/sulin.ee\/en\/wp-json\/wp\/v2\/media?parent=4052"}],"wp:term":[{"taxonomy":"product_brand","embeddable":true,"href":"https:\/\/sulin.ee\/en\/wp-json\/wp\/v2\/product_brand?post=4052"},{"taxonomy":"product_cat","embeddable":true,"href":"https:\/\/sulin.ee\/en\/wp-json\/wp\/v2\/product_cat?post=4052"},{"taxonomy":"product_tag","embeddable":true,"href":"https:\/\/sulin.ee\/en\/wp-json\/wp\/v2\/product_tag?post=4052"}],"curies":[{"name":"wp","href":"https:\/\/api.w.org\/{rel}","templated":true}]}}