{"id":40205,"date":"2025-02-20T12:10:02","date_gmt":"2025-02-20T12:10:02","guid":{"rendered":"https:\/\/sulin.ee\/?post_type=product&#038;p=40205"},"modified":"2025-09-21T10:06:11","modified_gmt":"2025-09-21T10:06:11","slug":"petit-monkey-joogipudel-korrega-lastele-380ml-sloth-and-dragonflies","status":"publish","type":"product","link":"https:\/\/sulin.ee\/en\/toode\/petit-monkey-joogipudel-korrega-lastele-380ml-sloth-and-dragonflies\/","title":{"rendered":"Petit Monkey joogipudel k\u00f5rrega lastele, 380ml &#8211; Sloth and Dragonflies"},"content":{"rendered":"<p><strong><a href=\"https:\/\/petitmonkey.com\/\" target=\"_blank\" rel=\"noopener\">Petit Monkey<\/a> joogipudel k\u00f5rrega lastele<\/strong>\u00a0on ideaalne kaaslane igap\u00e4evasteks seiklusteks ja l\u00f5busateks v\u00e4ljas\u00f5itudeks, pakkudes lastele lihtsat viisi piisava vedeliku tarbimiseks. Lapsed vajavad p\u00e4eva jooksul palju vett, et s\u00e4ilitada hea enesetunne ja energia, mis aitab keskenduda ja hoida meeleolu r\u00f5\u00f5msana.<\/p>\n<p>Petit Monkey joogipudel k\u00f5rrega on vastupidav ja turvaline PP-materjal tagab, et pudel on <strong>toiduga kokkupuuteks t\u00e4iesti ohutu<\/strong>, kuna see ei sisalda kahjulikke aineid nagu BPA, PVC ja ftalaadid. T\u00e4nu praktilisele kaanele ja tilaosale on pudelit lihtne avada ja sulgeda, mis teeb selle kasutamise mugavaks ka v\u00e4ikestele k\u00e4tele.<\/p>\n<p>Pudel on <strong>n\u00f5udepesumasinas pestav kuni 40 kraadi juures<\/strong>, kuid seda ei tohi kasutada mikrolaineahjus. Disaini t\u00e4iendab v\u00f5luv\u00a0 illustratsioon, lisades pudelile m\u00e4ngulise ja unikaalse v\u00e4limuse, mis k\u00f6idab pilku ja muudab selle lapse lemmikuks.<\/p>\n<p><strong>M\u00f5\u00f5dud:<\/strong> 380ml<\/p>\n<p>Vaata veel lastele m\u00f5eldud joogipudeleid <a href=\"https:\/\/sulin.ee\/tootekategooria\/lapsele\/soomine\/joogipudelid-lastele\/\" target=\"_blank\" rel=\"noopener\">siit.<\/a><\/p>\n","protected":false},"excerpt":{"rendered":"<p><strong>Petit Monkey joogipudel lastele 380ml on vastupidav ja ohutu valik, mis aitab lastel p\u00e4eva jooksul vajalikku vedelikku tarbida. Kaunistatud armsate illustratsiooniga, on see praktiline ja m\u00e4nguline kaaslane igap\u00e4evasteks seiklusteks.<\/strong><\/p>\n","protected":false},"featured_media":40206,"comment_status":"open","ping_status":"closed","template":"","meta":[],"product_brand":[],"product_cat":[43,171,929,1162,1164,1165,1166,20,66,1126],"product_tag":[],"class_list":{"0":"post-40205","1":"product","2":"type-product","3":"status-publish","4":"has-post-thumbnail","6":"product_cat-lastele","7":"product_cat-soomine","8":"product_cat-joogipudelid-lastele","9":"product_cat-kingituseks","10":"product_cat-1-3-aastat","11":"product_cat-3-5-aastat","12":"product_cat-6-8-aastat","13":"product_cat-elustiil","14":"product_cat-joogipudelid","15":"product_cat-petit-monkey","16":"has-post-title","17":"has-post-date","18":"has-post-category","19":"has-post-tag","20":"has-post-comment","21":"has-post-author","22":"","24":"first","25":"instock","26":"sale","27":"taxable","28":"shipping-taxable","29":"purchasable","30":"product-type-simple"},"yoast_head":"<!-- This site is optimized with the Yoast SEO plugin v26.8 - https:\/\/yoast.com\/product\/yoast-seo-wordpress\/ -->\n<title>Petit Monkey joogipudel k\u00f5rrega lastele, 380ml - Sloth and Dragonflies - sulin.ee<\/title>\n<meta name=\"description\" content=\"Petit Monkey joogipudel k\u00f5rrega lastele\u00a0on ideaalne kaaslane igap\u00e4evasteks seiklusteks ja l\u00f5busateks v\u00e4ljas\u00f5itudeks. Mahutab 380 ml.\" \/>\n<meta name=\"robots\" content=\"index, follow, max-snippet:-1, max-image-preview:large, max-video-preview:-1\" \/>\n<link rel=\"canonical\" href=\"https:\/\/sulin.ee\/en\/toode\/petit-monkey-joogipudel-korrega-lastele-380ml-sloth-and-dragonflies\/\" \/>\n<meta property=\"og:locale\" content=\"en_US\" \/>\n<meta property=\"og:type\" content=\"article\" \/>\n<meta property=\"og:title\" content=\"Petit Monkey joogipudel k\u00f5rrega lastele, 380ml - Sloth and Dragonflies - sulin.ee\" \/>\n<meta property=\"og:description\" content=\"Petit Monkey joogipudel k\u00f5rrega lastele\u00a0on ideaalne kaaslane igap\u00e4evasteks seiklusteks ja l\u00f5busateks v\u00e4ljas\u00f5itudeks. Mahutab 380 ml.\" \/>\n<meta property=\"og:url\" content=\"https:\/\/sulin.ee\/en\/toode\/petit-monkey-joogipudel-korrega-lastele-380ml-sloth-and-dragonflies\/\" \/>\n<meta property=\"og:site_name\" content=\"sulin.ee\" \/>\n<meta property=\"article:publisher\" content=\"https:\/\/www.facebook.com\/www.sulin.ee\/\" \/>\n<meta property=\"article:modified_time\" content=\"2025-09-21T10:06:11+00:00\" \/>\n<meta property=\"og:image\" content=\"https:\/\/sulin.ee\/wp-content\/uploads\/2025\/02\/ARH04180_x705_crop_center.webp\" \/>\n\t<meta property=\"og:image:width\" content=\"705\" \/>\n\t<meta property=\"og:image:height\" content=\"705\" \/>\n\t<meta property=\"og:image:type\" content=\"image\/webp\" \/>\n<meta name=\"twitter:card\" content=\"summary_large_image\" \/>\n<meta name=\"twitter:label1\" content=\"Est. reading time\" \/>\n\t<meta name=\"twitter:data1\" content=\"1 minute\" \/>\n<script type=\"application\/ld+json\" class=\"yoast-schema-graph\">{\"@context\":\"https:\/\/schema.org\",\"@graph\":[{\"@type\":\"WebPage\",\"@id\":\"https:\/\/sulin.ee\/en\/toode\/petit-monkey-joogipudel-korrega-lastele-380ml-sloth-and-dragonflies\/\",\"url\":\"https:\/\/sulin.ee\/en\/toode\/petit-monkey-joogipudel-korrega-lastele-380ml-sloth-and-dragonflies\/\",\"name\":\"Petit Monkey joogipudel k\u00f5rrega lastele, 380ml - Sloth and Dragonflies - sulin.ee\",\"isPartOf\":{\"@id\":\"https:\/\/sulin.ee\/en\/#website\"},\"primaryImageOfPage\":{\"@id\":\"https:\/\/sulin.ee\/en\/toode\/petit-monkey-joogipudel-korrega-lastele-380ml-sloth-and-dragonflies\/#primaryimage\"},\"image\":{\"@id\":\"https:\/\/sulin.ee\/en\/toode\/petit-monkey-joogipudel-korrega-lastele-380ml-sloth-and-dragonflies\/#primaryimage\"},\"thumbnailUrl\":\"https:\/\/sulin.ee\/wp-content\/uploads\/2025\/02\/ARH04180_x705_crop_center.webp\",\"datePublished\":\"2025-02-20T12:10:02+00:00\",\"dateModified\":\"2025-09-21T10:06:11+00:00\",\"description\":\"Petit Monkey joogipudel k\u00f5rrega lastele\u00a0on ideaalne kaaslane igap\u00e4evasteks seiklusteks ja l\u00f5busateks v\u00e4ljas\u00f5itudeks. Mahutab 380 ml.\",\"breadcrumb\":{\"@id\":\"https:\/\/sulin.ee\/en\/toode\/petit-monkey-joogipudel-korrega-lastele-380ml-sloth-and-dragonflies\/#breadcrumb\"},\"inLanguage\":\"en-US\",\"potentialAction\":[{\"@type\":\"ReadAction\",\"target\":[\"https:\/\/sulin.ee\/en\/toode\/petit-monkey-joogipudel-korrega-lastele-380ml-sloth-and-dragonflies\/\"]}]},{\"@type\":\"ImageObject\",\"inLanguage\":\"en-US\",\"@id\":\"https:\/\/sulin.ee\/en\/toode\/petit-monkey-joogipudel-korrega-lastele-380ml-sloth-and-dragonflies\/#primaryimage\",\"url\":\"https:\/\/sulin.ee\/wp-content\/uploads\/2025\/02\/ARH04180_x705_crop_center.webp\",\"contentUrl\":\"https:\/\/sulin.ee\/wp-content\/uploads\/2025\/02\/ARH04180_x705_crop_center.webp\",\"width\":705,\"height\":705,\"caption\":\"Petit Monkey joogipudel k\u00f5rrega lastele\"},{\"@type\":\"BreadcrumbList\",\"@id\":\"https:\/\/sulin.ee\/en\/toode\/petit-monkey-joogipudel-korrega-lastele-380ml-sloth-and-dragonflies\/#breadcrumb\",\"itemListElement\":[{\"@type\":\"ListItem\",\"position\":1,\"name\":\"Home\",\"item\":\"https:\/\/sulin.ee\/en\/\"},{\"@type\":\"ListItem\",\"position\":2,\"name\":\"Sulin.ee e-pood\",\"item\":\"https:\/\/sulin.ee\/shop\/\"},{\"@type\":\"ListItem\",\"position\":3,\"name\":\"Petit Monkey joogipudel k\u00f5rrega lastele, 380ml &#8211; Sloth and Dragonflies\"}]},{\"@type\":\"WebSite\",\"@id\":\"https:\/\/sulin.ee\/en\/#website\",\"url\":\"https:\/\/sulin.ee\/en\/\",\"name\":\"sulin.ee\",\"description\":\"\",\"publisher\":{\"@id\":\"https:\/\/sulin.ee\/en\/#organization\"},\"potentialAction\":[{\"@type\":\"SearchAction\",\"target\":{\"@type\":\"EntryPoint\",\"urlTemplate\":\"https:\/\/sulin.ee\/en\/?s={search_term_string}\"},\"query-input\":{\"@type\":\"PropertyValueSpecification\",\"valueRequired\":true,\"valueName\":\"search_term_string\"}}],\"inLanguage\":\"en-US\"},{\"@type\":\"Organization\",\"@id\":\"https:\/\/sulin.ee\/en\/#organization\",\"name\":\"SULIN TRADE O\u00dc\",\"url\":\"https:\/\/sulin.ee\/en\/\",\"logo\":{\"@type\":\"ImageObject\",\"inLanguage\":\"en-US\",\"@id\":\"https:\/\/sulin.ee\/en\/#\/schema\/logo\/image\/\",\"url\":\"https:\/\/sulin.ee\/wp-content\/uploads\/2022\/11\/sulin-logo.png\",\"contentUrl\":\"https:\/\/sulin.ee\/wp-content\/uploads\/2022\/11\/sulin-logo.png\",\"width\":871,\"height\":321,\"caption\":\"SULIN TRADE O\u00dc\"},\"image\":{\"@id\":\"https:\/\/sulin.ee\/en\/#\/schema\/logo\/image\/\"},\"sameAs\":[\"https:\/\/www.facebook.com\/www.sulin.ee\/\",\"https:\/\/www.instagram.com\/sulintrade\/\"]}]}<\/script>\n<!-- \/ Yoast SEO plugin. -->","yoast_head_json":{"title":"Petit Monkey joogipudel k\u00f5rrega lastele, 380ml - Sloth and Dragonflies - sulin.ee","description":"Petit Monkey joogipudel k\u00f5rrega lastele\u00a0on ideaalne kaaslane igap\u00e4evasteks seiklusteks ja l\u00f5busateks v\u00e4ljas\u00f5itudeks. Mahutab 380 ml.","robots":{"index":"index","follow":"follow","max-snippet":"max-snippet:-1","max-image-preview":"max-image-preview:large","max-video-preview":"max-video-preview:-1"},"canonical":"https:\/\/sulin.ee\/en\/toode\/petit-monkey-joogipudel-korrega-lastele-380ml-sloth-and-dragonflies\/","og_locale":"en_US","og_type":"article","og_title":"Petit Monkey joogipudel k\u00f5rrega lastele, 380ml - Sloth and Dragonflies - sulin.ee","og_description":"Petit Monkey joogipudel k\u00f5rrega lastele\u00a0on ideaalne kaaslane igap\u00e4evasteks seiklusteks ja l\u00f5busateks v\u00e4ljas\u00f5itudeks. Mahutab 380 ml.","og_url":"https:\/\/sulin.ee\/en\/toode\/petit-monkey-joogipudel-korrega-lastele-380ml-sloth-and-dragonflies\/","og_site_name":"sulin.ee","article_publisher":"https:\/\/www.facebook.com\/www.sulin.ee\/","article_modified_time":"2025-09-21T10:06:11+00:00","og_image":[{"width":705,"height":705,"url":"https:\/\/sulin.ee\/wp-content\/uploads\/2025\/02\/ARH04180_x705_crop_center.webp","type":"image\/webp"}],"twitter_card":"summary_large_image","twitter_misc":{"Est. reading time":"1 minute"},"schema":{"@context":"https:\/\/schema.org","@graph":[{"@type":"WebPage","@id":"https:\/\/sulin.ee\/en\/toode\/petit-monkey-joogipudel-korrega-lastele-380ml-sloth-and-dragonflies\/","url":"https:\/\/sulin.ee\/en\/toode\/petit-monkey-joogipudel-korrega-lastele-380ml-sloth-and-dragonflies\/","name":"Petit Monkey joogipudel k\u00f5rrega lastele, 380ml - Sloth and Dragonflies - sulin.ee","isPartOf":{"@id":"https:\/\/sulin.ee\/en\/#website"},"primaryImageOfPage":{"@id":"https:\/\/sulin.ee\/en\/toode\/petit-monkey-joogipudel-korrega-lastele-380ml-sloth-and-dragonflies\/#primaryimage"},"image":{"@id":"https:\/\/sulin.ee\/en\/toode\/petit-monkey-joogipudel-korrega-lastele-380ml-sloth-and-dragonflies\/#primaryimage"},"thumbnailUrl":"https:\/\/sulin.ee\/wp-content\/uploads\/2025\/02\/ARH04180_x705_crop_center.webp","datePublished":"2025-02-20T12:10:02+00:00","dateModified":"2025-09-21T10:06:11+00:00","description":"Petit Monkey joogipudel k\u00f5rrega lastele\u00a0on ideaalne kaaslane igap\u00e4evasteks seiklusteks ja l\u00f5busateks v\u00e4ljas\u00f5itudeks. Mahutab 380 ml.","breadcrumb":{"@id":"https:\/\/sulin.ee\/en\/toode\/petit-monkey-joogipudel-korrega-lastele-380ml-sloth-and-dragonflies\/#breadcrumb"},"inLanguage":"en-US","potentialAction":[{"@type":"ReadAction","target":["https:\/\/sulin.ee\/en\/toode\/petit-monkey-joogipudel-korrega-lastele-380ml-sloth-and-dragonflies\/"]}]},{"@type":"ImageObject","inLanguage":"en-US","@id":"https:\/\/sulin.ee\/en\/toode\/petit-monkey-joogipudel-korrega-lastele-380ml-sloth-and-dragonflies\/#primaryimage","url":"https:\/\/sulin.ee\/wp-content\/uploads\/2025\/02\/ARH04180_x705_crop_center.webp","contentUrl":"https:\/\/sulin.ee\/wp-content\/uploads\/2025\/02\/ARH04180_x705_crop_center.webp","width":705,"height":705,"caption":"Petit Monkey joogipudel k\u00f5rrega lastele"},{"@type":"BreadcrumbList","@id":"https:\/\/sulin.ee\/en\/toode\/petit-monkey-joogipudel-korrega-lastele-380ml-sloth-and-dragonflies\/#breadcrumb","itemListElement":[{"@type":"ListItem","position":1,"name":"Home","item":"https:\/\/sulin.ee\/en\/"},{"@type":"ListItem","position":2,"name":"Sulin.ee e-pood","item":"https:\/\/sulin.ee\/shop\/"},{"@type":"ListItem","position":3,"name":"Petit Monkey joogipudel k\u00f5rrega lastele, 380ml &#8211; Sloth and Dragonflies"}]},{"@type":"WebSite","@id":"https:\/\/sulin.ee\/en\/#website","url":"https:\/\/sulin.ee\/en\/","name":"sulin.ee","description":"","publisher":{"@id":"https:\/\/sulin.ee\/en\/#organization"},"potentialAction":[{"@type":"SearchAction","target":{"@type":"EntryPoint","urlTemplate":"https:\/\/sulin.ee\/en\/?s={search_term_string}"},"query-input":{"@type":"PropertyValueSpecification","valueRequired":true,"valueName":"search_term_string"}}],"inLanguage":"en-US"},{"@type":"Organization","@id":"https:\/\/sulin.ee\/en\/#organization","name":"SULIN TRADE O\u00dc","url":"https:\/\/sulin.ee\/en\/","logo":{"@type":"ImageObject","inLanguage":"en-US","@id":"https:\/\/sulin.ee\/en\/#\/schema\/logo\/image\/","url":"https:\/\/sulin.ee\/wp-content\/uploads\/2022\/11\/sulin-logo.png","contentUrl":"https:\/\/sulin.ee\/wp-content\/uploads\/2022\/11\/sulin-logo.png","width":871,"height":321,"caption":"SULIN TRADE O\u00dc"},"image":{"@id":"https:\/\/sulin.ee\/en\/#\/schema\/logo\/image\/"},"sameAs":["https:\/\/www.facebook.com\/www.sulin.ee\/","https:\/\/www.instagram.com\/sulintrade\/"]}]}},"builder_content":"","_links":{"self":[{"href":"https:\/\/sulin.ee\/en\/wp-json\/wp\/v2\/product\/40205","targetHints":{"allow":["GET"]}}],"collection":[{"href":"https:\/\/sulin.ee\/en\/wp-json\/wp\/v2\/product"}],"about":[{"href":"https:\/\/sulin.ee\/en\/wp-json\/wp\/v2\/types\/product"}],"replies":[{"embeddable":true,"href":"https:\/\/sulin.ee\/en\/wp-json\/wp\/v2\/comments?post=40205"}],"wp:featuredmedia":[{"embeddable":true,"href":"https:\/\/sulin.ee\/en\/wp-json\/wp\/v2\/media\/40206"}],"wp:attachment":[{"href":"https:\/\/sulin.ee\/en\/wp-json\/wp\/v2\/media?parent=40205"}],"wp:term":[{"taxonomy":"product_brand","embeddable":true,"href":"https:\/\/sulin.ee\/en\/wp-json\/wp\/v2\/product_brand?post=40205"},{"taxonomy":"product_cat","embeddable":true,"href":"https:\/\/sulin.ee\/en\/wp-json\/wp\/v2\/product_cat?post=40205"},{"taxonomy":"product_tag","embeddable":true,"href":"https:\/\/sulin.ee\/en\/wp-json\/wp\/v2\/product_tag?post=40205"}],"curies":[{"name":"wp","href":"https:\/\/api.w.org\/{rel}","templated":true}]}}