{"id":40146,"date":"2025-02-20T11:27:55","date_gmt":"2025-02-20T11:27:55","guid":{"rendered":"https:\/\/sulin.ee\/?post_type=product&#038;p=40146"},"modified":"2026-04-07T07:47:30","modified_gmt":"2026-04-07T07:47:30","slug":"petit-monkey-roostevabast-terasest-joogipudel-350ml-2","status":"publish","type":"product","link":"https:\/\/sulin.ee\/en\/toode\/petit-monkey-roostevabast-terasest-joogipudel-350ml-2\/","title":{"rendered":"Petit Monkey roostevabast terasest joogipudel, 350ml &#8211; Roheline"},"content":{"rendered":"<p><strong>Petit Monkey roostevabast terasest joogipudel <\/strong>on ideaalne valik, et hoida joogid k\u00fclmana \u00fcle 12 tunni \u2013 suurep\u00e4rane kaaslane igap\u00e4evaseks kasutamiseks!<\/p>\n<p>Pudel mahutab 350 ml vedelikku ning on valmistatud <strong>k\u00f5rgekvaliteetsest toiduklassi kahekihilisest roostevabast terasest<\/strong>, mis tagab ohutuse ja vastupidavuse.<\/p>\n<p><a href=\"https:\/\/petitmonkey.com\/\" target=\"_blank\" rel=\"noopener\">Petit Monkey <\/a>roostevabast terasest joogipudel on<strong> M\u00fcrgivaba, BPA-vaba, plii- ja ftalaadivaba<\/strong> pudel on loodud selleks, et pakkuda lastele ja t\u00e4iskasvanutele turvalist joogilahendust. Pudelil on eemaldatav <strong>silikoonist kork<\/strong>, mis lisab kaitset ja mugavust igap\u00e4evaseks kaasaskandmiseks. Disainitud kaunite tilkamustritega, mis on loodud kunstnik Viola Zwang &#8211; van Delfti poolt, pakub see pudel nii praktilisust kui ka silmailu.<\/p>\n<p><strong>Lihtne puhastada<\/strong>, kuigi soovitame disainitr\u00fcki pikaealisuse s\u00e4ilitamiseks k\u00e4sipesu.<\/p>\n<p><strong>M\u00f5\u00f5dud:<\/strong> 350 ml.<\/p>\n<p>Vaata veel lastele m\u00f5eldud joogipudeleid <a href=\"https:\/\/sulin.ee\/tootekategooria\/lapsele\/soomine\/joogipudelid-lastele\/\" target=\"_blank\" rel=\"noopener\">siit.<\/a><\/p>\n","protected":false},"excerpt":{"rendered":"<p><strong>Kerge ja vastupidav roostevabast terasest joogipudel hoiab joogid k\u00fclmana \u00fcle 12 tunni ning mahutab 350 ml vedelikku. Kaunistatud tilkade mustriga.<\/strong><\/p>\n","protected":false},"featured_media":40171,"comment_status":"open","ping_status":"closed","template":"","meta":[],"product_brand":[],"product_cat":[43,171,929,1162,1164,1165,1166,20,66,1126],"product_tag":[],"class_list":{"0":"post-40146","1":"product","2":"type-product","3":"status-publish","4":"has-post-thumbnail","6":"product_cat-lastele","7":"product_cat-soomine","8":"product_cat-joogipudelid-lastele","9":"product_cat-kingituseks","10":"product_cat-1-3-aastat","11":"product_cat-3-5-aastat","12":"product_cat-6-8-aastat","13":"product_cat-elustiil","14":"product_cat-joogipudelid","15":"product_cat-petit-monkey","16":"has-post-title","17":"has-post-date","18":"has-post-category","19":"has-post-tag","20":"has-post-comment","21":"has-post-author","22":"","24":"first","25":"instock","26":"sale","27":"taxable","28":"shipping-taxable","29":"purchasable","30":"product-type-simple"},"yoast_head":"<!-- This site is optimized with the Yoast SEO plugin v26.8 - https:\/\/yoast.com\/product\/yoast-seo-wordpress\/ -->\n<title>Petit Monkey roostevabast terasest joogipudel, 350ml - Roheline - sulin.ee<\/title>\n<meta name=\"description\" content=\"Petit Monkey roostevabast terasest joogipudel on ideaalne valik, et hoida joogid k\u00fclmana \u00fcle 12 tunni \u2013 suurep\u00e4rane kaaslane igap\u00e4evaseks kasutamiseks!\" \/>\n<meta name=\"robots\" content=\"index, follow, max-snippet:-1, max-image-preview:large, max-video-preview:-1\" \/>\n<link rel=\"canonical\" href=\"https:\/\/sulin.ee\/en\/toode\/petit-monkey-roostevabast-terasest-joogipudel-350ml-2\/\" \/>\n<meta property=\"og:locale\" content=\"en_US\" \/>\n<meta property=\"og:type\" content=\"article\" \/>\n<meta property=\"og:title\" content=\"Petit Monkey roostevabast terasest joogipudel, 350ml - Roheline - sulin.ee\" \/>\n<meta property=\"og:description\" content=\"Petit Monkey roostevabast terasest joogipudel on ideaalne valik, et hoida joogid k\u00fclmana \u00fcle 12 tunni \u2013 suurep\u00e4rane kaaslane igap\u00e4evaseks kasutamiseks!\" \/>\n<meta property=\"og:url\" content=\"https:\/\/sulin.ee\/en\/toode\/petit-monkey-roostevabast-terasest-joogipudel-350ml-2\/\" \/>\n<meta property=\"og:site_name\" content=\"sulin.ee\" \/>\n<meta property=\"article:publisher\" content=\"https:\/\/www.facebook.com\/www.sulin.ee\/\" \/>\n<meta property=\"article:modified_time\" content=\"2026-04-07T07:47:30+00:00\" \/>\n<meta property=\"og:image\" content=\"https:\/\/sulin.ee\/wp-content\/uploads\/2025\/02\/green.png\" \/>\n\t<meta property=\"og:image:width\" content=\"1080\" \/>\n\t<meta property=\"og:image:height\" content=\"1080\" \/>\n\t<meta property=\"og:image:type\" content=\"image\/png\" \/>\n<meta name=\"twitter:card\" content=\"summary_large_image\" \/>\n<meta name=\"twitter:label1\" content=\"Est. reading time\" \/>\n\t<meta name=\"twitter:data1\" content=\"1 minute\" \/>\n<script type=\"application\/ld+json\" class=\"yoast-schema-graph\">{\"@context\":\"https:\/\/schema.org\",\"@graph\":[{\"@type\":\"WebPage\",\"@id\":\"https:\/\/sulin.ee\/en\/toode\/petit-monkey-roostevabast-terasest-joogipudel-350ml-2\/\",\"url\":\"https:\/\/sulin.ee\/en\/toode\/petit-monkey-roostevabast-terasest-joogipudel-350ml-2\/\",\"name\":\"Petit Monkey roostevabast terasest joogipudel, 350ml - Roheline - sulin.ee\",\"isPartOf\":{\"@id\":\"https:\/\/sulin.ee\/en\/#website\"},\"primaryImageOfPage\":{\"@id\":\"https:\/\/sulin.ee\/en\/toode\/petit-monkey-roostevabast-terasest-joogipudel-350ml-2\/#primaryimage\"},\"image\":{\"@id\":\"https:\/\/sulin.ee\/en\/toode\/petit-monkey-roostevabast-terasest-joogipudel-350ml-2\/#primaryimage\"},\"thumbnailUrl\":\"https:\/\/sulin.ee\/wp-content\/uploads\/2025\/02\/green.png\",\"datePublished\":\"2025-02-20T11:27:55+00:00\",\"dateModified\":\"2026-04-07T07:47:30+00:00\",\"description\":\"Petit Monkey roostevabast terasest joogipudel on ideaalne valik, et hoida joogid k\u00fclmana \u00fcle 12 tunni \u2013 suurep\u00e4rane kaaslane igap\u00e4evaseks kasutamiseks!\",\"breadcrumb\":{\"@id\":\"https:\/\/sulin.ee\/en\/toode\/petit-monkey-roostevabast-terasest-joogipudel-350ml-2\/#breadcrumb\"},\"inLanguage\":\"en-US\",\"potentialAction\":[{\"@type\":\"ReadAction\",\"target\":[\"https:\/\/sulin.ee\/en\/toode\/petit-monkey-roostevabast-terasest-joogipudel-350ml-2\/\"]}]},{\"@type\":\"ImageObject\",\"inLanguage\":\"en-US\",\"@id\":\"https:\/\/sulin.ee\/en\/toode\/petit-monkey-roostevabast-terasest-joogipudel-350ml-2\/#primaryimage\",\"url\":\"https:\/\/sulin.ee\/wp-content\/uploads\/2025\/02\/green.png\",\"contentUrl\":\"https:\/\/sulin.ee\/wp-content\/uploads\/2025\/02\/green.png\",\"width\":1080,\"height\":1080,\"caption\":\"Petit Monkey roostevabast terasest\"},{\"@type\":\"BreadcrumbList\",\"@id\":\"https:\/\/sulin.ee\/en\/toode\/petit-monkey-roostevabast-terasest-joogipudel-350ml-2\/#breadcrumb\",\"itemListElement\":[{\"@type\":\"ListItem\",\"position\":1,\"name\":\"Home\",\"item\":\"https:\/\/sulin.ee\/en\/\"},{\"@type\":\"ListItem\",\"position\":2,\"name\":\"Sulin.ee e-pood\",\"item\":\"https:\/\/sulin.ee\/shop\/\"},{\"@type\":\"ListItem\",\"position\":3,\"name\":\"Petit Monkey roostevabast terasest joogipudel, 350ml &#8211; Roheline\"}]},{\"@type\":\"WebSite\",\"@id\":\"https:\/\/sulin.ee\/en\/#website\",\"url\":\"https:\/\/sulin.ee\/en\/\",\"name\":\"sulin.ee\",\"description\":\"\",\"publisher\":{\"@id\":\"https:\/\/sulin.ee\/en\/#organization\"},\"potentialAction\":[{\"@type\":\"SearchAction\",\"target\":{\"@type\":\"EntryPoint\",\"urlTemplate\":\"https:\/\/sulin.ee\/en\/?s={search_term_string}\"},\"query-input\":{\"@type\":\"PropertyValueSpecification\",\"valueRequired\":true,\"valueName\":\"search_term_string\"}}],\"inLanguage\":\"en-US\"},{\"@type\":\"Organization\",\"@id\":\"https:\/\/sulin.ee\/en\/#organization\",\"name\":\"SULIN TRADE O\u00dc\",\"url\":\"https:\/\/sulin.ee\/en\/\",\"logo\":{\"@type\":\"ImageObject\",\"inLanguage\":\"en-US\",\"@id\":\"https:\/\/sulin.ee\/en\/#\/schema\/logo\/image\/\",\"url\":\"https:\/\/sulin.ee\/wp-content\/uploads\/2022\/11\/sulin-logo.png\",\"contentUrl\":\"https:\/\/sulin.ee\/wp-content\/uploads\/2022\/11\/sulin-logo.png\",\"width\":871,\"height\":321,\"caption\":\"SULIN TRADE O\u00dc\"},\"image\":{\"@id\":\"https:\/\/sulin.ee\/en\/#\/schema\/logo\/image\/\"},\"sameAs\":[\"https:\/\/www.facebook.com\/www.sulin.ee\/\",\"https:\/\/www.instagram.com\/sulintrade\/\"]}]}<\/script>\n<!-- \/ Yoast SEO plugin. -->","yoast_head_json":{"title":"Petit Monkey roostevabast terasest joogipudel, 350ml - Roheline - sulin.ee","description":"Petit Monkey roostevabast terasest joogipudel on ideaalne valik, et hoida joogid k\u00fclmana \u00fcle 12 tunni \u2013 suurep\u00e4rane kaaslane igap\u00e4evaseks kasutamiseks!","robots":{"index":"index","follow":"follow","max-snippet":"max-snippet:-1","max-image-preview":"max-image-preview:large","max-video-preview":"max-video-preview:-1"},"canonical":"https:\/\/sulin.ee\/en\/toode\/petit-monkey-roostevabast-terasest-joogipudel-350ml-2\/","og_locale":"en_US","og_type":"article","og_title":"Petit Monkey roostevabast terasest joogipudel, 350ml - Roheline - sulin.ee","og_description":"Petit Monkey roostevabast terasest joogipudel on ideaalne valik, et hoida joogid k\u00fclmana \u00fcle 12 tunni \u2013 suurep\u00e4rane kaaslane igap\u00e4evaseks kasutamiseks!","og_url":"https:\/\/sulin.ee\/en\/toode\/petit-monkey-roostevabast-terasest-joogipudel-350ml-2\/","og_site_name":"sulin.ee","article_publisher":"https:\/\/www.facebook.com\/www.sulin.ee\/","article_modified_time":"2026-04-07T07:47:30+00:00","og_image":[{"width":1080,"height":1080,"url":"https:\/\/sulin.ee\/wp-content\/uploads\/2025\/02\/green.png","type":"image\/png"}],"twitter_card":"summary_large_image","twitter_misc":{"Est. reading time":"1 minute"},"schema":{"@context":"https:\/\/schema.org","@graph":[{"@type":"WebPage","@id":"https:\/\/sulin.ee\/en\/toode\/petit-monkey-roostevabast-terasest-joogipudel-350ml-2\/","url":"https:\/\/sulin.ee\/en\/toode\/petit-monkey-roostevabast-terasest-joogipudel-350ml-2\/","name":"Petit Monkey roostevabast terasest joogipudel, 350ml - Roheline - sulin.ee","isPartOf":{"@id":"https:\/\/sulin.ee\/en\/#website"},"primaryImageOfPage":{"@id":"https:\/\/sulin.ee\/en\/toode\/petit-monkey-roostevabast-terasest-joogipudel-350ml-2\/#primaryimage"},"image":{"@id":"https:\/\/sulin.ee\/en\/toode\/petit-monkey-roostevabast-terasest-joogipudel-350ml-2\/#primaryimage"},"thumbnailUrl":"https:\/\/sulin.ee\/wp-content\/uploads\/2025\/02\/green.png","datePublished":"2025-02-20T11:27:55+00:00","dateModified":"2026-04-07T07:47:30+00:00","description":"Petit Monkey roostevabast terasest joogipudel on ideaalne valik, et hoida joogid k\u00fclmana \u00fcle 12 tunni \u2013 suurep\u00e4rane kaaslane igap\u00e4evaseks kasutamiseks!","breadcrumb":{"@id":"https:\/\/sulin.ee\/en\/toode\/petit-monkey-roostevabast-terasest-joogipudel-350ml-2\/#breadcrumb"},"inLanguage":"en-US","potentialAction":[{"@type":"ReadAction","target":["https:\/\/sulin.ee\/en\/toode\/petit-monkey-roostevabast-terasest-joogipudel-350ml-2\/"]}]},{"@type":"ImageObject","inLanguage":"en-US","@id":"https:\/\/sulin.ee\/en\/toode\/petit-monkey-roostevabast-terasest-joogipudel-350ml-2\/#primaryimage","url":"https:\/\/sulin.ee\/wp-content\/uploads\/2025\/02\/green.png","contentUrl":"https:\/\/sulin.ee\/wp-content\/uploads\/2025\/02\/green.png","width":1080,"height":1080,"caption":"Petit Monkey roostevabast terasest"},{"@type":"BreadcrumbList","@id":"https:\/\/sulin.ee\/en\/toode\/petit-monkey-roostevabast-terasest-joogipudel-350ml-2\/#breadcrumb","itemListElement":[{"@type":"ListItem","position":1,"name":"Home","item":"https:\/\/sulin.ee\/en\/"},{"@type":"ListItem","position":2,"name":"Sulin.ee e-pood","item":"https:\/\/sulin.ee\/shop\/"},{"@type":"ListItem","position":3,"name":"Petit Monkey roostevabast terasest joogipudel, 350ml &#8211; Roheline"}]},{"@type":"WebSite","@id":"https:\/\/sulin.ee\/en\/#website","url":"https:\/\/sulin.ee\/en\/","name":"sulin.ee","description":"","publisher":{"@id":"https:\/\/sulin.ee\/en\/#organization"},"potentialAction":[{"@type":"SearchAction","target":{"@type":"EntryPoint","urlTemplate":"https:\/\/sulin.ee\/en\/?s={search_term_string}"},"query-input":{"@type":"PropertyValueSpecification","valueRequired":true,"valueName":"search_term_string"}}],"inLanguage":"en-US"},{"@type":"Organization","@id":"https:\/\/sulin.ee\/en\/#organization","name":"SULIN TRADE O\u00dc","url":"https:\/\/sulin.ee\/en\/","logo":{"@type":"ImageObject","inLanguage":"en-US","@id":"https:\/\/sulin.ee\/en\/#\/schema\/logo\/image\/","url":"https:\/\/sulin.ee\/wp-content\/uploads\/2022\/11\/sulin-logo.png","contentUrl":"https:\/\/sulin.ee\/wp-content\/uploads\/2022\/11\/sulin-logo.png","width":871,"height":321,"caption":"SULIN TRADE O\u00dc"},"image":{"@id":"https:\/\/sulin.ee\/en\/#\/schema\/logo\/image\/"},"sameAs":["https:\/\/www.facebook.com\/www.sulin.ee\/","https:\/\/www.instagram.com\/sulintrade\/"]}]}},"builder_content":"","_links":{"self":[{"href":"https:\/\/sulin.ee\/en\/wp-json\/wp\/v2\/product\/40146","targetHints":{"allow":["GET"]}}],"collection":[{"href":"https:\/\/sulin.ee\/en\/wp-json\/wp\/v2\/product"}],"about":[{"href":"https:\/\/sulin.ee\/en\/wp-json\/wp\/v2\/types\/product"}],"replies":[{"embeddable":true,"href":"https:\/\/sulin.ee\/en\/wp-json\/wp\/v2\/comments?post=40146"}],"wp:featuredmedia":[{"embeddable":true,"href":"https:\/\/sulin.ee\/en\/wp-json\/wp\/v2\/media\/40171"}],"wp:attachment":[{"href":"https:\/\/sulin.ee\/en\/wp-json\/wp\/v2\/media?parent=40146"}],"wp:term":[{"taxonomy":"product_brand","embeddable":true,"href":"https:\/\/sulin.ee\/en\/wp-json\/wp\/v2\/product_brand?post=40146"},{"taxonomy":"product_cat","embeddable":true,"href":"https:\/\/sulin.ee\/en\/wp-json\/wp\/v2\/product_cat?post=40146"},{"taxonomy":"product_tag","embeddable":true,"href":"https:\/\/sulin.ee\/en\/wp-json\/wp\/v2\/product_tag?post=40146"}],"curies":[{"name":"wp","href":"https:\/\/api.w.org\/{rel}","templated":true}]}}