{"id":40103,"date":"2025-02-19T13:16:47","date_gmt":"2025-02-19T13:16:47","guid":{"rendered":"https:\/\/sulin.ee\/toode\/oppemuna-manguasi-sobita-kujundeid-ja-varve\/"},"modified":"2025-06-15T08:46:40","modified_gmt":"2025-06-15T08:46:40","slug":"munamang-motoorika-arendamiseks-erinevad-kujundid","status":"publish","type":"product","link":"https:\/\/sulin.ee\/en\/toode\/munamang-motoorika-arendamiseks-erinevad-kujundid\/","title":{"rendered":"Munam\u00e4ng motoorika arendamiseks (erinevad kujundid)"},"content":{"rendered":"<p><center><\/center><\/p>\n<p data-start=\"80\" data-end=\"480\"><strong>Munam\u00e4ng motoorika arendamiseks on suurep\u00e4rane \u00f5ppevahend, mis aitab v\u00e4ikelastel \u00f5ppida kuju ja v\u00e4rvi sobitamist m\u00e4ngulise tegevuse kaudu. See m\u00e4nguasi on disainitud spetsiaalselt v\u00e4ikeste k\u00e4te jaoks, et arendada k\u00e4elist osavust ja loogilist m\u00f5tlemist. Munade erksad v\u00e4rvid ja unikaalsed kujud pakuvad visuaalset stimulatsiooni ja innustavad lapsi m\u00e4ngima, muutes \u00f5ppimise l\u00f5busaks ja kaasahaaravaks.<\/strong><\/p>\n<p data-start=\"482\" data-end=\"837\">Komplektis on kuus erinevat muna, millest iga\u00fcks koosneb kahest poolest. Lapsed saavad harjutada nende kokkusobitamist vastavalt kuju ja v\u00e4rvile, mis toetab nende probleemilahendusoskusi ja t\u00e4helepanu keskendumist. See tegevus ei ole ainult l\u00f5bus, vaid aitab ka arendada silma-k\u00e4e koordinatsiooni ning \u00f5petab lapsi m\u00e4rkama detaile ja erinevusi objektides.<\/p>\n<h4 data-start=\"839\" data-end=\"872\">Spetsifikatsioon ja m\u00f5\u00f5tmed:<\/h4>\n<ul data-start=\"873\" data-end=\"1108\">\n<li data-start=\"873\" data-end=\"916\">\u2714\ufe0f <strong data-start=\"878\" data-end=\"916\">Harjutab silma-k\u00e4e koordinatsiooni<\/strong><\/li>\n<li data-start=\"917\" data-end=\"943\">\u2714\ufe0f <strong data-start=\"922\" data-end=\"943\">\u00d5petab l\u00e4bi m\u00e4ngu<\/strong><\/li>\n<li data-start=\"988\" data-end=\"1025\">\u2714\ufe0f <strong data-start=\"993\" data-end=\"1025\">Pakendatud blisterpakendisse<\/strong><\/li>\n<li data-start=\"1026\" data-end=\"1083\">\u2714\ufe0f <strong data-start=\"1031\" data-end=\"1043\">M\u00f5\u00f5tmed: <\/strong>Munakarbi m\u00f5\u00f5dud: 28cm x 9.5cm x 7.5cm. Muna k\u00f5rgus\u00a0umbes 8 cm<\/li>\n<li data-start=\"1084\" data-end=\"1108\">\u2714\ufe0f <strong data-start=\"1089\" data-end=\"1102\">Materjal:<\/strong> Plast<\/li>\n<\/ul>\n<p data-start=\"1110\" data-end=\"1454\" data-is-last-node=\"\" data-is-only-node=\"\">Munam\u00e4ng motoorika arendamiseks on suurep\u00e4rane kingitus, mis pakub teie lapsele tundide viisi harivat l\u00f5bu ning toetab tema intellektuaalset arengut ja motoorikat l\u00e4bi m\u00e4ngu. T\u00e4nu kompaktsele suurusele ja turvalistele materjalidele on see ideaalne m\u00e4nguasi igap\u00e4evaseks kasutamiseks kodus v\u00f5i eelkoolis.<\/p>\n<p data-start=\"1110\" data-end=\"1454\" data-is-last-node=\"\" data-is-only-node=\"\"><strong data-start=\"949\" data-end=\"987\">Sobib lastele alates 3. eluaastast<\/strong><\/p>\n<p data-start=\"1110\" data-end=\"1454\" data-is-last-node=\"\" data-is-only-node=\"\">Avastada veel rohkem motoorikat arendavaid m\u00e4nguasju, mis toetavad teie lapse arengut mitmek\u00fclgselt ja l\u00f5busalt <strong><a href=\"https:\/\/sulin.ee\/tootekategooria\/mangimine\/oppemangud\/motoorika\/\">siit.<\/a><\/strong><\/p>\n","protected":false},"excerpt":{"rendered":"<p><strong>Munam\u00e4ng motoorika arendamiseks on interaktiivne \u00f5ppevahend, mis aitab v\u00e4ikelastel arendada k\u00e4elist osavust ja loogilist m\u00f5tlemist l\u00e4bi v\u00e4rvide ja kujundite sobitamise. Komplektis on kuus v\u00e4rvilist muna, mille iga\u00fcks jaguneb kaheks pooleks, pakkudes l\u00f5busat ja harivat tegevust. <\/strong><\/p>\n<p>Sobib suurep\u00e4raselt lastele alates 3. eluaastast, arendades silma-k\u00e4e koordinatsiooni ja detailide tajumist.<\/p>\n","protected":false},"featured_media":40116,"comment_status":"open","ping_status":"closed","template":"","meta":[],"product_brand":[],"product_cat":[110,1162,1165,1002,1022,1023,23],"product_tag":[],"class_list":{"0":"post-40103","1":"product","2":"type-product","3":"status-publish","4":"has-post-thumbnail","6":"product_cat-mangimine","7":"product_cat-kingituseks","8":"product_cat-3-5-aastat","9":"product_cat-oppemangud","10":"product_cat-varvid-ja-kujundid","11":"product_cat-motoorika","12":"product_cat-soodus","13":"has-post-title","14":"has-post-date","15":"has-post-category","16":"has-post-tag","17":"has-post-comment","18":"has-post-author","19":"","21":"first","22":"instock","23":"sale","24":"taxable","25":"shipping-taxable","26":"purchasable","27":"product-type-simple"},"yoast_head":"<!-- This site is optimized with the Yoast SEO plugin v26.8 - https:\/\/yoast.com\/product\/yoast-seo-wordpress\/ -->\n<title>Munam\u00e4ng motoorika arendamiseks (erinevad kujundid) - sulin.ee<\/title>\n<meta name=\"description\" content=\"Munam\u00e4ng motoorika arendamiseks on suurep\u00e4rane m\u00e4nguasi, mis aitab lastel arendada k\u00e4elist osavust ja loogilist m\u00f5tlemist l\u00e4bi v\u00e4rvide ja kujundite.\" \/>\n<meta name=\"robots\" content=\"index, follow, max-snippet:-1, max-image-preview:large, max-video-preview:-1\" \/>\n<link rel=\"canonical\" href=\"https:\/\/sulin.ee\/en\/toode\/munamang-motoorika-arendamiseks-erinevad-kujundid\/\" \/>\n<meta property=\"og:locale\" content=\"en_US\" \/>\n<meta property=\"og:type\" content=\"article\" \/>\n<meta property=\"og:title\" content=\"Munam\u00e4ng motoorika arendamiseks (erinevad kujundid) - sulin.ee\" \/>\n<meta property=\"og:description\" content=\"Munam\u00e4ng motoorika arendamiseks on suurep\u00e4rane m\u00e4nguasi, mis aitab lastel arendada k\u00e4elist osavust ja loogilist m\u00f5tlemist l\u00e4bi v\u00e4rvide ja kujundite.\" \/>\n<meta property=\"og:url\" content=\"https:\/\/sulin.ee\/en\/toode\/munamang-motoorika-arendamiseks-erinevad-kujundid\/\" \/>\n<meta property=\"og:site_name\" content=\"sulin.ee\" \/>\n<meta property=\"article:publisher\" content=\"https:\/\/www.facebook.com\/www.sulin.ee\/\" \/>\n<meta property=\"article:modified_time\" content=\"2025-06-15T08:46:40+00:00\" \/>\n<meta property=\"og:image\" content=\"https:\/\/sulin.ee\/wp-content\/uploads\/2025\/02\/Ukladanka-edukacyjna-sorter-dopasuj-ksztalty-i-kolory-jajka-6-sztuk-158500.jpg\" \/>\n\t<meta property=\"og:image:width\" content=\"1024\" \/>\n\t<meta property=\"og:image:height\" content=\"1024\" \/>\n\t<meta property=\"og:image:type\" content=\"image\/jpeg\" \/>\n<meta name=\"twitter:card\" content=\"summary_large_image\" \/>\n<meta name=\"twitter:label1\" content=\"Est. reading time\" \/>\n\t<meta name=\"twitter:data1\" content=\"2 minutes\" \/>\n<script type=\"application\/ld+json\" class=\"yoast-schema-graph\">{\"@context\":\"https:\/\/schema.org\",\"@graph\":[{\"@type\":\"WebPage\",\"@id\":\"https:\/\/sulin.ee\/en\/toode\/munamang-motoorika-arendamiseks-erinevad-kujundid\/\",\"url\":\"https:\/\/sulin.ee\/en\/toode\/munamang-motoorika-arendamiseks-erinevad-kujundid\/\",\"name\":\"Munam\u00e4ng motoorika arendamiseks (erinevad kujundid) - sulin.ee\",\"isPartOf\":{\"@id\":\"https:\/\/sulin.ee\/en\/#website\"},\"primaryImageOfPage\":{\"@id\":\"https:\/\/sulin.ee\/en\/toode\/munamang-motoorika-arendamiseks-erinevad-kujundid\/#primaryimage\"},\"image\":{\"@id\":\"https:\/\/sulin.ee\/en\/toode\/munamang-motoorika-arendamiseks-erinevad-kujundid\/#primaryimage\"},\"thumbnailUrl\":\"https:\/\/sulin.ee\/wp-content\/uploads\/2025\/02\/Ukladanka-edukacyjna-sorter-dopasuj-ksztalty-i-kolory-jajka-6-sztuk-158500.jpg\",\"datePublished\":\"2025-02-19T13:16:47+00:00\",\"dateModified\":\"2025-06-15T08:46:40+00:00\",\"description\":\"Munam\u00e4ng motoorika arendamiseks on suurep\u00e4rane m\u00e4nguasi, mis aitab lastel arendada k\u00e4elist osavust ja loogilist m\u00f5tlemist l\u00e4bi v\u00e4rvide ja kujundite.\",\"breadcrumb\":{\"@id\":\"https:\/\/sulin.ee\/en\/toode\/munamang-motoorika-arendamiseks-erinevad-kujundid\/#breadcrumb\"},\"inLanguage\":\"en-US\",\"potentialAction\":[{\"@type\":\"ReadAction\",\"target\":[\"https:\/\/sulin.ee\/en\/toode\/munamang-motoorika-arendamiseks-erinevad-kujundid\/\"]}]},{\"@type\":\"ImageObject\",\"inLanguage\":\"en-US\",\"@id\":\"https:\/\/sulin.ee\/en\/toode\/munamang-motoorika-arendamiseks-erinevad-kujundid\/#primaryimage\",\"url\":\"https:\/\/sulin.ee\/wp-content\/uploads\/2025\/02\/Ukladanka-edukacyjna-sorter-dopasuj-ksztalty-i-kolory-jajka-6-sztuk-158500.jpg\",\"contentUrl\":\"https:\/\/sulin.ee\/wp-content\/uploads\/2025\/02\/Ukladanka-edukacyjna-sorter-dopasuj-ksztalty-i-kolory-jajka-6-sztuk-158500.jpg\",\"width\":1024,\"height\":1024,\"caption\":\"Munam\u00e4ng motoorika arendamiseks\"},{\"@type\":\"BreadcrumbList\",\"@id\":\"https:\/\/sulin.ee\/en\/toode\/munamang-motoorika-arendamiseks-erinevad-kujundid\/#breadcrumb\",\"itemListElement\":[{\"@type\":\"ListItem\",\"position\":1,\"name\":\"Home\",\"item\":\"https:\/\/sulin.ee\/en\/\"},{\"@type\":\"ListItem\",\"position\":2,\"name\":\"Sulin.ee e-pood\",\"item\":\"https:\/\/sulin.ee\/shop\/\"},{\"@type\":\"ListItem\",\"position\":3,\"name\":\"Munam\u00e4ng motoorika arendamiseks (erinevad kujundid)\"}]},{\"@type\":\"WebSite\",\"@id\":\"https:\/\/sulin.ee\/en\/#website\",\"url\":\"https:\/\/sulin.ee\/en\/\",\"name\":\"sulin.ee\",\"description\":\"\",\"publisher\":{\"@id\":\"https:\/\/sulin.ee\/en\/#organization\"},\"potentialAction\":[{\"@type\":\"SearchAction\",\"target\":{\"@type\":\"EntryPoint\",\"urlTemplate\":\"https:\/\/sulin.ee\/en\/?s={search_term_string}\"},\"query-input\":{\"@type\":\"PropertyValueSpecification\",\"valueRequired\":true,\"valueName\":\"search_term_string\"}}],\"inLanguage\":\"en-US\"},{\"@type\":\"Organization\",\"@id\":\"https:\/\/sulin.ee\/en\/#organization\",\"name\":\"SULIN TRADE O\u00dc\",\"url\":\"https:\/\/sulin.ee\/en\/\",\"logo\":{\"@type\":\"ImageObject\",\"inLanguage\":\"en-US\",\"@id\":\"https:\/\/sulin.ee\/en\/#\/schema\/logo\/image\/\",\"url\":\"https:\/\/sulin.ee\/wp-content\/uploads\/2022\/11\/sulin-logo.png\",\"contentUrl\":\"https:\/\/sulin.ee\/wp-content\/uploads\/2022\/11\/sulin-logo.png\",\"width\":871,\"height\":321,\"caption\":\"SULIN TRADE O\u00dc\"},\"image\":{\"@id\":\"https:\/\/sulin.ee\/en\/#\/schema\/logo\/image\/\"},\"sameAs\":[\"https:\/\/www.facebook.com\/www.sulin.ee\/\",\"https:\/\/www.instagram.com\/sulintrade\/\"]}]}<\/script>\n<!-- \/ Yoast SEO plugin. -->","yoast_head_json":{"title":"Munam\u00e4ng motoorika arendamiseks (erinevad kujundid) - sulin.ee","description":"Munam\u00e4ng motoorika arendamiseks on suurep\u00e4rane m\u00e4nguasi, mis aitab lastel arendada k\u00e4elist osavust ja loogilist m\u00f5tlemist l\u00e4bi v\u00e4rvide ja kujundite.","robots":{"index":"index","follow":"follow","max-snippet":"max-snippet:-1","max-image-preview":"max-image-preview:large","max-video-preview":"max-video-preview:-1"},"canonical":"https:\/\/sulin.ee\/en\/toode\/munamang-motoorika-arendamiseks-erinevad-kujundid\/","og_locale":"en_US","og_type":"article","og_title":"Munam\u00e4ng motoorika arendamiseks (erinevad kujundid) - sulin.ee","og_description":"Munam\u00e4ng motoorika arendamiseks on suurep\u00e4rane m\u00e4nguasi, mis aitab lastel arendada k\u00e4elist osavust ja loogilist m\u00f5tlemist l\u00e4bi v\u00e4rvide ja kujundite.","og_url":"https:\/\/sulin.ee\/en\/toode\/munamang-motoorika-arendamiseks-erinevad-kujundid\/","og_site_name":"sulin.ee","article_publisher":"https:\/\/www.facebook.com\/www.sulin.ee\/","article_modified_time":"2025-06-15T08:46:40+00:00","og_image":[{"width":1024,"height":1024,"url":"https:\/\/sulin.ee\/wp-content\/uploads\/2025\/02\/Ukladanka-edukacyjna-sorter-dopasuj-ksztalty-i-kolory-jajka-6-sztuk-158500.jpg","type":"image\/jpeg"}],"twitter_card":"summary_large_image","twitter_misc":{"Est. reading time":"2 minutes"},"schema":{"@context":"https:\/\/schema.org","@graph":[{"@type":"WebPage","@id":"https:\/\/sulin.ee\/en\/toode\/munamang-motoorika-arendamiseks-erinevad-kujundid\/","url":"https:\/\/sulin.ee\/en\/toode\/munamang-motoorika-arendamiseks-erinevad-kujundid\/","name":"Munam\u00e4ng motoorika arendamiseks (erinevad kujundid) - sulin.ee","isPartOf":{"@id":"https:\/\/sulin.ee\/en\/#website"},"primaryImageOfPage":{"@id":"https:\/\/sulin.ee\/en\/toode\/munamang-motoorika-arendamiseks-erinevad-kujundid\/#primaryimage"},"image":{"@id":"https:\/\/sulin.ee\/en\/toode\/munamang-motoorika-arendamiseks-erinevad-kujundid\/#primaryimage"},"thumbnailUrl":"https:\/\/sulin.ee\/wp-content\/uploads\/2025\/02\/Ukladanka-edukacyjna-sorter-dopasuj-ksztalty-i-kolory-jajka-6-sztuk-158500.jpg","datePublished":"2025-02-19T13:16:47+00:00","dateModified":"2025-06-15T08:46:40+00:00","description":"Munam\u00e4ng motoorika arendamiseks on suurep\u00e4rane m\u00e4nguasi, mis aitab lastel arendada k\u00e4elist osavust ja loogilist m\u00f5tlemist l\u00e4bi v\u00e4rvide ja kujundite.","breadcrumb":{"@id":"https:\/\/sulin.ee\/en\/toode\/munamang-motoorika-arendamiseks-erinevad-kujundid\/#breadcrumb"},"inLanguage":"en-US","potentialAction":[{"@type":"ReadAction","target":["https:\/\/sulin.ee\/en\/toode\/munamang-motoorika-arendamiseks-erinevad-kujundid\/"]}]},{"@type":"ImageObject","inLanguage":"en-US","@id":"https:\/\/sulin.ee\/en\/toode\/munamang-motoorika-arendamiseks-erinevad-kujundid\/#primaryimage","url":"https:\/\/sulin.ee\/wp-content\/uploads\/2025\/02\/Ukladanka-edukacyjna-sorter-dopasuj-ksztalty-i-kolory-jajka-6-sztuk-158500.jpg","contentUrl":"https:\/\/sulin.ee\/wp-content\/uploads\/2025\/02\/Ukladanka-edukacyjna-sorter-dopasuj-ksztalty-i-kolory-jajka-6-sztuk-158500.jpg","width":1024,"height":1024,"caption":"Munam\u00e4ng motoorika arendamiseks"},{"@type":"BreadcrumbList","@id":"https:\/\/sulin.ee\/en\/toode\/munamang-motoorika-arendamiseks-erinevad-kujundid\/#breadcrumb","itemListElement":[{"@type":"ListItem","position":1,"name":"Home","item":"https:\/\/sulin.ee\/en\/"},{"@type":"ListItem","position":2,"name":"Sulin.ee e-pood","item":"https:\/\/sulin.ee\/shop\/"},{"@type":"ListItem","position":3,"name":"Munam\u00e4ng motoorika arendamiseks (erinevad kujundid)"}]},{"@type":"WebSite","@id":"https:\/\/sulin.ee\/en\/#website","url":"https:\/\/sulin.ee\/en\/","name":"sulin.ee","description":"","publisher":{"@id":"https:\/\/sulin.ee\/en\/#organization"},"potentialAction":[{"@type":"SearchAction","target":{"@type":"EntryPoint","urlTemplate":"https:\/\/sulin.ee\/en\/?s={search_term_string}"},"query-input":{"@type":"PropertyValueSpecification","valueRequired":true,"valueName":"search_term_string"}}],"inLanguage":"en-US"},{"@type":"Organization","@id":"https:\/\/sulin.ee\/en\/#organization","name":"SULIN TRADE O\u00dc","url":"https:\/\/sulin.ee\/en\/","logo":{"@type":"ImageObject","inLanguage":"en-US","@id":"https:\/\/sulin.ee\/en\/#\/schema\/logo\/image\/","url":"https:\/\/sulin.ee\/wp-content\/uploads\/2022\/11\/sulin-logo.png","contentUrl":"https:\/\/sulin.ee\/wp-content\/uploads\/2022\/11\/sulin-logo.png","width":871,"height":321,"caption":"SULIN TRADE O\u00dc"},"image":{"@id":"https:\/\/sulin.ee\/en\/#\/schema\/logo\/image\/"},"sameAs":["https:\/\/www.facebook.com\/www.sulin.ee\/","https:\/\/www.instagram.com\/sulintrade\/"]}]}},"builder_content":"","_links":{"self":[{"href":"https:\/\/sulin.ee\/en\/wp-json\/wp\/v2\/product\/40103","targetHints":{"allow":["GET"]}}],"collection":[{"href":"https:\/\/sulin.ee\/en\/wp-json\/wp\/v2\/product"}],"about":[{"href":"https:\/\/sulin.ee\/en\/wp-json\/wp\/v2\/types\/product"}],"replies":[{"embeddable":true,"href":"https:\/\/sulin.ee\/en\/wp-json\/wp\/v2\/comments?post=40103"}],"wp:featuredmedia":[{"embeddable":true,"href":"https:\/\/sulin.ee\/en\/wp-json\/wp\/v2\/media\/40116"}],"wp:attachment":[{"href":"https:\/\/sulin.ee\/en\/wp-json\/wp\/v2\/media?parent=40103"}],"wp:term":[{"taxonomy":"product_brand","embeddable":true,"href":"https:\/\/sulin.ee\/en\/wp-json\/wp\/v2\/product_brand?post=40103"},{"taxonomy":"product_cat","embeddable":true,"href":"https:\/\/sulin.ee\/en\/wp-json\/wp\/v2\/product_cat?post=40103"},{"taxonomy":"product_tag","embeddable":true,"href":"https:\/\/sulin.ee\/en\/wp-json\/wp\/v2\/product_tag?post=40103"}],"curies":[{"name":"wp","href":"https:\/\/api.w.org\/{rel}","templated":true}]}}