{"id":40018,"date":"2025-02-19T13:16:17","date_gmt":"2025-02-19T13:16:17","guid":{"rendered":"https:\/\/sulin.ee\/toode\/taispuhutav-liivakast-kineetilise-liiva-jaoks\/"},"modified":"2025-02-24T21:34:25","modified_gmt":"2025-02-24T21:34:25","slug":"taispuhutav-liivakast-kineetilise-liiva-jaoks","status":"publish","type":"product","link":"https:\/\/sulin.ee\/en\/toode\/taispuhutav-liivakast-kineetilise-liiva-jaoks\/","title":{"rendered":"T\u00e4ispuhutav liivakast kineetilise liiva jaoks"},"content":{"rendered":"<div class=\"flex max-w-full flex-col flex-grow\">\n<div class=\"min-h-8 text-message flex w-full flex-col items-end gap-2 whitespace-normal break-words text-start [.text-message+&amp;]:mt-5\" dir=\"auto\" data-message-author-role=\"assistant\" data-message-id=\"2e8ec524-c0a0-4d19-8fc2-b2b836464f05\" data-message-model-slug=\"gpt-4\">\n<div class=\"flex w-full flex-col gap-1 empty:hidden first:pt-[3px]\">\n<div class=\"markdown prose w-full break-words dark:prose-invert light\">\n<h3 data-start=\"0\" data-end=\"66\"><span style=\"font-size: 18.72px;\">T<\/span><span style=\"font-size: 16px;\">\u00e4ispuhutav liivakast on ideaalne lahendus lastele, kes armastavad m\u00e4ngida kineetilise liiva, plastiliini ja soolataignaga. Te ei pea enam muretsema segaduse p\u00e4rast \u2013 k\u00f5ik p\u00fcsib liivakastis. T\u00e4ispuhutav disain v\u00f5imaldab liivakasti p\u00e4rast m\u00e4ngu h\u00f5lpsalt t\u00fchjendada ja kokku panna, nii et see ei v\u00f5ta hoiustades palju ruumi.<\/span><\/h3>\n<p data-start=\"407\" data-end=\"615\">Liivakasti veekindel materjal on vastupidav PVC plastik, mis tagab pikaajalise kasutuse rannas v\u00f5i kodus. Klassikaline ventiil teeb t\u00e4ispuhumise ja t\u00fchjendamise lihtsaks, just nagu tavalistel veem\u00e4nguasjadel.<\/p>\n<p data-start=\"617\" data-end=\"733\">Toode on saadaval mitmes v\u00e4rvitoonis, kuid liivakasti v\u00e4rv saadetakse juhuslikult, lisades ostule p\u00f5nevuse elementi.<\/p>\n<h4 data-start=\"735\" data-end=\"748\">M\u00f5\u00f5tmed:<\/h4>\n<ul data-start=\"749\" data-end=\"779\">\n<li data-start=\"14\" data-end=\"35\">\u2714\ufe0f <strong data-start=\"19\" data-end=\"29\">Laius:<\/strong> 56 cm<\/li>\n<li data-start=\"36\" data-end=\"58\" data-is-last-node=\"\">\u2714\ufe0f <strong data-start=\"41\" data-end=\"52\">Pikkus:<\/strong> 40 cm<\/li>\n<\/ul>\n<p data-start=\"781\" data-end=\"881\" data-is-last-node=\"\" data-is-only-node=\"\">Valige see t\u00e4ispuhutav liivakast, et pakkuda oma lapsele l\u00f5busat ja puhta m\u00e4ngu kogemust igas kohas!<\/p>\n<p data-start=\"781\" data-end=\"881\" data-is-last-node=\"\" data-is-only-node=\"\">Tutvuge ka meie teiste <a href=\"https:\/\/sulin.ee\/tootekategooria\/mangimine\/voolimismassid\/\">voolimismasside ja kineetilise liiva valikuga<\/a>, et leida veelgi rohkem v\u00f5imalusi loovaks m\u00e4nguks ja arenguks.<\/p>\n<\/div>\n<\/div>\n<\/div>\n<\/div>\n","protected":false},"excerpt":{"rendered":"<p><strong>Avasta t\u00e4ispuhutav liivakast, mis on loodud loovateks ja puhtateks m\u00e4ngudeks kodus v\u00f5i rannas. Ideaalne valik kineetilise liiva ja muude modelleerimismaterjalidega m\u00e4ngimiseks, pakkudes mugavust ja mitmek\u00fclgsust igale lapsele.<\/strong><\/p>\n<p>Veekindel, korduvkasutatav toode.<\/p>\n<p><strong>M\u00f5\u00f5tmed:<\/strong> 56 x 40cm.<\/p>\n","protected":false},"featured_media":40016,"comment_status":"open","ping_status":"closed","template":"","meta":[],"product_brand":[],"product_cat":[110,926,23],"product_tag":[],"class_list":{"0":"post-40018","1":"product","2":"type-product","3":"status-publish","4":"has-post-thumbnail","6":"product_cat-mangimine","7":"product_cat-voolimismassid","8":"product_cat-soodus","9":"has-post-title","10":"has-post-date","11":"has-post-category","12":"has-post-tag","13":"has-post-comment","14":"has-post-author","15":"","17":"first","18":"instock","19":"sale","20":"taxable","21":"shipping-taxable","22":"purchasable","23":"product-type-simple"},"yoast_head":"<!-- This site is optimized with the Yoast SEO plugin v26.8 - https:\/\/yoast.com\/product\/yoast-seo-wordpress\/ -->\n<title>T\u00e4ispuhutav liivakast kineetilise liiva jaoks - sulin.ee<\/title>\n<meta name=\"description\" content=\"T\u00e4ispuhutav liivakast on loodud loovateks ja puhtateks m\u00e4ngudeks kodus v\u00f5i rannas. Ideaalne valik kineetilise liiva ja muude voolimismassidega m\u00e4ngimiseks.\" \/>\n<meta name=\"robots\" content=\"index, follow, max-snippet:-1, max-image-preview:large, max-video-preview:-1\" \/>\n<link rel=\"canonical\" href=\"https:\/\/sulin.ee\/en\/toode\/taispuhutav-liivakast-kineetilise-liiva-jaoks\/\" \/>\n<meta property=\"og:locale\" content=\"en_US\" \/>\n<meta property=\"og:type\" content=\"article\" \/>\n<meta property=\"og:title\" content=\"T\u00e4ispuhutav liivakast kineetilise liiva jaoks - sulin.ee\" \/>\n<meta property=\"og:description\" content=\"T\u00e4ispuhutav liivakast on loodud loovateks ja puhtateks m\u00e4ngudeks kodus v\u00f5i rannas. Ideaalne valik kineetilise liiva ja muude voolimismassidega m\u00e4ngimiseks.\" \/>\n<meta property=\"og:url\" content=\"https:\/\/sulin.ee\/en\/toode\/taispuhutav-liivakast-kineetilise-liiva-jaoks\/\" \/>\n<meta property=\"og:site_name\" content=\"sulin.ee\" \/>\n<meta property=\"article:publisher\" content=\"https:\/\/www.facebook.com\/www.sulin.ee\/\" \/>\n<meta property=\"article:modified_time\" content=\"2025-02-24T21:34:25+00:00\" \/>\n<meta property=\"og:image\" content=\"https:\/\/sulin.ee\/wp-content\/uploads\/2025\/02\/Pompowana-piaskownica-do-piasku-kinetycznego-561262.jpg\" \/>\n\t<meta property=\"og:image:width\" content=\"750\" \/>\n\t<meta property=\"og:image:height\" content=\"689\" \/>\n\t<meta property=\"og:image:type\" content=\"image\/jpeg\" \/>\n<meta name=\"twitter:card\" content=\"summary_large_image\" \/>\n<meta name=\"twitter:label1\" content=\"Est. reading time\" \/>\n\t<meta name=\"twitter:data1\" content=\"1 minute\" \/>\n<script type=\"application\/ld+json\" class=\"yoast-schema-graph\">{\"@context\":\"https:\/\/schema.org\",\"@graph\":[{\"@type\":\"WebPage\",\"@id\":\"https:\/\/sulin.ee\/en\/toode\/taispuhutav-liivakast-kineetilise-liiva-jaoks\/\",\"url\":\"https:\/\/sulin.ee\/en\/toode\/taispuhutav-liivakast-kineetilise-liiva-jaoks\/\",\"name\":\"T\u00e4ispuhutav liivakast kineetilise liiva jaoks - sulin.ee\",\"isPartOf\":{\"@id\":\"https:\/\/sulin.ee\/en\/#website\"},\"primaryImageOfPage\":{\"@id\":\"https:\/\/sulin.ee\/en\/toode\/taispuhutav-liivakast-kineetilise-liiva-jaoks\/#primaryimage\"},\"image\":{\"@id\":\"https:\/\/sulin.ee\/en\/toode\/taispuhutav-liivakast-kineetilise-liiva-jaoks\/#primaryimage\"},\"thumbnailUrl\":\"https:\/\/sulin.ee\/wp-content\/uploads\/2025\/02\/Pompowana-piaskownica-do-piasku-kinetycznego-561262.jpg\",\"datePublished\":\"2025-02-19T13:16:17+00:00\",\"dateModified\":\"2025-02-24T21:34:25+00:00\",\"description\":\"T\u00e4ispuhutav liivakast on loodud loovateks ja puhtateks m\u00e4ngudeks kodus v\u00f5i rannas. Ideaalne valik kineetilise liiva ja muude voolimismassidega m\u00e4ngimiseks.\",\"breadcrumb\":{\"@id\":\"https:\/\/sulin.ee\/en\/toode\/taispuhutav-liivakast-kineetilise-liiva-jaoks\/#breadcrumb\"},\"inLanguage\":\"en-US\",\"potentialAction\":[{\"@type\":\"ReadAction\",\"target\":[\"https:\/\/sulin.ee\/en\/toode\/taispuhutav-liivakast-kineetilise-liiva-jaoks\/\"]}]},{\"@type\":\"ImageObject\",\"inLanguage\":\"en-US\",\"@id\":\"https:\/\/sulin.ee\/en\/toode\/taispuhutav-liivakast-kineetilise-liiva-jaoks\/#primaryimage\",\"url\":\"https:\/\/sulin.ee\/wp-content\/uploads\/2025\/02\/Pompowana-piaskownica-do-piasku-kinetycznego-561262.jpg\",\"contentUrl\":\"https:\/\/sulin.ee\/wp-content\/uploads\/2025\/02\/Pompowana-piaskownica-do-piasku-kinetycznego-561262.jpg\",\"width\":750,\"height\":689,\"caption\":\"T\u00e4ispuhutav liivakast\"},{\"@type\":\"BreadcrumbList\",\"@id\":\"https:\/\/sulin.ee\/en\/toode\/taispuhutav-liivakast-kineetilise-liiva-jaoks\/#breadcrumb\",\"itemListElement\":[{\"@type\":\"ListItem\",\"position\":1,\"name\":\"Home\",\"item\":\"https:\/\/sulin.ee\/en\/\"},{\"@type\":\"ListItem\",\"position\":2,\"name\":\"Sulin.ee e-pood\",\"item\":\"https:\/\/sulin.ee\/shop\/\"},{\"@type\":\"ListItem\",\"position\":3,\"name\":\"T\u00e4ispuhutav liivakast kineetilise liiva jaoks\"}]},{\"@type\":\"WebSite\",\"@id\":\"https:\/\/sulin.ee\/en\/#website\",\"url\":\"https:\/\/sulin.ee\/en\/\",\"name\":\"sulin.ee\",\"description\":\"\",\"publisher\":{\"@id\":\"https:\/\/sulin.ee\/en\/#organization\"},\"potentialAction\":[{\"@type\":\"SearchAction\",\"target\":{\"@type\":\"EntryPoint\",\"urlTemplate\":\"https:\/\/sulin.ee\/en\/?s={search_term_string}\"},\"query-input\":{\"@type\":\"PropertyValueSpecification\",\"valueRequired\":true,\"valueName\":\"search_term_string\"}}],\"inLanguage\":\"en-US\"},{\"@type\":\"Organization\",\"@id\":\"https:\/\/sulin.ee\/en\/#organization\",\"name\":\"SULIN TRADE O\u00dc\",\"url\":\"https:\/\/sulin.ee\/en\/\",\"logo\":{\"@type\":\"ImageObject\",\"inLanguage\":\"en-US\",\"@id\":\"https:\/\/sulin.ee\/en\/#\/schema\/logo\/image\/\",\"url\":\"https:\/\/sulin.ee\/wp-content\/uploads\/2022\/11\/sulin-logo.png\",\"contentUrl\":\"https:\/\/sulin.ee\/wp-content\/uploads\/2022\/11\/sulin-logo.png\",\"width\":871,\"height\":321,\"caption\":\"SULIN TRADE O\u00dc\"},\"image\":{\"@id\":\"https:\/\/sulin.ee\/en\/#\/schema\/logo\/image\/\"},\"sameAs\":[\"https:\/\/www.facebook.com\/www.sulin.ee\/\",\"https:\/\/www.instagram.com\/sulintrade\/\"]}]}<\/script>\n<!-- \/ Yoast SEO plugin. -->","yoast_head_json":{"title":"T\u00e4ispuhutav liivakast kineetilise liiva jaoks - sulin.ee","description":"T\u00e4ispuhutav liivakast on loodud loovateks ja puhtateks m\u00e4ngudeks kodus v\u00f5i rannas. Ideaalne valik kineetilise liiva ja muude voolimismassidega m\u00e4ngimiseks.","robots":{"index":"index","follow":"follow","max-snippet":"max-snippet:-1","max-image-preview":"max-image-preview:large","max-video-preview":"max-video-preview:-1"},"canonical":"https:\/\/sulin.ee\/en\/toode\/taispuhutav-liivakast-kineetilise-liiva-jaoks\/","og_locale":"en_US","og_type":"article","og_title":"T\u00e4ispuhutav liivakast kineetilise liiva jaoks - sulin.ee","og_description":"T\u00e4ispuhutav liivakast on loodud loovateks ja puhtateks m\u00e4ngudeks kodus v\u00f5i rannas. Ideaalne valik kineetilise liiva ja muude voolimismassidega m\u00e4ngimiseks.","og_url":"https:\/\/sulin.ee\/en\/toode\/taispuhutav-liivakast-kineetilise-liiva-jaoks\/","og_site_name":"sulin.ee","article_publisher":"https:\/\/www.facebook.com\/www.sulin.ee\/","article_modified_time":"2025-02-24T21:34:25+00:00","og_image":[{"width":750,"height":689,"url":"https:\/\/sulin.ee\/wp-content\/uploads\/2025\/02\/Pompowana-piaskownica-do-piasku-kinetycznego-561262.jpg","type":"image\/jpeg"}],"twitter_card":"summary_large_image","twitter_misc":{"Est. reading time":"1 minute"},"schema":{"@context":"https:\/\/schema.org","@graph":[{"@type":"WebPage","@id":"https:\/\/sulin.ee\/en\/toode\/taispuhutav-liivakast-kineetilise-liiva-jaoks\/","url":"https:\/\/sulin.ee\/en\/toode\/taispuhutav-liivakast-kineetilise-liiva-jaoks\/","name":"T\u00e4ispuhutav liivakast kineetilise liiva jaoks - sulin.ee","isPartOf":{"@id":"https:\/\/sulin.ee\/en\/#website"},"primaryImageOfPage":{"@id":"https:\/\/sulin.ee\/en\/toode\/taispuhutav-liivakast-kineetilise-liiva-jaoks\/#primaryimage"},"image":{"@id":"https:\/\/sulin.ee\/en\/toode\/taispuhutav-liivakast-kineetilise-liiva-jaoks\/#primaryimage"},"thumbnailUrl":"https:\/\/sulin.ee\/wp-content\/uploads\/2025\/02\/Pompowana-piaskownica-do-piasku-kinetycznego-561262.jpg","datePublished":"2025-02-19T13:16:17+00:00","dateModified":"2025-02-24T21:34:25+00:00","description":"T\u00e4ispuhutav liivakast on loodud loovateks ja puhtateks m\u00e4ngudeks kodus v\u00f5i rannas. Ideaalne valik kineetilise liiva ja muude voolimismassidega m\u00e4ngimiseks.","breadcrumb":{"@id":"https:\/\/sulin.ee\/en\/toode\/taispuhutav-liivakast-kineetilise-liiva-jaoks\/#breadcrumb"},"inLanguage":"en-US","potentialAction":[{"@type":"ReadAction","target":["https:\/\/sulin.ee\/en\/toode\/taispuhutav-liivakast-kineetilise-liiva-jaoks\/"]}]},{"@type":"ImageObject","inLanguage":"en-US","@id":"https:\/\/sulin.ee\/en\/toode\/taispuhutav-liivakast-kineetilise-liiva-jaoks\/#primaryimage","url":"https:\/\/sulin.ee\/wp-content\/uploads\/2025\/02\/Pompowana-piaskownica-do-piasku-kinetycznego-561262.jpg","contentUrl":"https:\/\/sulin.ee\/wp-content\/uploads\/2025\/02\/Pompowana-piaskownica-do-piasku-kinetycznego-561262.jpg","width":750,"height":689,"caption":"T\u00e4ispuhutav liivakast"},{"@type":"BreadcrumbList","@id":"https:\/\/sulin.ee\/en\/toode\/taispuhutav-liivakast-kineetilise-liiva-jaoks\/#breadcrumb","itemListElement":[{"@type":"ListItem","position":1,"name":"Home","item":"https:\/\/sulin.ee\/en\/"},{"@type":"ListItem","position":2,"name":"Sulin.ee e-pood","item":"https:\/\/sulin.ee\/shop\/"},{"@type":"ListItem","position":3,"name":"T\u00e4ispuhutav liivakast kineetilise liiva jaoks"}]},{"@type":"WebSite","@id":"https:\/\/sulin.ee\/en\/#website","url":"https:\/\/sulin.ee\/en\/","name":"sulin.ee","description":"","publisher":{"@id":"https:\/\/sulin.ee\/en\/#organization"},"potentialAction":[{"@type":"SearchAction","target":{"@type":"EntryPoint","urlTemplate":"https:\/\/sulin.ee\/en\/?s={search_term_string}"},"query-input":{"@type":"PropertyValueSpecification","valueRequired":true,"valueName":"search_term_string"}}],"inLanguage":"en-US"},{"@type":"Organization","@id":"https:\/\/sulin.ee\/en\/#organization","name":"SULIN TRADE O\u00dc","url":"https:\/\/sulin.ee\/en\/","logo":{"@type":"ImageObject","inLanguage":"en-US","@id":"https:\/\/sulin.ee\/en\/#\/schema\/logo\/image\/","url":"https:\/\/sulin.ee\/wp-content\/uploads\/2022\/11\/sulin-logo.png","contentUrl":"https:\/\/sulin.ee\/wp-content\/uploads\/2022\/11\/sulin-logo.png","width":871,"height":321,"caption":"SULIN TRADE O\u00dc"},"image":{"@id":"https:\/\/sulin.ee\/en\/#\/schema\/logo\/image\/"},"sameAs":["https:\/\/www.facebook.com\/www.sulin.ee\/","https:\/\/www.instagram.com\/sulintrade\/"]}]}},"builder_content":"","_links":{"self":[{"href":"https:\/\/sulin.ee\/en\/wp-json\/wp\/v2\/product\/40018","targetHints":{"allow":["GET"]}}],"collection":[{"href":"https:\/\/sulin.ee\/en\/wp-json\/wp\/v2\/product"}],"about":[{"href":"https:\/\/sulin.ee\/en\/wp-json\/wp\/v2\/types\/product"}],"replies":[{"embeddable":true,"href":"https:\/\/sulin.ee\/en\/wp-json\/wp\/v2\/comments?post=40018"}],"wp:featuredmedia":[{"embeddable":true,"href":"https:\/\/sulin.ee\/en\/wp-json\/wp\/v2\/media\/40016"}],"wp:attachment":[{"href":"https:\/\/sulin.ee\/en\/wp-json\/wp\/v2\/media?parent=40018"}],"wp:term":[{"taxonomy":"product_brand","embeddable":true,"href":"https:\/\/sulin.ee\/en\/wp-json\/wp\/v2\/product_brand?post=40018"},{"taxonomy":"product_cat","embeddable":true,"href":"https:\/\/sulin.ee\/en\/wp-json\/wp\/v2\/product_cat?post=40018"},{"taxonomy":"product_tag","embeddable":true,"href":"https:\/\/sulin.ee\/en\/wp-json\/wp\/v2\/product_tag?post=40018"}],"curies":[{"name":"wp","href":"https:\/\/api.w.org\/{rel}","templated":true}]}}