{"id":39999,"date":"2025-02-19T13:16:11","date_gmt":"2025-02-19T13:16:11","guid":{"rendered":"https:\/\/sulin.ee\/toode\/hariduslik-mini-klaverimatt-72x29cm\/"},"modified":"2025-07-13T19:49:28","modified_gmt":"2025-07-13T19:49:28","slug":"interaktiivne-ja-opetlik-muusikamatt","status":"publish","type":"product","link":"https:\/\/sulin.ee\/en\/toode\/interaktiivne-ja-opetlik-muusikamatt\/","title":{"rendered":"Interaktiivne ja \u00f5petlik muusikamatt"},"content":{"rendered":"<article class=\"w-full text-token-text-primary focus-visible:outline-2 focus-visible:outline-offset-[-4px]\" dir=\"auto\" data-testid=\"conversation-turn-73\" data-scroll-anchor=\"false\">\n<div class=\"m-auto text-base py-[18px] px-6\">\n<div class=\"mx-auto flex flex-1 text-base gap-4 md:gap-5 lg:gap-6 md:max-w-3xl lg:max-w-[40rem] xl:max-w-[48rem]\">\n<div class=\"group\/conversation-turn relative flex w-full min-w-0 flex-col agent-turn @xs\/thread:px-0 @sm\/thread:px-1.5 @md\/thread:px-4\">\n<div class=\"flex-col gap-1 md:gap-3\">\n<div class=\"flex max-w-full flex-col flex-grow\">\n<div class=\"min-h-8 text-message relative flex w-full flex-col items-end gap-2 whitespace-normal break-words text-start [.text-message+&amp;]:mt-5\" dir=\"auto\" data-message-author-role=\"assistant\" data-message-id=\"e4dd13ce-ffb8-4768-9a21-3c4a9619242c\" data-message-model-slug=\"gpt-4\">\n<div class=\"flex w-full flex-col gap-1 empty:hidden first:pt-[3px]\">\n<div class=\"markdown prose w-full break-words dark:prose-invert light\">\n<p data-start=\"85\" data-end=\"525\"><strong>Interaktiivne ja \u00f5petlik muusikamatt on l\u00f5bus ja hariv m\u00e4nguasi, mis on loodud selleks, et innustada lapsi avastama muusika maailma interaktiivsel ja kaasahaaraval viisil. <\/strong><\/p>\n<p data-start=\"85\" data-end=\"525\">See v\u00e4rvikirev klaverikujuline m\u00e4ngumatt on valmistatud vastupidavast pol\u00fcestrist ning on m\u00f5eldud aktiivseks m\u00e4nguks nii k\u00e4te kui jalgadega. Matt aitab <strong>arendada lapse n\u00e4gemis-, kuulmis- ja puutetundlikkuse oskusi<\/strong>, pakkudes samal ajal l\u00f5putuid tunde muusikalist l\u00f5bu.<\/p>\n<p data-start=\"527\" data-end=\"918\">Helitugevuse reguleerimise v\u00f5imalus v\u00f5imaldab kohandada heli vastavalt m\u00e4ngukeskkonnale, olgu see siis kodune elutuba v\u00f5i s\u00fcnnip\u00e4evapidu. Matt t\u00f6\u00f6tab kolme 1,5 V AA patareiga tagades seel\u00e4bi lihtsa paigalduse ja hoolduse. See m\u00e4nguasi on sobilik lastele <strong>alates 3. eluaastast<\/strong>, pakkudes neile v\u00f5imalust muusikalisi oskusi m\u00e4nguliselt ja loovalt arendada.<\/p>\n<h4 data-start=\"920\" data-end=\"954\">Tehnilised andmed ja m\u00f5\u00f5tmed:<\/h4>\n<ul data-start=\"955\" data-end=\"1132\">\n<li data-start=\"955\" data-end=\"983\">\u2714\ufe0f <strong data-start=\"960\" data-end=\"973\">Materjal:<\/strong> Pol\u00fcester<\/li>\n<li data-start=\"984\" data-end=\"1044\">\u2714\ufe0f <strong data-start=\"989\" data-end=\"1006\">Toiteallikas:<\/strong> 3 x 1,5 V AA patareid (ei ole kaasas)<\/li>\n<li data-start=\"1045\" data-end=\"1091\">\u2714\ufe0f <strong data-start=\"1050\" data-end=\"1070\">Pakendi m\u00f5\u00f5tmed:<\/strong> 35 cm x 28 cm x 4 cm<\/li>\n<li data-start=\"1092\" data-end=\"1132\">\u2714\ufe0f <strong data-start=\"1097\" data-end=\"1128\">Helitugevuse reguleerimine:<\/strong> Jah<\/li>\n<\/ul>\n<p data-start=\"1134\" data-end=\"1469\" data-is-last-node=\"\" data-is-only-node=\"\">Interaktiivne ja \u00f5petlik muusikamatt on suurep\u00e4rane kingiidee, mis pakub hariduslikku meelelahutust ja edendab lapse loomingulist v\u00e4ljendusoskust. T\u00e4nu oma mitmek\u00fclgsusele ja hariduslikule v\u00e4\u00e4rtusele on see matt ideaalne lisand iga lapse m\u00e4nguvarusse, avardades nende maailmavaadet ja andes neile v\u00f5imaluse loovalt m\u00e4ngida ja \u00f5ppida.<\/p>\n<p data-start=\"1134\" data-end=\"1469\" data-is-last-node=\"\" data-is-only-node=\"\">Lisaks soovitame tutvuda ka meie laia valikuga teistest muusika ja heli arendavate vahenditega, et leida veel rohkem inspireerivaid ja l\u00f5busaid v\u00f5imalusi oma lapse muusikaliste oskuste arendamiseks. <a href=\"https:\/\/sulin.ee\/tootekategooria\/mangimine\/muusika-ja-helid\/\">Leiad siit.<\/a><\/p>\n<\/div>\n<\/div>\n<\/div>\n<\/div>\n<\/div>\n<\/div>\n<\/div>\n<\/div>\n<\/article>\n","protected":false},"excerpt":{"rendered":"<p><strong>Interaktiivne ja \u00f5petlik muusikamatt on d\u00fcnaamiline ja v\u00e4rvikas m\u00e4nguasi, mis pakub lastele v\u00f5imalust avastada muusika maailma l\u00e4bi aktiivse m\u00e4ngu. Valmistatud vastupidavast pol\u00fcestrist, v\u00f5imaldab see matt m\u00e4ngida nii k\u00e4te kui ka jalgadega, arendades lapse n\u00e4gemis-, kuulmis- ja puutetundlikkuse oskusi. Varustatud helitugevuse reguleerimisega, sobib matt igasse m\u00e4ngukeskkonda ja on ideaalne lastele alates 3. eluaastast, kes soovivad oma muusikalisi oskusi l\u00f5busalt ja loovalt arendada.<\/strong><\/p>\n","protected":false},"featured_media":40010,"comment_status":"open","ping_status":"closed","template":"","meta":[],"product_brand":[],"product_cat":[110,1162,1165,946,23],"product_tag":[],"class_list":{"0":"post-39999","1":"product","2":"type-product","3":"status-publish","4":"has-post-thumbnail","6":"product_cat-mangimine","7":"product_cat-kingituseks","8":"product_cat-3-5-aastat","9":"product_cat-muusika-ja-helid","10":"product_cat-soodus","11":"has-post-title","12":"has-post-date","13":"has-post-category","14":"has-post-tag","15":"has-post-comment","16":"has-post-author","17":"","19":"first","20":"instock","21":"sale","22":"taxable","23":"shipping-taxable","24":"purchasable","25":"product-type-simple"},"yoast_head":"<!-- This site is optimized with the Yoast SEO plugin v26.8 - https:\/\/yoast.com\/product\/yoast-seo-wordpress\/ -->\n<title>Interaktiivne ja \u00f5petlik muusikamatt - sulin.ee<\/title>\n<meta name=\"description\" content=\"Interaktiivne ja \u00f5petlik muusikamatt, mis on loodud laste muusikaliste oskuste arendamiseks interaktiivsel ja l\u00f5busal viisil.\" \/>\n<meta name=\"robots\" content=\"index, follow, max-snippet:-1, max-image-preview:large, max-video-preview:-1\" \/>\n<link rel=\"canonical\" href=\"https:\/\/sulin.ee\/en\/toode\/interaktiivne-ja-opetlik-muusikamatt\/\" \/>\n<meta property=\"og:locale\" content=\"en_US\" \/>\n<meta property=\"og:type\" content=\"article\" \/>\n<meta property=\"og:title\" content=\"Interaktiivne ja \u00f5petlik muusikamatt - sulin.ee\" \/>\n<meta property=\"og:description\" content=\"Interaktiivne ja \u00f5petlik muusikamatt, mis on loodud laste muusikaliste oskuste arendamiseks interaktiivsel ja l\u00f5busal viisil.\" \/>\n<meta property=\"og:url\" content=\"https:\/\/sulin.ee\/en\/toode\/interaktiivne-ja-opetlik-muusikamatt\/\" \/>\n<meta property=\"og:site_name\" content=\"sulin.ee\" \/>\n<meta property=\"article:publisher\" content=\"https:\/\/www.facebook.com\/www.sulin.ee\/\" \/>\n<meta property=\"article:modified_time\" content=\"2025-07-13T19:49:28+00:00\" \/>\n<meta property=\"og:image\" content=\"https:\/\/sulin.ee\/wp-content\/uploads\/2025\/02\/Mata-Edukacyjna-mini-pianinko-72x29cm-148139.jpg\" \/>\n\t<meta property=\"og:image:width\" content=\"1024\" \/>\n\t<meta property=\"og:image:height\" content=\"1024\" \/>\n\t<meta property=\"og:image:type\" content=\"image\/jpeg\" \/>\n<meta name=\"twitter:card\" content=\"summary_large_image\" \/>\n<meta name=\"twitter:label1\" content=\"Est. reading time\" \/>\n\t<meta name=\"twitter:data1\" content=\"2 minutes\" \/>\n<script type=\"application\/ld+json\" class=\"yoast-schema-graph\">{\"@context\":\"https:\/\/schema.org\",\"@graph\":[{\"@type\":\"WebPage\",\"@id\":\"https:\/\/sulin.ee\/en\/toode\/interaktiivne-ja-opetlik-muusikamatt\/\",\"url\":\"https:\/\/sulin.ee\/en\/toode\/interaktiivne-ja-opetlik-muusikamatt\/\",\"name\":\"Interaktiivne ja \u00f5petlik muusikamatt - sulin.ee\",\"isPartOf\":{\"@id\":\"https:\/\/sulin.ee\/en\/#website\"},\"primaryImageOfPage\":{\"@id\":\"https:\/\/sulin.ee\/en\/toode\/interaktiivne-ja-opetlik-muusikamatt\/#primaryimage\"},\"image\":{\"@id\":\"https:\/\/sulin.ee\/en\/toode\/interaktiivne-ja-opetlik-muusikamatt\/#primaryimage\"},\"thumbnailUrl\":\"https:\/\/sulin.ee\/wp-content\/uploads\/2025\/02\/Mata-Edukacyjna-mini-pianinko-72x29cm-148139.jpg\",\"datePublished\":\"2025-02-19T13:16:11+00:00\",\"dateModified\":\"2025-07-13T19:49:28+00:00\",\"description\":\"Interaktiivne ja \u00f5petlik muusikamatt, mis on loodud laste muusikaliste oskuste arendamiseks interaktiivsel ja l\u00f5busal viisil.\",\"breadcrumb\":{\"@id\":\"https:\/\/sulin.ee\/en\/toode\/interaktiivne-ja-opetlik-muusikamatt\/#breadcrumb\"},\"inLanguage\":\"en-US\",\"potentialAction\":[{\"@type\":\"ReadAction\",\"target\":[\"https:\/\/sulin.ee\/en\/toode\/interaktiivne-ja-opetlik-muusikamatt\/\"]}]},{\"@type\":\"ImageObject\",\"inLanguage\":\"en-US\",\"@id\":\"https:\/\/sulin.ee\/en\/toode\/interaktiivne-ja-opetlik-muusikamatt\/#primaryimage\",\"url\":\"https:\/\/sulin.ee\/wp-content\/uploads\/2025\/02\/Mata-Edukacyjna-mini-pianinko-72x29cm-148139.jpg\",\"contentUrl\":\"https:\/\/sulin.ee\/wp-content\/uploads\/2025\/02\/Mata-Edukacyjna-mini-pianinko-72x29cm-148139.jpg\",\"width\":1024,\"height\":1024,\"caption\":\"Interaktiivne ja \u00f5petlik muusikamatt\"},{\"@type\":\"BreadcrumbList\",\"@id\":\"https:\/\/sulin.ee\/en\/toode\/interaktiivne-ja-opetlik-muusikamatt\/#breadcrumb\",\"itemListElement\":[{\"@type\":\"ListItem\",\"position\":1,\"name\":\"Home\",\"item\":\"https:\/\/sulin.ee\/en\/\"},{\"@type\":\"ListItem\",\"position\":2,\"name\":\"Sulin.ee e-pood\",\"item\":\"https:\/\/sulin.ee\/shop\/\"},{\"@type\":\"ListItem\",\"position\":3,\"name\":\"Interaktiivne ja \u00f5petlik muusikamatt\"}]},{\"@type\":\"WebSite\",\"@id\":\"https:\/\/sulin.ee\/en\/#website\",\"url\":\"https:\/\/sulin.ee\/en\/\",\"name\":\"sulin.ee\",\"description\":\"\",\"publisher\":{\"@id\":\"https:\/\/sulin.ee\/en\/#organization\"},\"potentialAction\":[{\"@type\":\"SearchAction\",\"target\":{\"@type\":\"EntryPoint\",\"urlTemplate\":\"https:\/\/sulin.ee\/en\/?s={search_term_string}\"},\"query-input\":{\"@type\":\"PropertyValueSpecification\",\"valueRequired\":true,\"valueName\":\"search_term_string\"}}],\"inLanguage\":\"en-US\"},{\"@type\":\"Organization\",\"@id\":\"https:\/\/sulin.ee\/en\/#organization\",\"name\":\"SULIN TRADE O\u00dc\",\"url\":\"https:\/\/sulin.ee\/en\/\",\"logo\":{\"@type\":\"ImageObject\",\"inLanguage\":\"en-US\",\"@id\":\"https:\/\/sulin.ee\/en\/#\/schema\/logo\/image\/\",\"url\":\"https:\/\/sulin.ee\/wp-content\/uploads\/2022\/11\/sulin-logo.png\",\"contentUrl\":\"https:\/\/sulin.ee\/wp-content\/uploads\/2022\/11\/sulin-logo.png\",\"width\":871,\"height\":321,\"caption\":\"SULIN TRADE O\u00dc\"},\"image\":{\"@id\":\"https:\/\/sulin.ee\/en\/#\/schema\/logo\/image\/\"},\"sameAs\":[\"https:\/\/www.facebook.com\/www.sulin.ee\/\",\"https:\/\/www.instagram.com\/sulintrade\/\"]}]}<\/script>\n<!-- \/ Yoast SEO plugin. -->","yoast_head_json":{"title":"Interaktiivne ja \u00f5petlik muusikamatt - sulin.ee","description":"Interaktiivne ja \u00f5petlik muusikamatt, mis on loodud laste muusikaliste oskuste arendamiseks interaktiivsel ja l\u00f5busal viisil.","robots":{"index":"index","follow":"follow","max-snippet":"max-snippet:-1","max-image-preview":"max-image-preview:large","max-video-preview":"max-video-preview:-1"},"canonical":"https:\/\/sulin.ee\/en\/toode\/interaktiivne-ja-opetlik-muusikamatt\/","og_locale":"en_US","og_type":"article","og_title":"Interaktiivne ja \u00f5petlik muusikamatt - sulin.ee","og_description":"Interaktiivne ja \u00f5petlik muusikamatt, mis on loodud laste muusikaliste oskuste arendamiseks interaktiivsel ja l\u00f5busal viisil.","og_url":"https:\/\/sulin.ee\/en\/toode\/interaktiivne-ja-opetlik-muusikamatt\/","og_site_name":"sulin.ee","article_publisher":"https:\/\/www.facebook.com\/www.sulin.ee\/","article_modified_time":"2025-07-13T19:49:28+00:00","og_image":[{"width":1024,"height":1024,"url":"https:\/\/sulin.ee\/wp-content\/uploads\/2025\/02\/Mata-Edukacyjna-mini-pianinko-72x29cm-148139.jpg","type":"image\/jpeg"}],"twitter_card":"summary_large_image","twitter_misc":{"Est. reading time":"2 minutes"},"schema":{"@context":"https:\/\/schema.org","@graph":[{"@type":"WebPage","@id":"https:\/\/sulin.ee\/en\/toode\/interaktiivne-ja-opetlik-muusikamatt\/","url":"https:\/\/sulin.ee\/en\/toode\/interaktiivne-ja-opetlik-muusikamatt\/","name":"Interaktiivne ja \u00f5petlik muusikamatt - sulin.ee","isPartOf":{"@id":"https:\/\/sulin.ee\/en\/#website"},"primaryImageOfPage":{"@id":"https:\/\/sulin.ee\/en\/toode\/interaktiivne-ja-opetlik-muusikamatt\/#primaryimage"},"image":{"@id":"https:\/\/sulin.ee\/en\/toode\/interaktiivne-ja-opetlik-muusikamatt\/#primaryimage"},"thumbnailUrl":"https:\/\/sulin.ee\/wp-content\/uploads\/2025\/02\/Mata-Edukacyjna-mini-pianinko-72x29cm-148139.jpg","datePublished":"2025-02-19T13:16:11+00:00","dateModified":"2025-07-13T19:49:28+00:00","description":"Interaktiivne ja \u00f5petlik muusikamatt, mis on loodud laste muusikaliste oskuste arendamiseks interaktiivsel ja l\u00f5busal viisil.","breadcrumb":{"@id":"https:\/\/sulin.ee\/en\/toode\/interaktiivne-ja-opetlik-muusikamatt\/#breadcrumb"},"inLanguage":"en-US","potentialAction":[{"@type":"ReadAction","target":["https:\/\/sulin.ee\/en\/toode\/interaktiivne-ja-opetlik-muusikamatt\/"]}]},{"@type":"ImageObject","inLanguage":"en-US","@id":"https:\/\/sulin.ee\/en\/toode\/interaktiivne-ja-opetlik-muusikamatt\/#primaryimage","url":"https:\/\/sulin.ee\/wp-content\/uploads\/2025\/02\/Mata-Edukacyjna-mini-pianinko-72x29cm-148139.jpg","contentUrl":"https:\/\/sulin.ee\/wp-content\/uploads\/2025\/02\/Mata-Edukacyjna-mini-pianinko-72x29cm-148139.jpg","width":1024,"height":1024,"caption":"Interaktiivne ja \u00f5petlik muusikamatt"},{"@type":"BreadcrumbList","@id":"https:\/\/sulin.ee\/en\/toode\/interaktiivne-ja-opetlik-muusikamatt\/#breadcrumb","itemListElement":[{"@type":"ListItem","position":1,"name":"Home","item":"https:\/\/sulin.ee\/en\/"},{"@type":"ListItem","position":2,"name":"Sulin.ee e-pood","item":"https:\/\/sulin.ee\/shop\/"},{"@type":"ListItem","position":3,"name":"Interaktiivne ja \u00f5petlik muusikamatt"}]},{"@type":"WebSite","@id":"https:\/\/sulin.ee\/en\/#website","url":"https:\/\/sulin.ee\/en\/","name":"sulin.ee","description":"","publisher":{"@id":"https:\/\/sulin.ee\/en\/#organization"},"potentialAction":[{"@type":"SearchAction","target":{"@type":"EntryPoint","urlTemplate":"https:\/\/sulin.ee\/en\/?s={search_term_string}"},"query-input":{"@type":"PropertyValueSpecification","valueRequired":true,"valueName":"search_term_string"}}],"inLanguage":"en-US"},{"@type":"Organization","@id":"https:\/\/sulin.ee\/en\/#organization","name":"SULIN TRADE O\u00dc","url":"https:\/\/sulin.ee\/en\/","logo":{"@type":"ImageObject","inLanguage":"en-US","@id":"https:\/\/sulin.ee\/en\/#\/schema\/logo\/image\/","url":"https:\/\/sulin.ee\/wp-content\/uploads\/2022\/11\/sulin-logo.png","contentUrl":"https:\/\/sulin.ee\/wp-content\/uploads\/2022\/11\/sulin-logo.png","width":871,"height":321,"caption":"SULIN TRADE O\u00dc"},"image":{"@id":"https:\/\/sulin.ee\/en\/#\/schema\/logo\/image\/"},"sameAs":["https:\/\/www.facebook.com\/www.sulin.ee\/","https:\/\/www.instagram.com\/sulintrade\/"]}]}},"builder_content":"","_links":{"self":[{"href":"https:\/\/sulin.ee\/en\/wp-json\/wp\/v2\/product\/39999","targetHints":{"allow":["GET"]}}],"collection":[{"href":"https:\/\/sulin.ee\/en\/wp-json\/wp\/v2\/product"}],"about":[{"href":"https:\/\/sulin.ee\/en\/wp-json\/wp\/v2\/types\/product"}],"replies":[{"embeddable":true,"href":"https:\/\/sulin.ee\/en\/wp-json\/wp\/v2\/comments?post=39999"}],"wp:featuredmedia":[{"embeddable":true,"href":"https:\/\/sulin.ee\/en\/wp-json\/wp\/v2\/media\/40010"}],"wp:attachment":[{"href":"https:\/\/sulin.ee\/en\/wp-json\/wp\/v2\/media?parent=39999"}],"wp:term":[{"taxonomy":"product_brand","embeddable":true,"href":"https:\/\/sulin.ee\/en\/wp-json\/wp\/v2\/product_brand?post=39999"},{"taxonomy":"product_cat","embeddable":true,"href":"https:\/\/sulin.ee\/en\/wp-json\/wp\/v2\/product_cat?post=39999"},{"taxonomy":"product_tag","embeddable":true,"href":"https:\/\/sulin.ee\/en\/wp-json\/wp\/v2\/product_tag?post=39999"}],"curies":[{"name":"wp","href":"https:\/\/api.w.org\/{rel}","templated":true}]}}