{"id":39912,"date":"2025-03-09T13:15:23","date_gmt":"2025-03-09T13:15:23","guid":{"rendered":"https:\/\/sulin.ee\/toode\/pizzatoodete-puidust-mangukomplekt-koos-tarvikutega\/"},"modified":"2026-04-01T19:22:12","modified_gmt":"2026-04-01T19:22:12","slug":"puidust-pitsa-mangukomplekt-koos-tarvikutega","status":"publish","type":"product","link":"https:\/\/sulin.ee\/en\/toode\/puidust-pitsa-mangukomplekt-koos-tarvikutega\/","title":{"rendered":"Puidust pitsa m\u00e4ngukomplekt koos tarvikutega"},"content":{"rendered":"<p><strong>Puidust pitsa m\u00e4ngukomplekt koos tarvikutega<\/strong> \u2013 ideaalne m\u00e4nguasi noortele kokkadele, kes armastavad k\u00f6\u00f6gis loovust ilmutada. See komplekt v\u00f5imaldab lastel luua ja serveerida oma unistuste pitsat, kasutades erinevaid puidust pitsakaunistusi, mis kinnituvad omavahel takjakinnitusega. M\u00e4ngukomplekt pakub suurep\u00e4rast v\u00f5imalust arendada k\u00e4elisi oskusi, loovust ja koost\u00f6\u00f6v\u00f5imet.<\/p>\n<div class=\"flex-1 grow basis-auto overflow-hidden @container\/thread\">\n<div class=\"relative h-full\">\n<div class=\"flex h-full flex-col overflow-y-auto [scrollbar-gutter:stable]\">\n<div class=\"flex flex-col text-sm md:pb-9\">\n<article class=\"w-full text-token-text-primary focus-visible:outline-2 focus-visible:outline-offset-[-4px]\" dir=\"auto\" data-testid=\"conversation-turn-207\" data-scroll-anchor=\"true\">\n<div class=\"text-base my-auto mx-auto py-[18px] px-6\">\n<div class=\"mx-auto flex flex-1 text-base gap-4 md:gap-5 lg:gap-6 md:max-w-3xl lg:max-w-[40rem] xl:max-w-[48rem]\">\n<div class=\"group\/conversation-turn relative flex w-full min-w-0 flex-col agent-turn @xs\/thread:px-0 @sm\/thread:px-1.5 @md\/thread:px-4\">\n<div class=\"flex-col gap-1 md:gap-3\">\n<div class=\"flex max-w-full flex-col flex-grow\">\n<div class=\"min-h-8 text-message relative flex w-full flex-col items-end gap-2 whitespace-normal break-words text-start [.text-message+&amp;]:mt-5\" dir=\"auto\" data-message-author-role=\"assistant\" data-message-id=\"c179bd5d-900d-4de6-b4f0-f0e03443e402\" data-message-model-slug=\"gpt-4\">\n<div class=\"flex w-full flex-col gap-1 empty:hidden first:pt-[3px]\">\n<div class=\"markdown prose w-full break-words dark:prose-invert light\">\n<p data-start=\"477\" data-end=\"512\">\ud83d\udfe2 <strong data-start=\"480\" data-end=\"512\">Omadused ja m\u00e4nguv\u00f5imalused:<\/strong><\/p>\n<ul data-start=\"513\" data-end=\"955\">\n<li data-start=\"513\" data-end=\"781\"><strong data-start=\"515\" data-end=\"537\">Loominguline m\u00e4ng:<\/strong> Lapsed saavad pitsa t\u00fckid omavahel \u00fchendada ja kasutada kaasasolevat pizzal\u00f5ikurit, et &#8220;l\u00f5igata&#8221; pitsat, just nagu p\u00e4ris kokad. Velcro-kinnitused muudavad t\u00fckid kergesti eraldatavaks ja uuesti \u00fchendatavaks, pakkudes realistlikku m\u00e4ngukogemust.<\/li>\n<li data-start=\"782\" data-end=\"955\"><strong data-start=\"784\" data-end=\"807\">Hariduslik v\u00e4\u00e4rtus:<\/strong> M\u00e4ngimine aitab arendada peenmotoorikat, loogilist m\u00f5tlemist ja otsustusv\u00f5imet, kui lapsed valivad ja paigutavad kaunistusi vastavalt oma maitsele.<\/li>\n<\/ul>\n<p data-start=\"957\" data-end=\"988\">\ud83d\udfe2 <strong data-start=\"960\" data-end=\"988\">Turvalisus ja kvaliteet:<\/strong><\/p>\n<ul data-start=\"989\" data-end=\"1240\">\n<li data-start=\"989\" data-end=\"1135\"><strong data-start=\"991\" data-end=\"1019\">Vastupidavad materjalid:<\/strong> K\u00f5ik m\u00e4nguasja osad on valmistatud kvaliteetsest puidust, mis on ohutu ja vastupidav, tagades pikaajalise kasutuse.<\/li>\n<li data-start=\"1136\" data-end=\"1240\"><strong data-start=\"1138\" data-end=\"1153\">Ohutu m\u00e4ng:<\/strong> Toodetud sileda viimistlusega ja mittetoksiliste v\u00e4rvidega, mis on turvalised lastele.<\/li>\n<\/ul>\n<p data-start=\"1242\" data-end=\"1275\">\ud83d\udfe2 <strong data-start=\"1245\" data-end=\"1275\">Komplekti sisu ja m\u00f5\u00f5tmed:<\/strong><\/p>\n<ul data-start=\"1276\" data-end=\"1457\">\n<li data-start=\"1276\" data-end=\"1370\"><strong data-start=\"1278\" data-end=\"1301\">Komplekti kuuluvad:<\/strong> 6 pitsat\u00fckki, 18 pitsakaunistust, pitsal\u00f5ikur ja plaat.<\/li>\n<li data-start=\"1371\" data-end=\"1457\"><strong data-start=\"1373\" data-end=\"1385\">M\u00f5\u00f5tmed:<\/strong> Pitsa l\u00e4bim\u00f5\u00f5t 20 cm, paksus 1.5 cm; kaunistust\u00fckid l\u00e4bim\u00f5\u00f5duga 3.5 cm.<\/li>\n<\/ul>\n<p data-start=\"1459\" data-end=\"1483\"><strong data-start=\"1459\" data-end=\"1483\">Pakend ja esteetika: <\/strong>M\u00e4nguasi on pakitud atraktiivsesse pappkarpi, mis teeb sellest suurep\u00e4rase kingiidee igale lapsele, kes naudib k\u00f6\u00f6gis toimetamist ja loovat m\u00e4ngu.<\/p>\n<p data-start=\"1646\" data-end=\"1927\" data-is-last-node=\"\" data-is-only-node=\"\">Puidust pitsa m\u00e4ngukomplekt koos tarvikutega on mitte ainult l\u00f5bus ja hariv m\u00e4nguasi, vaid ka suurep\u00e4rane v\u00f5imalus lastele tutvustada toiduvalmistamist ja julgustada neid oma kujutlusv\u00f5imet kasutama. See m\u00e4ngukomplekt toob k\u00f6\u00f6ki r\u00f5\u00f5mu ja loovust, muutes iga m\u00e4nguhetke eriliseks. Uurige ka meie teisi m\u00e4nguk\u00f6\u00f6gi tarvikuid, et t\u00e4iendada oma lapse k\u00f6\u00f6ginurka veelgi p\u00f5nevamate vahenditega! <strong><a href=\"https:\/\/sulin.ee\/tootekategooria\/mangimine\/rollimangud\/koogimanguasjad\/\">Leiad siit!<\/a><\/strong><\/p>\n<\/div>\n<\/div>\n<\/div>\n<\/div>\n<\/div>\n<\/div>\n<\/div>\n<\/div>\n<\/article>\n<\/div>\n<\/div>\n<\/div>\n<\/div>\n","protected":false},"excerpt":{"rendered":"<p><strong>Puidust pitsa m\u00e4ngukomplekt koos tarvikutega<\/strong> pakub noortele kokkadele v\u00f5imalust luua oma unikaalne pitsa, kasutades erinevaid puidust kaunistusi ja m\u00e4ngul\u00f5ikurit. See m\u00e4nguasi aitab arendada lapse loovust, motoorikat ja otsustusv\u00f5imet, pakkudes samal ajal tundide kaupa l\u00f5bu.<\/p>\n<p><strong>Pitsa m\u00f5\u00f5dud:<\/strong> 20 cm x 15 cm (l\u00e4bim\u00f5\u00f5t x paksus).<\/p>\n","protected":false},"featured_media":39931,"comment_status":"open","ping_status":"closed","template":"","meta":[],"product_brand":[],"product_cat":[23],"product_tag":[],"class_list":{"0":"post-39912","1":"product","2":"type-product","3":"status-publish","4":"has-post-thumbnail","6":"product_cat-soodus","7":"has-post-title","8":"has-post-date","9":"has-post-category","10":"has-post-tag","11":"has-post-comment","12":"has-post-author","13":"","15":"first","16":"instock","17":"sale","18":"taxable","19":"shipping-taxable","20":"purchasable","21":"product-type-simple"},"yoast_head":"<!-- This site is optimized with the Yoast SEO plugin v26.8 - https:\/\/yoast.com\/product\/yoast-seo-wordpress\/ -->\n<title>Puidust pitsa m\u00e4ngukomplekt koos tarvikutega - sulin.ee<\/title>\n<meta name=\"description\" content=\"Puidust pitsa m\u00e4ngukomplekt koos tarvikutega \u2013 t\u00e4iuslik vahend noorele kokale, kes armastab k\u00f6\u00f6gis loovalt aega veeta. T\u00f5elisele meisterkokale.\" \/>\n<meta name=\"robots\" content=\"index, follow, max-snippet:-1, max-image-preview:large, max-video-preview:-1\" \/>\n<link rel=\"canonical\" href=\"https:\/\/sulin.ee\/en\/toode\/puidust-pitsa-mangukomplekt-koos-tarvikutega\/\" \/>\n<meta property=\"og:locale\" content=\"en_US\" \/>\n<meta property=\"og:type\" content=\"article\" \/>\n<meta property=\"og:title\" content=\"Puidust pitsa m\u00e4ngukomplekt koos tarvikutega - sulin.ee\" \/>\n<meta property=\"og:description\" content=\"Puidust pitsa m\u00e4ngukomplekt koos tarvikutega \u2013 t\u00e4iuslik vahend noorele kokale, kes armastab k\u00f6\u00f6gis loovalt aega veeta. T\u00f5elisele meisterkokale.\" \/>\n<meta property=\"og:url\" content=\"https:\/\/sulin.ee\/en\/toode\/puidust-pitsa-mangukomplekt-koos-tarvikutega\/\" \/>\n<meta property=\"og:site_name\" content=\"sulin.ee\" \/>\n<meta property=\"article:publisher\" content=\"https:\/\/www.facebook.com\/www.sulin.ee\/\" \/>\n<meta property=\"article:modified_time\" content=\"2026-04-01T19:22:12+00:00\" \/>\n<meta property=\"og:image\" content=\"https:\/\/sulin.ee\/wp-content\/uploads\/2025\/02\/Pizza-drewniany-zestaw-do-zabawy-z-akcesoriami-20cm-158466.jpg\" \/>\n\t<meta property=\"og:image:width\" content=\"1024\" \/>\n\t<meta property=\"og:image:height\" content=\"1024\" \/>\n\t<meta property=\"og:image:type\" content=\"image\/jpeg\" \/>\n<meta name=\"twitter:card\" content=\"summary_large_image\" \/>\n<meta name=\"twitter:label1\" content=\"Est. reading time\" \/>\n\t<meta name=\"twitter:data1\" content=\"2 minutes\" \/>\n<script type=\"application\/ld+json\" class=\"yoast-schema-graph\">{\"@context\":\"https:\/\/schema.org\",\"@graph\":[{\"@type\":\"WebPage\",\"@id\":\"https:\/\/sulin.ee\/en\/toode\/puidust-pitsa-mangukomplekt-koos-tarvikutega\/\",\"url\":\"https:\/\/sulin.ee\/en\/toode\/puidust-pitsa-mangukomplekt-koos-tarvikutega\/\",\"name\":\"Puidust pitsa m\u00e4ngukomplekt koos tarvikutega - sulin.ee\",\"isPartOf\":{\"@id\":\"https:\/\/sulin.ee\/en\/#website\"},\"primaryImageOfPage\":{\"@id\":\"https:\/\/sulin.ee\/en\/toode\/puidust-pitsa-mangukomplekt-koos-tarvikutega\/#primaryimage\"},\"image\":{\"@id\":\"https:\/\/sulin.ee\/en\/toode\/puidust-pitsa-mangukomplekt-koos-tarvikutega\/#primaryimage\"},\"thumbnailUrl\":\"https:\/\/sulin.ee\/wp-content\/uploads\/2025\/02\/Pizza-drewniany-zestaw-do-zabawy-z-akcesoriami-20cm-158466.jpg\",\"datePublished\":\"2025-03-09T13:15:23+00:00\",\"dateModified\":\"2026-04-01T19:22:12+00:00\",\"description\":\"Puidust pitsa m\u00e4ngukomplekt koos tarvikutega \u2013 t\u00e4iuslik vahend noorele kokale, kes armastab k\u00f6\u00f6gis loovalt aega veeta. T\u00f5elisele meisterkokale.\",\"breadcrumb\":{\"@id\":\"https:\/\/sulin.ee\/en\/toode\/puidust-pitsa-mangukomplekt-koos-tarvikutega\/#breadcrumb\"},\"inLanguage\":\"en-US\",\"potentialAction\":[{\"@type\":\"ReadAction\",\"target\":[\"https:\/\/sulin.ee\/en\/toode\/puidust-pitsa-mangukomplekt-koos-tarvikutega\/\"]}]},{\"@type\":\"ImageObject\",\"inLanguage\":\"en-US\",\"@id\":\"https:\/\/sulin.ee\/en\/toode\/puidust-pitsa-mangukomplekt-koos-tarvikutega\/#primaryimage\",\"url\":\"https:\/\/sulin.ee\/wp-content\/uploads\/2025\/02\/Pizza-drewniany-zestaw-do-zabawy-z-akcesoriami-20cm-158466.jpg\",\"contentUrl\":\"https:\/\/sulin.ee\/wp-content\/uploads\/2025\/02\/Pizza-drewniany-zestaw-do-zabawy-z-akcesoriami-20cm-158466.jpg\",\"width\":1024,\"height\":1024,\"caption\":\"Puidust pitsa m\u00e4ngukomplekt koos tarvikutega\"},{\"@type\":\"BreadcrumbList\",\"@id\":\"https:\/\/sulin.ee\/en\/toode\/puidust-pitsa-mangukomplekt-koos-tarvikutega\/#breadcrumb\",\"itemListElement\":[{\"@type\":\"ListItem\",\"position\":1,\"name\":\"Home\",\"item\":\"https:\/\/sulin.ee\/en\/\"},{\"@type\":\"ListItem\",\"position\":2,\"name\":\"Sulin.ee e-pood\",\"item\":\"https:\/\/sulin.ee\/shop\/\"},{\"@type\":\"ListItem\",\"position\":3,\"name\":\"Puidust pitsa m\u00e4ngukomplekt koos tarvikutega\"}]},{\"@type\":\"WebSite\",\"@id\":\"https:\/\/sulin.ee\/en\/#website\",\"url\":\"https:\/\/sulin.ee\/en\/\",\"name\":\"sulin.ee\",\"description\":\"\",\"publisher\":{\"@id\":\"https:\/\/sulin.ee\/en\/#organization\"},\"potentialAction\":[{\"@type\":\"SearchAction\",\"target\":{\"@type\":\"EntryPoint\",\"urlTemplate\":\"https:\/\/sulin.ee\/en\/?s={search_term_string}\"},\"query-input\":{\"@type\":\"PropertyValueSpecification\",\"valueRequired\":true,\"valueName\":\"search_term_string\"}}],\"inLanguage\":\"en-US\"},{\"@type\":\"Organization\",\"@id\":\"https:\/\/sulin.ee\/en\/#organization\",\"name\":\"SULIN TRADE O\u00dc\",\"url\":\"https:\/\/sulin.ee\/en\/\",\"logo\":{\"@type\":\"ImageObject\",\"inLanguage\":\"en-US\",\"@id\":\"https:\/\/sulin.ee\/en\/#\/schema\/logo\/image\/\",\"url\":\"https:\/\/sulin.ee\/wp-content\/uploads\/2022\/11\/sulin-logo.png\",\"contentUrl\":\"https:\/\/sulin.ee\/wp-content\/uploads\/2022\/11\/sulin-logo.png\",\"width\":871,\"height\":321,\"caption\":\"SULIN TRADE O\u00dc\"},\"image\":{\"@id\":\"https:\/\/sulin.ee\/en\/#\/schema\/logo\/image\/\"},\"sameAs\":[\"https:\/\/www.facebook.com\/www.sulin.ee\/\",\"https:\/\/www.instagram.com\/sulintrade\/\"]}]}<\/script>\n<!-- \/ Yoast SEO plugin. -->","yoast_head_json":{"title":"Puidust pitsa m\u00e4ngukomplekt koos tarvikutega - sulin.ee","description":"Puidust pitsa m\u00e4ngukomplekt koos tarvikutega \u2013 t\u00e4iuslik vahend noorele kokale, kes armastab k\u00f6\u00f6gis loovalt aega veeta. T\u00f5elisele meisterkokale.","robots":{"index":"index","follow":"follow","max-snippet":"max-snippet:-1","max-image-preview":"max-image-preview:large","max-video-preview":"max-video-preview:-1"},"canonical":"https:\/\/sulin.ee\/en\/toode\/puidust-pitsa-mangukomplekt-koos-tarvikutega\/","og_locale":"en_US","og_type":"article","og_title":"Puidust pitsa m\u00e4ngukomplekt koos tarvikutega - sulin.ee","og_description":"Puidust pitsa m\u00e4ngukomplekt koos tarvikutega \u2013 t\u00e4iuslik vahend noorele kokale, kes armastab k\u00f6\u00f6gis loovalt aega veeta. T\u00f5elisele meisterkokale.","og_url":"https:\/\/sulin.ee\/en\/toode\/puidust-pitsa-mangukomplekt-koos-tarvikutega\/","og_site_name":"sulin.ee","article_publisher":"https:\/\/www.facebook.com\/www.sulin.ee\/","article_modified_time":"2026-04-01T19:22:12+00:00","og_image":[{"width":1024,"height":1024,"url":"https:\/\/sulin.ee\/wp-content\/uploads\/2025\/02\/Pizza-drewniany-zestaw-do-zabawy-z-akcesoriami-20cm-158466.jpg","type":"image\/jpeg"}],"twitter_card":"summary_large_image","twitter_misc":{"Est. reading time":"2 minutes"},"schema":{"@context":"https:\/\/schema.org","@graph":[{"@type":"WebPage","@id":"https:\/\/sulin.ee\/en\/toode\/puidust-pitsa-mangukomplekt-koos-tarvikutega\/","url":"https:\/\/sulin.ee\/en\/toode\/puidust-pitsa-mangukomplekt-koos-tarvikutega\/","name":"Puidust pitsa m\u00e4ngukomplekt koos tarvikutega - sulin.ee","isPartOf":{"@id":"https:\/\/sulin.ee\/en\/#website"},"primaryImageOfPage":{"@id":"https:\/\/sulin.ee\/en\/toode\/puidust-pitsa-mangukomplekt-koos-tarvikutega\/#primaryimage"},"image":{"@id":"https:\/\/sulin.ee\/en\/toode\/puidust-pitsa-mangukomplekt-koos-tarvikutega\/#primaryimage"},"thumbnailUrl":"https:\/\/sulin.ee\/wp-content\/uploads\/2025\/02\/Pizza-drewniany-zestaw-do-zabawy-z-akcesoriami-20cm-158466.jpg","datePublished":"2025-03-09T13:15:23+00:00","dateModified":"2026-04-01T19:22:12+00:00","description":"Puidust pitsa m\u00e4ngukomplekt koos tarvikutega \u2013 t\u00e4iuslik vahend noorele kokale, kes armastab k\u00f6\u00f6gis loovalt aega veeta. T\u00f5elisele meisterkokale.","breadcrumb":{"@id":"https:\/\/sulin.ee\/en\/toode\/puidust-pitsa-mangukomplekt-koos-tarvikutega\/#breadcrumb"},"inLanguage":"en-US","potentialAction":[{"@type":"ReadAction","target":["https:\/\/sulin.ee\/en\/toode\/puidust-pitsa-mangukomplekt-koos-tarvikutega\/"]}]},{"@type":"ImageObject","inLanguage":"en-US","@id":"https:\/\/sulin.ee\/en\/toode\/puidust-pitsa-mangukomplekt-koos-tarvikutega\/#primaryimage","url":"https:\/\/sulin.ee\/wp-content\/uploads\/2025\/02\/Pizza-drewniany-zestaw-do-zabawy-z-akcesoriami-20cm-158466.jpg","contentUrl":"https:\/\/sulin.ee\/wp-content\/uploads\/2025\/02\/Pizza-drewniany-zestaw-do-zabawy-z-akcesoriami-20cm-158466.jpg","width":1024,"height":1024,"caption":"Puidust pitsa m\u00e4ngukomplekt koos tarvikutega"},{"@type":"BreadcrumbList","@id":"https:\/\/sulin.ee\/en\/toode\/puidust-pitsa-mangukomplekt-koos-tarvikutega\/#breadcrumb","itemListElement":[{"@type":"ListItem","position":1,"name":"Home","item":"https:\/\/sulin.ee\/en\/"},{"@type":"ListItem","position":2,"name":"Sulin.ee e-pood","item":"https:\/\/sulin.ee\/shop\/"},{"@type":"ListItem","position":3,"name":"Puidust pitsa m\u00e4ngukomplekt koos tarvikutega"}]},{"@type":"WebSite","@id":"https:\/\/sulin.ee\/en\/#website","url":"https:\/\/sulin.ee\/en\/","name":"sulin.ee","description":"","publisher":{"@id":"https:\/\/sulin.ee\/en\/#organization"},"potentialAction":[{"@type":"SearchAction","target":{"@type":"EntryPoint","urlTemplate":"https:\/\/sulin.ee\/en\/?s={search_term_string}"},"query-input":{"@type":"PropertyValueSpecification","valueRequired":true,"valueName":"search_term_string"}}],"inLanguage":"en-US"},{"@type":"Organization","@id":"https:\/\/sulin.ee\/en\/#organization","name":"SULIN TRADE O\u00dc","url":"https:\/\/sulin.ee\/en\/","logo":{"@type":"ImageObject","inLanguage":"en-US","@id":"https:\/\/sulin.ee\/en\/#\/schema\/logo\/image\/","url":"https:\/\/sulin.ee\/wp-content\/uploads\/2022\/11\/sulin-logo.png","contentUrl":"https:\/\/sulin.ee\/wp-content\/uploads\/2022\/11\/sulin-logo.png","width":871,"height":321,"caption":"SULIN TRADE O\u00dc"},"image":{"@id":"https:\/\/sulin.ee\/en\/#\/schema\/logo\/image\/"},"sameAs":["https:\/\/www.facebook.com\/www.sulin.ee\/","https:\/\/www.instagram.com\/sulintrade\/"]}]}},"builder_content":"","_links":{"self":[{"href":"https:\/\/sulin.ee\/en\/wp-json\/wp\/v2\/product\/39912","targetHints":{"allow":["GET"]}}],"collection":[{"href":"https:\/\/sulin.ee\/en\/wp-json\/wp\/v2\/product"}],"about":[{"href":"https:\/\/sulin.ee\/en\/wp-json\/wp\/v2\/types\/product"}],"replies":[{"embeddable":true,"href":"https:\/\/sulin.ee\/en\/wp-json\/wp\/v2\/comments?post=39912"}],"wp:featuredmedia":[{"embeddable":true,"href":"https:\/\/sulin.ee\/en\/wp-json\/wp\/v2\/media\/39931"}],"wp:attachment":[{"href":"https:\/\/sulin.ee\/en\/wp-json\/wp\/v2\/media?parent=39912"}],"wp:term":[{"taxonomy":"product_brand","embeddable":true,"href":"https:\/\/sulin.ee\/en\/wp-json\/wp\/v2\/product_brand?post=39912"},{"taxonomy":"product_cat","embeddable":true,"href":"https:\/\/sulin.ee\/en\/wp-json\/wp\/v2\/product_cat?post=39912"},{"taxonomy":"product_tag","embeddable":true,"href":"https:\/\/sulin.ee\/en\/wp-json\/wp\/v2\/product_tag?post=39912"}],"curies":[{"name":"wp","href":"https:\/\/api.w.org\/{rel}","templated":true}]}}