{"id":39829,"date":"2025-03-16T13:14:23","date_gmt":"2025-03-16T13:14:23","guid":{"rendered":"https:\/\/sulin.ee\/toode\/hariduslike-puuklotside-farm-puzzle-9el\/"},"modified":"2025-07-23T12:08:55","modified_gmt":"2025-07-23T12:08:55","slug":"puidust-3d-pusle-farmi-seiklus-6-pilti","status":"publish","type":"product","link":"https:\/\/sulin.ee\/en\/toode\/puidust-3d-pusle-farmi-seiklus-6-pilti\/","title":{"rendered":"Puidust 3D Pusle &#8220;Farmi seiklus&#8221; &#8211; 6 pilti"},"content":{"rendered":"<p><strong data-start=\"0\" data-end=\"37\">Puidust 3D Pusle &#8220;Farmi seiklus&#8221;<\/strong><\/p>\n<div class=\"flex max-w-full flex-col flex-grow\">\n<div class=\"min-h-8 text-message relative flex w-full flex-col items-end gap-2 whitespace-normal break-words text-start [.text-message+&amp;]:mt-5\" dir=\"auto\" data-message-author-role=\"assistant\" data-message-id=\"70e0ecbd-ee19-4614-bbb3-f0c9870f83a3\" data-message-model-slug=\"gpt-4\">\n<div class=\"flex w-full flex-col gap-1 empty:hidden first:pt-[3px]\">\n<div class=\"markdown prose w-full break-words dark:prose-invert light\">\n<p data-start=\"39\" data-end=\"389\">V\u00e4rvikirev ja ergas &#8220;Farmi seiklus&#8221; 3D pusle on valmistatud k\u00f5rgekvaliteedilisest puidust, mis pakub noortele avastajatele p\u00f5nevat ja harivat meelelahutust. Komplekti kuulub 9 kuubikut, millest iga\u00fcks on osa suuremast loomapildist, v\u00f5imaldades lapsel kokku panna kuus erinevat farmiteemalist looma \u2013 <strong>koer, part, lehm, kukk, j\u00e4nes ja lammas.<\/strong><\/p>\n<p data-start=\"391\" data-end=\"758\">See pusle on suurep\u00e4rane vahend visuaalsete ja ruumiliste oskuste arendamiseks. Lapsi k\u00f6idavad pusle erksad v\u00e4rvid ning nad \u00f5pivad tundma erinevaid loomi ja nende omadusi, samuti v\u00e4rvide ja kujundite \u00e4ratundmist. Iga puslet\u00fckk on m\u00f5\u00f5tmetelt selline, et seda on v\u00e4ikestel k\u00e4el h\u00f5lpsasti haaramas ja see aitab arendada peenmotoorikat ning k\u00e4te-silma koordinatsiooni.<\/p>\n<p data-start=\"760\" data-end=\"953\">Lisaks motoorsetele oskustele stimuleerib see m\u00e4nguasi ka loovat m\u00f5tlemist ja probleemilahendusoskusi, kuna laps peab m\u00f5tlema, kuidas erinevad t\u00fckid kokku sobituvad, et luua terviklik pilt.<\/p>\n<p data-start=\"955\" data-end=\"971\"><strong data-start=\"955\" data-end=\"971\">Kasutegurid:<\/strong><\/p>\n<ul data-start=\"972\" data-end=\"1335\">\n<li data-start=\"972\" data-end=\"1087\"><strong data-start=\"974\" data-end=\"997\">\ud83d\udfe2Hariduslik v\u00e4\u00e4rtus:<\/strong> Lapsed \u00f5pivad loomade nimetusi ja elupaiku, arendades samal ajal keeleoskust ja s\u00f5navara.<\/li>\n<li data-start=\"1088\" data-end=\"1188\"><strong data-start=\"1090\" data-end=\"1116\">\ud83d\udfe2Koordineerimise areng:<\/strong> M\u00e4ngu k\u00e4igus paraneb lapse k\u00e4e-silma koordinatsioon ja motoorne t\u00e4psus.<\/li>\n<li data-start=\"1189\" data-end=\"1335\"><strong data-start=\"1191\" data-end=\"1221\">\ud83d\udfe2Loogilise m\u00f5tlemise areng:<\/strong> Pusle kokkupanemine n\u00f5uab j\u00e4rjekindlust ja loogilist m\u00f5tlemist, mis on kriitilise m\u00f5tlemise arenguks h\u00e4davajalik.<\/li>\n<\/ul>\n<p data-start=\"1337\" data-end=\"1361\"><strong data-start=\"1337\" data-end=\"1361\">M\u00f5\u00f5tmed ja materjal:<\/strong><\/p>\n<ul data-start=\"1362\" data-end=\"1486\">\n<li data-start=\"1362\" data-end=\"1399\">\ud83d\udfe2<strong>Puslet\u00fckk:<\/strong> 3.5 cm x 3.5 cm x 3.5 cm<\/li>\n<li data-start=\"1400\" data-end=\"1441\">\ud83d\udfe2<strong>Koostatud pusle:<\/strong> 10 cm x 10 cm x 3.5 cm<\/li>\n<li data-start=\"1442\" data-end=\"1486\">\ud83d\udfe2<strong>Materjal:<\/strong> Lapses\u00f5bralik ja vastupidav puit<\/li>\n<\/ul>\n<p><strong>Sobiv vanus:<\/strong> 3+ aastat.<\/p>\n<p data-start=\"1488\" data-end=\"1580\">Pusle on pakendatud stiilsesse karpi, muutes selle ideaalseks kingituseks igal ajal aastas.<\/p>\n<p data-start=\"1488\" data-end=\"1580\">Soovitame uurida ka meie teisi p\u00f5nevaid puslesid, mis pakuvad sama palju r\u00f5\u00f5mu ja \u00f5ppimisv\u00f5imalusi. Avastage meie lai valik puslesid, mis aitavad kaasa lapse \u00fcldisele arengule. <a href=\"https:\/\/sulin.ee\/tootekategooria\/mangimine\/pusled\/\">Leiad siit!<\/a><\/p>\n<\/div>\n<\/div>\n<\/div>\n<\/div>\n","protected":false},"excerpt":{"rendered":"<p><strong>Avastage &#8220;Farmi seiklus&#8221; puidust 3D pusle,<\/strong> mis pakub l\u00f5busat ja \u00f5petlikku tegevust teie lapsele. Koosneb 9 kuubikust, mis kokku panduna kujutavad kuut erinevat farmiteemalist looma. Ideaalne vahend peenmotoorika, ruumilise m\u00f5tlemise ja loovuse arendamiseks. Erksad v\u00e4rvid ja lapsele ohutud materjalid teevad sellest puslest suurep\u00e4rase kingiidee.<\/p>\n<p><strong>Sobiv vanus:<\/strong> 3+ aastat.<\/p>\n","protected":false},"featured_media":42683,"comment_status":"open","ping_status":"closed","template":"","meta":[],"product_brand":[],"product_cat":[110,1162,1165,925,175,23],"product_tag":[],"class_list":{"0":"post-39829","1":"product","2":"type-product","3":"status-publish","4":"has-post-thumbnail","6":"product_cat-mangimine","7":"product_cat-kingituseks","8":"product_cat-3-5-aastat","9":"product_cat-pusled","10":"product_cat-puidust-manguasjad","11":"product_cat-soodus","12":"has-post-title","13":"has-post-date","14":"has-post-category","15":"has-post-tag","16":"has-post-comment","17":"has-post-author","18":"","20":"first","21":"instock","22":"sale","23":"taxable","24":"shipping-taxable","25":"purchasable","26":"product-type-simple"},"yoast_head":"<!-- This site is optimized with the Yoast SEO plugin v26.8 - https:\/\/yoast.com\/product\/yoast-seo-wordpress\/ -->\n<title>Puidust 3D Pusle &quot;Farmi seiklus&quot; - 6 pilti - sulin.ee<\/title>\n<meta name=\"description\" content=\"Puidust 3D pusle \u2013 hariv ja l\u00f5bus m\u00e4nguasi, mis aitab arendada lapse peenmotoorikat, ruumilist m\u00f5tlemist ning \u00f5petab loomade ja v\u00e4rvide tundmist.\" \/>\n<meta name=\"robots\" content=\"index, follow, max-snippet:-1, max-image-preview:large, max-video-preview:-1\" \/>\n<link rel=\"canonical\" href=\"https:\/\/sulin.ee\/en\/toode\/puidust-3d-pusle-farmi-seiklus-6-pilti\/\" \/>\n<meta property=\"og:locale\" content=\"en_US\" \/>\n<meta property=\"og:type\" content=\"article\" \/>\n<meta property=\"og:title\" content=\"Puidust 3D Pusle &quot;Farmi seiklus&quot; - 6 pilti - sulin.ee\" \/>\n<meta property=\"og:description\" content=\"Puidust 3D pusle \u2013 hariv ja l\u00f5bus m\u00e4nguasi, mis aitab arendada lapse peenmotoorikat, ruumilist m\u00f5tlemist ning \u00f5petab loomade ja v\u00e4rvide tundmist.\" \/>\n<meta property=\"og:url\" content=\"https:\/\/sulin.ee\/en\/toode\/puidust-3d-pusle-farmi-seiklus-6-pilti\/\" \/>\n<meta property=\"og:site_name\" content=\"sulin.ee\" \/>\n<meta property=\"article:publisher\" content=\"https:\/\/www.facebook.com\/www.sulin.ee\/\" \/>\n<meta property=\"article:modified_time\" content=\"2025-07-23T12:08:55+00:00\" \/>\n<meta property=\"og:image\" content=\"https:\/\/sulin.ee\/wp-content\/uploads\/2025\/03\/Piltide-korrektuurid-kodulehel-2025-03-17T155037.261.png\" \/>\n\t<meta property=\"og:image:width\" content=\"1080\" \/>\n\t<meta property=\"og:image:height\" content=\"1080\" \/>\n\t<meta property=\"og:image:type\" content=\"image\/png\" \/>\n<meta name=\"twitter:card\" content=\"summary_large_image\" \/>\n<meta name=\"twitter:label1\" content=\"Est. reading time\" \/>\n\t<meta name=\"twitter:data1\" content=\"2 minutes\" \/>\n<script type=\"application\/ld+json\" class=\"yoast-schema-graph\">{\"@context\":\"https:\/\/schema.org\",\"@graph\":[{\"@type\":\"WebPage\",\"@id\":\"https:\/\/sulin.ee\/en\/toode\/puidust-3d-pusle-farmi-seiklus-6-pilti\/\",\"url\":\"https:\/\/sulin.ee\/en\/toode\/puidust-3d-pusle-farmi-seiklus-6-pilti\/\",\"name\":\"Puidust 3D Pusle \\\"Farmi seiklus\\\" - 6 pilti - sulin.ee\",\"isPartOf\":{\"@id\":\"https:\/\/sulin.ee\/en\/#website\"},\"primaryImageOfPage\":{\"@id\":\"https:\/\/sulin.ee\/en\/toode\/puidust-3d-pusle-farmi-seiklus-6-pilti\/#primaryimage\"},\"image\":{\"@id\":\"https:\/\/sulin.ee\/en\/toode\/puidust-3d-pusle-farmi-seiklus-6-pilti\/#primaryimage\"},\"thumbnailUrl\":\"https:\/\/sulin.ee\/wp-content\/uploads\/2025\/03\/Piltide-korrektuurid-kodulehel-2025-03-17T155037.261.png\",\"datePublished\":\"2025-03-16T13:14:23+00:00\",\"dateModified\":\"2025-07-23T12:08:55+00:00\",\"description\":\"Puidust 3D pusle \u2013 hariv ja l\u00f5bus m\u00e4nguasi, mis aitab arendada lapse peenmotoorikat, ruumilist m\u00f5tlemist ning \u00f5petab loomade ja v\u00e4rvide tundmist.\",\"breadcrumb\":{\"@id\":\"https:\/\/sulin.ee\/en\/toode\/puidust-3d-pusle-farmi-seiklus-6-pilti\/#breadcrumb\"},\"inLanguage\":\"en-US\",\"potentialAction\":[{\"@type\":\"ReadAction\",\"target\":[\"https:\/\/sulin.ee\/en\/toode\/puidust-3d-pusle-farmi-seiklus-6-pilti\/\"]}]},{\"@type\":\"ImageObject\",\"inLanguage\":\"en-US\",\"@id\":\"https:\/\/sulin.ee\/en\/toode\/puidust-3d-pusle-farmi-seiklus-6-pilti\/#primaryimage\",\"url\":\"https:\/\/sulin.ee\/wp-content\/uploads\/2025\/03\/Piltide-korrektuurid-kodulehel-2025-03-17T155037.261.png\",\"contentUrl\":\"https:\/\/sulin.ee\/wp-content\/uploads\/2025\/03\/Piltide-korrektuurid-kodulehel-2025-03-17T155037.261.png\",\"width\":1080,\"height\":1080,\"caption\":\"Puidust 3D Pusle\"},{\"@type\":\"BreadcrumbList\",\"@id\":\"https:\/\/sulin.ee\/en\/toode\/puidust-3d-pusle-farmi-seiklus-6-pilti\/#breadcrumb\",\"itemListElement\":[{\"@type\":\"ListItem\",\"position\":1,\"name\":\"Home\",\"item\":\"https:\/\/sulin.ee\/en\/\"},{\"@type\":\"ListItem\",\"position\":2,\"name\":\"Sulin.ee e-pood\",\"item\":\"https:\/\/sulin.ee\/shop\/\"},{\"@type\":\"ListItem\",\"position\":3,\"name\":\"Puidust 3D Pusle &#8220;Farmi seiklus&#8221; &#8211; 6 pilti\"}]},{\"@type\":\"WebSite\",\"@id\":\"https:\/\/sulin.ee\/en\/#website\",\"url\":\"https:\/\/sulin.ee\/en\/\",\"name\":\"sulin.ee\",\"description\":\"\",\"publisher\":{\"@id\":\"https:\/\/sulin.ee\/en\/#organization\"},\"potentialAction\":[{\"@type\":\"SearchAction\",\"target\":{\"@type\":\"EntryPoint\",\"urlTemplate\":\"https:\/\/sulin.ee\/en\/?s={search_term_string}\"},\"query-input\":{\"@type\":\"PropertyValueSpecification\",\"valueRequired\":true,\"valueName\":\"search_term_string\"}}],\"inLanguage\":\"en-US\"},{\"@type\":\"Organization\",\"@id\":\"https:\/\/sulin.ee\/en\/#organization\",\"name\":\"SULIN TRADE O\u00dc\",\"url\":\"https:\/\/sulin.ee\/en\/\",\"logo\":{\"@type\":\"ImageObject\",\"inLanguage\":\"en-US\",\"@id\":\"https:\/\/sulin.ee\/en\/#\/schema\/logo\/image\/\",\"url\":\"https:\/\/sulin.ee\/wp-content\/uploads\/2022\/11\/sulin-logo.png\",\"contentUrl\":\"https:\/\/sulin.ee\/wp-content\/uploads\/2022\/11\/sulin-logo.png\",\"width\":871,\"height\":321,\"caption\":\"SULIN TRADE O\u00dc\"},\"image\":{\"@id\":\"https:\/\/sulin.ee\/en\/#\/schema\/logo\/image\/\"},\"sameAs\":[\"https:\/\/www.facebook.com\/www.sulin.ee\/\",\"https:\/\/www.instagram.com\/sulintrade\/\"]}]}<\/script>\n<!-- \/ Yoast SEO plugin. -->","yoast_head_json":{"title":"Puidust 3D Pusle \"Farmi seiklus\" - 6 pilti - sulin.ee","description":"Puidust 3D pusle \u2013 hariv ja l\u00f5bus m\u00e4nguasi, mis aitab arendada lapse peenmotoorikat, ruumilist m\u00f5tlemist ning \u00f5petab loomade ja v\u00e4rvide tundmist.","robots":{"index":"index","follow":"follow","max-snippet":"max-snippet:-1","max-image-preview":"max-image-preview:large","max-video-preview":"max-video-preview:-1"},"canonical":"https:\/\/sulin.ee\/en\/toode\/puidust-3d-pusle-farmi-seiklus-6-pilti\/","og_locale":"en_US","og_type":"article","og_title":"Puidust 3D Pusle \"Farmi seiklus\" - 6 pilti - sulin.ee","og_description":"Puidust 3D pusle \u2013 hariv ja l\u00f5bus m\u00e4nguasi, mis aitab arendada lapse peenmotoorikat, ruumilist m\u00f5tlemist ning \u00f5petab loomade ja v\u00e4rvide tundmist.","og_url":"https:\/\/sulin.ee\/en\/toode\/puidust-3d-pusle-farmi-seiklus-6-pilti\/","og_site_name":"sulin.ee","article_publisher":"https:\/\/www.facebook.com\/www.sulin.ee\/","article_modified_time":"2025-07-23T12:08:55+00:00","og_image":[{"width":1080,"height":1080,"url":"https:\/\/sulin.ee\/wp-content\/uploads\/2025\/03\/Piltide-korrektuurid-kodulehel-2025-03-17T155037.261.png","type":"image\/png"}],"twitter_card":"summary_large_image","twitter_misc":{"Est. reading time":"2 minutes"},"schema":{"@context":"https:\/\/schema.org","@graph":[{"@type":"WebPage","@id":"https:\/\/sulin.ee\/en\/toode\/puidust-3d-pusle-farmi-seiklus-6-pilti\/","url":"https:\/\/sulin.ee\/en\/toode\/puidust-3d-pusle-farmi-seiklus-6-pilti\/","name":"Puidust 3D Pusle \"Farmi seiklus\" - 6 pilti - sulin.ee","isPartOf":{"@id":"https:\/\/sulin.ee\/en\/#website"},"primaryImageOfPage":{"@id":"https:\/\/sulin.ee\/en\/toode\/puidust-3d-pusle-farmi-seiklus-6-pilti\/#primaryimage"},"image":{"@id":"https:\/\/sulin.ee\/en\/toode\/puidust-3d-pusle-farmi-seiklus-6-pilti\/#primaryimage"},"thumbnailUrl":"https:\/\/sulin.ee\/wp-content\/uploads\/2025\/03\/Piltide-korrektuurid-kodulehel-2025-03-17T155037.261.png","datePublished":"2025-03-16T13:14:23+00:00","dateModified":"2025-07-23T12:08:55+00:00","description":"Puidust 3D pusle \u2013 hariv ja l\u00f5bus m\u00e4nguasi, mis aitab arendada lapse peenmotoorikat, ruumilist m\u00f5tlemist ning \u00f5petab loomade ja v\u00e4rvide tundmist.","breadcrumb":{"@id":"https:\/\/sulin.ee\/en\/toode\/puidust-3d-pusle-farmi-seiklus-6-pilti\/#breadcrumb"},"inLanguage":"en-US","potentialAction":[{"@type":"ReadAction","target":["https:\/\/sulin.ee\/en\/toode\/puidust-3d-pusle-farmi-seiklus-6-pilti\/"]}]},{"@type":"ImageObject","inLanguage":"en-US","@id":"https:\/\/sulin.ee\/en\/toode\/puidust-3d-pusle-farmi-seiklus-6-pilti\/#primaryimage","url":"https:\/\/sulin.ee\/wp-content\/uploads\/2025\/03\/Piltide-korrektuurid-kodulehel-2025-03-17T155037.261.png","contentUrl":"https:\/\/sulin.ee\/wp-content\/uploads\/2025\/03\/Piltide-korrektuurid-kodulehel-2025-03-17T155037.261.png","width":1080,"height":1080,"caption":"Puidust 3D Pusle"},{"@type":"BreadcrumbList","@id":"https:\/\/sulin.ee\/en\/toode\/puidust-3d-pusle-farmi-seiklus-6-pilti\/#breadcrumb","itemListElement":[{"@type":"ListItem","position":1,"name":"Home","item":"https:\/\/sulin.ee\/en\/"},{"@type":"ListItem","position":2,"name":"Sulin.ee e-pood","item":"https:\/\/sulin.ee\/shop\/"},{"@type":"ListItem","position":3,"name":"Puidust 3D Pusle &#8220;Farmi seiklus&#8221; &#8211; 6 pilti"}]},{"@type":"WebSite","@id":"https:\/\/sulin.ee\/en\/#website","url":"https:\/\/sulin.ee\/en\/","name":"sulin.ee","description":"","publisher":{"@id":"https:\/\/sulin.ee\/en\/#organization"},"potentialAction":[{"@type":"SearchAction","target":{"@type":"EntryPoint","urlTemplate":"https:\/\/sulin.ee\/en\/?s={search_term_string}"},"query-input":{"@type":"PropertyValueSpecification","valueRequired":true,"valueName":"search_term_string"}}],"inLanguage":"en-US"},{"@type":"Organization","@id":"https:\/\/sulin.ee\/en\/#organization","name":"SULIN TRADE O\u00dc","url":"https:\/\/sulin.ee\/en\/","logo":{"@type":"ImageObject","inLanguage":"en-US","@id":"https:\/\/sulin.ee\/en\/#\/schema\/logo\/image\/","url":"https:\/\/sulin.ee\/wp-content\/uploads\/2022\/11\/sulin-logo.png","contentUrl":"https:\/\/sulin.ee\/wp-content\/uploads\/2022\/11\/sulin-logo.png","width":871,"height":321,"caption":"SULIN TRADE O\u00dc"},"image":{"@id":"https:\/\/sulin.ee\/en\/#\/schema\/logo\/image\/"},"sameAs":["https:\/\/www.facebook.com\/www.sulin.ee\/","https:\/\/www.instagram.com\/sulintrade\/"]}]}},"builder_content":"","_links":{"self":[{"href":"https:\/\/sulin.ee\/en\/wp-json\/wp\/v2\/product\/39829","targetHints":{"allow":["GET"]}}],"collection":[{"href":"https:\/\/sulin.ee\/en\/wp-json\/wp\/v2\/product"}],"about":[{"href":"https:\/\/sulin.ee\/en\/wp-json\/wp\/v2\/types\/product"}],"replies":[{"embeddable":true,"href":"https:\/\/sulin.ee\/en\/wp-json\/wp\/v2\/comments?post=39829"}],"wp:featuredmedia":[{"embeddable":true,"href":"https:\/\/sulin.ee\/en\/wp-json\/wp\/v2\/media\/42683"}],"wp:attachment":[{"href":"https:\/\/sulin.ee\/en\/wp-json\/wp\/v2\/media?parent=39829"}],"wp:term":[{"taxonomy":"product_brand","embeddable":true,"href":"https:\/\/sulin.ee\/en\/wp-json\/wp\/v2\/product_brand?post=39829"},{"taxonomy":"product_cat","embeddable":true,"href":"https:\/\/sulin.ee\/en\/wp-json\/wp\/v2\/product_cat?post=39829"},{"taxonomy":"product_tag","embeddable":true,"href":"https:\/\/sulin.ee\/en\/wp-json\/wp\/v2\/product_tag?post=39829"}],"curies":[{"name":"wp","href":"https:\/\/api.w.org\/{rel}","templated":true}]}}