{"id":39792,"date":"2025-03-09T13:14:10","date_gmt":"2025-03-09T13:14:10","guid":{"rendered":"https:\/\/sulin.ee\/toode\/mangimunad-eemaldatavad-puidust-munakollased\/"},"modified":"2026-03-07T18:57:26","modified_gmt":"2026-03-07T18:57:26","slug":"mangumunad-eemaldatavate-munakollastega","status":"publish","type":"product","link":"https:\/\/sulin.ee\/en\/toode\/mangumunad-eemaldatavate-munakollastega\/","title":{"rendered":"M\u00e4ngumunad eemaldatavate munakollastega"},"content":{"rendered":"<div class=\"flex max-w-full flex-col flex-grow\">\n<div class=\"min-h-8 text-message relative flex w-full flex-col items-end gap-2 whitespace-normal break-words text-start [.text-message+&amp;]:mt-5\" dir=\"auto\" data-message-author-role=\"assistant\" data-message-id=\"7aa5bf4d-41ae-4a73-b289-9d534714b829\" data-message-model-slug=\"gpt-4\">\n<div class=\"flex w-full flex-col gap-1 empty:hidden first:pt-[3px]\">\n<div class=\"markdown prose w-full break-words dark:prose-invert light\">\n<p data-start=\"81\" data-end=\"454\"><strong>M\u00e4ngumunad eemaldatavate munakollastega<\/strong> \u2013 p\u00f5nev ja hariv m\u00e4nguasi, mis pakub lastele v\u00f5imalust avastada toiduvalmistamise maailma turvaliselt ja loovalt. Need puidust valmistatud m\u00e4ngumunad on t\u00e4iuslikud v\u00e4ikestele kokkadele, kes armastavad j\u00e4rgi teha t\u00e4iskasvanute toimetusi k\u00f6\u00f6gis, arendades samal ajal nende loogilist m\u00f5tlemist ja motoorset koordinatsiooni.<\/p>\n<p data-start=\"456\" data-end=\"491\"><strong data-start=\"459\" data-end=\"491\">Hariduslik v\u00e4\u00e4rtus ja areng:<\/strong><\/p>\n<ul data-start=\"492\" data-end=\"911\">\n<li data-start=\"492\" data-end=\"722\"><strong data-start=\"494\" data-end=\"557\">\ud83d\udfe2 Loogilise m\u00f5tlemise ja motoorse koordinatsiooni arendamine:<\/strong> M\u00e4ngumunad v\u00f5imaldavad lastel harjutada peenmotoorikat ja silma-k\u00e4e koordinatsiooni, aidates neil \u00f5ppida, kuidas munad avanevad ja kuidas munakollased eemaldatakse.<\/li>\n<li data-start=\"723\" data-end=\"911\"><strong data-start=\"725\" data-end=\"741\">\ud83d\udfe2 Rollim\u00e4ngud:<\/strong> Ideaalne vahend rollim\u00e4ngudeks, kus lapsed saavad teeselda toidu valmistamist, teenindamist poes v\u00f5i t\u00f6\u00f6tamist restoranis, edendades nii sotsiaalseid oskusi ja koost\u00f6\u00f6d.<\/li>\n<\/ul>\n<p data-start=\"913\" data-end=\"941\"><strong data-start=\"916\" data-end=\"941\">Ohutus ja materjalid:<\/strong><\/p>\n<ul data-start=\"942\" data-end=\"1259\">\n<li data-start=\"942\" data-end=\"1121\"><strong data-start=\"944\" data-end=\"972\">\ud83d\udfe2 Turvaline ja vastupidav:<\/strong> M\u00e4nguasjad on valmistatud kvaliteetsest puidust ja viimistletud ohutute, mittetoksiliste materjalidega, mis tagavad pikaajalise kestvuse ja ohutuse.<\/li>\n<li data-start=\"1122\" data-end=\"1259\"><strong data-start=\"1124\" data-end=\"1147\">\ud83d\udfe2 Esteetiline disain:<\/strong> Komplekt on pakendatud ilusasse karpi, mis j\u00e4ljendab t\u00f5elist munakarpi, muutes selle suurep\u00e4raseks kingiideeks.<\/li>\n<\/ul>\n<p data-start=\"1261\" data-end=\"1283\"><strong data-start=\"1264\" data-end=\"1283\">Komplekti sisu:<\/strong><\/p>\n<ul data-start=\"1284\" data-end=\"1537\">\n<li data-start=\"1284\" data-end=\"1440\"><strong data-start=\"1286\" data-end=\"1302\">\ud83d\udfe2 6 m\u00e4ngumuna:<\/strong> Komplektis on kolm tervet muna ja kolm muna eemaldatava munakollasega, pakkudes lapsel v\u00f5imalust avastada ja \u00f5ppida munade koostisosasid.<\/li>\n<li data-start=\"1441\" data-end=\"1537\"><strong data-start=\"1443\" data-end=\"1454\">\ud83d\udfe2 Pakend:<\/strong> M\u00f5\u00f5tmed 15,5 cm x 10 cm x 6 cm, ideaalne suurus hoiustamiseks ja transportimiseks.<\/li>\n<\/ul>\n<p data-start=\"1539\" data-end=\"1981\" data-is-last-node=\"\" data-is-only-node=\"\"><strong data-start=\"1539\" data-end=\"1578\">M\u00e4nguasja kasutusalad ja kingiidee:<\/strong> M\u00e4ngumunad eemaldatavate munakollastega mitte ainult ei pakuta meelelahutust, vaid ka \u00f5petavad lapsi toidu ja k\u00f6\u00f6gi p\u00f5hit\u00f5desid. Need on suurep\u00e4rased vahendid vanematele, kes soovivad tutvustada oma lastele tervislikke toitumisharjumusi ja toidu ettevalmistamise protsessi.<\/p>\n<p data-start=\"1539\" data-end=\"1981\" data-is-last-node=\"\" data-is-only-node=\"\"><strong>Sobiv vanus:<\/strong> 3+ aastat.<\/p>\n<p data-start=\"1539\" data-end=\"1981\" data-is-last-node=\"\" data-is-only-node=\"\">Tutvu ka meie laia valikuga teistest m\u00e4nguk\u00f6\u00f6gi m\u00e4nguasjadest, mis pakuvad l\u00f5bu ja \u00f5petavad samal ajal. <strong><a href=\"https:\/\/sulin.ee\/tootekategooria\/mangimine\/rollimangud\/koogimanguasjad\/\">Leiad siit<\/a><\/strong><\/p>\n<\/div>\n<\/div>\n<\/div>\n<\/div>\n","protected":false},"excerpt":{"rendered":"<p><strong>Avasta M\u00e4ngumunad eemaldatavate munakollastega<\/strong>, mis on ideaalne m\u00e4nguasi noortele kokkadele! Need puidust valmistatud m\u00e4ngumunad koos eemaldatavate munakollastega pakuvad suurep\u00e4rast v\u00f5imalust \u00f5ppida toiduvalmistamise p\u00f5hit\u00f5desid, arendades samal ajal loogilist m\u00f5tlemist ja motoorset koordinatsiooni.<\/p>\n<p><strong>Komplekti kuuluvad:<\/strong> 6 munale &#8211; 3 tervet, 3 eemaldatavate munakollastega.<\/p>\n","protected":false},"featured_media":39793,"comment_status":"open","ping_status":"closed","template":"","meta":[],"product_brand":[],"product_cat":[110,1162,1165,1166,176,1011,1012,175,23],"product_tag":[],"class_list":{"0":"post-39792","1":"product","2":"type-product","3":"status-publish","4":"has-post-thumbnail","6":"product_cat-mangimine","7":"product_cat-kingituseks","8":"product_cat-3-5-aastat","9":"product_cat-6-8-aastat","10":"product_cat-rollimangud","11":"product_cat-koogimanguasjad","12":"product_cat-poemang","13":"product_cat-puidust-manguasjad","14":"product_cat-soodus","15":"has-post-title","16":"has-post-date","17":"has-post-category","18":"has-post-tag","19":"has-post-comment","20":"has-post-author","21":"","23":"first","24":"instock","25":"sale","26":"taxable","27":"shipping-taxable","28":"purchasable","29":"product-type-simple"},"yoast_head":"<!-- This site is optimized with the Yoast SEO plugin v26.8 - https:\/\/yoast.com\/product\/yoast-seo-wordpress\/ -->\n<title>M\u00e4ngumunad eemaldatavate munakollastega - sulin.ee<\/title>\n<meta name=\"description\" content=\"M\u00e4ngumunad eemaldatavate munakollastega ja avasta, kuidas see aitab lastel toiduvalmistamise oskusi m\u00e4nguliselt arendada.\" \/>\n<meta name=\"robots\" content=\"index, follow, max-snippet:-1, max-image-preview:large, max-video-preview:-1\" \/>\n<link rel=\"canonical\" href=\"https:\/\/sulin.ee\/en\/toode\/mangumunad-eemaldatavate-munakollastega\/\" \/>\n<meta property=\"og:locale\" content=\"en_US\" \/>\n<meta property=\"og:type\" content=\"article\" \/>\n<meta property=\"og:title\" content=\"M\u00e4ngumunad eemaldatavate munakollastega - sulin.ee\" \/>\n<meta property=\"og:description\" content=\"M\u00e4ngumunad eemaldatavate munakollastega ja avasta, kuidas see aitab lastel toiduvalmistamise oskusi m\u00e4nguliselt arendada.\" \/>\n<meta property=\"og:url\" content=\"https:\/\/sulin.ee\/en\/toode\/mangumunad-eemaldatavate-munakollastega\/\" \/>\n<meta property=\"og:site_name\" content=\"sulin.ee\" \/>\n<meta property=\"article:publisher\" content=\"https:\/\/www.facebook.com\/www.sulin.ee\/\" \/>\n<meta property=\"article:modified_time\" content=\"2026-03-07T18:57:26+00:00\" \/>\n<meta property=\"og:image\" content=\"https:\/\/sulin.ee\/wp-content\/uploads\/2025\/02\/Jajka-do-zabawy-wyjmowane-zoltka-drewniane-933671.jpg\" \/>\n\t<meta property=\"og:image:width\" content=\"1200\" \/>\n\t<meta property=\"og:image:height\" content=\"1274\" \/>\n\t<meta property=\"og:image:type\" content=\"image\/jpeg\" \/>\n<meta name=\"twitter:card\" content=\"summary_large_image\" \/>\n<meta name=\"twitter:label1\" content=\"Est. reading time\" \/>\n\t<meta name=\"twitter:data1\" content=\"2 minutes\" \/>\n<script type=\"application\/ld+json\" class=\"yoast-schema-graph\">{\"@context\":\"https:\/\/schema.org\",\"@graph\":[{\"@type\":\"WebPage\",\"@id\":\"https:\/\/sulin.ee\/en\/toode\/mangumunad-eemaldatavate-munakollastega\/\",\"url\":\"https:\/\/sulin.ee\/en\/toode\/mangumunad-eemaldatavate-munakollastega\/\",\"name\":\"M\u00e4ngumunad eemaldatavate munakollastega - sulin.ee\",\"isPartOf\":{\"@id\":\"https:\/\/sulin.ee\/en\/#website\"},\"primaryImageOfPage\":{\"@id\":\"https:\/\/sulin.ee\/en\/toode\/mangumunad-eemaldatavate-munakollastega\/#primaryimage\"},\"image\":{\"@id\":\"https:\/\/sulin.ee\/en\/toode\/mangumunad-eemaldatavate-munakollastega\/#primaryimage\"},\"thumbnailUrl\":\"https:\/\/sulin.ee\/wp-content\/uploads\/2025\/02\/Jajka-do-zabawy-wyjmowane-zoltka-drewniane-933671.jpg\",\"datePublished\":\"2025-03-09T13:14:10+00:00\",\"dateModified\":\"2026-03-07T18:57:26+00:00\",\"description\":\"M\u00e4ngumunad eemaldatavate munakollastega ja avasta, kuidas see aitab lastel toiduvalmistamise oskusi m\u00e4nguliselt arendada.\",\"breadcrumb\":{\"@id\":\"https:\/\/sulin.ee\/en\/toode\/mangumunad-eemaldatavate-munakollastega\/#breadcrumb\"},\"inLanguage\":\"en-US\",\"potentialAction\":[{\"@type\":\"ReadAction\",\"target\":[\"https:\/\/sulin.ee\/en\/toode\/mangumunad-eemaldatavate-munakollastega\/\"]}]},{\"@type\":\"ImageObject\",\"inLanguage\":\"en-US\",\"@id\":\"https:\/\/sulin.ee\/en\/toode\/mangumunad-eemaldatavate-munakollastega\/#primaryimage\",\"url\":\"https:\/\/sulin.ee\/wp-content\/uploads\/2025\/02\/Jajka-do-zabawy-wyjmowane-zoltka-drewniane-933671.jpg\",\"contentUrl\":\"https:\/\/sulin.ee\/wp-content\/uploads\/2025\/02\/Jajka-do-zabawy-wyjmowane-zoltka-drewniane-933671.jpg\",\"width\":1200,\"height\":1274,\"caption\":\"M\u00e4ngumunad eemaldatavate munakollastega\"},{\"@type\":\"BreadcrumbList\",\"@id\":\"https:\/\/sulin.ee\/en\/toode\/mangumunad-eemaldatavate-munakollastega\/#breadcrumb\",\"itemListElement\":[{\"@type\":\"ListItem\",\"position\":1,\"name\":\"Home\",\"item\":\"https:\/\/sulin.ee\/en\/\"},{\"@type\":\"ListItem\",\"position\":2,\"name\":\"Sulin.ee e-pood\",\"item\":\"https:\/\/sulin.ee\/shop\/\"},{\"@type\":\"ListItem\",\"position\":3,\"name\":\"M\u00e4ngumunad eemaldatavate munakollastega\"}]},{\"@type\":\"WebSite\",\"@id\":\"https:\/\/sulin.ee\/en\/#website\",\"url\":\"https:\/\/sulin.ee\/en\/\",\"name\":\"sulin.ee\",\"description\":\"\",\"publisher\":{\"@id\":\"https:\/\/sulin.ee\/en\/#organization\"},\"potentialAction\":[{\"@type\":\"SearchAction\",\"target\":{\"@type\":\"EntryPoint\",\"urlTemplate\":\"https:\/\/sulin.ee\/en\/?s={search_term_string}\"},\"query-input\":{\"@type\":\"PropertyValueSpecification\",\"valueRequired\":true,\"valueName\":\"search_term_string\"}}],\"inLanguage\":\"en-US\"},{\"@type\":\"Organization\",\"@id\":\"https:\/\/sulin.ee\/en\/#organization\",\"name\":\"SULIN TRADE O\u00dc\",\"url\":\"https:\/\/sulin.ee\/en\/\",\"logo\":{\"@type\":\"ImageObject\",\"inLanguage\":\"en-US\",\"@id\":\"https:\/\/sulin.ee\/en\/#\/schema\/logo\/image\/\",\"url\":\"https:\/\/sulin.ee\/wp-content\/uploads\/2022\/11\/sulin-logo.png\",\"contentUrl\":\"https:\/\/sulin.ee\/wp-content\/uploads\/2022\/11\/sulin-logo.png\",\"width\":871,\"height\":321,\"caption\":\"SULIN TRADE O\u00dc\"},\"image\":{\"@id\":\"https:\/\/sulin.ee\/en\/#\/schema\/logo\/image\/\"},\"sameAs\":[\"https:\/\/www.facebook.com\/www.sulin.ee\/\",\"https:\/\/www.instagram.com\/sulintrade\/\"]}]}<\/script>\n<!-- \/ Yoast SEO plugin. -->","yoast_head_json":{"title":"M\u00e4ngumunad eemaldatavate munakollastega - sulin.ee","description":"M\u00e4ngumunad eemaldatavate munakollastega ja avasta, kuidas see aitab lastel toiduvalmistamise oskusi m\u00e4nguliselt arendada.","robots":{"index":"index","follow":"follow","max-snippet":"max-snippet:-1","max-image-preview":"max-image-preview:large","max-video-preview":"max-video-preview:-1"},"canonical":"https:\/\/sulin.ee\/en\/toode\/mangumunad-eemaldatavate-munakollastega\/","og_locale":"en_US","og_type":"article","og_title":"M\u00e4ngumunad eemaldatavate munakollastega - sulin.ee","og_description":"M\u00e4ngumunad eemaldatavate munakollastega ja avasta, kuidas see aitab lastel toiduvalmistamise oskusi m\u00e4nguliselt arendada.","og_url":"https:\/\/sulin.ee\/en\/toode\/mangumunad-eemaldatavate-munakollastega\/","og_site_name":"sulin.ee","article_publisher":"https:\/\/www.facebook.com\/www.sulin.ee\/","article_modified_time":"2026-03-07T18:57:26+00:00","og_image":[{"width":1200,"height":1274,"url":"https:\/\/sulin.ee\/wp-content\/uploads\/2025\/02\/Jajka-do-zabawy-wyjmowane-zoltka-drewniane-933671.jpg","type":"image\/jpeg"}],"twitter_card":"summary_large_image","twitter_misc":{"Est. reading time":"2 minutes"},"schema":{"@context":"https:\/\/schema.org","@graph":[{"@type":"WebPage","@id":"https:\/\/sulin.ee\/en\/toode\/mangumunad-eemaldatavate-munakollastega\/","url":"https:\/\/sulin.ee\/en\/toode\/mangumunad-eemaldatavate-munakollastega\/","name":"M\u00e4ngumunad eemaldatavate munakollastega - sulin.ee","isPartOf":{"@id":"https:\/\/sulin.ee\/en\/#website"},"primaryImageOfPage":{"@id":"https:\/\/sulin.ee\/en\/toode\/mangumunad-eemaldatavate-munakollastega\/#primaryimage"},"image":{"@id":"https:\/\/sulin.ee\/en\/toode\/mangumunad-eemaldatavate-munakollastega\/#primaryimage"},"thumbnailUrl":"https:\/\/sulin.ee\/wp-content\/uploads\/2025\/02\/Jajka-do-zabawy-wyjmowane-zoltka-drewniane-933671.jpg","datePublished":"2025-03-09T13:14:10+00:00","dateModified":"2026-03-07T18:57:26+00:00","description":"M\u00e4ngumunad eemaldatavate munakollastega ja avasta, kuidas see aitab lastel toiduvalmistamise oskusi m\u00e4nguliselt arendada.","breadcrumb":{"@id":"https:\/\/sulin.ee\/en\/toode\/mangumunad-eemaldatavate-munakollastega\/#breadcrumb"},"inLanguage":"en-US","potentialAction":[{"@type":"ReadAction","target":["https:\/\/sulin.ee\/en\/toode\/mangumunad-eemaldatavate-munakollastega\/"]}]},{"@type":"ImageObject","inLanguage":"en-US","@id":"https:\/\/sulin.ee\/en\/toode\/mangumunad-eemaldatavate-munakollastega\/#primaryimage","url":"https:\/\/sulin.ee\/wp-content\/uploads\/2025\/02\/Jajka-do-zabawy-wyjmowane-zoltka-drewniane-933671.jpg","contentUrl":"https:\/\/sulin.ee\/wp-content\/uploads\/2025\/02\/Jajka-do-zabawy-wyjmowane-zoltka-drewniane-933671.jpg","width":1200,"height":1274,"caption":"M\u00e4ngumunad eemaldatavate munakollastega"},{"@type":"BreadcrumbList","@id":"https:\/\/sulin.ee\/en\/toode\/mangumunad-eemaldatavate-munakollastega\/#breadcrumb","itemListElement":[{"@type":"ListItem","position":1,"name":"Home","item":"https:\/\/sulin.ee\/en\/"},{"@type":"ListItem","position":2,"name":"Sulin.ee e-pood","item":"https:\/\/sulin.ee\/shop\/"},{"@type":"ListItem","position":3,"name":"M\u00e4ngumunad eemaldatavate munakollastega"}]},{"@type":"WebSite","@id":"https:\/\/sulin.ee\/en\/#website","url":"https:\/\/sulin.ee\/en\/","name":"sulin.ee","description":"","publisher":{"@id":"https:\/\/sulin.ee\/en\/#organization"},"potentialAction":[{"@type":"SearchAction","target":{"@type":"EntryPoint","urlTemplate":"https:\/\/sulin.ee\/en\/?s={search_term_string}"},"query-input":{"@type":"PropertyValueSpecification","valueRequired":true,"valueName":"search_term_string"}}],"inLanguage":"en-US"},{"@type":"Organization","@id":"https:\/\/sulin.ee\/en\/#organization","name":"SULIN TRADE O\u00dc","url":"https:\/\/sulin.ee\/en\/","logo":{"@type":"ImageObject","inLanguage":"en-US","@id":"https:\/\/sulin.ee\/en\/#\/schema\/logo\/image\/","url":"https:\/\/sulin.ee\/wp-content\/uploads\/2022\/11\/sulin-logo.png","contentUrl":"https:\/\/sulin.ee\/wp-content\/uploads\/2022\/11\/sulin-logo.png","width":871,"height":321,"caption":"SULIN TRADE O\u00dc"},"image":{"@id":"https:\/\/sulin.ee\/en\/#\/schema\/logo\/image\/"},"sameAs":["https:\/\/www.facebook.com\/www.sulin.ee\/","https:\/\/www.instagram.com\/sulintrade\/"]}]}},"builder_content":"","_links":{"self":[{"href":"https:\/\/sulin.ee\/en\/wp-json\/wp\/v2\/product\/39792","targetHints":{"allow":["GET"]}}],"collection":[{"href":"https:\/\/sulin.ee\/en\/wp-json\/wp\/v2\/product"}],"about":[{"href":"https:\/\/sulin.ee\/en\/wp-json\/wp\/v2\/types\/product"}],"replies":[{"embeddable":true,"href":"https:\/\/sulin.ee\/en\/wp-json\/wp\/v2\/comments?post=39792"}],"wp:featuredmedia":[{"embeddable":true,"href":"https:\/\/sulin.ee\/en\/wp-json\/wp\/v2\/media\/39793"}],"wp:attachment":[{"href":"https:\/\/sulin.ee\/en\/wp-json\/wp\/v2\/media?parent=39792"}],"wp:term":[{"taxonomy":"product_brand","embeddable":true,"href":"https:\/\/sulin.ee\/en\/wp-json\/wp\/v2\/product_brand?post=39792"},{"taxonomy":"product_cat","embeddable":true,"href":"https:\/\/sulin.ee\/en\/wp-json\/wp\/v2\/product_cat?post=39792"},{"taxonomy":"product_tag","embeddable":true,"href":"https:\/\/sulin.ee\/en\/wp-json\/wp\/v2\/product_tag?post=39792"}],"curies":[{"name":"wp","href":"https:\/\/api.w.org\/{rel}","templated":true}]}}