{"id":39779,"date":"2025-02-19T13:14:06","date_gmt":"2025-02-19T13:14:06","guid":{"rendered":"https:\/\/sulin.ee\/toode\/varviline-puidust-dulcimer-lastele-krokodill\/"},"modified":"2025-03-14T18:41:22","modified_gmt":"2025-03-14T18:41:22","slug":"varviline-puidust-ksulofon-krokodill","status":"publish","type":"product","link":"https:\/\/sulin.ee\/en\/toode\/varviline-puidust-ksulofon-krokodill\/","title":{"rendered":"V\u00e4rviline puidust ks\u00fclofon &#8211; Krokodill"},"content":{"rendered":"<p><strong>V\u00e4rviline puidust ks\u00fclofoni<\/strong> on suurep\u00e4rane esimene muusikainstrument teie v\u00e4ikesele muusikule. See kaunis ja l\u00f5bus muusikariist on valmistatud kvaliteetsest puidust ning varustatud kaheksa erineva metallist heliplaadiga, mis on v\u00e4rvitud erksates toonides.<\/p>\n<div class=\"flex max-w-full flex-col flex-grow\">\n<div class=\"min-h-8 text-message relative flex w-full flex-col items-end gap-2 whitespace-normal break-words text-start [.text-message+&amp;]:mt-5\" dir=\"auto\" data-message-author-role=\"assistant\" data-message-id=\"8dd8ae8e-d737-49e6-bda4-a07e27e2253a\" data-message-model-slug=\"gpt-4\">\n<div class=\"flex w-full flex-col gap-1 empty:hidden first:pt-[3px]\">\n<div class=\"markdown prose w-full break-words dark:prose-invert light\">\n<p data-start=\"343\" data-end=\"386\"><strong data-start=\"346\" data-end=\"386\">\u00d5ppev\u00e4\u00e4rtused ja arendavad omadused:<\/strong><\/p>\n<ul data-start=\"387\" data-end=\"836\">\n<li data-start=\"387\" data-end=\"528\"><strong data-start=\"389\" data-end=\"416\">\ud83d\udfe2 Muusikaline avastamine:<\/strong> Ks\u00fclofon aitab lastel tutvuda erinevate helide ja r\u00fctmidega, arendades nende muusikalist kuulmist ja r\u00fctmitaju.<\/li>\n<li data-start=\"529\" data-end=\"703\"><strong data-start=\"531\" data-end=\"562\">\ud83d\udfe2 Loovuse ja m\u00e4lu edendamine:<\/strong> Pilli m\u00e4ngimine julgustab loovat m\u00f5tlemist ja parandab m\u00e4lu ning keskendumisv\u00f5imet, kuna lapsed \u00f5pivad j\u00e4rjestama noote ja looma meloodiaid.<\/li>\n<li data-start=\"704\" data-end=\"836\"><strong data-start=\"706\" data-end=\"740\">\ud83d\udfe2 Motoorsete oskuste arendamine:<\/strong> L\u00fc\u00fces pulkadega metallplaatidele, arendavad lapsed peenmotoorikat ja silma-k\u00e4e koordinatsiooni.<\/li>\n<\/ul>\n<p data-start=\"838\" data-end=\"873\"><strong data-start=\"841\" data-end=\"873\">L\u00f5bus ja kaasahaarav disain:<\/strong><\/p>\n<ul data-start=\"874\" data-end=\"1233\">\n<li data-start=\"874\" data-end=\"1052\"><strong data-start=\"876\" data-end=\"897\">\ud83d\udfe2 V\u00e4rvikas v\u00e4limus:<\/strong> Ks\u00fclofoni erksad ja soojad v\u00e4rvid ei ole ainult visuaalselt meeldivad, vaid ka innustavad last m\u00e4ngima ja uurima, \u00f5petades samal ajal ka v\u00e4rvide nimetusi.<\/li>\n<li data-start=\"1053\" data-end=\"1233\"><strong data-start=\"1055\" data-end=\"1077\">\ud83d\udfe2 Kergesti m\u00e4ngitav:<\/strong> Lapsed saavad \u00f5rnalt pulkadega metallplaate l\u00fc\u00fca, tekitades helisid, mille intensiivsus s\u00f5ltub l\u00f6\u00f6gi tugevusest, \u00f5petades neile p\u00f5hjuse ja tagaj\u00e4rje seost.<\/li>\n<\/ul>\n<p data-start=\"1235\" data-end=\"1261\"><strong data-start=\"1238\" data-end=\"1261\">Ideaalne kingiidee: <\/strong>Universaalne m\u00e4nguasi, mis sobib nii poistele kui t\u00fcdrukutele ning on suurep\u00e4rane kingitus s\u00fcnnip\u00e4evaks v\u00f5i j\u00f5uludeks. See on kindel valik, mis pakub tunde l\u00f5bu ja \u00f5ppimist.<\/p>\n<p data-start=\"1439\" data-end=\"1458\"><strong data-start=\"1439\" data-end=\"1458\">Komplekti sisu: <\/strong>Puidust ks\u00fclofon, kaks puidust m\u00e4ngupulka, \u00f5petuskaart m\u00f5ningate lihtsate muusikaliste paladega.<\/p>\n<p data-start=\"1582\" data-end=\"1604\"><strong data-start=\"1582\" data-end=\"1604\">M\u00f5\u00f5tmed ja pakend:<\/strong><\/p>\n<ul data-start=\"1605\" data-end=\"1802\">\n<li data-start=\"1605\" data-end=\"1641\"><strong data-start=\"1607\" data-end=\"1620\">\ud83d\udfe2 Ks\u00fclofon:<\/strong> 25 cm x 12 cm x 2 cm<\/li>\n<li data-start=\"1642\" data-end=\"1669\"><strong data-start=\"1644\" data-end=\"1663\">\ud83d\udfe2 Pulkade pikkus:<\/strong> 17 cm<\/li>\n<li data-start=\"1670\" data-end=\"1715\"><strong data-start=\"1672\" data-end=\"1692\">\ud83d\udfe2 Pakendi m\u00f5\u00f5tmed:<\/strong> 25 cm x 15 cm x 2,5 cm<\/li>\n<li data-start=\"1716\" data-end=\"1802\">\ud83d\udfe2 Pakendatud esteetiliselt meeldivasse karpi, mis muudab selle ideaalseks kingituseks.<\/li>\n<\/ul>\n<p data-start=\"1804\" data-end=\"1950\" data-is-last-node=\"\" data-is-only-node=\"\">See v\u00e4rviline puidust ks\u00fclofon mitte ainult ei r\u00f5\u00f5musta teie last, vaid toetab ka tema \u00fcldist arengut, muutes \u00f5ppimise l\u00f5busaks ja kaasahaaravaks. Avasta ka meie teisi muusikariistu, et rikastada oma lapse muusikalist teekonda veelgi! <strong><a href=\"https:\/\/sulin.ee\/tootekategooria\/mangimine\/muusika-ja-helid\/\">Leiad siit!<\/a><\/strong><\/p>\n<p data-start=\"1804\" data-end=\"1950\" data-is-last-node=\"\" data-is-only-node=\"\"><strong>Valmistatud:<\/strong> Hiinas<\/p>\n<\/div>\n<\/div>\n<\/div>\n<\/div>\n","protected":false},"excerpt":{"rendered":"<p><strong>V\u00e4rviline krokodillikujuline puidust ks\u00fclofon<\/strong> on ideaalne esimene instrument, mis pakub lastele v\u00f5imalust tutvuda muusika maailmaga, arendades nende r\u00fctmitaju, loovust ja motoorseid oskusi. Selle erksad v\u00e4rvid ja lihtne kasutus teevad \u00f5ppimise l\u00f5busaks, samal ajal kui kvaliteetne konstruktsioon tagab kestvuse.<\/p>\n","protected":false},"featured_media":41150,"comment_status":"open","ping_status":"closed","template":"","meta":[],"product_brand":[],"product_cat":[110,946,23],"product_tag":[],"class_list":{"0":"post-39779","1":"product","2":"type-product","3":"status-publish","4":"has-post-thumbnail","6":"product_cat-mangimine","7":"product_cat-muusika-ja-helid","8":"product_cat-soodus","9":"has-post-title","10":"has-post-date","11":"has-post-category","12":"has-post-tag","13":"has-post-comment","14":"has-post-author","15":"","17":"first","18":"instock","19":"sale","20":"taxable","21":"shipping-taxable","22":"purchasable","23":"product-type-simple"},"yoast_head":"<!-- This site is optimized with the Yoast SEO plugin v26.8 - https:\/\/yoast.com\/product\/yoast-seo-wordpress\/ -->\n<title>V\u00e4rviline puidust ks\u00fclofon - Krokodill - sulin.ee<\/title>\n<meta name=\"description\" content=\"V\u00e4rviline puidust ks\u00fclofon \u2013 suurep\u00e4rane algus lapse muusikalisele haridusele, mis arendab r\u00fctmitaju ja loovust. Inspireeri oma last.\" \/>\n<meta name=\"robots\" content=\"index, follow, max-snippet:-1, max-image-preview:large, max-video-preview:-1\" \/>\n<link rel=\"canonical\" href=\"https:\/\/sulin.ee\/en\/toode\/varviline-puidust-ksulofon-krokodill\/\" \/>\n<meta property=\"og:locale\" content=\"en_US\" \/>\n<meta property=\"og:type\" content=\"article\" \/>\n<meta property=\"og:title\" content=\"V\u00e4rviline puidust ks\u00fclofon - Krokodill - sulin.ee\" \/>\n<meta property=\"og:description\" content=\"V\u00e4rviline puidust ks\u00fclofon \u2013 suurep\u00e4rane algus lapse muusikalisele haridusele, mis arendab r\u00fctmitaju ja loovust. Inspireeri oma last.\" \/>\n<meta property=\"og:url\" content=\"https:\/\/sulin.ee\/en\/toode\/varviline-puidust-ksulofon-krokodill\/\" \/>\n<meta property=\"og:site_name\" content=\"sulin.ee\" \/>\n<meta property=\"article:publisher\" content=\"https:\/\/www.facebook.com\/www.sulin.ee\/\" \/>\n<meta property=\"article:modified_time\" content=\"2025-03-14T18:41:22+00:00\" \/>\n<meta property=\"og:image\" content=\"https:\/\/sulin.ee\/wp-content\/uploads\/2025\/02\/Piltide-korrektuurid-kodulehel-2025-03-10T120254.151.png\" \/>\n\t<meta property=\"og:image:width\" content=\"1080\" \/>\n\t<meta property=\"og:image:height\" content=\"1080\" \/>\n\t<meta property=\"og:image:type\" content=\"image\/png\" \/>\n<meta name=\"twitter:card\" content=\"summary_large_image\" \/>\n<meta name=\"twitter:label1\" content=\"Est. reading time\" \/>\n\t<meta name=\"twitter:data1\" content=\"2 minutes\" \/>\n<script type=\"application\/ld+json\" class=\"yoast-schema-graph\">{\"@context\":\"https:\/\/schema.org\",\"@graph\":[{\"@type\":\"WebPage\",\"@id\":\"https:\/\/sulin.ee\/en\/toode\/varviline-puidust-ksulofon-krokodill\/\",\"url\":\"https:\/\/sulin.ee\/en\/toode\/varviline-puidust-ksulofon-krokodill\/\",\"name\":\"V\u00e4rviline puidust ks\u00fclofon - Krokodill - sulin.ee\",\"isPartOf\":{\"@id\":\"https:\/\/sulin.ee\/en\/#website\"},\"primaryImageOfPage\":{\"@id\":\"https:\/\/sulin.ee\/en\/toode\/varviline-puidust-ksulofon-krokodill\/#primaryimage\"},\"image\":{\"@id\":\"https:\/\/sulin.ee\/en\/toode\/varviline-puidust-ksulofon-krokodill\/#primaryimage\"},\"thumbnailUrl\":\"https:\/\/sulin.ee\/wp-content\/uploads\/2025\/02\/Piltide-korrektuurid-kodulehel-2025-03-10T120254.151.png\",\"datePublished\":\"2025-02-19T13:14:06+00:00\",\"dateModified\":\"2025-03-14T18:41:22+00:00\",\"description\":\"V\u00e4rviline puidust ks\u00fclofon \u2013 suurep\u00e4rane algus lapse muusikalisele haridusele, mis arendab r\u00fctmitaju ja loovust. Inspireeri oma last.\",\"breadcrumb\":{\"@id\":\"https:\/\/sulin.ee\/en\/toode\/varviline-puidust-ksulofon-krokodill\/#breadcrumb\"},\"inLanguage\":\"en-US\",\"potentialAction\":[{\"@type\":\"ReadAction\",\"target\":[\"https:\/\/sulin.ee\/en\/toode\/varviline-puidust-ksulofon-krokodill\/\"]}]},{\"@type\":\"ImageObject\",\"inLanguage\":\"en-US\",\"@id\":\"https:\/\/sulin.ee\/en\/toode\/varviline-puidust-ksulofon-krokodill\/#primaryimage\",\"url\":\"https:\/\/sulin.ee\/wp-content\/uploads\/2025\/02\/Piltide-korrektuurid-kodulehel-2025-03-10T120254.151.png\",\"contentUrl\":\"https:\/\/sulin.ee\/wp-content\/uploads\/2025\/02\/Piltide-korrektuurid-kodulehel-2025-03-10T120254.151.png\",\"width\":1080,\"height\":1080,\"caption\":\"V\u00e4rviline puidust ks\u00fclofon\"},{\"@type\":\"BreadcrumbList\",\"@id\":\"https:\/\/sulin.ee\/en\/toode\/varviline-puidust-ksulofon-krokodill\/#breadcrumb\",\"itemListElement\":[{\"@type\":\"ListItem\",\"position\":1,\"name\":\"Home\",\"item\":\"https:\/\/sulin.ee\/en\/\"},{\"@type\":\"ListItem\",\"position\":2,\"name\":\"Sulin.ee e-pood\",\"item\":\"https:\/\/sulin.ee\/shop\/\"},{\"@type\":\"ListItem\",\"position\":3,\"name\":\"V\u00e4rviline puidust ks\u00fclofon &#8211; Krokodill\"}]},{\"@type\":\"WebSite\",\"@id\":\"https:\/\/sulin.ee\/en\/#website\",\"url\":\"https:\/\/sulin.ee\/en\/\",\"name\":\"sulin.ee\",\"description\":\"\",\"publisher\":{\"@id\":\"https:\/\/sulin.ee\/en\/#organization\"},\"potentialAction\":[{\"@type\":\"SearchAction\",\"target\":{\"@type\":\"EntryPoint\",\"urlTemplate\":\"https:\/\/sulin.ee\/en\/?s={search_term_string}\"},\"query-input\":{\"@type\":\"PropertyValueSpecification\",\"valueRequired\":true,\"valueName\":\"search_term_string\"}}],\"inLanguage\":\"en-US\"},{\"@type\":\"Organization\",\"@id\":\"https:\/\/sulin.ee\/en\/#organization\",\"name\":\"SULIN TRADE O\u00dc\",\"url\":\"https:\/\/sulin.ee\/en\/\",\"logo\":{\"@type\":\"ImageObject\",\"inLanguage\":\"en-US\",\"@id\":\"https:\/\/sulin.ee\/en\/#\/schema\/logo\/image\/\",\"url\":\"https:\/\/sulin.ee\/wp-content\/uploads\/2022\/11\/sulin-logo.png\",\"contentUrl\":\"https:\/\/sulin.ee\/wp-content\/uploads\/2022\/11\/sulin-logo.png\",\"width\":871,\"height\":321,\"caption\":\"SULIN TRADE O\u00dc\"},\"image\":{\"@id\":\"https:\/\/sulin.ee\/en\/#\/schema\/logo\/image\/\"},\"sameAs\":[\"https:\/\/www.facebook.com\/www.sulin.ee\/\",\"https:\/\/www.instagram.com\/sulintrade\/\"]}]}<\/script>\n<!-- \/ Yoast SEO plugin. -->","yoast_head_json":{"title":"V\u00e4rviline puidust ks\u00fclofon - Krokodill - sulin.ee","description":"V\u00e4rviline puidust ks\u00fclofon \u2013 suurep\u00e4rane algus lapse muusikalisele haridusele, mis arendab r\u00fctmitaju ja loovust. Inspireeri oma last.","robots":{"index":"index","follow":"follow","max-snippet":"max-snippet:-1","max-image-preview":"max-image-preview:large","max-video-preview":"max-video-preview:-1"},"canonical":"https:\/\/sulin.ee\/en\/toode\/varviline-puidust-ksulofon-krokodill\/","og_locale":"en_US","og_type":"article","og_title":"V\u00e4rviline puidust ks\u00fclofon - Krokodill - sulin.ee","og_description":"V\u00e4rviline puidust ks\u00fclofon \u2013 suurep\u00e4rane algus lapse muusikalisele haridusele, mis arendab r\u00fctmitaju ja loovust. Inspireeri oma last.","og_url":"https:\/\/sulin.ee\/en\/toode\/varviline-puidust-ksulofon-krokodill\/","og_site_name":"sulin.ee","article_publisher":"https:\/\/www.facebook.com\/www.sulin.ee\/","article_modified_time":"2025-03-14T18:41:22+00:00","og_image":[{"width":1080,"height":1080,"url":"https:\/\/sulin.ee\/wp-content\/uploads\/2025\/02\/Piltide-korrektuurid-kodulehel-2025-03-10T120254.151.png","type":"image\/png"}],"twitter_card":"summary_large_image","twitter_misc":{"Est. reading time":"2 minutes"},"schema":{"@context":"https:\/\/schema.org","@graph":[{"@type":"WebPage","@id":"https:\/\/sulin.ee\/en\/toode\/varviline-puidust-ksulofon-krokodill\/","url":"https:\/\/sulin.ee\/en\/toode\/varviline-puidust-ksulofon-krokodill\/","name":"V\u00e4rviline puidust ks\u00fclofon - Krokodill - sulin.ee","isPartOf":{"@id":"https:\/\/sulin.ee\/en\/#website"},"primaryImageOfPage":{"@id":"https:\/\/sulin.ee\/en\/toode\/varviline-puidust-ksulofon-krokodill\/#primaryimage"},"image":{"@id":"https:\/\/sulin.ee\/en\/toode\/varviline-puidust-ksulofon-krokodill\/#primaryimage"},"thumbnailUrl":"https:\/\/sulin.ee\/wp-content\/uploads\/2025\/02\/Piltide-korrektuurid-kodulehel-2025-03-10T120254.151.png","datePublished":"2025-02-19T13:14:06+00:00","dateModified":"2025-03-14T18:41:22+00:00","description":"V\u00e4rviline puidust ks\u00fclofon \u2013 suurep\u00e4rane algus lapse muusikalisele haridusele, mis arendab r\u00fctmitaju ja loovust. Inspireeri oma last.","breadcrumb":{"@id":"https:\/\/sulin.ee\/en\/toode\/varviline-puidust-ksulofon-krokodill\/#breadcrumb"},"inLanguage":"en-US","potentialAction":[{"@type":"ReadAction","target":["https:\/\/sulin.ee\/en\/toode\/varviline-puidust-ksulofon-krokodill\/"]}]},{"@type":"ImageObject","inLanguage":"en-US","@id":"https:\/\/sulin.ee\/en\/toode\/varviline-puidust-ksulofon-krokodill\/#primaryimage","url":"https:\/\/sulin.ee\/wp-content\/uploads\/2025\/02\/Piltide-korrektuurid-kodulehel-2025-03-10T120254.151.png","contentUrl":"https:\/\/sulin.ee\/wp-content\/uploads\/2025\/02\/Piltide-korrektuurid-kodulehel-2025-03-10T120254.151.png","width":1080,"height":1080,"caption":"V\u00e4rviline puidust ks\u00fclofon"},{"@type":"BreadcrumbList","@id":"https:\/\/sulin.ee\/en\/toode\/varviline-puidust-ksulofon-krokodill\/#breadcrumb","itemListElement":[{"@type":"ListItem","position":1,"name":"Home","item":"https:\/\/sulin.ee\/en\/"},{"@type":"ListItem","position":2,"name":"Sulin.ee e-pood","item":"https:\/\/sulin.ee\/shop\/"},{"@type":"ListItem","position":3,"name":"V\u00e4rviline puidust ks\u00fclofon &#8211; Krokodill"}]},{"@type":"WebSite","@id":"https:\/\/sulin.ee\/en\/#website","url":"https:\/\/sulin.ee\/en\/","name":"sulin.ee","description":"","publisher":{"@id":"https:\/\/sulin.ee\/en\/#organization"},"potentialAction":[{"@type":"SearchAction","target":{"@type":"EntryPoint","urlTemplate":"https:\/\/sulin.ee\/en\/?s={search_term_string}"},"query-input":{"@type":"PropertyValueSpecification","valueRequired":true,"valueName":"search_term_string"}}],"inLanguage":"en-US"},{"@type":"Organization","@id":"https:\/\/sulin.ee\/en\/#organization","name":"SULIN TRADE O\u00dc","url":"https:\/\/sulin.ee\/en\/","logo":{"@type":"ImageObject","inLanguage":"en-US","@id":"https:\/\/sulin.ee\/en\/#\/schema\/logo\/image\/","url":"https:\/\/sulin.ee\/wp-content\/uploads\/2022\/11\/sulin-logo.png","contentUrl":"https:\/\/sulin.ee\/wp-content\/uploads\/2022\/11\/sulin-logo.png","width":871,"height":321,"caption":"SULIN TRADE O\u00dc"},"image":{"@id":"https:\/\/sulin.ee\/en\/#\/schema\/logo\/image\/"},"sameAs":["https:\/\/www.facebook.com\/www.sulin.ee\/","https:\/\/www.instagram.com\/sulintrade\/"]}]}},"builder_content":"","_links":{"self":[{"href":"https:\/\/sulin.ee\/en\/wp-json\/wp\/v2\/product\/39779","targetHints":{"allow":["GET"]}}],"collection":[{"href":"https:\/\/sulin.ee\/en\/wp-json\/wp\/v2\/product"}],"about":[{"href":"https:\/\/sulin.ee\/en\/wp-json\/wp\/v2\/types\/product"}],"replies":[{"embeddable":true,"href":"https:\/\/sulin.ee\/en\/wp-json\/wp\/v2\/comments?post=39779"}],"wp:featuredmedia":[{"embeddable":true,"href":"https:\/\/sulin.ee\/en\/wp-json\/wp\/v2\/media\/41150"}],"wp:attachment":[{"href":"https:\/\/sulin.ee\/en\/wp-json\/wp\/v2\/media?parent=39779"}],"wp:term":[{"taxonomy":"product_brand","embeddable":true,"href":"https:\/\/sulin.ee\/en\/wp-json\/wp\/v2\/product_brand?post=39779"},{"taxonomy":"product_cat","embeddable":true,"href":"https:\/\/sulin.ee\/en\/wp-json\/wp\/v2\/product_cat?post=39779"},{"taxonomy":"product_tag","embeddable":true,"href":"https:\/\/sulin.ee\/en\/wp-json\/wp\/v2\/product_tag?post=39779"}],"curies":[{"name":"wp","href":"https:\/\/api.w.org\/{rel}","templated":true}]}}