{"id":39687,"date":"2025-03-09T13:13:25","date_gmt":"2025-03-09T13:13:25","guid":{"rendered":"https:\/\/sulin.ee\/toode\/kunstikomplekt-maalimiseks-168el\/"},"modified":"2025-03-30T11:42:50","modified_gmt":"2025-03-30T11:42:50","slug":"kunstniku-kohver-168-osaline","status":"publish","type":"product","link":"https:\/\/sulin.ee\/en\/toode\/kunstniku-kohver-168-osaline\/","title":{"rendered":"Kunstniku kohver 168-osaline"},"content":{"rendered":"<p><strong>Kunstniku kohver 168-osaline<\/strong> \u2013 iga noore kunstniku unistuste komplekt, mis sisaldab k\u00f5iki vajalikke vahendeid loominguliseks v\u00e4ljenduseks. See mitmek\u00fclgne kunstikomplekt on ideaalne kaaslane nii algajatele kui ka kogenud noortele kunstnikele, v\u00f5imaldades luua erinevaid kunstiteoseid alates akvarellmaastikest kuni detailsete visandite ja graafikateni.<\/p>\n<div class=\"flex-1 grow basis-auto overflow-hidden @container\/thread\">\n<div class=\"relative h-full\">\n<div class=\"flex h-full flex-col overflow-y-auto [scrollbar-gutter:stable]\">\n<div class=\"flex flex-col text-sm md:pb-9\">\n<article class=\"w-full text-token-text-primary focus-visible:outline-2 focus-visible:outline-offset-[-4px]\" dir=\"auto\" data-testid=\"conversation-turn-187\" data-scroll-anchor=\"true\">\n<div class=\"text-base my-auto mx-auto py-[18px] px-6\">\n<div class=\"mx-auto flex flex-1 text-base gap-4 md:gap-5 lg:gap-6 md:max-w-3xl lg:max-w-[40rem] xl:max-w-[48rem]\">\n<div class=\"group\/conversation-turn relative flex w-full min-w-0 flex-col agent-turn @xs\/thread:px-0 @sm\/thread:px-1.5 @md\/thread:px-4\">\n<div class=\"flex-col gap-1 md:gap-3\">\n<div class=\"flex max-w-full flex-col flex-grow\">\n<div class=\"min-h-8 text-message relative flex w-full flex-col items-end gap-2 whitespace-normal break-words text-start [.text-message+&amp;]:mt-5\" dir=\"auto\" data-message-author-role=\"assistant\" data-message-id=\"8c20b851-ce3d-45ea-9c59-64db318b6ac3\" data-message-model-slug=\"gpt-4\">\n<div class=\"flex w-full flex-col gap-1 empty:hidden first:pt-[3px]\">\n<div class=\"markdown prose w-full break-words dark:prose-invert light\">\n<p data-start=\"433\" data-end=\"463\"><strong data-start=\"436\" data-end=\"463\">Mitmek\u00fclgsus ja loovus:<\/strong><\/p>\n<ul data-start=\"464\" data-end=\"922\">\n<li data-start=\"464\" data-end=\"744\"><strong data-start=\"466\" data-end=\"494\">\ud83d\udfe2 Erinevad kunstivahendid:<\/strong> Komplekt sisaldab 24 markerit, 24 v\u00e4rvipliiatsit, 48 vahakriiti, 48 \u00f5lipastelli, 12 akvarellv\u00e4rvi, pintslit, pliiatsit, teritajat, kustutuskummi, liimi ja 9 kirjaklambrit, pakkudes piiramatuid v\u00f5imalusi erinevate tehnikate ja stiilide katsetamiseks.<\/li>\n<li data-start=\"745\" data-end=\"922\"><strong data-start=\"747\" data-end=\"772\">\ud83d\udfe2 Korraldus ja mugavus:<\/strong> Iga ese on oma kohal, mis hoiab komplekti korras ja h\u00f5lbustab vajalike vahendite leidmist. J\u00e4ik kaas muudab kohvri ka praktiliseks joonistusplaadiks.<\/li>\n<\/ul>\n<p data-start=\"924\" data-end=\"959\"><strong data-start=\"927\" data-end=\"959\">Kaasaskantavus ja kvaliteet:<\/strong><\/p>\n<ul data-start=\"960\" data-end=\"1351\">\n<li data-start=\"960\" data-end=\"1212\"><strong data-start=\"962\" data-end=\"989\">\ud83d\udfe2 Kompaktne ja k\u00e4ep\u00e4rane:<\/strong> Kogu komplekt on paigutatud esteetiliselt meeldivasse ja vastupidavasse kohvrisse, mida on mugav transportida. See teeb sellest suurep\u00e4rase kaaslase igale poole kaasa v\u00f5tmiseks, olgu see siis puhkus, kool v\u00f5i kunstitunnid.<\/li>\n<li data-start=\"1213\" data-end=\"1351\"><strong data-start=\"1215\" data-end=\"1240\">\ud83d\udfe2 Kvaliteetne materjal:<\/strong> Kasutatud on k\u00f5rgekvaliteetilisi materjale, mis tagavad kunstivahendite pikaajalise kasutuse ja vastupidavuse.<\/li>\n<\/ul>\n<p data-start=\"1353\" data-end=\"1379\"><strong data-start=\"1356\" data-end=\"1379\">Ideaalne kingiidee: <\/strong>T\u00e4iuslik kingitus noorele kunstnikule, stimuleerides nende loovust ja arendades peenmotoorseid oskusi. See komplekt mitte ainult ei l\u00f5busta, vaid toetab ka kunstilist enesev\u00e4ljendust ja hariduslikku arengut.<\/p>\n<p data-start=\"1619\" data-end=\"1638\"><strong data-start=\"1619\" data-end=\"1638\">Komplekti sisu: <\/strong>24 markerit, 24 v\u00e4rvipliiatsit, 48 vahakriiti, 48 \u00f5lipastelli, 12 akvarellv\u00e4rvi, pintsel, pliiats, teritaja, kustutuskumm, liim, 9 kirjaklambrit.<\/p>\n<p data-start=\"1788\" data-end=\"1800\"><strong data-start=\"1803\" data-end=\"1822\">Kohvri m\u00f5\u00f5tmed:<\/strong> 39 cm x 29 cm x 4 cm<\/p>\n<p data-start=\"1845\" data-end=\"2008\" data-is-last-node=\"\" data-is-only-node=\"\">Kunstniku Kohver 168-osaline on k\u00f5ik-\u00fches lahendus noortele kunstihuvilistele, pakkudes k\u00f5ike, mida on vaja kunstilise potentsiaali avastamiseks ja arendamiseks. Tutvu meie teiste kunstivahenditega, et leida t\u00e4iuslikud t\u00f6\u00f6riistad igaks kunstiprojektiks! <strong><a href=\"https:\/\/sulin.ee\/tootekategooria\/mangimine\/kunstivahendid\/\">Leiad siit!<\/a><\/strong><\/p>\n<\/div>\n<\/div>\n<\/div>\n<\/div>\n<\/div>\n<\/div>\n<\/div>\n<\/div>\n<\/article>\n<\/div>\n<\/div>\n<\/div>\n<\/div>\n","protected":false},"excerpt":{"rendered":"<p><strong>Kunstniku kohver 168-osaline<\/strong> pakub noortele kunstnikele k\u00f5ike vajalikku erinevate kunstitehnikate katsetamiseks ja oma loovuse arendamiseks. Komplekt sisaldab v\u00e4rvikaid markereid, v\u00e4rvipliiatseid, vahakriite, \u00f5lipastelle ja palju muud, k\u00f5ik kompaktses ja kaasaskantavas kohvris. Komplektis on 168 eset.<\/p>\n<p><strong>Kohvri m\u00f5\u00f5tmed:<\/strong> 39 x 29 x 4 cm.<\/p>\n","protected":false},"featured_media":39696,"comment_status":"open","ping_status":"closed","template":"","meta":[],"product_brand":[],"product_cat":[110,1162,1165,1166,102,927,1018,1017,23],"product_tag":[],"class_list":{"0":"post-39687","1":"product","2":"type-product","3":"status-publish","4":"has-post-thumbnail","6":"product_cat-mangimine","7":"product_cat-kingituseks","8":"product_cat-3-5-aastat","9":"product_cat-6-8-aastat","10":"product_cat-kunstivahendid","11":"product_cat-joonistamine","12":"product_cat-maalimine","13":"product_cat-meisterdamine","14":"product_cat-soodus","15":"has-post-title","16":"has-post-date","17":"has-post-category","18":"has-post-tag","19":"has-post-comment","20":"has-post-author","21":"","23":"first","24":"instock","25":"sale","26":"taxable","27":"shipping-taxable","28":"purchasable","29":"product-type-simple"},"yoast_head":"<!-- This site is optimized with the Yoast SEO plugin v26.8 - https:\/\/yoast.com\/product\/yoast-seo-wordpress\/ -->\n<title>Kunstniku kohver 168-osaline - sulin.ee<\/title>\n<meta name=\"description\" content=\"Kunstniku Kohver 168-osaline \u2013 ideaalne komplekt igale noorele kunstnikule, pakkudes laia valikut kunstivahendeid loovuse v\u00e4ljendamiseks.\" \/>\n<meta name=\"robots\" content=\"index, follow, max-snippet:-1, max-image-preview:large, max-video-preview:-1\" \/>\n<link rel=\"canonical\" href=\"https:\/\/sulin.ee\/en\/toode\/kunstniku-kohver-168-osaline\/\" \/>\n<meta property=\"og:locale\" content=\"en_US\" \/>\n<meta property=\"og:type\" content=\"article\" \/>\n<meta property=\"og:title\" content=\"Kunstniku kohver 168-osaline - sulin.ee\" \/>\n<meta property=\"og:description\" content=\"Kunstniku Kohver 168-osaline \u2013 ideaalne komplekt igale noorele kunstnikule, pakkudes laia valikut kunstivahendeid loovuse v\u00e4ljendamiseks.\" \/>\n<meta property=\"og:url\" content=\"https:\/\/sulin.ee\/en\/toode\/kunstniku-kohver-168-osaline\/\" \/>\n<meta property=\"og:site_name\" content=\"sulin.ee\" \/>\n<meta property=\"article:publisher\" content=\"https:\/\/www.facebook.com\/www.sulin.ee\/\" \/>\n<meta property=\"article:modified_time\" content=\"2025-03-30T11:42:50+00:00\" \/>\n<meta property=\"og:image\" content=\"https:\/\/sulin.ee\/wp-content\/uploads\/2025\/02\/Zestaw-plastyczny-do-malowania-w-walizce-168el-163979.jpg\" \/>\n\t<meta property=\"og:image:width\" content=\"1024\" \/>\n\t<meta property=\"og:image:height\" content=\"1024\" \/>\n\t<meta property=\"og:image:type\" content=\"image\/jpeg\" \/>\n<meta name=\"twitter:card\" content=\"summary_large_image\" \/>\n<meta name=\"twitter:label1\" content=\"Est. reading time\" \/>\n\t<meta name=\"twitter:data1\" content=\"2 minutes\" \/>\n<script type=\"application\/ld+json\" class=\"yoast-schema-graph\">{\"@context\":\"https:\/\/schema.org\",\"@graph\":[{\"@type\":\"WebPage\",\"@id\":\"https:\/\/sulin.ee\/en\/toode\/kunstniku-kohver-168-osaline\/\",\"url\":\"https:\/\/sulin.ee\/en\/toode\/kunstniku-kohver-168-osaline\/\",\"name\":\"Kunstniku kohver 168-osaline - sulin.ee\",\"isPartOf\":{\"@id\":\"https:\/\/sulin.ee\/en\/#website\"},\"primaryImageOfPage\":{\"@id\":\"https:\/\/sulin.ee\/en\/toode\/kunstniku-kohver-168-osaline\/#primaryimage\"},\"image\":{\"@id\":\"https:\/\/sulin.ee\/en\/toode\/kunstniku-kohver-168-osaline\/#primaryimage\"},\"thumbnailUrl\":\"https:\/\/sulin.ee\/wp-content\/uploads\/2025\/02\/Zestaw-plastyczny-do-malowania-w-walizce-168el-163979.jpg\",\"datePublished\":\"2025-03-09T13:13:25+00:00\",\"dateModified\":\"2025-03-30T11:42:50+00:00\",\"description\":\"Kunstniku Kohver 168-osaline \u2013 ideaalne komplekt igale noorele kunstnikule, pakkudes laia valikut kunstivahendeid loovuse v\u00e4ljendamiseks.\",\"breadcrumb\":{\"@id\":\"https:\/\/sulin.ee\/en\/toode\/kunstniku-kohver-168-osaline\/#breadcrumb\"},\"inLanguage\":\"en-US\",\"potentialAction\":[{\"@type\":\"ReadAction\",\"target\":[\"https:\/\/sulin.ee\/en\/toode\/kunstniku-kohver-168-osaline\/\"]}]},{\"@type\":\"ImageObject\",\"inLanguage\":\"en-US\",\"@id\":\"https:\/\/sulin.ee\/en\/toode\/kunstniku-kohver-168-osaline\/#primaryimage\",\"url\":\"https:\/\/sulin.ee\/wp-content\/uploads\/2025\/02\/Zestaw-plastyczny-do-malowania-w-walizce-168el-163979.jpg\",\"contentUrl\":\"https:\/\/sulin.ee\/wp-content\/uploads\/2025\/02\/Zestaw-plastyczny-do-malowania-w-walizce-168el-163979.jpg\",\"width\":1024,\"height\":1024,\"caption\":\"Kunstniku kohver 168-osaline\"},{\"@type\":\"BreadcrumbList\",\"@id\":\"https:\/\/sulin.ee\/en\/toode\/kunstniku-kohver-168-osaline\/#breadcrumb\",\"itemListElement\":[{\"@type\":\"ListItem\",\"position\":1,\"name\":\"Home\",\"item\":\"https:\/\/sulin.ee\/en\/\"},{\"@type\":\"ListItem\",\"position\":2,\"name\":\"Sulin.ee e-pood\",\"item\":\"https:\/\/sulin.ee\/shop\/\"},{\"@type\":\"ListItem\",\"position\":3,\"name\":\"Kunstniku kohver 168-osaline\"}]},{\"@type\":\"WebSite\",\"@id\":\"https:\/\/sulin.ee\/en\/#website\",\"url\":\"https:\/\/sulin.ee\/en\/\",\"name\":\"sulin.ee\",\"description\":\"\",\"publisher\":{\"@id\":\"https:\/\/sulin.ee\/en\/#organization\"},\"potentialAction\":[{\"@type\":\"SearchAction\",\"target\":{\"@type\":\"EntryPoint\",\"urlTemplate\":\"https:\/\/sulin.ee\/en\/?s={search_term_string}\"},\"query-input\":{\"@type\":\"PropertyValueSpecification\",\"valueRequired\":true,\"valueName\":\"search_term_string\"}}],\"inLanguage\":\"en-US\"},{\"@type\":\"Organization\",\"@id\":\"https:\/\/sulin.ee\/en\/#organization\",\"name\":\"SULIN TRADE O\u00dc\",\"url\":\"https:\/\/sulin.ee\/en\/\",\"logo\":{\"@type\":\"ImageObject\",\"inLanguage\":\"en-US\",\"@id\":\"https:\/\/sulin.ee\/en\/#\/schema\/logo\/image\/\",\"url\":\"https:\/\/sulin.ee\/wp-content\/uploads\/2022\/11\/sulin-logo.png\",\"contentUrl\":\"https:\/\/sulin.ee\/wp-content\/uploads\/2022\/11\/sulin-logo.png\",\"width\":871,\"height\":321,\"caption\":\"SULIN TRADE O\u00dc\"},\"image\":{\"@id\":\"https:\/\/sulin.ee\/en\/#\/schema\/logo\/image\/\"},\"sameAs\":[\"https:\/\/www.facebook.com\/www.sulin.ee\/\",\"https:\/\/www.instagram.com\/sulintrade\/\"]}]}<\/script>\n<!-- \/ Yoast SEO plugin. -->","yoast_head_json":{"title":"Kunstniku kohver 168-osaline - sulin.ee","description":"Kunstniku Kohver 168-osaline \u2013 ideaalne komplekt igale noorele kunstnikule, pakkudes laia valikut kunstivahendeid loovuse v\u00e4ljendamiseks.","robots":{"index":"index","follow":"follow","max-snippet":"max-snippet:-1","max-image-preview":"max-image-preview:large","max-video-preview":"max-video-preview:-1"},"canonical":"https:\/\/sulin.ee\/en\/toode\/kunstniku-kohver-168-osaline\/","og_locale":"en_US","og_type":"article","og_title":"Kunstniku kohver 168-osaline - sulin.ee","og_description":"Kunstniku Kohver 168-osaline \u2013 ideaalne komplekt igale noorele kunstnikule, pakkudes laia valikut kunstivahendeid loovuse v\u00e4ljendamiseks.","og_url":"https:\/\/sulin.ee\/en\/toode\/kunstniku-kohver-168-osaline\/","og_site_name":"sulin.ee","article_publisher":"https:\/\/www.facebook.com\/www.sulin.ee\/","article_modified_time":"2025-03-30T11:42:50+00:00","og_image":[{"width":1024,"height":1024,"url":"https:\/\/sulin.ee\/wp-content\/uploads\/2025\/02\/Zestaw-plastyczny-do-malowania-w-walizce-168el-163979.jpg","type":"image\/jpeg"}],"twitter_card":"summary_large_image","twitter_misc":{"Est. reading time":"2 minutes"},"schema":{"@context":"https:\/\/schema.org","@graph":[{"@type":"WebPage","@id":"https:\/\/sulin.ee\/en\/toode\/kunstniku-kohver-168-osaline\/","url":"https:\/\/sulin.ee\/en\/toode\/kunstniku-kohver-168-osaline\/","name":"Kunstniku kohver 168-osaline - sulin.ee","isPartOf":{"@id":"https:\/\/sulin.ee\/en\/#website"},"primaryImageOfPage":{"@id":"https:\/\/sulin.ee\/en\/toode\/kunstniku-kohver-168-osaline\/#primaryimage"},"image":{"@id":"https:\/\/sulin.ee\/en\/toode\/kunstniku-kohver-168-osaline\/#primaryimage"},"thumbnailUrl":"https:\/\/sulin.ee\/wp-content\/uploads\/2025\/02\/Zestaw-plastyczny-do-malowania-w-walizce-168el-163979.jpg","datePublished":"2025-03-09T13:13:25+00:00","dateModified":"2025-03-30T11:42:50+00:00","description":"Kunstniku Kohver 168-osaline \u2013 ideaalne komplekt igale noorele kunstnikule, pakkudes laia valikut kunstivahendeid loovuse v\u00e4ljendamiseks.","breadcrumb":{"@id":"https:\/\/sulin.ee\/en\/toode\/kunstniku-kohver-168-osaline\/#breadcrumb"},"inLanguage":"en-US","potentialAction":[{"@type":"ReadAction","target":["https:\/\/sulin.ee\/en\/toode\/kunstniku-kohver-168-osaline\/"]}]},{"@type":"ImageObject","inLanguage":"en-US","@id":"https:\/\/sulin.ee\/en\/toode\/kunstniku-kohver-168-osaline\/#primaryimage","url":"https:\/\/sulin.ee\/wp-content\/uploads\/2025\/02\/Zestaw-plastyczny-do-malowania-w-walizce-168el-163979.jpg","contentUrl":"https:\/\/sulin.ee\/wp-content\/uploads\/2025\/02\/Zestaw-plastyczny-do-malowania-w-walizce-168el-163979.jpg","width":1024,"height":1024,"caption":"Kunstniku kohver 168-osaline"},{"@type":"BreadcrumbList","@id":"https:\/\/sulin.ee\/en\/toode\/kunstniku-kohver-168-osaline\/#breadcrumb","itemListElement":[{"@type":"ListItem","position":1,"name":"Home","item":"https:\/\/sulin.ee\/en\/"},{"@type":"ListItem","position":2,"name":"Sulin.ee e-pood","item":"https:\/\/sulin.ee\/shop\/"},{"@type":"ListItem","position":3,"name":"Kunstniku kohver 168-osaline"}]},{"@type":"WebSite","@id":"https:\/\/sulin.ee\/en\/#website","url":"https:\/\/sulin.ee\/en\/","name":"sulin.ee","description":"","publisher":{"@id":"https:\/\/sulin.ee\/en\/#organization"},"potentialAction":[{"@type":"SearchAction","target":{"@type":"EntryPoint","urlTemplate":"https:\/\/sulin.ee\/en\/?s={search_term_string}"},"query-input":{"@type":"PropertyValueSpecification","valueRequired":true,"valueName":"search_term_string"}}],"inLanguage":"en-US"},{"@type":"Organization","@id":"https:\/\/sulin.ee\/en\/#organization","name":"SULIN TRADE O\u00dc","url":"https:\/\/sulin.ee\/en\/","logo":{"@type":"ImageObject","inLanguage":"en-US","@id":"https:\/\/sulin.ee\/en\/#\/schema\/logo\/image\/","url":"https:\/\/sulin.ee\/wp-content\/uploads\/2022\/11\/sulin-logo.png","contentUrl":"https:\/\/sulin.ee\/wp-content\/uploads\/2022\/11\/sulin-logo.png","width":871,"height":321,"caption":"SULIN TRADE O\u00dc"},"image":{"@id":"https:\/\/sulin.ee\/en\/#\/schema\/logo\/image\/"},"sameAs":["https:\/\/www.facebook.com\/www.sulin.ee\/","https:\/\/www.instagram.com\/sulintrade\/"]}]}},"builder_content":"","_links":{"self":[{"href":"https:\/\/sulin.ee\/en\/wp-json\/wp\/v2\/product\/39687","targetHints":{"allow":["GET"]}}],"collection":[{"href":"https:\/\/sulin.ee\/en\/wp-json\/wp\/v2\/product"}],"about":[{"href":"https:\/\/sulin.ee\/en\/wp-json\/wp\/v2\/types\/product"}],"replies":[{"embeddable":true,"href":"https:\/\/sulin.ee\/en\/wp-json\/wp\/v2\/comments?post=39687"}],"wp:featuredmedia":[{"embeddable":true,"href":"https:\/\/sulin.ee\/en\/wp-json\/wp\/v2\/media\/39696"}],"wp:attachment":[{"href":"https:\/\/sulin.ee\/en\/wp-json\/wp\/v2\/media?parent=39687"}],"wp:term":[{"taxonomy":"product_brand","embeddable":true,"href":"https:\/\/sulin.ee\/en\/wp-json\/wp\/v2\/product_brand?post=39687"},{"taxonomy":"product_cat","embeddable":true,"href":"https:\/\/sulin.ee\/en\/wp-json\/wp\/v2\/product_cat?post=39687"},{"taxonomy":"product_tag","embeddable":true,"href":"https:\/\/sulin.ee\/en\/wp-json\/wp\/v2\/product_tag?post=39687"}],"curies":[{"name":"wp","href":"https:\/\/api.w.org\/{rel}","templated":true}]}}