{"id":39664,"date":"2025-03-12T13:13:16","date_gmt":"2025-03-12T13:13:16","guid":{"rendered":"https:\/\/sulin.ee\/toode\/sensoorsed-paranduslikud-manguasjapallid-mis-on-paigutatud-vorku\/"},"modified":"2026-03-22T18:54:19","modified_gmt":"2026-03-22T18:54:19","slug":"sensoorsed-pallid-beebile-6tk","status":"publish","type":"product","link":"https:\/\/sulin.ee\/en\/toode\/sensoorsed-pallid-beebile-6tk\/","title":{"rendered":"Sensoorsed pallid beebile 6tk"},"content":{"rendered":"<div class=\"flex max-w-full flex-col flex-grow\">\n<div class=\"min-h-8 text-message relative flex w-full flex-col items-end gap-2 whitespace-normal break-words text-start [.text-message+&amp;]:mt-5\" dir=\"auto\" data-message-author-role=\"assistant\" data-message-id=\"88897574-3bf9-47af-b116-8106d7d82f5a\" data-message-model-slug=\"gpt-4\">\n<div class=\"flex w-full flex-col gap-1 empty:hidden first:pt-[3px]\">\n<div class=\"markdown prose w-full break-words dark:prose-invert light\">\n<p data-start=\"27\" data-end=\"259\"><strong data-start=\"30\" data-end=\"76\">Sensoorsed pallid beebile, komplektis 6 tk<\/strong> &#8211; Ideaalne m\u00e4nguasi teie lapse meelte arenguks! Need v\u00e4rvilised ja erinevate tekstuuridega pallid on loodud spetsiaalselt k\u00f5ige noorematele, et stimuleerida nende meeleretseptoreid.<\/p>\n<p data-start=\"261\" data-end=\"573\"><strong data-start=\"264\" data-end=\"293\">Mitmek\u00fclgne stimulatsioon<\/strong> &#8211; Iga pall on disainitud unikaalse tekstuuriga, pakkudes mitmek\u00fclgset sensoorset kogemust. V\u00e4ikeste s\u00fcdamikutega pall, suurte muhkudega pall, \u00fcmmargune s\u00fcvenditega pall,\u00a0 siil, \u00fcmmargune triibuline pall ja triibuline pall \u2013 iga\u00fcks neist aitab arendada erinevaid tajusid.<\/p>\n<p data-start=\"575\" data-end=\"769\"><strong data-start=\"578\" data-end=\"602\">Motoorika arendamine<\/strong> &#8211; Viskamine, p\u00fc\u00fcdmine ja veeretamine treenib teie lapse motoorikat. Lisaks on iga pall varustatud h\u00e4\u00e4lega, mis stimuleerib kuulmismeelt ja aitab arendada kuulmistaju.<\/p>\n<p data-start=\"771\" data-end=\"932\"><strong data-start=\"774\" data-end=\"794\">\u00d5petlik ja l\u00f5bus<\/strong> &#8211; Pallid ei paku ainult meelelahutust, vaid on ka harivad. V\u00e4rvilised pallid aitavad teie lapsel \u00f5ppida v\u00e4rve, kujusid ja isegi lugemist.<\/p>\n<p data-start=\"934\" data-end=\"1194\"><strong data-start=\"937\" data-end=\"955\">L\u00f5\u00f5gastav m\u00e4ng<\/strong> &#8211; Erinevad pallide struktuurid pakuvad suurep\u00e4rast v\u00f5imalust lapse l\u00f5\u00f5gastavaks massaa\u017eiks, aidates neil kergemini uinuda ja kauem magada. Samuti on pallid suurep\u00e4rased kaaslased vanniajal, muutes igap\u00e4evase suplemise l\u00f5busaks seikluseks.<\/p>\n<p data-start=\"1196\" data-end=\"1360\"><strong data-start=\"1199\" data-end=\"1222\">Materjal ja m\u00f5\u00f5tmed<\/strong> &#8211; Valmistatud kvaliteetsest kummist, mis on vastupidav ja ohutu. Palli \u00fcmberm\u00f5\u00f5t on umbes 20 cm, pakendis olevad m\u00f5\u00f5tmed on 7.5 x 6 cm.<\/p>\n<p data-start=\"1362\" data-end=\"1464\" data-is-last-node=\"\" data-is-only-node=\"\">Sensoorsed pallid beebile on ideaalne vahend lapse arengu toetamiseks igal sammul, olgu see siis m\u00e4ng, \u00f5ppimine v\u00f5i isegi uinumine.<\/p>\n<p data-start=\"1362\" data-end=\"1464\" data-is-last-node=\"\" data-is-only-node=\"\">Erinevate tekstuuride ja v\u00e4rvidega 6-osaline pallikomplekt stimuleerib meeli ja arendab motoorikat. Ideaalne kingitus igale v\u00e4ikesele avastajale.<\/p>\n<p data-start=\"1362\" data-end=\"1464\" data-is-last-node=\"\" data-is-only-node=\"\">Tutvu meie p\u00f5neva valikuga beebile m\u00f5eldud m\u00e4nguasjadest, mis pakuvad l\u00f5busat ja arendavat tegevust Sinu v\u00e4ikesele!<strong><a href=\"https:\/\/sulin.ee\/tootekategooria\/beebile\/manguasjad\/\"> Leiad siit!<\/a><\/strong><\/p>\n<\/div>\n<\/div>\n<\/div>\n<\/div>\n","protected":false},"excerpt":{"rendered":"<p><strong>\u00a0Avasta sensoorsed pallid beebile!<\/strong> See 6-osaline komplekt pakub v\u00e4rvikirevaid ja erinevate tekstuuridega palle, mis on disainitud just k\u00f5ige nooremate meelte arendamiseks. Iga pall on unikaalne, aidates arendada nii motoorikat kui ka meeli. Ideaalne m\u00e4nguasi igaks p\u00e4evaks, kaasa arvatud vanniajad.<\/p>\n<p>Need stimuleerivad kuulmis-, n\u00e4gemis- ja puutetundlikkust.<\/p>\n","protected":false},"featured_media":39667,"comment_status":"open","ping_status":"closed","template":"","meta":[],"product_brand":[],"product_cat":[179,769,1134,1003,1001,23],"product_tag":[],"class_list":{"0":"post-39664","1":"product","2":"type-product","3":"status-publish","4":"has-post-thumbnail","6":"product_cat-beebile","7":"product_cat-manguasjad","8":"product_cat-vannimanguasjad-beebile","9":"product_cat-motoorika-manguasjad-beebile","10":"product_cat-sorteerimismangud","11":"product_cat-soodus","12":"has-post-title","13":"has-post-date","14":"has-post-category","15":"has-post-tag","16":"has-post-comment","17":"has-post-author","18":"","20":"first","21":"instock","22":"sale","23":"taxable","24":"shipping-taxable","25":"purchasable","26":"product-type-simple"},"yoast_head":"<!-- This site is optimized with the Yoast SEO plugin v26.8 - https:\/\/yoast.com\/product\/yoast-seo-wordpress\/ -->\n<title>Sensoorsed pallid beebile 6tk - sulin.ee<\/title>\n<meta name=\"description\" content=\"Sensoorsed pallid beebile meie e-poes! Erinevate tekstuuride ja v\u00e4rvidega 6-osaline pallikomplekt stimuleerib meeli ja arendab motoorikat.\" \/>\n<meta name=\"robots\" content=\"index, follow, max-snippet:-1, max-image-preview:large, max-video-preview:-1\" \/>\n<link rel=\"canonical\" href=\"https:\/\/sulin.ee\/en\/toode\/sensoorsed-pallid-beebile-6tk\/\" \/>\n<meta property=\"og:locale\" content=\"en_US\" \/>\n<meta property=\"og:type\" content=\"article\" \/>\n<meta property=\"og:title\" content=\"Sensoorsed pallid beebile 6tk - sulin.ee\" \/>\n<meta property=\"og:description\" content=\"Sensoorsed pallid beebile meie e-poes! Erinevate tekstuuride ja v\u00e4rvidega 6-osaline pallikomplekt stimuleerib meeli ja arendab motoorikat.\" \/>\n<meta property=\"og:url\" content=\"https:\/\/sulin.ee\/en\/toode\/sensoorsed-pallid-beebile-6tk\/\" \/>\n<meta property=\"og:site_name\" content=\"sulin.ee\" \/>\n<meta property=\"article:publisher\" content=\"https:\/\/www.facebook.com\/www.sulin.ee\/\" \/>\n<meta property=\"article:modified_time\" content=\"2026-03-22T18:54:19+00:00\" \/>\n<meta property=\"og:image\" content=\"https:\/\/sulin.ee\/wp-content\/uploads\/2025\/02\/Pilki-zabawki-sensoryczne-korekcyjne-zestaw-w-siatce-131977.jpg\" \/>\n\t<meta property=\"og:image:width\" content=\"1024\" \/>\n\t<meta property=\"og:image:height\" content=\"1024\" \/>\n\t<meta property=\"og:image:type\" content=\"image\/jpeg\" \/>\n<meta name=\"twitter:card\" content=\"summary_large_image\" \/>\n<meta name=\"twitter:label1\" content=\"Est. reading time\" \/>\n\t<meta name=\"twitter:data1\" content=\"2 minutes\" \/>\n<script type=\"application\/ld+json\" class=\"yoast-schema-graph\">{\"@context\":\"https:\/\/schema.org\",\"@graph\":[{\"@type\":\"WebPage\",\"@id\":\"https:\/\/sulin.ee\/en\/toode\/sensoorsed-pallid-beebile-6tk\/\",\"url\":\"https:\/\/sulin.ee\/en\/toode\/sensoorsed-pallid-beebile-6tk\/\",\"name\":\"Sensoorsed pallid beebile 6tk - sulin.ee\",\"isPartOf\":{\"@id\":\"https:\/\/sulin.ee\/en\/#website\"},\"primaryImageOfPage\":{\"@id\":\"https:\/\/sulin.ee\/en\/toode\/sensoorsed-pallid-beebile-6tk\/#primaryimage\"},\"image\":{\"@id\":\"https:\/\/sulin.ee\/en\/toode\/sensoorsed-pallid-beebile-6tk\/#primaryimage\"},\"thumbnailUrl\":\"https:\/\/sulin.ee\/wp-content\/uploads\/2025\/02\/Pilki-zabawki-sensoryczne-korekcyjne-zestaw-w-siatce-131977.jpg\",\"datePublished\":\"2025-03-12T13:13:16+00:00\",\"dateModified\":\"2026-03-22T18:54:19+00:00\",\"description\":\"Sensoorsed pallid beebile meie e-poes! Erinevate tekstuuride ja v\u00e4rvidega 6-osaline pallikomplekt stimuleerib meeli ja arendab motoorikat.\",\"breadcrumb\":{\"@id\":\"https:\/\/sulin.ee\/en\/toode\/sensoorsed-pallid-beebile-6tk\/#breadcrumb\"},\"inLanguage\":\"en-US\",\"potentialAction\":[{\"@type\":\"ReadAction\",\"target\":[\"https:\/\/sulin.ee\/en\/toode\/sensoorsed-pallid-beebile-6tk\/\"]}]},{\"@type\":\"ImageObject\",\"inLanguage\":\"en-US\",\"@id\":\"https:\/\/sulin.ee\/en\/toode\/sensoorsed-pallid-beebile-6tk\/#primaryimage\",\"url\":\"https:\/\/sulin.ee\/wp-content\/uploads\/2025\/02\/Pilki-zabawki-sensoryczne-korekcyjne-zestaw-w-siatce-131977.jpg\",\"contentUrl\":\"https:\/\/sulin.ee\/wp-content\/uploads\/2025\/02\/Pilki-zabawki-sensoryczne-korekcyjne-zestaw-w-siatce-131977.jpg\",\"width\":1024,\"height\":1024,\"caption\":\"Sensoorsed pallid beebile\"},{\"@type\":\"BreadcrumbList\",\"@id\":\"https:\/\/sulin.ee\/en\/toode\/sensoorsed-pallid-beebile-6tk\/#breadcrumb\",\"itemListElement\":[{\"@type\":\"ListItem\",\"position\":1,\"name\":\"Home\",\"item\":\"https:\/\/sulin.ee\/en\/\"},{\"@type\":\"ListItem\",\"position\":2,\"name\":\"Sulin.ee e-pood\",\"item\":\"https:\/\/sulin.ee\/shop\/\"},{\"@type\":\"ListItem\",\"position\":3,\"name\":\"Sensoorsed pallid beebile 6tk\"}]},{\"@type\":\"WebSite\",\"@id\":\"https:\/\/sulin.ee\/en\/#website\",\"url\":\"https:\/\/sulin.ee\/en\/\",\"name\":\"sulin.ee\",\"description\":\"\",\"publisher\":{\"@id\":\"https:\/\/sulin.ee\/en\/#organization\"},\"potentialAction\":[{\"@type\":\"SearchAction\",\"target\":{\"@type\":\"EntryPoint\",\"urlTemplate\":\"https:\/\/sulin.ee\/en\/?s={search_term_string}\"},\"query-input\":{\"@type\":\"PropertyValueSpecification\",\"valueRequired\":true,\"valueName\":\"search_term_string\"}}],\"inLanguage\":\"en-US\"},{\"@type\":\"Organization\",\"@id\":\"https:\/\/sulin.ee\/en\/#organization\",\"name\":\"SULIN TRADE O\u00dc\",\"url\":\"https:\/\/sulin.ee\/en\/\",\"logo\":{\"@type\":\"ImageObject\",\"inLanguage\":\"en-US\",\"@id\":\"https:\/\/sulin.ee\/en\/#\/schema\/logo\/image\/\",\"url\":\"https:\/\/sulin.ee\/wp-content\/uploads\/2022\/11\/sulin-logo.png\",\"contentUrl\":\"https:\/\/sulin.ee\/wp-content\/uploads\/2022\/11\/sulin-logo.png\",\"width\":871,\"height\":321,\"caption\":\"SULIN TRADE O\u00dc\"},\"image\":{\"@id\":\"https:\/\/sulin.ee\/en\/#\/schema\/logo\/image\/\"},\"sameAs\":[\"https:\/\/www.facebook.com\/www.sulin.ee\/\",\"https:\/\/www.instagram.com\/sulintrade\/\"]}]}<\/script>\n<!-- \/ Yoast SEO plugin. -->","yoast_head_json":{"title":"Sensoorsed pallid beebile 6tk - sulin.ee","description":"Sensoorsed pallid beebile meie e-poes! Erinevate tekstuuride ja v\u00e4rvidega 6-osaline pallikomplekt stimuleerib meeli ja arendab motoorikat.","robots":{"index":"index","follow":"follow","max-snippet":"max-snippet:-1","max-image-preview":"max-image-preview:large","max-video-preview":"max-video-preview:-1"},"canonical":"https:\/\/sulin.ee\/en\/toode\/sensoorsed-pallid-beebile-6tk\/","og_locale":"en_US","og_type":"article","og_title":"Sensoorsed pallid beebile 6tk - sulin.ee","og_description":"Sensoorsed pallid beebile meie e-poes! Erinevate tekstuuride ja v\u00e4rvidega 6-osaline pallikomplekt stimuleerib meeli ja arendab motoorikat.","og_url":"https:\/\/sulin.ee\/en\/toode\/sensoorsed-pallid-beebile-6tk\/","og_site_name":"sulin.ee","article_publisher":"https:\/\/www.facebook.com\/www.sulin.ee\/","article_modified_time":"2026-03-22T18:54:19+00:00","og_image":[{"width":1024,"height":1024,"url":"https:\/\/sulin.ee\/wp-content\/uploads\/2025\/02\/Pilki-zabawki-sensoryczne-korekcyjne-zestaw-w-siatce-131977.jpg","type":"image\/jpeg"}],"twitter_card":"summary_large_image","twitter_misc":{"Est. reading time":"2 minutes"},"schema":{"@context":"https:\/\/schema.org","@graph":[{"@type":"WebPage","@id":"https:\/\/sulin.ee\/en\/toode\/sensoorsed-pallid-beebile-6tk\/","url":"https:\/\/sulin.ee\/en\/toode\/sensoorsed-pallid-beebile-6tk\/","name":"Sensoorsed pallid beebile 6tk - sulin.ee","isPartOf":{"@id":"https:\/\/sulin.ee\/en\/#website"},"primaryImageOfPage":{"@id":"https:\/\/sulin.ee\/en\/toode\/sensoorsed-pallid-beebile-6tk\/#primaryimage"},"image":{"@id":"https:\/\/sulin.ee\/en\/toode\/sensoorsed-pallid-beebile-6tk\/#primaryimage"},"thumbnailUrl":"https:\/\/sulin.ee\/wp-content\/uploads\/2025\/02\/Pilki-zabawki-sensoryczne-korekcyjne-zestaw-w-siatce-131977.jpg","datePublished":"2025-03-12T13:13:16+00:00","dateModified":"2026-03-22T18:54:19+00:00","description":"Sensoorsed pallid beebile meie e-poes! Erinevate tekstuuride ja v\u00e4rvidega 6-osaline pallikomplekt stimuleerib meeli ja arendab motoorikat.","breadcrumb":{"@id":"https:\/\/sulin.ee\/en\/toode\/sensoorsed-pallid-beebile-6tk\/#breadcrumb"},"inLanguage":"en-US","potentialAction":[{"@type":"ReadAction","target":["https:\/\/sulin.ee\/en\/toode\/sensoorsed-pallid-beebile-6tk\/"]}]},{"@type":"ImageObject","inLanguage":"en-US","@id":"https:\/\/sulin.ee\/en\/toode\/sensoorsed-pallid-beebile-6tk\/#primaryimage","url":"https:\/\/sulin.ee\/wp-content\/uploads\/2025\/02\/Pilki-zabawki-sensoryczne-korekcyjne-zestaw-w-siatce-131977.jpg","contentUrl":"https:\/\/sulin.ee\/wp-content\/uploads\/2025\/02\/Pilki-zabawki-sensoryczne-korekcyjne-zestaw-w-siatce-131977.jpg","width":1024,"height":1024,"caption":"Sensoorsed pallid beebile"},{"@type":"BreadcrumbList","@id":"https:\/\/sulin.ee\/en\/toode\/sensoorsed-pallid-beebile-6tk\/#breadcrumb","itemListElement":[{"@type":"ListItem","position":1,"name":"Home","item":"https:\/\/sulin.ee\/en\/"},{"@type":"ListItem","position":2,"name":"Sulin.ee e-pood","item":"https:\/\/sulin.ee\/shop\/"},{"@type":"ListItem","position":3,"name":"Sensoorsed pallid beebile 6tk"}]},{"@type":"WebSite","@id":"https:\/\/sulin.ee\/en\/#website","url":"https:\/\/sulin.ee\/en\/","name":"sulin.ee","description":"","publisher":{"@id":"https:\/\/sulin.ee\/en\/#organization"},"potentialAction":[{"@type":"SearchAction","target":{"@type":"EntryPoint","urlTemplate":"https:\/\/sulin.ee\/en\/?s={search_term_string}"},"query-input":{"@type":"PropertyValueSpecification","valueRequired":true,"valueName":"search_term_string"}}],"inLanguage":"en-US"},{"@type":"Organization","@id":"https:\/\/sulin.ee\/en\/#organization","name":"SULIN TRADE O\u00dc","url":"https:\/\/sulin.ee\/en\/","logo":{"@type":"ImageObject","inLanguage":"en-US","@id":"https:\/\/sulin.ee\/en\/#\/schema\/logo\/image\/","url":"https:\/\/sulin.ee\/wp-content\/uploads\/2022\/11\/sulin-logo.png","contentUrl":"https:\/\/sulin.ee\/wp-content\/uploads\/2022\/11\/sulin-logo.png","width":871,"height":321,"caption":"SULIN TRADE O\u00dc"},"image":{"@id":"https:\/\/sulin.ee\/en\/#\/schema\/logo\/image\/"},"sameAs":["https:\/\/www.facebook.com\/www.sulin.ee\/","https:\/\/www.instagram.com\/sulintrade\/"]}]}},"builder_content":"","_links":{"self":[{"href":"https:\/\/sulin.ee\/en\/wp-json\/wp\/v2\/product\/39664","targetHints":{"allow":["GET"]}}],"collection":[{"href":"https:\/\/sulin.ee\/en\/wp-json\/wp\/v2\/product"}],"about":[{"href":"https:\/\/sulin.ee\/en\/wp-json\/wp\/v2\/types\/product"}],"replies":[{"embeddable":true,"href":"https:\/\/sulin.ee\/en\/wp-json\/wp\/v2\/comments?post=39664"}],"wp:featuredmedia":[{"embeddable":true,"href":"https:\/\/sulin.ee\/en\/wp-json\/wp\/v2\/media\/39667"}],"wp:attachment":[{"href":"https:\/\/sulin.ee\/en\/wp-json\/wp\/v2\/media?parent=39664"}],"wp:term":[{"taxonomy":"product_brand","embeddable":true,"href":"https:\/\/sulin.ee\/en\/wp-json\/wp\/v2\/product_brand?post=39664"},{"taxonomy":"product_cat","embeddable":true,"href":"https:\/\/sulin.ee\/en\/wp-json\/wp\/v2\/product_cat?post=39664"},{"taxonomy":"product_tag","embeddable":true,"href":"https:\/\/sulin.ee\/en\/wp-json\/wp\/v2\/product_tag?post=39664"}],"curies":[{"name":"wp","href":"https:\/\/api.w.org\/{rel}","templated":true}]}}