{"id":39649,"date":"2025-03-05T13:13:07","date_gmt":"2025-03-05T13:13:07","guid":{"rendered":"https:\/\/sulin.ee\/toode\/puidust-puramiid-baasiga-torni-vikerkaarekujuline-sorteerija\/"},"modified":"2026-02-08T19:35:35","modified_gmt":"2026-02-08T19:35:35","slug":"puidust-ladumismang-vikerkaar","status":"publish","type":"product","link":"https:\/\/sulin.ee\/en\/toode\/puidust-ladumismang-vikerkaar\/","title":{"rendered":"Puidust ladumism\u00e4ng &#8220;Vikerkaar&#8221;"},"content":{"rendered":"<div class=\"flex max-w-full flex-col flex-grow\">\n<div class=\"min-h-8 text-message relative flex w-full flex-col items-end gap-2 whitespace-normal break-words text-start [.text-message+&amp;]:mt-5\" dir=\"auto\" data-message-author-role=\"assistant\" data-message-id=\"028b843d-484f-41f1-a10b-a8b71e6ca6a8\" data-message-model-slug=\"gpt-4\">\n<div class=\"flex w-full flex-col gap-1 empty:hidden first:pt-[3px]\">\n<div class=\"markdown prose w-full break-words dark:prose-invert light\">\n<p data-start=\"73\" data-end=\"420\"><strong>Puidust ladumism\u00e4ng &#8220;Vikerkaar&#8221;<\/strong> on inspireeritud klassikalisest Hanoi torni m\u00f5istatusest ja pakub lastele v\u00e4rvilist ning harivat viisi loogika ja peenmotooriliste oskuste arendamiseks. See m\u00e4ng, mis sobib suurep\u00e4raselt erinevates vanuseastmetes lastele, kasvab koos teie lapsega, pakkudes v\u00e4ljakutseid nii v\u00e4ikelastele kui ka vanematele lastele.<\/p>\n<p data-start=\"422\" data-end=\"454\"><strong data-start=\"425\" data-end=\"454\">M\u00e4ngu eesm\u00e4rk ja reeglid:<\/strong><\/p>\n<ul data-start=\"455\" data-end=\"861\">\n<li data-start=\"455\" data-end=\"700\"><strong data-start=\"457\" data-end=\"469\">\ud83d\udfe2 Eesm\u00e4rk:<\/strong> M\u00e4ngijad peavad liigutama k\u00f5ik v\u00e4rvilised kettad suuremast v\u00e4iksemani \u00fchelt tornilt teisele, kasutades kolmandat torni vahepealse abivahendina, kusjuures iga j\u00e4rgmine ketas peab alati olema v\u00e4iksem kui see, millele see asetatakse.<\/li>\n<li data-start=\"701\" data-end=\"861\"><strong data-start=\"703\" data-end=\"725\">\ud83d\udfe2 Loominguline m\u00e4ng:<\/strong> Kuigi m\u00e4ngul on kindlad reeglid, julgustame lapsi ka loovalt m\u00e4ngima, mis t\u00e4hendab, et nad v\u00f5ivad reegleid painutada v\u00f5i neist m\u00f6\u00f6da minna, et arendada oma unikaalset m\u00e4ngustiili.<\/li>\n<\/ul>\n<p data-start=\"863\" data-end=\"909\"><strong data-start=\"866\" data-end=\"909\">Hariduslik v\u00e4\u00e4rtus ja arengu toetamine:<\/strong><\/p>\n<ul data-start=\"910\" data-end=\"1172\">\n<li data-start=\"910\" data-end=\"1060\"><strong data-start=\"912\" data-end=\"934\">\ud83d\udfe2 Kognitiivne areng:<\/strong> M\u00e4ng soodustab loogilist m\u00f5tlemist ja probleemilahendusoskusi, arendades samal ajal lapse kannatlikkust ja keskendumisv\u00f5imet.<\/li>\n<li data-start=\"1061\" data-end=\"1172\"><strong data-start=\"1063\" data-end=\"1085\">\ud83d\udfe2 Motoorsed oskused:<\/strong> Kettaste paigutamine tornidele harjutab k\u00e4elisi oskusi ja silmade-k\u00e4e koordinatsiooni.<\/li>\n<\/ul>\n<p data-start=\"1174\" data-end=\"1206\"><strong data-start=\"1177\" data-end=\"1206\">Turvalisus ja materjalid:<\/strong><\/p>\n<ul data-start=\"1207\" data-end=\"1599\">\n<li data-start=\"1207\" data-end=\"1460\"><strong data-start=\"1209\" data-end=\"1250\">\ud83d\udfe2 Looduslikud ja turvalised materjalid:<\/strong> M\u00e4nguasjad on valmistatud kvaliteetsest puidust, mis on viimistletud ohutu ja mittetoksilise v\u00e4rviga. K\u00f5ik t\u00fckid on piisavalt suured, et v\u00e4listada l\u00e4mbumisoht, ja hoolikalt lihvitud, et v\u00e4ltida teravaid servi.<\/li>\n<li data-start=\"1461\" data-end=\"1599\"><strong data-start=\"1463\" data-end=\"1493\">\ud83d\udfe2 S\u00e4ilitamine ja korrashoid:<\/strong> Komplekti alus toimib ka kasti\/p\u00f5hjana, kuhu saab k\u00f5ik t\u00fckid hoiustada, mis aitab v\u00e4ltida osade kadumist.<\/li>\n<\/ul>\n<p data-start=\"1601\" data-end=\"1632\"><strong data-start=\"1604\" data-end=\"1632\">Pakendi m\u00f5\u00f5tmed ja sisu:<\/strong><\/p>\n<ul data-start=\"1633\" data-end=\"1749\">\n<li data-start=\"1633\" data-end=\"1699\"><strong data-start=\"1635\" data-end=\"1658\">\ud83d\udfe2 Komplekti kuuluvad:<\/strong> V\u00e4rvilised kettad, alus, kolm varrast.<\/li>\n<li data-start=\"1700\" data-end=\"1749\"><strong data-start=\"1702\" data-end=\"1722\">\ud83d\udfe2 Pakendi m\u00f5\u00f5tmed:<\/strong> 23.2 cm x 10.5 cm x 4.8 cm<\/li>\n<\/ul>\n<p data-start=\"1751\" data-end=\"2050\" data-is-last-node=\"\" data-is-only-node=\"\">Puidust ladumism\u00e4ng &#8220;Vikerkaar&#8221; on ideaalne kingitus igale lapsele, pakkudes mitte ainult l\u00f5busat ja kaasahaaravat tegevust, vaid ka v\u00e4\u00e4rtuslikku \u00f5ppimisv\u00f5imalust. See m\u00e4nguasi on suurep\u00e4rane lisand igasse kodusse, kus hinnatakse hariduslikku m\u00e4ngu ja kvaliteetseid, keskkonnas\u00f5bralikke m\u00e4nguasju.<\/p>\n<p data-start=\"1751\" data-end=\"2050\" data-is-last-node=\"\" data-is-only-node=\"\"><strong>Sobiv vanus:<\/strong> 3+ aastat.<\/p>\n<p data-start=\"1751\" data-end=\"2050\" data-is-last-node=\"\" data-is-only-node=\"\"><strong>P\u00e4ritolumaa:<\/strong> Hiina.<\/p>\n<\/div>\n<\/div>\n<\/div>\n<\/div>\n","protected":false},"excerpt":{"rendered":"<p><strong>Puidust ladumism\u00e4ng &#8220;Vikerkaar&#8221;<\/strong> pakub mitte ainult l\u00f5bu ja v\u00e4rvikat tegevust, vaid on ka hariv vahend, mis aitab arendada lapse loogikat, peenmotoorikat ja probleemilahendusoskusi. See m\u00e4ng p\u00f5hineb klassikalisel Hanoi torni kontseptsioonil ja on valmistatud ohututest, keskkonnas\u00f5bralikest materjalidest.<\/p>\n<p><strong>Sobiv vanus:<\/strong> 3+ aastat.<\/p>\n","protected":false},"featured_media":39647,"comment_status":"open","ping_status":"closed","template":"","meta":[],"product_brand":[],"product_cat":[110,1162,1165,1166,1002,1022,942,175,23],"product_tag":[],"class_list":{"0":"post-39649","1":"product","2":"type-product","3":"status-publish","4":"has-post-thumbnail","6":"product_cat-mangimine","7":"product_cat-kingituseks","8":"product_cat-3-5-aastat","9":"product_cat-6-8-aastat","10":"product_cat-oppemangud","11":"product_cat-varvid-ja-kujundid","12":"product_cat-lauamangud","13":"product_cat-puidust-manguasjad","14":"product_cat-soodus","15":"has-post-title","16":"has-post-date","17":"has-post-category","18":"has-post-tag","19":"has-post-comment","20":"has-post-author","21":"","23":"first","24":"instock","25":"sale","26":"taxable","27":"shipping-taxable","28":"purchasable","29":"product-type-simple"},"yoast_head":"<!-- This site is optimized with the Yoast SEO plugin v26.8 - https:\/\/yoast.com\/product\/yoast-seo-wordpress\/ -->\n<title>Puidust ladumism\u00e4ng &quot;Vikerkaar&quot; - sulin.ee<\/title>\n<meta name=\"description\" content=\"Puidust ladumism\u00e4ng &quot;Vikerkaar&quot; \u2013 kaasahaarav ja hariv lauam\u00e4ng, mis arendab laste loogikat ja motoorseid oskusi. Pakub harivat l\u00f5bu.\" \/>\n<meta name=\"robots\" content=\"index, follow, max-snippet:-1, max-image-preview:large, max-video-preview:-1\" \/>\n<link rel=\"canonical\" href=\"https:\/\/sulin.ee\/en\/toode\/puidust-ladumismang-vikerkaar\/\" \/>\n<meta property=\"og:locale\" content=\"en_US\" \/>\n<meta property=\"og:type\" content=\"article\" \/>\n<meta property=\"og:title\" content=\"Puidust ladumism\u00e4ng &quot;Vikerkaar&quot; - sulin.ee\" \/>\n<meta property=\"og:description\" content=\"Puidust ladumism\u00e4ng &quot;Vikerkaar&quot; \u2013 kaasahaarav ja hariv lauam\u00e4ng, mis arendab laste loogikat ja motoorseid oskusi. Pakub harivat l\u00f5bu.\" \/>\n<meta property=\"og:url\" content=\"https:\/\/sulin.ee\/en\/toode\/puidust-ladumismang-vikerkaar\/\" \/>\n<meta property=\"og:site_name\" content=\"sulin.ee\" \/>\n<meta property=\"article:publisher\" content=\"https:\/\/www.facebook.com\/www.sulin.ee\/\" \/>\n<meta property=\"article:modified_time\" content=\"2026-02-08T19:35:35+00:00\" \/>\n<meta property=\"og:image\" content=\"https:\/\/sulin.ee\/wp-content\/uploads\/2025\/02\/Piramida-drewniana-z-podstawa-wieza-sorter-teczowa-926321.jpg\" \/>\n\t<meta property=\"og:image:width\" content=\"1600\" \/>\n\t<meta property=\"og:image:height\" content=\"1200\" \/>\n\t<meta property=\"og:image:type\" content=\"image\/jpeg\" \/>\n<meta name=\"twitter:card\" content=\"summary_large_image\" \/>\n<meta name=\"twitter:label1\" content=\"Est. reading time\" \/>\n\t<meta name=\"twitter:data1\" content=\"2 minutes\" \/>\n<script type=\"application\/ld+json\" class=\"yoast-schema-graph\">{\"@context\":\"https:\/\/schema.org\",\"@graph\":[{\"@type\":\"WebPage\",\"@id\":\"https:\/\/sulin.ee\/en\/toode\/puidust-ladumismang-vikerkaar\/\",\"url\":\"https:\/\/sulin.ee\/en\/toode\/puidust-ladumismang-vikerkaar\/\",\"name\":\"Puidust ladumism\u00e4ng \\\"Vikerkaar\\\" - sulin.ee\",\"isPartOf\":{\"@id\":\"https:\/\/sulin.ee\/en\/#website\"},\"primaryImageOfPage\":{\"@id\":\"https:\/\/sulin.ee\/en\/toode\/puidust-ladumismang-vikerkaar\/#primaryimage\"},\"image\":{\"@id\":\"https:\/\/sulin.ee\/en\/toode\/puidust-ladumismang-vikerkaar\/#primaryimage\"},\"thumbnailUrl\":\"https:\/\/sulin.ee\/wp-content\/uploads\/2025\/02\/Piramida-drewniana-z-podstawa-wieza-sorter-teczowa-926321.jpg\",\"datePublished\":\"2025-03-05T13:13:07+00:00\",\"dateModified\":\"2026-02-08T19:35:35+00:00\",\"description\":\"Puidust ladumism\u00e4ng \\\"Vikerkaar\\\" \u2013 kaasahaarav ja hariv lauam\u00e4ng, mis arendab laste loogikat ja motoorseid oskusi. Pakub harivat l\u00f5bu.\",\"breadcrumb\":{\"@id\":\"https:\/\/sulin.ee\/en\/toode\/puidust-ladumismang-vikerkaar\/#breadcrumb\"},\"inLanguage\":\"en-US\",\"potentialAction\":[{\"@type\":\"ReadAction\",\"target\":[\"https:\/\/sulin.ee\/en\/toode\/puidust-ladumismang-vikerkaar\/\"]}]},{\"@type\":\"ImageObject\",\"inLanguage\":\"en-US\",\"@id\":\"https:\/\/sulin.ee\/en\/toode\/puidust-ladumismang-vikerkaar\/#primaryimage\",\"url\":\"https:\/\/sulin.ee\/wp-content\/uploads\/2025\/02\/Piramida-drewniana-z-podstawa-wieza-sorter-teczowa-926321.jpg\",\"contentUrl\":\"https:\/\/sulin.ee\/wp-content\/uploads\/2025\/02\/Piramida-drewniana-z-podstawa-wieza-sorter-teczowa-926321.jpg\",\"width\":1600,\"height\":1200,\"caption\":\"Puidust ladumism\u00e4ng \\\"Vikerkaar\\\"\"},{\"@type\":\"BreadcrumbList\",\"@id\":\"https:\/\/sulin.ee\/en\/toode\/puidust-ladumismang-vikerkaar\/#breadcrumb\",\"itemListElement\":[{\"@type\":\"ListItem\",\"position\":1,\"name\":\"Home\",\"item\":\"https:\/\/sulin.ee\/en\/\"},{\"@type\":\"ListItem\",\"position\":2,\"name\":\"Sulin.ee e-pood\",\"item\":\"https:\/\/sulin.ee\/shop\/\"},{\"@type\":\"ListItem\",\"position\":3,\"name\":\"Puidust ladumism\u00e4ng &#8220;Vikerkaar&#8221;\"}]},{\"@type\":\"WebSite\",\"@id\":\"https:\/\/sulin.ee\/en\/#website\",\"url\":\"https:\/\/sulin.ee\/en\/\",\"name\":\"sulin.ee\",\"description\":\"\",\"publisher\":{\"@id\":\"https:\/\/sulin.ee\/en\/#organization\"},\"potentialAction\":[{\"@type\":\"SearchAction\",\"target\":{\"@type\":\"EntryPoint\",\"urlTemplate\":\"https:\/\/sulin.ee\/en\/?s={search_term_string}\"},\"query-input\":{\"@type\":\"PropertyValueSpecification\",\"valueRequired\":true,\"valueName\":\"search_term_string\"}}],\"inLanguage\":\"en-US\"},{\"@type\":\"Organization\",\"@id\":\"https:\/\/sulin.ee\/en\/#organization\",\"name\":\"SULIN TRADE O\u00dc\",\"url\":\"https:\/\/sulin.ee\/en\/\",\"logo\":{\"@type\":\"ImageObject\",\"inLanguage\":\"en-US\",\"@id\":\"https:\/\/sulin.ee\/en\/#\/schema\/logo\/image\/\",\"url\":\"https:\/\/sulin.ee\/wp-content\/uploads\/2022\/11\/sulin-logo.png\",\"contentUrl\":\"https:\/\/sulin.ee\/wp-content\/uploads\/2022\/11\/sulin-logo.png\",\"width\":871,\"height\":321,\"caption\":\"SULIN TRADE O\u00dc\"},\"image\":{\"@id\":\"https:\/\/sulin.ee\/en\/#\/schema\/logo\/image\/\"},\"sameAs\":[\"https:\/\/www.facebook.com\/www.sulin.ee\/\",\"https:\/\/www.instagram.com\/sulintrade\/\"]}]}<\/script>\n<!-- \/ Yoast SEO plugin. -->","yoast_head_json":{"title":"Puidust ladumism\u00e4ng \"Vikerkaar\" - sulin.ee","description":"Puidust ladumism\u00e4ng \"Vikerkaar\" \u2013 kaasahaarav ja hariv lauam\u00e4ng, mis arendab laste loogikat ja motoorseid oskusi. Pakub harivat l\u00f5bu.","robots":{"index":"index","follow":"follow","max-snippet":"max-snippet:-1","max-image-preview":"max-image-preview:large","max-video-preview":"max-video-preview:-1"},"canonical":"https:\/\/sulin.ee\/en\/toode\/puidust-ladumismang-vikerkaar\/","og_locale":"en_US","og_type":"article","og_title":"Puidust ladumism\u00e4ng \"Vikerkaar\" - sulin.ee","og_description":"Puidust ladumism\u00e4ng \"Vikerkaar\" \u2013 kaasahaarav ja hariv lauam\u00e4ng, mis arendab laste loogikat ja motoorseid oskusi. Pakub harivat l\u00f5bu.","og_url":"https:\/\/sulin.ee\/en\/toode\/puidust-ladumismang-vikerkaar\/","og_site_name":"sulin.ee","article_publisher":"https:\/\/www.facebook.com\/www.sulin.ee\/","article_modified_time":"2026-02-08T19:35:35+00:00","og_image":[{"width":1600,"height":1200,"url":"https:\/\/sulin.ee\/wp-content\/uploads\/2025\/02\/Piramida-drewniana-z-podstawa-wieza-sorter-teczowa-926321.jpg","type":"image\/jpeg"}],"twitter_card":"summary_large_image","twitter_misc":{"Est. reading time":"2 minutes"},"schema":{"@context":"https:\/\/schema.org","@graph":[{"@type":"WebPage","@id":"https:\/\/sulin.ee\/en\/toode\/puidust-ladumismang-vikerkaar\/","url":"https:\/\/sulin.ee\/en\/toode\/puidust-ladumismang-vikerkaar\/","name":"Puidust ladumism\u00e4ng \"Vikerkaar\" - sulin.ee","isPartOf":{"@id":"https:\/\/sulin.ee\/en\/#website"},"primaryImageOfPage":{"@id":"https:\/\/sulin.ee\/en\/toode\/puidust-ladumismang-vikerkaar\/#primaryimage"},"image":{"@id":"https:\/\/sulin.ee\/en\/toode\/puidust-ladumismang-vikerkaar\/#primaryimage"},"thumbnailUrl":"https:\/\/sulin.ee\/wp-content\/uploads\/2025\/02\/Piramida-drewniana-z-podstawa-wieza-sorter-teczowa-926321.jpg","datePublished":"2025-03-05T13:13:07+00:00","dateModified":"2026-02-08T19:35:35+00:00","description":"Puidust ladumism\u00e4ng \"Vikerkaar\" \u2013 kaasahaarav ja hariv lauam\u00e4ng, mis arendab laste loogikat ja motoorseid oskusi. Pakub harivat l\u00f5bu.","breadcrumb":{"@id":"https:\/\/sulin.ee\/en\/toode\/puidust-ladumismang-vikerkaar\/#breadcrumb"},"inLanguage":"en-US","potentialAction":[{"@type":"ReadAction","target":["https:\/\/sulin.ee\/en\/toode\/puidust-ladumismang-vikerkaar\/"]}]},{"@type":"ImageObject","inLanguage":"en-US","@id":"https:\/\/sulin.ee\/en\/toode\/puidust-ladumismang-vikerkaar\/#primaryimage","url":"https:\/\/sulin.ee\/wp-content\/uploads\/2025\/02\/Piramida-drewniana-z-podstawa-wieza-sorter-teczowa-926321.jpg","contentUrl":"https:\/\/sulin.ee\/wp-content\/uploads\/2025\/02\/Piramida-drewniana-z-podstawa-wieza-sorter-teczowa-926321.jpg","width":1600,"height":1200,"caption":"Puidust ladumism\u00e4ng \"Vikerkaar\""},{"@type":"BreadcrumbList","@id":"https:\/\/sulin.ee\/en\/toode\/puidust-ladumismang-vikerkaar\/#breadcrumb","itemListElement":[{"@type":"ListItem","position":1,"name":"Home","item":"https:\/\/sulin.ee\/en\/"},{"@type":"ListItem","position":2,"name":"Sulin.ee e-pood","item":"https:\/\/sulin.ee\/shop\/"},{"@type":"ListItem","position":3,"name":"Puidust ladumism\u00e4ng &#8220;Vikerkaar&#8221;"}]},{"@type":"WebSite","@id":"https:\/\/sulin.ee\/en\/#website","url":"https:\/\/sulin.ee\/en\/","name":"sulin.ee","description":"","publisher":{"@id":"https:\/\/sulin.ee\/en\/#organization"},"potentialAction":[{"@type":"SearchAction","target":{"@type":"EntryPoint","urlTemplate":"https:\/\/sulin.ee\/en\/?s={search_term_string}"},"query-input":{"@type":"PropertyValueSpecification","valueRequired":true,"valueName":"search_term_string"}}],"inLanguage":"en-US"},{"@type":"Organization","@id":"https:\/\/sulin.ee\/en\/#organization","name":"SULIN TRADE O\u00dc","url":"https:\/\/sulin.ee\/en\/","logo":{"@type":"ImageObject","inLanguage":"en-US","@id":"https:\/\/sulin.ee\/en\/#\/schema\/logo\/image\/","url":"https:\/\/sulin.ee\/wp-content\/uploads\/2022\/11\/sulin-logo.png","contentUrl":"https:\/\/sulin.ee\/wp-content\/uploads\/2022\/11\/sulin-logo.png","width":871,"height":321,"caption":"SULIN TRADE O\u00dc"},"image":{"@id":"https:\/\/sulin.ee\/en\/#\/schema\/logo\/image\/"},"sameAs":["https:\/\/www.facebook.com\/www.sulin.ee\/","https:\/\/www.instagram.com\/sulintrade\/"]}]}},"builder_content":"","_links":{"self":[{"href":"https:\/\/sulin.ee\/en\/wp-json\/wp\/v2\/product\/39649","targetHints":{"allow":["GET"]}}],"collection":[{"href":"https:\/\/sulin.ee\/en\/wp-json\/wp\/v2\/product"}],"about":[{"href":"https:\/\/sulin.ee\/en\/wp-json\/wp\/v2\/types\/product"}],"replies":[{"embeddable":true,"href":"https:\/\/sulin.ee\/en\/wp-json\/wp\/v2\/comments?post=39649"}],"wp:featuredmedia":[{"embeddable":true,"href":"https:\/\/sulin.ee\/en\/wp-json\/wp\/v2\/media\/39647"}],"wp:attachment":[{"href":"https:\/\/sulin.ee\/en\/wp-json\/wp\/v2\/media?parent=39649"}],"wp:term":[{"taxonomy":"product_brand","embeddable":true,"href":"https:\/\/sulin.ee\/en\/wp-json\/wp\/v2\/product_brand?post=39649"},{"taxonomy":"product_cat","embeddable":true,"href":"https:\/\/sulin.ee\/en\/wp-json\/wp\/v2\/product_cat?post=39649"},{"taxonomy":"product_tag","embeddable":true,"href":"https:\/\/sulin.ee\/en\/wp-json\/wp\/v2\/product_tag?post=39649"}],"curies":[{"name":"wp","href":"https:\/\/api.w.org\/{rel}","templated":true}]}}